{"id":201986,"date":"2021-04-01T15:11:15","date_gmt":"2021-04-01T12:11:15","guid":{"rendered":"http:\/\/www.etoro.com\/?page_id=201986"},"modified":"2025-11-12T15:11:15","modified_gmt":"2025-11-12T13:11:15","slug":"how-to-buy-bitcoin-with-credit-card","status":"publish","type":"page","link":"https:\/\/www.etoro.com\/fr\/crypto\/how-to-buy-bitcoin-with-credit-card\/","title":{"rendered":"Acheter du Bitcoin par carte bancaire"},"content":{"rendered":"\n<p class=\"is-style-summary\">Sur eToro, vous pouvez acheter du Bitcoin avec une carte de cr\u00e9dit ou de d\u00e9bit, en suivant les \u00e9tapes n\u00e9cessaires pour garantir une transaction s\u00e9curis\u00e9e et conforme. Ce processus vous permet d&#8217;acqu\u00e9rir cette crypto-monnaie populaire tout en respectant les exigences de la plateforme.<\/p>\n\n\n\n<hr class=\"wp-block-separator wp-block-separator-color-dark-grey wp-block-separator-spaces-medium wp-block-separator-weight-1\"\/>\n\n\n\n<p>Le bitcoin est la monnaie la plus attractive et populaire au monde. De nombreux investisseurs s&#8217;y int\u00e9ressent pour \u00e9toffer leur <strong><e-tip data-tooltip=\"Ensemble des actifs financiers d\u00e9tenus par un investisseur, pour lesquels des positions (expositions) sont ouvertes.\">portefeuille d&#8217;investissement<\/e-tip><\/strong>. Si vous souhaitez acqu\u00e9rir du bitcoin, cet article vous explique en d\u00e9tail <strong>comment proc\u00e9der sur eToro<\/strong>, par carte bancaire ou via d&#8217;autres moyens de paiement.<\/p>\n\n\n\n<figure class=\"wp-block-image size-full\"><img loading=\"lazy\" decoding=\"async\" width=\"756\" height=\"400\" src=\"https:\/\/www.etoro.com\/wp-content\/uploads\/2025\/01\/How-to-buy-bitcoin-with-a-debit-or-credit-card-Body-Image-1_-Step-by-step-guide-to-how-to-buy-bitcoin-with-a-debit-or-credit-card.png\" alt=\"\" class=\"wp-image-999663 wp-image-desktop\" srcset=\"https:\/\/www.etoro.com\/wp-content\/uploads\/2025\/01\/How-to-buy-bitcoin-with-a-debit-or-credit-card-Body-Image-1_-Step-by-step-guide-to-how-to-buy-bitcoin-with-a-debit-or-credit-card.png 756w, https:\/\/www.etoro.com\/wp-content\/uploads\/2025\/01\/How-to-buy-bitcoin-with-a-debit-or-credit-card-Body-Image-1_-Step-by-step-guide-to-how-to-buy-bitcoin-with-a-debit-or-credit-card-300x159.png 300w\" sizes=\"(max-width: 756px) 100vw, 756px\" \/><\/figure>\n\n\n\n<h2 class=\"wp-block-heading\">Guide pour acheter du bitcoin pas \u00e0 pas par carte bancaire<\/h2>\n\n\n\n<p><strong>Pour acheter du Bitcoin par carte bancaire<\/strong>, commencez par cr\u00e9er un compte et associer votre carte. Apr\u00e8s avoir transf\u00e9r\u00e9 les fonds et effectu\u00e9 la v\u00e9rification d&#8217;identit\u00e9, vous pourrez acc\u00e9der \u00e0 la page du Bitcoin et finaliser l&#8217;achat. Voici comment proc\u00e9der :<\/p>\n\n\n\n<ol class=\"wp-block-list wp-block-list\">\n<li><strong>Inscrivez-vous sur eToro<\/strong> pour cr\u00e9er votre compte. Renseignez toutes les informations n\u00e9cessaires et authentifiez-vous avant de pouvoir explorer les march\u00e9s et commencer \u00e0 construire votre portefeuille.<\/li>\n\n\n\n<li><strong>Associez votre carte de d\u00e9bit ou de cr\u00e9dit \u00e0 votre compte<\/strong> et transf\u00e9rez les fonds que vous souhaitez investir. Un processus de v\u00e9rification d&#8217;identit\u00e9 obligatoire suivra cette \u00e9tape.<\/li>\n\n\n\n<li>Rendez-vous sur la page consacr\u00e9e au bitcoin et achetez la valeur ou la quantit\u00e9 de bitcoin que vous souhaitez int\u00e9grer \u00e0 votre portefeuille <strong>en cliquant sur le bouton \u00abAchetez du bitcoin \u00bb<\/strong>.<\/li>\n<\/ol>\n\n\n\n<div class=\"wp-block-etoro-tip wp-block-etoro-tip-border-yellow\"><span class=\"wp-block-etoro-tip-icon\"><\/span><div class=\"wp-block-etoro-tip-text\">\n<p><strong>Conseil : <\/strong>Sur eToro, vous pouvez tout \u00e0 fait acheter une fraction de bitcoin seulement, sa valeur unitaire pour un BTC \u00e9tant aujourd&#8217;hui extr\u00eamement \u00e9lev\u00e9e.<\/p>\n<\/div><\/div>\n\n\n\n<h2 class=\"wp-block-heading\">Avantages d&#8217;acheter du bitcoin avec une carte de d\u00e9bit sur eToro<\/h2>\n\n\n\n<p>Acheter du bitcoin avec une carte de d\u00e9bit<strong> offre plusieurs avantages<\/strong> : une acquisition rapide sans d\u00e9lai, des transactions s\u00e9curis\u00e9es et sans frais pour l\u2019utilisation de la carte bancaire sur eToro. Ces \u00e9l\u00e9ments facilitent l&#8217;achat de bitcoin ainsi que d&#8217;autres actifs financiers :<\/p>\n\n\n\n<ul class=\"wp-block-list wp-block-list wp-block-list-circle\">\n<li><strong>Facilit\u00e9 et rapidit\u00e9 d&#8217;achat<\/strong> <strong>:<\/strong> acheter du bitcoin sur eToro est possible en quelques clics seulement, de la m\u00eame fa\u00e7on que vous effectuez vos achats en ligne sur internet. Il n&#8217;y a aucun d\u00e9lai entre le moment d&#8217;achat et l&#8217;ouverture de votre <e-tip data-tooltip=\"Investissement sur les march\u00e9s, ou exposition, d\u00e9tenue par un trader.\">position<\/e-tip>.<\/li>\n\n\n\n<li><strong>Aucune transaction en esp\u00e8ce<\/strong> n&#8217;est requise. Vous n&#8217;avez besoin que d&#8217;un ordinateur, une tablette ou un mobile connect\u00e9 \u00e0 internet, \u00e0 tout moment et n&#8217;importe o\u00f9.<\/li>\n\n\n\n<li><strong>S\u00e9curit\u00e9 de transaction<\/strong> <strong>:<\/strong> eToro est une plateforme s\u00e9curis\u00e9e qui permet une connection fiable et rapide \u00e0 votre organisme bancaire pour acqu\u00e9rir du bitcoin ainsi que d&#8217;autres actifs financiers (actions, <e-tip data-tooltip=\"investissement financier qui consiste \u00e0 pr\u00eater de l\u2019argent \u00e0 une entreprise ou \u00e0 un \u00e9tat, contre des int\u00e9r\u00eats\">obligations<\/e-tip>, mati\u00e8res premi\u00e8res&#8230;).<\/li>\n\n\n\n<li><strong>Aucun frais <\/strong>ne vous est factur\u00e9 par eToro lorsque vous d\u00e9posez et utilisez des fonds via cette m\u00e9thode de paiement par carte bancaire.<\/li>\n<\/ul>\n\n\n\n<figure class=\"wp-block-image size-full\"><img loading=\"lazy\" decoding=\"async\" width=\"756\" height=\"400\" src=\"https:\/\/www.etoro.com\/wp-content\/uploads\/2025\/01\/How-to-buy-bitcoin-with-a-debit-or-credit-card-Body-Image-2_-Where-is-the-Bitcoin-stored-in-eToro_.png\" alt=\"\" class=\"wp-image-999684 wp-image-desktop\" srcset=\"https:\/\/www.etoro.com\/wp-content\/uploads\/2025\/01\/How-to-buy-bitcoin-with-a-debit-or-credit-card-Body-Image-2_-Where-is-the-Bitcoin-stored-in-eToro_.png 756w, https:\/\/www.etoro.com\/wp-content\/uploads\/2025\/01\/How-to-buy-bitcoin-with-a-debit-or-credit-card-Body-Image-2_-Where-is-the-Bitcoin-stored-in-eToro_-300x159.png 300w\" sizes=\"(max-width: 756px) 100vw, 756px\" \/><\/figure>\n\n\n\n<h2 class=\"wp-block-heading\">O\u00f9 est stock\u00e9 le bitcoin sur eToro ?<\/h2>\n\n\n\n<p>Sur eToro, vous pouvez choisir <strong>entre deux options pour stocker vos bitcoins<\/strong> : utiliser le Wallet eToro pour une gestion autonome et s\u00e9curis\u00e9e ou conserver vos actifs directement sur la plateforme eToro, o\u00f9 vos cl\u00e9s priv\u00e9es sont gard\u00e9es en s\u00e9curit\u00e9.<\/p>\n\n\n\n<h3 class=\"wp-block-heading\">Le Wallet eToro<\/h3>\n\n\n\n<p>Le portefeuille crypto eToro Wallet est facile \u00e0 utiliser et gratuit. Il offre<strong> une flexibilit\u00e9 maximale et une grande compatibilit\u00e9<\/strong> avec d&#8217;autres services cryptos. Le Wallet eToro accepte plus de 120 crypto-monnaies diff\u00e9rentes et peut faciliter l&#8217;\u00e9change de plus de 500 paires de devises directement depuis le portefeuille.<\/p>\n\n\n\n<p>Le Wallet eToro dispose <strong>de fonctionnalit\u00e9s de s\u00e9curit\u00e9 tr\u00e8s \u00e9lev\u00e9es<\/strong>, comme une cl\u00e9 d&#8217;entr\u00e9e inviolable, ce qui le rend tr\u00e8s <a href=\"https:\/\/help.etoro.com\/s\/article\/what-are-the-advantages-of-the-etoro-money-crypto-wallet?language=fr\">avantageux<\/a>. Disponible en tant qu&#8217;application mobile pour iOS et Android, il n&#8217;est cependant pas accessible en France pour des raisons r\u00e9glementaires.<\/p>\n\n\n\n<h3 class=\"wp-block-heading\">La plateforme eToro<\/h3>\n\n\n\n<p>La plateforme eToro <strong>permet un acc\u00e8s ais\u00e9 \u00e0 vos bitcoins<\/strong> ou autres devises. Lorsque vous achetez des cryptomonnaies, la preuve de votre achat repose sur <a href=\"https:\/\/cryptoast.fr\/cles-privees-cles-publiques-et-adresses-dans-bitcoin\/\" target=\"_blank\" rel=\"noreferrer noopener\">une cl\u00e9 priv\u00e9e et une cl\u00e9 publique<\/a>. Sur eToro, vos cl\u00e9s sont conserv\u00e9es de fa\u00e7on s\u00e9curis\u00e9e tant que vous souhaitez conserver vos actifs sur la plateforme.<\/p>\n\n\n\n<div class=\"wp-block-etoro-tip wp-block-etoro-tip-border-yellow\"><span class=\"wp-block-etoro-tip-icon\"><\/span><div class=\"wp-block-etoro-tip-text\">\n<p><strong>Conseil : <\/strong>Apr\u00e8s avoir transf\u00e9r\u00e9 la crypto-monnaie hors de la plateforme eToro (sur un <a href=\"https:\/\/www.etoro.com\/fr\/crypto\/wallet-guide\/\">portefeuille\/wallet<\/a> externe par exemple), vous ne pourrez pas la transf\u00e9rer de nouveau. Au lieu de cela, vous devrez acheter plus de cryptos et les conserver directement sur la plateforme.<\/p>\n<\/div><\/div>\n\n\n\n<h3 class=\"wp-block-heading\">Autres moyens de paiement pour acqu\u00e9rir du bitcoin sur eToro<\/h3>\n\n\n\n<p>Si vous ne souhaitez pas acheter du bitcoin avec votre carte bancaire sur eToro, d&#8217;<a href=\"https:\/\/www.etoro.com\/fr\/crypto\/how-to-buy-bitcoin-with-paypal\/\">autres m\u00e9thodes de paiement<\/a> sont disponibles. <strong>La plateforme accepte divers moyens de paiement<\/strong>, mais ceux-ci peuvent entra\u00eener des frais et d\u00e9lais diff\u00e9rents. V\u00e9rifiez les d\u00e9tails avant de proc\u00e9der.<\/p>\n\n\n\n<p>Pour en savoir plus sur le syst\u00e8me de d\u00e9p\u00f4t et de retrait, la meilleure fa\u00e7on de s\u2019y prendre est d\u2019<strong>ouvrir un <\/strong><a href=\"https:\/\/www.etoro.com\/fr\/trading\/demo-account\/\"><strong>compte d\u00e9mo<\/strong><\/a><strong> ou un compte r\u00e9gulier sur eToro.<\/strong> Vous pourrez ensuite voir les diff\u00e9rentes m\u00e9thodes de paiement disponibles et essayer de faire un d\u00e9p\u00f4t par vous-m\u00eame.<\/p>\n\n\n\n<figure class=\"wp-block-image size-full\"><img loading=\"lazy\" decoding=\"async\" width=\"756\" height=\"400\" src=\"https:\/\/www.etoro.com\/wp-content\/uploads\/2025\/01\/How-to-buy-bitcoin-with-a-debit-or-credit-card-Body-Image-3_-Other-payment-methods-to-buy-Bitcoin-with-eToro.png\" alt=\"\" class=\"wp-image-999705 wp-image-desktop\" srcset=\"https:\/\/www.etoro.com\/wp-content\/uploads\/2025\/01\/How-to-buy-bitcoin-with-a-debit-or-credit-card-Body-Image-3_-Other-payment-methods-to-buy-Bitcoin-with-eToro.png 756w, https:\/\/www.etoro.com\/wp-content\/uploads\/2025\/01\/How-to-buy-bitcoin-with-a-debit-or-credit-card-Body-Image-3_-Other-payment-methods-to-buy-Bitcoin-with-eToro-300x159.png 300w\" sizes=\"(max-width: 756px) 100vw, 756px\" \/><\/figure>\n\n\n\n<h2 class=\"wp-block-heading\">En r\u00e9sum\u00e9<\/h2>\n\n\n\n<p><strong>Informez-vous sur Bitcoin et sa crypto-monnaie avant d\u2019investir<\/strong>, en consultant les articles disponibles sur la plateforme. Diversifiez votre portefeuille avec plus de 100 <a href=\"https:\/\/www.etoro.com\/fr\/crypto\/\">crypto-actifs<\/a> et explorez d&#8217;autres classes d&#8217;actifs, comme les actions, obligations, mati\u00e8res premi\u00e8res, <e-tip data-tooltip=\"(Exchange Traded Funds) Fonds n\u00e9goci\u00e9 en bourse regroupant des actifs pour r\u00e9pliquer leurs performances.\">ETF<\/e-tip> et indices.<\/p>\n\n\n\n<p>Pour en apprendre plus sur l&#8217;investissement dans le bitcoin et les autres crypto-actifs, rendez-vous sur <a href=\"https:\/\/www.etoro.com\/fr\/academy\/\">l&#8217;Acad\u00e9mie eToro<\/a>.<\/p>\n\n\n\n<h2 class=\"wp-block-heading\">Foire aux questions<\/h2>\n\n\n\n<dl class=\"wp-block-etoro-faq\">\n<div class=\"wp-block-etoro-faq-item\"><dt class=\"wp-block-etoro-faq-item-question\">Comment suivre le cours du bitcoin en temps r\u00e9el ?<\/dt><dd class=\"wp-block-etoro-faq-item-answer\">\n<p>Sur eToro, retrouvez le cours du bitcoin en temps r\u00e9el ainsi que toutes les informations et <a href=\"https:\/\/www.etoro.com\/fr\/markets\/btc#news\">actualit\u00e9s<\/a> essentielles sur la page d\u00e9di\u00e9e \u00e0 la cryptomonnaie. Vous pourrez \u00e9galement avoir un aper\u00e7u des tendances cryptos, et les actifs les plus \u00e9chang\u00e9s sur les derni\u00e8res 24h.<\/p>\n<\/dd><\/div>\n\n\n\n<div class=\"wp-block-etoro-faq-item\"><dt class=\"wp-block-etoro-faq-item-question\">Quelles sont les autres crypto-monnaies les plus populaires ?<\/dt><dd class=\"wp-block-etoro-faq-item-answer\">\n<p><a href=\"https:\/\/www.etoro.com\/fr\/markets\/eth\">Ethereum<\/a>, XRP, Dogecoin, Solana, BNB, ou encore Tron font partie des crypto-actifs les plus populaires aupr\u00e8s des investisseurs. Sur eToro, diff\u00e9rents guides sont disponibles pour vous expliquer comment fonctionnent ces crypto-monnaies et comment les acqu\u00e9rir directement depuis la plateforme.<\/p>\n<\/dd><\/div>\n\n\n\n<div class=\"wp-block-etoro-faq-item\"><dt class=\"wp-block-etoro-faq-item-question\">Quels sont les risques associ\u00e9s \u00e0 l&#8217;investissement dans le bitcoin ?<\/dt><dd class=\"wp-block-etoro-faq-item-answer\">\n<p>Le <a href=\"https:\/\/www.etoro.com\/fr\/discover\/markets\/cryptocurrencies\">march\u00e9 des cryptomonnaies<\/a> est connu pour \u00eatre tr\u00e8s volatil. Le bitcoin ne fait pas exception, le cours de la cryptomonnaie enregistre depuis plusieurs ann\u00e9es des extr\u00eames impressionnants. Acheter au bon moment peut g\u00e9n\u00e9rer des rendements, mais il existe toujours le risque que le cours chute drastiquement et que vous soyez oblig\u00e9 de cl\u00f4turer votre position avant d&#8217;essuyer trop de pertes.<\/p>\n<\/dd><\/div>\n<\/dl>\n\n\n\n\t\t<style>\n\t\t\t.rtl .etoro-block-shortcode-disclaimer {\n\t\t\t\ttext-align:right;\n\t\t\t}\n\t\t\t.etoro-block-shortcode-disclaimer {\n\t\t\t\tmargin-bottom:18px;\n\t\t\t\ttext-align:left;\n\t\t\t}\n\t\t\t.etoro-block-shortcode-disclaimer p{\n\t\t\t\tfont-size: 12px;\n\t\t\t\tline-height: 18px;\n\t\t\t}\n\t\t\t@media (min-width: 768px) {\n\t\t\t\t.etoro-block-shortcode-disclaimer {\n\t\t\t\t\tmax-width:1176px;\n\t\t\t\t\ttext-align:center;\n\t\t\t\t}\n\t\t\t\t.etoro-block-shortcode-disclaimer p {\n\t\t\t\t\tfont-size: 14px;\n\t\t\t\t\tline-height: 20px;\n\t\t\t\t}\n\t\t\t}\n\t\t<\/style>\n\t\t<div class='etoro-block-shortcode-disclaimer'><p>Ces informations sont fournies uniquement \u00e0 des fins \u00e9ducatives et ne doivent pas \u00eatre consid\u00e9r\u00e9es comme un conseil en investissement, une recommandation personnelle ou une offre ou sollicitation d\u2019achat ou de vente d\u2019instruments financiers.<\/p>\n<p>Ce contenu a \u00e9t\u00e9 pr\u00e9par\u00e9 sans tenir compte des objectifs d\u2019investissement ou de la situation financi\u00e8re de son destinataire, et n\u2019a pas \u00e9t\u00e9 pr\u00e9par\u00e9 conform\u00e9ment aux exigences l\u00e9gales et r\u00e9glementaires visant \u00e0 promouvoir la recherche ind\u00e9pendante.<\/p>\n<p><strong>Tous les instruments financiers et services mentionn\u00e9s ne sont pas offerts par eToro<\/strong> et toute r\u00e9f\u00e9rence \u00e0 la performance pass\u00e9e ou future d\u2019un instrument financier, d\u2019un indice ou d\u2019un produit d\u2019investissement propos\u00e9 ne constitue pas et ne doit pas \u00eatre consid\u00e9r\u00e9e comme un indicateur fiable des r\u00e9sultats futurs. <strong>La disponibilit\u00e9 de tous les produits et services mentionn\u00e9s ci-dessus peut varier en fonction de la juridiction et du pays.<\/strong><\/p>\n<p>eToro ne fait aucune d\u00e9claration et n\u2019assume aucune responsabilit\u00e9 quant \u00e0 l\u2019exactitude ou l\u2019exhaustivit\u00e9 du contenu de ce guide. Il est de votre responsabilit\u00e9 de comprendre les risques li\u00e9s au trading et \u00e0 la sp\u00e9culation avant d\u2019engager votre capital. Ne risquez jamais plus que ce que vous \u00eates dispos\u00e9 \u00e0 perdre.<\/p>\n<\/div>\n","protected":false},"excerpt":{"rendered":"<p>Sur eToro, vous pouvez acheter du Bitcoin avec une carte de cr\u00e9dit ou de d\u00e9bit, en suivant les \u00e9tapes n\u00e9cessaires pour garantir une transaction s\u00e9curis\u00e9e et conforme. Ce processus vous permet d&#8217;acqu\u00e9rir cette crypto-monnaie populaire tout en respectant les exigences de la plateforme. Le bitcoin est la monnaie la plus attractive et populaire au monde.&hellip;<\/p>\n","protected":false},"author":33,"featured_media":1019172,"parent":127789,"menu_order":322,"comment_status":"closed","ping_status":"closed","template":"","meta":{"_acf_changed":true,"inline_featured_image":false,"sticky_cta_settings":"","footnotes":""},"asset_type":[6602],"class_list":["post-201986","page","type-page","status-publish","has-post-thumbnail","hentry","asset_type-is-crypto"],"acf":[],"yoast_head":"<title>Acheter du bitcoin avec une carte de cr\u00e9dit ou de d\u00e9bit<\/title>\n<meta name=\"description\" content=\"D\u00e9couvrez dans cet article les \u00e9tapes \u00e0 suivre sur notre plateforme eToro pour acqu\u00e9rir du bitcoin avec une carte de cr\u00e9dit ou de d\u00e9bit.\" \/>\n<meta name=\"robots\" content=\"index, follow, max-snippet:-1, max-image-preview:large, max-video-preview:-1\" \/>\n<link rel=\"canonical\" href=\"https:\/\/www.etoro.com\/fr\/wp-json\/wp\/v2\/pages\/201986\" \/>\n<meta property=\"og:locale\" content=\"fr_FR\" \/>\n<meta property=\"og:type\" content=\"article\" \/>\n<meta property=\"og:title\" content=\"Acheter du bitcoin avec une carte de cr\u00e9dit ou de d\u00e9bit\" \/>\n<meta property=\"og:description\" content=\"D\u00e9couvrez dans cet article les \u00e9tapes \u00e0 suivre sur notre plateforme eToro pour acqu\u00e9rir du bitcoin avec une carte de cr\u00e9dit ou de d\u00e9bit.\" \/>\n<meta property=\"og:url\" content=\"https:\/\/www.etoro.com\/fr\/wp-json\/wp\/v2\/pages\/201986\" \/>\n<meta property=\"og:site_name\" content=\"eToro\" \/>\n<meta property=\"article:publisher\" content=\"https:\/\/www.facebook.com\/eToro\/\" \/>\n<meta property=\"article:modified_time\" content=\"2025-11-12T13:11:15+00:00\" \/>\n<meta property=\"og:image\" content=\"https:\/\/www.etoro.com\/wp-content\/uploads\/2025\/02\/FR-How-to-buy-bitcoin-with-a-debit-or-credit-card-1200x630-1.png\" \/>\n\t<meta property=\"og:image:width\" content=\"1200\" \/>\n\t<meta property=\"og:image:height\" content=\"630\" \/>\n\t<meta property=\"og:image:type\" content=\"image\/png\" \/>\n<meta name=\"twitter:card\" content=\"summary_large_image\" \/>\n<meta name=\"twitter:site\" content=\"@eToro\" \/>\n<meta name=\"twitter:label1\" content=\"Est. reading time\" \/>\n\t<meta name=\"twitter:data1\" content=\"4 minutes\" \/>\n<script type=\"application\/ld+json\" class=\"yoast-schema-graph\">{\"@context\":\"https:\/\/schema.org\",\"@graph\":[{\"@type\":\"WebPage\",\"@id\":\"https:\/\/www.etoro.com\/fr\/crypto\/how-to-buy-bitcoin-with-credit-card\/\",\"url\":\"https:\/\/www.etoro.com\/fr\/crypto\/how-to-buy-bitcoin-with-credit-card\/\",\"name\":\"Acheter du bitcoin avec une carte de cr\u00e9dit ou de d\u00e9bit\",\"isPartOf\":{\"@id\":\"https:\/\/www.etoro.com\/fr\/#website\"},\"primaryImageOfPage\":{\"@id\":\"https:\/\/www.etoro.com\/fr\/crypto\/how-to-buy-bitcoin-with-credit-card\/#primaryimage\"},\"image\":{\"@id\":\"https:\/\/www.etoro.com\/fr\/crypto\/how-to-buy-bitcoin-with-credit-card\/#primaryimage\"},\"thumbnailUrl\":\"https:\/\/www.etoro.com\/wp-content\/uploads\/2025\/02\/FR-How-to-buy-bitcoin-with-a-debit-or-credit-card-1200x630-1.png\",\"datePublished\":\"2021-04-01T12:11:15+00:00\",\"dateModified\":\"2025-11-12T13:11:15+00:00\",\"description\":\"D\u00e9couvrez dans cet article les \u00e9tapes \u00e0 suivre sur notre plateforme eToro pour acqu\u00e9rir du bitcoin avec une carte de cr\u00e9dit ou de d\u00e9bit.\",\"breadcrumb\":{\"@id\":\"https:\/\/www.etoro.com\/fr\/crypto\/how-to-buy-bitcoin-with-credit-card\/#breadcrumb\"},\"inLanguage\":\"fr\",\"potentialAction\":[{\"@type\":\"ReadAction\",\"target\":[\"https:\/\/www.etoro.com\/fr\/crypto\/how-to-buy-bitcoin-with-credit-card\/\"]}]},{\"@type\":\"ImageObject\",\"inLanguage\":\"fr\",\"@id\":\"https:\/\/www.etoro.com\/fr\/crypto\/how-to-buy-bitcoin-with-credit-card\/#primaryimage\",\"url\":\"https:\/\/www.etoro.com\/wp-content\/uploads\/2025\/02\/FR-How-to-buy-bitcoin-with-a-debit-or-credit-card-1200x630-1.png\",\"contentUrl\":\"https:\/\/www.etoro.com\/wp-content\/uploads\/2025\/02\/FR-How-to-buy-bitcoin-with-a-debit-or-credit-card-1200x630-1.png\",\"width\":1200,\"height\":630},{\"@type\":\"BreadcrumbList\",\"@id\":\"https:\/\/www.etoro.com\/fr\/crypto\/how-to-buy-bitcoin-with-credit-card\/#breadcrumb\",\"itemListElement\":[{\"@type\":\"ListItem\",\"position\":1,\"name\":\"Accueil\",\"item\":\"https:\/\/www.etoro.com\/fr\/\"},{\"@type\":\"ListItem\",\"position\":2,\"name\":\"One-stop crypto\",\"item\":\"https:\/\/www.etoro.com\/fr\/crypto\/\"},{\"@type\":\"ListItem\",\"position\":3,\"name\":\"Acheter du Bitcoin par carte bancaire\"}]},{\"@type\":\"WebSite\",\"@id\":\"https:\/\/www.etoro.com\/fr\/#website\",\"url\":\"https:\/\/www.etoro.com\/fr\/\",\"name\":\"eToro\",\"description\":\"\",\"publisher\":{\"@id\":\"https:\/\/www.etoro.com\/fr\/#organization\"},\"potentialAction\":[{\"@type\":\"SearchAction\",\"target\":{\"@type\":\"EntryPoint\",\"urlTemplate\":\"https:\/\/www.etoro.com\/fr\/?s={search_term_string}\"},\"query-input\":{\"@type\":\"PropertyValueSpecification\",\"valueRequired\":true,\"valueName\":\"search_term_string\"}}],\"inLanguage\":\"fr\"},[]]}<\/script>","yoast_head_json":{"title":"Acheter du bitcoin avec une carte de cr\u00e9dit ou de d\u00e9bit","description":"D\u00e9couvrez dans cet article les \u00e9tapes \u00e0 suivre sur notre plateforme eToro pour acqu\u00e9rir du bitcoin avec une carte de cr\u00e9dit ou de d\u00e9bit.","robots":{"index":"index","follow":"follow","max-snippet":"max-snippet:-1","max-image-preview":"max-image-preview:large","max-video-preview":"max-video-preview:-1"},"canonical":"https:\/\/www.etoro.com\/fr\/wp-json\/wp\/v2\/pages\/201986","og_locale":"fr_FR","og_type":"article","og_title":"Acheter du bitcoin avec une carte de cr\u00e9dit ou de d\u00e9bit","og_description":"D\u00e9couvrez dans cet article les \u00e9tapes \u00e0 suivre sur notre plateforme eToro pour acqu\u00e9rir du bitcoin avec une carte de cr\u00e9dit ou de d\u00e9bit.","og_url":"https:\/\/www.etoro.com\/fr\/wp-json\/wp\/v2\/pages\/201986","og_site_name":"eToro","article_publisher":"https:\/\/www.facebook.com\/eToro\/","article_modified_time":"2025-11-12T13:11:15+00:00","og_image":[{"width":1200,"height":630,"url":"https:\/\/www.etoro.com\/wp-content\/uploads\/2025\/02\/FR-How-to-buy-bitcoin-with-a-debit-or-credit-card-1200x630-1.png","type":"image\/png"}],"twitter_card":"summary_large_image","twitter_site":"@eToro","twitter_misc":{"Est. reading time":"4 minutes"},"schema":{"@context":"https:\/\/schema.org","@graph":[{"@type":"WebPage","@id":"https:\/\/www.etoro.com\/fr\/crypto\/how-to-buy-bitcoin-with-credit-card\/","url":"https:\/\/www.etoro.com\/fr\/crypto\/how-to-buy-bitcoin-with-credit-card\/","name":"Acheter du bitcoin avec une carte de cr\u00e9dit ou de d\u00e9bit","isPartOf":{"@id":"https:\/\/www.etoro.com\/fr\/#website"},"primaryImageOfPage":{"@id":"https:\/\/www.etoro.com\/fr\/crypto\/how-to-buy-bitcoin-with-credit-card\/#primaryimage"},"image":{"@id":"https:\/\/www.etoro.com\/fr\/crypto\/how-to-buy-bitcoin-with-credit-card\/#primaryimage"},"thumbnailUrl":"https:\/\/www.etoro.com\/wp-content\/uploads\/2025\/02\/FR-How-to-buy-bitcoin-with-a-debit-or-credit-card-1200x630-1.png","datePublished":"2021-04-01T12:11:15+00:00","dateModified":"2025-11-12T13:11:15+00:00","description":"D\u00e9couvrez dans cet article les \u00e9tapes \u00e0 suivre sur notre plateforme eToro pour acqu\u00e9rir du bitcoin avec une carte de cr\u00e9dit ou de d\u00e9bit.","breadcrumb":{"@id":"https:\/\/www.etoro.com\/fr\/crypto\/how-to-buy-bitcoin-with-credit-card\/#breadcrumb"},"inLanguage":"fr","potentialAction":[{"@type":"ReadAction","target":["https:\/\/www.etoro.com\/fr\/crypto\/how-to-buy-bitcoin-with-credit-card\/"]}]},{"@type":"ImageObject","inLanguage":"fr","@id":"https:\/\/www.etoro.com\/fr\/crypto\/how-to-buy-bitcoin-with-credit-card\/#primaryimage","url":"https:\/\/www.etoro.com\/wp-content\/uploads\/2025\/02\/FR-How-to-buy-bitcoin-with-a-debit-or-credit-card-1200x630-1.png","contentUrl":"https:\/\/www.etoro.com\/wp-content\/uploads\/2025\/02\/FR-How-to-buy-bitcoin-with-a-debit-or-credit-card-1200x630-1.png","width":1200,"height":630},{"@type":"BreadcrumbList","@id":"https:\/\/www.etoro.com\/fr\/crypto\/how-to-buy-bitcoin-with-credit-card\/#breadcrumb","itemListElement":[{"@type":"ListItem","position":1,"name":"Accueil","item":"https:\/\/www.etoro.com\/fr\/"},{"@type":"ListItem","position":2,"name":"One-stop crypto","item":"https:\/\/www.etoro.com\/fr\/crypto\/"},{"@type":"ListItem","position":3,"name":"Acheter du Bitcoin par carte bancaire"}]},{"@type":"WebSite","@id":"https:\/\/www.etoro.com\/fr\/#website","url":"https:\/\/www.etoro.com\/fr\/","name":"eToro","description":"","publisher":{"@id":"https:\/\/www.etoro.com\/fr\/#organization"},"potentialAction":[{"@type":"SearchAction","target":{"@type":"EntryPoint","urlTemplate":"https:\/\/www.etoro.com\/fr\/?s={search_term_string}"},"query-input":{"@type":"PropertyValueSpecification","valueRequired":true,"valueName":"search_term_string"}}],"inLanguage":"fr"},[]]}},"_links":{"self":[{"href":"https:\/\/www.etoro.com\/fr\/wp-json\/wp\/v2\/pages\/201986"}],"collection":[{"href":"https:\/\/www.etoro.com\/fr\/wp-json\/wp\/v2\/pages"}],"about":[{"href":"https:\/\/www.etoro.com\/fr\/wp-json\/wp\/v2\/types\/page"}],"author":[{"embeddable":true,"href":"https:\/\/www.etoro.com\/fr\/wp-json\/wp\/v2\/users\/33"}],"replies":[{"embeddable":true,"href":"https:\/\/www.etoro.com\/fr\/wp-json\/wp\/v2\/comments?post=201986"}],"version-history":[{"count":0,"href":"https:\/\/www.etoro.com\/fr\/wp-json\/wp\/v2\/pages\/201986\/revisions"}],"up":[{"embeddable":true,"href":"https:\/\/www.etoro.com\/fr\/wp-json\/wp\/v2\/pages\/127789"}],"wp:featuredmedia":[{"embeddable":true,"href":"https:\/\/www.etoro.com\/fr\/wp-json\/wp\/v2\/media\/1019172"}],"wp:attachment":[{"href":"https:\/\/www.etoro.com\/fr\/wp-json\/wp\/v2\/media?parent=201986"}],"wp:term":[{"taxonomy":"asset_type","embeddable":true,"href":"https:\/\/www.etoro.com\/fr\/wp-json\/wp\/v2\/asset_type?post=201986"}],"curies":[{"name":"wp","href":"https:\/\/api.w.org\/{rel}","templated":true}]}}