{"id":202327,"date":"2021-04-01T17:34:23","date_gmt":"2021-04-01T14:34:23","guid":{"rendered":"http:\/\/www.etoro.com\/?page_id=202327"},"modified":"2025-12-16T11:42:14","modified_gmt":"2025-12-16T09:42:14","slug":"how-to-buy-bitcoin-with-paypal","status":"publish","type":"page","link":"https:\/\/www.etoro.com\/fr\/crypto\/how-to-buy-bitcoin-with-paypal\/","title":{"rendered":"Comment acheter des bitcoins avec PayPal"},"content":{"rendered":"\n<p class=\"is-style-summary\">La cryptomonnaie Bitcoin (BTC) a pris une ampleur consid\u00e9rable au fil des ann\u00e9es. En janvier 2015, un Bitcoin valait encore 300 dollars. <strong>D\u00e9but 2021, un Bitcoin valait plus de 35 000 dollars<\/strong>. C\u2019est pourquoi de plus en plus d\u2019investisseurs font le choix de miser sur la cryptomonnaie. Bitcoin est \u00e9galement devenu <strong>plus accessible<\/strong> : on peut maintenant acheter du Bitcoin avec PayPal, une carte bancaire ou d\u2019autres moyens de paiements classiques. Dans cet article, nous vous guidons pour votre achat de Bitcoin avec PayPal.<\/p>\n\n\n\n<hr class=\"wp-block-separator wp-block-separator-color-dark-grey wp-block-separator-spaces-medium wp-block-separator-weight-1\"\/>\n\n\n\n<h2 class=\"wp-block-heading\">Avantages et inconv\u00e9nients de l\u2019achat de Bitcoin avec PayPal<\/h2>\n\n\n\n<p>Alors quels sont les avantages et inconv\u00e9nients de PayPal et comment acheter des bitcoins avec PayPal&nbsp; ?&nbsp;<\/p>\n\n\n\n<figure class=\"wp-block-image size-large\"><img loading=\"lazy\" decoding=\"async\" width=\"1024\" height=\"1024\" src=\"https:\/\/www.etoro.com\/wp-content\/uploads\/2025\/11\/image-1-1024x1024.png\" alt=\"\" class=\"wp-image-1175170 wp-image-desktop\" srcset=\"https:\/\/www.etoro.com\/wp-content\/uploads\/2025\/11\/image-1-1024x1024.png 1024w, https:\/\/www.etoro.com\/wp-content\/uploads\/2025\/11\/image-1-300x300.png 300w, https:\/\/www.etoro.com\/wp-content\/uploads\/2025\/11\/image-1-150x150.png 150w, https:\/\/www.etoro.com\/wp-content\/uploads\/2025\/11\/image-1-768x768.png 768w, https:\/\/www.etoro.com\/wp-content\/uploads\/2025\/11\/image-1-1536x1536.png 1536w, https:\/\/www.etoro.com\/wp-content\/uploads\/2025\/11\/image-1.png 1600w\" sizes=\"(max-width: 1024px) 100vw, 1024px\" \/><\/figure>\n\n\n\n<p>Le service de paiement dispose de plusieurs atouts : il est particuli\u00e8rement <strong>rapide<\/strong>, mais aussi <strong>gratuit<\/strong>. Son ergonomie est \u00e9galement appr\u00e9ciable, puisqu\u2019il permet de faire des achats en quelques clics.<\/p>\n\n\n\n<p>Du c\u00f4t\u00e9 des inconv\u00e9nients, on mentionnera le fait qu\u2019il est <strong>possible d\u2019annuler un achat<\/strong>, une flexibilit\u00e9 qui ne convient pas toujours aux amateurs de blockchains. Certains investisseurs craignent \u00e9galement <strong>l\u2019aspect centralis\u00e9 de PayPal<\/strong>.<\/p>\n\n\n\n<figure class=\"wp-block-image\"><img loading=\"lazy\" decoding=\"async\" width=\"756\" height=\"400\" src=\"https:\/\/www.etoro.com\/wp-content\/uploads\/2022\/11\/How-to-buy-bitcoin-with-paypal-Body-Image-1_-The-Benefits-of-Buying-Bitcoin-with-PayPal.png\" alt=\"How to buy bitcoin with paypal Body Image 1_ The Benefits of Buying Bitcoin with PayPal\" class=\"wp-image-527409 wp-image-desktop\" srcset=\"https:\/\/www.etoro.com\/wp-content\/uploads\/2022\/11\/How-to-buy-bitcoin-with-paypal-Body-Image-1_-The-Benefits-of-Buying-Bitcoin-with-PayPal.png 756w, https:\/\/www.etoro.com\/wp-content\/uploads\/2022\/11\/How-to-buy-bitcoin-with-paypal-Body-Image-1_-The-Benefits-of-Buying-Bitcoin-with-PayPal-300x159.png 300w\" sizes=\"(max-width: 756px) 100vw, 756px\" \/><\/figure>\n\n\n\n<h2 class=\"wp-block-heading\">Comment obtenir des Bitcoins avec PayPal sur eToro<\/h2>\n\n\n\n<p>Comment acheter du Bitcoin avec PayPal ?&nbsp;<\/p>\n\n\n\n<figure class=\"wp-block-image size-full\"><img loading=\"lazy\" decoding=\"async\" width=\"512\" height=\"315\" src=\"https:\/\/www.etoro.com\/wp-content\/uploads\/2025\/11\/image-2.png\" alt=\"\" class=\"wp-image-1175196 wp-image-desktop\" srcset=\"https:\/\/www.etoro.com\/wp-content\/uploads\/2025\/11\/image-2.png 512w, https:\/\/www.etoro.com\/wp-content\/uploads\/2025\/11\/image-2-300x185.png 300w\" sizes=\"(max-width: 512px) 100vw, 512px\" \/><\/figure>\n\n\n\n<p>Pour acheter du Bitcoin avec PayPal, vous devrez tout d\u2019abord <strong>cr\u00e9er un compte eToro<\/strong>. Suivez ces \u00e9tapes :<\/p>\n\n\n\n<p>1.<a href=\"https:\/\/www.etoro.com\/fr\/accounts\/sign-up\"> <strong>Inscrivez-vous<\/strong> sur le site d\u2019eToro<\/a> , en renseignant un nom d\u2019utilisateur, votre adresse email ainsi qu\u2019un mot de passe. N\u2019oubliez pas de cocher les cases \u00ab Conditions g\u00e9n\u00e9rales \u00bb et \u00ab Divulgation des risques \u00bb.<\/p>\n\n\n\n<p>2. <strong>Proc\u00e9dez \u00e0 la v\u00e9rification d\u2019identit\u00e9<\/strong> obligatoire pour les plateformes de trading. Pour cela, cliquez sur \u00ab Compl\u00e9ter votre profil \u00bb, puis renseignez votre nom, pr\u00e9nom, adresse, et num\u00e9ro de t\u00e9l\u00e9phone. On vous demandera \u00e9galement des pi\u00e8ces justificatives d\u2019identit\u00e9 et d&#8217;adresse.<\/p>\n\n\n\n<p>3. Vous \u00eates pr\u00eat <strong>\u00e0 acheter du Bitcoin avec PayPal<\/strong> ! Pour votre achat Bitcoin avec PayPal, vous devez cr\u00e9diter votre compte en cliquant sur \u00ab D\u00e9p\u00f4t de fonds \u00bb.<\/p>\n\n\n\n<p>4. Vous serez dirig\u00e9 vers <strong>une page de paiement PayPal<\/strong>, qui vous demandera quel montant vous souhaitez envoyer vers la plateforme de trading eToro. Renseignez le montant et validez.<\/p>\n\n\n\n<p>5. Une fois <strong>votre compte aliment\u00e9<\/strong>, cliquez sur l\u2019onglet \u00abMarch\u00e9s \u00bb, puis \u00ab Crypto \u00bb. Il vous suffit ensuite de cliquer sur \u00ab Bitcoin \u00bb, puis \u00ab Investir \u00bb, et de renseigner le montant souhait\u00e9 avant de valider. Une fois votre trade valid\u00e9, vous aurez achet\u00e9 vos premiers Bitcoin gr\u00e2ce \u00e0 Paypal.<\/p>\n\n\n\n<div class=\"wp-block-buttons is-content-justification-center is-layout-flex wp-container-core-buttons-is-layout-1 wp-block-buttons-is-layout-flex\">\n<a class=\"e-cta e-cta-primary\" href=\"https:\/\/www.etoro.com\/fr\/accounts\/sign-up\">Achetez Bitcoin (BTC) aujourd\u2019hui<\/a>\n<\/div>\n\n\n\n<h2 class=\"wp-block-heading\">Options de stockage pour votre Bitcoin<\/h2>\n\n\n\n<p>Maintenant que vous savez comment acheter du Bitcoin avec PayPal et quevous avez fait <strong>vos premiers transferts<\/strong>,se pose ensuite la question de stocker vos BTC. Il vous faudra pour cela utiliser un portefeuille crypto.<a href=\"https:\/\/www.journaldunet.fr\/patrimoine\/guide-des-finances-personnelles\/1208977-wallet\/\" rel=\"nofollow noopener noreferrer\" > Les crypto-wallets<\/a> permettent de stocker vos BTC de mani\u00e8re s\u00e9curis\u00e9e. Sur eToro, vous pouvez conserver vos bitcoins sur&nbsp; la plateforme en ligne, qui stocke majoritairement les bitcoins hors ligne. Vous pouvez aussi les stocker gr\u00e2ce au portefeuille eToro Wallet, pour plus de flexibilit\u00e9.<\/p>\n\n\n\n<p>Pas besoin d\u2019apprendre <strong>comment cr\u00e9er un portefeuille crypto monnaie<\/strong> : la plateforme de trading eToro peut en soit vous servir de wallet.<\/p>\n\n\n\n<h3 class=\"wp-block-heading\">Transf\u00e9rer du Bitcoin depuis la plateforme de trading eToro<\/h3>\n\n\n\n<p><a href=\"https:\/\/www.etoro.com\/fr\/customer-service\/help\/1307919312\/que-signifie-transf%C3%A9rer-une-pi%C3%A8ce-wallet-etoro\/\">Vous pouvez envoyer vos bitcoins<\/a> depuis la plateforme de trading eToro <strong>vers votre wallet eToro externe<\/strong>. Pour cela, vous devrez ouvrir la fen\u00eatre \u00ab Modification de Trade \u00bb dans le wallet. Sous \u00ab Investir \u00bb vous pourrez disposer de l\u2019option de retrait vers le wallet eToro. Attention, une fois transf\u00e9r\u00e9s, les bitcoins ne sont pas transf\u00e9rables \u00e0 nouveau sur la plateforme eToro.<\/p>\n\n\n\n<div class=\"wp-block-buttons is-content-justification-center is-layout-flex wp-container-core-buttons-is-layout-2 wp-block-buttons-is-layout-flex\">\n<a class=\"e-cta e-cta-primary\" href=\"https:\/\/www.etoro.com\/fr\/accounts\/sign-up\">D\u00e9couvrez le wallet eToro<\/a>\n<\/div>\n\n\n\n<h3 class=\"wp-block-heading\">Recevez du Bitcoin et transf\u00e9rez-le vers d\u2019autres portefeuilles<\/h3>\n\n\n\n<p>Une fois <strong>sur votre eToro wallet<\/strong>, vos bitcoins peuvent \u00eatre<a href=\"https:\/\/www.etoro.com\/fr\/customer-service\/help\/1346134692\/comment-puis-je-envoyer-des-cryptos-depuis-mon-etoro-wallet-vers-un-autre-portefeuille\/\"> envoy\u00e9s sur d\u2019autres portefeuilles externes<\/a> \u00e0 eToro. Vous devrez pour cela vous connecter \u00e0 l\u2019application, puis aller sur l\u2019onglet \u00ab Solde \u00bb et s\u00e9lectionner Bitcoin. Cliquez ensuite sur \u00ab Envoyer \u00bb pour saisir le montant \u00e0 envoyer et l\u2019adresse du portefeuille destinataire. Un code de confirmation vous sera demand\u00e9 par SMS.<\/p>\n\n\n\n<p>A l&#8217;inverse, vous pouvez recevoir des Bitcoins directement sur votre eToro wallet. Pour cela, vous devrez renseigner l&#8217;adresse du portefeuille, que vous trouverez en cliquant sur \u00ab<strong> <\/strong>Bitcoin \u00bb, puis \u00ab<strong> <\/strong>Afficher votre adresse publique \u00bb.<\/p>\n\n\n\n<div class=\"wp-block-buttons is-content-justification-center is-layout-flex wp-container-core-buttons-is-layout-3 wp-block-buttons-is-layout-flex\">\n<a class=\"e-cta e-cta-primary\" href=\"https:\/\/www.etoro.com\/fr\/accounts\/sign-up\">Transf\u00e9rez vos Bitcoins<\/a>\n<\/div>\n\n\n\n<p><strong>Convertir du Bitcoin en une autre crypto-monnaie<\/strong><\/p>\n\n\n\n<p>Le wallet eToro, tout comme la plateforme en ligne, vous permet<a href=\"https:\/\/www.etoro.com\/fr\/customer-service\/help\/1348335102\/comment-convertir-une-crypto-monnaie-en-une-autre-crypto-monnaie-dans-mon-wallet-etoro\/\"> <strong>d\u2019\u00e9changer directement des crypto-monnaies<\/strong><\/a> les unes avec les autres. Le service est cependant limit\u00e9 aux cryptomonnaies prises en charge par le wallet. Les monnaies num\u00e9riques compatibles sont list\u00e9es<a href=\"https:\/\/etorox.com\/fees-exchange\/?wallet-fees\" rel=\"nofollow noopener noreferrer\" > sur la page de frais d\u2019eToro Wallet<\/a>.&nbsp;<\/p>\n\n\n\n<div class=\"wp-block-buttons is-content-justification-center is-layout-flex wp-container-core-buttons-is-layout-4 wp-block-buttons-is-layout-flex\">\n<a class=\"e-cta e-cta-primary\" href=\"https:\/\/www.etoro.com\/fr\/accounts\/sign-up\">Convertir Bitcoin (BTC) facilement<\/a>\n<\/div>\n\n\n\n<h2 class=\"wp-block-heading\"><img loading=\"lazy\" decoding=\"async\" class=\"aligncenter size-full wp-image-527452\" src=\"https:\/\/www.etoro.com\/wp-content\/uploads\/2022\/11\/How-to-buy-bitcoin-with-paypal-Body-Image-3_-Withdrawing-Bitcoin-Funds-to-PayPal-with-eToro.png\" alt=\"How to buy bitcoin with paypal Body Image 3_ Withdrawing Bitcoin Funds to PayPal with eToro\" width=\"756\" height=\"400\" srcset=\"https:\/\/www.etoro.com\/wp-content\/uploads\/2022\/11\/How-to-buy-bitcoin-with-paypal-Body-Image-3_-Withdrawing-Bitcoin-Funds-to-PayPal-with-eToro.png 756w, https:\/\/www.etoro.com\/wp-content\/uploads\/2022\/11\/How-to-buy-bitcoin-with-paypal-Body-Image-3_-Withdrawing-Bitcoin-Funds-to-PayPal-with-eToro-300x159.png 300w\" sizes=\"(max-width: 756px) 100vw, 756px\" \/><\/h2>\n\n\n\n<h2 class=\"wp-block-heading\">Retirer des fonds Bitcoin vers PayPal avec eToro<\/h2>\n\n\n\n<p><img loading=\"lazy\" decoding=\"async\" src=\"blob:https:\/\/www.etoro.com\/16f0fd02-20fd-41a5-b4b5-1bb6e5c3d84e\" width=\"602\" height=\"601\"><\/p>\n\n\n\n<p>Pour<a href=\"https:\/\/www.clubic.com\/antivirus-securite-informatique\/cryptage-cryptographie\/crypto-monnaie\/actualite-20998-tous-les-utilisateurs-de-paypal-aux-etats-unis-peuvent-acheter-des-crypto-monnaies.html\" rel=\"nofollow noopener noreferrer\" > certains utilisateurs situ\u00e9s aux \u00c9tats-Unis<\/a>, il est d\u00e9sormais possible d\u2019utiliser une adresse de portefeuille bitcoin directement int\u00e9gr\u00e9 \u00e0 Paypal. Pour l\u2019Europe, la plateforme cela n\u2019est cependant pas encore disponible. Vous devez donc ouvrir un compte Bitcoin s\u00e9par\u00e9ment de PayPal.<\/p>\n\n\n\n<p>Si vous souhaitez<strong> transf\u00e9rer des bitcoins sur PayPal<\/strong> ou convertir d\u2019autres crypto-monnaies pour les transf\u00e9rer sur PayPal, il faudra tout d\u2019abord convertir vos cryptos en dollar. Pour cela, \u00e9changez vos BTC ou autres crypto-monnaies contre des dollars directement sur votre compte eToro. Vous pourrez ensuite retirer ces fonds sur votre compte PayPal. Notez que cela ne sera possible que si vous avez utilis\u00e9 votre compte PayPal pour alimenter votre compte eToro.<\/p>\n\n\n\n<p>Maintenant que vous \u00eates familiers avec l\u2019achat de Bitcoin via PayPal, ne manquez pas nos autres guides, pour savoir <a href=\"https:\/\/www.etoro.com\/fr\/crypto\/how-to-buy-bitcoin-with-credit-card\/\">Comment acheter du Bitcoin avec une carte bancaire<\/a> ou<a href=\"https:\/\/www.etoro.com\/fr\/investing\/how-to-invest-in-cryptocurrency\/\"> Comment investir en cryptomonnaies<\/a>.<\/p>\n\n\n\n<hr class=\"wp-block-separator wp-block-separator-color-dark-grey wp-block-separator-spaces-medium wp-block-separator-weight-1\"\/>\n\n\n\n\t\t<style>\n\t\t\t.rtl .etoro-block-shortcode-disclaimer {\n\t\t\t\ttext-align:right;\n\t\t\t}\n\t\t\t.etoro-block-shortcode-disclaimer {\n\t\t\t\tmargin-bottom:18px;\n\t\t\t\ttext-align:left;\n\t\t\t}\n\t\t\t.etoro-block-shortcode-disclaimer p{\n\t\t\t\tfont-size: 12px;\n\t\t\t\tline-height: 18px;\n\t\t\t}\n\t\t\t@media (min-width: 768px) {\n\t\t\t\t.etoro-block-shortcode-disclaimer {\n\t\t\t\t\tmax-width:1176px;\n\t\t\t\t\ttext-align:center;\n\t\t\t\t}\n\t\t\t\t.etoro-block-shortcode-disclaimer p {\n\t\t\t\t\tfont-size: 14px;\n\t\t\t\t\tline-height: 20px;\n\t\t\t\t}\n\t\t\t}\n\t\t<\/style>\n\t\t<div class='etoro-block-shortcode-disclaimer'><p>Ces informations sont fournies uniquement \u00e0 des fins \u00e9ducatives et ne doivent pas \u00eatre consid\u00e9r\u00e9es comme un conseil en investissement, une recommandation personnelle ou une offre ou sollicitation d\u2019achat ou de vente d\u2019instruments financiers.<\/p>\n<p>Ce contenu a \u00e9t\u00e9 pr\u00e9par\u00e9 sans tenir compte des objectifs d\u2019investissement ou de la situation financi\u00e8re de son destinataire, et n\u2019a pas \u00e9t\u00e9 pr\u00e9par\u00e9 conform\u00e9ment aux exigences l\u00e9gales et r\u00e9glementaires visant \u00e0 promouvoir la recherche ind\u00e9pendante.<\/p>\n<p><strong>Tous les instruments financiers et services mentionn\u00e9s ne sont pas offerts par eToro<\/strong> et toute r\u00e9f\u00e9rence \u00e0 la performance pass\u00e9e ou future d\u2019un instrument financier, d\u2019un indice ou d\u2019un produit d\u2019investissement propos\u00e9 ne constitue pas et ne doit pas \u00eatre consid\u00e9r\u00e9e comme un indicateur fiable des r\u00e9sultats futurs. <strong>La disponibilit\u00e9 de tous les produits et services mentionn\u00e9s ci-dessus peut varier en fonction de la juridiction et du pays.<\/strong><\/p>\n<p>eToro ne fait aucune d\u00e9claration et n\u2019assume aucune responsabilit\u00e9 quant \u00e0 l\u2019exactitude ou l\u2019exhaustivit\u00e9 du contenu de ce guide. Il est de votre responsabilit\u00e9 de comprendre les risques li\u00e9s au trading et \u00e0 la sp\u00e9culation avant d\u2019engager votre capital. Ne risquez jamais plus que ce que vous \u00eates dispos\u00e9 \u00e0 perdre.<\/p>\n<\/div>\n","protected":false},"excerpt":{"rendered":"<p>La cryptomonnaie Bitcoin (BTC) a pris une ampleur consid\u00e9rable au fil des ann\u00e9es. En janvier 2015, un Bitcoin valait encore 300 dollars. D\u00e9but 2021, un Bitcoin valait plus de 35 000 dollars. C\u2019est pourquoi de plus en plus d\u2019investisseurs font le choix de miser sur la cryptomonnaie. Bitcoin est \u00e9galement devenu plus accessible : on&hellip;<\/p>\n","protected":false},"author":33,"featured_media":1192855,"parent":127789,"menu_order":319,"comment_status":"closed","ping_status":"closed","template":"","meta":{"_acf_changed":false,"inline_featured_image":false,"sticky_cta_settings":"","footnotes":""},"asset_type":[],"class_list":["post-202327","page","type-page","status-publish","has-post-thumbnail","hentry"],"acf":[],"yoast_head":"<title>Comment et o\u00f9 acheter des bitcoins avec PayPal \u2013 eToro<\/title>\n<meta name=\"description\" content=\"Comment acheter des Bitcoins avec PayPal ? Quelles sont les options de stockage pour vos Bitcoins ? Apprenez \u00e0 ouvrir un compte Bitcoin avec PayPal sur eToro.\" \/>\n<meta name=\"robots\" content=\"index, follow, max-snippet:-1, max-image-preview:large, max-video-preview:-1\" \/>\n<link rel=\"canonical\" href=\"https:\/\/www.etoro.com\/fr\/wp-json\/wp\/v2\/pages\/202327\" \/>\n<meta property=\"og:locale\" content=\"fr_FR\" \/>\n<meta property=\"og:type\" content=\"article\" \/>\n<meta property=\"og:title\" content=\"Comment et o\u00f9 acheter des bitcoins avec PayPal \u2013 eToro\" \/>\n<meta property=\"og:description\" content=\"Comment acheter des Bitcoins avec PayPal ? Quelles sont les options de stockage pour vos Bitcoins ? Apprenez \u00e0 ouvrir un compte Bitcoin avec PayPal sur eToro.\" \/>\n<meta property=\"og:url\" content=\"https:\/\/www.etoro.com\/fr\/wp-json\/wp\/v2\/pages\/202327\" \/>\n<meta property=\"og:site_name\" content=\"eToro\" \/>\n<meta property=\"article:publisher\" content=\"https:\/\/www.facebook.com\/eToro\/\" \/>\n<meta property=\"article:modified_time\" content=\"2025-12-16T09:42:14+00:00\" \/>\n<meta property=\"og:image\" content=\"https:\/\/www.etoro.com\/wp-content\/uploads\/2025\/12\/FR-A-step-by-step-guide-on-how-to-buy-bitcoin-with-paypal_1200x630.png\" \/>\n\t<meta property=\"og:image:width\" content=\"1200\" \/>\n\t<meta property=\"og:image:height\" content=\"630\" \/>\n\t<meta property=\"og:image:type\" content=\"image\/png\" \/>\n<meta name=\"twitter:card\" content=\"summary_large_image\" \/>\n<meta name=\"twitter:site\" content=\"@eToro\" \/>\n<meta name=\"twitter:label1\" content=\"Est. reading time\" \/>\n\t<meta name=\"twitter:data1\" content=\"7 minutes\" \/>\n<script type=\"application\/ld+json\" class=\"yoast-schema-graph\">{\"@context\":\"https:\/\/schema.org\",\"@graph\":[{\"@type\":\"WebPage\",\"@id\":\"https:\/\/www.etoro.com\/fr\/crypto\/how-to-buy-bitcoin-with-paypal\/\",\"url\":\"https:\/\/www.etoro.com\/fr\/crypto\/how-to-buy-bitcoin-with-paypal\/\",\"name\":\"Comment et o\u00f9 acheter des bitcoins avec PayPal \u2013 eToro\",\"isPartOf\":{\"@id\":\"https:\/\/www.etoro.com\/fr\/#website\"},\"primaryImageOfPage\":{\"@id\":\"https:\/\/www.etoro.com\/fr\/crypto\/how-to-buy-bitcoin-with-paypal\/#primaryimage\"},\"image\":{\"@id\":\"https:\/\/www.etoro.com\/fr\/crypto\/how-to-buy-bitcoin-with-paypal\/#primaryimage\"},\"thumbnailUrl\":\"https:\/\/www.etoro.com\/wp-content\/uploads\/2025\/12\/FR-A-step-by-step-guide-on-how-to-buy-bitcoin-with-paypal_1200x630.png\",\"datePublished\":\"2021-04-01T14:34:23+00:00\",\"dateModified\":\"2025-12-16T09:42:14+00:00\",\"description\":\"Comment acheter des Bitcoins avec PayPal ? Quelles sont les options de stockage pour vos Bitcoins ? Apprenez \u00e0 ouvrir un compte Bitcoin avec PayPal sur eToro.\",\"breadcrumb\":{\"@id\":\"https:\/\/www.etoro.com\/fr\/crypto\/how-to-buy-bitcoin-with-paypal\/#breadcrumb\"},\"inLanguage\":\"fr\",\"potentialAction\":[{\"@type\":\"ReadAction\",\"target\":[\"https:\/\/www.etoro.com\/fr\/crypto\/how-to-buy-bitcoin-with-paypal\/\"]}]},{\"@type\":\"ImageObject\",\"inLanguage\":\"fr\",\"@id\":\"https:\/\/www.etoro.com\/fr\/crypto\/how-to-buy-bitcoin-with-paypal\/#primaryimage\",\"url\":\"https:\/\/www.etoro.com\/wp-content\/uploads\/2025\/12\/FR-A-step-by-step-guide-on-how-to-buy-bitcoin-with-paypal_1200x630.png\",\"contentUrl\":\"https:\/\/www.etoro.com\/wp-content\/uploads\/2025\/12\/FR-A-step-by-step-guide-on-how-to-buy-bitcoin-with-paypal_1200x630.png\",\"width\":1200,\"height\":630},{\"@type\":\"BreadcrumbList\",\"@id\":\"https:\/\/www.etoro.com\/fr\/crypto\/how-to-buy-bitcoin-with-paypal\/#breadcrumb\",\"itemListElement\":[{\"@type\":\"ListItem\",\"position\":1,\"name\":\"Accueil\",\"item\":\"https:\/\/www.etoro.com\/fr\/\"},{\"@type\":\"ListItem\",\"position\":2,\"name\":\"One-stop crypto\",\"item\":\"https:\/\/www.etoro.com\/fr\/crypto\/\"},{\"@type\":\"ListItem\",\"position\":3,\"name\":\"Comment acheter des bitcoins avec PayPal\"}]},{\"@type\":\"WebSite\",\"@id\":\"https:\/\/www.etoro.com\/fr\/#website\",\"url\":\"https:\/\/www.etoro.com\/fr\/\",\"name\":\"eToro\",\"description\":\"\",\"publisher\":{\"@id\":\"https:\/\/www.etoro.com\/fr\/#organization\"},\"potentialAction\":[{\"@type\":\"SearchAction\",\"target\":{\"@type\":\"EntryPoint\",\"urlTemplate\":\"https:\/\/www.etoro.com\/fr\/?s={search_term_string}\"},\"query-input\":{\"@type\":\"PropertyValueSpecification\",\"valueRequired\":true,\"valueName\":\"search_term_string\"}}],\"inLanguage\":\"fr\"},[]]}<\/script>","yoast_head_json":{"title":"Comment et o\u00f9 acheter des bitcoins avec PayPal \u2013 eToro","description":"Comment acheter des Bitcoins avec PayPal ? Quelles sont les options de stockage pour vos Bitcoins ? Apprenez \u00e0 ouvrir un compte Bitcoin avec PayPal sur eToro.","robots":{"index":"index","follow":"follow","max-snippet":"max-snippet:-1","max-image-preview":"max-image-preview:large","max-video-preview":"max-video-preview:-1"},"canonical":"https:\/\/www.etoro.com\/fr\/wp-json\/wp\/v2\/pages\/202327","og_locale":"fr_FR","og_type":"article","og_title":"Comment et o\u00f9 acheter des bitcoins avec PayPal \u2013 eToro","og_description":"Comment acheter des Bitcoins avec PayPal ? Quelles sont les options de stockage pour vos Bitcoins ? Apprenez \u00e0 ouvrir un compte Bitcoin avec PayPal sur eToro.","og_url":"https:\/\/www.etoro.com\/fr\/wp-json\/wp\/v2\/pages\/202327","og_site_name":"eToro","article_publisher":"https:\/\/www.facebook.com\/eToro\/","article_modified_time":"2025-12-16T09:42:14+00:00","og_image":[{"width":1200,"height":630,"url":"https:\/\/www.etoro.com\/wp-content\/uploads\/2025\/12\/FR-A-step-by-step-guide-on-how-to-buy-bitcoin-with-paypal_1200x630.png","type":"image\/png"}],"twitter_card":"summary_large_image","twitter_site":"@eToro","twitter_misc":{"Est. reading time":"7 minutes"},"schema":{"@context":"https:\/\/schema.org","@graph":[{"@type":"WebPage","@id":"https:\/\/www.etoro.com\/fr\/crypto\/how-to-buy-bitcoin-with-paypal\/","url":"https:\/\/www.etoro.com\/fr\/crypto\/how-to-buy-bitcoin-with-paypal\/","name":"Comment et o\u00f9 acheter des bitcoins avec PayPal \u2013 eToro","isPartOf":{"@id":"https:\/\/www.etoro.com\/fr\/#website"},"primaryImageOfPage":{"@id":"https:\/\/www.etoro.com\/fr\/crypto\/how-to-buy-bitcoin-with-paypal\/#primaryimage"},"image":{"@id":"https:\/\/www.etoro.com\/fr\/crypto\/how-to-buy-bitcoin-with-paypal\/#primaryimage"},"thumbnailUrl":"https:\/\/www.etoro.com\/wp-content\/uploads\/2025\/12\/FR-A-step-by-step-guide-on-how-to-buy-bitcoin-with-paypal_1200x630.png","datePublished":"2021-04-01T14:34:23+00:00","dateModified":"2025-12-16T09:42:14+00:00","description":"Comment acheter des Bitcoins avec PayPal ? Quelles sont les options de stockage pour vos Bitcoins ? Apprenez \u00e0 ouvrir un compte Bitcoin avec PayPal sur eToro.","breadcrumb":{"@id":"https:\/\/www.etoro.com\/fr\/crypto\/how-to-buy-bitcoin-with-paypal\/#breadcrumb"},"inLanguage":"fr","potentialAction":[{"@type":"ReadAction","target":["https:\/\/www.etoro.com\/fr\/crypto\/how-to-buy-bitcoin-with-paypal\/"]}]},{"@type":"ImageObject","inLanguage":"fr","@id":"https:\/\/www.etoro.com\/fr\/crypto\/how-to-buy-bitcoin-with-paypal\/#primaryimage","url":"https:\/\/www.etoro.com\/wp-content\/uploads\/2025\/12\/FR-A-step-by-step-guide-on-how-to-buy-bitcoin-with-paypal_1200x630.png","contentUrl":"https:\/\/www.etoro.com\/wp-content\/uploads\/2025\/12\/FR-A-step-by-step-guide-on-how-to-buy-bitcoin-with-paypal_1200x630.png","width":1200,"height":630},{"@type":"BreadcrumbList","@id":"https:\/\/www.etoro.com\/fr\/crypto\/how-to-buy-bitcoin-with-paypal\/#breadcrumb","itemListElement":[{"@type":"ListItem","position":1,"name":"Accueil","item":"https:\/\/www.etoro.com\/fr\/"},{"@type":"ListItem","position":2,"name":"One-stop crypto","item":"https:\/\/www.etoro.com\/fr\/crypto\/"},{"@type":"ListItem","position":3,"name":"Comment acheter des bitcoins avec PayPal"}]},{"@type":"WebSite","@id":"https:\/\/www.etoro.com\/fr\/#website","url":"https:\/\/www.etoro.com\/fr\/","name":"eToro","description":"","publisher":{"@id":"https:\/\/www.etoro.com\/fr\/#organization"},"potentialAction":[{"@type":"SearchAction","target":{"@type":"EntryPoint","urlTemplate":"https:\/\/www.etoro.com\/fr\/?s={search_term_string}"},"query-input":{"@type":"PropertyValueSpecification","valueRequired":true,"valueName":"search_term_string"}}],"inLanguage":"fr"},[]]}},"_links":{"self":[{"href":"https:\/\/www.etoro.com\/fr\/wp-json\/wp\/v2\/pages\/202327"}],"collection":[{"href":"https:\/\/www.etoro.com\/fr\/wp-json\/wp\/v2\/pages"}],"about":[{"href":"https:\/\/www.etoro.com\/fr\/wp-json\/wp\/v2\/types\/page"}],"author":[{"embeddable":true,"href":"https:\/\/www.etoro.com\/fr\/wp-json\/wp\/v2\/users\/33"}],"replies":[{"embeddable":true,"href":"https:\/\/www.etoro.com\/fr\/wp-json\/wp\/v2\/comments?post=202327"}],"version-history":[{"count":0,"href":"https:\/\/www.etoro.com\/fr\/wp-json\/wp\/v2\/pages\/202327\/revisions"}],"up":[{"embeddable":true,"href":"https:\/\/www.etoro.com\/fr\/wp-json\/wp\/v2\/pages\/127789"}],"wp:featuredmedia":[{"embeddable":true,"href":"https:\/\/www.etoro.com\/fr\/wp-json\/wp\/v2\/media\/1192855"}],"wp:attachment":[{"href":"https:\/\/www.etoro.com\/fr\/wp-json\/wp\/v2\/media?parent=202327"}],"wp:term":[{"taxonomy":"asset_type","embeddable":true,"href":"https:\/\/www.etoro.com\/fr\/wp-json\/wp\/v2\/asset_type?post=202327"}],"curies":[{"name":"wp","href":"https:\/\/api.w.org\/{rel}","templated":true}]}}