{"id":251981,"date":"2021-06-06T15:06:14","date_gmt":"2021-06-06T12:06:14","guid":{"rendered":"https:\/\/www.etoro.com\/customer-service\/accessibility\/"},"modified":"2024-12-19T17:10:28","modified_gmt":"2024-12-19T15:10:28","slug":"accessibility","status":"publish","type":"page","link":"https:\/\/www.etoro.com\/fr\/customer-service\/accessibility\/","title":{"rendered":"Nous prenons l\u2019accessibilit\u00e9 au s\u00e9rieux"},"content":{"rendered":"\n<section class=\"wp-block-group wp-block-group-boxed has-white-background-color has-background\"><div class=\"wp-block-group-inner is-layout-flow wp-block-group-is-layout-flow\">\n<div class=\"wp-block-columns are-vertically-aligned-top wp-block-columns-1 is-layout-flex wp-container-core-columns-is-layout-1 wp-block-columns-is-layout-flex\">\n<div class=\"wp-block-column is-layout-flow wp-block-column-is-layout-flow\">\n<p class=\"has-text-align-center\">Chez eToro, nous nous effor\u00e7ons d\u2019am\u00e9liorer l\u2019accessibilit\u00e9 de notre site et de nos applications.<\/p>\n\n\n\n<p class=\"has-text-align-center\">Voici quelques conseils pour faciliter l\u2019utilisation de nos services en fonction de vos besoins d\u2019accessibilit\u00e9.<\/p>\n<\/div>\n<\/div>\n<\/div><\/section>\n\n\n\n<section class=\"wp-block-group wp-block-group-boxed\"><div class=\"wp-block-group-inner is-layout-flow wp-block-group-is-layout-flow\">\n<div class=\"wp-block-columns are-vertically-aligned-center wp-block-columns-2 is-layout-flex wp-container-core-columns-is-layout-2 wp-block-columns-is-layout-flex\">\n<div class=\"wp-block-column is-layout-flow wp-block-column-is-layout-flow\">\n<h2 class=\"wp-block-heading\"><span>Le site web eToro<\/span><\/h2>\n\n\n\n<p>Vous pouvez configurer le contenu de notre site web pour en am\u00e9liorer la lisibilit\u00e9 en cliquant sur le widget correspondant situ\u00e9 dans le coin inf\u00e9rieur droit de la page. De nombreuses fonctions sont disponibles pour adapter le texte et les images \u00e0 vos besoins sp\u00e9cifiques.<\/p>\n\n\n\n<p>Ce widget vous permet de d\u00e9finir les profils suivants pour vous aider \u00e0 personnaliser notre site&nbsp;:<\/p>\n\n\n\n<ul class=\"wp-block-list wp-block-list wp-block-list-circle\">\n<li>Profil pour \u00e9pileptiques\u00a0: \u00e9limine les flashs et r\u00e9duit les couleurs<\/li>\n\n\n\n<li>Profil pour malvoyants\u00a0: am\u00e9liore la visibilit\u00e9 des \u00e9l\u00e9ments de nos sites web<\/li>\n\n\n\n<li>Profil en cas d\u2019incapacit\u00e9 cognitive\u00a0: aide \u00e0 la lecture et \u00e0 la concentration<\/li>\n\n\n\n<li>Profil adapt\u00e9 au TDAH\u00a0: permet \u00e0 l\u2019utilisateur de se concentrer davantage en r\u00e9duisant les distractions<\/li>\n\n\n\n<li>Profil pour aveugles\u00a0: le lecteur d\u2019\u00e9cran lit \u00e0 haute voix le contenu de notre site web<\/li>\n\n\n\n<li>Navigation au clavier\u00a0: permet d\u2019acc\u00e9der \u00e0 notre site web \u00e0 l\u2019aide du clavier<\/li>\n<\/ul>\n<\/div>\n\n\n\n<div class=\"wp-block-column is-layout-flow wp-block-column-is-layout-flow\">\n<figure class=\"wp-block-image size-full\"><img loading=\"lazy\" decoding=\"async\" width=\"374\" height=\"419\" src=\"https:\/\/www.etoro.com\/wp-content\/uploads\/2024\/12\/The-eToro-website.png\" alt=\"\" class=\"wp-image-973444 wp-image-desktop\" srcset=\"https:\/\/www.etoro.com\/wp-content\/uploads\/2024\/12\/The-eToro-website.png 374w, https:\/\/www.etoro.com\/wp-content\/uploads\/2024\/12\/The-eToro-website-268x300.png 268w\" sizes=\"(max-width: 374px) 100vw, 374px\" \/><\/figure>\n<\/div>\n<\/div>\n<\/div><\/section>\n\n\n\n<section class=\"wp-block-group wp-block-group-boxed has-white-background-color has-background\"><div class=\"wp-block-group-inner is-layout-flow wp-block-group-is-layout-flow\">\n<div class=\"wp-block-columns are-vertically-aligned-top wp-block-columns-1 is-layout-flex wp-container-core-columns-is-layout-3 wp-block-columns-is-layout-flex\">\n<div class=\"wp-block-column is-layout-flow wp-block-column-is-layout-flow\">\n<h2 class=\"wp-block-heading\"><span>La plateforme d\u2019investissement eToro<\/span><\/h2>\n<\/div>\n<\/div>\n\n\n\n<hr class=\"wp-block-separator wp-block-separator-color-dark-grey wp-block-separator-spaces-small wp-block-separator-weight-1\"\/>\n\n\n\n<p>Apr\u00e8s vous \u00eatre identifi\u00e9, vous pouvez utiliser les param\u00e8tres de votre appareil pour am\u00e9liorer l\u2019accessibilit\u00e9 de la plateforme. Cela varie selon que vous utilisez notre application mobile ou un navigateur web, ainsi que selon l\u2019appareil que vous utilisez.<\/p>\n<\/div><\/section>\n\n\n\n<section class=\"wp-block-group wp-block-group-boxed has-dark-blue-background-color has-background\"><div class=\"wp-block-group-inner is-layout-flow wp-block-group-is-layout-flow\">\n<div class=\"wp-block-columns are-vertically-aligned-top wp-block-columns-1 is-layout-flex wp-container-core-columns-is-layout-4 wp-block-columns-is-layout-flex\">\n<div class=\"wp-block-column is-layout-flow wp-block-column-is-layout-flow\">\n<h2 class=\"wp-block-heading\"><span>Param\u00e8tres de l\u2019application mobile<\/span><\/h2>\n<\/div>\n<\/div>\n\n\n\n<hr class=\"wp-block-separator wp-block-separator-color-dark-grey wp-block-separator-spaces-small wp-block-separator-weight-1\"\/>\n\n\n\n<p>eToro propose plusieurs fonctionnalit\u00e9s qui peuvent am\u00e9liorer votre exp\u00e9rience lors de l\u2019utilisation de l\u2019application&nbsp;:<\/p>\n\n\n\n<ul class=\"wp-block-list wp-block-list wp-block-list-circle\">\n<li>Face ID pour se connecter facilement et en toute s\u00e9curit\u00e9<\/li>\n\n\n\n<li>Investissement en un clic pour une ex\u00e9cution simplifi\u00e9e des ordres<\/li>\n\n\n\n<li>S\u00e9lection de votre \u00e9cran par d\u00e9faut apr\u00e8s l\u2019identification pour en faciliter l\u2019utilisation<\/li>\n<\/ul>\n\n\n\n<p>Tous ces r\u00e9glages sont accessibles sur l\u2019\u00e9cran&nbsp;<a href=\"https:\/\/www.etoro.com\/settings\/\">Param\u00e8tres<\/a>&nbsp;de votre application eToro..<\/p>\n<\/div><\/section>\n\n\n\n<section class=\"wp-block-group wp-block-group-boxed\"><div class=\"wp-block-group-inner is-layout-flow wp-block-group-is-layout-flow\">\n<div class=\"wp-block-columns are-vertically-aligned-top wp-block-columns-1 is-layout-flex wp-container-core-columns-is-layout-5 wp-block-columns-is-layout-flex\">\n<div class=\"wp-block-column is-layout-flow wp-block-column-is-layout-flow\">\n<h2 class=\"wp-block-heading\"><span>iOS<\/span><\/h2>\n<\/div>\n<\/div>\n\n\n\n<hr class=\"wp-block-separator wp-block-separator-color-dark-grey wp-block-separator-spaces-small wp-block-separator-weight-1\"\/>\n\n\n\n<p>Apple propose de nombreuses fonctions d\u2019accessibilit\u00e9 aux utilisateurs de son syst\u00e8me d\u2019exploitation mobile iOS, telles que&nbsp;:<\/p>\n\n\n\n<ul class=\"wp-block-list wp-block-list wp-block-list-circle\">\n<li>Synth\u00e8se vocale (contr\u00f4le vocal)\u00a0: apprenez comment\u00a0<a href=\"https:\/\/support.apple.com\/en-us\/HT210417\" target=\"_blank\" rel=\"noreferrer noopener\">ici<\/a>\u00a0et\u00a0<a href=\"https:\/\/support.apple.com\/guide\/iphone\/turn-on-and-practice-voiceover-iph3e2e415f\/ios\" target=\"_blank\" rel=\"noreferrer noopener\">ici<\/a><\/li>\n\n\n\n<li>Claviers d\u2019accessibilit\u00e9\u00a0: d\u00e9couvrez-en plus\u00a0<a href=\"https:\/\/www.apple.com\/accessibility\/mobility\/\" target=\"_blank\" rel=\"noreferrer noopener\">ici<\/a><\/li>\n\n\n\n<li>Param\u00e8tres d\u2019affichage\u00a0: apprenez en plus\u00a0<a href=\"https:\/\/www.apple.com\/accessibility\/vision\/\" target=\"_blank\" rel=\"noreferrer noopener\">ici<\/a>\u00a0et\u00a0<a href=\"https:\/\/support.apple.com\/guide\/iphone\/display-text-size-iph3e2e1fb0\/ios\" target=\"_blank\" rel=\"noreferrer noopener\">ici<\/a><\/li>\n<\/ul>\n\n\n\n<p>Vous pouvez g\u00e9n\u00e9ralement les configurer dans la section Accessibilit\u00e9 de l\u2019application&nbsp;<strong>R\u00e9glages<\/strong>&nbsp;de votre t\u00e9l\u00e9phone. Pour en savoir plus, cliquez&nbsp;<a href=\"https:\/\/www.apple.com\/accessibility\/mobility\/\" target=\"_blank\" rel=\"noreferrer noopener\">ici<\/a>.<\/p>\n<\/div><\/section>\n\n\n\n<section class=\"wp-block-group wp-block-group-boxed has-white-background-color has-background\"><div class=\"wp-block-group-inner is-layout-flow wp-block-group-is-layout-flow\">\n<div class=\"wp-block-columns are-vertically-aligned-top wp-block-columns-1 is-layout-flex wp-container-core-columns-is-layout-6 wp-block-columns-is-layout-flex\">\n<div class=\"wp-block-column is-layout-flow wp-block-column-is-layout-flow\">\n<h2 class=\"wp-block-heading\"><span>Android<\/span><\/h2>\n<\/div>\n<\/div>\n\n\n\n<hr class=\"wp-block-separator wp-block-separator-color-dark-grey wp-block-separator-spaces-small wp-block-separator-weight-1\"\/>\n\n\n\n<p>Google propose de nombreuses fonctions d\u2019accessibilit\u00e9 aux utilisateurs de son syst\u00e8me d\u2019exploitation Android. Il s\u2019agit notamment de&nbsp;:<\/p>\n\n\n\n<ul class=\"wp-block-list wp-block-list wp-block-list-circle\">\n<li>Synth\u00e8se vocale<\/li>\n\n\n\n<li>Param\u00e8tres d\u2019affichage<\/li>\n\n\n\n<li>Contr\u00f4les des interactions (par exemple, les commandes vocales)<\/li>\n\n\n\n<li>Connexion d\u2019un appareil auditif<\/li>\n<\/ul>\n\n\n\n<p>Vous pouvez g\u00e9n\u00e9ralement les configurer dans la section Accessibilit\u00e9 de l\u2019application&nbsp;<strong>Param\u00e8tres<\/strong>&nbsp;de votre t\u00e9l\u00e9phone. Pour en savoir plus, cliquez&nbsp;<a href=\"https:\/\/support.google.com\/accessibility\/android#topic=6007234\" target=\"_blank\" rel=\"noreferrer noopener\">ici<\/a>.<\/p>\n<\/div><\/section>\n\n\n\n<section class=\"wp-block-group wp-block-group-boxed\"><div class=\"wp-block-group-inner is-layout-flow wp-block-group-is-layout-flow\">\n<div class=\"wp-block-columns are-vertically-aligned-top wp-block-columns-1 is-layout-flex wp-container-core-columns-is-layout-7 wp-block-columns-is-layout-flex\">\n<div class=\"wp-block-column is-layout-flow wp-block-column-is-layout-flow\">\n<h2 class=\"wp-block-heading\"><span>Safari \u2013 MacOS<\/span><\/h2>\n<\/div>\n<\/div>\n\n\n\n<hr class=\"wp-block-separator wp-block-separator-color-dark-grey wp-block-separator-spaces-small wp-block-separator-weight-1\"\/>\n\n\n\n<p>Si vous utilisez un ordinateur Apple, vous avez acc\u00e8s \u00e0 plusieurs param\u00e8tres concernant l\u2019accessibilit\u00e9. Pour en savoir plus, cliquez\u00a0<a href=\"https:\/\/support.apple.com\/accessibility\/mac'\" target=\"_blank\" rel=\"noreferrer noopener\">ici<\/a>.<\/p>\n<\/div><\/section>\n\n\n\n<section class=\"wp-block-group wp-block-group-boxed has-white-background-color has-background\"><div class=\"wp-block-group-inner is-layout-flow wp-block-group-is-layout-flow\">\n<div class=\"wp-block-columns are-vertically-aligned-top wp-block-columns-1 is-layout-flex wp-container-core-columns-is-layout-8 wp-block-columns-is-layout-flex\">\n<div class=\"wp-block-column is-layout-flow wp-block-column-is-layout-flow\">\n<h2 class=\"wp-block-heading\"><span>Extensions du navigateur Chrome<\/span><\/h2>\n<\/div>\n<\/div>\n\n\n\n<hr class=\"wp-block-separator wp-block-separator-color-dark-grey wp-block-separator-spaces-small wp-block-separator-weight-1\"\/>\n\n\n\n<p>Vous pouvez installer des extensions sur votre navigateur Chrome afin de lui ajouter de nombreuses fonctions d\u2019accessibilit\u00e9 utiles. UParcourez-les\u00a0<a href=\"https:\/\/chrome.google.com\/webstore\/category\/ext\/22-accessibility\" target=\"_blank\" rel=\"noreferrer noopener\">ici<\/a>.<\/p>\n<\/div><\/section>\n\n\n\n<section class=\"wp-block-group wp-block-group-boxed\"><div class=\"wp-block-group-inner is-layout-flow wp-block-group-is-layout-flow\">\n<div class=\"wp-block-columns are-vertically-aligned-top wp-block-columns-1 is-layout-flex wp-container-core-columns-is-layout-9 wp-block-columns-is-layout-flex\">\n<div class=\"wp-block-column is-layout-flow wp-block-column-is-layout-flow\">\n<h2 class=\"wp-block-heading\"><span>Assistance suppl\u00e9mentaire<\/span><\/h2>\n<\/div>\n<\/div>\n\n\n\n<hr class=\"wp-block-separator wp-block-separator-color-dark-grey wp-block-separator-spaces-small wp-block-separator-weight-1\"\/>\n\n\n\n<p>Si vous avez d\u2019autres questions, n\u2019h\u00e9sitez pas \u00e0 contacter notre\u00a0<a href=\"https:\/\/www.etoro.com\/customer-service\/\">\u00e9quipe d\u2019assistance<\/a>.<\/p>\n<\/div><\/section>\n\n\n\n<p><\/p>\n","protected":false},"excerpt":{"rendered":"<p>Chez eToro, nous nous effor\u00e7ons d\u2019am\u00e9liorer l\u2019accessibilit\u00e9 de notre site et de nos applications. Voici quelques conseils pour faciliter l\u2019utilisation de nos services en fonction de vos besoins d\u2019accessibilit\u00e9. Le site web eToro Vous pouvez configurer le contenu de notre site web pour en am\u00e9liorer la lisibilit\u00e9 en cliquant sur le widget correspondant situ\u00e9 dans&hellip;<\/p>\n","protected":false},"author":75,"featured_media":792939,"parent":6958,"menu_order":151,"comment_status":"closed","ping_status":"closed","template":"","meta":{"_acf_changed":true,"inline_featured_image":false,"sticky_cta_settings":"","footnotes":""},"asset_type":[],"class_list":["post-251981","page","type-page","status-publish","has-post-thumbnail","hentry"],"acf":[],"yoast_head":"<title>Caract\u00e9ristiques d\u2019accessibilit\u00e9 du site web et de l\u2019application d\u2019investissement eToro<\/title>\n<meta name=\"description\" content=\"Tout le monde devrait pouvoir investir sur les march\u00e9s mondiaux. Vous trouverez ici des conseils sur la fa\u00e7on d\u2019am\u00e9liorer l\u2019accessibilit\u00e9 d\u2019eToro.\" \/>\n<meta name=\"robots\" content=\"index, follow, max-snippet:-1, max-image-preview:large, max-video-preview:-1\" \/>\n<link rel=\"canonical\" href=\"https:\/\/www.etoro.com\/fr\/wp-json\/wp\/v2\/pages\/251981\" \/>\n<meta property=\"og:locale\" content=\"fr_FR\" \/>\n<meta property=\"og:type\" content=\"article\" \/>\n<meta property=\"og:title\" content=\"Caract\u00e9ristiques d\u2019accessibilit\u00e9 du site web et de l\u2019application d\u2019investissement eToro\" \/>\n<meta property=\"og:description\" content=\"Tout le monde devrait pouvoir investir sur les march\u00e9s mondiaux. Vous trouverez ici des conseils sur la fa\u00e7on d\u2019am\u00e9liorer l\u2019accessibilit\u00e9 d\u2019eToro.\" \/>\n<meta property=\"og:url\" content=\"https:\/\/www.etoro.com\/fr\/wp-json\/wp\/v2\/pages\/251981\" \/>\n<meta property=\"og:site_name\" content=\"eToro\" \/>\n<meta property=\"article:publisher\" content=\"https:\/\/www.facebook.com\/eToro\/\" \/>\n<meta property=\"article:modified_time\" content=\"2024-12-19T15:10:28+00:00\" \/>\n<meta property=\"og:image\" content=\"https:\/\/www.etoro.com\/wp-content\/uploads\/2023\/12\/FR_Accessibility_Featured-image-1200x630-1.png\" \/>\n\t<meta property=\"og:image:width\" content=\"1200\" \/>\n\t<meta property=\"og:image:height\" content=\"630\" \/>\n\t<meta property=\"og:image:type\" content=\"image\/png\" \/>\n<meta name=\"twitter:card\" content=\"summary_large_image\" \/>\n<meta name=\"twitter:site\" content=\"@eToro\" \/>\n<meta name=\"twitter:label1\" content=\"Est. reading time\" \/>\n\t<meta name=\"twitter:data1\" content=\"3 minutes\" \/>\n<script type=\"application\/ld+json\" class=\"yoast-schema-graph\">{\"@context\":\"https:\/\/schema.org\",\"@graph\":[{\"@type\":\"WebPage\",\"@id\":\"https:\/\/www.etoro.com\/fr\/customer-service\/accessibility\/\",\"url\":\"https:\/\/www.etoro.com\/fr\/customer-service\/accessibility\/\",\"name\":\"Caract\u00e9ristiques d\u2019accessibilit\u00e9 du site web et de l\u2019application d\u2019investissement eToro\",\"isPartOf\":{\"@id\":\"https:\/\/www.etoro.com\/fr\/#website\"},\"primaryImageOfPage\":{\"@id\":\"https:\/\/www.etoro.com\/fr\/customer-service\/accessibility\/#primaryimage\"},\"image\":{\"@id\":\"https:\/\/www.etoro.com\/fr\/customer-service\/accessibility\/#primaryimage\"},\"thumbnailUrl\":\"https:\/\/www.etoro.com\/wp-content\/uploads\/2023\/12\/FR_Accessibility_Featured-image-1200x630-1.png\",\"datePublished\":\"2021-06-06T12:06:14+00:00\",\"dateModified\":\"2024-12-19T15:10:28+00:00\",\"description\":\"Tout le monde devrait pouvoir investir sur les march\u00e9s mondiaux. Vous trouverez ici des conseils sur la fa\u00e7on d\u2019am\u00e9liorer l\u2019accessibilit\u00e9 d\u2019eToro.\",\"breadcrumb\":{\"@id\":\"https:\/\/www.etoro.com\/fr\/customer-service\/accessibility\/#breadcrumb\"},\"inLanguage\":\"fr\",\"potentialAction\":[{\"@type\":\"ReadAction\",\"target\":[\"https:\/\/www.etoro.com\/fr\/customer-service\/accessibility\/\"]}]},{\"@type\":\"ImageObject\",\"inLanguage\":\"fr\",\"@id\":\"https:\/\/www.etoro.com\/fr\/customer-service\/accessibility\/#primaryimage\",\"url\":\"https:\/\/www.etoro.com\/wp-content\/uploads\/2023\/12\/FR_Accessibility_Featured-image-1200x630-1.png\",\"contentUrl\":\"https:\/\/www.etoro.com\/wp-content\/uploads\/2023\/12\/FR_Accessibility_Featured-image-1200x630-1.png\",\"width\":1200,\"height\":630,\"caption\":\"Accessibility\"},{\"@type\":\"BreadcrumbList\",\"@id\":\"https:\/\/www.etoro.com\/fr\/customer-service\/accessibility\/#breadcrumb\",\"itemListElement\":[{\"@type\":\"ListItem\",\"position\":1,\"name\":\"Accueil\",\"item\":\"https:\/\/www.etoro.com\/fr\/\"},{\"@type\":\"ListItem\",\"position\":2,\"name\":\"SERVICE CLIENT\",\"item\":\"https:\/\/www.etoro.com\/fr\/customer-service\/\"},{\"@type\":\"ListItem\",\"position\":3,\"name\":\"accessibility\"}]},{\"@type\":\"WebSite\",\"@id\":\"https:\/\/www.etoro.com\/fr\/#website\",\"url\":\"https:\/\/www.etoro.com\/fr\/\",\"name\":\"eToro\",\"description\":\"\",\"publisher\":{\"@id\":\"https:\/\/www.etoro.com\/fr\/#organization\"},\"potentialAction\":[{\"@type\":\"SearchAction\",\"target\":{\"@type\":\"EntryPoint\",\"urlTemplate\":\"https:\/\/www.etoro.com\/fr\/?s={search_term_string}\"},\"query-input\":{\"@type\":\"PropertyValueSpecification\",\"valueRequired\":true,\"valueName\":\"search_term_string\"}}],\"inLanguage\":\"fr\"},[]]}<\/script>","yoast_head_json":{"title":"Caract\u00e9ristiques d\u2019accessibilit\u00e9 du site web et de l\u2019application d\u2019investissement eToro","description":"Tout le monde devrait pouvoir investir sur les march\u00e9s mondiaux. Vous trouverez ici des conseils sur la fa\u00e7on d\u2019am\u00e9liorer l\u2019accessibilit\u00e9 d\u2019eToro.","robots":{"index":"index","follow":"follow","max-snippet":"max-snippet:-1","max-image-preview":"max-image-preview:large","max-video-preview":"max-video-preview:-1"},"canonical":"https:\/\/www.etoro.com\/fr\/wp-json\/wp\/v2\/pages\/251981","og_locale":"fr_FR","og_type":"article","og_title":"Caract\u00e9ristiques d\u2019accessibilit\u00e9 du site web et de l\u2019application d\u2019investissement eToro","og_description":"Tout le monde devrait pouvoir investir sur les march\u00e9s mondiaux. Vous trouverez ici des conseils sur la fa\u00e7on d\u2019am\u00e9liorer l\u2019accessibilit\u00e9 d\u2019eToro.","og_url":"https:\/\/www.etoro.com\/fr\/wp-json\/wp\/v2\/pages\/251981","og_site_name":"eToro","article_publisher":"https:\/\/www.facebook.com\/eToro\/","article_modified_time":"2024-12-19T15:10:28+00:00","og_image":[{"width":1200,"height":630,"url":"https:\/\/www.etoro.com\/wp-content\/uploads\/2023\/12\/FR_Accessibility_Featured-image-1200x630-1.png","type":"image\/png"}],"twitter_card":"summary_large_image","twitter_site":"@eToro","twitter_misc":{"Est. reading time":"3 minutes"},"schema":{"@context":"https:\/\/schema.org","@graph":[{"@type":"WebPage","@id":"https:\/\/www.etoro.com\/fr\/customer-service\/accessibility\/","url":"https:\/\/www.etoro.com\/fr\/customer-service\/accessibility\/","name":"Caract\u00e9ristiques d\u2019accessibilit\u00e9 du site web et de l\u2019application d\u2019investissement eToro","isPartOf":{"@id":"https:\/\/www.etoro.com\/fr\/#website"},"primaryImageOfPage":{"@id":"https:\/\/www.etoro.com\/fr\/customer-service\/accessibility\/#primaryimage"},"image":{"@id":"https:\/\/www.etoro.com\/fr\/customer-service\/accessibility\/#primaryimage"},"thumbnailUrl":"https:\/\/www.etoro.com\/wp-content\/uploads\/2023\/12\/FR_Accessibility_Featured-image-1200x630-1.png","datePublished":"2021-06-06T12:06:14+00:00","dateModified":"2024-12-19T15:10:28+00:00","description":"Tout le monde devrait pouvoir investir sur les march\u00e9s mondiaux. Vous trouverez ici des conseils sur la fa\u00e7on d\u2019am\u00e9liorer l\u2019accessibilit\u00e9 d\u2019eToro.","breadcrumb":{"@id":"https:\/\/www.etoro.com\/fr\/customer-service\/accessibility\/#breadcrumb"},"inLanguage":"fr","potentialAction":[{"@type":"ReadAction","target":["https:\/\/www.etoro.com\/fr\/customer-service\/accessibility\/"]}]},{"@type":"ImageObject","inLanguage":"fr","@id":"https:\/\/www.etoro.com\/fr\/customer-service\/accessibility\/#primaryimage","url":"https:\/\/www.etoro.com\/wp-content\/uploads\/2023\/12\/FR_Accessibility_Featured-image-1200x630-1.png","contentUrl":"https:\/\/www.etoro.com\/wp-content\/uploads\/2023\/12\/FR_Accessibility_Featured-image-1200x630-1.png","width":1200,"height":630,"caption":"Accessibility"},{"@type":"BreadcrumbList","@id":"https:\/\/www.etoro.com\/fr\/customer-service\/accessibility\/#breadcrumb","itemListElement":[{"@type":"ListItem","position":1,"name":"Accueil","item":"https:\/\/www.etoro.com\/fr\/"},{"@type":"ListItem","position":2,"name":"SERVICE CLIENT","item":"https:\/\/www.etoro.com\/fr\/customer-service\/"},{"@type":"ListItem","position":3,"name":"accessibility"}]},{"@type":"WebSite","@id":"https:\/\/www.etoro.com\/fr\/#website","url":"https:\/\/www.etoro.com\/fr\/","name":"eToro","description":"","publisher":{"@id":"https:\/\/www.etoro.com\/fr\/#organization"},"potentialAction":[{"@type":"SearchAction","target":{"@type":"EntryPoint","urlTemplate":"https:\/\/www.etoro.com\/fr\/?s={search_term_string}"},"query-input":{"@type":"PropertyValueSpecification","valueRequired":true,"valueName":"search_term_string"}}],"inLanguage":"fr"},[]]}},"_links":{"self":[{"href":"https:\/\/www.etoro.com\/fr\/wp-json\/wp\/v2\/pages\/251981"}],"collection":[{"href":"https:\/\/www.etoro.com\/fr\/wp-json\/wp\/v2\/pages"}],"about":[{"href":"https:\/\/www.etoro.com\/fr\/wp-json\/wp\/v2\/types\/page"}],"author":[{"embeddable":true,"href":"https:\/\/www.etoro.com\/fr\/wp-json\/wp\/v2\/users\/75"}],"replies":[{"embeddable":true,"href":"https:\/\/www.etoro.com\/fr\/wp-json\/wp\/v2\/comments?post=251981"}],"version-history":[{"count":0,"href":"https:\/\/www.etoro.com\/fr\/wp-json\/wp\/v2\/pages\/251981\/revisions"}],"up":[{"embeddable":true,"href":"https:\/\/www.etoro.com\/fr\/wp-json\/wp\/v2\/pages\/6958"}],"wp:featuredmedia":[{"embeddable":true,"href":"https:\/\/www.etoro.com\/fr\/wp-json\/wp\/v2\/media\/792939"}],"wp:attachment":[{"href":"https:\/\/www.etoro.com\/fr\/wp-json\/wp\/v2\/media?parent=251981"}],"wp:term":[{"taxonomy":"asset_type","embeddable":true,"href":"https:\/\/www.etoro.com\/fr\/wp-json\/wp\/v2\/asset_type?post=251981"}],"curies":[{"name":"wp","href":"https:\/\/api.w.org\/{rel}","templated":true}]}}