{"id":257550,"date":"2021-05-24T17:08:30","date_gmt":"2021-05-24T14:08:30","guid":{"rendered":"https:\/\/www.etoro.com\/academy\/stocks\/"},"modified":"2025-09-30T20:35:10","modified_gmt":"2025-09-30T17:35:10","slug":"stocks","status":"publish","type":"page","link":"https:\/\/www.etoro.com\/fr\/academy\/stocks\/","title":{"rendered":"Actions"},"content":{"rendered":"\n<section class=\"wp-block-group wp-block-group-boxed has-white-background-color has-background\"><div class=\"wp-block-group-inner is-layout-flow wp-block-group-is-layout-flow\">\n<div class=\"wp-block-columns are-vertically-aligned-center wp-block-columns-1 is-layout-flex wp-container-core-columns-is-layout-1 wp-block-columns-is-layout-flex\">\n<div class=\"wp-block-column is-layout-flow wp-block-column-is-layout-flow\">\n<h2 class=\"wp-block-heading wp-block-heading\"><strong>Pr\u00eat \u00e0 commencer ?<\/strong><\/h2>\n\n\n\n<p>Ouvrez votre compte d&#8217;investissement d\u00e8s aujourd&#8217;hui et commencez \u00e0 b\u00e2tir votre portefeuille d&#8217;actions. L&#8217;inscription est gratuite !<\/p>\n\n\n\n<div class=\"wp-block-buttons is-layout-flex wp-block-buttons-is-layout-flex\">\n<a class=\"e-cta e-cta-primary\" href=\"\/fr\/accounts\/sign-up\">Rejoignez eToro<\/a>\n<\/div>\n<\/div>\n\n\n\n<div class=\"wp-block-column is-layout-flow wp-block-column-is-layout-flow\">\n<figure class=\"wp-block-image size-full\"><img loading=\"lazy\" decoding=\"async\" width=\"576\" height=\"555\" src=\"https:\/\/www.etoro.com\/wp-content\/uploads\/2023\/05\/Image-18.png\" alt=\"\" class=\"wp-image-602059 wp-image-desktop\" srcset=\"https:\/\/www.etoro.com\/wp-content\/uploads\/2023\/05\/Image-18.png 576w, https:\/\/www.etoro.com\/wp-content\/uploads\/2023\/05\/Image-18-300x289.png 300w\" sizes=\"(max-width: 576px) 100vw, 576px\" \/><\/figure>\n<\/div>\n<\/div>\n<\/div><\/section>\n","protected":false},"excerpt":{"rendered":"<p>Pr\u00eat \u00e0 commencer ? Ouvrez votre compte d&#8217;investissement d\u00e8s aujourd&#8217;hui et commencez \u00e0 b\u00e2tir votre portefeuille d&#8217;actions. L&#8217;inscription est gratuite !<\/p>\n","protected":false},"author":45,"featured_media":605416,"parent":257544,"menu_order":253,"comment_status":"closed","ping_status":"closed","template":"templates\/academy-taxonomy-page.php","meta":{"_acf_changed":true,"inline_featured_image":false,"sticky_cta_settings":"","footnotes":""},"asset_type":[],"class_list":["post-257550","page","type-page","status-publish","has-post-thumbnail","hentry"],"acf":[],"yoast_head":"<title>Apprenez \u00e0 investir dans les actions<\/title>\n<meta name=\"description\" content=\"Apprenez comment la bourse marche, comment vendre et acheter des actions et rep\u00e9rez les opportunit\u00e9s gr\u00e2ce \u00e0 des recherches et analyses.\" \/>\n<meta name=\"robots\" content=\"index, follow, max-snippet:-1, max-image-preview:large, max-video-preview:-1\" \/>\n<link rel=\"canonical\" href=\"https:\/\/www.etoro.com\/fr\/wp-json\/wp\/v2\/pages\/257550\" \/>\n<meta property=\"og:locale\" content=\"fr_FR\" \/>\n<meta property=\"og:type\" content=\"article\" \/>\n<meta property=\"og:title\" content=\"Apprenez \u00e0 investir dans les actions\" \/>\n<meta property=\"og:description\" content=\"Apprenez comment la bourse marche, comment vendre et acheter des actions et rep\u00e9rez les opportunit\u00e9s gr\u00e2ce \u00e0 des recherches et analyses.\" \/>\n<meta property=\"og:url\" content=\"https:\/\/www.etoro.com\/fr\/wp-json\/wp\/v2\/pages\/257550\" \/>\n<meta property=\"og:site_name\" content=\"eToro\" \/>\n<meta property=\"article:publisher\" content=\"https:\/\/www.facebook.com\/eToro\/\" \/>\n<meta property=\"article:modified_time\" content=\"2025-09-30T17:35:10+00:00\" \/>\n<meta property=\"og:image\" content=\"https:\/\/www.etoro.com\/wp-content\/uploads\/2023\/05\/FR_Stocks_Featured-image-1200x630-1.jpg\" \/>\n\t<meta property=\"og:image:width\" content=\"1200\" \/>\n\t<meta property=\"og:image:height\" content=\"630\" \/>\n\t<meta property=\"og:image:type\" content=\"image\/jpeg\" \/>\n<meta name=\"twitter:card\" content=\"summary_large_image\" \/>\n<meta name=\"twitter:site\" content=\"@eToro\" \/>\n<script type=\"application\/ld+json\" class=\"yoast-schema-graph\">{\"@context\":\"https:\/\/schema.org\",\"@graph\":[{\"@type\":\"WebPage\",\"@id\":\"https:\/\/www.etoro.com\/fr\/academy\/stocks\/\",\"url\":\"https:\/\/www.etoro.com\/fr\/academy\/stocks\/\",\"name\":\"Apprenez \u00e0 investir dans les actions\",\"isPartOf\":{\"@id\":\"https:\/\/www.etoro.com\/fr\/#website\"},\"primaryImageOfPage\":{\"@id\":\"https:\/\/www.etoro.com\/fr\/academy\/stocks\/#primaryimage\"},\"image\":{\"@id\":\"https:\/\/www.etoro.com\/fr\/academy\/stocks\/#primaryimage\"},\"thumbnailUrl\":\"https:\/\/www.etoro.com\/wp-content\/uploads\/2023\/05\/FR_Stocks_Featured-image-1200x630-1.jpg\",\"datePublished\":\"2021-05-24T14:08:30+00:00\",\"dateModified\":\"2025-09-30T17:35:10+00:00\",\"description\":\"Apprenez comment la bourse marche, comment vendre et acheter des actions et rep\u00e9rez les opportunit\u00e9s gr\u00e2ce \u00e0 des recherches et analyses.\",\"breadcrumb\":{\"@id\":\"https:\/\/www.etoro.com\/fr\/academy\/stocks\/#breadcrumb\"},\"inLanguage\":\"fr\",\"potentialAction\":[{\"@type\":\"ReadAction\",\"target\":[\"https:\/\/www.etoro.com\/fr\/academy\/stocks\/\"]}]},{\"@type\":\"ImageObject\",\"inLanguage\":\"fr\",\"@id\":\"https:\/\/www.etoro.com\/fr\/academy\/stocks\/#primaryimage\",\"url\":\"https:\/\/www.etoro.com\/wp-content\/uploads\/2023\/05\/FR_Stocks_Featured-image-1200x630-1.jpg\",\"contentUrl\":\"https:\/\/www.etoro.com\/wp-content\/uploads\/2023\/05\/FR_Stocks_Featured-image-1200x630-1.jpg\",\"width\":1200,\"height\":630},{\"@type\":\"BreadcrumbList\",\"@id\":\"https:\/\/www.etoro.com\/fr\/academy\/stocks\/#breadcrumb\",\"itemListElement\":[{\"@type\":\"ListItem\",\"position\":1,\"name\":\"Accueil\",\"item\":\"https:\/\/www.etoro.com\/fr\/\"},{\"@type\":\"ListItem\",\"position\":2,\"name\":\"eToro Academy\",\"item\":\"https:\/\/www.etoro.com\/fr\/academy\/\"},{\"@type\":\"ListItem\",\"position\":3,\"name\":\"stocks\"}]},{\"@type\":\"WebSite\",\"@id\":\"https:\/\/www.etoro.com\/fr\/#website\",\"url\":\"https:\/\/www.etoro.com\/fr\/\",\"name\":\"eToro\",\"description\":\"\",\"publisher\":{\"@id\":\"https:\/\/www.etoro.com\/fr\/#organization\"},\"potentialAction\":[{\"@type\":\"SearchAction\",\"target\":{\"@type\":\"EntryPoint\",\"urlTemplate\":\"https:\/\/www.etoro.com\/fr\/?s={search_term_string}\"},\"query-input\":{\"@type\":\"PropertyValueSpecification\",\"valueRequired\":true,\"valueName\":\"search_term_string\"}}],\"inLanguage\":\"fr\"},[]]}<\/script>","yoast_head_json":{"title":"Apprenez \u00e0 investir dans les actions","description":"Apprenez comment la bourse marche, comment vendre et acheter des actions et rep\u00e9rez les opportunit\u00e9s gr\u00e2ce \u00e0 des recherches et analyses.","robots":{"index":"index","follow":"follow","max-snippet":"max-snippet:-1","max-image-preview":"max-image-preview:large","max-video-preview":"max-video-preview:-1"},"canonical":"https:\/\/www.etoro.com\/fr\/wp-json\/wp\/v2\/pages\/257550","og_locale":"fr_FR","og_type":"article","og_title":"Apprenez \u00e0 investir dans les actions","og_description":"Apprenez comment la bourse marche, comment vendre et acheter des actions et rep\u00e9rez les opportunit\u00e9s gr\u00e2ce \u00e0 des recherches et analyses.","og_url":"https:\/\/www.etoro.com\/fr\/wp-json\/wp\/v2\/pages\/257550","og_site_name":"eToro","article_publisher":"https:\/\/www.facebook.com\/eToro\/","article_modified_time":"2025-09-30T17:35:10+00:00","og_image":[{"width":1200,"height":630,"url":"https:\/\/www.etoro.com\/wp-content\/uploads\/2023\/05\/FR_Stocks_Featured-image-1200x630-1.jpg","type":"image\/jpeg"}],"twitter_card":"summary_large_image","twitter_site":"@eToro","schema":{"@context":"https:\/\/schema.org","@graph":[{"@type":"WebPage","@id":"https:\/\/www.etoro.com\/fr\/academy\/stocks\/","url":"https:\/\/www.etoro.com\/fr\/academy\/stocks\/","name":"Apprenez \u00e0 investir dans les actions","isPartOf":{"@id":"https:\/\/www.etoro.com\/fr\/#website"},"primaryImageOfPage":{"@id":"https:\/\/www.etoro.com\/fr\/academy\/stocks\/#primaryimage"},"image":{"@id":"https:\/\/www.etoro.com\/fr\/academy\/stocks\/#primaryimage"},"thumbnailUrl":"https:\/\/www.etoro.com\/wp-content\/uploads\/2023\/05\/FR_Stocks_Featured-image-1200x630-1.jpg","datePublished":"2021-05-24T14:08:30+00:00","dateModified":"2025-09-30T17:35:10+00:00","description":"Apprenez comment la bourse marche, comment vendre et acheter des actions et rep\u00e9rez les opportunit\u00e9s gr\u00e2ce \u00e0 des recherches et analyses.","breadcrumb":{"@id":"https:\/\/www.etoro.com\/fr\/academy\/stocks\/#breadcrumb"},"inLanguage":"fr","potentialAction":[{"@type":"ReadAction","target":["https:\/\/www.etoro.com\/fr\/academy\/stocks\/"]}]},{"@type":"ImageObject","inLanguage":"fr","@id":"https:\/\/www.etoro.com\/fr\/academy\/stocks\/#primaryimage","url":"https:\/\/www.etoro.com\/wp-content\/uploads\/2023\/05\/FR_Stocks_Featured-image-1200x630-1.jpg","contentUrl":"https:\/\/www.etoro.com\/wp-content\/uploads\/2023\/05\/FR_Stocks_Featured-image-1200x630-1.jpg","width":1200,"height":630},{"@type":"BreadcrumbList","@id":"https:\/\/www.etoro.com\/fr\/academy\/stocks\/#breadcrumb","itemListElement":[{"@type":"ListItem","position":1,"name":"Accueil","item":"https:\/\/www.etoro.com\/fr\/"},{"@type":"ListItem","position":2,"name":"eToro Academy","item":"https:\/\/www.etoro.com\/fr\/academy\/"},{"@type":"ListItem","position":3,"name":"stocks"}]},{"@type":"WebSite","@id":"https:\/\/www.etoro.com\/fr\/#website","url":"https:\/\/www.etoro.com\/fr\/","name":"eToro","description":"","publisher":{"@id":"https:\/\/www.etoro.com\/fr\/#organization"},"potentialAction":[{"@type":"SearchAction","target":{"@type":"EntryPoint","urlTemplate":"https:\/\/www.etoro.com\/fr\/?s={search_term_string}"},"query-input":{"@type":"PropertyValueSpecification","valueRequired":true,"valueName":"search_term_string"}}],"inLanguage":"fr"},[]]}},"_links":{"self":[{"href":"https:\/\/www.etoro.com\/fr\/wp-json\/wp\/v2\/pages\/257550"}],"collection":[{"href":"https:\/\/www.etoro.com\/fr\/wp-json\/wp\/v2\/pages"}],"about":[{"href":"https:\/\/www.etoro.com\/fr\/wp-json\/wp\/v2\/types\/page"}],"author":[{"embeddable":true,"href":"https:\/\/www.etoro.com\/fr\/wp-json\/wp\/v2\/users\/45"}],"replies":[{"embeddable":true,"href":"https:\/\/www.etoro.com\/fr\/wp-json\/wp\/v2\/comments?post=257550"}],"version-history":[{"count":0,"href":"https:\/\/www.etoro.com\/fr\/wp-json\/wp\/v2\/pages\/257550\/revisions"}],"up":[{"embeddable":true,"href":"https:\/\/www.etoro.com\/fr\/wp-json\/wp\/v2\/pages\/257544"}],"wp:featuredmedia":[{"embeddable":true,"href":"https:\/\/www.etoro.com\/fr\/wp-json\/wp\/v2\/media\/605416"}],"wp:attachment":[{"href":"https:\/\/www.etoro.com\/fr\/wp-json\/wp\/v2\/media?parent=257550"}],"wp:term":[{"taxonomy":"asset_type","embeddable":true,"href":"https:\/\/www.etoro.com\/fr\/wp-json\/wp\/v2\/asset_type?post=257550"}],"curies":[{"name":"wp","href":"https:\/\/api.w.org\/{rel}","templated":true}]}}