{"id":259690,"date":"2021-07-27T15:21:46","date_gmt":"2021-07-27T12:21:46","guid":{"rendered":"https:\/\/www.etoro.com\/academy\/etoro-basics\/"},"modified":"2024-03-18T11:07:11","modified_gmt":"2024-03-18T09:07:11","slug":"etoro-basics","status":"publish","type":"page","link":"https:\/\/www.etoro.com\/fr\/academy\/etoro-basics\/","title":{"rendered":"Les bases d&#8217;eToro"},"content":{"rendered":"\n<section class=\"wp-block-group wp-block-group-boxed\"><div class=\"wp-block-group-inner is-layout-flow wp-block-group-is-layout-flow\">    <div class=\"e-slider-container\" data-location=\"Carousel Most Popular\">\n        <div class=\"e-slider-header\">\n                    <h3 class=\"e-slider-title\">LES PLUS POPULAIRES<\/h3>\n                    <\/div>\n        <div class=\"e-slider-wrapper\">\n            <div class=\"e-slider swiper\">\n                <div class=\"e-slides-wrapper swiper-wrapper most-popular\">\n                        <div class=\"e-slide-item swiper-slide videos\" data-type=\"videos\" data-level=\"advanced,beginners\" data-category=\"the-world-of-copytrading,trading\" data-custom=\"etoro-basics\"  data-lang=\"fr\">\n        <div class=\"e-slide-item-img lazy\" data-src=\"https:\/\/www.etoro.com\/wp-content\/uploads\/2023\/01\/copy-trader-1-FR.jpg\">\n                                    <a href=\"https:\/\/www.etoro.com\/fr\/academy\/videos\/copytrading-101-part-1-introduction\/\"  class=\"\"  data-mixp=\"item-image\" data-item-type=\"videos\" data-title=\"CopyTrading | Partie 1 : Introduction\" data-url=\"https:\/\/www.etoro.com\/fr\/academy\/videos\/copytrading-101-part-1-introduction\/\"  data-level=\"5\" data-aid=\"549415\">&#32;<\/a>            <div class=\"e-slide-item-popularity-container\">\n                                <span class=\"e-slide-item-popularity-number\">1<\/span>\n                             <\/div>        <\/div>\n        <div class=\"e-slide-item-info\">\n            <h3 class=\"e-slide-item-title\">\n                                <a href=\"https:\/\/www.etoro.com\/fr\/academy\/videos\/copytrading-101-part-1-introduction\/\"  class=\"\"  data-mixp=\"from-title\" data-item-type=\"videos\" data-title=\"CopyTrading | Partie 1 : Introduction\" data-url=\"https:\/\/www.etoro.com\/fr\/academy\/videos\/copytrading-101-part-1-introduction\/\"  data-level=\"5\" data-aid=\"549415\">CopyTrading | Partie 1 : Introduction<\/a>                <\/h3>\n            <div class=\"e-slide-item-meta\">\n                <span class=\"e-slide-item-level\">Tous les niveaux<\/span>&bull;<span class=\"e-slide-item-duration\">3 min<\/span>            <\/div>\n            <div class=\"e-item-description-container\">\n                <div class=\"e-item-description\">D\u00e9couvrez les bases du CopyTrading sur eToro dans cette vid\u00e9o. Apprenez \u00e0 reproduire les strat\u00e9gies des meilleurs investisseurs et construisez votre portefeuille.<\/div>\n            <\/div>\n            <div class=\"e-item-buttons-wrapper\">\n                <div class=\"e-item-button-wrapper\">\n                    <a href=\"https:\/\/www.etoro.com\/fr\/academy\/videos\/copytrading-101-part-1-introduction\/\"  class=\"read-more\"  data-mixp=\"read-more-phrase\" data-item-type=\"videos\" data-title=\"CopyTrading | Partie 1 : Introduction\" data-url=\"https:\/\/www.etoro.com\/fr\/academy\/videos\/copytrading-101-part-1-introduction\/\"  data-level=\"5\" data-aid=\"549415\">Regarder maintenant<\/a>                <\/div>\n                            <\/div>\n\n        <\/div>\n            <\/div>\n        <div class=\"e-slide-item swiper-slide videos\" data-type=\"videos\" data-level=\"advanced,beginners\" data-category=\"getting-started-on-etoro,investing\" data-custom=\"etoro-basics\"  data-lang=\"fr\">\n        <div class=\"e-slide-item-img lazy\" data-src=\"https:\/\/www.etoro.com\/wp-content\/uploads\/2022\/09\/0785_600X500_FR.png\">\n                                    <a href=\"https:\/\/www.etoro.com\/fr\/academy\/videos\/tools-for-experienced-investors\/\"  class=\"\"  data-mixp=\"item-image\" data-item-type=\"videos\" data-title=\"Les outils des investisseurs avanc\u00e9s\" data-url=\"https:\/\/www.etoro.com\/fr\/academy\/videos\/tools-for-experienced-investors\/\"  data-level=\"5\" data-aid=\"494941\">&#32;<\/a>            <div class=\"e-slide-item-popularity-container\">\n                                <span class=\"e-slide-item-popularity-number\">2<\/span>\n                             <\/div>        <\/div>\n        <div class=\"e-slide-item-info\">\n            <h3 class=\"e-slide-item-title\">\n                                <a href=\"https:\/\/www.etoro.com\/fr\/academy\/videos\/tools-for-experienced-investors\/\"  class=\"\"  data-mixp=\"from-title\" data-item-type=\"videos\" data-title=\"Les outils des investisseurs avanc\u00e9s\" data-url=\"https:\/\/www.etoro.com\/fr\/academy\/videos\/tools-for-experienced-investors\/\"  data-level=\"5\" data-aid=\"494941\">Les outils des investisseurs avanc\u00e9s<\/a>                <\/h3>\n            <div class=\"e-slide-item-meta\">\n                <span class=\"e-slide-item-level\">Tous les niveaux<\/span>&bull;<span class=\"e-slide-item-duration\">2 min<\/span>            <\/div>\n            <div class=\"e-item-description-container\">\n                <div class=\"e-item-description\">D\u00e9couvrez les outils avanc\u00e9s d'eToro dans cette vid\u00e9o, comme le trailing stop-loss, les alertes et les graphiques. Gardez une longueur d'avance avec tout ce dont vous avez besoin sur une seule plateforme.<\/div>\n            <\/div>\n            <div class=\"e-item-buttons-wrapper\">\n                <div class=\"e-item-button-wrapper\">\n                    <a href=\"https:\/\/www.etoro.com\/fr\/academy\/videos\/tools-for-experienced-investors\/\"  class=\"read-more\"  data-mixp=\"read-more-phrase\" data-item-type=\"videos\" data-title=\"Les outils des investisseurs avanc\u00e9s\" data-url=\"https:\/\/www.etoro.com\/fr\/academy\/videos\/tools-for-experienced-investors\/\"  data-level=\"5\" data-aid=\"494941\">Regarder maintenant<\/a>                <\/div>\n                            <\/div>\n\n        <\/div>\n            <\/div>\n        <div class=\"e-slide-item swiper-slide videos\" data-type=\"videos\" data-level=\"advanced,beginners\" data-category=\"getting-started-on-etoro,investing\" data-custom=\"etoro-basics\"  data-lang=\"fr\">\n        <div class=\"e-slide-item-img lazy\" data-src=\"https:\/\/www.etoro.com\/wp-content\/uploads\/2022\/09\/2522_600X500_FR.png\">\n                                    <a href=\"https:\/\/www.etoro.com\/fr\/academy\/videos\/getting-started-on-etoro-part-1\/\"  class=\"\"  data-mixp=\"item-image\" data-item-type=\"videos\" data-title=\"D\u00e9buter sur eToro 101\" data-url=\"https:\/\/www.etoro.com\/fr\/academy\/videos\/getting-started-on-etoro-part-1\/\"  data-level=\"5\" data-aid=\"495225\">&#32;<\/a>            <div class=\"e-slide-item-popularity-container\">\n                                <span class=\"e-slide-item-popularity-number\">3<\/span>\n                             <\/div>        <\/div>\n        <div class=\"e-slide-item-info\">\n            <h3 class=\"e-slide-item-title\">\n                                <a href=\"https:\/\/www.etoro.com\/fr\/academy\/videos\/getting-started-on-etoro-part-1\/\"  class=\"\"  data-mixp=\"from-title\" data-item-type=\"videos\" data-title=\"D\u00e9buter sur eToro 101\" data-url=\"https:\/\/www.etoro.com\/fr\/academy\/videos\/getting-started-on-etoro-part-1\/\"  data-level=\"5\" data-aid=\"495225\">D\u00e9buter sur eToro 101<\/a>                <\/h3>\n            <div class=\"e-slide-item-meta\">\n                <span class=\"e-slide-item-level\">Tous les niveaux<\/span>&bull;<span class=\"e-slide-item-duration\">1 min<\/span>            <\/div>\n            <div class=\"e-item-description-container\">\n                <div class=\"e-item-description\">Commencez votre voyage d'investissement avec ces quatre points cl\u00e9s couverts dans cette vid\u00e9o pour vous aider \u00e0 commencer \u00e0 investir en toute confiance sur eToro.<\/div>\n            <\/div>\n            <div class=\"e-item-buttons-wrapper\">\n                <div class=\"e-item-button-wrapper\">\n                    <a href=\"https:\/\/www.etoro.com\/fr\/academy\/videos\/getting-started-on-etoro-part-1\/\"  class=\"read-more\"  data-mixp=\"read-more-phrase\" data-item-type=\"videos\" data-title=\"D\u00e9buter sur eToro 101\" data-url=\"https:\/\/www.etoro.com\/fr\/academy\/videos\/getting-started-on-etoro-part-1\/\"  data-level=\"5\" data-aid=\"495225\">Regarder maintenant<\/a>                <\/div>\n                            <\/div>\n\n        <\/div>\n            <\/div>\n        <div class=\"e-slide-item swiper-slide videos\" data-type=\"videos\" data-level=\"advanced,beginners\" data-category=\"getting-started-on-etoro,investing\" data-custom=\"etoro-basics\"  data-lang=\"fr\">\n        <div class=\"e-slide-item-img lazy\" data-src=\"https:\/\/www.etoro.com\/wp-content\/uploads\/2023\/02\/2321_600X500_FR.png\">\n                                    <a href=\"https:\/\/www.etoro.com\/fr\/academy\/videos\/starting-your-investing-journey\/\"  class=\"\"  data-mixp=\"item-image\" data-item-type=\"videos\" data-title=\"Commencer son parcours d&#8217;investisseur\" data-url=\"https:\/\/www.etoro.com\/fr\/academy\/videos\/starting-your-investing-journey\/\"  data-level=\"5\" data-aid=\"560298\">&#32;<\/a>            <div class=\"e-slide-item-popularity-container\">\n                                <span class=\"e-slide-item-popularity-number\">4<\/span>\n                             <\/div>        <\/div>\n        <div class=\"e-slide-item-info\">\n            <h3 class=\"e-slide-item-title\">\n                                <a href=\"https:\/\/www.etoro.com\/fr\/academy\/videos\/starting-your-investing-journey\/\"  class=\"\"  data-mixp=\"from-title\" data-item-type=\"videos\" data-title=\"Commencer son parcours d&#8217;investisseur\" data-url=\"https:\/\/www.etoro.com\/fr\/academy\/videos\/starting-your-investing-journey\/\"  data-level=\"5\" data-aid=\"560298\">Commencer son parcours d&#8217;investisseur<\/a>                <\/h3>\n            <div class=\"e-slide-item-meta\">\n                <span class=\"e-slide-item-level\">Tous les niveaux<\/span>&bull;<span class=\"e-slide-item-duration\">2 min<\/span>            <\/div>\n            <div class=\"e-item-description-container\">\n                <div class=\"e-item-description\">Vous \u00eates novice en mati\u00e8re d'investissement ? Regardez cette vid\u00e9o pour apprendre \u00e0 faire vos premiers pas sur les march\u00e9s financiers avec eToro.<\/div>\n            <\/div>\n            <div class=\"e-item-buttons-wrapper\">\n                <div class=\"e-item-button-wrapper\">\n                    <a href=\"https:\/\/www.etoro.com\/fr\/academy\/videos\/starting-your-investing-journey\/\"  class=\"read-more\"  data-mixp=\"read-more-phrase\" data-item-type=\"videos\" data-title=\"Commencer son parcours d&#8217;investisseur\" data-url=\"https:\/\/www.etoro.com\/fr\/academy\/videos\/starting-your-investing-journey\/\"  data-level=\"5\" data-aid=\"560298\">Regarder maintenant<\/a>                <\/div>\n                            <\/div>\n\n        <\/div>\n            <\/div>\n        <div class=\"e-slide-item swiper-slide videos\" data-type=\"videos\" data-level=\"advanced,beginners\" data-category=\"getting-started-on-etoro,trading\" data-custom=\"etoro-basics\"  data-lang=\"fr\">\n        <div class=\"e-slide-item-img lazy\" data-src=\"https:\/\/www.etoro.com\/wp-content\/uploads\/2022\/12\/2468_600X500_FR.jpg\">\n                                    <a href=\"https:\/\/www.etoro.com\/fr\/academy\/videos\/getting-verified\/\"  class=\"\"  data-mixp=\"item-image\" data-item-type=\"videos\" data-title=\"Tout sur la v\u00e9rification sur eToro\" data-url=\"https:\/\/www.etoro.com\/fr\/academy\/videos\/getting-verified\/\"  data-level=\"5\" data-aid=\"537474\">&#32;<\/a>            <div class=\"e-slide-item-popularity-container\">\n                                <span class=\"e-slide-item-popularity-number\">5<\/span>\n                             <\/div>        <\/div>\n        <div class=\"e-slide-item-info\">\n            <h3 class=\"e-slide-item-title\">\n                                <a href=\"https:\/\/www.etoro.com\/fr\/academy\/videos\/getting-verified\/\"  class=\"\"  data-mixp=\"from-title\" data-item-type=\"videos\" data-title=\"Tout sur la v\u00e9rification sur eToro\" data-url=\"https:\/\/www.etoro.com\/fr\/academy\/videos\/getting-verified\/\"  data-level=\"5\" data-aid=\"537474\">Tout sur la v\u00e9rification sur eToro<\/a>                <\/h3>\n            <div class=\"e-slide-item-meta\">\n                <span class=\"e-slide-item-level\">Tous les niveaux<\/span>&bull;<span class=\"e-slide-item-duration\">2 min<\/span>            <\/div>\n            <div class=\"e-item-description-container\">\n                <div class=\"e-item-description\">Cette vid\u00e9o vous montre comment v\u00e9rifier votre compte en quelques \u00e9tapes simples et commencer \u00e0 investir d\u00e8s aujourd'hui.<\/div>\n            <\/div>\n            <div class=\"e-item-buttons-wrapper\">\n                <div class=\"e-item-button-wrapper\">\n                    <a href=\"https:\/\/www.etoro.com\/fr\/academy\/videos\/getting-verified\/\"  class=\"read-more\"  data-mixp=\"read-more-phrase\" data-item-type=\"videos\" data-title=\"Tout sur la v\u00e9rification sur eToro\" data-url=\"https:\/\/www.etoro.com\/fr\/academy\/videos\/getting-verified\/\"  data-level=\"5\" data-aid=\"537474\">Regarder maintenant<\/a>                <\/div>\n                            <\/div>\n\n        <\/div>\n            <\/div>\n                    <\/div>\n            <\/div>\n            <div class=\"swiper-button-next\" data-slider-mixp=\"Next Carousel Button\" data-location=\"Carousel Most Popular\"><\/div>\n            <div class=\"swiper-button-prev\" data-slider-mixp=\"Prev Carousel Button\" data-location=\"Carousel Most Popular\"><\/div>\n        <\/div>\n    <\/div>\n\n    \n<\/div><\/section>\n\n\n\n<section class=\"wp-block-group wp-block-group-boxed has-white-background-color has-background\"><div class=\"wp-block-group-inner is-layout-flow wp-block-group-is-layout-flow\">\n<div class=\"wp-block-columns are-vertically-aligned-center wp-block-columns-2 wp-block-columns-1 is-layout-flex wp-container-core-columns-is-layout-1 wp-block-columns-is-layout-flex\">\n<div class=\"wp-block-column is-layout-flow wp-block-column-is-layout-flow\">\n<h2 class=\"wp-block-heading\">Pr\u00eat \u00e0 rejoindre eToro ?<\/h2>\n\n\n\n<p>Vous n&#8217;avez pas encore ouvert votre compte eToro ? D\u00e9couvrez \u00e0 quel point il est facile de s&#8217;inscrire gr\u00e2ce \u00e0 notre <a href=\"https:\/\/www.etoro.com\/fr\/academy\/etoro-basics\/\">tutoriel<\/a> pas \u00e0 pas.<\/p>\n\n\n\n<div class=\"wp-block-buttons is-layout-flex wp-block-buttons-is-layout-flex\">\n<a class=\"e-cta e-cta-primary\" href=\"\/fr\/accounts\/sign-up\">S&#8217;inscrire maintenant<\/a>\n<\/div>\n<\/div>\n\n\n\n<div class=\"wp-block-column is-layout-flow wp-block-column-is-layout-flow\">\n<figure class=\"wp-block-image size-full\"><img loading=\"lazy\" decoding=\"async\" width=\"576\" height=\"555\" src=\"https:\/\/www.etoro.com\/wp-content\/uploads\/2023\/05\/Image-18.png\" alt=\"\" class=\"wp-image-602059 wp-image-desktop\" srcset=\"https:\/\/www.etoro.com\/wp-content\/uploads\/2023\/05\/Image-18.png 576w, https:\/\/www.etoro.com\/wp-content\/uploads\/2023\/05\/Image-18-300x289.png 300w\" sizes=\"(max-width: 576px) 100vw, 576px\" \/><\/figure>\n<\/div>\n<\/div>\n<\/div><\/section>\n","protected":false},"excerpt":{"rendered":"<p>Pr\u00eat \u00e0 rejoindre eToro ? Vous n&#8217;avez pas encore ouvert votre compte eToro ? D\u00e9couvrez \u00e0 quel point il est facile de s&#8217;inscrire gr\u00e2ce \u00e0 notre tutoriel pas \u00e0 pas.<\/p>\n","protected":false},"author":75,"featured_media":605392,"parent":257544,"menu_order":38,"comment_status":"closed","ping_status":"closed","template":"templates\/academy-taxonomy-page.php","meta":{"_acf_changed":false,"inline_featured_image":false,"sticky_cta_settings":"","footnotes":""},"asset_type":[],"class_list":["post-259690","page","type-page","status-publish","has-post-thumbnail","hentry"],"acf":[],"yoast_head":"<title>Tutoriels d&#039;investissement | Apprenez \u00e0 investir sur eToro<\/title>\n<meta name=\"description\" content=\"D\u00e9couvrez les outils qui font d&#039;eToro une plateforme de premier plan pour des millions d&#039;investisseurs - gr\u00e2ce \u00e0 des tutoriels pas \u00e0 pas.\" \/>\n<meta name=\"robots\" content=\"index, follow, max-snippet:-1, max-image-preview:large, max-video-preview:-1\" \/>\n<link rel=\"canonical\" href=\"https:\/\/www.etoro.com\/fr\/wp-json\/wp\/v2\/pages\/259690\" \/>\n<meta property=\"og:locale\" content=\"fr_FR\" \/>\n<meta property=\"og:type\" content=\"article\" \/>\n<meta property=\"og:title\" content=\"Tutoriels d&#039;investissement | Apprenez \u00e0 investir sur eToro\" \/>\n<meta property=\"og:description\" content=\"D\u00e9couvrez les outils qui font d&#039;eToro une plateforme de premier plan pour des millions d&#039;investisseurs - gr\u00e2ce \u00e0 des tutoriels pas \u00e0 pas.\" \/>\n<meta property=\"og:url\" content=\"https:\/\/www.etoro.com\/fr\/wp-json\/wp\/v2\/pages\/259690\" \/>\n<meta property=\"og:site_name\" content=\"eToro\" \/>\n<meta property=\"article:publisher\" content=\"https:\/\/www.facebook.com\/eToro\/\" \/>\n<meta property=\"article:modified_time\" content=\"2024-03-18T09:07:11+00:00\" \/>\n<meta property=\"og:image\" content=\"https:\/\/www.etoro.com\/wp-content\/uploads\/2023\/05\/FR_Tutorials_Featured-image-1200x630-1.jpg\" \/>\n\t<meta property=\"og:image:width\" content=\"1200\" \/>\n\t<meta property=\"og:image:height\" content=\"630\" \/>\n\t<meta property=\"og:image:type\" content=\"image\/jpeg\" \/>\n<meta name=\"twitter:card\" content=\"summary_large_image\" \/>\n<meta name=\"twitter:site\" content=\"@eToro\" \/>\n<script type=\"application\/ld+json\" class=\"yoast-schema-graph\">{\"@context\":\"https:\/\/schema.org\",\"@graph\":[{\"@type\":\"WebPage\",\"@id\":\"https:\/\/www.etoro.com\/fr\/academy\/etoro-basics\/\",\"url\":\"https:\/\/www.etoro.com\/fr\/academy\/etoro-basics\/\",\"name\":\"Tutoriels d'investissement | Apprenez \u00e0 investir sur eToro\",\"isPartOf\":{\"@id\":\"https:\/\/www.etoro.com\/fr\/#website\"},\"primaryImageOfPage\":{\"@id\":\"https:\/\/www.etoro.com\/fr\/academy\/etoro-basics\/#primaryimage\"},\"image\":{\"@id\":\"https:\/\/www.etoro.com\/fr\/academy\/etoro-basics\/#primaryimage\"},\"thumbnailUrl\":\"https:\/\/www.etoro.com\/wp-content\/uploads\/2023\/05\/FR_Tutorials_Featured-image-1200x630-1.jpg\",\"datePublished\":\"2021-07-27T12:21:46+00:00\",\"dateModified\":\"2024-03-18T09:07:11+00:00\",\"description\":\"D\u00e9couvrez les outils qui font d'eToro une plateforme de premier plan pour des millions d'investisseurs - gr\u00e2ce \u00e0 des tutoriels pas \u00e0 pas.\",\"breadcrumb\":{\"@id\":\"https:\/\/www.etoro.com\/fr\/academy\/etoro-basics\/#breadcrumb\"},\"inLanguage\":\"fr\",\"potentialAction\":[{\"@type\":\"ReadAction\",\"target\":[\"https:\/\/www.etoro.com\/fr\/academy\/etoro-basics\/\"]}]},{\"@type\":\"ImageObject\",\"inLanguage\":\"fr\",\"@id\":\"https:\/\/www.etoro.com\/fr\/academy\/etoro-basics\/#primaryimage\",\"url\":\"https:\/\/www.etoro.com\/wp-content\/uploads\/2023\/05\/FR_Tutorials_Featured-image-1200x630-1.jpg\",\"contentUrl\":\"https:\/\/www.etoro.com\/wp-content\/uploads\/2023\/05\/FR_Tutorials_Featured-image-1200x630-1.jpg\",\"width\":1200,\"height\":630},{\"@type\":\"BreadcrumbList\",\"@id\":\"https:\/\/www.etoro.com\/fr\/academy\/etoro-basics\/#breadcrumb\",\"itemListElement\":[{\"@type\":\"ListItem\",\"position\":1,\"name\":\"Accueil\",\"item\":\"https:\/\/www.etoro.com\/fr\/\"},{\"@type\":\"ListItem\",\"position\":2,\"name\":\"eToro Academy\",\"item\":\"https:\/\/www.etoro.com\/fr\/academy\/\"},{\"@type\":\"ListItem\",\"position\":3,\"name\":\"Les bases d&#8217;eToro\"}]},{\"@type\":\"WebSite\",\"@id\":\"https:\/\/www.etoro.com\/fr\/#website\",\"url\":\"https:\/\/www.etoro.com\/fr\/\",\"name\":\"eToro\",\"description\":\"\",\"publisher\":{\"@id\":\"https:\/\/www.etoro.com\/fr\/#organization\"},\"potentialAction\":[{\"@type\":\"SearchAction\",\"target\":{\"@type\":\"EntryPoint\",\"urlTemplate\":\"https:\/\/www.etoro.com\/fr\/?s={search_term_string}\"},\"query-input\":{\"@type\":\"PropertyValueSpecification\",\"valueRequired\":true,\"valueName\":\"search_term_string\"}}],\"inLanguage\":\"fr\"},[]]}<\/script>","yoast_head_json":{"title":"Tutoriels d'investissement | Apprenez \u00e0 investir sur eToro","description":"D\u00e9couvrez les outils qui font d'eToro une plateforme de premier plan pour des millions d'investisseurs - gr\u00e2ce \u00e0 des tutoriels pas \u00e0 pas.","robots":{"index":"index","follow":"follow","max-snippet":"max-snippet:-1","max-image-preview":"max-image-preview:large","max-video-preview":"max-video-preview:-1"},"canonical":"https:\/\/www.etoro.com\/fr\/wp-json\/wp\/v2\/pages\/259690","og_locale":"fr_FR","og_type":"article","og_title":"Tutoriels d'investissement | Apprenez \u00e0 investir sur eToro","og_description":"D\u00e9couvrez les outils qui font d'eToro une plateforme de premier plan pour des millions d'investisseurs - gr\u00e2ce \u00e0 des tutoriels pas \u00e0 pas.","og_url":"https:\/\/www.etoro.com\/fr\/wp-json\/wp\/v2\/pages\/259690","og_site_name":"eToro","article_publisher":"https:\/\/www.facebook.com\/eToro\/","article_modified_time":"2024-03-18T09:07:11+00:00","og_image":[{"width":1200,"height":630,"url":"https:\/\/www.etoro.com\/wp-content\/uploads\/2023\/05\/FR_Tutorials_Featured-image-1200x630-1.jpg","type":"image\/jpeg"}],"twitter_card":"summary_large_image","twitter_site":"@eToro","schema":{"@context":"https:\/\/schema.org","@graph":[{"@type":"WebPage","@id":"https:\/\/www.etoro.com\/fr\/academy\/etoro-basics\/","url":"https:\/\/www.etoro.com\/fr\/academy\/etoro-basics\/","name":"Tutoriels d'investissement | Apprenez \u00e0 investir sur eToro","isPartOf":{"@id":"https:\/\/www.etoro.com\/fr\/#website"},"primaryImageOfPage":{"@id":"https:\/\/www.etoro.com\/fr\/academy\/etoro-basics\/#primaryimage"},"image":{"@id":"https:\/\/www.etoro.com\/fr\/academy\/etoro-basics\/#primaryimage"},"thumbnailUrl":"https:\/\/www.etoro.com\/wp-content\/uploads\/2023\/05\/FR_Tutorials_Featured-image-1200x630-1.jpg","datePublished":"2021-07-27T12:21:46+00:00","dateModified":"2024-03-18T09:07:11+00:00","description":"D\u00e9couvrez les outils qui font d'eToro une plateforme de premier plan pour des millions d'investisseurs - gr\u00e2ce \u00e0 des tutoriels pas \u00e0 pas.","breadcrumb":{"@id":"https:\/\/www.etoro.com\/fr\/academy\/etoro-basics\/#breadcrumb"},"inLanguage":"fr","potentialAction":[{"@type":"ReadAction","target":["https:\/\/www.etoro.com\/fr\/academy\/etoro-basics\/"]}]},{"@type":"ImageObject","inLanguage":"fr","@id":"https:\/\/www.etoro.com\/fr\/academy\/etoro-basics\/#primaryimage","url":"https:\/\/www.etoro.com\/wp-content\/uploads\/2023\/05\/FR_Tutorials_Featured-image-1200x630-1.jpg","contentUrl":"https:\/\/www.etoro.com\/wp-content\/uploads\/2023\/05\/FR_Tutorials_Featured-image-1200x630-1.jpg","width":1200,"height":630},{"@type":"BreadcrumbList","@id":"https:\/\/www.etoro.com\/fr\/academy\/etoro-basics\/#breadcrumb","itemListElement":[{"@type":"ListItem","position":1,"name":"Accueil","item":"https:\/\/www.etoro.com\/fr\/"},{"@type":"ListItem","position":2,"name":"eToro Academy","item":"https:\/\/www.etoro.com\/fr\/academy\/"},{"@type":"ListItem","position":3,"name":"Les bases d&#8217;eToro"}]},{"@type":"WebSite","@id":"https:\/\/www.etoro.com\/fr\/#website","url":"https:\/\/www.etoro.com\/fr\/","name":"eToro","description":"","publisher":{"@id":"https:\/\/www.etoro.com\/fr\/#organization"},"potentialAction":[{"@type":"SearchAction","target":{"@type":"EntryPoint","urlTemplate":"https:\/\/www.etoro.com\/fr\/?s={search_term_string}"},"query-input":{"@type":"PropertyValueSpecification","valueRequired":true,"valueName":"search_term_string"}}],"inLanguage":"fr"},[]]}},"_links":{"self":[{"href":"https:\/\/www.etoro.com\/fr\/wp-json\/wp\/v2\/pages\/259690"}],"collection":[{"href":"https:\/\/www.etoro.com\/fr\/wp-json\/wp\/v2\/pages"}],"about":[{"href":"https:\/\/www.etoro.com\/fr\/wp-json\/wp\/v2\/types\/page"}],"author":[{"embeddable":true,"href":"https:\/\/www.etoro.com\/fr\/wp-json\/wp\/v2\/users\/75"}],"replies":[{"embeddable":true,"href":"https:\/\/www.etoro.com\/fr\/wp-json\/wp\/v2\/comments?post=259690"}],"version-history":[{"count":0,"href":"https:\/\/www.etoro.com\/fr\/wp-json\/wp\/v2\/pages\/259690\/revisions"}],"up":[{"embeddable":true,"href":"https:\/\/www.etoro.com\/fr\/wp-json\/wp\/v2\/pages\/257544"}],"wp:featuredmedia":[{"embeddable":true,"href":"https:\/\/www.etoro.com\/fr\/wp-json\/wp\/v2\/media\/605392"}],"wp:attachment":[{"href":"https:\/\/www.etoro.com\/fr\/wp-json\/wp\/v2\/media?parent=259690"}],"wp:term":[{"taxonomy":"asset_type","embeddable":true,"href":"https:\/\/www.etoro.com\/fr\/wp-json\/wp\/v2\/asset_type?post=259690"}],"curies":[{"name":"wp","href":"https:\/\/api.w.org\/{rel}","templated":true}]}}