{"id":351337,"date":"2022-03-27T13:52:22","date_gmt":"2022-03-27T10:52:22","guid":{"rendered":"https:\/\/www.etoro.com\/trading\/disruptions\/"},"modified":"2025-04-30T14:37:20","modified_gmt":"2025-04-30T11:37:20","slug":"disruptions","status":"publish","type":"page","link":"https:\/\/www.etoro.com\/fr\/trading\/disruptions\/","title":{"rendered":"Perturbations de march\u00e9"},"content":{"rendered":"<h1>Perturbations de march\u00e9 : D\u00e9finitions, raisons et impacts sur votre utilisation d&#8217;eToro<\/h1>\n<p>Depuis plus d&#8217;une d\u00e9cennie, eToro est au c\u0153ur de la r\u00e9volution fintech. Avec plus de 25\u00a0millions d&#8217;utilisateurs enregistr\u00e9s, eToro est le premier r\u00e9seau social d&#8217;investissement au monde. Chez eToro, nous proposons \u00e0 nos utilisateurs une grande vari\u00e9t\u00e9 d&#8217;actifs dans lesquels ils peuvent investir.<\/p>\n<p>Bien qu&#8217;il soit plus facile aujourd&#8217;hui que jamais de placer son argent, il arrive que les choses ne se passent pas exactement comme pr\u00e9vu. Chez eToro, nous prenons des mesures suffisantes pour assurer l&#8217;environnement le plus s\u00fbr possible pour nos utilisateurs. Comme il arrive de temps en temps que des perturbations de march\u00e9 se produisent, nous sommes l\u00e0 pour vous expliquer de quoi il s&#8217;agit et ce que vous pouvez et ne pouvez pas faire lorsqu&#8217;elles se produisent.<\/p>\n<h2>Qu&#8217;est-ce que les perturbations de march\u00e9\u00a0?<\/h2>\n<p>Les perturbations de march\u00e9 sont des situations dans lesquelles les march\u00e9s cessent de fonctionner normalement. G\u00e9n\u00e9ralement, les \u00e9changes sont \u00e0 la fois rapides et importants sur le march\u00e9. Il n&#8217;y a pas de raison sp\u00e9cifique aux perturbations de march\u00e9. Elles peuvent provenir d&#8217;op\u00e9rations inhabituelles (comme un krach ou une flamb\u00e9e) ou de menaces physiques pour les march\u00e9s boursiers, comme une guerre, par exemple. Quelle que soit la situation, les perturbations de march\u00e9 sont le r\u00e9sultat de conditions inhabituelles sur les march\u00e9s qui peuvent provoquer la panique et perturber les \u00e9changes.<\/p>\n<p>Apr\u00e8s le krach boursier de 1987, des coupe-circuits, des limites de prix et d&#8217;autres syst\u00e8mes ont \u00e9t\u00e9 install\u00e9s afin de minimiser les risques li\u00e9s aux perturbations de march\u00e9. Ces syst\u00e8mes sont destin\u00e9s \u00e0 interrompre les transactions en cas de baisse rapide des march\u00e9s.<\/p>\n<h2>Exemples de perturbations de march\u00e9<\/h2>\n<p>Les perturbations de march\u00e9 peuvent survenir lors d&#8217;un mouvement anormal des march\u00e9s, motiv\u00e9 par les inqui\u00e9tudes des investisseurs qui craignent que divers facteurs ne provoquent des probl\u00e8mes de grande ampleur susceptibles de ralentir les march\u00e9s. Les arr\u00eats et les perturbations des march\u00e9s se produisent pour diverses raisons, comme l&#8217;a montr\u00e9 l&#8217;histoire r\u00e9cente.<\/p>\n<p><img loading=\"lazy\" decoding=\"async\" class=\"size-full wp-image-349135 aligncenter\" src=\"https:\/\/www.etoro.com\/wp-content\/uploads\/2022\/03\/22.09.2021_Trading_Disruptions_inability_to_close_positions_during_volatile_market_conditions_1024X342.jpg\" alt=\"\" width=\"1024\" height=\"342\" srcset=\"https:\/\/www.etoro.com\/wp-content\/uploads\/2022\/03\/22.09.2021_Trading_Disruptions_inability_to_close_positions_during_volatile_market_conditions_1024X342.jpg 1024w, https:\/\/www.etoro.com\/wp-content\/uploads\/2022\/03\/22.09.2021_Trading_Disruptions_inability_to_close_positions_during_volatile_market_conditions_1024X342-300x100.jpg 300w, https:\/\/www.etoro.com\/wp-content\/uploads\/2022\/03\/22.09.2021_Trading_Disruptions_inability_to_close_positions_during_volatile_market_conditions_1024X342-768x257.jpg 768w\" sizes=\"(max-width: 1024px) 100vw, 1024px\" \/><\/p>\n<p>2020 a \u00e9t\u00e9 une ann\u00e9e folle pour les march\u00e9s boursiers, en raison de la COVID-19 et de l&#8217;effet massif qu&#8217;elle a eu au niveau mondial. En mars de cette ann\u00e9e-l\u00e0, pour la premi\u00e8re fois depuis 2008, Wall Street a connu ce que l&#8217;on pourrait appeler un krach. Les trois principaux indices ont alors enregistr\u00e9 des <a href=\"https:\/\/www.etoro.com\/fr\/stocks\/handling-financial-loss-and-recovery-in-the-share-market\/\">pertes importantes<\/a>. Le 16\u00a0mars de cette ann\u00e9e-l\u00e0, peu apr\u00e8s l&#8217;ouverture du march\u00e9, le SPX500 a chut\u00e9 de 7\u00a0%. Les coupe-circuits sont entr\u00e9s en action et les transactions ont \u00e9t\u00e9 interrompues pendant 15\u00a0minutes. C&#8217;\u00e9tait le troisi\u00e8me arr\u00eat de la semaine, apr\u00e8s ceux des 9 et 12\u00a0mars.<\/p>\n<p>Des probl\u00e8mes techniques peuvent \u00e9galement provoquer des arr\u00eats du march\u00e9, comme celui qui s&#8217;est produit le 8\u00a0juillet\u00a02015, lorsqu&#8217;un probl\u00e8me technique a interrompu la Bourse de New York pendant plusieurs heures. Les \u00e9v\u00e9nements tragiques du 11\u00a0septembre\u00a02001 ont \u00e9galement entra\u00een\u00e9 un arr\u00eat\u00a0: les march\u00e9s sont rest\u00e9s ferm\u00e9s jusqu&#8217;au 17\u00a0septembre.<\/p>\n<h2>Dans quelles situations arrive-t-il que vous ne puissiez pas ouvrir ni fermer une position\u00a0?<\/h2>\n<h3>Manque de liquidit\u00e9s ou incapacit\u00e9 \u00e0 obtenir des prix de la part de nos fournisseurs de liquidit\u00e9s.<\/h3>\n<p>Chaque fois qu&#8217;un utilisateur souhaite ouvrir ou fermer une transaction, il faut qu&#8217;il y ait une contrepartie. Cela signifie que quelqu&#8217;un d&#8217;autre doit \u00eatre pr\u00eat \u00e0 acheter ce que vous vendez, ou vice versa. Si on ne trouve pas de contrepartie, ou s&#8217;il n&#8217;y a pas assez d&#8217;acheteurs (ou de vendeurs) sur le march\u00e9, il en r\u00e9sultera l&#8217;impossibilit\u00e9 d&#8217;ouvrir ou de fermer une transaction. C&#8217;est ce que nous appelons le \u00ab\u00a0manque de liquidit\u00e9\u00a0\u00bb.<\/p>\n<h3>L&#8217;action pourrait \u00eatre suspendue par la bourse<\/h3>\n<p>Les bourses disposent d&#8217;un large mandat en mati\u00e8re d&#8217;arr\u00eat et peuvent emp\u00eacher le trading d&#8217;actions sp\u00e9cifiques, g\u00e9n\u00e9ralement en raison d&#8217;un ou de plusieurs des cas suivants :<\/p>\n<ul>\n<li aria-level=\"1\">Volatilit\u00e9 extr\u00eame\u00a0: les actions peuvent \u00eatre suspendues en raison de transactions irr\u00e9guli\u00e8res sur lesquelles la bourse souhaite enqu\u00eater.<\/li>\n<li aria-level=\"1\">Manque de liquidit\u00e9s\u00a0: les actions peuvent \u00eatre suspendues en raison d&#8217;un manque ou de la faiblesse des liquidit\u00e9s.<\/li>\n<li aria-level=\"1\">\u00c9v\u00e9nements importants\u00a0: les actions peuvent \u00eatre suspendues en raison d&#8217;un \u00e9v\u00e9nement majeur. Par exemple, si des informations sont publi\u00e9es concernant une certaine action, la bourse peut l&#8217;interrompre pendant quelques minutes pour donner aux investisseurs le temps de s&#8217;informer de la situation.<\/li>\n<\/ul>\n<h3>Impossibilit\u00e9 d&#8217;ouvrir des positions vendeuses en raison de l&#8217;impossibilit\u00e9 d&#8217;emprunter un actif<\/h3>\n<p>La <a href=\"https:\/\/www.etoro.com\/fr\/trading\/buy-sell-and-close-position\/\">vente \u00e0 d\u00e9couvert<\/a> consiste, pour un investisseur,<a href=\"https:\/\/www.etoro.com\/fr\/trading\/short-selling\/\"> \u00e0 emprunter une action et \u00e0 la vendre<\/a>, en pr\u00e9voyant de la racheter plus tard \u00e0 un prix inf\u00e9rieur. Une action non empruntable est une action qui ne sera pas pr\u00eat\u00e9e aux vendeurs \u00e0 d\u00e9couvert, ce qui peut arriver lorsque personne ne veut pr\u00eater l&#8217;action en question. Sur eToro, l&#8217;aspect c\u00f4t\u00e9 \u00ab\u00a0vente\u00a0\u00bb d&#8217;un actif n&#8217;est pas disponible lorsque l&#8217;action n&#8217;est pas empruntable.<\/p>\n<h3>Volatilit\u00e9 extr\u00eame sur diff\u00e9rentes classes d&#8217;actifs<\/h3>\n<p>Les actions et <a href=\"https:\/\/www.etoro.com\/fr\/trading\/guide-to-trading-indices\/\">les indices<\/a> ne sont pas les seules <a href=\"https:\/\/www.etoro.com\/fr\/investing\/how-to-choose-what-asset-class-to-invest-in\/\">classes d&#8217;actifs<\/a> disponibles sur eToro\u00a0: nous proposons \u00e9galement des cryptos, des paires de devises, des mati\u00e8res premi\u00e8res et des ETF. eToro poss\u00e8de ses propres coupe-circuits internes qui sont actifs dans toutes les classes d&#8217;actifs. Lorsque nous identifions une volatilit\u00e9 extr\u00eame sur un actif, les coupe-circuits peuvent entrer en action et d\u00e9sactiver temporairement la possibilit\u00e9 d&#8217;ouvrir\/de fermer des positions.<\/p>\n<h3>Coupe-circuits d&#8217;eToro<\/h3>\n<p>eToro a \u00e9galement mis en place des m\u00e9canismes de s\u00e9curit\u00e9. Ils sont appel\u00e9s \u00ab\u00a0coupe-circuits\u00a0\u00bb, car il s&#8217;agit de mesures d&#8217;urgence utilis\u00e9es pour suspendre les transactions dans des cas inhabituels. Sur eToro, ces m\u00e9canismes sont d\u00e9clench\u00e9s par ces raisons\u00a0:<\/p>\n<ul>\n<li aria-level=\"1\">Chaque fois qu&#8217;un spread est trop important, un coupe-circuit est d\u00e9clench\u00e9. Cela signifie qu&#8217;\u00e0 chaque fois que la diff\u00e9rence entre le prix demand\u00e9 et le prix propos\u00e9 d&#8217;un actif est trop importante, ou que le spread est trop grand, il y a une raison pour interrompre les transactions.<\/li>\n<li aria-level=\"1\">Les probl\u00e8mes techniques peuvent \u00e9galement d\u00e9clencher des suspensions de trading<\/li>\n<\/ul>\n<h2>Vous voulez en savoir plus\u00a0?<\/h2>\n<p>Si vous n&#8217;\u00eates toujours pas s\u00fbr de ce que vous pouvez faire pendant de tels \u00e9v\u00e9nements, ou si vous avez des questions concernant une suspensionn de trading sp\u00e9cifique en temps r\u00e9el, n&#8217;h\u00e9sitez pas \u00e0 <a href=\"https:\/\/www.etoro.com\/fr\/customer-service\/\">nous contacter<\/a>.<\/p>\n\n\t\t<style>\n\t\t\t.rtl .etoro-block-shortcode-disclaimer {\n\t\t\t\ttext-align:right;\n\t\t\t}\n\t\t\t.etoro-block-shortcode-disclaimer {\n\t\t\t\tmargin-bottom:18px;\n\t\t\t\ttext-align:left;\n\t\t\t}\n\t\t\t.etoro-block-shortcode-disclaimer p{\n\t\t\t\tfont-size: 12px;\n\t\t\t\tline-height: 18px;\n\t\t\t}\n\t\t\t@media (min-width: 768px) {\n\t\t\t\t.etoro-block-shortcode-disclaimer {\n\t\t\t\t\tmax-width:1176px;\n\t\t\t\t\ttext-align:center;\n\t\t\t\t}\n\t\t\t\t.etoro-block-shortcode-disclaimer p {\n\t\t\t\t\tfont-size: 14px;\n\t\t\t\t\tline-height: 20px;\n\t\t\t\t}\n\t\t\t}\n\t\t<\/style>\n\t\t<div class='etoro-block-shortcode-disclaimer'><p>Ces informations sont fournies uniquement \u00e0 des fins \u00e9ducatives et ne doivent pas \u00eatre consid\u00e9r\u00e9es comme un conseil en investissement, une recommandation personnelle ou une offre ou sollicitation d\u2019achat ou de vente d\u2019instruments financiers.<\/p>\n<p>Ce contenu a \u00e9t\u00e9 pr\u00e9par\u00e9 sans tenir compte des objectifs d\u2019investissement ou de la situation financi\u00e8re de son destinataire, et n\u2019a pas \u00e9t\u00e9 pr\u00e9par\u00e9 conform\u00e9ment aux exigences l\u00e9gales et r\u00e9glementaires visant \u00e0 promouvoir la recherche ind\u00e9pendante.<\/p>\n<p><strong>Tous les instruments financiers et services mentionn\u00e9s ne sont pas offerts par eToro<\/strong> et toute r\u00e9f\u00e9rence \u00e0 la performance pass\u00e9e ou future d\u2019un instrument financier, d\u2019un indice ou d\u2019un produit d\u2019investissement propos\u00e9 ne constitue pas et ne doit pas \u00eatre consid\u00e9r\u00e9e comme un indicateur fiable des r\u00e9sultats futurs. <strong>La disponibilit\u00e9 de tous les produits et services mentionn\u00e9s ci-dessus peut varier en fonction de la juridiction et du pays.<\/strong><\/p>\n<p>eToro ne fait aucune d\u00e9claration et n\u2019assume aucune responsabilit\u00e9 quant \u00e0 l\u2019exactitude ou l\u2019exhaustivit\u00e9 du contenu de ce guide. Il est de votre responsabilit\u00e9 de comprendre les risques li\u00e9s au trading et \u00e0 la sp\u00e9culation avant d\u2019engager votre capital. Ne risquez jamais plus que ce que vous \u00eates dispos\u00e9 \u00e0 perdre.<\/p>\n<\/div>\n","protected":false},"excerpt":{"rendered":"<p>Perturbations de march\u00e9 : D\u00e9finitions, raisons et impacts sur votre utilisation d&#8217;eToro Depuis plus d&#8217;une d\u00e9cennie, eToro est au c\u0153ur de la r\u00e9volution fintech. Avec plus de 25\u00a0millions d&#8217;utilisateurs enregistr\u00e9s, eToro est le premier r\u00e9seau social d&#8217;investissement au monde. Chez eToro, nous proposons \u00e0 nos utilisateurs une grande vari\u00e9t\u00e9 d&#8217;actifs dans lesquels ils peuvent investir.&hellip;<\/p>\n","protected":false},"author":39,"featured_media":592288,"parent":18385,"menu_order":0,"comment_status":"closed","ping_status":"closed","template":"","meta":{"_acf_changed":false,"inline_featured_image":false,"sticky_cta_settings":"","footnotes":""},"asset_type":[],"class_list":["post-351337","page","type-page","status-publish","has-post-thumbnail","hentry"],"acf":[],"yoast_head":"<title>Qu&#039;est-ce qu&#039;une perturbation de march\u00e9 ? | eToro<\/title>\n<meta name=\"description\" content=\"Les perturbations de march\u00e9 peuvent avoir plusieurs causes. Nous vous expliquons ici ce que sont ces perturbations, leurs causes, leur impact et la mani\u00e8re dont on peut les g\u00e9rer.\" \/>\n<meta name=\"robots\" content=\"index, follow, max-snippet:-1, max-image-preview:large, max-video-preview:-1\" \/>\n<link rel=\"canonical\" href=\"https:\/\/www.etoro.com\/fr\/wp-json\/wp\/v2\/pages\/351337\" \/>\n<meta property=\"og:locale\" content=\"fr_FR\" \/>\n<meta property=\"og:type\" content=\"article\" \/>\n<meta property=\"og:title\" content=\"Qu&#039;est-ce qu&#039;une perturbation de march\u00e9 ? | eToro\" \/>\n<meta property=\"og:description\" content=\"Les perturbations de march\u00e9 peuvent avoir plusieurs causes. Nous vous expliquons ici ce que sont ces perturbations, leurs causes, leur impact et la mani\u00e8re dont on peut les g\u00e9rer.\" \/>\n<meta property=\"og:url\" content=\"https:\/\/www.etoro.com\/fr\/wp-json\/wp\/v2\/pages\/351337\" \/>\n<meta property=\"og:site_name\" content=\"eToro\" \/>\n<meta property=\"article:publisher\" content=\"https:\/\/www.facebook.com\/eToro\/\" \/>\n<meta property=\"article:modified_time\" content=\"2025-04-30T11:37:20+00:00\" \/>\n<meta property=\"og:image\" content=\"https:\/\/www.etoro.com\/wp-content\/uploads\/2023\/05\/Social-Guide-Trading.png\" \/>\n\t<meta property=\"og:image:width\" content=\"1200\" \/>\n\t<meta property=\"og:image:height\" content=\"630\" \/>\n\t<meta property=\"og:image:type\" content=\"image\/png\" \/>\n<meta name=\"twitter:card\" content=\"summary_large_image\" \/>\n<meta name=\"twitter:site\" content=\"@eToro\" \/>\n<meta name=\"twitter:label1\" content=\"Est. reading time\" \/>\n\t<meta name=\"twitter:data1\" content=\"5 minutes\" \/>\n<script type=\"application\/ld+json\" class=\"yoast-schema-graph\">{\"@context\":\"https:\/\/schema.org\",\"@graph\":[{\"@type\":\"WebPage\",\"@id\":\"https:\/\/www.etoro.com\/fr\/trading\/disruptions\/\",\"url\":\"https:\/\/www.etoro.com\/fr\/trading\/disruptions\/\",\"name\":\"Qu'est-ce qu'une perturbation de march\u00e9 ? | eToro\",\"isPartOf\":{\"@id\":\"https:\/\/www.etoro.com\/fr\/#website\"},\"primaryImageOfPage\":{\"@id\":\"https:\/\/www.etoro.com\/fr\/trading\/disruptions\/#primaryimage\"},\"image\":{\"@id\":\"https:\/\/www.etoro.com\/fr\/trading\/disruptions\/#primaryimage\"},\"thumbnailUrl\":\"https:\/\/www.etoro.com\/wp-content\/uploads\/2023\/05\/Social-Guide-Trading.png\",\"datePublished\":\"2022-03-27T10:52:22+00:00\",\"dateModified\":\"2025-04-30T11:37:20+00:00\",\"description\":\"Les perturbations de march\u00e9 peuvent avoir plusieurs causes. Nous vous expliquons ici ce que sont ces perturbations, leurs causes, leur impact et la mani\u00e8re dont on peut les g\u00e9rer.\",\"breadcrumb\":{\"@id\":\"https:\/\/www.etoro.com\/fr\/trading\/disruptions\/#breadcrumb\"},\"inLanguage\":\"fr\",\"potentialAction\":[{\"@type\":\"ReadAction\",\"target\":[\"https:\/\/www.etoro.com\/fr\/trading\/disruptions\/\"]}]},{\"@type\":\"ImageObject\",\"inLanguage\":\"fr\",\"@id\":\"https:\/\/www.etoro.com\/fr\/trading\/disruptions\/#primaryimage\",\"url\":\"https:\/\/www.etoro.com\/wp-content\/uploads\/2023\/05\/Social-Guide-Trading.png\",\"contentUrl\":\"https:\/\/www.etoro.com\/wp-content\/uploads\/2023\/05\/Social-Guide-Trading.png\",\"width\":1200,\"height\":630,\"caption\":\"Social Guide\"},{\"@type\":\"BreadcrumbList\",\"@id\":\"https:\/\/www.etoro.com\/fr\/trading\/disruptions\/#breadcrumb\",\"itemListElement\":[{\"@type\":\"ListItem\",\"position\":1,\"name\":\"Accueil\",\"item\":\"https:\/\/www.etoro.com\/fr\/\"},{\"@type\":\"ListItem\",\"position\":2,\"name\":\"TRADING\",\"item\":\"https:\/\/www.etoro.com\/fr\/trading\/\"},{\"@type\":\"ListItem\",\"position\":3,\"name\":\"Perturbations de march\u00e9\"}]},{\"@type\":\"WebSite\",\"@id\":\"https:\/\/www.etoro.com\/fr\/#website\",\"url\":\"https:\/\/www.etoro.com\/fr\/\",\"name\":\"eToro\",\"description\":\"\",\"publisher\":{\"@id\":\"https:\/\/www.etoro.com\/fr\/#organization\"},\"potentialAction\":[{\"@type\":\"SearchAction\",\"target\":{\"@type\":\"EntryPoint\",\"urlTemplate\":\"https:\/\/www.etoro.com\/fr\/?s={search_term_string}\"},\"query-input\":{\"@type\":\"PropertyValueSpecification\",\"valueRequired\":true,\"valueName\":\"search_term_string\"}}],\"inLanguage\":\"fr\"},[]]}<\/script>","yoast_head_json":{"title":"Qu'est-ce qu'une perturbation de march\u00e9 ? | eToro","description":"Les perturbations de march\u00e9 peuvent avoir plusieurs causes. Nous vous expliquons ici ce que sont ces perturbations, leurs causes, leur impact et la mani\u00e8re dont on peut les g\u00e9rer.","robots":{"index":"index","follow":"follow","max-snippet":"max-snippet:-1","max-image-preview":"max-image-preview:large","max-video-preview":"max-video-preview:-1"},"canonical":"https:\/\/www.etoro.com\/fr\/wp-json\/wp\/v2\/pages\/351337","og_locale":"fr_FR","og_type":"article","og_title":"Qu'est-ce qu'une perturbation de march\u00e9 ? | eToro","og_description":"Les perturbations de march\u00e9 peuvent avoir plusieurs causes. Nous vous expliquons ici ce que sont ces perturbations, leurs causes, leur impact et la mani\u00e8re dont on peut les g\u00e9rer.","og_url":"https:\/\/www.etoro.com\/fr\/wp-json\/wp\/v2\/pages\/351337","og_site_name":"eToro","article_publisher":"https:\/\/www.facebook.com\/eToro\/","article_modified_time":"2025-04-30T11:37:20+00:00","og_image":[{"width":1200,"height":630,"url":"https:\/\/www.etoro.com\/wp-content\/uploads\/2023\/05\/Social-Guide-Trading.png","type":"image\/png"}],"twitter_card":"summary_large_image","twitter_site":"@eToro","twitter_misc":{"Est. reading time":"5 minutes"},"schema":{"@context":"https:\/\/schema.org","@graph":[{"@type":"WebPage","@id":"https:\/\/www.etoro.com\/fr\/trading\/disruptions\/","url":"https:\/\/www.etoro.com\/fr\/trading\/disruptions\/","name":"Qu'est-ce qu'une perturbation de march\u00e9 ? | eToro","isPartOf":{"@id":"https:\/\/www.etoro.com\/fr\/#website"},"primaryImageOfPage":{"@id":"https:\/\/www.etoro.com\/fr\/trading\/disruptions\/#primaryimage"},"image":{"@id":"https:\/\/www.etoro.com\/fr\/trading\/disruptions\/#primaryimage"},"thumbnailUrl":"https:\/\/www.etoro.com\/wp-content\/uploads\/2023\/05\/Social-Guide-Trading.png","datePublished":"2022-03-27T10:52:22+00:00","dateModified":"2025-04-30T11:37:20+00:00","description":"Les perturbations de march\u00e9 peuvent avoir plusieurs causes. Nous vous expliquons ici ce que sont ces perturbations, leurs causes, leur impact et la mani\u00e8re dont on peut les g\u00e9rer.","breadcrumb":{"@id":"https:\/\/www.etoro.com\/fr\/trading\/disruptions\/#breadcrumb"},"inLanguage":"fr","potentialAction":[{"@type":"ReadAction","target":["https:\/\/www.etoro.com\/fr\/trading\/disruptions\/"]}]},{"@type":"ImageObject","inLanguage":"fr","@id":"https:\/\/www.etoro.com\/fr\/trading\/disruptions\/#primaryimage","url":"https:\/\/www.etoro.com\/wp-content\/uploads\/2023\/05\/Social-Guide-Trading.png","contentUrl":"https:\/\/www.etoro.com\/wp-content\/uploads\/2023\/05\/Social-Guide-Trading.png","width":1200,"height":630,"caption":"Social Guide"},{"@type":"BreadcrumbList","@id":"https:\/\/www.etoro.com\/fr\/trading\/disruptions\/#breadcrumb","itemListElement":[{"@type":"ListItem","position":1,"name":"Accueil","item":"https:\/\/www.etoro.com\/fr\/"},{"@type":"ListItem","position":2,"name":"TRADING","item":"https:\/\/www.etoro.com\/fr\/trading\/"},{"@type":"ListItem","position":3,"name":"Perturbations de march\u00e9"}]},{"@type":"WebSite","@id":"https:\/\/www.etoro.com\/fr\/#website","url":"https:\/\/www.etoro.com\/fr\/","name":"eToro","description":"","publisher":{"@id":"https:\/\/www.etoro.com\/fr\/#organization"},"potentialAction":[{"@type":"SearchAction","target":{"@type":"EntryPoint","urlTemplate":"https:\/\/www.etoro.com\/fr\/?s={search_term_string}"},"query-input":{"@type":"PropertyValueSpecification","valueRequired":true,"valueName":"search_term_string"}}],"inLanguage":"fr"},[]]}},"_links":{"self":[{"href":"https:\/\/www.etoro.com\/fr\/wp-json\/wp\/v2\/pages\/351337"}],"collection":[{"href":"https:\/\/www.etoro.com\/fr\/wp-json\/wp\/v2\/pages"}],"about":[{"href":"https:\/\/www.etoro.com\/fr\/wp-json\/wp\/v2\/types\/page"}],"author":[{"embeddable":true,"href":"https:\/\/www.etoro.com\/fr\/wp-json\/wp\/v2\/users\/39"}],"replies":[{"embeddable":true,"href":"https:\/\/www.etoro.com\/fr\/wp-json\/wp\/v2\/comments?post=351337"}],"version-history":[{"count":0,"href":"https:\/\/www.etoro.com\/fr\/wp-json\/wp\/v2\/pages\/351337\/revisions"}],"up":[{"embeddable":true,"href":"https:\/\/www.etoro.com\/fr\/wp-json\/wp\/v2\/pages\/18385"}],"wp:featuredmedia":[{"embeddable":true,"href":"https:\/\/www.etoro.com\/fr\/wp-json\/wp\/v2\/media\/592288"}],"wp:attachment":[{"href":"https:\/\/www.etoro.com\/fr\/wp-json\/wp\/v2\/media?parent=351337"}],"wp:term":[{"taxonomy":"asset_type","embeddable":true,"href":"https:\/\/www.etoro.com\/fr\/wp-json\/wp\/v2\/asset_type?post=351337"}],"curies":[{"name":"wp","href":"https:\/\/api.w.org\/{rel}","templated":true}]}}