{"id":527227,"date":"2022-10-26T12:40:22","date_gmt":"2022-10-26T09:40:22","guid":{"rendered":"https:\/\/www.etoro.com\/customer-service\/tax-report\/"},"modified":"2026-02-11T20:05:16","modified_gmt":"2026-02-11T18:05:16","slug":"tax-report","status":"publish","type":"page","link":"https:\/\/www.etoro.com\/fr\/customer-service\/tax-report\/","title":{"rendered":"Rapport fiscal eToro"},"content":{"rendered":"\n<section class=\"wp-block-group wp-block-group-boxed has-white-background-color has-background\"><div class=\"wp-block-group-inner is-layout-flow wp-block-group-is-layout-flow\">\n<div class=\"wp-block-columns are-vertically-aligned-top wp-block-columns-1 is-layout-flex wp-container-core-columns-is-layout-1 wp-block-columns-is-layout-flex\">\n<div class=\"wp-block-column is-layout-flow wp-block-column-is-layout-flow\">\n<h2 class=\"wp-block-heading has-text-align-center\"><strong><strong>Rapport fiscal eToro<\/strong><\/strong><\/h2>\n\n\n\n<p class=\"has-text-align-center\">Un rapport annuel d\u00e9taill\u00e9 avec les informations financi\u00e8res pertinentes sur toutes vos transactions eToro.<\/p>\n<\/div>\n<\/div>\n<\/div><\/section>\n\n\n\n<section class=\"wp-block-group wp-block-group-boxed\"><div class=\"wp-block-group-inner is-layout-flow wp-block-group-is-layout-flow\">\n<div class=\"wp-block-columns are-vertically-aligned-center wp-block-columns-2 is-layout-flex wp-container-core-columns-is-layout-2 wp-block-columns-is-layout-flex\">\n<div class=\"wp-block-column is-text-column is-layout-flow wp-block-column-is-layout-flow\">\n<h2 class=\"wp-block-heading\"><span>Qu\u2019est-ce que<strong>&nbsp;le rapport fiscal d\u2019eToro ?<\/strong><\/span><\/h2>\n\n\n\n<p>Le rapport fiscal eToro est un nouveau service que nous proposons aux membres de notre club. Il s\u2019agit d\u2019un rapport d\u00e9taill\u00e9 produit chaque ann\u00e9e avec les informations financi\u00e8res pertinentes sur toutes vos transactions eToro, y compris les revenus, les profits et les pertes tout au long de l\u2019ann\u00e9e fiscale. Le rapport que vous recevez est pr\u00e9sent\u00e9 avec des calculs bas\u00e9s sur les lois et r\u00e9glementations fiscales de votre pays de r\u00e9sidence fiscale.<\/p>\n<\/div>\n\n\n\n<div class=\"wp-block-column is-layout-flow wp-block-column-is-layout-flow\">\n<figure class=\"wp-block-image size-full\"><img loading=\"lazy\" decoding=\"async\" width=\"576\" height=\"394\" src=\"https:\/\/www.etoro.com\/wp-content\/uploads\/2022\/10\/Image-20.png\" alt=\"What is the eToro tax report?\" class=\"wp-image-509163 wp-image-desktop\" srcset=\"https:\/\/www.etoro.com\/wp-content\/uploads\/2022\/10\/Image-20.png 576w, https:\/\/www.etoro.com\/wp-content\/uploads\/2022\/10\/Image-20-300x205.png 300w\" sizes=\"(max-width: 576px) 100vw, 576px\" \/><\/figure>\n<\/div>\n<\/div>\n<\/div><\/section>\n\n\n\n<section class=\"wp-block-group wp-block-group-boxed has-dark-blue-background-color has-background\"><div class=\"wp-block-group-inner is-layout-flow wp-block-group-is-layout-flow\">\n<div class=\"wp-block-columns are-vertically-aligned-center wp-block-columns-2 is-swapped-on-mobile is-layout-flex wp-container-core-columns-is-layout-3 wp-block-columns-is-layout-flex\">\n<div class=\"wp-block-column is-layout-flow wp-block-column-is-layout-flow\">\n<figure class=\"wp-block-image size-full\"><img loading=\"lazy\" decoding=\"async\" width=\"576\" height=\"394\" src=\"https:\/\/www.etoro.com\/wp-content\/uploads\/2022\/10\/Image-21.png\" alt=\"What are the benefits?\" class=\"wp-image-509187 wp-image-desktop\" srcset=\"https:\/\/www.etoro.com\/wp-content\/uploads\/2022\/10\/Image-21.png 576w, https:\/\/www.etoro.com\/wp-content\/uploads\/2022\/10\/Image-21-300x205.png 300w\" sizes=\"(max-width: 576px) 100vw, 576px\" \/><\/figure>\n<\/div>\n\n\n\n<div class=\"wp-block-column is-text-column is-layout-flow wp-block-column-is-layout-flow\">\n<h2 class=\"wp-block-heading\"><span>Quels sont<strong>&nbsp;les b\u00e9n\u00e9fices?<\/strong><\/span><\/h2>\n\n\n\n<p>Le principal avantage est qu\u2019il vous aide \u00e0 d\u00e9clarer vos imp\u00f4ts, ainsi que tous vos autres revenus imposables.<\/p>\n\n\n\n<ul class=\"wp-block-list wp-block-list wp-block-list-circle\">\n<li>Le rapport vous facilite la vie !<\/li>\n\n\n\n<li>Gratuit<\/li>\n\n\n\n<li>Peut \u00eatre utilis\u00e9 pour d\u00e9poser vos imp\u00f4ts sur le revenu aupr\u00e8s de votre autorit\u00e9 fiscale locale.<\/li>\n<\/ul>\n\n\n\n<p>Nous pensons que ce nouveau service vous sera d\u2019une grande utilit\u00e9. N\u00e9anmoins, les imp\u00f4ts peuvent encore \u00eatre compliqu\u00e9s, nous vous sugg\u00e9rons donc de consulter un conseiller fiscal pour savoir comment et quoi d\u00e9clarer.<\/p>\n<\/div>\n<\/div>\n<\/div><\/section>\n\n\n\n<section class=\"wp-block-group wp-block-group-boxed\"><div class=\"wp-block-group-inner is-layout-flow wp-block-group-is-layout-flow\">\n<div class=\"wp-block-columns are-vertically-aligned-center wp-block-columns-2 is-layout-flex wp-container-core-columns-is-layout-4 wp-block-columns-is-layout-flex\">\n<div class=\"wp-block-column is-text-column is-layout-flow wp-block-column-is-layout-flow\">\n<h2 class=\"wp-block-heading\"><strong>En quoi le rapport fiscal eToro est-il diff\u00e9rent<\/strong>&nbsp;du relev\u00e9 de compte eToro ?<\/h2>\n\n\n\n<p>Les deux sont utiles, mais le rapport fiscal fait passer le relev\u00e9 de compte au niveau sup\u00e9rieur. Voici comment :<\/p>\n\n\n\n<p>Le relev\u00e9 de compte eToro vous fournit un aper\u00e7u de toutes vos activit\u00e9s, revenus, profits et pertes sur la plateforme eToro.<\/p>\n\n\n\n<p>Le rapport fiscal eToro est un rapport annuel qui fournit toutes les informations du relev\u00e9 de compte et calcule la part eToro des taxes \u00e0 d\u00e9clarer du titulaire du compte conform\u00e9ment aux lois et r\u00e9glementations fiscales du pays de r\u00e9sidence du titulaire du compte.<\/p>\n<\/div>\n\n\n\n<div class=\"wp-block-column is-layout-flow wp-block-column-is-layout-flow\">\n<figure class=\"wp-block-image size-full\"><img loading=\"lazy\" decoding=\"async\" width=\"576\" height=\"394\" src=\"https:\/\/www.etoro.com\/wp-content\/uploads\/2022\/10\/Image-22.png\" alt=\"How is the eToro tax report different from the eToro account statement?\" class=\"wp-image-509212 wp-image-desktop\" srcset=\"https:\/\/www.etoro.com\/wp-content\/uploads\/2022\/10\/Image-22.png 576w, https:\/\/www.etoro.com\/wp-content\/uploads\/2022\/10\/Image-22-300x205.png 300w\" sizes=\"(max-width: 576px) 100vw, 576px\" \/><\/figure>\n<\/div>\n<\/div>\n<\/div><\/section>\n\n\n\n<section class=\"wp-block-group wp-block-group-boxed has-white-background-color has-background\"><div class=\"wp-block-group-inner is-layout-flow wp-block-group-is-layout-flow\">\n<div class=\"wp-block-columns are-vertically-aligned-top wp-block-columns-1 is-layout-flex wp-container-core-columns-is-layout-5 wp-block-columns-is-layout-flex\">\n<div class=\"wp-block-column is-layout-flow wp-block-column-is-layout-flow\">\n<h2 class=\"wp-block-heading has-text-align-center\">Vous pouvez trouver plus d\u2019informations sur le rapport fiscal pour les pays suivants dans les liens ci-dessous<\/h2>\n<\/div>\n<\/div>\n\n\n\n<div class=\"wp-block-columns are-vertically-aligned-center wp-block-columns-4 is-layout-flex wp-container-core-columns-is-layout-6 wp-block-columns-is-layout-flex\">\n<div class=\"wp-block-column is-layout-flow wp-block-column-is-layout-flow\">\n<div class=\"wp-block-etoro-card wp-block-etoro-card-size-small wp-block-etoro-card-thumbnail-position-side wp-block-etoro-card-default\"><img decoding=\"async\" src=\"https:\/\/www.etoro.com\/wp-content\/uploads\/2022\/12\/australia.png\" alt=\"\" class=\"wp-block-etoro-card-thumbnail\"\/><div class=\"wp-block-etoro-card-body\"><div class=\"wp-block-etoro-card-content\">\n<p><a href=\"https:\/\/help.etoro.com\/s\/article\/Tax-Report-for-Australian-Residents?language=fr\">Australie<\/a><\/p>\n<\/div><\/div><\/div>\n<\/div>\n\n\n\n<div class=\"wp-block-column is-layout-flow wp-block-column-is-layout-flow\">\n<div class=\"wp-block-etoro-card wp-block-etoro-card-size-small wp-block-etoro-card-thumbnail-position-side wp-block-etoro-card-default\"><img decoding=\"async\" src=\"https:\/\/www.etoro.com\/wp-content\/uploads\/2023\/03\/Crypto.png\" alt=\"\" class=\"wp-block-etoro-card-thumbnail\"\/><div class=\"wp-block-etoro-card-body\"><div class=\"wp-block-etoro-card-content\">\n<p><a href=\"https:\/\/help.etoro.com\/s\/article\/Tax-Report-for-Austrian-Residents?language=fr\">Austria<\/a><\/p>\n<\/div><\/div><\/div>\n<\/div>\n\n\n\n<div class=\"wp-block-column is-layout-flow wp-block-column-is-layout-flow\">\n<div class=\"wp-block-etoro-card wp-block-etoro-card-size-small wp-block-etoro-card-thumbnail-position-side wp-block-etoro-card-default\"><img decoding=\"async\" src=\"https:\/\/www.etoro.com\/wp-content\/uploads\/2022\/12\/denmark.png\" alt=\"\" class=\"wp-block-etoro-card-thumbnail\"\/><div class=\"wp-block-etoro-card-body\"><div class=\"wp-block-etoro-card-content\">\n<p><a href=\"https:\/\/help.etoro.com\/s\/article\/Tax-report-for-Danish-residents?language=fr\">Danemark<\/a><\/p>\n<\/div><\/div><\/div>\n<\/div>\n\n\n\n<div class=\"wp-block-column is-layout-flow wp-block-column-is-layout-flow\">\n<div class=\"wp-block-etoro-card wp-block-etoro-card-size-small wp-block-etoro-card-thumbnail-position-side wp-block-etoro-card-default\"><img decoding=\"async\" src=\"https:\/\/www.etoro.com\/wp-content\/uploads\/2022\/12\/france.png\" alt=\"\" class=\"wp-block-etoro-card-thumbnail\"\/><div class=\"wp-block-etoro-card-body\"><div class=\"wp-block-etoro-card-content\">\n<p><a href=\"https:\/\/help.etoro.com\/s\/article\/Tax-Report-for-French-Residents?language=fr\">France<\/a><\/p>\n<\/div><\/div><\/div>\n<\/div>\n<\/div>\n\n\n\n<div class=\"wp-block-columns are-vertically-aligned-center wp-block-columns-4 is-layout-flex wp-container-core-columns-is-layout-7 wp-block-columns-is-layout-flex\">\n<div class=\"wp-block-column is-layout-flow wp-block-column-is-layout-flow\">\n<div class=\"wp-block-etoro-card wp-block-etoro-card-size-small wp-block-etoro-card-thumbnail-position-side wp-block-etoro-card-default\"><img decoding=\"async\" src=\"https:\/\/www.etoro.com\/wp-content\/uploads\/2022\/12\/germany.png\" alt=\"\" class=\"wp-block-etoro-card-thumbnail\"\/><div class=\"wp-block-etoro-card-body\"><div class=\"wp-block-etoro-card-content\">\n<p><a href=\"https:\/\/help.etoro.com\/s\/article\/Tax-Report-for-German-Residents?language=fr\">Allemagne<\/a><\/p>\n<\/div><\/div><\/div>\n<\/div>\n\n\n\n<div class=\"wp-block-column is-layout-flow wp-block-column-is-layout-flow\">\n<div class=\"wp-block-etoro-card wp-block-etoro-card-size-small wp-block-etoro-card-thumbnail-position-side wp-block-etoro-card-default\"><img decoding=\"async\" src=\"https:\/\/www.etoro.com\/wp-content\/uploads\/2022\/12\/italy.png\" alt=\"\" class=\"wp-block-etoro-card-thumbnail\"\/><div class=\"wp-block-etoro-card-body\"><div class=\"wp-block-etoro-card-content\">\n<p><a href=\"https:\/\/help.etoro.com\/s\/article\/Tax-Report-for-Italian-Residents?language=fr\">Italie<\/a><\/p>\n<\/div><\/div><\/div>\n<\/div>\n\n\n\n<div class=\"wp-block-column is-layout-flow wp-block-column-is-layout-flow\">\n<div class=\"wp-block-etoro-card wp-block-etoro-card-size-small wp-block-etoro-card-thumbnail-position-side wp-block-etoro-card-default\"><img decoding=\"async\" src=\"https:\/\/www.etoro.com\/wp-content\/uploads\/2022\/12\/netherlands.png\" alt=\"\" class=\"wp-block-etoro-card-thumbnail\"\/><div class=\"wp-block-etoro-card-body\"><div class=\"wp-block-etoro-card-content\">\n<p><a href=\"https:\/\/help.etoro.com\/s\/article\/Tax-Report-for-Dutch-Residents?language=fr\">Pays-Bas<\/a><\/p>\n<\/div><\/div><\/div>\n<\/div>\n\n\n\n<div class=\"wp-block-column is-layout-flow wp-block-column-is-layout-flow\">\n<div class=\"wp-block-etoro-card wp-block-etoro-card-size-small wp-block-etoro-card-thumbnail-position-side wp-block-etoro-card-default\"><img decoding=\"async\" src=\"https:\/\/www.etoro.com\/wp-content\/uploads\/2024\/06\/Norway.png\" alt=\"\" class=\"wp-block-etoro-card-thumbnail\"\/><div class=\"wp-block-etoro-card-body\"><div class=\"wp-block-etoro-card-content\">\n<p><a href=\"https:\/\/help.etoro.com\/s\/article\/Tax-Report-for-Norwegian-Residents?language=fr\">Norway<\/a><\/p>\n<\/div><\/div><\/div>\n<\/div>\n<\/div>\n\n\n\n<div class=\"wp-block-columns are-vertically-aligned-center wp-block-columns-4 is-layout-flex wp-container-core-columns-is-layout-8 wp-block-columns-is-layout-flex\">\n<div class=\"wp-block-column is-layout-flow wp-block-column-is-layout-flow\">\n<div class=\"wp-block-etoro-card wp-block-etoro-card-size-small wp-block-etoro-card-thumbnail-position-side wp-block-etoro-card-default\"><img decoding=\"async\" src=\"https:\/\/www.etoro.com\/wp-content\/uploads\/2022\/12\/portugal.png\" alt=\"\" class=\"wp-block-etoro-card-thumbnail\"\/><div class=\"wp-block-etoro-card-body\"><div class=\"wp-block-etoro-card-content\">\n<p><a href=\"https:\/\/help.etoro.com\/s\/article\/Tax-Report-for-Portuguese-Residents?language=fr\">Portugal<\/a><\/p>\n<\/div><\/div><\/div>\n<\/div>\n\n\n\n<div class=\"wp-block-column is-layout-flow wp-block-column-is-layout-flow\">\n<div class=\"wp-block-etoro-card wp-block-etoro-card-size-small wp-block-etoro-card-thumbnail-position-side wp-block-etoro-card-default\"><img decoding=\"async\" src=\"https:\/\/www.etoro.com\/wp-content\/uploads\/2022\/12\/spain.png\" alt=\"\" class=\"wp-block-etoro-card-thumbnail\"\/><div class=\"wp-block-etoro-card-body\"><div class=\"wp-block-etoro-card-content\">\n<p><a href=\"https:\/\/help.etoro.com\/s\/article\/Tax-Report-for-Spanish-Residents?language=fr\">Espa\u00f1a<\/a><\/p>\n<\/div><\/div><\/div>\n<\/div>\n\n\n\n<div class=\"wp-block-column is-layout-flow wp-block-column-is-layout-flow\">\n<div class=\"wp-block-etoro-card wp-block-etoro-card-size-small wp-block-etoro-card-thumbnail-position-side wp-block-etoro-card-default\"><img decoding=\"async\" src=\"https:\/\/www.etoro.com\/wp-content\/uploads\/2024\/01\/Sweden.png\" alt=\"\" class=\"wp-block-etoro-card-thumbnail\"\/><div class=\"wp-block-etoro-card-body\"><div class=\"wp-block-etoro-card-content\">\n<p><a href=\"https:\/\/help.etoro.com\/s\/article\/Tax-Report-for-Swedish-Residents?language=fr\">Sweden<\/a><\/p>\n<\/div><\/div><\/div>\n<\/div>\n\n\n\n<div class=\"wp-block-column is-layout-flow wp-block-column-is-layout-flow\">\n<div class=\"wp-block-etoro-card wp-block-etoro-card-size-small wp-block-etoro-card-thumbnail-position-side wp-block-etoro-card-default\"><img decoding=\"async\" src=\"https:\/\/www.etoro.com\/wp-content\/uploads\/2023\/05\/CH.png\" alt=\"\" class=\"wp-block-etoro-card-thumbnail\"\/><div class=\"wp-block-etoro-card-body\"><div class=\"wp-block-etoro-card-content\">\n<p><a href=\"https:\/\/help.etoro.com\/s\/article\/Tax-Report-for-Swiss-Residents?language=fr\">Switzerland<\/a><\/p>\n<\/div><\/div><\/div>\n<\/div>\n<\/div>\n\n\n\n<div class=\"wp-block-columns are-vertically-aligned-center wp-block-columns-4 is-layout-flex wp-container-core-columns-is-layout-9 wp-block-columns-is-layout-flex\">\n<div class=\"wp-block-column is-layout-flow wp-block-column-is-layout-flow\">\n<div class=\"wp-block-etoro-card wp-block-etoro-card-size-small wp-block-etoro-card-thumbnail-position-side wp-block-etoro-card-default\"><img decoding=\"async\" src=\"https:\/\/www.etoro.com\/wp-content\/uploads\/2022\/12\/uk.png\" alt=\"\" class=\"wp-block-etoro-card-thumbnail\"\/><div class=\"wp-block-etoro-card-body\"><div class=\"wp-block-etoro-card-content\">\n<p><a href=\"https:\/\/www.etoro.com\/customer-service\/tax-report-uk\/\">Royaume-Uni<\/a><\/p>\n<\/div><\/div><\/div>\n<\/div>\n\n\n\n<div class=\"wp-block-column is-layout-flow wp-block-column-is-layout-flow\"><\/div>\n\n\n\n<div class=\"wp-block-column is-layout-flow wp-block-column-is-layout-flow\"><\/div>\n\n\n\n<div class=\"wp-block-column is-layout-flow wp-block-column-is-layout-flow\"><\/div>\n<\/div>\n\n\n\n<div class=\"wp-block-columns are-vertically-aligned-top wp-block-columns-1 is-layout-flex wp-container-core-columns-is-layout-10 wp-block-columns-is-layout-flex\">\n<div class=\"wp-block-column is-layout-flow wp-block-column-is-layout-flow\">\n<p><em>Toutes les donn\u00e9es d\u00e9clar\u00e9es dans la d\u00e9claration fiscale sont strictement \u00e0 des fins d\u2019information uniquement.<\/em><\/p>\n\n\n\n<p><em>Il n\u2019est pas con\u00e7u comme une d\u00e9claration fiscale ou comme un substitut \u00e0 un avis juridique.<\/em><\/p>\n\n\n\n<p><em>Nous vous conseillons vivement de v\u00e9rifier la d\u00e9claration fiscale aupr\u00e8s de votre conseiller fiscal.<\/em><\/p>\n\n\n\n<p><em>eToro ne fournit pas de conseils fiscaux et cette page est uniquement \u00e0 des fins d\u2019information.<\/em><\/p>\n<\/div>\n<\/div>\n<\/div><\/section>\n","protected":false},"excerpt":{"rendered":"<p>Rapport fiscal eToro Un rapport annuel d\u00e9taill\u00e9 avec les informations financi\u00e8res pertinentes sur toutes vos transactions eToro. Qu\u2019est-ce que&nbsp;le rapport fiscal d\u2019eToro ? Le rapport fiscal eToro est un nouveau service que nous proposons aux membres de notre club. Il s\u2019agit d\u2019un rapport d\u00e9taill\u00e9 produit chaque ann\u00e9e avec les informations financi\u00e8res pertinentes sur toutes vos&hellip;<\/p>\n","protected":false},"author":75,"featured_media":0,"parent":6958,"menu_order":0,"comment_status":"closed","ping_status":"closed","template":"","meta":{"_acf_changed":false,"inline_featured_image":false,"sticky_cta_settings":"","footnotes":""},"asset_type":[],"class_list":["post-527227","page","type-page","status-publish","hentry"],"acf":[],"yoast_head":"<title>Rapport fiscal eToro<\/title>\n<meta name=\"description\" content=\"Le rapport fiscal eToro est un rapport produit annuellement avec les informations financi\u00e8res pertinentes sur toutes vos transactions eToro.\" \/>\n<meta name=\"robots\" content=\"index, follow, max-snippet:-1, max-image-preview:large, max-video-preview:-1\" \/>\n<link rel=\"canonical\" href=\"https:\/\/www.etoro.com\/fr\/wp-json\/wp\/v2\/pages\/527227\" \/>\n<meta property=\"og:locale\" content=\"fr_FR\" \/>\n<meta property=\"og:type\" content=\"article\" \/>\n<meta property=\"og:title\" content=\"Rapport fiscal eToro\" \/>\n<meta property=\"og:description\" content=\"Le rapport fiscal eToro est un rapport produit annuellement avec les informations financi\u00e8res pertinentes sur toutes vos transactions eToro.\" \/>\n<meta property=\"og:url\" content=\"https:\/\/www.etoro.com\/fr\/wp-json\/wp\/v2\/pages\/527227\" \/>\n<meta property=\"og:site_name\" content=\"eToro\" \/>\n<meta property=\"article:publisher\" content=\"https:\/\/www.facebook.com\/eToro\/\" \/>\n<meta property=\"article:modified_time\" content=\"2026-02-11T18:05:16+00:00\" \/>\n<meta property=\"og:image\" content=\"https:\/\/www.etoro.com\/wp-content\/uploads\/2022\/10\/Image-20.png\" \/>\n\t<meta property=\"og:image:width\" content=\"576\" \/>\n\t<meta property=\"og:image:height\" content=\"394\" \/>\n\t<meta property=\"og:image:type\" content=\"image\/png\" \/>\n<meta name=\"twitter:card\" content=\"summary_large_image\" \/>\n<meta name=\"twitter:site\" content=\"@eToro\" \/>\n<meta name=\"twitter:label1\" content=\"Est. reading time\" \/>\n\t<meta name=\"twitter:data1\" content=\"2 minutes\" \/>\n<script type=\"application\/ld+json\" class=\"yoast-schema-graph\">{\"@context\":\"https:\/\/schema.org\",\"@graph\":[{\"@type\":\"WebPage\",\"@id\":\"https:\/\/www.etoro.com\/fr\/customer-service\/tax-report\/\",\"url\":\"https:\/\/www.etoro.com\/fr\/customer-service\/tax-report\/\",\"name\":\"Rapport fiscal eToro\",\"isPartOf\":{\"@id\":\"https:\/\/www.etoro.com\/fr\/#website\"},\"primaryImageOfPage\":{\"@id\":\"https:\/\/www.etoro.com\/fr\/customer-service\/tax-report\/#primaryimage\"},\"image\":{\"@id\":\"https:\/\/www.etoro.com\/fr\/customer-service\/tax-report\/#primaryimage\"},\"thumbnailUrl\":\"https:\/\/www.etoro.com\/wp-content\/uploads\/2022\/10\/Image-20.png\",\"datePublished\":\"2022-10-26T09:40:22+00:00\",\"dateModified\":\"2026-02-11T18:05:16+00:00\",\"description\":\"Le rapport fiscal eToro est un rapport produit annuellement avec les informations financi\u00e8res pertinentes sur toutes vos transactions eToro.\",\"breadcrumb\":{\"@id\":\"https:\/\/www.etoro.com\/fr\/customer-service\/tax-report\/#breadcrumb\"},\"inLanguage\":\"fr\",\"potentialAction\":[{\"@type\":\"ReadAction\",\"target\":[\"https:\/\/www.etoro.com\/fr\/customer-service\/tax-report\/\"]}]},{\"@type\":\"ImageObject\",\"inLanguage\":\"fr\",\"@id\":\"https:\/\/www.etoro.com\/fr\/customer-service\/tax-report\/#primaryimage\",\"url\":\"https:\/\/www.etoro.com\/wp-content\/uploads\/2022\/10\/Image-20.png\",\"contentUrl\":\"https:\/\/www.etoro.com\/wp-content\/uploads\/2022\/10\/Image-20.png\"},{\"@type\":\"BreadcrumbList\",\"@id\":\"https:\/\/www.etoro.com\/fr\/customer-service\/tax-report\/#breadcrumb\",\"itemListElement\":[{\"@type\":\"ListItem\",\"position\":1,\"name\":\"Accueil\",\"item\":\"https:\/\/www.etoro.com\/fr\/\"},{\"@type\":\"ListItem\",\"position\":2,\"name\":\"SERVICE CLIENT\",\"item\":\"https:\/\/www.etoro.com\/fr\/customer-service\/\"},{\"@type\":\"ListItem\",\"position\":3,\"name\":\"Rapport fiscal eToro\"}]},{\"@type\":\"WebSite\",\"@id\":\"https:\/\/www.etoro.com\/fr\/#website\",\"url\":\"https:\/\/www.etoro.com\/fr\/\",\"name\":\"eToro\",\"description\":\"\",\"publisher\":{\"@id\":\"https:\/\/www.etoro.com\/fr\/#organization\"},\"potentialAction\":[{\"@type\":\"SearchAction\",\"target\":{\"@type\":\"EntryPoint\",\"urlTemplate\":\"https:\/\/www.etoro.com\/fr\/?s={search_term_string}\"},\"query-input\":{\"@type\":\"PropertyValueSpecification\",\"valueRequired\":true,\"valueName\":\"search_term_string\"}}],\"inLanguage\":\"fr\"},[]]}<\/script>","yoast_head_json":{"title":"Rapport fiscal eToro","description":"Le rapport fiscal eToro est un rapport produit annuellement avec les informations financi\u00e8res pertinentes sur toutes vos transactions eToro.","robots":{"index":"index","follow":"follow","max-snippet":"max-snippet:-1","max-image-preview":"max-image-preview:large","max-video-preview":"max-video-preview:-1"},"canonical":"https:\/\/www.etoro.com\/fr\/wp-json\/wp\/v2\/pages\/527227","og_locale":"fr_FR","og_type":"article","og_title":"Rapport fiscal eToro","og_description":"Le rapport fiscal eToro est un rapport produit annuellement avec les informations financi\u00e8res pertinentes sur toutes vos transactions eToro.","og_url":"https:\/\/www.etoro.com\/fr\/wp-json\/wp\/v2\/pages\/527227","og_site_name":"eToro","article_publisher":"https:\/\/www.facebook.com\/eToro\/","article_modified_time":"2026-02-11T18:05:16+00:00","og_image":[{"width":576,"height":394,"url":"https:\/\/www.etoro.com\/wp-content\/uploads\/2022\/10\/Image-20.png","type":"image\/png"}],"twitter_card":"summary_large_image","twitter_site":"@eToro","twitter_misc":{"Est. reading time":"2 minutes"},"schema":{"@context":"https:\/\/schema.org","@graph":[{"@type":"WebPage","@id":"https:\/\/www.etoro.com\/fr\/customer-service\/tax-report\/","url":"https:\/\/www.etoro.com\/fr\/customer-service\/tax-report\/","name":"Rapport fiscal eToro","isPartOf":{"@id":"https:\/\/www.etoro.com\/fr\/#website"},"primaryImageOfPage":{"@id":"https:\/\/www.etoro.com\/fr\/customer-service\/tax-report\/#primaryimage"},"image":{"@id":"https:\/\/www.etoro.com\/fr\/customer-service\/tax-report\/#primaryimage"},"thumbnailUrl":"https:\/\/www.etoro.com\/wp-content\/uploads\/2022\/10\/Image-20.png","datePublished":"2022-10-26T09:40:22+00:00","dateModified":"2026-02-11T18:05:16+00:00","description":"Le rapport fiscal eToro est un rapport produit annuellement avec les informations financi\u00e8res pertinentes sur toutes vos transactions eToro.","breadcrumb":{"@id":"https:\/\/www.etoro.com\/fr\/customer-service\/tax-report\/#breadcrumb"},"inLanguage":"fr","potentialAction":[{"@type":"ReadAction","target":["https:\/\/www.etoro.com\/fr\/customer-service\/tax-report\/"]}]},{"@type":"ImageObject","inLanguage":"fr","@id":"https:\/\/www.etoro.com\/fr\/customer-service\/tax-report\/#primaryimage","url":"https:\/\/www.etoro.com\/wp-content\/uploads\/2022\/10\/Image-20.png","contentUrl":"https:\/\/www.etoro.com\/wp-content\/uploads\/2022\/10\/Image-20.png"},{"@type":"BreadcrumbList","@id":"https:\/\/www.etoro.com\/fr\/customer-service\/tax-report\/#breadcrumb","itemListElement":[{"@type":"ListItem","position":1,"name":"Accueil","item":"https:\/\/www.etoro.com\/fr\/"},{"@type":"ListItem","position":2,"name":"SERVICE CLIENT","item":"https:\/\/www.etoro.com\/fr\/customer-service\/"},{"@type":"ListItem","position":3,"name":"Rapport fiscal eToro"}]},{"@type":"WebSite","@id":"https:\/\/www.etoro.com\/fr\/#website","url":"https:\/\/www.etoro.com\/fr\/","name":"eToro","description":"","publisher":{"@id":"https:\/\/www.etoro.com\/fr\/#organization"},"potentialAction":[{"@type":"SearchAction","target":{"@type":"EntryPoint","urlTemplate":"https:\/\/www.etoro.com\/fr\/?s={search_term_string}"},"query-input":{"@type":"PropertyValueSpecification","valueRequired":true,"valueName":"search_term_string"}}],"inLanguage":"fr"},[]]}},"_links":{"self":[{"href":"https:\/\/www.etoro.com\/fr\/wp-json\/wp\/v2\/pages\/527227"}],"collection":[{"href":"https:\/\/www.etoro.com\/fr\/wp-json\/wp\/v2\/pages"}],"about":[{"href":"https:\/\/www.etoro.com\/fr\/wp-json\/wp\/v2\/types\/page"}],"author":[{"embeddable":true,"href":"https:\/\/www.etoro.com\/fr\/wp-json\/wp\/v2\/users\/75"}],"replies":[{"embeddable":true,"href":"https:\/\/www.etoro.com\/fr\/wp-json\/wp\/v2\/comments?post=527227"}],"version-history":[{"count":0,"href":"https:\/\/www.etoro.com\/fr\/wp-json\/wp\/v2\/pages\/527227\/revisions"}],"up":[{"embeddable":true,"href":"https:\/\/www.etoro.com\/fr\/wp-json\/wp\/v2\/pages\/6958"}],"wp:attachment":[{"href":"https:\/\/www.etoro.com\/fr\/wp-json\/wp\/v2\/media?parent=527227"}],"wp:term":[{"taxonomy":"asset_type","embeddable":true,"href":"https:\/\/www.etoro.com\/fr\/wp-json\/wp\/v2\/asset_type?post=527227"}],"curies":[{"name":"wp","href":"https:\/\/api.w.org\/{rel}","templated":true}]}}