{"id":569188,"date":"2022-11-21T16:21:16","date_gmt":"2022-11-21T14:21:16","guid":{"rendered":"https:\/\/www.etoro.com\/about\/anti-money-laundering\/"},"modified":"2023-03-30T14:21:11","modified_gmt":"2023-03-30T11:21:11","slug":"anti-money-laundering","status":"publish","type":"page","link":"https:\/\/www.etoro.com\/fr\/about\/anti-money-laundering\/","title":{"rendered":"Anti-Money Laundering (AML) at eToro"},"content":{"rendered":"","protected":false},"excerpt":{"rendered":"","protected":false},"author":95,"featured_media":525678,"parent":6896,"menu_order":0,"comment_status":"closed","ping_status":"closed","template":"flexible-template.php","meta":{"_acf_changed":false,"inline_featured_image":false,"sticky_cta_settings":"","footnotes":""},"asset_type":[],"class_list":["post-569188","page","type-page","status-publish","has-post-thumbnail","hentry"],"acf":[],"yoast_head":"<title>Politique anti-blanchiment d&#039;argent (AML) | eToro<\/title>\n<meta name=\"description\" content=\"La politique AML d&#039;eToro pr\u00e9vient les activit\u00e9s criminelles sur la plateforme et s&#039;assurer que toute activit\u00e9 financi\u00e8re suspecte soit rapidement examin\u00e9e.\" \/>\n<meta name=\"robots\" content=\"index, follow, max-snippet:-1, max-image-preview:large, max-video-preview:-1\" \/>\n<link rel=\"canonical\" href=\"https:\/\/www.etoro.com\/fr\/wp-json\/wp\/v2\/pages\/569188\" \/>\n<meta property=\"og:locale\" content=\"fr_FR\" \/>\n<meta property=\"og:type\" content=\"article\" \/>\n<meta property=\"og:title\" content=\"Politique anti-blanchiment d&#039;argent (AML) | eToro\" \/>\n<meta property=\"og:description\" content=\"La politique AML d&#039;eToro pr\u00e9vient les activit\u00e9s criminelles sur la plateforme et s&#039;assurer que toute activit\u00e9 financi\u00e8re suspecte soit rapidement examin\u00e9e.\" \/>\n<meta property=\"og:url\" content=\"https:\/\/www.etoro.com\/fr\/wp-json\/wp\/v2\/pages\/569188\" \/>\n<meta property=\"og:site_name\" content=\"eToro\" \/>\n<meta property=\"article:publisher\" content=\"https:\/\/www.facebook.com\/eToro\/\" \/>\n<meta property=\"article:modified_time\" content=\"2023-03-30T11:21:11+00:00\" \/>\n<meta property=\"og:image\" content=\"https:\/\/www.etoro.com\/wp-content\/uploads\/2022\/11\/Featured-image-1200x630-1.png\" \/>\n\t<meta property=\"og:image:width\" content=\"1200\" \/>\n\t<meta property=\"og:image:height\" content=\"630\" \/>\n\t<meta property=\"og:image:type\" content=\"image\/png\" \/>\n<meta name=\"twitter:card\" content=\"summary_large_image\" \/>\n<meta name=\"twitter:image\" content=\"https:\/\/www.etoro.com\/wp-content\/uploads\/2022\/11\/Featured-image-1200x630-1.png\" \/>\n<meta name=\"twitter:site\" content=\"@eToro\" \/>\n<script type=\"application\/ld+json\" class=\"yoast-schema-graph\">{\"@context\":\"https:\/\/schema.org\",\"@graph\":[{\"@type\":\"WebPage\",\"@id\":\"https:\/\/www.etoro.com\/fr\/about\/anti-money-laundering\/\",\"url\":\"https:\/\/www.etoro.com\/fr\/about\/anti-money-laundering\/\",\"name\":\"Politique anti-blanchiment d'argent (AML) | eToro\",\"isPartOf\":{\"@id\":\"https:\/\/www.etoro.com\/fr\/#website\"},\"primaryImageOfPage\":{\"@id\":\"https:\/\/www.etoro.com\/fr\/about\/anti-money-laundering\/#primaryimage\"},\"image\":{\"@id\":\"https:\/\/www.etoro.com\/fr\/about\/anti-money-laundering\/#primaryimage\"},\"thumbnailUrl\":\"https:\/\/www.etoro.com\/wp-content\/uploads\/2022\/11\/Featured-image-1200x630-1.png\",\"datePublished\":\"2022-11-21T14:21:16+00:00\",\"dateModified\":\"2023-03-30T11:21:11+00:00\",\"description\":\"La politique AML d'eToro pr\u00e9vient les activit\u00e9s criminelles sur la plateforme et s'assurer que toute activit\u00e9 financi\u00e8re suspecte soit rapidement examin\u00e9e.\",\"breadcrumb\":{\"@id\":\"https:\/\/www.etoro.com\/fr\/about\/anti-money-laundering\/#breadcrumb\"},\"inLanguage\":\"fr\",\"potentialAction\":[{\"@type\":\"ReadAction\",\"target\":[\"https:\/\/www.etoro.com\/fr\/about\/anti-money-laundering\/\"]}]},{\"@type\":\"ImageObject\",\"inLanguage\":\"fr\",\"@id\":\"https:\/\/www.etoro.com\/fr\/about\/anti-money-laundering\/#primaryimage\",\"url\":\"https:\/\/www.etoro.com\/wp-content\/uploads\/2022\/11\/Featured-image-1200x630-1.png\",\"contentUrl\":\"https:\/\/www.etoro.com\/wp-content\/uploads\/2022\/11\/Featured-image-1200x630-1.png\",\"width\":1200,\"height\":630},{\"@type\":\"BreadcrumbList\",\"@id\":\"https:\/\/www.etoro.com\/fr\/about\/anti-money-laundering\/#breadcrumb\",\"itemListElement\":[{\"@type\":\"ListItem\",\"position\":1,\"name\":\"Accueil\",\"item\":\"https:\/\/www.etoro.com\/fr\/\"},{\"@type\":\"ListItem\",\"position\":2,\"name\":\"\u00c0 propos\",\"item\":\"https:\/\/www.etoro.com\/fr\/about\/\"},{\"@type\":\"ListItem\",\"position\":3,\"name\":\"AML at eToro\"}]},{\"@type\":\"WebSite\",\"@id\":\"https:\/\/www.etoro.com\/fr\/#website\",\"url\":\"https:\/\/www.etoro.com\/fr\/\",\"name\":\"eToro\",\"description\":\"\",\"publisher\":{\"@id\":\"https:\/\/www.etoro.com\/fr\/#organization\"},\"potentialAction\":[{\"@type\":\"SearchAction\",\"target\":{\"@type\":\"EntryPoint\",\"urlTemplate\":\"https:\/\/www.etoro.com\/fr\/?s={search_term_string}\"},\"query-input\":{\"@type\":\"PropertyValueSpecification\",\"valueRequired\":true,\"valueName\":\"search_term_string\"}}],\"inLanguage\":\"fr\"},[]]}<\/script>","yoast_head_json":{"title":"Politique anti-blanchiment d'argent (AML) | eToro","description":"La politique AML d'eToro pr\u00e9vient les activit\u00e9s criminelles sur la plateforme et s'assurer que toute activit\u00e9 financi\u00e8re suspecte soit rapidement examin\u00e9e.","robots":{"index":"index","follow":"follow","max-snippet":"max-snippet:-1","max-image-preview":"max-image-preview:large","max-video-preview":"max-video-preview:-1"},"canonical":"https:\/\/www.etoro.com\/fr\/wp-json\/wp\/v2\/pages\/569188","og_locale":"fr_FR","og_type":"article","og_title":"Politique anti-blanchiment d'argent (AML) | eToro","og_description":"La politique AML d'eToro pr\u00e9vient les activit\u00e9s criminelles sur la plateforme et s'assurer que toute activit\u00e9 financi\u00e8re suspecte soit rapidement examin\u00e9e.","og_url":"https:\/\/www.etoro.com\/fr\/wp-json\/wp\/v2\/pages\/569188","og_site_name":"eToro","article_publisher":"https:\/\/www.facebook.com\/eToro\/","article_modified_time":"2023-03-30T11:21:11+00:00","og_image":[{"width":1200,"height":630,"url":"https:\/\/www.etoro.com\/wp-content\/uploads\/2022\/11\/Featured-image-1200x630-1.png","type":"image\/png"}],"twitter_card":"summary_large_image","twitter_image":"https:\/\/www.etoro.com\/wp-content\/uploads\/2022\/11\/Featured-image-1200x630-1.png","twitter_site":"@eToro","schema":{"@context":"https:\/\/schema.org","@graph":[{"@type":"WebPage","@id":"https:\/\/www.etoro.com\/fr\/about\/anti-money-laundering\/","url":"https:\/\/www.etoro.com\/fr\/about\/anti-money-laundering\/","name":"Politique anti-blanchiment d'argent (AML) | eToro","isPartOf":{"@id":"https:\/\/www.etoro.com\/fr\/#website"},"primaryImageOfPage":{"@id":"https:\/\/www.etoro.com\/fr\/about\/anti-money-laundering\/#primaryimage"},"image":{"@id":"https:\/\/www.etoro.com\/fr\/about\/anti-money-laundering\/#primaryimage"},"thumbnailUrl":"https:\/\/www.etoro.com\/wp-content\/uploads\/2022\/11\/Featured-image-1200x630-1.png","datePublished":"2022-11-21T14:21:16+00:00","dateModified":"2023-03-30T11:21:11+00:00","description":"La politique AML d'eToro pr\u00e9vient les activit\u00e9s criminelles sur la plateforme et s'assurer que toute activit\u00e9 financi\u00e8re suspecte soit rapidement examin\u00e9e.","breadcrumb":{"@id":"https:\/\/www.etoro.com\/fr\/about\/anti-money-laundering\/#breadcrumb"},"inLanguage":"fr","potentialAction":[{"@type":"ReadAction","target":["https:\/\/www.etoro.com\/fr\/about\/anti-money-laundering\/"]}]},{"@type":"ImageObject","inLanguage":"fr","@id":"https:\/\/www.etoro.com\/fr\/about\/anti-money-laundering\/#primaryimage","url":"https:\/\/www.etoro.com\/wp-content\/uploads\/2022\/11\/Featured-image-1200x630-1.png","contentUrl":"https:\/\/www.etoro.com\/wp-content\/uploads\/2022\/11\/Featured-image-1200x630-1.png","width":1200,"height":630},{"@type":"BreadcrumbList","@id":"https:\/\/www.etoro.com\/fr\/about\/anti-money-laundering\/#breadcrumb","itemListElement":[{"@type":"ListItem","position":1,"name":"Accueil","item":"https:\/\/www.etoro.com\/fr\/"},{"@type":"ListItem","position":2,"name":"\u00c0 propos","item":"https:\/\/www.etoro.com\/fr\/about\/"},{"@type":"ListItem","position":3,"name":"AML at eToro"}]},{"@type":"WebSite","@id":"https:\/\/www.etoro.com\/fr\/#website","url":"https:\/\/www.etoro.com\/fr\/","name":"eToro","description":"","publisher":{"@id":"https:\/\/www.etoro.com\/fr\/#organization"},"potentialAction":[{"@type":"SearchAction","target":{"@type":"EntryPoint","urlTemplate":"https:\/\/www.etoro.com\/fr\/?s={search_term_string}"},"query-input":{"@type":"PropertyValueSpecification","valueRequired":true,"valueName":"search_term_string"}}],"inLanguage":"fr"},[]]}},"_links":{"self":[{"href":"https:\/\/www.etoro.com\/fr\/wp-json\/wp\/v2\/pages\/569188"}],"collection":[{"href":"https:\/\/www.etoro.com\/fr\/wp-json\/wp\/v2\/pages"}],"about":[{"href":"https:\/\/www.etoro.com\/fr\/wp-json\/wp\/v2\/types\/page"}],"author":[{"embeddable":true,"href":"https:\/\/www.etoro.com\/fr\/wp-json\/wp\/v2\/users\/95"}],"replies":[{"embeddable":true,"href":"https:\/\/www.etoro.com\/fr\/wp-json\/wp\/v2\/comments?post=569188"}],"version-history":[{"count":0,"href":"https:\/\/www.etoro.com\/fr\/wp-json\/wp\/v2\/pages\/569188\/revisions"}],"up":[{"embeddable":true,"href":"https:\/\/www.etoro.com\/fr\/wp-json\/wp\/v2\/pages\/6896"}],"wp:featuredmedia":[{"embeddable":true,"href":"https:\/\/www.etoro.com\/fr\/wp-json\/wp\/v2\/media\/525678"}],"wp:attachment":[{"href":"https:\/\/www.etoro.com\/fr\/wp-json\/wp\/v2\/media?parent=569188"}],"wp:term":[{"taxonomy":"asset_type","embeddable":true,"href":"https:\/\/www.etoro.com\/fr\/wp-json\/wp\/v2\/asset_type?post=569188"}],"curies":[{"name":"wp","href":"https:\/\/api.w.org\/{rel}","templated":true}]}}