{"id":648798,"date":"2023-06-14T10:45:54","date_gmt":"2023-06-14T07:45:54","guid":{"rendered":"https:\/\/www.etoro.com\/crypto\/wallet-fees\/"},"modified":"2026-04-06T11:37:19","modified_gmt":"2026-04-06T08:37:19","slug":"wallet","status":"publish","type":"page","link":"https:\/\/www.etoro.com\/fr\/trading\/fees\/wallet\/","title":{"rendered":"Wallet fees"},"content":{"rendered":"\n<section class=\"wp-block-group wp-block-group-boxed\"><div class=\"wp-block-group-inner is-layout-flow wp-block-group-is-layout-flow\">\n<div class=\"wp-block-columns are-vertically-aligned-top wp-block-columns-1 is-layout-flex wp-container-core-columns-is-layout-1 wp-block-columns-is-layout-flex\">\n<div class=\"wp-block-column is-layout-flow wp-block-column-is-layout-flow\">\n<h3 class=\"wp-block-heading\"><strong>Frais de transaction pour l&#8217;envoi et la r\u00e9ception<\/strong><\/h3>\n\n\n\n<p>Des frais sont appliqu\u00e9s lorsque vous transf\u00e9rez vos crypto-actifs vers votre portefeuille crypto eToro.<\/p>\n\n\n\n<ul class=\"wp-block-list wp-block-list wp-block-list-circle\">\n<li>Si vous transf\u00e9rez des crypto-actifs depuis la plateforme eToro, des frais de 2% sont appliqu\u00e9s.<\/li>\n\n\n\n<li>Si vous transf\u00e9rez des crypto-actifs depuis ou vers une source externe, eToro ne vous facture rien. Les seuls frais appliqu\u00e9s sont les frais de blockchain. <\/li>\n<\/ul>\n\n\n\n<p>Remarque : Des frais minimums et maximums s&#8217;appliquent. D\u00e9tails disponibles <a href=\"https:\/\/www.etoro.com\/fr\/crypto\/coin-transfer\/\">ici<\/a>.<\/p>\n\n\n\n<h3 class=\"wp-block-heading\"><strong>Limites d&#8217;envoi de transactions<\/strong><\/h3>\n\n\n\n<p>Les transactions concernant tous les crypto-actifs pris en charge sont limit\u00e9es \u00e0 50 000 $ par transaction et \u00e0 200 000 $ par jour.<\/p>\n\n\n\n<h3 class=\"wp-block-heading\"><strong>Vendre des cryptos pour la paire GBP\/EUR\/AUD<\/strong><\/h3>\n\n\n\n<p>Des frais sont appliqu\u00e9s lorsque vous vendez des cryptos contre de la GBP, de l\u2019EUR, de l&#8217;AUD ou de l\u2019USD sur l&#8217;eToro Crypto Wallet.<\/p>\n\n\n\n<p>Vous recevrez une estimation des frais avant de finaliser la vente.<\/p>\n\n\n\n<p>Remise Club :<\/p>\n\n\n\n<figure class=\"wp-block-table\"><div class=\"wp-block-table-content\"><div class=\"wp-block-table-content-nav wp-block-table-content-nav-left\"><div class=\"wp-block-table-content-nav-arrow wp-block-table-content-nav-arrow-left\"><\/div><\/div><div class=\"wp-block-table-content-nav wp-block-table-content-nav-right\"><div class=\"wp-block-table-content-nav-arrow wp-block-table-content-nav-arrow-right\"><\/div><\/div><div class=\"wp-block-table-content-table\"><table class=\"has-fixed-layout\"><thead><tr><th class=\"has-text-align-center\" data-align=\"center\"><strong>Silver<\/strong><\/th><th class=\"has-text-align-center\" data-align=\"center\"><strong>Gold &amp; Platinum<\/strong><\/th><th class=\"has-text-align-center\" data-align=\"center\"><strong>Platinum+ &amp; Diamond<\/strong><\/th><\/tr><\/thead><tbody><tr><td class=\"has-text-align-center\" data-align=\"center\">1%<\/td><td class=\"has-text-align-center\" data-align=\"center\">remise de 20% (0.8%)<\/td><td class=\"has-text-align-center\" data-align=\"center\">remise de 40%  (0.6%)<\/td><\/tr><\/tbody><\/table><\/div><\/div><\/figure>\n\n\n\n<p><a href=\"https:\/\/www.etoro.com\/fr\/trading\/fees\/\">Page des frais d&#8217;eToro<\/a><\/p>\n\n\n\n<h3 class=\"wp-block-heading\"><strong>Transactions sur Ethereum &amp; ERC20<\/strong><\/h3>\n\n\n\n<p>Dans le but de prot\u00e9ger vos actifs, le portefeuille eToro Crypto d\u00e9ploie une solution multi-signatures qui s&#8217;appuie sur des smarts contrats pour faciliter les transactions sur le r\u00e9seau ethereum. Cependant, tous les fournisseurs de portefeuilles et toutes les bourses ne prennent pas en charge l&#8217;envoi et la r\u00e9ception via des smart contrats. Assurez-vous que le fournisseur d&#8217;adresses du c\u00f4t\u00e9 destinataire prenne en charge les transactions ETH &amp; ERC20 envoy\u00e9es \u00e0 partir d&#8217;adresses multi-signatures. Si vous rencontrez des probl\u00e8mes, vous pouvez contacter le fournisseur d&#8217;adresses du destinataire.<\/p>\n\n\n\n<h3 class=\"wp-block-heading\"><strong>Cr\u00e9ation d&#8217;un portefeuille XRP<\/strong><\/h3>\n\n\n\n<p>L&#8217;ouverture d&#8217;un portefeuille XRP est actuellement possible dans le cadre du processus de transfert de pi\u00e8ces et ne sera pas soumise \u00e0 des frais de cr\u00e9ation de portefeuille XRP.<\/p>\n\n\n\n<h3 class=\"wp-block-heading\"><strong>Cr\u00e9ation d&#8217;un portefeuille XLM<\/strong><\/h3>\n\n\n\n<p>La blockchain Stellar requiert un d\u00e9p\u00f4t minimum non-exploitable de 2,5 XLM afin d&#8217;activer un portefeuille XLM. Une fois le d\u00e9p\u00f4t effectu\u00e9, le portefeuille est activ\u00e9 et vous pouvez le voir sur la blockchain Stellar.<\/p>\n\n\n\n<h3 class=\"wp-block-heading\"><strong>Cr\u00e9ation d\u2019un portefeuille ETH&nbsp;<\/strong><\/h3>\n\n\n\n<p>La cr\u00e9ation d&#8217;un portefeuille d&#8217;ETH est actuellement possible dans le cadre du processus de transfert de pi\u00e8ces et sera exempt\u00e9e des frais de cr\u00e9ation d&#8217;un portefeuille d&#8217;ETH. Les jetons ERC20 ne sont pris en charge que par les utilisateurs qui disposent d\u00e9j\u00e0 de tels portefeuilles.<\/p>\n\n\n\n<p>Aucun nouveau portefeuille ERC20 n&#8217;est actuellement disponible.<\/p>\n\n\n\n<p>Consultez les Conditions G\u00e9n\u00e9rales du wallet <a class=\"link\" href=\"https:\/\/www.etoro.com\/customer-service\/terms-conditions\/#etoro-money:~:text=eToro%20Money%20crypto%20wallet\">ici<\/a>.<\/p>\n\n\n\n<p>Le wallet est fourni par eToroX Limited (\u00ab eToroX \u00bb), une soci\u00e9t\u00e9 \u00e0 responsabilit\u00e9 limit\u00e9e constitu\u00e9e \u00e0 Gibraltar sous le num\u00e9ro d\u2019entreprise 116348 et dont le si\u00e8ge social est situ\u00e9 57\/63 Line Wall Road, Gibraltar. eToroX est un fournisseur de DLT r\u00e9glement\u00e9, autoris\u00e9 par la Commission des services financiers de Gibraltar en vertu de la loi sur les investissements et les services financiers fiduciaires sous le num\u00e9ro de licence FSC1333B.<\/p>\n<\/div>\n<\/div>\n<\/div><\/section>\n","protected":false},"excerpt":{"rendered":"<p>Frais de transaction pour l&#8217;envoi et la r\u00e9ception Des frais sont appliqu\u00e9s lorsque vous transf\u00e9rez vos crypto-actifs vers votre portefeuille crypto eToro. Remarque : Des frais minimums et maximums s&#8217;appliquent. D\u00e9tails disponibles ici. Limites d&#8217;envoi de transactions Les transactions concernant tous les crypto-actifs pris en charge sont limit\u00e9es \u00e0 50 000 $ par transaction et&hellip;<\/p>\n","protected":false},"author":75,"featured_media":623880,"parent":138196,"menu_order":0,"comment_status":"closed","ping_status":"closed","template":"","meta":{"_acf_changed":false,"inline_featured_image":false,"sticky_cta_settings":"","footnotes":""},"asset_type":[],"class_list":["post-648798","page","type-page","status-publish","has-post-thumbnail","hentry"],"acf":[],"yoast_head":"<title>eToro Frais de portefeuille crypto<\/title>\n<meta name=\"description\" content=\"Tout sur les frais du portefeuille de crypto eToro (la conversion, limites d&#039;envoi de transactions et cr\u00e9ation de portefeuilles sp\u00e9cifiques ou g\u00e9n\u00e9raux\u2026).\" \/>\n<meta name=\"robots\" content=\"index, follow, max-snippet:-1, max-image-preview:large, max-video-preview:-1\" \/>\n<link rel=\"canonical\" href=\"https:\/\/www.etoro.com\/fr\/wp-json\/wp\/v2\/pages\/648798\" \/>\n<meta property=\"og:locale\" content=\"fr_FR\" \/>\n<meta property=\"og:type\" content=\"article\" \/>\n<meta property=\"og:title\" content=\"eToro Frais de portefeuille crypto\" \/>\n<meta property=\"og:description\" content=\"Tout sur les frais du portefeuille de crypto eToro (la conversion, limites d&#039;envoi de transactions et cr\u00e9ation de portefeuilles sp\u00e9cifiques ou g\u00e9n\u00e9raux\u2026).\" \/>\n<meta property=\"og:url\" content=\"https:\/\/www.etoro.com\/fr\/wp-json\/wp\/v2\/pages\/648798\" \/>\n<meta property=\"og:site_name\" content=\"eToro\" \/>\n<meta property=\"article:publisher\" content=\"https:\/\/www.facebook.com\/eToro\/\" \/>\n<meta property=\"article:modified_time\" content=\"2026-04-06T08:37:19+00:00\" \/>\n<meta property=\"og:image\" content=\"https:\/\/www.etoro.com\/wp-content\/uploads\/2023\/06\/Wallet-fees.jpg\" \/>\n\t<meta property=\"og:image:width\" content=\"1200\" \/>\n\t<meta property=\"og:image:height\" content=\"630\" \/>\n\t<meta property=\"og:image:type\" content=\"image\/jpeg\" \/>\n<meta name=\"twitter:card\" content=\"summary_large_image\" \/>\n<meta name=\"twitter:site\" content=\"@eToro\" \/>\n<meta name=\"twitter:label1\" content=\"Est. reading time\" \/>\n\t<meta name=\"twitter:data1\" content=\"2 minutes\" \/>\n<script type=\"application\/ld+json\" class=\"yoast-schema-graph\">{\"@context\":\"https:\/\/schema.org\",\"@graph\":[{\"@type\":\"WebPage\",\"@id\":\"https:\/\/www.etoro.com\/fr\/trading\/fees\/wallet\/\",\"url\":\"https:\/\/www.etoro.com\/fr\/trading\/fees\/wallet\/\",\"name\":\"eToro Frais de portefeuille crypto\",\"isPartOf\":{\"@id\":\"https:\/\/www.etoro.com\/fr\/#website\"},\"primaryImageOfPage\":{\"@id\":\"https:\/\/www.etoro.com\/fr\/trading\/fees\/wallet\/#primaryimage\"},\"image\":{\"@id\":\"https:\/\/www.etoro.com\/fr\/trading\/fees\/wallet\/#primaryimage\"},\"thumbnailUrl\":\"https:\/\/www.etoro.com\/wp-content\/uploads\/2023\/06\/Wallet-fees.jpg\",\"datePublished\":\"2023-06-14T07:45:54+00:00\",\"dateModified\":\"2026-04-06T08:37:19+00:00\",\"description\":\"Tout sur les frais du portefeuille de crypto eToro (la conversion, limites d'envoi de transactions et cr\u00e9ation de portefeuilles sp\u00e9cifiques ou g\u00e9n\u00e9raux\u2026).\",\"breadcrumb\":{\"@id\":\"https:\/\/www.etoro.com\/fr\/trading\/fees\/wallet\/#breadcrumb\"},\"inLanguage\":\"fr\",\"potentialAction\":[{\"@type\":\"ReadAction\",\"target\":[\"https:\/\/www.etoro.com\/fr\/trading\/fees\/wallet\/\"]}]},{\"@type\":\"ImageObject\",\"inLanguage\":\"fr\",\"@id\":\"https:\/\/www.etoro.com\/fr\/trading\/fees\/wallet\/#primaryimage\",\"url\":\"https:\/\/www.etoro.com\/wp-content\/uploads\/2023\/06\/Wallet-fees.jpg\",\"contentUrl\":\"https:\/\/www.etoro.com\/wp-content\/uploads\/2023\/06\/Wallet-fees.jpg\",\"width\":1200,\"height\":630,\"caption\":\"Wallet Fees\"},{\"@type\":\"BreadcrumbList\",\"@id\":\"https:\/\/www.etoro.com\/fr\/trading\/fees\/wallet\/#breadcrumb\",\"itemListElement\":[{\"@type\":\"ListItem\",\"position\":1,\"name\":\"Accueil\",\"item\":\"https:\/\/www.etoro.com\/fr\/\"},{\"@type\":\"ListItem\",\"position\":2,\"name\":\"TRADING\",\"item\":\"https:\/\/www.etoro.com\/fr\/trading\/\"},{\"@type\":\"ListItem\",\"position\":3,\"name\":\"Frais\",\"item\":\"https:\/\/www.etoro.com\/fr\/trading\/fees\/\"},{\"@type\":\"ListItem\",\"position\":4,\"name\":\"Wallet fees\"}]},{\"@type\":\"WebSite\",\"@id\":\"https:\/\/www.etoro.com\/fr\/#website\",\"url\":\"https:\/\/www.etoro.com\/fr\/\",\"name\":\"eToro\",\"description\":\"\",\"publisher\":{\"@id\":\"https:\/\/www.etoro.com\/fr\/#organization\"},\"potentialAction\":[{\"@type\":\"SearchAction\",\"target\":{\"@type\":\"EntryPoint\",\"urlTemplate\":\"https:\/\/www.etoro.com\/fr\/?s={search_term_string}\"},\"query-input\":{\"@type\":\"PropertyValueSpecification\",\"valueRequired\":true,\"valueName\":\"search_term_string\"}}],\"inLanguage\":\"fr\"},[]]}<\/script>","yoast_head_json":{"title":"eToro Frais de portefeuille crypto","description":"Tout sur les frais du portefeuille de crypto eToro (la conversion, limites d'envoi de transactions et cr\u00e9ation de portefeuilles sp\u00e9cifiques ou g\u00e9n\u00e9raux\u2026).","robots":{"index":"index","follow":"follow","max-snippet":"max-snippet:-1","max-image-preview":"max-image-preview:large","max-video-preview":"max-video-preview:-1"},"canonical":"https:\/\/www.etoro.com\/fr\/wp-json\/wp\/v2\/pages\/648798","og_locale":"fr_FR","og_type":"article","og_title":"eToro Frais de portefeuille crypto","og_description":"Tout sur les frais du portefeuille de crypto eToro (la conversion, limites d'envoi de transactions et cr\u00e9ation de portefeuilles sp\u00e9cifiques ou g\u00e9n\u00e9raux\u2026).","og_url":"https:\/\/www.etoro.com\/fr\/wp-json\/wp\/v2\/pages\/648798","og_site_name":"eToro","article_publisher":"https:\/\/www.facebook.com\/eToro\/","article_modified_time":"2026-04-06T08:37:19+00:00","og_image":[{"width":1200,"height":630,"url":"https:\/\/www.etoro.com\/wp-content\/uploads\/2023\/06\/Wallet-fees.jpg","type":"image\/jpeg"}],"twitter_card":"summary_large_image","twitter_site":"@eToro","twitter_misc":{"Est. reading time":"2 minutes"},"schema":{"@context":"https:\/\/schema.org","@graph":[{"@type":"WebPage","@id":"https:\/\/www.etoro.com\/fr\/trading\/fees\/wallet\/","url":"https:\/\/www.etoro.com\/fr\/trading\/fees\/wallet\/","name":"eToro Frais de portefeuille crypto","isPartOf":{"@id":"https:\/\/www.etoro.com\/fr\/#website"},"primaryImageOfPage":{"@id":"https:\/\/www.etoro.com\/fr\/trading\/fees\/wallet\/#primaryimage"},"image":{"@id":"https:\/\/www.etoro.com\/fr\/trading\/fees\/wallet\/#primaryimage"},"thumbnailUrl":"https:\/\/www.etoro.com\/wp-content\/uploads\/2023\/06\/Wallet-fees.jpg","datePublished":"2023-06-14T07:45:54+00:00","dateModified":"2026-04-06T08:37:19+00:00","description":"Tout sur les frais du portefeuille de crypto eToro (la conversion, limites d'envoi de transactions et cr\u00e9ation de portefeuilles sp\u00e9cifiques ou g\u00e9n\u00e9raux\u2026).","breadcrumb":{"@id":"https:\/\/www.etoro.com\/fr\/trading\/fees\/wallet\/#breadcrumb"},"inLanguage":"fr","potentialAction":[{"@type":"ReadAction","target":["https:\/\/www.etoro.com\/fr\/trading\/fees\/wallet\/"]}]},{"@type":"ImageObject","inLanguage":"fr","@id":"https:\/\/www.etoro.com\/fr\/trading\/fees\/wallet\/#primaryimage","url":"https:\/\/www.etoro.com\/wp-content\/uploads\/2023\/06\/Wallet-fees.jpg","contentUrl":"https:\/\/www.etoro.com\/wp-content\/uploads\/2023\/06\/Wallet-fees.jpg","width":1200,"height":630,"caption":"Wallet Fees"},{"@type":"BreadcrumbList","@id":"https:\/\/www.etoro.com\/fr\/trading\/fees\/wallet\/#breadcrumb","itemListElement":[{"@type":"ListItem","position":1,"name":"Accueil","item":"https:\/\/www.etoro.com\/fr\/"},{"@type":"ListItem","position":2,"name":"TRADING","item":"https:\/\/www.etoro.com\/fr\/trading\/"},{"@type":"ListItem","position":3,"name":"Frais","item":"https:\/\/www.etoro.com\/fr\/trading\/fees\/"},{"@type":"ListItem","position":4,"name":"Wallet fees"}]},{"@type":"WebSite","@id":"https:\/\/www.etoro.com\/fr\/#website","url":"https:\/\/www.etoro.com\/fr\/","name":"eToro","description":"","publisher":{"@id":"https:\/\/www.etoro.com\/fr\/#organization"},"potentialAction":[{"@type":"SearchAction","target":{"@type":"EntryPoint","urlTemplate":"https:\/\/www.etoro.com\/fr\/?s={search_term_string}"},"query-input":{"@type":"PropertyValueSpecification","valueRequired":true,"valueName":"search_term_string"}}],"inLanguage":"fr"},[]]}},"_links":{"self":[{"href":"https:\/\/www.etoro.com\/fr\/wp-json\/wp\/v2\/pages\/648798"}],"collection":[{"href":"https:\/\/www.etoro.com\/fr\/wp-json\/wp\/v2\/pages"}],"about":[{"href":"https:\/\/www.etoro.com\/fr\/wp-json\/wp\/v2\/types\/page"}],"author":[{"embeddable":true,"href":"https:\/\/www.etoro.com\/fr\/wp-json\/wp\/v2\/users\/75"}],"replies":[{"embeddable":true,"href":"https:\/\/www.etoro.com\/fr\/wp-json\/wp\/v2\/comments?post=648798"}],"version-history":[{"count":0,"href":"https:\/\/www.etoro.com\/fr\/wp-json\/wp\/v2\/pages\/648798\/revisions"}],"up":[{"embeddable":true,"href":"https:\/\/www.etoro.com\/fr\/wp-json\/wp\/v2\/pages\/138196"}],"wp:featuredmedia":[{"embeddable":true,"href":"https:\/\/www.etoro.com\/fr\/wp-json\/wp\/v2\/media\/623880"}],"wp:attachment":[{"href":"https:\/\/www.etoro.com\/fr\/wp-json\/wp\/v2\/media?parent=648798"}],"wp:term":[{"taxonomy":"asset_type","embeddable":true,"href":"https:\/\/www.etoro.com\/fr\/wp-json\/wp\/v2\/asset_type?post=648798"}],"curies":[{"name":"wp","href":"https:\/\/api.w.org\/{rel}","templated":true}]}}