{"id":673524,"date":"2023-07-26T16:17:58","date_gmt":"2023-07-26T13:17:58","guid":{"rendered":"https:\/\/www.etoro.com\/customer-service\/trading-restriction\/"},"modified":"2023-10-19T17:58:04","modified_gmt":"2023-10-19T14:58:04","slug":"trading-restriction","status":"publish","type":"page","link":"https:\/\/www.etoro.com\/fr\/customer-service\/terms-conditions\/trading-restriction\/","title":{"rendered":"Mise \u00e0 jour Trading"},"content":{"rendered":"\n<section class=\"wp-block-group wp-block-group-boxed has-white-background-color has-background\"><div class=\"wp-block-group-inner is-layout-flow wp-block-group-is-layout-flow\">\n<div class=\"wp-block-columns are-vertically-aligned-top wp-block-columns-1 wp-block-columns-size-14 is-layout-flex wp-container-core-columns-is-layout-1 wp-block-columns-is-layout-flex\">\n<div class=\"wp-block-column wp-block-column-align-desktop-center wp-block-column-align-mobile-left is-layout-flow wp-block-column-is-layout-flow\">\n<h2 class=\"wp-block-heading has-text-align-center\">Restrictions trading de cryptos<\/h2>\n\n\n\n<p class=\"has-text-align-center\">\u00c9tant donn\u00e9 le potentiel de pertes, la Financial Conduct Authority (FCA) consid\u00e8re cet investissement comme \u00e9tant \u00e0 haut risque.<\/p>\n<\/div>\n<\/div>\n<\/div><\/section>\n\n\n\n<section class=\"wp-block-group wp-block-group-boxed\"><div class=\"wp-block-group-inner is-layout-flow wp-block-group-is-layout-flow\">\n<div class=\"wp-block-columns are-vertically-aligned-top wp-block-columns-1 wp-block-columns-size-14 is-layout-flex wp-container-core-columns-is-layout-2 wp-block-columns-is-layout-flex\">\n<div class=\"wp-block-column is-layout-flow wp-block-column-is-layout-flow\">\n<h2 class=\"wp-block-heading\">Quels sont les <strong>principaux risques <\/strong>?<\/h2>\n\n\n\n<h3 class=\"wp-block-heading\">1. Vous pouvez perdre la totalit\u00e9 de l&#8217;argent que vous avez investi<\/h3>\n\n\n\n<ul class=\"wp-block-list wp-block-list-circle\">\n<li>Les performances associ\u00e9es \u00e0 la plupart des crypto-actifs peuvent varier consid\u00e9rablement, la valeur de ces derniers pouvant chuter aussi rapidement qu&#8217;elle peut s&#8217;\u00e9lever. Vous devez \u00eatre pr\u00eat \u00e0 perdre tout l&#8217;argent que vous investissez dans les crypto-actifs.<\/li>\n\n\n\n<li>Le march\u00e9 des crypto-actifs est tr\u00e8s peu r\u00e9glement\u00e9. Vous pouvez donc \u00eatre expos\u00e9 au risque de perdre de l&#8217;argent ou les crypto-actifs que vous achetez suite \u00e0 des risques comme les cyber-attaques, la criminalit\u00e9 financi\u00e8re et la faillite d&#8217;une entreprise.<\/li>\n<\/ul>\n<\/div>\n<\/div>\n<\/div><\/section>\n\n\n\n<section class=\"wp-block-group wp-block-group-boxed has-white-background-color has-background\"><div class=\"wp-block-group-inner is-layout-flow wp-block-group-is-layout-flow\">\n<div class=\"wp-block-columns are-vertically-aligned-top wp-block-columns-1 wp-block-columns-size-14 is-layout-flex wp-container-core-columns-is-layout-3 wp-block-columns-is-layout-flex\">\n<div class=\"wp-block-column is-layout-flow wp-block-column-is-layout-flow\">\n<h3 class=\"wp-block-heading\">2. Vous ne pouvez pas vous attendre \u00e0 \u00eatre prot\u00e9g\u00e9 en cas de probl\u00e8me.<\/h3>\n\n\n\n<ul class=\"wp-block-list wp-block-list-circle\">\n<li>Le Financial Services Compensation Scheme (FSCS) ne prot\u00e8ge pas ce type d&#8217;investissement dans la mesure o\u00f9 il ne s&#8217;agit pas d&#8217;un investissement dans le cadre du r\u00e9gime r\u00e9glementaire britannique. En d&#8217;autres termes, ce type d&#8217;investissement n&#8217;est pas reconnu comme un type d&#8217;investissement pouvant \u00eatre prot\u00e9g\u00e9 par le FSCS. Pour en savoir plus, consultez la page de v\u00e9rification de la protection des investissements de la FSCS. [<a href=\"https:\/\/www.fscs.org.uk\/check\/investment-protection-checker\" rel=\"nofollow noopener noreferrer\" >https:\/\/www.fscs.org.uk\/check\/investment-protection-checker<\/a>].<\/li>\n\n\n\n<li>Le Financial Ombudsman Service (FOS) ne pourra pas examiner les plaintes relatives \u00e0 cette entreprise ou la couverture du Financial Ombudsman Service (FOS) ne porte pas sur les mauvaises performances d&#8217;investissement. Si vous souhaitez d\u00e9poser une plainte contre une soci\u00e9t\u00e9 r\u00e9glement\u00e9e par la FCA, il se peut que le FOS soit en mesure de l&#8217;examiner. Pour en savoir plus sur la protection du FOS, consultez la page suivante. [<a href=\"https:\/\/www.financial-ombudsman.org.uk\/consumers\" rel=\"nofollow noopener noreferrer\" >https:\/\/www.financial-ombudsman.org.uk\/consumers<\/a>].<\/li>\n<\/ul>\n<\/div>\n<\/div>\n<\/div><\/section>\n\n\n\n<section class=\"wp-block-group wp-block-group-boxed\"><div class=\"wp-block-group-inner is-layout-flow wp-block-group-is-layout-flow\">\n<div class=\"wp-block-columns are-vertically-aligned-top wp-block-columns-1 wp-block-columns-size-14 is-layout-flex wp-container-core-columns-is-layout-4 wp-block-columns-is-layout-flex\">\n<div class=\"wp-block-column is-layout-flow wp-block-column-is-layout-flow\">\n<h3 class=\"wp-block-heading\">3. Il est possible que vous ne soyez pas en mesure de vendre votre investissement au moment o\u00f9 vous le souhaitez<\/h3>\n\n\n\n<ul class=\"wp-block-list wp-block-list-circle\">\n<li>Rien ne garantit que les investissements dans les crypto-actifs puissent \u00eatre facilement vendus \u00e0 tout moment. La capacit\u00e9 de vendre un actif cryptographique repose sur divers facteurs, y compris l&#8217;offre et la demande sur le march\u00e9 \u00e0 ce moment-l\u00e0.<\/li>\n\n\n\n<li>Des d\u00e9faillances op\u00e9rationnelles (pannes technologiques, cyber-attaques, confusion des fonds, etc.) peuvent entra\u00eener des retards non souhait\u00e9s et vous pourriez ne pas \u00eatre en mesure de vendre vos crypto-actifs au moment voulu.<\/li>\n<\/ul>\n<\/div>\n<\/div>\n<\/div><\/section>\n\n\n\n<section class=\"wp-block-group wp-block-group-boxed has-white-background-color has-background\"><div class=\"wp-block-group-inner is-layout-flow wp-block-group-is-layout-flow\">\n<div class=\"wp-block-columns are-vertically-aligned-top wp-block-columns-1 wp-block-columns-size-14 is-layout-flex wp-container-core-columns-is-layout-5 wp-block-columns-is-layout-flex\">\n<div class=\"wp-block-column is-layout-flow wp-block-column-is-layout-flow\">\n<h3 class=\"wp-block-heading\">4. Les investissements dans les crypto-actifs peuvent \u00eatre complexes<\/h3>\n\n\n\n<ul class=\"wp-block-list wp-block-list-circle\">\n<li>En raison de la complexit\u00e9 des investissements dans les crypto-actifs, il est parfois d\u00e9licat de comprendre les risques associ\u00e9s \u00e0 l&#8217;investissement.<\/li>\n\n\n\n<li>Il est pr\u00e9f\u00e9rable de faire vos propres recherches avant d&#8217;investir. Si quelque chose semble trop beau pour \u00eatre vrai, c&#8217;est probablement le cas.<\/li>\n<\/ul>\n<\/div>\n<\/div>\n<\/div><\/section>\n\n\n\n<section class=\"wp-block-group wp-block-group-boxed\"><div class=\"wp-block-group-inner is-layout-flow wp-block-group-is-layout-flow\">\n<div class=\"wp-block-columns are-vertically-aligned-top wp-block-columns-1 wp-block-columns-size-14 is-layout-flex wp-container-core-columns-is-layout-6 wp-block-columns-is-layout-flex\">\n<div class=\"wp-block-column is-layout-flow wp-block-column-is-layout-flow\">\n<h3 class=\"wp-block-heading\">5. Ne mettez pas tous vos \u0153ufs dans le m\u00eame panier<\/h3>\n\n\n\n<ul class=\"wp-block-list wp-block-list-circle\">\n<li>Il est risqu\u00e9 de placer tout son argent dans un seul type d&#8217;investissement. Le fait de r\u00e9partir votre argent sur diff\u00e9rents types d&#8217;investissement permet d&#8217;\u00eatre moins d\u00e9pendant de la r\u00e9ussite de l&#8217;un d&#8217;entre eux.<br><\/li>\n\n\n\n<li>En r\u00e8gle g\u00e9n\u00e9rale, ne placez pas plus de 10 % de votre argent dans des investissements \u00e0 haut risque. [<a href=\"https:\/\/www.fca.org.uk\/investsmart\/5-questions-ask-you-invest\" rel=\"nofollow noopener noreferrer\" >https:\/\/www.fca.org.uk\/investsmart\/5-questions-ask-you-invest<\/a>]<\/li>\n<\/ul>\n\n\n\n<p class=\"is-style-default\">Si vous souhaitez en savoir plus sur la mani\u00e8re de vous prot\u00e9ger, consultez le site web de la FCA. [<a href=\"https:\/\/www.fca.org.uk\/investsmart\" rel=\"nofollow noopener noreferrer\" >https:\/\/www.fca.org.uk\/investsmart<\/a>]<\/p>\n\n\n\n<p class=\"is-style-default\">Pour plus d&#8217;informations sur les crypto-actifs, consultez le site de la FCA. [<a href=\"https:\/\/www.fca.org.uk\/investsmart\/crypto-basics\" rel=\"nofollow noopener noreferrer\" >https:\/\/www.fca.org.uk\/investsmart\/crypto-basics<\/a>]<\/p>\n<\/div>\n<\/div>\n<\/div><\/section>\n","protected":false},"excerpt":{"rendered":"<p>Restrictions trading de cryptos \u00c9tant donn\u00e9 le potentiel de pertes, la Financial Conduct Authority (FCA) consid\u00e8re cet investissement comme \u00e9tant \u00e0 haut risque. Quels sont les principaux risques ? 1. Vous pouvez perdre la totalit\u00e9 de l&#8217;argent que vous avez investi 2. Vous ne pouvez pas vous attendre \u00e0 \u00eatre prot\u00e9g\u00e9 en cas de probl\u00e8me.&hellip;<\/p>\n","protected":false},"author":119,"featured_media":673668,"parent":10765,"menu_order":0,"comment_status":"closed","ping_status":"closed","template":"","meta":{"_acf_changed":false,"inline_featured_image":false,"sticky_cta_settings":"","footnotes":""},"asset_type":[],"class_list":["post-673524","page","type-page","status-publish","has-post-thumbnail","hentry"],"acf":[],"yoast_head":"<title>Mise \u00e0 jour Trading - eToro<\/title>\n<meta name=\"robots\" content=\"noindex, nofollow\" \/>\n<meta property=\"og:locale\" content=\"fr_FR\" \/>\n<meta property=\"og:type\" content=\"article\" \/>\n<meta property=\"og:title\" content=\"Mise \u00e0 jour Trading - eToro\" \/>\n<meta property=\"og:description\" content=\"Restrictions trading de cryptos \u00c9tant donn\u00e9 le potentiel de pertes, la Financial Conduct Authority (FCA) consid\u00e8re cet investissement comme \u00e9tant \u00e0 haut risque. Quels sont les principaux risques ? 1. Vous pouvez perdre la totalit\u00e9 de l&#8217;argent que vous avez investi 2. Vous ne pouvez pas vous attendre \u00e0 \u00eatre prot\u00e9g\u00e9 en cas de probl\u00e8me.&hellip;\" \/>\n<meta property=\"og:url\" content=\"https:\/\/www.etoro.com\/fr\/wp-json\/wp\/v2\/pages\/673524\" \/>\n<meta property=\"og:site_name\" content=\"eToro\" \/>\n<meta property=\"article:publisher\" content=\"https:\/\/www.facebook.com\/eToro\/\" \/>\n<meta property=\"article:modified_time\" content=\"2023-10-19T14:58:04+00:00\" \/>\n<meta property=\"og:image\" content=\"https:\/\/www.etoro.com\/wp-content\/uploads\/2023\/08\/Featured-image-1200x630-1.png\" \/>\n\t<meta property=\"og:image:width\" content=\"1200\" \/>\n\t<meta property=\"og:image:height\" content=\"630\" \/>\n\t<meta property=\"og:image:type\" content=\"image\/png\" \/>\n<meta name=\"twitter:card\" content=\"summary_large_image\" \/>\n<meta name=\"twitter:site\" content=\"@eToro\" \/>\n<meta name=\"twitter:label1\" content=\"Est. reading time\" \/>\n\t<meta name=\"twitter:data1\" content=\"3 minutes\" \/>\n<script type=\"application\/ld+json\" class=\"yoast-schema-graph\">{\"@context\":\"https:\/\/schema.org\",\"@graph\":[{\"@type\":\"WebPage\",\"@id\":\"https:\/\/www.etoro.com\/fr\/customer-service\/terms-conditions\/trading-restriction\/\",\"url\":\"https:\/\/www.etoro.com\/fr\/customer-service\/terms-conditions\/trading-restriction\/\",\"name\":\"Mise \u00e0 jour Trading - eToro\",\"isPartOf\":{\"@id\":\"https:\/\/www.etoro.com\/fr\/#website\"},\"primaryImageOfPage\":{\"@id\":\"https:\/\/www.etoro.com\/fr\/customer-service\/terms-conditions\/trading-restriction\/#primaryimage\"},\"image\":{\"@id\":\"https:\/\/www.etoro.com\/fr\/customer-service\/terms-conditions\/trading-restriction\/#primaryimage\"},\"thumbnailUrl\":\"https:\/\/www.etoro.com\/wp-content\/uploads\/2023\/08\/Featured-image-1200x630-1.png\",\"datePublished\":\"2023-07-26T13:17:58+00:00\",\"dateModified\":\"2023-10-19T14:58:04+00:00\",\"breadcrumb\":{\"@id\":\"https:\/\/www.etoro.com\/fr\/customer-service\/terms-conditions\/trading-restriction\/#breadcrumb\"},\"inLanguage\":\"fr\",\"potentialAction\":[{\"@type\":\"ReadAction\",\"target\":[\"https:\/\/www.etoro.com\/fr\/customer-service\/terms-conditions\/trading-restriction\/\"]}]},{\"@type\":\"ImageObject\",\"inLanguage\":\"fr\",\"@id\":\"https:\/\/www.etoro.com\/fr\/customer-service\/terms-conditions\/trading-restriction\/#primaryimage\",\"url\":\"https:\/\/www.etoro.com\/wp-content\/uploads\/2023\/08\/Featured-image-1200x630-1.png\",\"contentUrl\":\"https:\/\/www.etoro.com\/wp-content\/uploads\/2023\/08\/Featured-image-1200x630-1.png\",\"width\":1200,\"height\":630,\"caption\":\"Trading Update\"},{\"@type\":\"BreadcrumbList\",\"@id\":\"https:\/\/www.etoro.com\/fr\/customer-service\/terms-conditions\/trading-restriction\/#breadcrumb\",\"itemListElement\":[{\"@type\":\"ListItem\",\"position\":1,\"name\":\"Accueil\",\"item\":\"https:\/\/www.etoro.com\/fr\/\"},{\"@type\":\"ListItem\",\"position\":2,\"name\":\"SERVICE CLIENT\",\"item\":\"https:\/\/www.etoro.com\/fr\/customer-service\/\"},{\"@type\":\"ListItem\",\"position\":3,\"name\":\"CONDITIONS G\u00c9N\u00c9RALES\",\"item\":\"https:\/\/www.etoro.com\/fr\/customer-service\/terms-conditions\/\"},{\"@type\":\"ListItem\",\"position\":4,\"name\":\"Mise \u00e0 jour Trading\"}]},{\"@type\":\"WebSite\",\"@id\":\"https:\/\/www.etoro.com\/fr\/#website\",\"url\":\"https:\/\/www.etoro.com\/fr\/\",\"name\":\"eToro\",\"description\":\"\",\"publisher\":{\"@id\":\"https:\/\/www.etoro.com\/fr\/#organization\"},\"potentialAction\":[{\"@type\":\"SearchAction\",\"target\":{\"@type\":\"EntryPoint\",\"urlTemplate\":\"https:\/\/www.etoro.com\/fr\/?s={search_term_string}\"},\"query-input\":{\"@type\":\"PropertyValueSpecification\",\"valueRequired\":true,\"valueName\":\"search_term_string\"}}],\"inLanguage\":\"fr\"},[]]}<\/script>","yoast_head_json":{"title":"Mise \u00e0 jour Trading - eToro","robots":{"index":"noindex","follow":"nofollow"},"og_locale":"fr_FR","og_type":"article","og_title":"Mise \u00e0 jour Trading - eToro","og_description":"Restrictions trading de cryptos \u00c9tant donn\u00e9 le potentiel de pertes, la Financial Conduct Authority (FCA) consid\u00e8re cet investissement comme \u00e9tant \u00e0 haut risque. Quels sont les principaux risques ? 1. Vous pouvez perdre la totalit\u00e9 de l&#8217;argent que vous avez investi 2. Vous ne pouvez pas vous attendre \u00e0 \u00eatre prot\u00e9g\u00e9 en cas de probl\u00e8me.&hellip;","og_url":"https:\/\/www.etoro.com\/fr\/wp-json\/wp\/v2\/pages\/673524","og_site_name":"eToro","article_publisher":"https:\/\/www.facebook.com\/eToro\/","article_modified_time":"2023-10-19T14:58:04+00:00","og_image":[{"width":1200,"height":630,"url":"https:\/\/www.etoro.com\/wp-content\/uploads\/2023\/08\/Featured-image-1200x630-1.png","type":"image\/png"}],"twitter_card":"summary_large_image","twitter_site":"@eToro","twitter_misc":{"Est. reading time":"3 minutes"},"schema":{"@context":"https:\/\/schema.org","@graph":[{"@type":"WebPage","@id":"https:\/\/www.etoro.com\/fr\/customer-service\/terms-conditions\/trading-restriction\/","url":"https:\/\/www.etoro.com\/fr\/customer-service\/terms-conditions\/trading-restriction\/","name":"Mise \u00e0 jour Trading - eToro","isPartOf":{"@id":"https:\/\/www.etoro.com\/fr\/#website"},"primaryImageOfPage":{"@id":"https:\/\/www.etoro.com\/fr\/customer-service\/terms-conditions\/trading-restriction\/#primaryimage"},"image":{"@id":"https:\/\/www.etoro.com\/fr\/customer-service\/terms-conditions\/trading-restriction\/#primaryimage"},"thumbnailUrl":"https:\/\/www.etoro.com\/wp-content\/uploads\/2023\/08\/Featured-image-1200x630-1.png","datePublished":"2023-07-26T13:17:58+00:00","dateModified":"2023-10-19T14:58:04+00:00","breadcrumb":{"@id":"https:\/\/www.etoro.com\/fr\/customer-service\/terms-conditions\/trading-restriction\/#breadcrumb"},"inLanguage":"fr","potentialAction":[{"@type":"ReadAction","target":["https:\/\/www.etoro.com\/fr\/customer-service\/terms-conditions\/trading-restriction\/"]}]},{"@type":"ImageObject","inLanguage":"fr","@id":"https:\/\/www.etoro.com\/fr\/customer-service\/terms-conditions\/trading-restriction\/#primaryimage","url":"https:\/\/www.etoro.com\/wp-content\/uploads\/2023\/08\/Featured-image-1200x630-1.png","contentUrl":"https:\/\/www.etoro.com\/wp-content\/uploads\/2023\/08\/Featured-image-1200x630-1.png","width":1200,"height":630,"caption":"Trading Update"},{"@type":"BreadcrumbList","@id":"https:\/\/www.etoro.com\/fr\/customer-service\/terms-conditions\/trading-restriction\/#breadcrumb","itemListElement":[{"@type":"ListItem","position":1,"name":"Accueil","item":"https:\/\/www.etoro.com\/fr\/"},{"@type":"ListItem","position":2,"name":"SERVICE CLIENT","item":"https:\/\/www.etoro.com\/fr\/customer-service\/"},{"@type":"ListItem","position":3,"name":"CONDITIONS G\u00c9N\u00c9RALES","item":"https:\/\/www.etoro.com\/fr\/customer-service\/terms-conditions\/"},{"@type":"ListItem","position":4,"name":"Mise \u00e0 jour Trading"}]},{"@type":"WebSite","@id":"https:\/\/www.etoro.com\/fr\/#website","url":"https:\/\/www.etoro.com\/fr\/","name":"eToro","description":"","publisher":{"@id":"https:\/\/www.etoro.com\/fr\/#organization"},"potentialAction":[{"@type":"SearchAction","target":{"@type":"EntryPoint","urlTemplate":"https:\/\/www.etoro.com\/fr\/?s={search_term_string}"},"query-input":{"@type":"PropertyValueSpecification","valueRequired":true,"valueName":"search_term_string"}}],"inLanguage":"fr"},[]]}},"_links":{"self":[{"href":"https:\/\/www.etoro.com\/fr\/wp-json\/wp\/v2\/pages\/673524"}],"collection":[{"href":"https:\/\/www.etoro.com\/fr\/wp-json\/wp\/v2\/pages"}],"about":[{"href":"https:\/\/www.etoro.com\/fr\/wp-json\/wp\/v2\/types\/page"}],"author":[{"embeddable":true,"href":"https:\/\/www.etoro.com\/fr\/wp-json\/wp\/v2\/users\/119"}],"replies":[{"embeddable":true,"href":"https:\/\/www.etoro.com\/fr\/wp-json\/wp\/v2\/comments?post=673524"}],"version-history":[{"count":0,"href":"https:\/\/www.etoro.com\/fr\/wp-json\/wp\/v2\/pages\/673524\/revisions"}],"up":[{"embeddable":true,"href":"https:\/\/www.etoro.com\/fr\/wp-json\/wp\/v2\/pages\/10765"}],"wp:featuredmedia":[{"embeddable":true,"href":"https:\/\/www.etoro.com\/fr\/wp-json\/wp\/v2\/media\/673668"}],"wp:attachment":[{"href":"https:\/\/www.etoro.com\/fr\/wp-json\/wp\/v2\/media?parent=673524"}],"wp:term":[{"taxonomy":"asset_type","embeddable":true,"href":"https:\/\/www.etoro.com\/fr\/wp-json\/wp\/v2\/asset_type?post=673524"}],"curies":[{"name":"wp","href":"https:\/\/api.w.org\/{rel}","templated":true}]}}