{"id":6902,"date":"2017-10-24T08:45:44","date_gmt":"2017-10-24T05:45:44","guid":{"rendered":"\/etoro\/community-guidelines\/"},"modified":"2025-07-10T16:02:14","modified_gmt":"2025-07-10T13:02:14","slug":"community-guidelines","status":"publish","type":"page","link":"https:\/\/www.etoro.com\/fr\/customer-service\/community-guidelines\/","title":{"rendered":"Principes et Instructions concernant la Communaut\u00e9 eToro"},"content":{"rendered":"\n<section class=\"wp-block-group wp-block-group-boxed\"><div class=\"wp-block-group-inner is-layout-flow wp-block-group-is-layout-flow\">\n<div class=\"wp-block-columns are-vertically-aligned-top wp-block-columns-1 is-layout-flex wp-container-core-columns-is-layout-1 wp-block-columns-is-layout-flex\">\n<div class=\"wp-block-column is-layout-flow wp-block-column-is-layout-flow\">\n<h2 class=\"wp-block-heading\">Comment les gens utilisent-ils eToro ?<\/h2>\n\n\n\n<p>eToro est une plateforme de trading en ligne. Nous comptons des millions d&#8217;utilisateurs dans le monde entier qui utilisent nos services pour g\u00e9rer leurs finances et effectuer des transactions. Cependant, eToro est \u00e9galement un r\u00e9seau social sur lequel les utilisateurs peuvent \u00e9changer des opinions, des id\u00e9es, des strat\u00e9gies de trading et plus encore. Comme beaucoup d&#8217;autres r\u00e9seaux sociaux, eToro est une plateforme sur laquelle surviennent parfois des d\u00e9bats &#8211; et tout se d\u00e9roule dans le calme et la politesse la plupart du temps.<\/p>\n\n\n\n<p>Les principes et instructions suivants vous aideront \u00e0 comprendre quel type de partage est acceptable sur la plateforme eToro et quel type de contenu peut \u00eatre signal\u00e9, supprim\u00e9 ou entra\u00eener un acc\u00e8s restreint pour celui qui publie ce genre de contenu.<\/p>\n\n\n\n<h2 class=\"wp-block-heading\">Pourquoi avons-nous des principes et des instructions concernant la Communaut\u00e9 eToro ?<\/h2>\n\n\n\n<p>eToro est avant tout une communaut\u00e9 de passionn\u00e9s de la finance. Pr\u00e9sente dans de nombreux pays dans le monde et supportant plus de 20 langues, la communaut\u00e9 eToro est vraiment diversifi\u00e9e. Naturellement, certains utilisateurs abusent parfois des aspects sociaux de la plateforme. Certains le font par intention malveillante, mais le plus souvent, ils le font parce qu&#8217;ils ignorent que la communaut\u00e9 a des principes et des instructions sp\u00e9cifiques. C&#8217;est pourquoi nous avons cr\u00e9\u00e9 ce guide d\u00e9taill\u00e9 permettant aux utilisateurs d&#8217;eToro de maintenir une communaut\u00e9 saine et b\u00e9n\u00e9fique.<\/p>\n\n\n\n<h2 class=\"wp-block-heading\">L&#8217;objectif des principes et instructions<\/h2>\n\n\n\n<ul class=\"wp-block-list wp-block-list wp-block-list-circle\">\n<li><b>S\u00e9curit\u00e9 :<\/b> Nous aspirons \u00e0 assurer la s\u00e9curit\u00e9 et le bien-\u00eatre de tous les utilisateurs d&#8217;eToro. Le respect de ces principes et instructions permettra de garantir cela.<\/li>\n\n\n\n<li><b>Dignit\u00e9 :<\/b> eToro est un lieu pour les gens et tous les gens m\u00e9ritent de conserver leur dignit\u00e9. Le respect de ces principes et instructions nous permettra de veiller \u00e0 ce que la dignit\u00e9 de nos utilisateurs ne soit pas compromise.<\/li>\n<\/ul>\n\n\n\n<p><b><i>Avertissement :<\/i><\/b><i> Veuillez noter que la version anglaise des r\u00e8gles de la Communaut\u00e9 eToro refl\u00e8te l&#8217;ensemble des politiques les plus r\u00e9centes et doit \u00eatre utilis\u00e9e comme document de r\u00e9f\u00e9rence.<\/i><\/p>\n\n\n\n<h2 class=\"wp-block-heading\">Violence et incitation<\/h2>\n\n\n\n<p>Les utilisateurs d&#8217;eToro ne doivent jamais agir de mani\u00e8re violente ou encourager un comportement violent, directement ou indirectement. Cela inclut, mais n&#8217;est pas limit\u00e9 \u00e0 : l&#8217;utilisation de jurons, le blasph\u00e8me, le trolling, l&#8217;abus, la fraude ou la sollicitation.<\/p>\n\n\n\n<h2 class=\"wp-block-heading\">Trolling<\/h2>\n\n\n\n<p>Les utilisateurs d&#8217;eToro ne doivent jamais provoquer intentionnellement un conflit ni provoquer ou d\u00e9ranger intentionnellement d&#8217;autres utilisateurs. Toutes les discussions doivent rester polies et aller droit au but.<\/p>\n\n\n\n<h2 class=\"wp-block-heading\">Tromperie et usurpation d&#8217;identit\u00e9<\/h2>\n\n\n\n<p>Ne vous pr\u00e9sentez jamais sous un faux jour en utilisant le logo eToro ou toute autre marque dans votre avatar ou vos messages.<\/p>\n\n\n\n<h2 class=\"wp-block-heading\">Sollicitation<\/h2>\n\n\n\n<p>Veuillez noter que les utilisateurs sont responsables de toute publicit\u00e9 de tiers dans tout contenu qu&#8217;ils partagent. Par exemple, vous ne pouvez pas publier, partager ou afficher sur notre plateforme un contenu vid\u00e9o comprenant des publicit\u00e9s de tiers, telles que des publicit\u00e9s vid\u00e9o pre-roll ou des visuels de parrainage, sans notre accord pr\u00e9alable.<\/p>\n\n\n\n<h2 class=\"wp-block-heading\">Tactiques de manipulation du march\u00e9<\/h2>\n\n\n\n<ul class=\"wp-block-list wp-block-list wp-block-list-circle\">\n<li>Fausses informations : Ne publiez jamais d\u2019informations trompeuses sur votre compte et\/ou sur vos capacit\u00e9s de trading.<\/li>\n\n\n\n<li>Conseil d\u2019investissement : N\u2019offrez jamais de conseil de trading direct ou quoi que ce soit qui puisse \u00eatre interpr\u00e9t\u00e9 comme un conseil en investissement. N\u2019appelez pas \u00e0 une action directe (telle que \u00ab investir dans \u00bb).<\/li>\n\n\n\n<li>Manipulation du march\u00e9 : Ne faites pas de fausses promesses et n\u2019incitez pas les autres \u00e0 trader\/investir ou \u00e0 tenter de cr\u00e9er des situations de march\u00e9 volatiles.<\/li>\n\n\n\n<li>N&#8217;organisez ou n&#8217;ex\u00e9cutez pas de strat\u00e9gies coordonn\u00e9es pour trader ou placer des ordres sous certaines conditions et \u00e0 certains moments afin de faire varier le prix d&#8217;une action, car cela constitue une manipulation du march\u00e9<\/li>\n\n\n\n<li>Manipulation de l\u2019utilisateur : Ne donnez pas d\u2019instructions sur des trades sp\u00e9cifiques ou sur la mani\u00e8re de trader.<\/li>\n\n\n\n<li>Fausses nouvelles (fake news) : Ne partagez pas et ne diffusez pas de fausses informations (d\u00e9sinformation), d\u2019informations inv\u00e9rifiables ou des rumeurs.<\/li>\n\n\n\n<li>Spamming : N\u2019utilisez pas de pratiques collusoires ni de manipulation et \u00e9vitez de partager des informations erron\u00e9es afin de fausser les march\u00e9s financiers ou de publier plusieurs fois la m\u00eame information sur diff\u00e9rents posts.<\/li>\n<\/ul>\n\n\n\n<h2 class=\"wp-block-heading\">Contacter le service client d&#8217;eToro<\/h2>\n\n\n\n<p>Ne publiez pas de questions ou d&#8217;informations techniques ou li\u00e9es au compte sur le fil d&#8217;actualit\u00e9. Vous pouvez contacter le service client \u00e0 tout moment si vous avez des questions ou si vous avez besoin d&#8217;aide, par tchat ou en <a href=\"https:\/\/www.etoro.com\/fr\/customer-service\/\">ouvrant un ticket<\/a>. Vous pouvez \u00e9galement consulter le <a href=\"https:\/\/help.etoro.com\/s\/?language=fr\">Centre d&#8217;Aide eToro<\/a>.<\/p>\n\n\n\n<h2 class=\"wp-block-heading\">Donn\u00e9es personnelles<\/h2>\n\n\n\n<p>Ne partagez jamais vos informations personnelles sur le flux d&#8217;actualit\u00e9 eToro et n&#8217;encouragez jamais les autres \u00e0 le faire.<\/p>\n\n\n\n<h2 class=\"wp-block-heading\">Sujets \u00e0 \u00e9viter<\/h2>\n\n\n\n<p>Ne jamais discuter, mentionner ou partager un contenu relatif \u00e0 ce qui suit :<\/p>\n\n\n\n<ul class=\"wp-block-list wp-block-list wp-block-list-circle\">\n<li>Suicide et automutilation<\/li>\n\n\n\n<li>Exploitation sexuelle des enfants, abus et nudit\u00e9<\/li>\n\n\n\n<li>Intimidation et harc\u00e8lement<\/li>\n\n\n\n<li>Manipulation de la plateforme (utilisation de la plateforme eToro d&#8217;une mani\u00e8re destin\u00e9e \u00e0 amplifier ou \u00e0 supprimer artificiellement l&#8217;information)<\/li>\n\n\n\n<li>M\u00e9dias synth\u00e9tiques et manipul\u00e9s (partage trompeur de m\u00e9dias synth\u00e9tiques ou manipul\u00e9s qui sont susceptibles de causer des dommages)<\/li>\n<\/ul>\n\n\n\n<h2 class=\"wp-block-heading\">Ne pas suivre les principes et instructions concernant la Communaut\u00e9 eToro<\/h2>\n\n\n\n<p>Les messages, commentaires, avatars et bios qui ne suivent pas les principes et instructions sp\u00e9cifi\u00e9s ci-dessus peuvent \u00eatre modifi\u00e9s ou supprim\u00e9s par eToro. L&#8217;abus continu de ces principes et instructions conduira \u00e0 la restriction ou au blocage de votre acc\u00e8s \u00e0 eToro. Si un membre de l&#8217;\u00e9quipe ou de la communaut\u00e9 eToro soul\u00e8ve l&#8217;un des probl\u00e8mes ci-dessus concernant un utilisateur sp\u00e9cifique, et que nous constatons que le comportement se poursuit, ce sera \u00e9galement un motif de retrait de contenu ou de restriction d&#8217;acc\u00e8s pour cet utilisateur. Si votre acc\u00e8s a \u00e9t\u00e9 restreint et que vous n&#8217;\u00eates pas s\u00fbr de la raison de cette restriction, veuillez contacter notre <a href=\"https:\/\/www.etoro.com\/fr\/customer-service\/\">service client<\/a>.<\/p>\n\n\n\n<h2 class=\"wp-block-heading\">Ce que nous vous encourageons \u00e0 faire sur la communaut\u00e9 eToro :<\/h2>\n\n\n\n<h3 class=\"wp-block-heading\">Soyez constructif<\/h3>\n\n\n\n<p>Nous comptons de nombreux traders d&#8217;\u00e2ges, de cultures, de styles de vie et d&#8217;opinions diff\u00e9rentes, mais nous avons tous un int\u00e9r\u00eat commun \u00e0 trader sur les march\u00e9s. Veuillez \u00eatre poli et respectueux des id\u00e9es, commentaires ou activit\u00e9s de trading des autres \u2014 m\u00eame si ceux-ci ne correspondent pas \u00e0 vos propres opinions. Nous vous incitons \u00e0 faire part de vos r\u00e9flexions et de vos commentaires, mais veillez \u00e0 ce qu&#8217;ils soient respectueux et \u00e0 ne harceler personne.<\/p>\n\n\n\n<h3 class=\"wp-block-heading\">Encouragez le d\u00e9bat<\/h3>\n\n\n\n<p>Nous vous encourageons \u00e0 discuter et \u00e0 remettre en question les id\u00e9es, les strat\u00e9gies de trading et les \u00e9v\u00e9nements du march\u00e9 au fur et \u00e0 mesure qu&#8217;ils se produisent.<\/p>\n\n\n\n<h3 class=\"wp-block-heading\">Maintenez un discours pertinent<\/h3>\n\n\n\n<p>Posez des questions si vous n&#8217;\u00eates pas s\u00fbr de quelque chose, mais gardez les discussions sur la bonne voie et assurez-vous que vous mettez les informations au bon endroit. Veuillez ne pas perturber les conversations des autres ni utiliser les flux du march\u00e9 pour des messages personnels ou non pertinents. Il s&#8217;agit notamment de tagger le fil d&#8217;actualit\u00e9 dans vos posts, de les utiliser pour promouvoir vos propres r\u00e9sultats (voir Spamming) ou de poser des questions g\u00e9n\u00e9rales sur des discussions portant sur d&#8217;autres sujets.<\/p>\n\n\n\n<h3 class=\"wp-block-heading\">Ne soyez pas timide si vous d\u00e9butez<\/h3>\n\n\n\n<p>Posez des questions et renseignez-vous sur les \u00e9v\u00e9nements si vous n&#8217;\u00eates pas s\u00fbr de leur signification ou du r\u00e9sultat attendu que chacun pr\u00e9voit et pourquoi.<\/p>\n\n\n\n<h3 class=\"wp-block-heading\">Augmentez l&#8217;exposition de votre portefeuille \u00e0 la communaut\u00e9<\/h3>\n\n\n\n<p>Si vous souhaitez avoir des followers sur eToro, n&#8217;h\u00e9sitez pas \u00e0 utiliser ces conseils :<\/p>\n\n\n\n<ul class=\"wp-block-list wp-block-list wp-block-list-circle\">\n<li>T\u00e9l\u00e9chargez une photo de vous et rendez votre nom visible.<\/li>\n\n\n\n<li>eToro encourage le trading responsable. Pr\u00e9sentez-vous comme un trader responsable aux personnes qui consultent votre profil. Partagez vos r\u00e9flexions et explications sur votre trading sur votre fil d&#8217;actualit\u00e9. Cela renforcera votre r\u00e9putation et donnera des indications \u00e0 vos copieurs potentiels.<\/li>\n\n\n\n<li>Participez aux conversations et aidez ceux qui ont des questions.<\/li>\n\n\n\n<li>Partagez vos actions et vos posts sur Facebook et Twitter pour attirer de nouveaux copieurs. V\u00e9rifiez quelles sont les promotions disponibles dans toutes les r\u00e9gions et partagez-les avec vos amis.<\/li>\n<\/ul>\n<\/div>\n<\/div>\n<\/div><\/section>\n","protected":false},"excerpt":{"rendered":"<p>Comment les gens utilisent-ils eToro ? eToro est une plateforme de trading en ligne. Nous comptons des millions d&#8217;utilisateurs dans le monde entier qui utilisent nos services pour g\u00e9rer leurs finances et effectuer des transactions. Cependant, eToro est \u00e9galement un r\u00e9seau social sur lequel les utilisateurs peuvent \u00e9changer des opinions, des id\u00e9es, des strat\u00e9gies de&hellip;<\/p>\n","protected":false},"author":1,"featured_media":812369,"parent":6958,"menu_order":1540,"comment_status":"closed","ping_status":"closed","template":"","meta":{"_acf_changed":false,"inline_featured_image":false,"sticky_cta_settings":"","footnotes":""},"asset_type":[],"class_list":["post-6902","page","type-page","status-publish","has-post-thumbnail","hentry"],"acf":[],"yoast_head":"<title>Conseils pour le trading social | eToro<\/title>\n<meta name=\"description\" content=\"eToro est bas\u00e9 sur un r\u00e9seau de plus de 6\u00a0millions de traders. Ces conseils garantissent une atmosph\u00e8re amicale au sein de la communaut\u00e9 de trading social.\" \/>\n<meta name=\"robots\" content=\"index, follow, max-snippet:-1, max-image-preview:large, max-video-preview:-1\" \/>\n<link rel=\"canonical\" href=\"https:\/\/www.etoro.com\/fr\/wp-json\/wp\/v2\/pages\/6902\" \/>\n<meta property=\"og:locale\" content=\"fr_FR\" \/>\n<meta property=\"og:type\" content=\"article\" \/>\n<meta property=\"og:title\" content=\"Conseils pour le trading social | eToro\" \/>\n<meta property=\"og:description\" content=\"eToro est bas\u00e9 sur un r\u00e9seau de plus de 6\u00a0millions de traders. Ces conseils garantissent une atmosph\u00e8re amicale au sein de la communaut\u00e9 de trading social.\" \/>\n<meta property=\"og:url\" content=\"https:\/\/www.etoro.com\/fr\/wp-json\/wp\/v2\/pages\/6902\" \/>\n<meta property=\"og:site_name\" content=\"eToro\" \/>\n<meta property=\"article:publisher\" content=\"https:\/\/www.facebook.com\/eToro\/\" \/>\n<meta property=\"article:modified_time\" content=\"2025-07-10T13:02:14+00:00\" \/>\n<meta property=\"og:image\" content=\"https:\/\/www.etoro.com\/wp-content\/uploads\/2023\/12\/FR_eToro-Community-Guidelines_Featured-image-1200x630-1.png\" \/>\n\t<meta property=\"og:image:width\" content=\"1200\" \/>\n\t<meta property=\"og:image:height\" content=\"630\" \/>\n\t<meta property=\"og:image:type\" content=\"image\/png\" \/>\n<meta name=\"twitter:card\" content=\"summary_large_image\" \/>\n<meta name=\"twitter:site\" content=\"@eToro\" \/>\n<meta name=\"twitter:label1\" content=\"Est. reading time\" \/>\n\t<meta name=\"twitter:data1\" content=\"6 minutes\" \/>\n<script type=\"application\/ld+json\" class=\"yoast-schema-graph\">{\"@context\":\"https:\/\/schema.org\",\"@graph\":[{\"@type\":\"WebPage\",\"@id\":\"https:\/\/www.etoro.com\/fr\/customer-service\/community-guidelines\/\",\"url\":\"https:\/\/www.etoro.com\/fr\/customer-service\/community-guidelines\/\",\"name\":\"Conseils pour le trading social | eToro\",\"isPartOf\":{\"@id\":\"https:\/\/www.etoro.com\/fr\/#website\"},\"primaryImageOfPage\":{\"@id\":\"https:\/\/www.etoro.com\/fr\/customer-service\/community-guidelines\/#primaryimage\"},\"image\":{\"@id\":\"https:\/\/www.etoro.com\/fr\/customer-service\/community-guidelines\/#primaryimage\"},\"thumbnailUrl\":\"https:\/\/www.etoro.com\/wp-content\/uploads\/2023\/12\/FR_eToro-Community-Guidelines_Featured-image-1200x630-1.png\",\"datePublished\":\"2017-10-24T05:45:44+00:00\",\"dateModified\":\"2025-07-10T13:02:14+00:00\",\"description\":\"eToro est bas\u00e9 sur un r\u00e9seau de plus de 6\u00a0millions de traders. Ces conseils garantissent une atmosph\u00e8re amicale au sein de la communaut\u00e9 de trading social.\",\"breadcrumb\":{\"@id\":\"https:\/\/www.etoro.com\/fr\/customer-service\/community-guidelines\/#breadcrumb\"},\"inLanguage\":\"fr\",\"potentialAction\":[{\"@type\":\"ReadAction\",\"target\":[\"https:\/\/www.etoro.com\/fr\/customer-service\/community-guidelines\/\"]}]},{\"@type\":\"ImageObject\",\"inLanguage\":\"fr\",\"@id\":\"https:\/\/www.etoro.com\/fr\/customer-service\/community-guidelines\/#primaryimage\",\"url\":\"https:\/\/www.etoro.com\/wp-content\/uploads\/2023\/12\/FR_eToro-Community-Guidelines_Featured-image-1200x630-1.png\",\"contentUrl\":\"https:\/\/www.etoro.com\/wp-content\/uploads\/2023\/12\/FR_eToro-Community-Guidelines_Featured-image-1200x630-1.png\",\"width\":1200,\"height\":630,\"caption\":\"Community Guidelines\"},{\"@type\":\"BreadcrumbList\",\"@id\":\"https:\/\/www.etoro.com\/fr\/customer-service\/community-guidelines\/#breadcrumb\",\"itemListElement\":[{\"@type\":\"ListItem\",\"position\":1,\"name\":\"Accueil\",\"item\":\"https:\/\/www.etoro.com\/fr\/\"},{\"@type\":\"ListItem\",\"position\":2,\"name\":\"SERVICE CLIENT\",\"item\":\"https:\/\/www.etoro.com\/fr\/customer-service\/\"},{\"@type\":\"ListItem\",\"position\":3,\"name\":\"Communaut\u00e9\"}]},{\"@type\":\"WebSite\",\"@id\":\"https:\/\/www.etoro.com\/fr\/#website\",\"url\":\"https:\/\/www.etoro.com\/fr\/\",\"name\":\"eToro\",\"description\":\"\",\"publisher\":{\"@id\":\"https:\/\/www.etoro.com\/fr\/#organization\"},\"potentialAction\":[{\"@type\":\"SearchAction\",\"target\":{\"@type\":\"EntryPoint\",\"urlTemplate\":\"https:\/\/www.etoro.com\/fr\/?s={search_term_string}\"},\"query-input\":{\"@type\":\"PropertyValueSpecification\",\"valueRequired\":true,\"valueName\":\"search_term_string\"}}],\"inLanguage\":\"fr\"},[]]}<\/script>","yoast_head_json":{"title":"Conseils pour le trading social | eToro","description":"eToro est bas\u00e9 sur un r\u00e9seau de plus de 6\u00a0millions de traders. Ces conseils garantissent une atmosph\u00e8re amicale au sein de la communaut\u00e9 de trading social.","robots":{"index":"index","follow":"follow","max-snippet":"max-snippet:-1","max-image-preview":"max-image-preview:large","max-video-preview":"max-video-preview:-1"},"canonical":"https:\/\/www.etoro.com\/fr\/wp-json\/wp\/v2\/pages\/6902","og_locale":"fr_FR","og_type":"article","og_title":"Conseils pour le trading social | eToro","og_description":"eToro est bas\u00e9 sur un r\u00e9seau de plus de 6\u00a0millions de traders. Ces conseils garantissent une atmosph\u00e8re amicale au sein de la communaut\u00e9 de trading social.","og_url":"https:\/\/www.etoro.com\/fr\/wp-json\/wp\/v2\/pages\/6902","og_site_name":"eToro","article_publisher":"https:\/\/www.facebook.com\/eToro\/","article_modified_time":"2025-07-10T13:02:14+00:00","og_image":[{"width":1200,"height":630,"url":"https:\/\/www.etoro.com\/wp-content\/uploads\/2023\/12\/FR_eToro-Community-Guidelines_Featured-image-1200x630-1.png","type":"image\/png"}],"twitter_card":"summary_large_image","twitter_site":"@eToro","twitter_misc":{"Est. reading time":"6 minutes"},"schema":{"@context":"https:\/\/schema.org","@graph":[{"@type":"WebPage","@id":"https:\/\/www.etoro.com\/fr\/customer-service\/community-guidelines\/","url":"https:\/\/www.etoro.com\/fr\/customer-service\/community-guidelines\/","name":"Conseils pour le trading social | eToro","isPartOf":{"@id":"https:\/\/www.etoro.com\/fr\/#website"},"primaryImageOfPage":{"@id":"https:\/\/www.etoro.com\/fr\/customer-service\/community-guidelines\/#primaryimage"},"image":{"@id":"https:\/\/www.etoro.com\/fr\/customer-service\/community-guidelines\/#primaryimage"},"thumbnailUrl":"https:\/\/www.etoro.com\/wp-content\/uploads\/2023\/12\/FR_eToro-Community-Guidelines_Featured-image-1200x630-1.png","datePublished":"2017-10-24T05:45:44+00:00","dateModified":"2025-07-10T13:02:14+00:00","description":"eToro est bas\u00e9 sur un r\u00e9seau de plus de 6\u00a0millions de traders. Ces conseils garantissent une atmosph\u00e8re amicale au sein de la communaut\u00e9 de trading social.","breadcrumb":{"@id":"https:\/\/www.etoro.com\/fr\/customer-service\/community-guidelines\/#breadcrumb"},"inLanguage":"fr","potentialAction":[{"@type":"ReadAction","target":["https:\/\/www.etoro.com\/fr\/customer-service\/community-guidelines\/"]}]},{"@type":"ImageObject","inLanguage":"fr","@id":"https:\/\/www.etoro.com\/fr\/customer-service\/community-guidelines\/#primaryimage","url":"https:\/\/www.etoro.com\/wp-content\/uploads\/2023\/12\/FR_eToro-Community-Guidelines_Featured-image-1200x630-1.png","contentUrl":"https:\/\/www.etoro.com\/wp-content\/uploads\/2023\/12\/FR_eToro-Community-Guidelines_Featured-image-1200x630-1.png","width":1200,"height":630,"caption":"Community Guidelines"},{"@type":"BreadcrumbList","@id":"https:\/\/www.etoro.com\/fr\/customer-service\/community-guidelines\/#breadcrumb","itemListElement":[{"@type":"ListItem","position":1,"name":"Accueil","item":"https:\/\/www.etoro.com\/fr\/"},{"@type":"ListItem","position":2,"name":"SERVICE CLIENT","item":"https:\/\/www.etoro.com\/fr\/customer-service\/"},{"@type":"ListItem","position":3,"name":"Communaut\u00e9"}]},{"@type":"WebSite","@id":"https:\/\/www.etoro.com\/fr\/#website","url":"https:\/\/www.etoro.com\/fr\/","name":"eToro","description":"","publisher":{"@id":"https:\/\/www.etoro.com\/fr\/#organization"},"potentialAction":[{"@type":"SearchAction","target":{"@type":"EntryPoint","urlTemplate":"https:\/\/www.etoro.com\/fr\/?s={search_term_string}"},"query-input":{"@type":"PropertyValueSpecification","valueRequired":true,"valueName":"search_term_string"}}],"inLanguage":"fr"},[]]}},"_links":{"self":[{"href":"https:\/\/www.etoro.com\/fr\/wp-json\/wp\/v2\/pages\/6902"}],"collection":[{"href":"https:\/\/www.etoro.com\/fr\/wp-json\/wp\/v2\/pages"}],"about":[{"href":"https:\/\/www.etoro.com\/fr\/wp-json\/wp\/v2\/types\/page"}],"author":[{"embeddable":true,"href":"https:\/\/www.etoro.com\/fr\/wp-json\/wp\/v2\/users\/1"}],"replies":[{"embeddable":true,"href":"https:\/\/www.etoro.com\/fr\/wp-json\/wp\/v2\/comments?post=6902"}],"version-history":[{"count":0,"href":"https:\/\/www.etoro.com\/fr\/wp-json\/wp\/v2\/pages\/6902\/revisions"}],"up":[{"embeddable":true,"href":"https:\/\/www.etoro.com\/fr\/wp-json\/wp\/v2\/pages\/6958"}],"wp:featuredmedia":[{"embeddable":true,"href":"https:\/\/www.etoro.com\/fr\/wp-json\/wp\/v2\/media\/812369"}],"wp:attachment":[{"href":"https:\/\/www.etoro.com\/fr\/wp-json\/wp\/v2\/media?parent=6902"}],"wp:term":[{"taxonomy":"asset_type","embeddable":true,"href":"https:\/\/www.etoro.com\/fr\/wp-json\/wp\/v2\/asset_type?post=6902"}],"curies":[{"name":"wp","href":"https:\/\/api.w.org\/{rel}","templated":true}]}}