{"id":6980,"date":"2017-10-17T14:49:19","date_gmt":"2017-10-17T11:49:19","guid":{"rendered":"\/etoro\/copy-mirror\/"},"modified":"2023-09-07T14:35:36","modified_gmt":"2023-09-07T11:35:36","slug":"copy-vs-mirror","status":"publish","type":"page","link":"https:\/\/www.etoro.com\/fr\/copytrader\/copy-vs-mirror\/","title":{"rendered":"Le copy trading r\u00e9volutionne le concept de trading miroir"},"content":{"rendered":"<p>Vous avez d\u00e9cid\u00e9 de commencer \u00e0 trader en ligne. Vous vous \u00eates renseign\u00e9 sur plusieurs plateformes et savez que vous pouvez faire du trading miroir. Mais qu&#8217;en est-il du copy trading, l&#8217;une des m\u00e9thodes les plus simples de trading en ligne. Avez-vous pens\u00e9 \u00e0 essayer\u00a0?<\/p>\n<p>Cette page pr\u00e9sente les diff\u00e9rences entre ces deux concepts\u00a0: le trading miroir et le copy trading d&#8217;eToro.<\/p>\n<h2>Qu&#8217;est-ce que le trading miroir\u00a0?<\/h2>\n<p>Le trading miroir est utilis\u00e9 sur le march\u00e9 des changes depuis le d\u00e9but des ann\u00e9es 2000. Le concept est en fait bas\u00e9 sur la copie des trades de quelqu&#8217;un d&#8217;autre et est devenu tr\u00e8s populaire aupr\u00e8s des petites entreprises dans le domaine du trading de devises en ligne. Quoi de plus simple que d&#8217;avoir les meilleurs traders du monde pour g\u00e9rer vos trades, en automatisant compl\u00e8tement votre exp\u00e9rience de trading\u00a0? Aucune intervention n&#8217;est requise de la part du client, car la plateforme contr\u00f4le toutes les activit\u00e9s du compte. Tout ce que vous avez \u00e0 faire est de vous connecter une fois par semaine pour consulter le solde de votre compte.<\/p>\n<p>Certaines plateformes qui proposent du trading miroir y parviennent en accueillant des traders exp\u00e9riment\u00e9s de diff\u00e9rentes parties du monde. Ils fournissent \u00e0 ces traders des comptes de trading gratuits, ce qui permet \u00e0 ces plateformes d&#8217;afficher des historiques de performances impressionnants lorsqu&#8217;elles sont audit\u00e9es ou test\u00e9es. En parall\u00e8le, ces soci\u00e9t\u00e9s de trading miroir continuent \u00e0 afficher les performances de ces traders et \u00e0 les mettre \u00e0 jour r\u00e9guli\u00e8rement sur leurs sites Web.<\/p>\n<p>Int\u00e9gr\u00e9es \u00e0 leurs programmes, ces soci\u00e9t\u00e9s concluent des ententes avec plusieurs brokers. Les soci\u00e9t\u00e9s configurent plusieurs comptes du broker en un seul \u00ab\u00a0compte principal\u00a0\u00bb contr\u00f4l\u00e9 par la soci\u00e9t\u00e9. Les comptes individuels sont d\u00e9tenus par le broker et le \u00ab\u00a0compte principal\u00a0\u00bb par la soci\u00e9t\u00e9. La soci\u00e9t\u00e9 attribue le compte principal aux plus performants et ceci est refl\u00e9t\u00e9 dans d&#8217;autres comptes li\u00e9s.<\/p>\n<p>Une fois que le client a choisi un trader pour g\u00e9rer son compte, il lui est conseill\u00e9 d&#8217;ouvrir un compte aupr\u00e8s du broker recommand\u00e9 pour ce compte principal. Une fois le compte ouvert, il est automatiquement configur\u00e9 au compte principal du trader s\u00e9lectionn\u00e9. \u00c0 partir de ce moment, tout ce que le trader fait pour son propre compte est automatiquement r\u00e9pliqu\u00e9\/refl\u00e9t\u00e9 dans le compte du client. Le client est libre de choisir ses propres param\u00e8tres de gestion des risques de sorte qu&#8217;une agressivit\u00e9 occasionnelle ou la d\u00e9faillance d&#8217;un trade ne se refl\u00e8te pas n\u00e9cessairement sur son compte.<\/p>\n<p>En gardant \u00e0 l&#8217;esprit ce que vous venez de lire, voyons comment eToro a r\u00e9volutionn\u00e9 ce concept de trading miroir et l&#8217;a transform\u00e9 en quelque chose plus orient\u00e9 sur le trading social et de plus simple.<\/p>\n<h2>Qu&#8217;est-ce que le copy trading\u00a0?<\/h2>\n<p>eToro a \u00e9t\u00e9 le pionnier du concept de copy trading, qui vous permet de copier automatiquement les traders de votre choix, en r\u00e9pliquant ce qu&#8217;ils font dans vos propres comptes. En d&#8217;autres termes, il s&#8217;agit de trader sur les march\u00e9s financiers en ayant d&#8217;autres personnes du monde entier r\u00e9alisant les op\u00e9rations de trading pour votre compte.<\/p>\n<p>Jetons ensuite un coup d&#8217;\u0153il aux fonctionnalit\u00e9s sociales d&#8217;eToro qui ont r\u00e9volutionn\u00e9 le trading en ligne. Sur le flux de la <a href=\"https:\/\/www.etoro.com\/fr\/trading\/platforms\/\" target=\"_blank\" rel=\"noopener noreferrer\">plateforme de trading<\/a> d&#8217;eToro, vous pouvez consulter les composants de base qui constituent le trading social, notamment\u00a0: voir ce que les autres traders font en temps r\u00e9el, suivre les plus performants et copier les traders que vous aimez.<\/p>\n<p>Lorsque vous vous connectez \u00e0 eToro, vous pouvez imm\u00e9diatement remarquer que cette plateforme de trading ne ressemble \u00e0 aucune autre dans le domaine du trading en ligne aujourd&#8217;hui. Les graphiques complexes sont pr\u00e9sent\u00e9s de mani\u00e8re conviviale, et certaines parties de la plateforme ressemblent plus \u00e0 un r\u00e9seau social qu&#8217;\u00e0 une plateforme de trading. Il n&#8217;y a que sur eToro que vous pouvez suivre d&#8217;autres traders et voir leur activit\u00e9 r\u00e9cente sur votre liste de surveillance, un flux de trading en direct des personnes et actifs que vous choisissez de suivre.<\/p>\n<p>Une autre fonctionnalit\u00e9 utile est<a href=\"https:\/\/www.etoro.com\/fr\/copytrader\/coattail-investing-vs-copy-trading\/\"> le copy trading<\/a> (bas\u00e9 sur la technologie brevet\u00e9e CopyTrader\u2122 d&#8217;eToro). Cet outil vous permet de copier automatiquement les traders performants et d&#8217;ouvrir les m\u00eames positions qu&#8217;eux. En effet, vous construisez votre propre portefeuille de personnes. Cette fonctionnalit\u00e9 est une excellente solution pour ceux qui souhaitent prendre part \u00e0 l&#8217;industrie du trading en ligne, mais n&#8217;ont tout simplement pas le temps d&#8217;investir ou le d\u00e9vouement pour commencer \u00e0 se former \u00e0 la finance. Vous pouvez simplement copier vos traders pr\u00e9f\u00e9r\u00e9s et tirer parti de leurs connaissances et de leur exp\u00e9rience.<\/p>\n<h2>Comment d\u00e9marrer le copy trading<\/h2>\n<p>Tout d&#8217;abord, nous vous recommandons de regarder les Popular Investors dans la section Editor&#8217;s Choice. Les traders pr\u00e9sent\u00e9s sont ceux qui ont maintenu un niveau de risque faible et ont enregistr\u00e9 des gains au cours des derniers mois. Vous pouvez \u00e9galement utiliser l&#8217;outil de d\u00e9couverte de personnes pour trouver plus de traders \u00e0 copier.<\/p>\n<p>Les r\u00e9sultats de la recherche peuvent \u00eatre filtr\u00e9s en fonction des gains, du niveau de risque, du pays d&#8217;origine et d&#8217;autres facteurs. Si vous voyez quelqu&#8217;un que vous souhaitez copier, cliquez sur son profil et d\u00e9couvrez instantan\u00e9ment ses statistiques r\u00e9centes, sa biographie, sa strat\u00e9gie de trading et un \u00e9ventail d&#8217;autres statistiques utiles. Si vous d\u00e9cidez qu&#8217;il s&#8217;agit du trader que vous souhaitez copier, il vous suffit de cliquer sur \u00ab\u00a0Copier\u00a0\u00bb et de d\u00e9cider du montant que vous souhaitez allouer sur le total du capital de votre compte. Toutes les ex\u00e9cutions sont effectu\u00e9es proportionnellement, ce qui signifie que si vous allouez 1\u00a0000\u00a0$ pour copier un trader qui poss\u00e8de un compte de trading de 10\u00a0000\u00a0$, une position copi\u00e9e de 100\u00a0$ sera cr\u00e9\u00e9e dans votre compte. Cela vous permet non seulement de copier la direction de la position, mais aussi la strat\u00e9gie d&#8217;investissement appliqu\u00e9e du trader. Souvenez-vous, l&#8217;une des choses les plus importantes \u00e0 savoir est de diversifier judicieusement vos investissements et vos risques. Avec le copy trading, vos investissements sont intrins\u00e8quement diversifi\u00e9s, tant que le trader copi\u00e9 g\u00e8re ses risques de la m\u00eame mani\u00e8re. Nous encourageons nos clients \u00e0 g\u00e9rer leurs risques dans le cadre de notre politique de\u00a0<a href=\"https:\/\/www.etoro.com\/fr\/customer-service\/responsible-trading\/\">Trading responsable<\/a>.<\/p>\n<p>Au fil des ans, nous avons vu comment CopyTrader et le copy trading ont r\u00e9volutionn\u00e9 la fa\u00e7on dont les gens tradent et investissent. Si vous n&#8217;avez pas de compte eToro, vous pouvez essayer le copy trading GRATUITEMENT gr\u00e2ce \u00e0 un compte de trading virtuel de 100\u00a0000\u00a0$.<\/p>\n","protected":false},"excerpt":{"rendered":"<p>Vous avez d\u00e9cid\u00e9 de commencer \u00e0 trader en ligne. Vous vous \u00eates renseign\u00e9 sur plusieurs plateformes et savez que vous pouvez faire du trading miroir. Mais qu&#8217;en est-il du copy trading, l&#8217;une des m\u00e9thodes les plus simples de trading en ligne. Avez-vous pens\u00e9 \u00e0 essayer\u00a0? Cette page pr\u00e9sente les diff\u00e9rences entre ces deux concepts\u00a0: le&hellip;<\/p>\n","protected":false},"author":45,"featured_media":0,"parent":34680,"menu_order":1562,"comment_status":"closed","ping_status":"closed","template":"","meta":{"_acf_changed":false,"inline_featured_image":false,"sticky_cta_settings":"","footnotes":""},"asset_type":[],"class_list":["post-6980","page","type-page","status-publish","hentry"],"acf":[],"yoast_head":"<title>Le CopyTrading d&#039;eToro r\u00e9invente le trading miroir<\/title>\n<meta name=\"description\" content=\"Le CopyTrading am\u00e9liore le concept de trading miroir, vous permettant de copier presque n&#039;importe qui sur la plateforme.\" \/>\n<meta name=\"robots\" content=\"index, follow, max-snippet:-1, max-image-preview:large, max-video-preview:-1\" \/>\n<link rel=\"canonical\" href=\"https:\/\/www.etoro.com\/fr\/wp-json\/wp\/v2\/pages\/6980\" \/>\n<meta property=\"og:locale\" content=\"fr_FR\" \/>\n<meta property=\"og:type\" content=\"article\" \/>\n<meta property=\"og:title\" content=\"Le CopyTrading d&#039;eToro r\u00e9invente le trading miroir\" \/>\n<meta property=\"og:description\" content=\"Le CopyTrading am\u00e9liore le concept de trading miroir, vous permettant de copier presque n&#039;importe qui sur la plateforme.\" \/>\n<meta property=\"og:url\" content=\"https:\/\/www.etoro.com\/fr\/wp-json\/wp\/v2\/pages\/6980\" \/>\n<meta property=\"og:site_name\" content=\"eToro\" \/>\n<meta property=\"article:publisher\" content=\"https:\/\/www.facebook.com\/eToro\/\" \/>\n<meta property=\"article:modified_time\" content=\"2023-09-07T11:35:36+00:00\" \/>\n<meta property=\"og:image\" content=\"https:\/\/www.etoro.com\/wp-content\/uploads\/2019\/12\/etoro_logo_social_share1.png\" \/>\n\t<meta property=\"og:image:width\" content=\"240\" \/>\n\t<meta property=\"og:image:height\" content=\"240\" \/>\n\t<meta property=\"og:image:type\" content=\"image\/png\" \/>\n<meta name=\"twitter:card\" content=\"summary_large_image\" \/>\n<meta name=\"twitter:site\" content=\"@eToro\" \/>\n<meta name=\"twitter:label1\" content=\"Est. reading time\" \/>\n\t<meta name=\"twitter:data1\" content=\"6 minutes\" \/>\n<script type=\"application\/ld+json\" class=\"yoast-schema-graph\">{\"@context\":\"https:\/\/schema.org\",\"@graph\":[{\"@type\":\"WebPage\",\"@id\":\"https:\/\/www.etoro.com\/fr\/copytrader\/copy-vs-mirror\/\",\"url\":\"https:\/\/www.etoro.com\/fr\/copytrader\/copy-vs-mirror\/\",\"name\":\"Le CopyTrading d'eToro r\u00e9invente le trading miroir\",\"isPartOf\":{\"@id\":\"https:\/\/www.etoro.com\/fr\/#website\"},\"datePublished\":\"2017-10-17T11:49:19+00:00\",\"dateModified\":\"2023-09-07T11:35:36+00:00\",\"description\":\"Le CopyTrading am\u00e9liore le concept de trading miroir, vous permettant de copier presque n'importe qui sur la plateforme.\",\"breadcrumb\":{\"@id\":\"https:\/\/www.etoro.com\/fr\/copytrader\/copy-vs-mirror\/#breadcrumb\"},\"inLanguage\":\"fr\",\"potentialAction\":[{\"@type\":\"ReadAction\",\"target\":[\"https:\/\/www.etoro.com\/fr\/copytrader\/copy-vs-mirror\/\"]}]},{\"@type\":\"BreadcrumbList\",\"@id\":\"https:\/\/www.etoro.com\/fr\/copytrader\/copy-vs-mirror\/#breadcrumb\",\"itemListElement\":[{\"@type\":\"ListItem\",\"position\":1,\"name\":\"Accueil\",\"item\":\"https:\/\/www.etoro.com\/fr\/\"},{\"@type\":\"ListItem\",\"position\":2,\"name\":\"CopyTrader\",\"item\":\"https:\/\/www.etoro.com\/fr\/copytrader\/\"},{\"@type\":\"ListItem\",\"position\":3,\"name\":\"COPY vs MIROIR\"}]},{\"@type\":\"WebSite\",\"@id\":\"https:\/\/www.etoro.com\/fr\/#website\",\"url\":\"https:\/\/www.etoro.com\/fr\/\",\"name\":\"eToro\",\"description\":\"\",\"publisher\":{\"@id\":\"https:\/\/www.etoro.com\/fr\/#organization\"},\"potentialAction\":[{\"@type\":\"SearchAction\",\"target\":{\"@type\":\"EntryPoint\",\"urlTemplate\":\"https:\/\/www.etoro.com\/fr\/?s={search_term_string}\"},\"query-input\":{\"@type\":\"PropertyValueSpecification\",\"valueRequired\":true,\"valueName\":\"search_term_string\"}}],\"inLanguage\":\"fr\"},[]]}<\/script>","yoast_head_json":{"title":"Le CopyTrading d'eToro r\u00e9invente le trading miroir","description":"Le CopyTrading am\u00e9liore le concept de trading miroir, vous permettant de copier presque n'importe qui sur la plateforme.","robots":{"index":"index","follow":"follow","max-snippet":"max-snippet:-1","max-image-preview":"max-image-preview:large","max-video-preview":"max-video-preview:-1"},"canonical":"https:\/\/www.etoro.com\/fr\/wp-json\/wp\/v2\/pages\/6980","og_locale":"fr_FR","og_type":"article","og_title":"Le CopyTrading d'eToro r\u00e9invente le trading miroir","og_description":"Le CopyTrading am\u00e9liore le concept de trading miroir, vous permettant de copier presque n'importe qui sur la plateforme.","og_url":"https:\/\/www.etoro.com\/fr\/wp-json\/wp\/v2\/pages\/6980","og_site_name":"eToro","article_publisher":"https:\/\/www.facebook.com\/eToro\/","article_modified_time":"2023-09-07T11:35:36+00:00","og_image":[{"width":240,"height":240,"url":"https:\/\/www.etoro.com\/wp-content\/uploads\/2019\/12\/etoro_logo_social_share1.png","type":"image\/png"}],"twitter_card":"summary_large_image","twitter_site":"@eToro","twitter_misc":{"Est. reading time":"6 minutes"},"schema":{"@context":"https:\/\/schema.org","@graph":[{"@type":"WebPage","@id":"https:\/\/www.etoro.com\/fr\/copytrader\/copy-vs-mirror\/","url":"https:\/\/www.etoro.com\/fr\/copytrader\/copy-vs-mirror\/","name":"Le CopyTrading d'eToro r\u00e9invente le trading miroir","isPartOf":{"@id":"https:\/\/www.etoro.com\/fr\/#website"},"datePublished":"2017-10-17T11:49:19+00:00","dateModified":"2023-09-07T11:35:36+00:00","description":"Le CopyTrading am\u00e9liore le concept de trading miroir, vous permettant de copier presque n'importe qui sur la plateforme.","breadcrumb":{"@id":"https:\/\/www.etoro.com\/fr\/copytrader\/copy-vs-mirror\/#breadcrumb"},"inLanguage":"fr","potentialAction":[{"@type":"ReadAction","target":["https:\/\/www.etoro.com\/fr\/copytrader\/copy-vs-mirror\/"]}]},{"@type":"BreadcrumbList","@id":"https:\/\/www.etoro.com\/fr\/copytrader\/copy-vs-mirror\/#breadcrumb","itemListElement":[{"@type":"ListItem","position":1,"name":"Accueil","item":"https:\/\/www.etoro.com\/fr\/"},{"@type":"ListItem","position":2,"name":"CopyTrader","item":"https:\/\/www.etoro.com\/fr\/copytrader\/"},{"@type":"ListItem","position":3,"name":"COPY vs MIROIR"}]},{"@type":"WebSite","@id":"https:\/\/www.etoro.com\/fr\/#website","url":"https:\/\/www.etoro.com\/fr\/","name":"eToro","description":"","publisher":{"@id":"https:\/\/www.etoro.com\/fr\/#organization"},"potentialAction":[{"@type":"SearchAction","target":{"@type":"EntryPoint","urlTemplate":"https:\/\/www.etoro.com\/fr\/?s={search_term_string}"},"query-input":{"@type":"PropertyValueSpecification","valueRequired":true,"valueName":"search_term_string"}}],"inLanguage":"fr"},[]]}},"_links":{"self":[{"href":"https:\/\/www.etoro.com\/fr\/wp-json\/wp\/v2\/pages\/6980"}],"collection":[{"href":"https:\/\/www.etoro.com\/fr\/wp-json\/wp\/v2\/pages"}],"about":[{"href":"https:\/\/www.etoro.com\/fr\/wp-json\/wp\/v2\/types\/page"}],"author":[{"embeddable":true,"href":"https:\/\/www.etoro.com\/fr\/wp-json\/wp\/v2\/users\/45"}],"replies":[{"embeddable":true,"href":"https:\/\/www.etoro.com\/fr\/wp-json\/wp\/v2\/comments?post=6980"}],"version-history":[{"count":0,"href":"https:\/\/www.etoro.com\/fr\/wp-json\/wp\/v2\/pages\/6980\/revisions"}],"up":[{"embeddable":true,"href":"https:\/\/www.etoro.com\/fr\/wp-json\/wp\/v2\/pages\/34680"}],"wp:attachment":[{"href":"https:\/\/www.etoro.com\/fr\/wp-json\/wp\/v2\/media?parent=6980"}],"wp:term":[{"taxonomy":"asset_type","embeddable":true,"href":"https:\/\/www.etoro.com\/fr\/wp-json\/wp\/v2\/asset_type?post=6980"}],"curies":[{"name":"wp","href":"https:\/\/api.w.org\/{rel}","templated":true}]}}