{"id":71219,"date":"2019-06-04T16:25:14","date_gmt":"2019-06-04T13:25:14","guid":{"rendered":"http:\/\/www.etoro.com\/customer-service\/etoro-security-guidelines\/"},"modified":"2022-11-10T18:03:54","modified_gmt":"2022-11-10T16:03:54","slug":"etoro-security-guidelines","status":"publish","type":"page","link":"https:\/\/www.etoro.com\/fr\/customer-service\/etoro-security-guidelines\/","title":{"rendered":"Directives de s\u00e9curit\u00e9 d&#8217;eToro"},"content":{"rendered":"<p>Chez eToro, nous prenons la s\u00e9curit\u00e9 tr\u00e8s au s\u00e9rieux. Nous nous assurons d&#8217;avertir nos clients concernant tout risque de s\u00e9curit\u00e9 et de leur indiquer les pr\u00e9cautions qu&#8217;ils peuvent prendre afin de se prot\u00e9ger. Par ailleurs, nous invitons toute personne qui rencontre un probl\u00e8me de s\u00e9curit\u00e9 avec l&#8217;un de nos produits \u00e0 nous en informer et \u00e0 nous aider \u00e0 assurer la s\u00e9curit\u00e9 d&#8217;eToro pour chacun.<\/p>\n<p>Pour prot\u00e9ger votre compte, nous vous recommandons fortement de suivre les \u00e9tapes ci-dessous r\u00e9guli\u00e8rement, surtout si vous remarquez que des changements ont \u00e9t\u00e9 apport\u00e9s \u00e0 votre compte sans que vous en soyez \u00e0 l&#8217;origine.<\/p>\n<p>Pour renforcer la s\u00e9curit\u00e9 de votre compte eToro, suivez ces \u00e9tapes\u00a0:<\/p>\n<p>&nbsp;<\/p>\n<ul class=\"ul_with_icons\"><li><div class=\"li_with_icon\" style=\"background-image: url(https:\/\/www.etoro.com\/wp-content\/uploads\/2019\/06\/2fa_icon.svg)\"><p><b>\u00c9tape 1 : utilisez l'authentification \u00e0 2 facteurs (2FA)<\/b><br \/>\nLa v\u00e9rification en 2 \u00e9tapes ajoute une barri\u00e8re de s\u00e9curit\u00e9 suppl\u00e9mentaire \u00e0 votre compte. Ce processus vous invite \u00e0 vous connecter \u00e0 l'aide de votre mot de passe et d'un code de s\u00e9curit\u00e9 envoy\u00e9 sur votre t\u00e9l\u00e9phone portable.<\/p>\n<\/div><\/li><li><div class=\"li_with_icon\" style=\"background-image: url(https:\/\/www.etoro.com\/wp-content\/uploads\/2019\/06\/etoroPassword_icon.svg)\"><p><b>\u00c9tape 2 : n'utilisez jamais le mot de passe de votre compte eToro sur un autre site Web<\/b><br \/>\nSi vous saisissez votre mot de passe sur un site Web externe et si celui-ci est compromis, quelqu'un pourrait tenter de se connecter \u00e0 votre compte eToro avec la m\u00eame information. Assurez-vous que vos mots de passe soient diff\u00e9rents sur chacun des services que vous utilisez et modifiez-les r\u00e9guli\u00e8rement.<\/p>\n<\/div><\/li><li><div class=\"li_with_icon\" style=\"background-image: url(https:\/\/www.etoro.com\/wp-content\/uploads\/2019\/06\/StrongPassword_icon.svg)\"><p><b>\u00c9tape 3 : prot\u00e9gez votre mot de passe<\/b><br \/>\nNe saisissez jamais votre mot de passe apr\u00e8s avoir suivi un lien contenu dans un e-mail envoy\u00e9 par un site non s\u00e9curis\u00e9. Rendez-vous toujours directement sur https:\/\/www.etoro.com\/connectez-vous. En plus, n'enregistrez pas votre mot de passe dans le navigateur. Si quelqu'un obtient acc\u00e8s \u00e0 votre ordinateur, les mots de passe enregistr\u00e9s sont facilement d\u00e9voil\u00e9s.<\/p>\n<\/div><\/li><li><div class=\"li_with_icon\" style=\"background-image: url(https:\/\/www.etoro.com\/wp-content\/uploads\/2019\/06\/Password_icon.svg)\"><p><b>\u00c9tape 4 : utilisez un mot de passe fort<\/b><br \/>\nNe l'\u00e9crivez pas. Ne l'envoyez pas par e-mail et ne le divulguez \u00e0 personne. eToro ne vous demandera jamais d'envoyer votre mot de passe par e-mail ou toute autre information confidentielle.<\/p>\n<\/div><\/li><li><div class=\"li_with_icon\" style=\"background-image: url(https:\/\/www.etoro.com\/wp-content\/uploads\/2019\/06\/Viruses_icon.svg)\"><p><b>\u00c9tape 5 : recherchez les virus et logiciels malveillants<\/b><br \/>\nEx\u00e9cutez une analyse de votre ordinateur avec un logiciel antivirus de confiance. Si l'analyse d\u00e9tecte des programmes ou applications suspectes, supprimez-les imm\u00e9diatement.<\/p>\n<\/div><\/li><li><div class=\"li_with_icon\" style=\"background-image: url(https:\/\/www.etoro.com\/wp-content\/uploads\/2019\/06\/Operating_icon.svg)\"><p><b>\u00c9tape 6 : effectuez des mises \u00e0 jour r\u00e9guli\u00e8res de votre syst\u00e8me d'exploitation et navigateur<\/b><br \/>\nAssurez-vous d'avoir param\u00e9tr\u00e9 votre ordinateur afin qu'il installe les mises \u00e0 jour automatiquement. Si vous recevez une notification de mise \u00e0 jour, occupez-vous en imm\u00e9diatement car elle peut contenir des corrections de s\u00e9curit\u00e9 importantes.<\/p>\n<\/div><\/li><\/ul>\n<p>&nbsp;<\/p>\n<p>Si vous utilisez un ordinateur public, prenez ces mesures suppl\u00e9mentaires\u00a0:<\/p>\n<ul>\n<li>D\u00e9connectez toujours votre compte.<\/li>\n<li>Effacez r\u00e9guli\u00e8rement les formulaires, mots de passe, caches et cookies du navigateur.<\/li>\n<\/ul>\n<p>&nbsp;<\/p>\n<p><b>Remarque\u00a0:<\/b> vous devez effectuer ces \u00e9tapes plus fr\u00e9quemment si vous commencez \u00e0 remarquer un comportement suspect, tel qu&#8217;un ralentissement g\u00e9n\u00e9ral et des fen\u00eatres publicitaires.<\/p>\n<h2>Vous avez rencontr\u00e9 un probl\u00e8me de s\u00e9curit\u00e9\u00a0? Dites-le nous\u00a0!<\/h2>\n<p>Si vous avez remarqu\u00e9 une vuln\u00e9rabilit\u00e9\/faille de s\u00e9curit\u00e9 dans l&#8217;un de nos actifs, nous vous encourageons \u00e0 nous le faire savoir pour nous aider \u00e0 assurer la s\u00e9curit\u00e9 d&#8217;eToro. Nous g\u00e9rons un programme de divulgation des vuln\u00e9rabilit\u00e9s sur HackerOne pour recevoir et conserver un registre des probl\u00e8mes soumis. Veuillez signaler vos observations <a href=\"https:\/\/hackerone.com\/etoro\" rel=\"nofollow noopener noreferrer\" >ici<\/a>.<\/p>\n<p>Merci de nous aider \u00e0 assurer la s\u00e9curit\u00e9 d&#8217;eToro.<\/p>\n","protected":false},"excerpt":{"rendered":"<p>Chez eToro, nous prenons la s\u00e9curit\u00e9 tr\u00e8s au s\u00e9rieux. Nous nous assurons d&#8217;avertir nos clients concernant tout risque de s\u00e9curit\u00e9 et de leur indiquer les pr\u00e9cautions qu&#8217;ils peuvent prendre afin de se prot\u00e9ger. Par ailleurs, nous invitons toute personne qui rencontre un probl\u00e8me de s\u00e9curit\u00e9 avec l&#8217;un de nos produits \u00e0 nous en informer et&hellip;<\/p>\n","protected":false},"author":39,"featured_media":0,"parent":6958,"menu_order":704,"comment_status":"closed","ping_status":"closed","template":"","meta":{"_acf_changed":false,"inline_featured_image":false,"sticky_cta_settings":"","footnotes":""},"asset_type":[],"class_list":["post-71219","page","type-page","status-publish","hentry"],"acf":[],"yoast_head":"<title>Directives d\u2019eToro: S\u00e9curit\u00e9 du trading et investir en ligne<\/title>\n<meta name=\"description\" content=\"eToro prend la s\u00e9curit\u00e9 tr\u00e8s au s\u00e9rieux. Cette page discute des pratiques de s\u00e9curit\u00e9 et pour adresser les probl\u00e8mes de s\u00e9curit\u00e9 rencontr\u00e9s sur la plateforme.\" \/>\n<meta name=\"robots\" content=\"index, follow, max-snippet:-1, max-image-preview:large, max-video-preview:-1\" \/>\n<link rel=\"canonical\" href=\"https:\/\/www.etoro.com\/fr\/wp-json\/wp\/v2\/pages\/71219\" \/>\n<meta property=\"og:locale\" content=\"fr_FR\" \/>\n<meta property=\"og:type\" content=\"article\" \/>\n<meta property=\"og:title\" content=\"Directives d\u2019eToro: S\u00e9curit\u00e9 du trading et investir en ligne\" \/>\n<meta property=\"og:description\" content=\"eToro prend la s\u00e9curit\u00e9 tr\u00e8s au s\u00e9rieux. Cette page discute des pratiques de s\u00e9curit\u00e9 et pour adresser les probl\u00e8mes de s\u00e9curit\u00e9 rencontr\u00e9s sur la plateforme.\" \/>\n<meta property=\"og:url\" content=\"https:\/\/www.etoro.com\/fr\/wp-json\/wp\/v2\/pages\/71219\" \/>\n<meta property=\"og:site_name\" content=\"eToro\" \/>\n<meta property=\"article:publisher\" content=\"https:\/\/www.facebook.com\/eToro\/\" \/>\n<meta property=\"article:modified_time\" content=\"2022-11-10T16:03:54+00:00\" \/>\n<meta property=\"og:image\" content=\"https:\/\/www.etoro.com\/wp-content\/uploads\/2019\/12\/etoro_logo_social_share1.png\" \/>\n\t<meta property=\"og:image:width\" content=\"240\" \/>\n\t<meta property=\"og:image:height\" content=\"240\" \/>\n\t<meta property=\"og:image:type\" content=\"image\/png\" \/>\n<meta name=\"twitter:card\" content=\"summary_large_image\" \/>\n<meta name=\"twitter:site\" content=\"@eToro\" \/>\n<meta name=\"twitter:label1\" content=\"Est. reading time\" \/>\n\t<meta name=\"twitter:data1\" content=\"2 minutes\" \/>\n<script type=\"application\/ld+json\" class=\"yoast-schema-graph\">{\"@context\":\"https:\/\/schema.org\",\"@graph\":[{\"@type\":\"WebPage\",\"@id\":\"https:\/\/www.etoro.com\/fr\/customer-service\/etoro-security-guidelines\/\",\"url\":\"https:\/\/www.etoro.com\/fr\/customer-service\/etoro-security-guidelines\/\",\"name\":\"Directives d\u2019eToro: S\u00e9curit\u00e9 du trading et investir en ligne\",\"isPartOf\":{\"@id\":\"https:\/\/www.etoro.com\/fr\/#website\"},\"datePublished\":\"2019-06-04T13:25:14+00:00\",\"dateModified\":\"2022-11-10T16:03:54+00:00\",\"description\":\"eToro prend la s\u00e9curit\u00e9 tr\u00e8s au s\u00e9rieux. Cette page discute des pratiques de s\u00e9curit\u00e9 et pour adresser les probl\u00e8mes de s\u00e9curit\u00e9 rencontr\u00e9s sur la plateforme.\",\"breadcrumb\":{\"@id\":\"https:\/\/www.etoro.com\/fr\/customer-service\/etoro-security-guidelines\/#breadcrumb\"},\"inLanguage\":\"fr\",\"potentialAction\":[{\"@type\":\"ReadAction\",\"target\":[\"https:\/\/www.etoro.com\/fr\/customer-service\/etoro-security-guidelines\/\"]}]},{\"@type\":\"BreadcrumbList\",\"@id\":\"https:\/\/www.etoro.com\/fr\/customer-service\/etoro-security-guidelines\/#breadcrumb\",\"itemListElement\":[{\"@type\":\"ListItem\",\"position\":1,\"name\":\"Accueil\",\"item\":\"https:\/\/www.etoro.com\/fr\/\"},{\"@type\":\"ListItem\",\"position\":2,\"name\":\"SERVICE CLIENT\",\"item\":\"https:\/\/www.etoro.com\/fr\/customer-service\/\"},{\"@type\":\"ListItem\",\"position\":3,\"name\":\"Directives de s\u00e9curit\u00e9 d&#8217;eToro\"}]},{\"@type\":\"WebSite\",\"@id\":\"https:\/\/www.etoro.com\/fr\/#website\",\"url\":\"https:\/\/www.etoro.com\/fr\/\",\"name\":\"eToro\",\"description\":\"\",\"publisher\":{\"@id\":\"https:\/\/www.etoro.com\/fr\/#organization\"},\"potentialAction\":[{\"@type\":\"SearchAction\",\"target\":{\"@type\":\"EntryPoint\",\"urlTemplate\":\"https:\/\/www.etoro.com\/fr\/?s={search_term_string}\"},\"query-input\":{\"@type\":\"PropertyValueSpecification\",\"valueRequired\":true,\"valueName\":\"search_term_string\"}}],\"inLanguage\":\"fr\"},[]]}<\/script>","yoast_head_json":{"title":"Directives d\u2019eToro: S\u00e9curit\u00e9 du trading et investir en ligne","description":"eToro prend la s\u00e9curit\u00e9 tr\u00e8s au s\u00e9rieux. Cette page discute des pratiques de s\u00e9curit\u00e9 et pour adresser les probl\u00e8mes de s\u00e9curit\u00e9 rencontr\u00e9s sur la plateforme.","robots":{"index":"index","follow":"follow","max-snippet":"max-snippet:-1","max-image-preview":"max-image-preview:large","max-video-preview":"max-video-preview:-1"},"canonical":"https:\/\/www.etoro.com\/fr\/wp-json\/wp\/v2\/pages\/71219","og_locale":"fr_FR","og_type":"article","og_title":"Directives d\u2019eToro: S\u00e9curit\u00e9 du trading et investir en ligne","og_description":"eToro prend la s\u00e9curit\u00e9 tr\u00e8s au s\u00e9rieux. Cette page discute des pratiques de s\u00e9curit\u00e9 et pour adresser les probl\u00e8mes de s\u00e9curit\u00e9 rencontr\u00e9s sur la plateforme.","og_url":"https:\/\/www.etoro.com\/fr\/wp-json\/wp\/v2\/pages\/71219","og_site_name":"eToro","article_publisher":"https:\/\/www.facebook.com\/eToro\/","article_modified_time":"2022-11-10T16:03:54+00:00","og_image":[{"width":240,"height":240,"url":"https:\/\/www.etoro.com\/wp-content\/uploads\/2019\/12\/etoro_logo_social_share1.png","type":"image\/png"}],"twitter_card":"summary_large_image","twitter_site":"@eToro","twitter_misc":{"Est. reading time":"2 minutes"},"schema":{"@context":"https:\/\/schema.org","@graph":[{"@type":"WebPage","@id":"https:\/\/www.etoro.com\/fr\/customer-service\/etoro-security-guidelines\/","url":"https:\/\/www.etoro.com\/fr\/customer-service\/etoro-security-guidelines\/","name":"Directives d\u2019eToro: S\u00e9curit\u00e9 du trading et investir en ligne","isPartOf":{"@id":"https:\/\/www.etoro.com\/fr\/#website"},"datePublished":"2019-06-04T13:25:14+00:00","dateModified":"2022-11-10T16:03:54+00:00","description":"eToro prend la s\u00e9curit\u00e9 tr\u00e8s au s\u00e9rieux. Cette page discute des pratiques de s\u00e9curit\u00e9 et pour adresser les probl\u00e8mes de s\u00e9curit\u00e9 rencontr\u00e9s sur la plateforme.","breadcrumb":{"@id":"https:\/\/www.etoro.com\/fr\/customer-service\/etoro-security-guidelines\/#breadcrumb"},"inLanguage":"fr","potentialAction":[{"@type":"ReadAction","target":["https:\/\/www.etoro.com\/fr\/customer-service\/etoro-security-guidelines\/"]}]},{"@type":"BreadcrumbList","@id":"https:\/\/www.etoro.com\/fr\/customer-service\/etoro-security-guidelines\/#breadcrumb","itemListElement":[{"@type":"ListItem","position":1,"name":"Accueil","item":"https:\/\/www.etoro.com\/fr\/"},{"@type":"ListItem","position":2,"name":"SERVICE CLIENT","item":"https:\/\/www.etoro.com\/fr\/customer-service\/"},{"@type":"ListItem","position":3,"name":"Directives de s\u00e9curit\u00e9 d&#8217;eToro"}]},{"@type":"WebSite","@id":"https:\/\/www.etoro.com\/fr\/#website","url":"https:\/\/www.etoro.com\/fr\/","name":"eToro","description":"","publisher":{"@id":"https:\/\/www.etoro.com\/fr\/#organization"},"potentialAction":[{"@type":"SearchAction","target":{"@type":"EntryPoint","urlTemplate":"https:\/\/www.etoro.com\/fr\/?s={search_term_string}"},"query-input":{"@type":"PropertyValueSpecification","valueRequired":true,"valueName":"search_term_string"}}],"inLanguage":"fr"},[]]}},"_links":{"self":[{"href":"https:\/\/www.etoro.com\/fr\/wp-json\/wp\/v2\/pages\/71219"}],"collection":[{"href":"https:\/\/www.etoro.com\/fr\/wp-json\/wp\/v2\/pages"}],"about":[{"href":"https:\/\/www.etoro.com\/fr\/wp-json\/wp\/v2\/types\/page"}],"author":[{"embeddable":true,"href":"https:\/\/www.etoro.com\/fr\/wp-json\/wp\/v2\/users\/39"}],"replies":[{"embeddable":true,"href":"https:\/\/www.etoro.com\/fr\/wp-json\/wp\/v2\/comments?post=71219"}],"version-history":[{"count":0,"href":"https:\/\/www.etoro.com\/fr\/wp-json\/wp\/v2\/pages\/71219\/revisions"}],"up":[{"embeddable":true,"href":"https:\/\/www.etoro.com\/fr\/wp-json\/wp\/v2\/pages\/6958"}],"wp:attachment":[{"href":"https:\/\/www.etoro.com\/fr\/wp-json\/wp\/v2\/media?parent=71219"}],"wp:term":[{"taxonomy":"asset_type","embeddable":true,"href":"https:\/\/www.etoro.com\/fr\/wp-json\/wp\/v2\/asset_type?post=71219"}],"curies":[{"name":"wp","href":"https:\/\/api.w.org\/{rel}","templated":true}]}}