{"id":776619,"date":"2023-11-27T15:57:54","date_gmt":"2023-11-27T13:57:54","guid":{"rendered":"https:\/\/www.etoro.com\/?page_id=776619"},"modified":"2026-02-04T13:19:56","modified_gmt":"2026-02-04T11:19:56","slug":"investing-in-gold","status":"publish","type":"page","link":"https:\/\/www.etoro.com\/fr\/investing\/investing-in-gold\/","title":{"rendered":"Investir dans l\u2019or : guide d\u00e9butant"},"content":{"rendered":"\n<p class=\"is-style-summary\">Le march\u00e9 de l\u2019or poss\u00e8de des sp\u00e9cificit\u00e9s qu\u2019il est important de comprendre avant d\u2019investir. Diff\u00e9rentes options existent, comme l\u2019achat physique, les CFD, les contrats \u00e0 terme ou les ETF, permettant d\u2019\u00e9valuer si l\u2019or constitue un investissement int\u00e9ressant selon ton profil et ton horizon.<\/p>\n\n\n\n\n\n\n<hr class=\"wp-block-separator wp-block-separator-color-dark-grey wp-block-separator-spaces-medium wp-block-separator-weight-1\"\/>\n\n\n\n<p>L\u2019or se n\u00e9gocie comme d\u2019autres <a href=\"https:\/\/www.etoro.com\/fr\/trading\/asset-class-characteristics\/\">actifs<\/a> \u2013 actions, forex ou cryptomonnaies. Gr\u00e2ce aux comptes de courtage multi-actifs, les investisseurs peuvent prendre position sur l\u2019or et l\u2019utiliser comme couverture potentielle contre l\u2019inflation et les risques g\u00e9opolitiques.<\/p>\n\n\n\n<p><a href=\"https:\/\/www.etoro.com\/fr\/markets\/gold?funnelFromId=71\">L\u2019or<\/a> peut servir \u00e0 <strong>r\u00e9\u00e9quilibrer un portefeuille<\/strong> ou \u00eatre recherch\u00e9 pour ses qualit\u00e9s intrins\u00e8ques en tant qu\u2019actif. Diff\u00e9rentes options existent pour l\u2019acheter et y investir, allant des produits physiques aux instruments financiers.<\/p>\n\n\n\n<figure class=\"wp-block-image size-full\"><img loading=\"lazy\" decoding=\"async\" width=\"756\" height=\"400\" src=\"https:\/\/www.etoro.com\/wp-content\/uploads\/2023\/11\/Body-Image-1-How-to-invest-in-gold.png\" alt=\"\" class=\"wp-image-776844 wp-image-desktop\" srcset=\"https:\/\/www.etoro.com\/wp-content\/uploads\/2023\/11\/Body-Image-1-How-to-invest-in-gold.png 756w, https:\/\/www.etoro.com\/wp-content\/uploads\/2023\/11\/Body-Image-1-How-to-invest-in-gold-300x159.png 300w\" sizes=\"(max-width: 756px) 100vw, 756px\" \/><\/figure>\n\n\n\n<h2 class=\"wp-block-heading\">Comment investir dans l\u2019or<\/h2>\n\n\n\n<p>L\u2019or est l\u2019une des <a href=\"https:\/\/www.etoro.com\/fr\/discover\/markets\/commodities?funnelFromId=71\">mati\u00e8res premi\u00e8res<\/a> les plus \u00e9chang\u00e9es au monde, repr\u00e9sentant environ 15 % du march\u00e9 mondial des mati\u00e8res premi\u00e8res. Il peut \u00eatre achet\u00e9 et vendu <strong>via divers instruments financiers<\/strong>. Voici les diff\u00e9rentes fa\u00e7ons d\u2019investir dans l\u2019or :<\/p>\n\n\n\n<ul class=\"wp-block-list wp-block-list wp-block-list-circle\">\n<li><a href=\"https:\/\/www.etoro.com\/fr\/discover\/markets\/stocks?funnelFromId=71\">Actions<\/a> aurif\u00e8res : Actions de soci\u00e9t\u00e9s <strong>engag\u00e9es dans l\u2019extraction d\u2019or<\/strong>. Leurs cours sont, en partie, corr\u00e9l\u00e9s au prix du m\u00e9tal.<\/li>\n\n\n\n<li>ETF or : Produits de type <strong>fonds compos\u00e9s d\u2019un panier d\u2019actifs li\u00e9s \u00e0 l\u2019or<\/strong>.<\/li>\n\n\n\n<li>Contrats \u00e0 terme (futures) sur l\u2019or : Les <strong>d\u00e9riv\u00e9s n\u00e9goci\u00e9s sur les march\u00e9s de mati\u00e8res premi\u00e8res<\/strong>.<\/li>\n\n\n\n<li><a href=\"https:\/\/www.etoro.com\/fr\/smartportfolios\/goldworldwide\/stats\">Smart Portfolios<\/a> or : Produits de type <strong>fonds investissant<\/strong> dans un \u00e9ventail diversifi\u00e9 d\u2019entreprises d\u2019exploration, d\u2019extraction ou de traitement de l\u2019or.<\/li>\n\n\n\n<li>Or physique : Sous forme de <strong>lingots ou de bijoux<\/strong>.<\/li>\n<\/ul>\n\n\n\n<p>Il n\u2019existe pas forcement une \u00ab bonne \u00bb m\u00e9thode unique pour investir dans l\u2019or. <strong>Le choix<\/strong> <strong>d\u00e9pendra<\/strong> de tes <a href=\"https:\/\/www.etoro.com\/fr\/investing\/why-should-i-start-investing\/\">objectifs<\/a>, de ta tol\u00e9rance au risque, de ta strat\u00e9gie et de ton horizon d\u2019investissement.<\/p>\n\n\n\n<div class=\"wp-block-etoro-tip wp-block-etoro-tip-border-yellow\"><span class=\"wp-block-etoro-tip-icon\"><\/span><div class=\"wp-block-etoro-tip-text\">\n<p><strong>Conseil :<\/strong> Les investisseurs qui \u00ab ach\u00e8tent et conservent \u00bb doivent tenir compte des co\u00fbts r\u00e9currents associ\u00e9s aux diff\u00e9rentes m\u00e9thodes de d\u00e9tention d\u2019or.<\/p>\n<\/div><\/div>\n\n\n\n<h2 class=\"wp-block-heading\">L\u2019or, est-il un bon investissement ?<\/h2>\n\n\n\n<p><strong>Le march\u00e9 de l\u2019or est direct<\/strong> : sans dividendes ni coupons, il n\u2019offre aucun revenu passif. La performance d\u2019une position d\u00e9pend uniquement des variations du prix du m\u00e9tal sur <a href=\"https:\/\/www.melchior.fr\/cours\/complet\/cours-3-constitution-et-fonctionnement-du-marche-international-des-capitaux?utm_source=chatgpt.com\" target=\"_blank\" rel=\"noreferrer noopener\">le march\u00e9 mondial<\/a>, ainsi que des frais li\u00e9s \u00e0 l\u2019ex\u00e9cution et \u00e0 la d\u00e9tention.<\/p>\n\n\n\n<p><mark>Personne ne peut pr\u00e9dire avec certitude l\u2019\u00e9volution des prix de l\u2019or, soumis aux fluctuations du march\u00e9. N\u00e9anmoins, le march\u00e9 reste relativement accessible gr\u00e2ce \u00e0 sa structure, sa liquidit\u00e9 et ses co\u00fbts de transaction g\u00e9n\u00e9ralement faibles, facilitant l\u2019investissement pour les particuliers.<\/mark><\/p>\n\n\n\n<figure class=\"wp-block-image size-full\"><img loading=\"lazy\" decoding=\"async\" width=\"756\" height=\"400\" src=\"https:\/\/www.etoro.com\/wp-content\/uploads\/2023\/11\/Body-Image-2-Is-gold-a-good-investment_.png\" alt=\"\" class=\"wp-image-776823 wp-image-desktop\" srcset=\"https:\/\/www.etoro.com\/wp-content\/uploads\/2023\/11\/Body-Image-2-Is-gold-a-good-investment_.png 756w, https:\/\/www.etoro.com\/wp-content\/uploads\/2023\/11\/Body-Image-2-Is-gold-a-good-investment_-300x159.png 300w\" sizes=\"(max-width: 756px) 100vw, 756px\" \/><\/figure>\n\n\n\n<h2 class=\"wp-block-heading\">Comment trader l\u2019or<\/h2>\n\n\n\n<p>Les strat\u00e9gies actives utilisent les variations de prix \u00e0 court ou moyen terme. Les <a href=\"https:\/\/www.etoro.com\/fr\/trading\/day-trading\/\">traders intrajournaliers<\/a> n\u2019ouvrent des positions que sur la journ\u00e9e, en utilisant des comptes offrant un <strong>suivi en temps r\u00e9el<\/strong> et un acc\u00e8s direct aux instruments li\u00e9s \u00e0 l\u2019or.<\/p>\n\n\n\n<p>Les investisseurs actifs <strong>suivent les variations de prix \u00e0 court et moyen terme<\/strong>. Ils conservent leurs positions quelques heures et utilisent des contrats sur la diff\u00e9rence (<a href=\"https:\/\/www.etoro.com\/fr\/trading\/cfd\/what-is-cfd\/\">CFD<\/a>) ou autres instruments financiers qui refl\u00e8tent en temps r\u00e9el les mouvements des contrats \u00e0 terme ou des actions aurif\u00e8res.<\/p>\n\n\n\n<p>Parce qu\u2019un CFD est un accord juridique entre un courtier et un client, il peut offrir des <strong>fonctionnalit\u00e9s suppl\u00e9mentaires<\/strong> : il permet la <a href=\"https:\/\/www.etoro.com\/fr\/trading\/short-selling\/\">vente \u00e0 d\u00e9couvert<\/a> si vous anticipez une baisse, et l\u2019utilisation de l\u2019effet de levier afin d\u2019augmenter le rapport risque\/rendement.<\/p>\n\n\n\n<figure class=\"wp-block-image size-full\"><img loading=\"lazy\" decoding=\"async\" width=\"756\" height=\"400\" src=\"https:\/\/www.etoro.com\/wp-content\/uploads\/2023\/11\/Body-Image-3-Risks-of-investing-in-gold.png\" alt=\"\" class=\"wp-image-776802 wp-image-desktop\" srcset=\"https:\/\/www.etoro.com\/wp-content\/uploads\/2023\/11\/Body-Image-3-Risks-of-investing-in-gold.png 756w, https:\/\/www.etoro.com\/wp-content\/uploads\/2023\/11\/Body-Image-3-Risks-of-investing-in-gold-300x159.png 300w\" sizes=\"(max-width: 756px) 100vw, 756px\" \/><\/figure>\n\n\n\n<h2 class=\"wp-block-heading\">Ce qui influence le prix de l\u2019or<\/h2>\n\n\n\n<p>D\u2019un point de vue investissement, l\u2019or est souvent consid\u00e9r\u00e9 comme <strong>une assurance lorsque la valeur des autres actifs diminue<\/strong> fortement. Il est aussi utilis\u00e9 en guise de <a href=\"https:\/\/www.etoro.com\/fr\/investing\/hedging-guide\/\">couverture<\/a> contre l\u2019inflation et les tensions g\u00e9opolitiques, influence du dollar et offre limit\u00e9e \u00e0 court terme.<\/p>\n\n\n\n<ul class=\"wp-block-list wp-block-list wp-block-list-circle\">\n<li><strong>Actif refuge<\/strong> : La demande a tendance \u00e0 augmenter lors de turbulences sur les march\u00e9s financiers.<\/li>\n\n\n\n<li><strong>Risque g\u00e9oopolitique<\/strong> : Des tensions accrues peuvent d\u00e9clencher des pics de demande ; l\u2019or est \u00e9galement per\u00e7u comme couverture contre l\u2019inflation.<\/li>\n\n\n\n<li><strong>Corr\u00e9lation inverse<\/strong> avec le dollar US : Un dollar plus fort tend \u00e0 peser sur le prix de l\u2019or, et inversement.<\/li>\n\n\n\n<li>Offre relativement in\u00e9lastique \u00e0 court terme : <strong>la d\u00e9couverte et<\/strong> l<strong>e d\u00e9veloppement de<\/strong> <strong>nouvelles mines prennent des ann\u00e9es<\/strong>.<\/li>\n<\/ul>\n\n\n\n<h2 class=\"wp-block-heading\">Avantages et risques d\u2019un investissement dans l\u2019or<\/h2>\n\n\n\n<p>Comme pour de nombreuses mati\u00e8res premi\u00e8res, l\u2019or pr\u00e9sente \u00e0 la fois des avantages et des risques. Il peut servir de <strong>r\u00e9serve de valeur en cas d\u2019urgence<\/strong>, mais sa valeur sur le march\u00e9 peut \u00e9galement conna\u00eetre une baisse, entra\u00eenant des pertes potentielles pour les investisseurs.<\/p>\n\n\n\n<div class=\"wp-block-columns are-vertically-aligned-top wp-block-columns-2 is-layout-flex wp-container-core-columns-is-layout-1 wp-block-columns-is-layout-flex\">\n<div class=\"wp-block-column is-layout-flow wp-block-column-is-layout-flow\">\n<div class=\"wp-block-etoro-pros-cons wp-block-etoro-pros\"><div class=\"wp-block-etoro-pros-cons-title\">Avantages<\/div><div class=\"wp-block-etoro-pros-cons-content\">\n<ul class=\"wp-block-list wp-block-list wp-block-list-check\">\n<li>L\u2019or se distingue par son r\u00f4le de <strong>r\u00e9serve mobilisable<\/strong> en cas d\u2019urgence.<\/li>\n\n\n\n<li>L\u2019or peut \u00eatre consid\u00e9r\u00e9 comme <strong>relativement stable<\/strong>. Les investisseurs se tournent vers lui lorsque d\u2019autres actifs perdent de la valeur.<\/li>\n\n\n\n<li>L\u2019or est souvent utilis\u00e9 pour <strong>\u00e9quilibrer et stabiliser la performance globale<\/strong> d\u2019un <a href=\"https:\/\/www.etoro.com\/fr\/investing\/how-to-build-a-diversified-portfolio\/\">portefeuille<\/a>.<\/li>\n<\/ul>\n<\/div><\/div>\n<\/div>\n\n\n\n<div class=\"wp-block-column is-layout-flow wp-block-column-is-layout-flow\">\n<div class=\"wp-block-etoro-pros-cons wp-block-etoro-cons\"><div class=\"wp-block-etoro-pros-cons-title\">Risques<\/div><div class=\"wp-block-etoro-pros-cons-content\">\n<ul class=\"wp-block-list wp-block-list wp-block-list-cross\">\n<li>Principal <a href=\"https:\/\/www.etoro.com\/fr\/investing\/risk-management\/\">risque <\/a>: <strong>baisse potentielle du prix<\/strong> sur le march\u00e9.<\/li>\n\n\n\n<li>Une grande partie de la valeur de l\u2019or repose sur sa <strong>r\u00e9putation de r\u00e9servoir de richesse<\/strong> plut\u00f4t que sur son utilisation industrielle.<\/li>\n\n\n\n<li>Si le sentiment venait \u00e0 changer et que <strong>l\u2019or perdait son statut d\u2019actif refuge<\/strong>, le prix pourrait reculer<\/li>\n<\/ul>\n<\/div><\/div>\n<\/div>\n<\/div>\n\n\n\n<h2 class=\"wp-block-heading\">En r\u00e9sum\u00e9<\/h2>\n\n\n\n<p>Tr\u00e8s peu d\u2019investisseurs choisissent d\u2019investir uniquement dans l\u2019or, car il n\u2019est pas r\u00e9put\u00e9 pour offrir des rendements sup\u00e9rieurs au march\u00e9 dans des conditions \u00e9conomiques normales. Toutefois, comme pour tout actif, certains sp\u00e9culateurs se concentrent sur <strong>les variations de prix \u00e0 court terme pour trader l\u2019or<\/strong>.<\/p>\n\n\n\n<p>D\u2019un point de vue investissement, l\u2019or sert g\u00e9n\u00e9ralement d\u2019<strong>assurance lorsque la valeur des autres actifs chute<\/strong>. C\u2019est pourquoi de nombreux investisseurs allouent une partie de leur capital \u00e0 l\u2019or pour s\u00e9curiser et diversifier leur portefeuille.<\/p>\n\n\n\n<p>Visite <a href=\"https:\/\/www.etoro.com\/fr\/academy\/#academie-etoro\">l&#8217;Acad\u00e9mie eToro<\/a> pour en savoir plus sur l\u2019or et les autres m\u00e9taux pr\u00e9cieux.<\/p>\n\n\n\n<h2 class=\"wp-block-heading\">Foire aux questions<\/h2>\n\n\n\n<dl class=\"wp-block-etoro-faq\">\n<div class=\"wp-block-etoro-faq-item\"><dt class=\"wp-block-etoro-faq-item-question\">Qu\u2019est-ce que le ratio or\/argent ?<\/dt><dd class=\"wp-block-etoro-faq-item-answer\">\n<p>Les analystes suivent de pr\u00e8s la valeur relative de l\u2019or et de <a href=\"https:\/\/www.etoro.com\/fr\/markets\/silver?funnelFromId=71\">l\u2019argent <\/a>via le ratio or\/argent pour rep\u00e9rer d\u2019\u00e9ventuelles opportunit\u00e9s. Bien que leurs prix soient fortement corr\u00e9l\u00e9s sur le long terme, le ratio peut varier consid\u00e9rablement sur de courtes p\u00e9riodes.<\/p>\n<\/dd><\/div>\n\n\n\n<div class=\"wp-block-etoro-faq-item\"><dt class=\"wp-block-etoro-faq-item-question\">Quelle est la diff\u00e9rence entre investir dans l\u2019or et trader l\u2019or ?<\/dt><dd class=\"wp-block-etoro-faq-item-answer\">\n<p>La principale diff\u00e9rence tient \u00e0 la dur\u00e9e des op\u00e9rations. <em>Traders <\/em>et investisseurs peuvent utiliser des <a href=\"https:\/\/www.etoro.com\/fr\/investing\/investment-strategies\/\">strat\u00e9gies <\/a>similaires sur les m\u00eames march\u00e9s, mais le <em>trading <\/em>exige un suivi continu du march\u00e9.<\/p>\n<\/dd><\/div>\n\n\n\n<div class=\"wp-block-etoro-faq-item\"><dt class=\"wp-block-etoro-faq-item-question\">Quels sont les co\u00fbts associ\u00e9s \u00e0 la d\u00e9tention d\u2019or physique ?<\/dt><dd class=\"wp-block-etoro-faq-item-answer\">\n<p>Les co\u00fbts de d\u00e9tention de l\u2019or varient selon la m\u00e9thode choisie. \u00c0 domicile, ils peuvent \u00eatre nuls mais la s\u00e9curit\u00e9 reste un enjeu, tandis que les coffres sp\u00e9cialis\u00e9s facturent des frais proportionnels \u00e0 la taille du d\u00e9p\u00f4t, d\u2019o\u00f9 l\u2019int\u00e9r\u00eat des <a href=\"https:\/\/www.etoro.com\/fr\/investing\/how-to-choose-what-asset-class-to-invest-in\/\">instruments financiers<\/a>.<\/p>\n<\/dd><\/div>\n<\/dl>\n\n\n\n\t\t<style>\n\t\t\t.rtl .etoro-block-shortcode-disclaimer {\n\t\t\t\ttext-align:right;\n\t\t\t}\n\t\t\t.etoro-block-shortcode-disclaimer {\n\t\t\t\tmargin-bottom:18px;\n\t\t\t\ttext-align:left;\n\t\t\t}\n\t\t\t.etoro-block-shortcode-disclaimer p{\n\t\t\t\tfont-size: 12px;\n\t\t\t\tline-height: 18px;\n\t\t\t}\n\t\t\t@media (min-width: 768px) {\n\t\t\t\t.etoro-block-shortcode-disclaimer {\n\t\t\t\t\tmax-width:1176px;\n\t\t\t\t\ttext-align:center;\n\t\t\t\t}\n\t\t\t\t.etoro-block-shortcode-disclaimer p {\n\t\t\t\t\tfont-size: 14px;\n\t\t\t\t\tline-height: 20px;\n\t\t\t\t}\n\t\t\t}\n\t\t<\/style>\n\t\t<div class='etoro-block-shortcode-disclaimer'><p>Ces informations sont fournies uniquement \u00e0 des fins \u00e9ducatives et ne doivent pas \u00eatre consid\u00e9r\u00e9es comme un conseil en investissement, une recommandation personnelle ou une offre ou sollicitation d\u2019achat ou de vente d\u2019instruments financiers.<\/p>\n<p>Ce contenu a \u00e9t\u00e9 pr\u00e9par\u00e9 sans tenir compte des objectifs d\u2019investissement ou de la situation financi\u00e8re de son destinataire, et n\u2019a pas \u00e9t\u00e9 pr\u00e9par\u00e9 conform\u00e9ment aux exigences l\u00e9gales et r\u00e9glementaires visant \u00e0 promouvoir la recherche ind\u00e9pendante.<\/p>\n<p><strong>Tous les instruments financiers et services mentionn\u00e9s ne sont pas offerts par eToro<\/strong> et toute r\u00e9f\u00e9rence \u00e0 la performance pass\u00e9e ou future d\u2019un instrument financier, d\u2019un indice ou d\u2019un produit d\u2019investissement propos\u00e9 ne constitue pas et ne doit pas \u00eatre consid\u00e9r\u00e9e comme un indicateur fiable des r\u00e9sultats futurs. <strong>La disponibilit\u00e9 de tous les produits et services mentionn\u00e9s ci-dessus peut varier en fonction de la juridiction et du pays.<\/strong><\/p>\n<p>eToro ne fait aucune d\u00e9claration et n\u2019assume aucune responsabilit\u00e9 quant \u00e0 l\u2019exactitude ou l\u2019exhaustivit\u00e9 du contenu de ce guide. Il est de votre responsabilit\u00e9 de comprendre les risques li\u00e9s au trading et \u00e0 la sp\u00e9culation avant d\u2019engager votre capital. Ne risquez jamais plus que ce que vous \u00eates dispos\u00e9 \u00e0 perdre.<\/p>\n<\/div>\n","protected":false},"excerpt":{"rendered":"<p>Le march\u00e9 de l\u2019or poss\u00e8de des sp\u00e9cificit\u00e9s qu\u2019il est important de comprendre avant d\u2019investir. Diff\u00e9rentes options existent, comme l\u2019achat physique, les CFD, les contrats \u00e0 terme ou les ETF, permettant d\u2019\u00e9valuer si l\u2019or constitue un investissement int\u00e9ressant selon ton profil et ton horizon. L\u2019or se n\u00e9gocie comme d\u2019autres actifs \u2013 actions, forex ou cryptomonnaies. Gr\u00e2ce&hellip;<\/p>\n","protected":false},"author":101,"featured_media":1222911,"parent":19763,"menu_order":0,"comment_status":"closed","ping_status":"closed","template":"","meta":{"_acf_changed":true,"inline_featured_image":false,"sticky_cta_settings":"","footnotes":""},"asset_type":[6601],"class_list":["post-776619","page","type-page","status-publish","has-post-thumbnail","hentry","asset_type-is-cfd"],"acf":[],"yoast_head":"<title>Investir dans l\u2019or : Guide du d\u00e9butant<\/title>\n<meta name=\"description\" content=\"Comment commencer \u00e0 investir dans l\u2019or ? D\u00e9couvrez pourquoi l\u2019or attire, ses avantages, ses risques et les \u00e9tapes cl\u00e9s pour bien d\u00e9buter.\" \/>\n<meta name=\"robots\" content=\"index, follow, max-snippet:-1, max-image-preview:large, max-video-preview:-1\" \/>\n<link rel=\"canonical\" href=\"https:\/\/www.etoro.com\/fr\/wp-json\/wp\/v2\/pages\/776619\" \/>\n<meta property=\"og:locale\" content=\"fr_FR\" \/>\n<meta property=\"og:type\" content=\"article\" \/>\n<meta property=\"og:title\" content=\"Investir dans l\u2019or : Guide du d\u00e9butant\" \/>\n<meta property=\"og:description\" content=\"Comment commencer \u00e0 investir dans l\u2019or ? D\u00e9couvrez pourquoi l\u2019or attire, ses avantages, ses risques et les \u00e9tapes cl\u00e9s pour bien d\u00e9buter.\" \/>\n<meta property=\"og:url\" content=\"https:\/\/www.etoro.com\/fr\/wp-json\/wp\/v2\/pages\/776619\" \/>\n<meta property=\"og:site_name\" content=\"eToro\" \/>\n<meta property=\"article:publisher\" content=\"https:\/\/www.facebook.com\/eToro\/\" \/>\n<meta property=\"article:modified_time\" content=\"2026-02-04T11:19:56+00:00\" \/>\n<meta property=\"og:image\" content=\"https:\/\/www.etoro.com\/wp-content\/uploads\/2026\/02\/FR-How-to-Invest-in-Gold-1200x630-1.png\" \/>\n\t<meta property=\"og:image:width\" content=\"1200\" \/>\n\t<meta property=\"og:image:height\" content=\"630\" \/>\n\t<meta property=\"og:image:type\" content=\"image\/png\" \/>\n<meta name=\"twitter:card\" content=\"summary_large_image\" \/>\n<meta name=\"twitter:site\" content=\"@eToro\" \/>\n<meta name=\"twitter:label1\" content=\"Est. reading time\" \/>\n\t<meta name=\"twitter:data1\" content=\"6 minutes\" \/>\n<script type=\"application\/ld+json\" class=\"yoast-schema-graph\">{\"@context\":\"https:\/\/schema.org\",\"@graph\":[{\"@type\":\"WebPage\",\"@id\":\"https:\/\/www.etoro.com\/fr\/investing\/investing-in-gold\/\",\"url\":\"https:\/\/www.etoro.com\/fr\/investing\/investing-in-gold\/\",\"name\":\"Investir dans l\u2019or : Guide du d\u00e9butant\",\"isPartOf\":{\"@id\":\"https:\/\/www.etoro.com\/fr\/#website\"},\"primaryImageOfPage\":{\"@id\":\"https:\/\/www.etoro.com\/fr\/investing\/investing-in-gold\/#primaryimage\"},\"image\":{\"@id\":\"https:\/\/www.etoro.com\/fr\/investing\/investing-in-gold\/#primaryimage\"},\"thumbnailUrl\":\"https:\/\/www.etoro.com\/wp-content\/uploads\/2026\/02\/FR-How-to-Invest-in-Gold-1200x630-1.png\",\"datePublished\":\"2023-11-27T13:57:54+00:00\",\"dateModified\":\"2026-02-04T11:19:56+00:00\",\"description\":\"Comment commencer \u00e0 investir dans l\u2019or ? D\u00e9couvrez pourquoi l\u2019or attire, ses avantages, ses risques et les \u00e9tapes cl\u00e9s pour bien d\u00e9buter.\",\"breadcrumb\":{\"@id\":\"https:\/\/www.etoro.com\/fr\/investing\/investing-in-gold\/#breadcrumb\"},\"inLanguage\":\"fr\",\"potentialAction\":[{\"@type\":\"ReadAction\",\"target\":[\"https:\/\/www.etoro.com\/fr\/investing\/investing-in-gold\/\"]}]},{\"@type\":\"ImageObject\",\"inLanguage\":\"fr\",\"@id\":\"https:\/\/www.etoro.com\/fr\/investing\/investing-in-gold\/#primaryimage\",\"url\":\"https:\/\/www.etoro.com\/wp-content\/uploads\/2026\/02\/FR-How-to-Invest-in-Gold-1200x630-1.png\",\"contentUrl\":\"https:\/\/www.etoro.com\/wp-content\/uploads\/2026\/02\/FR-How-to-Invest-in-Gold-1200x630-1.png\",\"width\":1200,\"height\":630},{\"@type\":\"BreadcrumbList\",\"@id\":\"https:\/\/www.etoro.com\/fr\/investing\/investing-in-gold\/#breadcrumb\",\"itemListElement\":[{\"@type\":\"ListItem\",\"position\":1,\"name\":\"Accueil\",\"item\":\"https:\/\/www.etoro.com\/fr\/\"},{\"@type\":\"ListItem\",\"position\":2,\"name\":\"Investir\",\"item\":\"https:\/\/www.etoro.com\/fr\/investing\/\"},{\"@type\":\"ListItem\",\"position\":3,\"name\":\"Investir dans l\u2019or : guide d\u00e9butant\"}]},{\"@type\":\"WebSite\",\"@id\":\"https:\/\/www.etoro.com\/fr\/#website\",\"url\":\"https:\/\/www.etoro.com\/fr\/\",\"name\":\"eToro\",\"description\":\"\",\"publisher\":{\"@id\":\"https:\/\/www.etoro.com\/fr\/#organization\"},\"potentialAction\":[{\"@type\":\"SearchAction\",\"target\":{\"@type\":\"EntryPoint\",\"urlTemplate\":\"https:\/\/www.etoro.com\/fr\/?s={search_term_string}\"},\"query-input\":{\"@type\":\"PropertyValueSpecification\",\"valueRequired\":true,\"valueName\":\"search_term_string\"}}],\"inLanguage\":\"fr\"},[]]}<\/script>","yoast_head_json":{"title":"Investir dans l\u2019or : Guide du d\u00e9butant","description":"Comment commencer \u00e0 investir dans l\u2019or ? D\u00e9couvrez pourquoi l\u2019or attire, ses avantages, ses risques et les \u00e9tapes cl\u00e9s pour bien d\u00e9buter.","robots":{"index":"index","follow":"follow","max-snippet":"max-snippet:-1","max-image-preview":"max-image-preview:large","max-video-preview":"max-video-preview:-1"},"canonical":"https:\/\/www.etoro.com\/fr\/wp-json\/wp\/v2\/pages\/776619","og_locale":"fr_FR","og_type":"article","og_title":"Investir dans l\u2019or : Guide du d\u00e9butant","og_description":"Comment commencer \u00e0 investir dans l\u2019or ? D\u00e9couvrez pourquoi l\u2019or attire, ses avantages, ses risques et les \u00e9tapes cl\u00e9s pour bien d\u00e9buter.","og_url":"https:\/\/www.etoro.com\/fr\/wp-json\/wp\/v2\/pages\/776619","og_site_name":"eToro","article_publisher":"https:\/\/www.facebook.com\/eToro\/","article_modified_time":"2026-02-04T11:19:56+00:00","og_image":[{"width":1200,"height":630,"url":"https:\/\/www.etoro.com\/wp-content\/uploads\/2026\/02\/FR-How-to-Invest-in-Gold-1200x630-1.png","type":"image\/png"}],"twitter_card":"summary_large_image","twitter_site":"@eToro","twitter_misc":{"Est. reading time":"6 minutes"},"schema":{"@context":"https:\/\/schema.org","@graph":[{"@type":"WebPage","@id":"https:\/\/www.etoro.com\/fr\/investing\/investing-in-gold\/","url":"https:\/\/www.etoro.com\/fr\/investing\/investing-in-gold\/","name":"Investir dans l\u2019or : Guide du d\u00e9butant","isPartOf":{"@id":"https:\/\/www.etoro.com\/fr\/#website"},"primaryImageOfPage":{"@id":"https:\/\/www.etoro.com\/fr\/investing\/investing-in-gold\/#primaryimage"},"image":{"@id":"https:\/\/www.etoro.com\/fr\/investing\/investing-in-gold\/#primaryimage"},"thumbnailUrl":"https:\/\/www.etoro.com\/wp-content\/uploads\/2026\/02\/FR-How-to-Invest-in-Gold-1200x630-1.png","datePublished":"2023-11-27T13:57:54+00:00","dateModified":"2026-02-04T11:19:56+00:00","description":"Comment commencer \u00e0 investir dans l\u2019or ? D\u00e9couvrez pourquoi l\u2019or attire, ses avantages, ses risques et les \u00e9tapes cl\u00e9s pour bien d\u00e9buter.","breadcrumb":{"@id":"https:\/\/www.etoro.com\/fr\/investing\/investing-in-gold\/#breadcrumb"},"inLanguage":"fr","potentialAction":[{"@type":"ReadAction","target":["https:\/\/www.etoro.com\/fr\/investing\/investing-in-gold\/"]}]},{"@type":"ImageObject","inLanguage":"fr","@id":"https:\/\/www.etoro.com\/fr\/investing\/investing-in-gold\/#primaryimage","url":"https:\/\/www.etoro.com\/wp-content\/uploads\/2026\/02\/FR-How-to-Invest-in-Gold-1200x630-1.png","contentUrl":"https:\/\/www.etoro.com\/wp-content\/uploads\/2026\/02\/FR-How-to-Invest-in-Gold-1200x630-1.png","width":1200,"height":630},{"@type":"BreadcrumbList","@id":"https:\/\/www.etoro.com\/fr\/investing\/investing-in-gold\/#breadcrumb","itemListElement":[{"@type":"ListItem","position":1,"name":"Accueil","item":"https:\/\/www.etoro.com\/fr\/"},{"@type":"ListItem","position":2,"name":"Investir","item":"https:\/\/www.etoro.com\/fr\/investing\/"},{"@type":"ListItem","position":3,"name":"Investir dans l\u2019or : guide d\u00e9butant"}]},{"@type":"WebSite","@id":"https:\/\/www.etoro.com\/fr\/#website","url":"https:\/\/www.etoro.com\/fr\/","name":"eToro","description":"","publisher":{"@id":"https:\/\/www.etoro.com\/fr\/#organization"},"potentialAction":[{"@type":"SearchAction","target":{"@type":"EntryPoint","urlTemplate":"https:\/\/www.etoro.com\/fr\/?s={search_term_string}"},"query-input":{"@type":"PropertyValueSpecification","valueRequired":true,"valueName":"search_term_string"}}],"inLanguage":"fr"},[]]}},"_links":{"self":[{"href":"https:\/\/www.etoro.com\/fr\/wp-json\/wp\/v2\/pages\/776619"}],"collection":[{"href":"https:\/\/www.etoro.com\/fr\/wp-json\/wp\/v2\/pages"}],"about":[{"href":"https:\/\/www.etoro.com\/fr\/wp-json\/wp\/v2\/types\/page"}],"author":[{"embeddable":true,"href":"https:\/\/www.etoro.com\/fr\/wp-json\/wp\/v2\/users\/101"}],"replies":[{"embeddable":true,"href":"https:\/\/www.etoro.com\/fr\/wp-json\/wp\/v2\/comments?post=776619"}],"version-history":[{"count":0,"href":"https:\/\/www.etoro.com\/fr\/wp-json\/wp\/v2\/pages\/776619\/revisions"}],"up":[{"embeddable":true,"href":"https:\/\/www.etoro.com\/fr\/wp-json\/wp\/v2\/pages\/19763"}],"wp:featuredmedia":[{"embeddable":true,"href":"https:\/\/www.etoro.com\/fr\/wp-json\/wp\/v2\/media\/1222911"}],"wp:attachment":[{"href":"https:\/\/www.etoro.com\/fr\/wp-json\/wp\/v2\/media?parent=776619"}],"wp:term":[{"taxonomy":"asset_type","embeddable":true,"href":"https:\/\/www.etoro.com\/fr\/wp-json\/wp\/v2\/asset_type?post=776619"}],"curies":[{"name":"wp","href":"https:\/\/api.w.org\/{rel}","templated":true}]}}