{"id":831517,"date":"2024-01-11T15:48:10","date_gmt":"2024-01-11T13:48:10","guid":{"rendered":"https:\/\/www.etoro.com\/about\/5-investments-to-watch-in-2024\/"},"modified":"2024-01-21T10:06:53","modified_gmt":"2024-01-21T08:06:53","slug":"5-investments-to-watch-in-2024","status":"publish","type":"page","link":"https:\/\/www.etoro.com\/fr\/investing\/5-investments-to-watch-in-2024\/","title":{"rendered":"5 investissements \u00e0 surveiller en 2024"},"content":{"rendered":"\n<p>2023 a vu de grands changements dans le monde de l&#8217;investissement, en particulier dans des domaines tels que le p\u00e9trole, le bitcoin et divers types d&#8217;ETF. Voyons ce qui s&#8217;est pass\u00e9 et ce qui nous attend en 2024.<\/p>\n\n\n\n<h2 class=\"wp-block-heading\">2023 : une ann\u00e9e de changements dynamiques&nbsp;<\/h2>\n\n\n\n<p>L&#8217;ann\u00e9e a \u00e9t\u00e9 marqu\u00e9e par de grands gagnants et des tendances notables. L&#8217;IA et les principales valeurs technologiques, men\u00e9es par des entreprises comme Tesla, NVIDIA et Apple, ont connu un succ\u00e8s impressionnant. \u00c9tonnamment, les <a href=\"https:\/\/www.etoro.com\/discover\/markets\/cryptocurrencies\">crypto<\/a> ont \u00e9galement progress\u00e9 en tant que classe d&#8217;actifs de premier plan.&nbsp;<\/p>\n\n\n\n<p>En ce qui concerne les tendances, les investisseurs se sont concentr\u00e9s sur les revenus fixes et ont d\u00fb faire face \u00e0 des taux d&#8217;int\u00e9r\u00eat plus \u00e9lev\u00e9s, tandis que les mati\u00e8res premi\u00e8res ont connu des hauts et des bas. Les actions \u00e0 dividendes ont procur\u00e9 un sentiment de s\u00e9curit\u00e9 en ces temps de fluctuations intenses. Cependant, tout n&#8217;a pas \u00e9t\u00e9 rose : les secteurs bancaire et immobilier n&#8217;ont pas enregistr\u00e9 les m\u00eames performances, et les questions de g\u00e9opolitiques mondiales ont eu un impact consid\u00e9rable sur les mati\u00e8res premi\u00e8res.<\/p>\n\n\n\n<h2 class=\"wp-block-heading\">2024 : comprendre le paysage financier<\/h2>\n\n\n\n<h3 class=\"wp-block-heading\">Performances des actions britanniques de taille moyenne : croissance malgr\u00e9 les difficult\u00e9s<\/h3>\n\n\n\n<p>Il semble que 2024 pourrait \u00eatre une ann\u00e9e faste pour les actions contenues dans l&#8217;indice UK100 qui suit les actions britanniques \u00e0 grande capitalisation, gr\u00e2ce aux plans de r\u00e9duction d&#8217;imp\u00f4t au Royaume-Uni et \u00e0 des taux d&#8217;inflation plus \u00e9lev\u00e9s que pr\u00e9vu, avec un \u00e9cart de valorisation important par rapport \u00e0 l&#8217;indice SPX500.<\/p>\n\n\n\n<p>L&#8217;indice UK100 offre aux investisseurs une exposition aux principales actions britanniques qui repr\u00e9sentent un m\u00e9lange \u00e9quilibr\u00e9 de croissance et de valeur dans divers secteurs de l&#8217;industrie britannique.<\/p>\n\n\n\n<div class=\"wp-block-buttons is-layout-flex wp-block-buttons-is-layout-flex\">\n<a class=\"e-cta e-cta-primary\" href=\"https:\/\/www.etoro.com\/fr\/markets\/uk100\">Explorer le UK100<\/a>\n<\/div>\n\n\n\n<p><strong>76&nbsp;% des comptes de CFD de particuliers perdent de l\u2019argent.<\/strong><\/p>\n\n\n\n<h3 class=\"wp-block-heading\">March\u00e9 du p\u00e9trole : surfer sur la vague de l&#8217;incertitude<\/h3>\n\n\n\n<p>Les hauts et les bas des march\u00e9s p\u00e9troliers ont attir\u00e9 l&#8217;attention d&#8217;investisseurs \u00e0 long terme comme Warren Buffett, ainsi que celle des \u00ab day traders \u00bb qui privil\u00e9gient la volatilit\u00e9. Avec les tensions politiques actuelles, il y a de fortes chances que ce march\u00e9 impr\u00e9visible connaisse de nouvelles fluctuations.<\/p>\n\n\n\n<p>Quelle que soit la strat\u00e9gie d&#8217;investissement \u00e0 laquelle vous souscrivez, le p\u00e9trole est ind\u00e9niablement une mati\u00e8re premi\u00e8re mondiale cruciale, qui joue un r\u00f4le central dans le secteur de l&#8217;\u00e9nergie et influence consid\u00e9rablement la dynamique \u00e9conomique en raison de son impact sur les prix des carburants et la production industrielle.<\/p>\n\n\n\n<div class=\"wp-block-buttons is-layout-flex wp-block-buttons-is-layout-flex\">\n<a class=\"e-cta e-cta-primary\" href=\"https:\/\/www.etoro.com\/fr\/markets\/oil?funnelFromId=56\">Explorer le p\u00e9trole<\/a>\n<\/div>\n\n\n\n<p><strong>76&nbsp;% des comptes de CFD de particuliers perdent de l\u2019argent.<\/strong><\/p>\n\n\n\n<h3 class=\"wp-block-heading\">Le retour du bitcoin : quelle est la prochaine \u00e9tape ?<\/h3>\n\n\n\n<p>Le bitcoin semble se pr\u00e9parer \u00e0 une grande ann\u00e9e 2024, avec de nouveaux produits tels que l&#8217;ETF crypto de BlackRock, ainsi que le tr\u00e8s attendu halving du bitcoin, qui a lieu tous les quatre ans. Tout le monde attend de voir comment ces d\u00e9veloppements pourraient fa\u00e7onner l&#8217;avenir de cette monnaie num\u00e9rique.<\/p>\n\n\n\n<figure class=\"wp-block-image size-full\"><img loading=\"lazy\" decoding=\"async\" width=\"640\" height=\"393\" src=\"https:\/\/www.etoro.com\/wp-content\/uploads\/2024\/01\/7464-_-End-of-2023-Yearly-Summary-Campaign-Graphs-V1_7464_Bitcoin_Halving_Blue_BG.jpg\" alt=\"\" class=\"wp-image-833320 wp-image-desktop\" srcset=\"https:\/\/www.etoro.com\/wp-content\/uploads\/2024\/01\/7464-_-End-of-2023-Yearly-Summary-Campaign-Graphs-V1_7464_Bitcoin_Halving_Blue_BG.jpg 640w, https:\/\/www.etoro.com\/wp-content\/uploads\/2024\/01\/7464-_-End-of-2023-Yearly-Summary-Campaign-Graphs-V1_7464_Bitcoin_Halving_Blue_BG-300x184.jpg 300w\" sizes=\"(max-width: 640px) 100vw, 640px\" \/><\/figure>\n\n\n\n<p class=\"is-style-disclaimer\"><em><em>Les performances pass\u00e9es ne sont pas une indication des r\u00e9sultats futurs.<\/em><\/em><\/p>\n\n\n\n<p>Le bitcoin, la premi\u00e8re crypto, connu pour sa nature d\u00e9centralis\u00e9e, est devenu un actif num\u00e9rique de premier plan, influen\u00e7ant le paysage financier gr\u00e2ce \u00e0 son potentiel de rendement \u00e9lev\u00e9 et \u00e0 sa volatilit\u00e9.<\/p>\n\n\n\n<div class=\"wp-block-buttons is-layout-flex wp-block-buttons-is-layout-flex\">\n<a class=\"e-cta e-cta-primary\" href=\"https:\/\/www.etoro.com\/fr\/markets\/btc?funnelFromId=57\">Explorer le bitcoin<\/a>\n<\/div>\n\n\n\n<p>Les investissements dans les cryptos sont tr\u00e8s volatils et ne sont pas r\u00e9glement\u00e9s dans certains pays de l\u2019UE. Aucune protection des consommateurs. Des imp\u00f4ts sur les b\u00e9n\u00e9fices peuvent \u00eatre appliqu\u00e9s.<\/p>\n\n\n\n<p>Il est important de lire et de comprendre les risques li\u00e9s \u00e0 cet investissement, ils sont expliqu\u00e9s <a href=\"https:\/\/www.etoro.com\/customer-service\/regulation-license\/es-risk-warning\/\">&nbsp;ici.<\/a><\/p>\n\n\n\n<p>L&#8217;investissement dans les crypto est propos\u00e9 par eToro (Europe) Ltd en tant que PSAN, enregistr\u00e9 aupr\u00e8s de l&#8217;AMF. L\u2019investissement dans les cryptos est tr\u00e8s volatil. Les consommateurs ne sont aucunement prot\u00e9g\u00e9s.<\/p>\n\n\n\n<p><strong>N\u2019investissez pas si vous n\u2019\u00eates pas pr\u00eat \u00e0 perdre tout l\u2019argent investi. Il s\u2019agit d\u2019un investissement \u00e0 haut risque et vous ne devez pas vous attendre \u00e0 \u00eatre prot\u00e9g\u00e9 en cas de probl\u00e8me.<\/strong><a href=\"https:\/\/www.etoro.com\/fr\/customer-service\/terms-conditions\/trading-restriction\/\"><strong> Prenez 2 minutes pour en savoir plus<\/strong><\/a><\/p>\n\n\n\n<h3 class=\"wp-block-heading\">ETF sur les obligations du Tr\u00e9sor : un choix judicieux avec la baisse des taux d&#8217;int\u00e9r\u00eat am\u00e9ricains ?<\/h3>\n\n\n\n<p>Dans la perspective d&#8217;une baisse des taux d&#8217;int\u00e9r\u00eat aux \u00c9tats-Unis, les ETF d&#8217;obligations du Tr\u00e9sor pourraient-ils constituer un choix judicieux ? La r\u00e9ponse d\u00e9pendra des baisses effectives des taux aux \u00c9tats-Unis. Si tel est le cas, les investisseurs peuvent s&#8217;attendre \u00e0 des augmentations de rendement.<\/p>\n\n\n\n<p>L&#8217;ETF iShares 20+ Year Treasury Bond (TLT), un choix populaire pour les investisseurs, suit les obligations du Tr\u00e9sor am\u00e9ricain \u00e0 long terme, offrant un moyen d&#8217;investir dans des titres \u00e0 revenu fixe avec un potentiel de rendement r\u00e9gulier et d&#8217;att\u00e9nuation des risques. Comme il s&#8217;agit d&#8217;un ETF de longue dur\u00e9e, il est sensible aux changements de taux et, \u00e0 ce titre, peut \u00e9galement b\u00e9n\u00e9ficier des baisses de taux.&nbsp;<\/p>\n\n\n\n<div class=\"wp-block-buttons is-layout-flex wp-block-buttons-is-layout-flex\">\n<a class=\"e-cta e-cta-primary\" href=\"https:\/\/www.etoro.com\/fr\/markets\/tlt\">Explorer le TLT<\/a>\n<\/div>\n\n\n\n<p><strong>76&nbsp;% des comptes de CFD de particuliers perdent de l\u2019argent.<\/strong><\/p>\n\n\n\n<h3 class=\"wp-block-heading\">Valeurs technologiques : le pouvoir de l&#8217;IA et les 7 Magnifiques<\/h3>\n\n\n\n<p>Les valeurs technologiques ont connu un grand essor en 2023, gr\u00e2ce aux perc\u00e9es de l&#8217;IA et aux performances de sept grandes entreprises technologiques. Le Vanguard Mega Cap Growth ETF (MGK), tr\u00e8s expos\u00e9 \u00e0 ces 7 Magnifiques, est connu pour sa concentration sur les actions de croissance des m\u00e9ga-capitalisations, offrant aux investisseurs une exposition diversifi\u00e9e \u00e0 certaines des soci\u00e9t\u00e9s les plus importantes et les plus influentes.<\/p>\n\n\n\n<div class=\"wp-block-buttons is-layout-flex wp-block-buttons-is-layout-flex\">\n<a class=\"e-cta e-cta-primary\" href=\"https:\/\/www.etoro.com\/fr\/markets\/mgk\">&nbsp;Explorer le MGK<\/a>\n<\/div>\n\n\n\n<p><strong>76&nbsp;% des comptes de CFD de particuliers perdent de l\u2019argent.<\/strong><\/p>\n\n\n\n<h3 class=\"wp-block-heading\">Il y en a pour tout le monde&nbsp;&nbsp;<\/h3>\n\n\n\n<p>\u00c0 l&#8217;aube de 2024, les investisseurs ont de nombreuses options int\u00e9ressantes \u00e0 consid\u00e9rer \u2014 allant des actions britanniques soutenues par les politiques \u00e9conomiques au dynamique march\u00e9 p\u00e9trolier, en passant par le retour potentiel du bitcoin, les opportunit\u00e9s offertes par les ETF d&#8217;obligations du Tr\u00e9sor et le paysage technologique en constante \u00e9volution. Il est essentiel de rester inform\u00e9 au fur et \u00e0 mesure que nous avan\u00e7ons dans le prochain trimestre et au-del\u00e0 pour naviguer dans ces diverses voies d&#8217;investissement.<\/p>\n\n\n\n<div class=\"wp-block-buttons is-content-justification-left is-layout-flex wp-container-core-buttons-is-layout-6 wp-block-buttons-is-layout-flex\">\n<a class=\"e-cta e-cta-primary\" href=\"https:\/\/www.etoro.com\/fr\/accounts\/sign-up\">Rejoignez eToro<\/a>\n<\/div>\n\n\n\n<p><strong>76&nbsp;% des comptes de CFD de particuliers perdent de l\u2019argent.<\/strong><\/p>\n\n\n\n<p>Ce document est uniquement destin\u00e9 \u00e0 des fins d\u2019information et d\u2019\u00e9ducation et ne doit pas \u00eatre consid\u00e9r\u00e9 comme un conseil en investissement, une recommandation personnelle ou une offre ou sollicitation d\u2019achat ou de vente d\u2019instruments financiers. Ce document a \u00e9t\u00e9 pr\u00e9par\u00e9 sans tenir compte des objectifs d\u2019investissement ou de la situation financi\u00e8re d\u2019un destinataire particulier, et n\u2019a pas \u00e9t\u00e9 pr\u00e9par\u00e9 conform\u00e9ment aux exigences l\u00e9gales et r\u00e9glementaires visant \u00e0 promouvoir la recherche ind\u00e9pendante. Toute r\u00e9f\u00e9rence \u00e0 la performance pass\u00e9e ou future d\u2019un instrument financier, d\u2019un indice ou d\u2019un produit d\u2019investissement de d\u00e9tail n\u2019est pas, et ne doit pas \u00eatre consid\u00e9r\u00e9e comme, un indicateur fiable des r\u00e9sultats futurs. eToro n\u2019accorde aucune garantie et n\u2019assume aucune responsabilit\u00e9 quant \u00e0 la pr\u00e9cision ou l\u2019exhaustivit\u00e9 de cette publication.<\/p>\n","protected":false},"excerpt":{"rendered":"<p>2023 a vu de grands changements dans le monde de l&#8217;investissement, en particulier dans des domaines tels que le p\u00e9trole, le bitcoin et divers types d&#8217;ETF. Voyons ce qui s&#8217;est pass\u00e9 et ce qui nous attend en 2024. 2023 : une ann\u00e9e de changements dynamiques&nbsp; L&#8217;ann\u00e9e a \u00e9t\u00e9 marqu\u00e9e par de grands gagnants et des&hellip;<\/p>\n","protected":false},"author":75,"featured_media":830978,"parent":949,"menu_order":0,"comment_status":"closed","ping_status":"closed","template":"templates\/taboola.php","meta":{"_acf_changed":false,"inline_featured_image":false,"sticky_cta_settings":"","footnotes":""},"asset_type":[],"class_list":["post-831517","page","type-page","status-publish","has-post-thumbnail","hentry"],"acf":[],"yoast_head":"<title>5 investissements \u00e0 surveiller en 2024 - eToro<\/title>\n<meta name=\"robots\" content=\"index, follow, max-snippet:-1, max-image-preview:large, max-video-preview:-1\" \/>\n<link rel=\"canonical\" href=\"https:\/\/www.etoro.com\/fr\/wp-json\/wp\/v2\/pages\/831517\" \/>\n<meta property=\"og:locale\" content=\"fr_FR\" \/>\n<meta property=\"og:type\" content=\"article\" \/>\n<meta property=\"og:title\" content=\"5 investissements \u00e0 surveiller en 2024 - eToro\" \/>\n<meta property=\"og:description\" content=\"2023 a vu de grands changements dans le monde de l&#8217;investissement, en particulier dans des domaines tels que le p\u00e9trole, le bitcoin et divers types d&#8217;ETF. Voyons ce qui s&#8217;est pass\u00e9 et ce qui nous attend en 2024. 2023 : une ann\u00e9e de changements dynamiques&nbsp; L&#8217;ann\u00e9e a \u00e9t\u00e9 marqu\u00e9e par de grands gagnants et des&hellip;\" \/>\n<meta property=\"og:url\" content=\"https:\/\/www.etoro.com\/fr\/wp-json\/wp\/v2\/pages\/831517\" \/>\n<meta property=\"og:site_name\" content=\"eToro\" \/>\n<meta property=\"article:publisher\" content=\"https:\/\/www.facebook.com\/eToro\/\" \/>\n<meta property=\"article:modified_time\" content=\"2024-01-21T08:06:53+00:00\" \/>\n<meta property=\"og:image\" content=\"https:\/\/www.etoro.com\/wp-content\/uploads\/2024\/01\/Header-1200x630-White.jpg\" \/>\n\t<meta property=\"og:image:width\" content=\"1200\" \/>\n\t<meta property=\"og:image:height\" content=\"630\" \/>\n\t<meta property=\"og:image:type\" content=\"image\/jpeg\" \/>\n<meta name=\"twitter:card\" content=\"summary_large_image\" \/>\n<meta name=\"twitter:site\" content=\"@eToro\" \/>\n<meta name=\"twitter:label1\" content=\"Est. reading time\" \/>\n\t<meta name=\"twitter:data1\" content=\"6 minutes\" \/>\n<script type=\"application\/ld+json\" class=\"yoast-schema-graph\">{\"@context\":\"https:\/\/schema.org\",\"@graph\":[{\"@type\":\"WebPage\",\"@id\":\"https:\/\/www.etoro.com\/fr\/investing\/5-investments-to-watch-in-2024\/\",\"url\":\"https:\/\/www.etoro.com\/fr\/investing\/5-investments-to-watch-in-2024\/\",\"name\":\"5 investissements \u00e0 surveiller en 2024 - eToro\",\"isPartOf\":{\"@id\":\"https:\/\/www.etoro.com\/fr\/#website\"},\"primaryImageOfPage\":{\"@id\":\"https:\/\/www.etoro.com\/fr\/investing\/5-investments-to-watch-in-2024\/#primaryimage\"},\"image\":{\"@id\":\"https:\/\/www.etoro.com\/fr\/investing\/5-investments-to-watch-in-2024\/#primaryimage\"},\"thumbnailUrl\":\"https:\/\/www.etoro.com\/wp-content\/uploads\/2024\/01\/Header-1200x630-White.jpg\",\"datePublished\":\"2024-01-11T13:48:10+00:00\",\"dateModified\":\"2024-01-21T08:06:53+00:00\",\"breadcrumb\":{\"@id\":\"https:\/\/www.etoro.com\/fr\/investing\/5-investments-to-watch-in-2024\/#breadcrumb\"},\"inLanguage\":\"fr\",\"potentialAction\":[{\"@type\":\"ReadAction\",\"target\":[\"https:\/\/www.etoro.com\/fr\/investing\/5-investments-to-watch-in-2024\/\"]}]},{\"@type\":\"ImageObject\",\"inLanguage\":\"fr\",\"@id\":\"https:\/\/www.etoro.com\/fr\/investing\/5-investments-to-watch-in-2024\/#primaryimage\",\"url\":\"https:\/\/www.etoro.com\/wp-content\/uploads\/2024\/01\/Header-1200x630-White.jpg\",\"contentUrl\":\"https:\/\/www.etoro.com\/wp-content\/uploads\/2024\/01\/Header-1200x630-White.jpg\",\"width\":1200,\"height\":630},{\"@type\":\"BreadcrumbList\",\"@id\":\"https:\/\/www.etoro.com\/fr\/investing\/5-investments-to-watch-in-2024\/#breadcrumb\",\"itemListElement\":[{\"@type\":\"ListItem\",\"position\":1,\"name\":\"Accueil\",\"item\":\"https:\/\/www.etoro.com\/fr\/\"},{\"@type\":\"ListItem\",\"position\":2,\"name\":\"Investing\",\"item\":\"https:\/\/www.etoro.com\/investing\/\"},{\"@type\":\"ListItem\",\"position\":3,\"name\":\"5 investissements \u00e0 surveiller en 2024\"}]},{\"@type\":\"WebSite\",\"@id\":\"https:\/\/www.etoro.com\/fr\/#website\",\"url\":\"https:\/\/www.etoro.com\/fr\/\",\"name\":\"eToro\",\"description\":\"\",\"publisher\":{\"@id\":\"https:\/\/www.etoro.com\/fr\/#organization\"},\"potentialAction\":[{\"@type\":\"SearchAction\",\"target\":{\"@type\":\"EntryPoint\",\"urlTemplate\":\"https:\/\/www.etoro.com\/fr\/?s={search_term_string}\"},\"query-input\":{\"@type\":\"PropertyValueSpecification\",\"valueRequired\":true,\"valueName\":\"search_term_string\"}}],\"inLanguage\":\"fr\"},[]]}<\/script>","yoast_head_json":{"title":"5 investissements \u00e0 surveiller en 2024 - eToro","robots":{"index":"index","follow":"follow","max-snippet":"max-snippet:-1","max-image-preview":"max-image-preview:large","max-video-preview":"max-video-preview:-1"},"canonical":"https:\/\/www.etoro.com\/fr\/wp-json\/wp\/v2\/pages\/831517","og_locale":"fr_FR","og_type":"article","og_title":"5 investissements \u00e0 surveiller en 2024 - eToro","og_description":"2023 a vu de grands changements dans le monde de l&#8217;investissement, en particulier dans des domaines tels que le p\u00e9trole, le bitcoin et divers types d&#8217;ETF. Voyons ce qui s&#8217;est pass\u00e9 et ce qui nous attend en 2024. 2023 : une ann\u00e9e de changements dynamiques&nbsp; L&#8217;ann\u00e9e a \u00e9t\u00e9 marqu\u00e9e par de grands gagnants et des&hellip;","og_url":"https:\/\/www.etoro.com\/fr\/wp-json\/wp\/v2\/pages\/831517","og_site_name":"eToro","article_publisher":"https:\/\/www.facebook.com\/eToro\/","article_modified_time":"2024-01-21T08:06:53+00:00","og_image":[{"width":1200,"height":630,"url":"https:\/\/www.etoro.com\/wp-content\/uploads\/2024\/01\/Header-1200x630-White.jpg","type":"image\/jpeg"}],"twitter_card":"summary_large_image","twitter_site":"@eToro","twitter_misc":{"Est. reading time":"6 minutes"},"schema":{"@context":"https:\/\/schema.org","@graph":[{"@type":"WebPage","@id":"https:\/\/www.etoro.com\/fr\/investing\/5-investments-to-watch-in-2024\/","url":"https:\/\/www.etoro.com\/fr\/investing\/5-investments-to-watch-in-2024\/","name":"5 investissements \u00e0 surveiller en 2024 - eToro","isPartOf":{"@id":"https:\/\/www.etoro.com\/fr\/#website"},"primaryImageOfPage":{"@id":"https:\/\/www.etoro.com\/fr\/investing\/5-investments-to-watch-in-2024\/#primaryimage"},"image":{"@id":"https:\/\/www.etoro.com\/fr\/investing\/5-investments-to-watch-in-2024\/#primaryimage"},"thumbnailUrl":"https:\/\/www.etoro.com\/wp-content\/uploads\/2024\/01\/Header-1200x630-White.jpg","datePublished":"2024-01-11T13:48:10+00:00","dateModified":"2024-01-21T08:06:53+00:00","breadcrumb":{"@id":"https:\/\/www.etoro.com\/fr\/investing\/5-investments-to-watch-in-2024\/#breadcrumb"},"inLanguage":"fr","potentialAction":[{"@type":"ReadAction","target":["https:\/\/www.etoro.com\/fr\/investing\/5-investments-to-watch-in-2024\/"]}]},{"@type":"ImageObject","inLanguage":"fr","@id":"https:\/\/www.etoro.com\/fr\/investing\/5-investments-to-watch-in-2024\/#primaryimage","url":"https:\/\/www.etoro.com\/wp-content\/uploads\/2024\/01\/Header-1200x630-White.jpg","contentUrl":"https:\/\/www.etoro.com\/wp-content\/uploads\/2024\/01\/Header-1200x630-White.jpg","width":1200,"height":630},{"@type":"BreadcrumbList","@id":"https:\/\/www.etoro.com\/fr\/investing\/5-investments-to-watch-in-2024\/#breadcrumb","itemListElement":[{"@type":"ListItem","position":1,"name":"Accueil","item":"https:\/\/www.etoro.com\/fr\/"},{"@type":"ListItem","position":2,"name":"Investing","item":"https:\/\/www.etoro.com\/investing\/"},{"@type":"ListItem","position":3,"name":"5 investissements \u00e0 surveiller en 2024"}]},{"@type":"WebSite","@id":"https:\/\/www.etoro.com\/fr\/#website","url":"https:\/\/www.etoro.com\/fr\/","name":"eToro","description":"","publisher":{"@id":"https:\/\/www.etoro.com\/fr\/#organization"},"potentialAction":[{"@type":"SearchAction","target":{"@type":"EntryPoint","urlTemplate":"https:\/\/www.etoro.com\/fr\/?s={search_term_string}"},"query-input":{"@type":"PropertyValueSpecification","valueRequired":true,"valueName":"search_term_string"}}],"inLanguage":"fr"},[]]}},"_links":{"self":[{"href":"https:\/\/www.etoro.com\/fr\/wp-json\/wp\/v2\/pages\/831517"}],"collection":[{"href":"https:\/\/www.etoro.com\/fr\/wp-json\/wp\/v2\/pages"}],"about":[{"href":"https:\/\/www.etoro.com\/fr\/wp-json\/wp\/v2\/types\/page"}],"author":[{"embeddable":true,"href":"https:\/\/www.etoro.com\/fr\/wp-json\/wp\/v2\/users\/75"}],"replies":[{"embeddable":true,"href":"https:\/\/www.etoro.com\/fr\/wp-json\/wp\/v2\/comments?post=831517"}],"version-history":[{"count":0,"href":"https:\/\/www.etoro.com\/fr\/wp-json\/wp\/v2\/pages\/831517\/revisions"}],"up":[{"embeddable":true,"href":"https:\/\/www.etoro.com\/fr\/wp-json\/wp\/v2\/pages\/949"}],"wp:featuredmedia":[{"embeddable":true,"href":"https:\/\/www.etoro.com\/fr\/wp-json\/wp\/v2\/media\/830978"}],"wp:attachment":[{"href":"https:\/\/www.etoro.com\/fr\/wp-json\/wp\/v2\/media?parent=831517"}],"wp:term":[{"taxonomy":"asset_type","embeddable":true,"href":"https:\/\/www.etoro.com\/fr\/wp-json\/wp\/v2\/asset_type?post=831517"}],"curies":[{"name":"wp","href":"https:\/\/api.w.org\/{rel}","templated":true}]}}