{"id":867143,"date":"2024-01-05T14:43:27","date_gmt":"2024-01-05T12:43:27","guid":{"rendered":"https:\/\/www.etoro.com\/about\/club\/tax-partners\/"},"modified":"2024-04-07T18:08:17","modified_gmt":"2024-04-07T15:08:17","slug":"tax-partners","status":"publish","type":"page","link":"https:\/\/www.etoro.com\/fr\/about\/club\/tax-partners\/","title":{"rendered":"Tax Partners"},"content":{"rendered":"\n<section class=\"wp-block-group wp-block-group-boxed wp-block-group-medium-bottom-padding has-white-background-color has-background\"><div class=\"wp-block-group-inner is-layout-flow wp-block-group-is-layout-flow\">\n<div class=\"wp-block-columns are-vertically-aligned-top wp-block-columns-1 wp-block-columns-size-14 is-layout-flex wp-container-core-columns-is-layout-1 wp-block-columns-is-layout-flex\">\n<div class=\"wp-block-column wp-block-column-align-desktop-center wp-block-column-align-mobile-left is-layout-flow wp-block-column-is-layout-flow\">\n<p class=\"has-text-align-center\">En tant que membre du Club eToro, vous b\u00e9n\u00e9ficiez d&#8217;une r\u00e9duction sur votre d\u00e9claration d&#8217;imp\u00f4ts \u00e9tablie par l&#8217;un de nos partenaires. Choisissez simplement parmi notre liste d&#8217;experts fiscaux et ils feront le travail pour vous.<\/p>\n<\/div>\n<\/div>\n<\/div><\/section>\n\n\n\n<section class=\"wp-block-group wp-block-group-boxed wp-block-group-medium-top-padding wp-block-group-medium-bottom-padding has-white-background-color has-background\"><div class=\"wp-block-group-inner is-layout-flow wp-block-group-is-layout-flow\">\n<div class=\"wp-block-columns are-vertically-aligned-top wp-block-columns-3 is-layout-flex wp-container-core-columns-is-layout-2 wp-block-columns-is-layout-flex\">\n<div class=\"wp-block-column is-layout-flow wp-block-column-is-layout-flow\">\n<div class=\"wp-block-etoro-card wp-block-etoro-card-size-small wp-block-etoro-card-thumbnail-position-above wp-block-etoro-card-default\"><img decoding=\"async\" src=\"https:\/\/www.etoro.com\/wp-content\/uploads\/2024\/01\/flag.svg\" alt=\"Choisissez un partenaire fiscal\" class=\"wp-block-etoro-card-thumbnail\"\/><div class=\"wp-block-etoro-card-body\"><div class=\"wp-block-etoro-card-title\">Choisissez un partenaire fiscal<\/div><div class=\"wp-block-etoro-card-content\">\n<p><strong>V\u00e9rifiez que vous \u00eates connect\u00e9<\/strong> et s\u00e9lectionnez votre pays de r\u00e9sidence. Les partenaires fiscaux disponibles dans votre r\u00e9gion sont r\u00e9pertori\u00e9s.<\/p>\n<\/div><\/div><\/div>\n<\/div>\n\n\n\n<div class=\"wp-block-column is-layout-flow wp-block-column-is-layout-flow\">\n<div class=\"wp-block-etoro-card wp-block-etoro-card-size-small wp-block-etoro-card-thumbnail-position-above wp-block-etoro-card-default\"><img decoding=\"async\" src=\"https:\/\/www.etoro.com\/wp-content\/uploads\/2024\/01\/featured.svg\" alt=\"B\u00e9n\u00e9ficiez d'une r\u00e9duction\" class=\"wp-block-etoro-card-thumbnail\"\/><div class=\"wp-block-etoro-card-body\"><div class=\"wp-block-etoro-card-title\">B\u00e9n\u00e9ficiez d&#8217;une r\u00e9duction<\/div><div class=\"wp-block-etoro-card-content\">\n<p>Les membres du Club b\u00e9n\u00e9ficient de ces services \u00e0 des prix tr\u00e8s avantageux. Le taux de r\u00e9duction est calcul\u00e9 en fonction de votre niveau de Club eToro.<\/p>\n<\/div><\/div><\/div>\n<\/div>\n\n\n\n<div class=\"wp-block-column is-layout-flow wp-block-column-is-layout-flow\">\n<div class=\"wp-block-etoro-card wp-block-etoro-card-size-small wp-block-etoro-card-thumbnail-position-above wp-block-etoro-card-default\"><img decoding=\"async\" src=\"https:\/\/www.etoro.com\/wp-content\/uploads\/2024\/01\/like.svg\" alt=\"D\u00e9tendez-vous...\" class=\"wp-block-etoro-card-thumbnail\"\/><div class=\"wp-block-etoro-card-body\"><div class=\"wp-block-etoro-card-title\">D\u00e9tendez-vous&#8230;<\/div><div class=\"wp-block-etoro-card-content\">\n<p>Laissez les fiscalistes s&#8217;atteler \u00e0 la t\u00e2che et vous simplifier cette corv\u00e9e annuelle !<\/p>\n<\/div><\/div><\/div>\n<\/div>\n<\/div>\n<\/div><\/section>\n\n\n\n<section class=\"wp-block-group wp-block-group-boxed wp-block-group-medium-top-padding has-white-background-color has-background\"><div class=\"wp-block-group-inner is-layout-flow wp-block-group-is-layout-flow\">\n<div class=\"wp-block-columns are-vertically-aligned-top wp-block-columns-1 wp-block-columns-size-14 is-layout-flex wp-container-core-columns-is-layout-3 wp-block-columns-is-layout-flex\">\n<div class=\"wp-block-column wp-block-column-align-desktop-center wp-block-column-align-mobile-left is-layout-flow wp-block-column-is-layout-flow\">\n<p class=\"has-text-align-center\">Merci de noter qu&#8217;eToro communiquera \u00e0 la tierce partie le niveau du Club auquel vous appartenez afin que vous puissiez b\u00e9n\u00e9ficier de la r\u00e9duction.<\/p>\n\n\n\n<p class=\"is-style-disclaimer\">eToro ne fournit pas de conseils fiscaux et les informations fournies ne doivent pas \u00eatre interpr\u00e9t\u00e9es comme telles.<br>Les clients doivent demander un conseil fiscal ind\u00e9pendant.<\/p>\n<\/div>\n<\/div>\n<\/div><\/section>\n\n\n\n<section class=\"wp-block-group wp-block-group-boxed\"><div class=\"wp-block-group-inner is-layout-flow wp-block-group-is-layout-flow\">\n<h2 class=\"wp-block-heading has-text-align-center is-style-heading-2\" id=\"choose-tax-partner\"><strong><strong>Choisissez votre partenaire fiscal <\/strong><\/strong>selon la r\u00e9gion<\/h2>\n\n\n\n<p class=\"has-text-align-center\">Veuillez choisir votre pays et votre fournisseur pr\u00e9f\u00e9r\u00e9 dans le menu d\u00e9roulant ci-dessous :<\/p>\n\n\n\n<div class=\"wp-block-etoro-tax-partners\"><div class=\"wp-block-etoro-tax-partners-select-wrapper\"><select class=\"wp-block-etoro-tax-partners-select\"><option value=\"\" disabled selected>Pays<\/option><option value=\"7453\" data-id=\"12\">Australie<\/option><option value=\"6907\" data-id=\"55\">R\u00e9publique Tch\u00e8que<\/option><option value=\"7794\" data-id=\"79\">Allemagne<\/option><option value=\"7311\" data-id=\"102\">Italie<\/option><option value=\"6913\" data-id=\"132\">Mexique<\/option><option value=\"6911\" data-id=\"164\">Pologne<\/option><option value=\"6914\" data-id=\"165\">Portugal<\/option><option value=\"6908\" data-id=\"168\">Roumanie<\/option><option value=\"6912\" data-id=\"184\">Slovaquie<\/option><option value=\"6909\" data-id=\"185\">Slov\u00e9nie<\/option><option value=\"6910\" data-id=\"191\">Espagne<\/option><option value=\"6915\" data-id=\"196\">Su\u00e8de<\/option><option value=\"6906\" data-id=\"218\">Royaume Uni<\/option><\/select><\/div><div class=\"wp-block-etoro-tax-partners-wrapper\"><\/div><\/div>\n<\/div><\/section>\n\n\n\n<section class=\"wp-block-group wp-block-group-boxed has-dark-blue-background-color has-background\"><div class=\"wp-block-group-inner is-layout-flow wp-block-group-is-layout-flow\">\n<div class=\"wp-block-columns are-vertically-aligned-top wp-block-columns-1 wp-block-columns-size-14 is-layout-flex wp-container-core-columns-is-layout-4 wp-block-columns-is-layout-flex\">\n<div class=\"wp-block-column is-layout-flow wp-block-column-is-layout-flow\">\n<h2 class=\"wp-block-heading has-text-align-center is-style-heading-2\"><span>\u00c0 quelle r\u00e9duction<strong> puis-je pr\u00e9tendre ?<\/strong><\/span><\/h2>\n\n\n\n<p class=\"has-text-align-center\">Le taux de r\u00e9duction est calcul\u00e9 en fonction de votre niveau dans le Club eToro. N&#8217;oubliez pas de visiter le <a href=\"https:\/\/www.etoro.com\/fr\/login\" target=\"_blank\" rel=\"noreferrer noopener\">tableau de bord du Club<\/a> pour v\u00e9rifier votre statut actuel concernant ce service et d&#8217;autres offres.<\/p>\n<\/div>\n<\/div>\n<\/div><\/section>\n\n\n\n<section class=\"wp-block-group wp-block-group-boxed has-white-background-color has-background\"><div class=\"wp-block-group-inner is-layout-flow wp-block-group-is-layout-flow\">\n<h2 class=\"wp-block-heading has-text-align-center\">FAQ<\/h2>\n\n\n\n<dl class=\"wp-block-etoro-faq\">\n<div class=\"wp-block-etoro-faq-item\"><dt class=\"wp-block-etoro-faq-item-question\">En quoi consiste cette offre ?<\/dt><dd class=\"wp-block-etoro-faq-item-answer\">\n<p>En tant que membre du Club, vous pouvez b\u00e9n\u00e9ficier d&#8217;une r\u00e9duction sur votre d\u00e9claration de revenus g\u00e9n\u00e9r\u00e9e par l&#8217;un de nos partenaires. Il vous suffit de choisir parmi notre liste d&#8217;experts fiscaux et ils se chargeront du travail pour vous. Le taux de r\u00e9duction est bas\u00e9 sur votre Club eToro. N&#8217;oubliez pas de visiter le <a href=\"https:\/\/www.etoro.com\/fr\/login\" target=\"_blank\" rel=\"noreferrer noopener\">tableau de bord du Club<\/a> o\u00f9 vous pouvez v\u00e9rifier votre statut actuel pour cette offre et d&#8217;autres offres.<\/p>\n<\/dd><\/div>\n\n\n\n<div class=\"wp-block-etoro-faq-item\"><dt class=\"wp-block-etoro-faq-item-question\">Pourquoi me demandez-vous d&#8217;\u00eatre connect\u00e9 ?<\/dt><dd class=\"wp-block-etoro-faq-item-answer\">\n<p>Afin de b\u00e9n\u00e9ficier de la remise correspondant \u00e0 votre niveau de Club, vous devez \u00eatre connect\u00e9 \u00e0 votre compte eToro.<\/p>\n<\/dd><\/div>\n\n\n\n<div class=\"wp-block-etoro-faq-item\"><dt class=\"wp-block-etoro-faq-item-question\">Que faire si mon pays ne figure pas dans la liste ?<\/dt><dd class=\"wp-block-etoro-faq-item-answer\">\n<p>Soyez \u00e0 l&#8217;aff\u00fbt ! Nous en ajouterons bient\u00f4t d&#8217;autres.<\/p>\n<\/dd><\/div>\n\n\n\n<div class=\"wp-block-etoro-faq-item\"><dt class=\"wp-block-etoro-faq-item-question\">Que faire si j&#8217;ai besoin d&#8217;aide ?<\/dt><dd class=\"wp-block-etoro-faq-item-answer\">\n<p>Si vous avez d&#8217;autres questions, veuillez contacter votre point de contact d\u00e9di\u00e9 via votre <a href=\"https:\/\/www.etoro.com\/fr\/login\" target=\"_blank\" rel=\"noreferrer noopener\">tableau de bord du Club<\/a>.<\/p>\n<\/dd><\/div>\n\n\n\n<div class=\"wp-block-etoro-faq-item\"><dt class=\"wp-block-etoro-faq-item-question\">Comment acc\u00e9der \u00e0 cette offre ?<\/dt><dd class=\"wp-block-etoro-faq-item-answer\">\n<p>Assurez-vous d&#8217;\u00eatre connect\u00e9 et s\u00e9lectionnez votre pays de r\u00e9sidence. Les partenaires fiscaux disponibles dans votre r\u00e9gion sont list\u00e9s.<\/p>\n<\/dd><\/div>\n\n\n\n<div class=\"wp-block-etoro-faq-item\"><dt class=\"wp-block-etoro-faq-item-question\">Qui peut b\u00e9n\u00e9ficier de ces r\u00e9ductions ?<\/dt><dd class=\"wp-block-etoro-faq-item-answer\">\n<p>Les d\u00e9clarations fiscales \u00e0 prix r\u00e9duit sont exclusivement r\u00e9serv\u00e9es aux membres du Club eToro.<\/p>\n<\/dd><\/div>\n\n\n\n<div class=\"wp-block-etoro-faq-item\"><dt class=\"wp-block-etoro-faq-item-question\">Faut-il faire une d\u00e9claration d&#8217;imp\u00f4ts ?<\/dt><dd class=\"wp-block-etoro-faq-item-answer\">\n<p>Il vous incombe de calculer et de payer les imp\u00f4ts applicables dans votre ou vos pays de r\u00e9sidence fiscale.<\/p>\n<\/dd><\/div>\n\n\n\n<div class=\"wp-block-etoro-faq-item\"><dt class=\"wp-block-etoro-faq-item-question\">Comment obtenir une vue d&#8217;ensemble de mes investissements ?<\/dt><dd class=\"wp-block-etoro-faq-item-answer\">\n<p>Pour g\u00e9n\u00e9rer un extrait de compte, cliquez sur \u00ab Param\u00e8tres \u00bb, puis sur \u00ab Compte \u00bb (ou cliquez simplement sur ce <a href=\"https:\/\/www.etoro.com\/fr\/login\" target=\"_blank\" rel=\"noreferrer noopener\">lien<\/a>). Sous Documents, cliquez sur \u00ab Voir \u00bb \u00e0 c\u00f4t\u00e9 de Extrait de compte. Choisissez une p\u00e9riode et cliquez sur \u00ab Cr\u00e9er \u00bb pour g\u00e9n\u00e9rer votre extrait de compte.<\/p>\n<\/dd><\/div>\n<\/dl>\n<\/div><\/section>\n\n\n\n<section class=\"wp-block-group wp-block-group-boxed\"><div class=\"wp-block-group-inner is-layout-flow wp-block-group-is-layout-flow\">\n<div class=\"wp-block-columns are-vertically-aligned-top wp-block-columns-1 is-layout-flex wp-container-core-columns-is-layout-5 wp-block-columns-is-layout-flex\">\n<div class=\"wp-block-column is-layout-flow wp-block-column-is-layout-flow\">\n<p class=\"has-text-align-center is-style-disclaimer\">Ce communiqu\u00e9 est destin\u00e9 \u00e0 des fins d&#8217;information et d&#8217;\u00e9ducation uniquement et ne peut \u00eatre consid\u00e9r\u00e9 comme un conseil ou une recommandation en mati\u00e8re d&#8217;investissement. Il n&#8217;est absolument pas destin\u00e9 \u00e0 fournir des conseils fiscaux ou comptables et ne doit pas \u00eatre consid\u00e9r\u00e9 comme tel ; vous devez consulter vos propres conseillers fiscaux et comptables ind\u00e9pendants.<\/p>\n<\/div>\n<\/div>\n<\/div><\/section>\n","protected":false},"excerpt":{"rendered":"<p>En tant que membre du Club eToro, vous b\u00e9n\u00e9ficiez d&#8217;une r\u00e9duction sur votre d\u00e9claration d&#8217;imp\u00f4ts \u00e9tablie par l&#8217;un de nos partenaires. Choisissez simplement parmi notre liste d&#8217;experts fiscaux et ils feront le travail pour vous. Merci de noter qu&#8217;eToro communiquera \u00e0 la tierce partie le niveau du Club auquel vous appartenez afin que vous puissiez&hellip;<\/p>\n","protected":false},"author":45,"featured_media":836451,"parent":547152,"menu_order":0,"comment_status":"closed","ping_status":"closed","template":"","meta":{"_acf_changed":false,"inline_featured_image":false,"sticky_cta_settings":"","footnotes":""},"asset_type":[],"class_list":["post-867143","page","type-page","status-publish","has-post-thumbnail","hentry"],"acf":[],"yoast_head":"<title>D\u00e9claration fiscale remis\u00e9e pour les membres du Club eToro<\/title>\n<meta name=\"description\" content=\"Profitez d&#039;une r\u00e9duction sur votre d\u00e9claration d&#039;imp\u00f4ts r\u00e9alis\u00e9e par l&#039;un de nos partenaires. Choisissez un de nos experts et ils feront le travail pour vous\" \/>\n<meta name=\"robots\" content=\"index, follow, max-snippet:-1, max-image-preview:large, max-video-preview:-1\" \/>\n<link rel=\"canonical\" href=\"https:\/\/www.etoro.com\/fr\/wp-json\/wp\/v2\/pages\/867143\" \/>\n<meta property=\"og:locale\" content=\"fr_FR\" \/>\n<meta property=\"og:type\" content=\"article\" \/>\n<meta property=\"og:title\" content=\"D\u00e9claration fiscale remis\u00e9e pour les membres du Club eToro\" \/>\n<meta property=\"og:description\" content=\"Profitez d&#039;une r\u00e9duction sur votre d\u00e9claration d&#039;imp\u00f4ts r\u00e9alis\u00e9e par l&#039;un de nos partenaires. Choisissez un de nos experts et ils feront le travail pour vous\" \/>\n<meta property=\"og:url\" content=\"https:\/\/www.etoro.com\/fr\/wp-json\/wp\/v2\/pages\/867143\" \/>\n<meta property=\"og:site_name\" content=\"eToro\" \/>\n<meta property=\"article:publisher\" content=\"https:\/\/www.facebook.com\/eToro\/\" \/>\n<meta property=\"article:modified_time\" content=\"2024-04-07T15:08:17+00:00\" \/>\n<meta property=\"og:image\" content=\"https:\/\/www.etoro.com\/wp-content\/uploads\/2024\/01\/Tax-services.jpg\" \/>\n\t<meta property=\"og:image:width\" content=\"1200\" \/>\n\t<meta property=\"og:image:height\" content=\"630\" \/>\n\t<meta property=\"og:image:type\" content=\"image\/jpeg\" \/>\n<meta name=\"twitter:card\" content=\"summary_large_image\" \/>\n<meta name=\"twitter:site\" content=\"@eToro\" \/>\n<meta name=\"twitter:label1\" content=\"Est. reading time\" \/>\n\t<meta name=\"twitter:data1\" content=\"3 minutes\" \/>\n<script type=\"application\/ld+json\" class=\"yoast-schema-graph\">{\"@context\":\"https:\/\/schema.org\",\"@graph\":[{\"@type\":\"WebPage\",\"@id\":\"https:\/\/www.etoro.com\/fr\/about\/club\/tax-partners\/\",\"url\":\"https:\/\/www.etoro.com\/fr\/about\/club\/tax-partners\/\",\"name\":\"D\u00e9claration fiscale remis\u00e9e pour les membres du Club eToro\",\"isPartOf\":{\"@id\":\"https:\/\/www.etoro.com\/fr\/#website\"},\"primaryImageOfPage\":{\"@id\":\"https:\/\/www.etoro.com\/fr\/about\/club\/tax-partners\/#primaryimage\"},\"image\":{\"@id\":\"https:\/\/www.etoro.com\/fr\/about\/club\/tax-partners\/#primaryimage\"},\"thumbnailUrl\":\"https:\/\/www.etoro.com\/wp-content\/uploads\/2024\/01\/Tax-services.jpg\",\"datePublished\":\"2024-01-05T12:43:27+00:00\",\"dateModified\":\"2024-04-07T15:08:17+00:00\",\"description\":\"Profitez d'une r\u00e9duction sur votre d\u00e9claration d'imp\u00f4ts r\u00e9alis\u00e9e par l'un de nos partenaires. Choisissez un de nos experts et ils feront le travail pour vous\",\"breadcrumb\":{\"@id\":\"https:\/\/www.etoro.com\/fr\/about\/club\/tax-partners\/#breadcrumb\"},\"inLanguage\":\"fr\",\"potentialAction\":[{\"@type\":\"ReadAction\",\"target\":[\"https:\/\/www.etoro.com\/fr\/about\/club\/tax-partners\/\"]}]},{\"@type\":\"ImageObject\",\"inLanguage\":\"fr\",\"@id\":\"https:\/\/www.etoro.com\/fr\/about\/club\/tax-partners\/#primaryimage\",\"url\":\"https:\/\/www.etoro.com\/wp-content\/uploads\/2024\/01\/Tax-services.jpg\",\"contentUrl\":\"https:\/\/www.etoro.com\/wp-content\/uploads\/2024\/01\/Tax-services.jpg\",\"width\":1200,\"height\":630,\"caption\":\"Tax services\"},{\"@type\":\"BreadcrumbList\",\"@id\":\"https:\/\/www.etoro.com\/fr\/about\/club\/tax-partners\/#breadcrumb\",\"itemListElement\":[{\"@type\":\"ListItem\",\"position\":1,\"name\":\"Accueil\",\"item\":\"https:\/\/www.etoro.com\/fr\/\"},{\"@type\":\"ListItem\",\"position\":2,\"name\":\"\u00c0 propos\",\"item\":\"https:\/\/www.etoro.com\/fr\/about\/\"},{\"@type\":\"ListItem\",\"position\":3,\"name\":\"eToro Club\",\"item\":\"https:\/\/www.etoro.com\/fr\/about\/club\/\"},{\"@type\":\"ListItem\",\"position\":4,\"name\":\"Tax Partners\"}]},{\"@type\":\"WebSite\",\"@id\":\"https:\/\/www.etoro.com\/fr\/#website\",\"url\":\"https:\/\/www.etoro.com\/fr\/\",\"name\":\"eToro\",\"description\":\"\",\"publisher\":{\"@id\":\"https:\/\/www.etoro.com\/fr\/#organization\"},\"potentialAction\":[{\"@type\":\"SearchAction\",\"target\":{\"@type\":\"EntryPoint\",\"urlTemplate\":\"https:\/\/www.etoro.com\/fr\/?s={search_term_string}\"},\"query-input\":{\"@type\":\"PropertyValueSpecification\",\"valueRequired\":true,\"valueName\":\"search_term_string\"}}],\"inLanguage\":\"fr\"},[]]}<\/script>","yoast_head_json":{"title":"D\u00e9claration fiscale remis\u00e9e pour les membres du Club eToro","description":"Profitez d'une r\u00e9duction sur votre d\u00e9claration d'imp\u00f4ts r\u00e9alis\u00e9e par l'un de nos partenaires. Choisissez un de nos experts et ils feront le travail pour vous","robots":{"index":"index","follow":"follow","max-snippet":"max-snippet:-1","max-image-preview":"max-image-preview:large","max-video-preview":"max-video-preview:-1"},"canonical":"https:\/\/www.etoro.com\/fr\/wp-json\/wp\/v2\/pages\/867143","og_locale":"fr_FR","og_type":"article","og_title":"D\u00e9claration fiscale remis\u00e9e pour les membres du Club eToro","og_description":"Profitez d'une r\u00e9duction sur votre d\u00e9claration d'imp\u00f4ts r\u00e9alis\u00e9e par l'un de nos partenaires. Choisissez un de nos experts et ils feront le travail pour vous","og_url":"https:\/\/www.etoro.com\/fr\/wp-json\/wp\/v2\/pages\/867143","og_site_name":"eToro","article_publisher":"https:\/\/www.facebook.com\/eToro\/","article_modified_time":"2024-04-07T15:08:17+00:00","og_image":[{"width":1200,"height":630,"url":"https:\/\/www.etoro.com\/wp-content\/uploads\/2024\/01\/Tax-services.jpg","type":"image\/jpeg"}],"twitter_card":"summary_large_image","twitter_site":"@eToro","twitter_misc":{"Est. reading time":"3 minutes"},"schema":{"@context":"https:\/\/schema.org","@graph":[{"@type":"WebPage","@id":"https:\/\/www.etoro.com\/fr\/about\/club\/tax-partners\/","url":"https:\/\/www.etoro.com\/fr\/about\/club\/tax-partners\/","name":"D\u00e9claration fiscale remis\u00e9e pour les membres du Club eToro","isPartOf":{"@id":"https:\/\/www.etoro.com\/fr\/#website"},"primaryImageOfPage":{"@id":"https:\/\/www.etoro.com\/fr\/about\/club\/tax-partners\/#primaryimage"},"image":{"@id":"https:\/\/www.etoro.com\/fr\/about\/club\/tax-partners\/#primaryimage"},"thumbnailUrl":"https:\/\/www.etoro.com\/wp-content\/uploads\/2024\/01\/Tax-services.jpg","datePublished":"2024-01-05T12:43:27+00:00","dateModified":"2024-04-07T15:08:17+00:00","description":"Profitez d'une r\u00e9duction sur votre d\u00e9claration d'imp\u00f4ts r\u00e9alis\u00e9e par l'un de nos partenaires. Choisissez un de nos experts et ils feront le travail pour vous","breadcrumb":{"@id":"https:\/\/www.etoro.com\/fr\/about\/club\/tax-partners\/#breadcrumb"},"inLanguage":"fr","potentialAction":[{"@type":"ReadAction","target":["https:\/\/www.etoro.com\/fr\/about\/club\/tax-partners\/"]}]},{"@type":"ImageObject","inLanguage":"fr","@id":"https:\/\/www.etoro.com\/fr\/about\/club\/tax-partners\/#primaryimage","url":"https:\/\/www.etoro.com\/wp-content\/uploads\/2024\/01\/Tax-services.jpg","contentUrl":"https:\/\/www.etoro.com\/wp-content\/uploads\/2024\/01\/Tax-services.jpg","width":1200,"height":630,"caption":"Tax services"},{"@type":"BreadcrumbList","@id":"https:\/\/www.etoro.com\/fr\/about\/club\/tax-partners\/#breadcrumb","itemListElement":[{"@type":"ListItem","position":1,"name":"Accueil","item":"https:\/\/www.etoro.com\/fr\/"},{"@type":"ListItem","position":2,"name":"\u00c0 propos","item":"https:\/\/www.etoro.com\/fr\/about\/"},{"@type":"ListItem","position":3,"name":"eToro Club","item":"https:\/\/www.etoro.com\/fr\/about\/club\/"},{"@type":"ListItem","position":4,"name":"Tax Partners"}]},{"@type":"WebSite","@id":"https:\/\/www.etoro.com\/fr\/#website","url":"https:\/\/www.etoro.com\/fr\/","name":"eToro","description":"","publisher":{"@id":"https:\/\/www.etoro.com\/fr\/#organization"},"potentialAction":[{"@type":"SearchAction","target":{"@type":"EntryPoint","urlTemplate":"https:\/\/www.etoro.com\/fr\/?s={search_term_string}"},"query-input":{"@type":"PropertyValueSpecification","valueRequired":true,"valueName":"search_term_string"}}],"inLanguage":"fr"},[]]}},"_links":{"self":[{"href":"https:\/\/www.etoro.com\/fr\/wp-json\/wp\/v2\/pages\/867143"}],"collection":[{"href":"https:\/\/www.etoro.com\/fr\/wp-json\/wp\/v2\/pages"}],"about":[{"href":"https:\/\/www.etoro.com\/fr\/wp-json\/wp\/v2\/types\/page"}],"author":[{"embeddable":true,"href":"https:\/\/www.etoro.com\/fr\/wp-json\/wp\/v2\/users\/45"}],"replies":[{"embeddable":true,"href":"https:\/\/www.etoro.com\/fr\/wp-json\/wp\/v2\/comments?post=867143"}],"version-history":[{"count":0,"href":"https:\/\/www.etoro.com\/fr\/wp-json\/wp\/v2\/pages\/867143\/revisions"}],"up":[{"embeddable":true,"href":"https:\/\/www.etoro.com\/fr\/wp-json\/wp\/v2\/pages\/547152"}],"wp:featuredmedia":[{"embeddable":true,"href":"https:\/\/www.etoro.com\/fr\/wp-json\/wp\/v2\/media\/836451"}],"wp:attachment":[{"href":"https:\/\/www.etoro.com\/fr\/wp-json\/wp\/v2\/media?parent=867143"}],"wp:term":[{"taxonomy":"asset_type","embeddable":true,"href":"https:\/\/www.etoro.com\/fr\/wp-json\/wp\/v2\/asset_type?post=867143"}],"curies":[{"name":"wp","href":"https:\/\/api.w.org\/{rel}","templated":true}]}}