{"id":9349,"date":"2017-08-07T10:51:57","date_gmt":"2017-08-07T09:51:57","guid":{"rendered":"\/etoro\/about\/vision\/"},"modified":"2025-05-11T00:14:12","modified_gmt":"2025-05-10T21:14:12","slug":"vision","status":"publish","type":"page","link":"https:\/\/www.etoro.com\/fr\/about\/vision\/","title":{"rendered":"Our Vision"},"content":{"rendered":"\n<div class=\"wp-block-etoro-related-pages has-green-background-color wp-etoro-block-related-pages\"><div class=\"wp-etoro-block-related-pages-to-center\"><div class=\"wp-etoro-block-related-pages-menu-name\">Pages annexes:<\/div><div class=\"wp-etoro-block-related-pages-list-container\"><div class=\"wp-etoro-block-related-pages-arrow-left\"><button><\/button><\/div><div class=\"wp-etoro-block-related-pages-list\">\n<div class=\"wp-etoro-block-related-pages-link\"><a class=\"wp-etoro-block-related-page-link\" href=\"https:\/\/www.etoro.com\/fr\/about\/\">Notre histoire <\/a><\/div>\n\n\n\n<div class=\"wp-etoro-block-related-pages-link\"><a class=\"wp-etoro-block-related-page-link\" href=\"https:\/\/www.etoro.com\/fr\/about\/team\/\">Notre direction <\/a><\/div>\n\n\n\n<div class=\"wp-etoro-block-related-pages-link\"><a class=\"wp-etoro-block-related-page-link\" href=\"https:\/\/www.etoro.com\/fr\/about\/awards\/\">Nos R\u00e9compenses <\/a><\/div>\n<\/div><div class=\"wp-etoro-block-related-pages-arrow-right\"><button><\/button><\/div><\/div><\/div><\/div>\n\n\n\n<section class=\"wp-block-group wp-block-group-boxed\"><div class=\"wp-block-group-inner is-layout-flow wp-block-group-is-layout-flow\">\n<div class=\"wp-block-columns are-vertically-aligned-top wp-block-columns-1 is-layout-flex wp-container-core-columns-is-layout-1 wp-block-columns-is-layout-flex\">\n<div class=\"wp-block-column is-layout-flow wp-block-column-is-layout-flow\">\n<h2 class=\"wp-block-heading has-text-align-center\">Un monde dans lequel chacun peut n\u00e9gocier et investir de mani\u00e8re simple et transparente.<\/h2>\n<\/div>\n<\/div>\n<\/div><\/section>\n\n\n\n<section class=\"wp-block-group wp-block-group-boxed has-white-background-color has-background\"><div class=\"wp-block-group-inner is-layout-flow wp-block-group-is-layout-flow\">\n<div class=\"wp-block-columns are-vertically-aligned-center wp-block-columns-2 is-swapped-on-mobile is-layout-flex wp-container-core-columns-is-layout-2 wp-block-columns-is-layout-flex\">\n<div class=\"wp-block-column is-text-column is-layout-flow wp-block-column-is-layout-flow\">\n<h2 class=\"wp-block-heading\"><span>Notre <\/span><strong>mission<\/strong><\/h2>\n\n\n\n<p>Vous ouvrir les march\u00e9s mondiaux, vous mettre en relation avec des investisseurs de premier plan et vous fournir les outils dont vous avez besoin pour accro\u00eetre vos connaissances et votre patrimoine.<\/p>\n<\/div>\n\n\n\n<div class=\"wp-block-column is-layout-flow wp-block-column-is-layout-flow\">\n<figure class=\"wp-block-image size-full\"><img loading=\"lazy\" decoding=\"async\" width=\"864\" height=\"600\" src=\"https:\/\/www.etoro.com\/wp-content\/uploads\/2025\/05\/our-mission-new.png\" alt=\"\" class=\"wp-image-1060915 wp-image-desktop\" srcset=\"https:\/\/www.etoro.com\/wp-content\/uploads\/2025\/05\/our-mission-new.png 864w, https:\/\/www.etoro.com\/wp-content\/uploads\/2025\/05\/our-mission-new-300x208.png 300w, https:\/\/www.etoro.com\/wp-content\/uploads\/2025\/05\/our-mission-new-768x533.png 768w\" sizes=\"(max-width: 864px) 100vw, 864px\" \/><\/figure>\n<\/div>\n<\/div>\n<\/div><\/section>\n\n\n\n<section class=\"wp-block-group wp-block-group-boxed\"><div class=\"wp-block-group-inner is-layout-flow wp-block-group-is-layout-flow\">\n<h2 class=\"wp-block-heading has-text-align-center\"><span>Notre promesse <strong>pour vous<\/strong><\/span><\/h2>\n\n\n\n<div class=\"wp-block-columns are-vertically-aligned-top wp-block-columns-2 wp-block-columns-1 is-layout-flex wp-container-core-columns-is-layout-3 wp-block-columns-is-layout-flex\">\n<div class=\"wp-block-column is-layout-flow wp-block-column-is-layout-flow\">\n<div class=\"wp-block-etoro-card wp-block-etoro-card-size-small wp-block-etoro-card-thumbnail-position-side wp-block-etoro-card-default\"><img decoding=\"async\" src=\"https:\/\/www.etoro.com\/wp-content\/uploads\/2023\/06\/Frame-60.png\" alt=\"Faire simple\" class=\"wp-block-etoro-card-thumbnail\"\/><div class=\"wp-block-etoro-card-body\"><div class=\"wp-block-etoro-card-title\">Faire simple<\/div><div class=\"wp-block-etoro-card-content\">\n<p>Nos efforts visent \u00e0 supprimer les obstacles et rendre la n\u00e9gociation et l&#8217;investissement en ligne accessibles \u00e0 tous, plus simples et plus transparents. De notre plateforme facile \u00e0 utiliser \u00e0 la fa\u00e7on dont on communique avec vous, nous ferons toujours en sorte que les choses soient aussi simples que possible.<\/p>\n<\/div><\/div><\/div>\n<\/div>\n\n\n\n<div class=\"wp-block-column is-layout-flow wp-block-column-is-layout-flow\">\n<div class=\"wp-block-etoro-card wp-block-etoro-card-size-small wp-block-etoro-card-thumbnail-position-side wp-block-etoro-card-default\"><img decoding=\"async\" src=\"https:\/\/www.etoro.com\/wp-content\/uploads\/2023\/06\/Innovative-1.png\" alt=\"Innover en permanence\" class=\"wp-block-etoro-card-thumbnail\"\/><div class=\"wp-block-etoro-card-body\"><div class=\"wp-block-etoro-card-title\">Innover en permanence<\/div><div class=\"wp-block-etoro-card-content\">\n<p>L&#8217;innovation est inscrite dans notre ADN. Tout en gardant un \u0153il sur les march\u00e9s et l&#8217;autre sur notre communaut\u00e9, nous nous efforcerons de cr\u00e9er des produits et des services financiers innovants qui r\u00e9pondent \u00e0 vos besoins en constante \u00e9volution.<\/p>\n<\/div><\/div><\/div>\n<\/div>\n<\/div>\n\n\n\n<div class=\"wp-block-columns are-vertically-aligned-top wp-block-columns-2 wp-block-columns-1 is-layout-flex wp-container-core-columns-is-layout-4 wp-block-columns-is-layout-flex\">\n<div class=\"wp-block-column is-layout-flow wp-block-column-is-layout-flow\">\n<div class=\"wp-block-etoro-card wp-block-etoro-card-size-small wp-block-etoro-card-thumbnail-position-side wp-block-etoro-card-default\"><img decoding=\"async\" src=\"https:\/\/www.etoro.com\/wp-content\/uploads\/2023\/06\/Team.png\" alt=\"Ensemble, c'est mieux\" class=\"wp-block-etoro-card-thumbnail\"\/><div class=\"wp-block-etoro-card-body\"><div class=\"wp-block-etoro-card-title\">Ensemble, c&#8217;est mieux<\/div><div class=\"wp-block-etoro-card-content\">\n<p>Vous n&#8217;\u00eates pas seul. Vous appartenez \u00e0 une communaut\u00e9 mondiale en pleine expansion. Le partage des connaissances donne du pouvoir. Nous vous donnons la possibilit\u00e9 de vous relier \u00e0 d&#8217;autres investisseurs, d&#8217;apprendre et de partager avec eux. En faisant de l&#8217;investissement un effort de groupe, nous obtenons de meilleurs r\u00e9sultats et nous r\u00e9ussissons mieux, ensemble.<\/p>\n<\/div><\/div><\/div>\n<\/div>\n\n\n\n<div class=\"wp-block-column is-layout-flow wp-block-column-is-layout-flow\">\n<div class=\"wp-block-etoro-card wp-block-etoro-card-size-small wp-block-etoro-card-thumbnail-position-side wp-block-etoro-card-default\"><img decoding=\"async\" src=\"https:\/\/www.etoro.com\/wp-content\/uploads\/2023\/06\/Frame-60-1.png\" alt=\"Viser l'excellence\" class=\"wp-block-etoro-card-thumbnail\"\/><div class=\"wp-block-etoro-card-body\"><div class=\"wp-block-etoro-card-title\">Viser l&#8217;excellence<\/div><div class=\"wp-block-etoro-card-content\">\n<p>Pour anticiper et d\u00e9passer vos attentes, nous vous mettons au centre de chacune de nos d\u00e9cisions et nous nous effor\u00e7ons de vous offrir la meilleure exp\u00e9rience possible en tant qu&#8217;utilisateur. En tant qu&#8217;entreprise r\u00e9glement\u00e9e, la confidentialit\u00e9 et la s\u00e9curit\u00e9 sont au c\u0153ur de nos pr\u00e9occupations et nous utilisons les solutions les plus modernes.<\/p>\n<\/div><\/div><\/div>\n<\/div>\n<\/div>\n\n\n\n<div class=\"wp-block-columns are-vertically-aligned-top wp-block-columns-2 wp-block-columns-1 is-layout-flex wp-container-core-columns-is-layout-5 wp-block-columns-is-layout-flex\">\n<div class=\"wp-block-column is-layout-flow wp-block-column-is-layout-flow\">\n<div class=\"wp-block-etoro-card wp-block-etoro-card-size-small wp-block-etoro-card-thumbnail-position-side wp-block-etoro-card-default\"><img decoding=\"async\" src=\"https:\/\/www.etoro.com\/wp-content\/uploads\/2023\/06\/Rocket-ship.png\" alt=\"Renforcer votre pouvoir d'action\" class=\"wp-block-etoro-card-thumbnail\"\/><div class=\"wp-block-etoro-card-body\"><div class=\"wp-block-etoro-card-title\">Renforcer votre pouvoir d&#8217;action<\/div><div class=\"wp-block-etoro-card-content\">\n<p>Le manque de connaissances et d&#8217;exp\u00e9rience est l&#8217;une des principales raisons pour lesquelles les gens d\u00e9cident de ne pas investir. Nous voulons vous aider \u00e0 franchir le pas, en mettant \u00e0 votre disposition un large \u00e9ventail d&#8217;outils et de ressources p\u00e9dagogiques, ainsi qu&#8217;une plateforme facile \u00e0 utiliser pour vous accompagner dans votre d\u00e9marche d&#8217;investissement.<\/p>\n<\/div><\/div><\/div>\n<\/div>\n\n\n\n<div class=\"wp-block-column is-layout-flow wp-block-column-is-layout-flow\"><\/div>\n<\/div>\n<\/div><\/section>\n","protected":false},"excerpt":{"rendered":"<p>Un monde dans lequel chacun peut n\u00e9gocier et investir de mani\u00e8re simple et transparente. Notre mission Vous ouvrir les march\u00e9s mondiaux, vous mettre en relation avec des investisseurs de premier plan et vous fournir les outils dont vous avez besoin pour accro\u00eetre vos connaissances et votre patrimoine. Notre promesse pour vous<\/p>\n","protected":false},"author":1,"featured_media":617804,"parent":6896,"menu_order":2014,"comment_status":"closed","ping_status":"closed","template":"","meta":{"_acf_changed":true,"inline_featured_image":false,"sticky_cta_settings":"","footnotes":""},"asset_type":[],"class_list":["post-9349","page","type-page","status-publish","has-post-thumbnail","hentry"],"acf":[],"yoast_head":"<title>La vision &amp; l&#039;ambition | eToro<\/title>\n<meta name=\"description\" content=\"Rejoignez eToro - pionniers de la r\u00e9volution du trading en ligne. Nous souhaitons dans un monde o\u00f9 chacun peut investir simplement et en transparence.\" \/>\n<meta name=\"robots\" content=\"index, follow, max-snippet:-1, max-image-preview:large, max-video-preview:-1\" \/>\n<link rel=\"canonical\" href=\"https:\/\/www.etoro.com\/fr\/wp-json\/wp\/v2\/pages\/9349\" \/>\n<meta property=\"og:locale\" content=\"fr_FR\" \/>\n<meta property=\"og:type\" content=\"article\" \/>\n<meta property=\"og:title\" content=\"La vision &amp; l&#039;ambition | eToro\" \/>\n<meta property=\"og:description\" content=\"Rejoignez eToro - pionniers de la r\u00e9volution du trading en ligne. Nous souhaitons dans un monde o\u00f9 chacun peut investir simplement et en transparence.\" \/>\n<meta property=\"og:url\" content=\"https:\/\/www.etoro.com\/fr\/wp-json\/wp\/v2\/pages\/9349\" \/>\n<meta property=\"og:site_name\" content=\"eToro\" \/>\n<meta property=\"article:publisher\" content=\"https:\/\/www.facebook.com\/eToro\/\" \/>\n<meta property=\"article:modified_time\" content=\"2025-05-10T21:14:12+00:00\" \/>\n<meta property=\"og:image\" content=\"https:\/\/www.etoro.com\/wp-content\/uploads\/2023\/06\/Our-vision-eToro.jpg\" \/>\n\t<meta property=\"og:image:width\" content=\"1200\" \/>\n\t<meta property=\"og:image:height\" content=\"630\" \/>\n\t<meta property=\"og:image:type\" content=\"image\/jpeg\" \/>\n<meta name=\"twitter:card\" content=\"summary_large_image\" \/>\n<meta name=\"twitter:site\" content=\"@eToro\" \/>\n<script type=\"application\/ld+json\" class=\"yoast-schema-graph\">{\"@context\":\"https:\/\/schema.org\",\"@graph\":[{\"@type\":\"WebPage\",\"@id\":\"https:\/\/www.etoro.com\/fr\/about\/vision\/\",\"url\":\"https:\/\/www.etoro.com\/fr\/about\/vision\/\",\"name\":\"La vision & l'ambition | eToro\",\"isPartOf\":{\"@id\":\"https:\/\/www.etoro.com\/fr\/#website\"},\"primaryImageOfPage\":{\"@id\":\"https:\/\/www.etoro.com\/fr\/about\/vision\/#primaryimage\"},\"image\":{\"@id\":\"https:\/\/www.etoro.com\/fr\/about\/vision\/#primaryimage\"},\"thumbnailUrl\":\"https:\/\/www.etoro.com\/wp-content\/uploads\/2023\/06\/Our-vision-eToro.jpg\",\"datePublished\":\"2017-08-07T09:51:57+00:00\",\"dateModified\":\"2025-05-10T21:14:12+00:00\",\"description\":\"Rejoignez eToro - pionniers de la r\u00e9volution du trading en ligne. Nous souhaitons dans un monde o\u00f9 chacun peut investir simplement et en transparence.\",\"breadcrumb\":{\"@id\":\"https:\/\/www.etoro.com\/fr\/about\/vision\/#breadcrumb\"},\"inLanguage\":\"fr\",\"potentialAction\":[{\"@type\":\"ReadAction\",\"target\":[\"https:\/\/www.etoro.com\/fr\/about\/vision\/\"]}]},{\"@type\":\"ImageObject\",\"inLanguage\":\"fr\",\"@id\":\"https:\/\/www.etoro.com\/fr\/about\/vision\/#primaryimage\",\"url\":\"https:\/\/www.etoro.com\/wp-content\/uploads\/2023\/06\/Our-vision-eToro.jpg\",\"contentUrl\":\"https:\/\/www.etoro.com\/wp-content\/uploads\/2023\/06\/Our-vision-eToro.jpg\",\"width\":1200,\"height\":630,\"caption\":\"Our vision\"},{\"@type\":\"BreadcrumbList\",\"@id\":\"https:\/\/www.etoro.com\/fr\/about\/vision\/#breadcrumb\",\"itemListElement\":[{\"@type\":\"ListItem\",\"position\":1,\"name\":\"Accueil\",\"item\":\"https:\/\/www.etoro.com\/fr\/\"},{\"@type\":\"ListItem\",\"position\":2,\"name\":\"\u00c0 propos\",\"item\":\"https:\/\/www.etoro.com\/fr\/about\/\"},{\"@type\":\"ListItem\",\"position\":3,\"name\":\"VISION\"}]},{\"@type\":\"WebSite\",\"@id\":\"https:\/\/www.etoro.com\/fr\/#website\",\"url\":\"https:\/\/www.etoro.com\/fr\/\",\"name\":\"eToro\",\"description\":\"\",\"publisher\":{\"@id\":\"https:\/\/www.etoro.com\/fr\/#organization\"},\"potentialAction\":[{\"@type\":\"SearchAction\",\"target\":{\"@type\":\"EntryPoint\",\"urlTemplate\":\"https:\/\/www.etoro.com\/fr\/?s={search_term_string}\"},\"query-input\":{\"@type\":\"PropertyValueSpecification\",\"valueRequired\":true,\"valueName\":\"search_term_string\"}}],\"inLanguage\":\"fr\"},[]]}<\/script>","yoast_head_json":{"title":"La vision & l'ambition | eToro","description":"Rejoignez eToro - pionniers de la r\u00e9volution du trading en ligne. Nous souhaitons dans un monde o\u00f9 chacun peut investir simplement et en transparence.","robots":{"index":"index","follow":"follow","max-snippet":"max-snippet:-1","max-image-preview":"max-image-preview:large","max-video-preview":"max-video-preview:-1"},"canonical":"https:\/\/www.etoro.com\/fr\/wp-json\/wp\/v2\/pages\/9349","og_locale":"fr_FR","og_type":"article","og_title":"La vision & l'ambition | eToro","og_description":"Rejoignez eToro - pionniers de la r\u00e9volution du trading en ligne. Nous souhaitons dans un monde o\u00f9 chacun peut investir simplement et en transparence.","og_url":"https:\/\/www.etoro.com\/fr\/wp-json\/wp\/v2\/pages\/9349","og_site_name":"eToro","article_publisher":"https:\/\/www.facebook.com\/eToro\/","article_modified_time":"2025-05-10T21:14:12+00:00","og_image":[{"width":1200,"height":630,"url":"https:\/\/www.etoro.com\/wp-content\/uploads\/2023\/06\/Our-vision-eToro.jpg","type":"image\/jpeg"}],"twitter_card":"summary_large_image","twitter_site":"@eToro","schema":{"@context":"https:\/\/schema.org","@graph":[{"@type":"WebPage","@id":"https:\/\/www.etoro.com\/fr\/about\/vision\/","url":"https:\/\/www.etoro.com\/fr\/about\/vision\/","name":"La vision & l'ambition | eToro","isPartOf":{"@id":"https:\/\/www.etoro.com\/fr\/#website"},"primaryImageOfPage":{"@id":"https:\/\/www.etoro.com\/fr\/about\/vision\/#primaryimage"},"image":{"@id":"https:\/\/www.etoro.com\/fr\/about\/vision\/#primaryimage"},"thumbnailUrl":"https:\/\/www.etoro.com\/wp-content\/uploads\/2023\/06\/Our-vision-eToro.jpg","datePublished":"2017-08-07T09:51:57+00:00","dateModified":"2025-05-10T21:14:12+00:00","description":"Rejoignez eToro - pionniers de la r\u00e9volution du trading en ligne. Nous souhaitons dans un monde o\u00f9 chacun peut investir simplement et en transparence.","breadcrumb":{"@id":"https:\/\/www.etoro.com\/fr\/about\/vision\/#breadcrumb"},"inLanguage":"fr","potentialAction":[{"@type":"ReadAction","target":["https:\/\/www.etoro.com\/fr\/about\/vision\/"]}]},{"@type":"ImageObject","inLanguage":"fr","@id":"https:\/\/www.etoro.com\/fr\/about\/vision\/#primaryimage","url":"https:\/\/www.etoro.com\/wp-content\/uploads\/2023\/06\/Our-vision-eToro.jpg","contentUrl":"https:\/\/www.etoro.com\/wp-content\/uploads\/2023\/06\/Our-vision-eToro.jpg","width":1200,"height":630,"caption":"Our vision"},{"@type":"BreadcrumbList","@id":"https:\/\/www.etoro.com\/fr\/about\/vision\/#breadcrumb","itemListElement":[{"@type":"ListItem","position":1,"name":"Accueil","item":"https:\/\/www.etoro.com\/fr\/"},{"@type":"ListItem","position":2,"name":"\u00c0 propos","item":"https:\/\/www.etoro.com\/fr\/about\/"},{"@type":"ListItem","position":3,"name":"VISION"}]},{"@type":"WebSite","@id":"https:\/\/www.etoro.com\/fr\/#website","url":"https:\/\/www.etoro.com\/fr\/","name":"eToro","description":"","publisher":{"@id":"https:\/\/www.etoro.com\/fr\/#organization"},"potentialAction":[{"@type":"SearchAction","target":{"@type":"EntryPoint","urlTemplate":"https:\/\/www.etoro.com\/fr\/?s={search_term_string}"},"query-input":{"@type":"PropertyValueSpecification","valueRequired":true,"valueName":"search_term_string"}}],"inLanguage":"fr"},[]]}},"_links":{"self":[{"href":"https:\/\/www.etoro.com\/fr\/wp-json\/wp\/v2\/pages\/9349"}],"collection":[{"href":"https:\/\/www.etoro.com\/fr\/wp-json\/wp\/v2\/pages"}],"about":[{"href":"https:\/\/www.etoro.com\/fr\/wp-json\/wp\/v2\/types\/page"}],"author":[{"embeddable":true,"href":"https:\/\/www.etoro.com\/fr\/wp-json\/wp\/v2\/users\/1"}],"replies":[{"embeddable":true,"href":"https:\/\/www.etoro.com\/fr\/wp-json\/wp\/v2\/comments?post=9349"}],"version-history":[{"count":0,"href":"https:\/\/www.etoro.com\/fr\/wp-json\/wp\/v2\/pages\/9349\/revisions"}],"up":[{"embeddable":true,"href":"https:\/\/www.etoro.com\/fr\/wp-json\/wp\/v2\/pages\/6896"}],"wp:featuredmedia":[{"embeddable":true,"href":"https:\/\/www.etoro.com\/fr\/wp-json\/wp\/v2\/media\/617804"}],"wp:attachment":[{"href":"https:\/\/www.etoro.com\/fr\/wp-json\/wp\/v2\/media?parent=9349"}],"wp:term":[{"taxonomy":"asset_type","embeddable":true,"href":"https:\/\/www.etoro.com\/fr\/wp-json\/wp\/v2\/asset_type?post=9349"}],"curies":[{"name":"wp","href":"https:\/\/api.w.org\/{rel}","templated":true}]}}