{"id":9368,"date":"2017-09-12T14:44:38","date_gmt":"2017-09-12T11:44:38","guid":{"rendered":"\/etoro\/about\/pips-calculator\/"},"modified":"2018-07-01T11:35:32","modified_gmt":"2018-07-01T08:35:32","slug":"pips-calculator","status":"publish","type":"page","link":"https:\/\/www.etoro.com\/fr\/trading\/pips-calculator\/","title":{"rendered":"Calculateur de pips"},"content":{"rendered":"<p>Dans le trading de devises, un \u00ab pip \u00bb est traditionnellement la plus petite unit\u00e9 de mouvement. Les traders surveillent ces mouvements de pr\u00e8s dans la mesure o\u00f9 les trades sont g\u00e9n\u00e9ralement effectu\u00e9s dans des volumes \u00e9lev\u00e9s, o\u00f9 chaque petit mouvement peut entra\u00eener d&#8217;importants profits ou pertes. Ci-dessous vous trouverez un calculateur facile \u00e0 utiliser pour vous aider \u00e0 d\u00e9terminer la valeur d&#8217;un pip dans une transaction particuli\u00e8re.<\/p>\n<p><iframe loading=\"lazy\" src=\"https:\/\/ssltools.forexprostools.com\/pip-calculator\/index.php?force_lang=5&amp;acc=12\" width=\"100%\" height=\"770\" frameborder=\"0\" marginwidth=\"0\" marginheight=\"0\" scrolling=\"auto\"><\/iframe><\/p>\n","protected":false},"excerpt":{"rendered":"<p>Dans le trading de devises, un \u00ab pip \u00bb est traditionnellement la plus petite unit\u00e9 de mouvement. Les traders surveillent ces mouvements de pr\u00e8s dans la mesure o\u00f9 les trades sont g\u00e9n\u00e9ralement effectu\u00e9s dans des volumes \u00e9lev\u00e9s, o\u00f9 chaque petit mouvement peut entra\u00eener d&#8217;importants profits ou pertes. Ci-dessous vous trouverez un calculateur facile \u00e0 utiliser&hellip;<\/p>\n","protected":false},"author":45,"featured_media":0,"parent":18385,"menu_order":1661,"comment_status":"closed","ping_status":"closed","template":"","meta":{"_acf_changed":false,"inline_featured_image":false,"sticky_cta_settings":"","footnotes":""},"asset_type":[],"class_list":["post-9368","page","type-page","status-publish","hentry"],"acf":[],"yoast_head":"<title>Calculateur de Pips - Calculez la valeur de chaque Pip | eToro<\/title>\n<meta name=\"description\" content=\"Combien vaut chaque pip\u00a0? Utilisez le calculateur de pips d&#039;eToro pour d\u00e9terminer la valeur de chaque pip et mieux g\u00e9rer vos fonds.\" \/>\n<meta name=\"robots\" content=\"index, follow, max-snippet:-1, max-image-preview:large, max-video-preview:-1\" \/>\n<link rel=\"canonical\" href=\"https:\/\/www.etoro.com\/fr\/wp-json\/wp\/v2\/pages\/9368\" \/>\n<meta property=\"og:locale\" content=\"fr_FR\" \/>\n<meta property=\"og:type\" content=\"article\" \/>\n<meta property=\"og:title\" content=\"Calculateur de Pips - Calculez la valeur de chaque Pip | eToro\" \/>\n<meta property=\"og:description\" content=\"Combien vaut chaque pip\u00a0? Utilisez le calculateur de pips d&#039;eToro pour d\u00e9terminer la valeur de chaque pip et mieux g\u00e9rer vos fonds.\" \/>\n<meta property=\"og:url\" content=\"https:\/\/www.etoro.com\/fr\/wp-json\/wp\/v2\/pages\/9368\" \/>\n<meta property=\"og:site_name\" content=\"eToro\" \/>\n<meta property=\"article:publisher\" content=\"https:\/\/www.facebook.com\/eToro\/\" \/>\n<meta property=\"article:modified_time\" content=\"2018-07-01T08:35:32+00:00\" \/>\n<meta property=\"og:image\" content=\"https:\/\/www.etoro.com\/wp-content\/uploads\/2019\/12\/etoro_logo_social_share1.png\" \/>\n\t<meta property=\"og:image:width\" content=\"240\" \/>\n\t<meta property=\"og:image:height\" content=\"240\" \/>\n\t<meta property=\"og:image:type\" content=\"image\/png\" \/>\n<meta name=\"twitter:card\" content=\"summary_large_image\" \/>\n<meta name=\"twitter:site\" content=\"@eToro\" \/>\n<script type=\"application\/ld+json\" class=\"yoast-schema-graph\">{\"@context\":\"https:\/\/schema.org\",\"@graph\":[{\"@type\":\"WebPage\",\"@id\":\"https:\/\/www.etoro.com\/fr\/trading\/pips-calculator\/\",\"url\":\"https:\/\/www.etoro.com\/fr\/trading\/pips-calculator\/\",\"name\":\"Calculateur de Pips - Calculez la valeur de chaque Pip | eToro\",\"isPartOf\":{\"@id\":\"https:\/\/www.etoro.com\/fr\/#website\"},\"datePublished\":\"2017-09-12T11:44:38+00:00\",\"dateModified\":\"2018-07-01T08:35:32+00:00\",\"description\":\"Combien vaut chaque pip\u00a0? Utilisez le calculateur de pips d'eToro pour d\u00e9terminer la valeur de chaque pip et mieux g\u00e9rer vos fonds.\",\"breadcrumb\":{\"@id\":\"https:\/\/www.etoro.com\/fr\/trading\/pips-calculator\/#breadcrumb\"},\"inLanguage\":\"fr\",\"potentialAction\":[{\"@type\":\"ReadAction\",\"target\":[\"https:\/\/www.etoro.com\/fr\/trading\/pips-calculator\/\"]}]},{\"@type\":\"BreadcrumbList\",\"@id\":\"https:\/\/www.etoro.com\/fr\/trading\/pips-calculator\/#breadcrumb\",\"itemListElement\":[{\"@type\":\"ListItem\",\"position\":1,\"name\":\"Accueil\",\"item\":\"https:\/\/www.etoro.com\/fr\/\"},{\"@type\":\"ListItem\",\"position\":2,\"name\":\"TRADING\",\"item\":\"https:\/\/www.etoro.com\/fr\/trading\/\"},{\"@type\":\"ListItem\",\"position\":3,\"name\":\"CALCULATEUR DE PIPS\"}]},{\"@type\":\"WebSite\",\"@id\":\"https:\/\/www.etoro.com\/fr\/#website\",\"url\":\"https:\/\/www.etoro.com\/fr\/\",\"name\":\"eToro\",\"description\":\"\",\"publisher\":{\"@id\":\"https:\/\/www.etoro.com\/fr\/#organization\"},\"potentialAction\":[{\"@type\":\"SearchAction\",\"target\":{\"@type\":\"EntryPoint\",\"urlTemplate\":\"https:\/\/www.etoro.com\/fr\/?s={search_term_string}\"},\"query-input\":{\"@type\":\"PropertyValueSpecification\",\"valueRequired\":true,\"valueName\":\"search_term_string\"}}],\"inLanguage\":\"fr\"},[]]}<\/script>","yoast_head_json":{"title":"Calculateur de Pips - Calculez la valeur de chaque Pip | eToro","description":"Combien vaut chaque pip\u00a0? Utilisez le calculateur de pips d'eToro pour d\u00e9terminer la valeur de chaque pip et mieux g\u00e9rer vos fonds.","robots":{"index":"index","follow":"follow","max-snippet":"max-snippet:-1","max-image-preview":"max-image-preview:large","max-video-preview":"max-video-preview:-1"},"canonical":"https:\/\/www.etoro.com\/fr\/wp-json\/wp\/v2\/pages\/9368","og_locale":"fr_FR","og_type":"article","og_title":"Calculateur de Pips - Calculez la valeur de chaque Pip | eToro","og_description":"Combien vaut chaque pip\u00a0? Utilisez le calculateur de pips d'eToro pour d\u00e9terminer la valeur de chaque pip et mieux g\u00e9rer vos fonds.","og_url":"https:\/\/www.etoro.com\/fr\/wp-json\/wp\/v2\/pages\/9368","og_site_name":"eToro","article_publisher":"https:\/\/www.facebook.com\/eToro\/","article_modified_time":"2018-07-01T08:35:32+00:00","og_image":[{"width":240,"height":240,"url":"https:\/\/www.etoro.com\/wp-content\/uploads\/2019\/12\/etoro_logo_social_share1.png","type":"image\/png"}],"twitter_card":"summary_large_image","twitter_site":"@eToro","schema":{"@context":"https:\/\/schema.org","@graph":[{"@type":"WebPage","@id":"https:\/\/www.etoro.com\/fr\/trading\/pips-calculator\/","url":"https:\/\/www.etoro.com\/fr\/trading\/pips-calculator\/","name":"Calculateur de Pips - Calculez la valeur de chaque Pip | eToro","isPartOf":{"@id":"https:\/\/www.etoro.com\/fr\/#website"},"datePublished":"2017-09-12T11:44:38+00:00","dateModified":"2018-07-01T08:35:32+00:00","description":"Combien vaut chaque pip\u00a0? Utilisez le calculateur de pips d'eToro pour d\u00e9terminer la valeur de chaque pip et mieux g\u00e9rer vos fonds.","breadcrumb":{"@id":"https:\/\/www.etoro.com\/fr\/trading\/pips-calculator\/#breadcrumb"},"inLanguage":"fr","potentialAction":[{"@type":"ReadAction","target":["https:\/\/www.etoro.com\/fr\/trading\/pips-calculator\/"]}]},{"@type":"BreadcrumbList","@id":"https:\/\/www.etoro.com\/fr\/trading\/pips-calculator\/#breadcrumb","itemListElement":[{"@type":"ListItem","position":1,"name":"Accueil","item":"https:\/\/www.etoro.com\/fr\/"},{"@type":"ListItem","position":2,"name":"TRADING","item":"https:\/\/www.etoro.com\/fr\/trading\/"},{"@type":"ListItem","position":3,"name":"CALCULATEUR DE PIPS"}]},{"@type":"WebSite","@id":"https:\/\/www.etoro.com\/fr\/#website","url":"https:\/\/www.etoro.com\/fr\/","name":"eToro","description":"","publisher":{"@id":"https:\/\/www.etoro.com\/fr\/#organization"},"potentialAction":[{"@type":"SearchAction","target":{"@type":"EntryPoint","urlTemplate":"https:\/\/www.etoro.com\/fr\/?s={search_term_string}"},"query-input":{"@type":"PropertyValueSpecification","valueRequired":true,"valueName":"search_term_string"}}],"inLanguage":"fr"},[]]}},"_links":{"self":[{"href":"https:\/\/www.etoro.com\/fr\/wp-json\/wp\/v2\/pages\/9368"}],"collection":[{"href":"https:\/\/www.etoro.com\/fr\/wp-json\/wp\/v2\/pages"}],"about":[{"href":"https:\/\/www.etoro.com\/fr\/wp-json\/wp\/v2\/types\/page"}],"author":[{"embeddable":true,"href":"https:\/\/www.etoro.com\/fr\/wp-json\/wp\/v2\/users\/45"}],"replies":[{"embeddable":true,"href":"https:\/\/www.etoro.com\/fr\/wp-json\/wp\/v2\/comments?post=9368"}],"version-history":[{"count":0,"href":"https:\/\/www.etoro.com\/fr\/wp-json\/wp\/v2\/pages\/9368\/revisions"}],"up":[{"embeddable":true,"href":"https:\/\/www.etoro.com\/fr\/wp-json\/wp\/v2\/pages\/18385"}],"wp:attachment":[{"href":"https:\/\/www.etoro.com\/fr\/wp-json\/wp\/v2\/media?parent=9368"}],"wp:term":[{"taxonomy":"asset_type","embeddable":true,"href":"https:\/\/www.etoro.com\/fr\/wp-json\/wp\/v2\/asset_type?post=9368"}],"curies":[{"name":"wp","href":"https:\/\/api.w.org\/{rel}","templated":true}]}}