{"id":942503,"date":"2024-10-02T16:52:47","date_gmt":"2024-10-02T13:52:47","guid":{"rendered":"https:\/\/www.etoro.com\/?page_id=942503"},"modified":"2026-01-19T10:33:12","modified_gmt":"2026-01-19T08:33:12","slug":"policy","status":"publish","type":"page","link":"https:\/\/www.etoro.com\/fr\/editorial\/policy\/","title":{"rendered":"Academy Editorial Policies"},"content":{"rendered":"\n<section class=\"wp-block-group wp-block-group-full\"><div class=\"wp-block-group-inner is-layout-flow wp-block-group-is-layout-flow\">\n<h2 class=\"wp-block-heading\">Introduction<\/h2>\n\n\n\n<p>L\u2019objectif de cette politique \u00e9ditoriale est de d\u00e9finir les principes directeurs qui sous-tendent la cr\u00e9ation et la diffusion de contenu au sein de l&#8217;<a href=\"https:\/\/www.etoro.com\/fr\/academy\/\" target=\"_blank\" rel=\"noreferrer noopener\">Acad\u00e9mie eToro<\/a>. Elle vise \u00e0 servir de mod\u00e8le pour maintenir l&#8217;int\u00e9grit\u00e9, la fiabilit\u00e9 et la qualit\u00e9 globale des informations fournies \u00e0 nos utilisateurs.<\/p>\n\n\n\n<figure class=\"wp-block-image size-full\"><img loading=\"lazy\" decoding=\"async\" width=\"756\" height=\"400\" src=\"https:\/\/www.etoro.com\/wp-content\/uploads\/2024\/09\/Academy-Editorial-Policy_Intro-Illustration.png\" alt=\"\" class=\"wp-image-934548 wp-image-desktop\" srcset=\"https:\/\/www.etoro.com\/wp-content\/uploads\/2024\/09\/Academy-Editorial-Policy_Intro-Illustration.png 756w, https:\/\/www.etoro.com\/wp-content\/uploads\/2024\/09\/Academy-Editorial-Policy_Intro-Illustration-300x159.png 300w\" sizes=\"(max-width: 756px) 100vw, 756px\" \/><\/figure>\n\n\n\n<h2 class=\"wp-block-heading\">Mission de la politique \u00e9ditoriale<\/h2>\n\n\n\n<p>Nous sommes conscients que, bien que l&#8217;Internet regorge d&#8217;informations, il peut \u00eatre difficile et d\u00e9routant de s&#8217;y retrouver. C&#8217;est pourquoi nous avons con\u00e7u notre Acad\u00e9mie sur la base d&#8217;une approche structur\u00e9e et modulaire afin de garantir que, du d\u00e9but \u00e0 la fin, les investisseurs ne se contentent pas d&#8217;obtenir des informations, mais qu&#8217;ils acqui\u00e8rent \u00e9galement des connaissances et une compr\u00e9hension r\u00e9elles.<\/p>\n\n\n\n<p>Notre objectif consiste \u00e0 proposer \u00e0 notre audience un contenu pr\u00e9cis, fiable, stimulant et \u00e9ducatif. La pr\u00e9sente politique guide notre processus de cr\u00e9ation de contenu pour approfondir la compr\u00e9hension de nos lecteurs et cultiver un espace d&#8217;apprentissage et de confiance.<\/p>\n\n\n\n<h2 class=\"wp-block-heading\">Champ d&#8217;application (types de contenus couverts)<\/h2>\n\n\n\n<p>Cette politique couvre une vari\u00e9t\u00e9 de formes de contenu, notamment des cours, des articles, des tutoriels, des webinaires, des podcasts et d&#8217;autres mat\u00e9riels \u00e9ducatifs publi\u00e9s par l&#8217;Acad\u00e9mie eToro, en s&#8217;assurant que chaque \u00e9l\u00e9ment s&#8217;aligne sur nos normes d&#8217;excellence \u00e9tablies.<\/p>\n\n\n\n<figure class=\"wp-block-image size-full\"><img loading=\"lazy\" decoding=\"async\" width=\"756\" height=\"400\" src=\"https:\/\/www.etoro.com\/wp-content\/uploads\/2024\/09\/Academy-Editorial-Policy_Style-Illustration.png\" alt=\"\" class=\"wp-image-934572 wp-image-desktop\" srcset=\"https:\/\/www.etoro.com\/wp-content\/uploads\/2024\/09\/Academy-Editorial-Policy_Style-Illustration.png 756w, https:\/\/www.etoro.com\/wp-content\/uploads\/2024\/09\/Academy-Editorial-Policy_Style-Illustration-300x159.png 300w\" sizes=\"(max-width: 756px) 100vw, 756px\" \/><\/figure>\n\n\n\n<h2 class=\"wp-block-heading\">Normes de contenu<\/h2>\n\n\n\n<h3 class=\"wp-block-heading\">Pr\u00e9cision et fiabilit\u00e9<\/h3>\n\n\n\n<p>Nous sommes engag\u00e9s \u00e0 fournir un contenu qui est factuellement exact et v\u00e9rifiable. Nous avons mis en place des processus rigoureux de v\u00e9rification des faits pour contr\u00f4ler l&#8217;information avant sa publication, garantissant ainsi la fiabilit\u00e9 de notre contenu.<\/p>\n\n\n\n<h3 class=\"wp-block-heading\">Sources et citations<\/h3>\n\n\n\n<p>La transparence des sources d&#8217;information est essentielle \u00e0 notre int\u00e9grit\u00e9 \u00e9ditoriale. Tous les contenus comportent des citations et des remerciements appropri\u00e9s aux sources originales, ce qui permet au lecteur de les explorer et de les v\u00e9rifier.<\/p>\n\n\n\n<h3 class=\"wp-block-heading\">Objectivit\u00e9 et impartialit\u00e9<\/h3>\n\n\n\n<p>Notre contenu a pour but de fournir des informations \u00e9quilibr\u00e9es et impartiales, exemptes d&#8217;influences ext\u00e9rieures ou de pr\u00e9jug\u00e9s personnels, garantissant ainsi \u00e0 nos lecteurs des informations objectives qui les aideront \u00e0 prendre leurs propres d\u00e9cisions.<\/p>\n\n\n\n<h3 class=\"wp-block-heading\">\u00c9thique<\/h3>\n\n\n\n<p>Nous suivons les normes \u00e9thiques les plus strictes, en nous assurant que notre contenu ne porte pas atteinte \u00e0 la vie priv\u00e9e, aux droits d&#8217;auteur ou \u00e0 toute autre norme juridique. Les consid\u00e9rations \u00e9thiques d\u00e9terminent \u00e9galement nos interactions avec les fournisseurs de contenu et les sources tierces.<\/p>\n\n\n\n<h3 class=\"wp-block-heading\">Contenu de tiers<\/h3>\n\n\n\n<p>Le contenu cr\u00e9\u00e9 par des fournisseurs tiers est clairement \u00e9tiquet\u00e9 avec sa source et soigneusement examin\u00e9 par eToro afin de garantir qu&#8217;il est conforme \u00e0 nos politiques et normes.<\/p>\n\n\n\n<h2 class=\"wp-block-heading\">Style r\u00e9dactionnel et lignes directrices<\/h2>\n\n\n\n<h3 class=\"wp-block-heading\">Clart\u00e9 et lisibilit\u00e9<\/h3>\n\n\n\n<p>La lisibilit\u00e9 de notre contenu est primordiale. Nous recherchons la clart\u00e9 et la simplicit\u00e9 dans nos \u00e9crits afin de nous assurer que notre contenu \u00e9ducatif est accessible \u00e0 un large public, quel que soit son niveau.<\/p>\n\n\n\n<h3 class=\"wp-block-heading\">Ton de l&#8217;Acad\u00e9mie eToro<\/h3>\n\n\n\n<p>Notre ton est professionnel, mais n\u00e9anmoins accessible, refl\u00e9tant les valeurs d&#8217;eToro. Il est essentiel que notre contenu s&#8217;adresse directement \u00e0 notre public, en l&#8217;engageant d&#8217;une mani\u00e8re significative et respectueuse.<\/p>\n\n\n\n<h3 class=\"wp-block-heading is-style-default\">Engagement pour l&#8217;accessibilit\u00e9 et l&#8217;inclusion<\/h3>\n\n\n\n<p>Nous nous effor\u00e7ons de proposer un contenu accessible et inclusif, en valorisant la diversit\u00e9 des points de vue et en veillant \u00e0 ce que tout le monde puisse participer \u00e0 nos activit\u00e9s par le biais de supports audio, vid\u00e9o et textuels, \u00e0 tout moment et en tout lieu.<\/p>\n\n\n\n<h3 class=\"wp-block-heading\">Conflits d&#8217;int\u00e9r\u00eats<\/h3>\n\n\n\n<p>La transparence sur les conflits d&#8217;int\u00e9r\u00eats potentiels est essentielle pour maintenir la confiance de nos lecteurs. Tout conflit de ce type sera clairement divulgu\u00e9 afin de pr\u00e9server l&#8217;int\u00e9grit\u00e9 de notre contenu.<\/p>\n\n\n\n<h2 class=\"wp-block-heading\">Rencontrez notre \u00e9quipe \u00e9ditoriale<\/h2>\n\n\n\n<p>L&#8217;\u00e9quipe de l&#8217;Acad\u00e9mie eToro est compos\u00e9e de r\u00e9dacteurs exp\u00e9riment\u00e9s et d&#8217;experts en la mati\u00e8re, qui sont \u00e0 l&#8217;origine du contenu instructif et perspicace. Nos membres apportent un ensemble unique de comp\u00e9tences et une passion pour l&#8217;\u00e9ducation, assurant que notre contenu n&#8217;est pas seulement pr\u00e9cis, mais aussi attrayant.<\/p>\n\n\n\n<p>Leur expertise englobe la finance, la technologie et la p\u00e9dagogie, ce qui refl\u00e8te notre engagement en faveur de la qualit\u00e9 et de la diversit\u00e9 de notre mat\u00e9riel p\u00e9dagogique. Si vous souhaitez conna\u00eetre de plus pr\u00e8s les personnes qui con\u00e7oivent votre exp\u00e9rience d&#8217;apprentissage, consultez notre aper\u00e7u d\u00e9taill\u00e9 de l&#8217;\u00e9quipe.<\/p>\n\n\n\n<figure class=\"wp-block-image size-full\"><img loading=\"lazy\" decoding=\"async\" width=\"756\" height=\"308\" src=\"https:\/\/www.etoro.com\/wp-content\/uploads\/2026\/01\/image-1.png\" alt=\"\" class=\"wp-image-1209083 wp-image-desktop\" srcset=\"https:\/\/www.etoro.com\/wp-content\/uploads\/2026\/01\/image-1.png 756w, https:\/\/www.etoro.com\/wp-content\/uploads\/2026\/01\/image-1-300x122.png 300w\" sizes=\"(max-width: 756px) 100vw, 756px\" \/><\/figure>\n\n\n\n<h2 class=\"wp-block-heading\">Mises \u00e0 jour et r\u00e9visions<\/h2>\n\n\n\n<p>Afin de garantir la pertinence et l&#8217;exactitude de notre contenu, nous avons mis en place un processus structur\u00e9 de mises \u00e0 jour et de r\u00e9visions. Cela signifie que nos supports p\u00e9dagogiques restent d&#8217;actualit\u00e9 et refl\u00e8tent les normes et pratiques les plus r\u00e9centes de l&#8217;industrie.<\/p>\n\n\n\n<p>In conclusion, this editorial policy is designed to ensure that the content produced and shared through the eToro Academy adheres to the highest standards of quality, integrity, and transparency. Through the implementation of these guidelines, we aim to foster a trustworthy and informative learning environment for our community.<\/p>\n\n\n\n<h2 class=\"wp-block-heading\">Avertissement sur les garanties et la responsabilit\u00e9<\/h2>\n\n\n\n<p>Tous les commentaires, opinions et analyses exprim\u00e9s dans le contenu d\u2019eToro sont fournis uniquement \u00e0 titre informatif et ne doivent pas \u00eatre consid\u00e9r\u00e9s comme des conseils en investissement. <\/p>\n\n\n\n<p>eToro ne recommande aucun actif particulier ni aucune strat\u00e9gie d&#8217;investissement sp\u00e9cifique. Les points de vue et les strat\u00e9gies d\u00e9crits dans notre contenu peuvent ne pas convenir \u00e0 tous les investisseurs. \u00c9tant donn\u00e9 que les conditions de march\u00e9 et \u00e9conomiques peuvent changer rapidement, tous les commentaires, opinions et analyses inclus dans notre contenu sont valables \u00e0 la date de publication et peuvent \u00eatre modifi\u00e9s sans pr\u00e9avis. <\/p>\n\n\n\n<p>Bien que nous fassions de notre mieux pour fournir des informations fiables, nous n&#8217;en garantissons pas l&#8217;exactitude. Ce mat\u00e9riel n&#8217;est pas destin\u00e9 \u00e0 fournir une analyse compl\u00e8te de tous les faits pertinents concernant un pays, une r\u00e9gion, un march\u00e9, une industrie, un investissement ou une strat\u00e9gie.<\/p>\n<\/div><\/section>\n","protected":false},"excerpt":{"rendered":"<p>Introduction L\u2019objectif de cette politique \u00e9ditoriale est de d\u00e9finir les principes directeurs qui sous-tendent la cr\u00e9ation et la diffusion de contenu au sein de l&#8217;Acad\u00e9mie eToro. Elle vise \u00e0 servir de mod\u00e8le pour maintenir l&#8217;int\u00e9grit\u00e9, la fiabilit\u00e9 et la qualit\u00e9 globale des informations fournies \u00e0 nos utilisateurs. Mission de la politique \u00e9ditoriale Nous sommes conscients&hellip;<\/p>\n","protected":false},"author":127,"featured_media":1129236,"parent":944080,"menu_order":0,"comment_status":"closed","ping_status":"closed","template":"","meta":{"_acf_changed":true,"inline_featured_image":false,"sticky_cta_settings":"","footnotes":""},"asset_type":[],"class_list":["post-942503","page","type-page","status-publish","has-post-thumbnail","hentry"],"acf":[],"yoast_head":"<title>Politique \u00e9ditoriale de l&#039;Acad\u00e9mie eToro<\/title>\n<meta name=\"description\" content=\"Les ressources de formation en investissement d&#039;eToro r\u00e9pondent aux normes les plus strictes. Ces principes directeurs contribuent \u00e0 cr\u00e9er un environnement d&#039;apprentissage digne de confiance pour notre communaut\u00e9.\" \/>\n<meta name=\"robots\" content=\"index, follow, max-snippet:-1, max-image-preview:large, max-video-preview:-1\" \/>\n<link rel=\"canonical\" href=\"https:\/\/www.etoro.com\/fr\/wp-json\/wp\/v2\/pages\/942503\" \/>\n<meta property=\"og:locale\" content=\"fr_FR\" \/>\n<meta property=\"og:type\" content=\"article\" \/>\n<meta property=\"og:title\" content=\"Politique \u00e9ditoriale de l&#039;Acad\u00e9mie eToro\" \/>\n<meta property=\"og:description\" content=\"Les ressources de formation en investissement d&#039;eToro r\u00e9pondent aux normes les plus strictes. Ces principes directeurs contribuent \u00e0 cr\u00e9er un environnement d&#039;apprentissage digne de confiance pour notre communaut\u00e9.\" \/>\n<meta property=\"og:url\" content=\"https:\/\/www.etoro.com\/fr\/wp-json\/wp\/v2\/pages\/942503\" \/>\n<meta property=\"og:site_name\" content=\"eToro\" \/>\n<meta property=\"article:publisher\" content=\"https:\/\/www.facebook.com\/eToro\/\" \/>\n<meta property=\"article:modified_time\" content=\"2026-01-19T08:33:12+00:00\" \/>\n<meta property=\"og:image\" content=\"https:\/\/www.etoro.com\/wp-content\/uploads\/2025\/09\/FR-Editorial-576x385-1.png\" \/>\n\t<meta property=\"og:image:width\" content=\"576\" \/>\n\t<meta property=\"og:image:height\" content=\"385\" \/>\n\t<meta property=\"og:image:type\" content=\"image\/png\" \/>\n<meta name=\"twitter:card\" content=\"summary_large_image\" \/>\n<meta name=\"twitter:site\" content=\"@eToro\" \/>\n<meta name=\"twitter:label1\" content=\"Est. reading time\" \/>\n\t<meta name=\"twitter:data1\" content=\"5 minutes\" \/>\n<script type=\"application\/ld+json\" class=\"yoast-schema-graph\">{\"@context\":\"https:\/\/schema.org\",\"@graph\":[{\"@type\":\"WebPage\",\"@id\":\"https:\/\/www.etoro.com\/fr\/editorial\/policy\/\",\"url\":\"https:\/\/www.etoro.com\/fr\/editorial\/policy\/\",\"name\":\"Politique \u00e9ditoriale de l'Acad\u00e9mie eToro\",\"isPartOf\":{\"@id\":\"https:\/\/www.etoro.com\/fr\/#website\"},\"primaryImageOfPage\":{\"@id\":\"https:\/\/www.etoro.com\/fr\/editorial\/policy\/#primaryimage\"},\"image\":{\"@id\":\"https:\/\/www.etoro.com\/fr\/editorial\/policy\/#primaryimage\"},\"thumbnailUrl\":\"https:\/\/www.etoro.com\/wp-content\/uploads\/2025\/09\/FR-Editorial-576x385-1.png\",\"datePublished\":\"2024-10-02T13:52:47+00:00\",\"dateModified\":\"2026-01-19T08:33:12+00:00\",\"description\":\"Les ressources de formation en investissement d'eToro r\u00e9pondent aux normes les plus strictes. Ces principes directeurs contribuent \u00e0 cr\u00e9er un environnement d'apprentissage digne de confiance pour notre communaut\u00e9.\",\"breadcrumb\":{\"@id\":\"https:\/\/www.etoro.com\/fr\/editorial\/policy\/#breadcrumb\"},\"inLanguage\":\"fr\",\"potentialAction\":[{\"@type\":\"ReadAction\",\"target\":[\"https:\/\/www.etoro.com\/fr\/editorial\/policy\/\"]}]},{\"@type\":\"ImageObject\",\"inLanguage\":\"fr\",\"@id\":\"https:\/\/www.etoro.com\/fr\/editorial\/policy\/#primaryimage\",\"url\":\"https:\/\/www.etoro.com\/wp-content\/uploads\/2025\/09\/FR-Editorial-576x385-1.png\",\"contentUrl\":\"https:\/\/www.etoro.com\/wp-content\/uploads\/2025\/09\/FR-Editorial-576x385-1.png\",\"width\":576,\"height\":385},{\"@type\":\"BreadcrumbList\",\"@id\":\"https:\/\/www.etoro.com\/fr\/editorial\/policy\/#breadcrumb\",\"itemListElement\":[{\"@type\":\"ListItem\",\"position\":1,\"name\":\"Accueil\",\"item\":\"https:\/\/www.etoro.com\/fr\/\"},{\"@type\":\"ListItem\",\"position\":2,\"name\":\"Ressources \u00e9ditoriales cl\u00e9s\",\"item\":\"https:\/\/www.etoro.com\/fr\/editorial\/\"},{\"@type\":\"ListItem\",\"position\":3,\"name\":\"Academy Editorial Policies\"}]},{\"@type\":\"WebSite\",\"@id\":\"https:\/\/www.etoro.com\/fr\/#website\",\"url\":\"https:\/\/www.etoro.com\/fr\/\",\"name\":\"eToro\",\"description\":\"\",\"publisher\":{\"@id\":\"https:\/\/www.etoro.com\/fr\/#organization\"},\"potentialAction\":[{\"@type\":\"SearchAction\",\"target\":{\"@type\":\"EntryPoint\",\"urlTemplate\":\"https:\/\/www.etoro.com\/fr\/?s={search_term_string}\"},\"query-input\":{\"@type\":\"PropertyValueSpecification\",\"valueRequired\":true,\"valueName\":\"search_term_string\"}}],\"inLanguage\":\"fr\"},[]]}<\/script>","yoast_head_json":{"title":"Politique \u00e9ditoriale de l'Acad\u00e9mie eToro","description":"Les ressources de formation en investissement d'eToro r\u00e9pondent aux normes les plus strictes. Ces principes directeurs contribuent \u00e0 cr\u00e9er un environnement d'apprentissage digne de confiance pour notre communaut\u00e9.","robots":{"index":"index","follow":"follow","max-snippet":"max-snippet:-1","max-image-preview":"max-image-preview:large","max-video-preview":"max-video-preview:-1"},"canonical":"https:\/\/www.etoro.com\/fr\/wp-json\/wp\/v2\/pages\/942503","og_locale":"fr_FR","og_type":"article","og_title":"Politique \u00e9ditoriale de l'Acad\u00e9mie eToro","og_description":"Les ressources de formation en investissement d'eToro r\u00e9pondent aux normes les plus strictes. Ces principes directeurs contribuent \u00e0 cr\u00e9er un environnement d'apprentissage digne de confiance pour notre communaut\u00e9.","og_url":"https:\/\/www.etoro.com\/fr\/wp-json\/wp\/v2\/pages\/942503","og_site_name":"eToro","article_publisher":"https:\/\/www.facebook.com\/eToro\/","article_modified_time":"2026-01-19T08:33:12+00:00","og_image":[{"width":576,"height":385,"url":"https:\/\/www.etoro.com\/wp-content\/uploads\/2025\/09\/FR-Editorial-576x385-1.png","type":"image\/png"}],"twitter_card":"summary_large_image","twitter_site":"@eToro","twitter_misc":{"Est. reading time":"5 minutes"},"schema":{"@context":"https:\/\/schema.org","@graph":[{"@type":"WebPage","@id":"https:\/\/www.etoro.com\/fr\/editorial\/policy\/","url":"https:\/\/www.etoro.com\/fr\/editorial\/policy\/","name":"Politique \u00e9ditoriale de l'Acad\u00e9mie eToro","isPartOf":{"@id":"https:\/\/www.etoro.com\/fr\/#website"},"primaryImageOfPage":{"@id":"https:\/\/www.etoro.com\/fr\/editorial\/policy\/#primaryimage"},"image":{"@id":"https:\/\/www.etoro.com\/fr\/editorial\/policy\/#primaryimage"},"thumbnailUrl":"https:\/\/www.etoro.com\/wp-content\/uploads\/2025\/09\/FR-Editorial-576x385-1.png","datePublished":"2024-10-02T13:52:47+00:00","dateModified":"2026-01-19T08:33:12+00:00","description":"Les ressources de formation en investissement d'eToro r\u00e9pondent aux normes les plus strictes. Ces principes directeurs contribuent \u00e0 cr\u00e9er un environnement d'apprentissage digne de confiance pour notre communaut\u00e9.","breadcrumb":{"@id":"https:\/\/www.etoro.com\/fr\/editorial\/policy\/#breadcrumb"},"inLanguage":"fr","potentialAction":[{"@type":"ReadAction","target":["https:\/\/www.etoro.com\/fr\/editorial\/policy\/"]}]},{"@type":"ImageObject","inLanguage":"fr","@id":"https:\/\/www.etoro.com\/fr\/editorial\/policy\/#primaryimage","url":"https:\/\/www.etoro.com\/wp-content\/uploads\/2025\/09\/FR-Editorial-576x385-1.png","contentUrl":"https:\/\/www.etoro.com\/wp-content\/uploads\/2025\/09\/FR-Editorial-576x385-1.png","width":576,"height":385},{"@type":"BreadcrumbList","@id":"https:\/\/www.etoro.com\/fr\/editorial\/policy\/#breadcrumb","itemListElement":[{"@type":"ListItem","position":1,"name":"Accueil","item":"https:\/\/www.etoro.com\/fr\/"},{"@type":"ListItem","position":2,"name":"Ressources \u00e9ditoriales cl\u00e9s","item":"https:\/\/www.etoro.com\/fr\/editorial\/"},{"@type":"ListItem","position":3,"name":"Academy Editorial Policies"}]},{"@type":"WebSite","@id":"https:\/\/www.etoro.com\/fr\/#website","url":"https:\/\/www.etoro.com\/fr\/","name":"eToro","description":"","publisher":{"@id":"https:\/\/www.etoro.com\/fr\/#organization"},"potentialAction":[{"@type":"SearchAction","target":{"@type":"EntryPoint","urlTemplate":"https:\/\/www.etoro.com\/fr\/?s={search_term_string}"},"query-input":{"@type":"PropertyValueSpecification","valueRequired":true,"valueName":"search_term_string"}}],"inLanguage":"fr"},[]]}},"_links":{"self":[{"href":"https:\/\/www.etoro.com\/fr\/wp-json\/wp\/v2\/pages\/942503"}],"collection":[{"href":"https:\/\/www.etoro.com\/fr\/wp-json\/wp\/v2\/pages"}],"about":[{"href":"https:\/\/www.etoro.com\/fr\/wp-json\/wp\/v2\/types\/page"}],"author":[{"embeddable":true,"href":"https:\/\/www.etoro.com\/fr\/wp-json\/wp\/v2\/users\/127"}],"replies":[{"embeddable":true,"href":"https:\/\/www.etoro.com\/fr\/wp-json\/wp\/v2\/comments?post=942503"}],"version-history":[{"count":0,"href":"https:\/\/www.etoro.com\/fr\/wp-json\/wp\/v2\/pages\/942503\/revisions"}],"up":[{"embeddable":true,"href":"https:\/\/www.etoro.com\/fr\/wp-json\/wp\/v2\/pages\/944080"}],"wp:featuredmedia":[{"embeddable":true,"href":"https:\/\/www.etoro.com\/fr\/wp-json\/wp\/v2\/media\/1129236"}],"wp:attachment":[{"href":"https:\/\/www.etoro.com\/fr\/wp-json\/wp\/v2\/media?parent=942503"}],"wp:term":[{"taxonomy":"asset_type","embeddable":true,"href":"https:\/\/www.etoro.com\/fr\/wp-json\/wp\/v2\/asset_type?post=942503"}],"curies":[{"name":"wp","href":"https:\/\/api.w.org\/{rel}","templated":true}]}}