{"id":944080,"date":"2024-09-24T14:44:06","date_gmt":"2024-09-24T11:44:06","guid":{"rendered":"https:\/\/www.etoro.com\/editorial\/"},"modified":"2025-09-12T12:06:40","modified_gmt":"2025-09-12T09:06:40","slug":"editorial","status":"publish","type":"page","link":"https:\/\/www.etoro.com\/fr\/editorial\/","title":{"rendered":"Ressources \u00e9ditoriales cl\u00e9s"},"content":{"rendered":"\n<div class=\"wp-block-etoro-hero has-dark-blue-background-color wp-block-etoro-hero-height-480\"><div class=\"wp-block-etoro-hero-image\"><img decoding=\"async\" src=\"https:\/\/www.etoro.com\/wp-content\/uploads\/2025\/08\/Frame-6-2.png\" alt=\"\" class=\"wp-block-etoro-hero-thumbnail\"\/><\/div><div class=\"wp-block-etoro-hero-body\">\n<h2 class=\"wp-block-heading is-style-banner-title\">Ressources <strong>\u00e9ditoriales cl\u00e9s<\/strong><\/h2>\n<\/div><\/div>\n\n\n\n<section class=\"wp-block-group wp-block-group-boxed has-white-background-color has-background\"><div class=\"wp-block-group-inner is-layout-flow wp-block-group-is-layout-flow\">\n<div class=\"wp-block-columns are-vertically-aligned-top wp-block-columns-1 is-layout-flex wp-container-core-columns-is-layout-1 wp-block-columns-is-layout-flex\">\n<div class=\"wp-block-column is-layout-flow wp-block-column-is-layout-flow\">\n<p>Le Centre \u00c9ditorial d&#8217;eToro rassemble l&#8217;ensemble de notre contenu et de nos directives \u00e9ditoriales en un seul endroit. Que vous soyez curieux de conna\u00eetre notre politique \u00e9ditoriale, que vous souhaitiez explorer nos ressources p\u00e9dagogiques, rencontrer notre Conseil de R\u00e9vision Financi\u00e8re ou vous plonger dans nos podcasts, ce centre vous relie \u00e0 tout cela. Chaque section comprend des liens vers les pages pertinentes, ce qui facilite la recherche de ce dont vous avez besoin.<\/p>\n<\/div>\n<\/div>\n<\/div><\/section>\n\n\n\n<section class=\"wp-block-group wp-block-group-boxed\"><div class=\"wp-block-group-inner is-layout-flow wp-block-group-is-layout-flow\">\n<p class=\"is-style-heading-2\">Ressources \u00e9ditoriales<\/p>\n\n\n\n<div class=\"wp-block-columns are-vertically-aligned-top wp-block-columns-1 is-layout-flex wp-container-core-columns-is-layout-2 wp-block-columns-is-layout-flex\">\n<div class=\"wp-block-column is-layout-flow wp-block-column-is-layout-flow\">\n<div id=\"swiper1323431514\" class=\"wp-block-etoro-cards wp-block-etoro-cards-column-on-mobile wp-block-etoro-card-grid-columns-2\"><div class=\"swiper-wrapper\">\n<div class=\"wp-block-etoro-card wp-block-etoro-card-has-button wp-block-etoro-card-half-image\"><img decoding=\"async\" src=\"https:\/\/www.etoro.com\/wp-content\/uploads\/2025\/08\/Frame-52960-1.png\" alt=\"Politique \u00e9ditoriale\" class=\"wp-block-etoro-card-thumbnail wp-block-etoro-card-thumbnail-mobile\"\/><div class=\"wp-block-etoro-card-thumbnail\" style=\"background-image:url(https:\/\/www.etoro.com\/wp-content\/uploads\/2025\/08\/Frame-427319707-1.png);\"><\/div><div class=\"wp-block-etoro-card-body\"><div class=\"wp-block-etoro-card-title\">Politique \u00e9ditoriale<\/div><div class=\"wp-block-etoro-card-content\">\n<p>Principes et directives visant \u00e0 garantir que notre contenu est pr\u00e9cis, impartial et fiable.<\/p>\n<\/div><div class=\"wp-block-etoro-card-button\"><a href=\"https:\/\/www.etoro.com\/fr\/editorial\/policy\/\" class=\"e-cta\">Politique \u00e9ditoriale<\/a><\/div><\/div><\/div>\n\n\n\n<div class=\"wp-block-etoro-card wp-block-etoro-card-has-button wp-block-etoro-card-half-image\"><img decoding=\"async\" src=\"https:\/\/www.etoro.com\/wp-content\/uploads\/2025\/08\/Frame-529642.png\" alt=\"Conseil de R\u00e9vision Financi\u00e8re\" class=\"wp-block-etoro-card-thumbnail wp-block-etoro-card-thumbnail-mobile\"\/><div class=\"wp-block-etoro-card-thumbnail\" style=\"background-image:url(https:\/\/www.etoro.com\/wp-content\/uploads\/2025\/08\/Frame-52962.png);\"><\/div><div class=\"wp-block-etoro-card-body\"><div class=\"wp-block-etoro-card-title\">Conseil de R\u00e9vision Financi\u00e8re<\/div><div class=\"wp-block-etoro-card-content\">\n<p>Rencontrez notre Conseil de R\u00e9vision Financi\u00e8re, un groupe d&#8217;experts tri\u00e9s sur le volet responsables de l&#8217;\u00e9tablissement des normes relatives \u00e0 notre contenu financier.<\/p>\n<\/div><div class=\"wp-block-etoro-card-button\"><a href=\"https:\/\/www.etoro.com\/fr\/editorial\/financial-review-board\/\" class=\"e-cta\">Conseil de R\u00e9vision Financi\u00e8re<\/a><\/div><\/div><\/div>\n\n\n\n<div class=\"wp-block-etoro-card wp-block-etoro-card-has-button wp-block-etoro-card-half-image\"><img decoding=\"async\" src=\"https:\/\/www.etoro.com\/wp-content\/uploads\/2025\/08\/Frame-529643.png\" alt=\"Analystes\" class=\"wp-block-etoro-card-thumbnail wp-block-etoro-card-thumbnail-mobile\"\/><div class=\"wp-block-etoro-card-thumbnail\" style=\"background-image:url(https:\/\/www.etoro.com\/wp-content\/uploads\/2025\/08\/Frame-427319712-2.png);\"><\/div><div class=\"wp-block-etoro-card-body\"><div class=\"wp-block-etoro-card-title\">Analystes<\/div><div class=\"wp-block-etoro-card-content\">\n<p>Rencontrez nos analystes, experts dans leurs domaines financiers respectifs, qui fournissent des informations et des analyses.<\/p>\n<\/div><div class=\"wp-block-etoro-card-button\"><a href=\"https:\/\/www.etoro.com\/fr\/editorial\/analysts\/\" class=\"e-cta\">Nos analystes<\/a><\/div><\/div><\/div>\n\n\n\n<div class=\"wp-block-etoro-card wp-block-etoro-card-has-button wp-block-etoro-card-half-image\"><img decoding=\"async\" src=\"https:\/\/www.etoro.com\/wp-content\/uploads\/2025\/08\/Frame-529624.png\" alt=\"Contributeurs\" class=\"wp-block-etoro-card-thumbnail wp-block-etoro-card-thumbnail-mobile\"\/><div class=\"wp-block-etoro-card-thumbnail\" style=\"background-image:url(https:\/\/www.etoro.com\/wp-content\/uploads\/2025\/08\/Frame-427319713-2.png);\"><\/div><div class=\"wp-block-etoro-card-body\"><div class=\"wp-block-etoro-card-title\">Contributeurs<\/div><div class=\"wp-block-etoro-card-content\">\n<p>Apprenez-en davantage sur nos contributeurs, des traders et investisseurs exp\u00e9riment\u00e9s qui partagent leur exp\u00e9rience du monde r\u00e9el.<\/p>\n<\/div><div class=\"wp-block-etoro-card-button\"><a href=\"https:\/\/www.etoro.com\/fr\/editorial\/contributors\/\" class=\"e-cta\">Nos contributeurs<\/a><\/div><\/div><\/div>\n<\/div><\/div>\n<\/div>\n<\/div>\n<\/div><\/section>\n\n\n\n<section class=\"wp-block-group wp-block-group-boxed has-white-background-color has-background\"><div class=\"wp-block-group-inner is-layout-flow wp-block-group-is-layout-flow\">\n<div class=\"wp-block-columns are-vertically-aligned-top wp-block-columns-1 is-layout-flex wp-container-core-columns-is-layout-3 wp-block-columns-is-layout-flex\">\n<div class=\"wp-block-column is-layout-flow wp-block-column-is-layout-flow\">\n<h2 class=\"wp-block-heading\">Ressources p\u00e9dagogiques<\/h2>\n\n\n\n<div class=\"wp-block-etoro-resource-item\"><img decoding=\"async\" src=\"https:\/\/www.etoro.com\/wp-content\/uploads\/2025\/09\/FR-eToro-Academy-1920x400-1.png\" alt=\"<strong&gt;Acad\u00e9mie eToro<\/strong&gt; desktop image\" class=\"wp-block-etoro-resource-item-desktop-image\"\/><div class=\"wp-block-etoro-resource-item-content\"><img decoding=\"async\" src=\"https:\/\/www.etoro.com\/wp-content\/uploads\/2025\/08\/Background.svg\" alt=\"<strong&gt;Acad\u00e9mie eToro<\/strong&gt; icon\" class=\"wp-block-etoro-resource-item-icon\"\/><div class=\"wp-block-etoro-resource-item-text-button-wrapper\"><div class=\"wp-block-etoro-resource-item-text-wrapper\"><h2 class=\"wp-block-etoro-resource-item-title\"><strong>Acad\u00e9mie eToro<\/strong><\/h2><p class=\"wp-block-etoro-resource-item-description\">Cours et supports pour vous aider \u00e0 ma\u00eetriser les march\u00e9s.<\/p><\/div>\n<a class=\"e-cta e-cta-alternative\" href=\"https:\/\/www.etoro.com\/fr\/academy\/\">Acad\u00e9mie eToro<\/a>\n<\/div><\/div><\/div>\n\n\n\n<div class=\"wp-block-etoro-resource-item\"><img decoding=\"async\" src=\"https:\/\/www.etoro.com\/wp-content\/uploads\/2025\/09\/FR-Digest-and-Invest-1920x400-1.png\" alt=\"<strong&gt;Digest &amp; Invest<\/strong&gt; desktop image\" class=\"wp-block-etoro-resource-item-desktop-image\"\/><div class=\"wp-block-etoro-resource-item-content\"><img decoding=\"async\" src=\"https:\/\/www.etoro.com\/wp-content\/uploads\/2025\/08\/Background-1.svg\" alt=\"<strong&gt;Digest &amp; Invest<\/strong&gt; icon\" class=\"wp-block-etoro-resource-item-icon\"\/><div class=\"wp-block-etoro-resource-item-text-button-wrapper\"><div class=\"wp-block-etoro-resource-item-text-wrapper\"><h2 class=\"wp-block-etoro-resource-item-title\"><strong>Digest &amp; Invest<\/strong><\/h2><p class=\"wp-block-etoro-resource-item-description\">Des podcasts pour vous aider \u00e0 am\u00e9liorer vos connaissances financi\u00e8res.<\/p><\/div>\n<a class=\"e-cta e-cta-alternative\" href=\"https:\/\/www.etoro.com\/fr\/digest-and-invest\/\">Digest &amp; Invest<\/a>\n<\/div><\/div><\/div>\n\n\n\n<div class=\"wp-block-etoro-resource-item\"><img decoding=\"async\" src=\"https:\/\/www.etoro.com\/wp-content\/uploads\/2025\/09\/FR-Analyst-Weekly-1920x400-1.png\" alt=\"<strong&gt;Actualit\u00e9s et analyses<\/strong&gt; desktop image\" class=\"wp-block-etoro-resource-item-desktop-image\"\/><div class=\"wp-block-etoro-resource-item-content\"><img decoding=\"async\" src=\"https:\/\/www.etoro.com\/wp-content\/uploads\/2025\/08\/Background-2.svg\" alt=\"<strong&gt;Actualit\u00e9s et analyses<\/strong&gt; icon\" class=\"wp-block-etoro-resource-item-icon\"\/><div class=\"wp-block-etoro-resource-item-text-button-wrapper\"><div class=\"wp-block-etoro-resource-item-text-wrapper\"><h2 class=\"wp-block-etoro-resource-item-title\"><strong>Actualit\u00e9s et analyses<\/strong><\/h2><p class=\"wp-block-etoro-resource-item-description\">Les derni\u00e8res actualit\u00e9s et analyses du march\u00e9 fournies par notre \u00e9quipe d&#8217;analystes mondiaux.<\/p><\/div>\n<a class=\"e-cta e-cta-alternative\" href=\"https:\/\/www.etoro.com\/fr\/news-and-analysis\/\">Actualit\u00e9s et analyses<\/a>\n<\/div><\/div><\/div>\n<\/div>\n<\/div>\n<\/div><\/section>\n\n\n\n<section class=\"wp-block-group wp-block-group-boxed\"><div class=\"wp-block-group-inner is-layout-flow wp-block-group-is-layout-flow\">\n<div class=\"wp-block-columns are-vertically-aligned-top wp-block-columns-1 is-layout-flex wp-container-core-columns-is-layout-4 wp-block-columns-is-layout-flex\">\n<div class=\"wp-block-column is-layout-flow wp-block-column-is-layout-flow\">\n<h2 class=\"wp-block-heading has-text-align-center\"><strong>Pr\u00eat \u00e0 rejoindre eToro ?<\/strong><\/h2>\n\n\n\n<p class=\"has-text-align-center\">Si vous n\u2019avez pas encore ouvert votre compte eToro, vous pouvez vous inscrire facilement gr\u00e2ce \u00e0 notre <a href=\"https:\/\/www.youtube.com\/watch?v=3T6FYSdsWmM\" target=\"_blank\" rel=\"noreferrer noopener\">tutoriel<\/a> \u00e9tape par \u00e9tape.<\/p>\n\n\n\n<div class=\"wp-block-buttons is-content-justification-center is-layout-flex wp-container-core-buttons-is-layout-1 wp-block-buttons-is-layout-flex\">\n<a class=\"e-cta e-cta-primary\" href=\"https:\/\/www.etoro.com\/fr\/accounts\/sign-up\">Inscrivez-vous maintenant<\/a>\n<\/div>\n<\/div>\n<\/div>\n<\/div><\/section>\n","protected":false},"excerpt":{"rendered":"<p>Le Centre \u00c9ditorial d&#8217;eToro rassemble l&#8217;ensemble de notre contenu et de nos directives \u00e9ditoriales en un seul endroit. Que vous soyez curieux de conna\u00eetre notre politique \u00e9ditoriale, que vous souhaitiez explorer nos ressources p\u00e9dagogiques, rencontrer notre Conseil de R\u00e9vision Financi\u00e8re ou vous plonger dans nos podcasts, ce centre vous relie \u00e0 tout cela. Chaque section&hellip;<\/p>\n","protected":false},"author":39,"featured_media":0,"parent":0,"menu_order":0,"comment_status":"closed","ping_status":"closed","template":"","meta":{"_acf_changed":false,"inline_featured_image":false,"sticky_cta_settings":"","footnotes":""},"asset_type":[],"class_list":["post-944080","page","type-page","status-publish","hentry"],"acf":[],"yoast_head":"<title>Centre \u00e9ditorial eToro<\/title>\n<meta name=\"description\" content=\"Votre guide essentiel sur les r\u00e8gles et politiques \u00e9ditoriales d\u2019eToro, ainsi que le r\u00f4le du Comit\u00e9 de R\u00e9vision Financi\u00e8re, de nos analystes et contributeurs.\" \/>\n<meta name=\"robots\" content=\"index, follow, max-snippet:-1, max-image-preview:large, max-video-preview:-1\" \/>\n<link rel=\"canonical\" href=\"https:\/\/www.etoro.com\/fr\/wp-json\/wp\/v2\/pages\/944080\" \/>\n<meta property=\"og:locale\" content=\"fr_FR\" \/>\n<meta property=\"og:type\" content=\"article\" \/>\n<meta property=\"og:title\" content=\"Centre \u00e9ditorial eToro\" \/>\n<meta property=\"og:description\" content=\"Votre guide essentiel sur les r\u00e8gles et politiques \u00e9ditoriales d\u2019eToro, ainsi que le r\u00f4le du Comit\u00e9 de R\u00e9vision Financi\u00e8re, de nos analystes et contributeurs.\" \/>\n<meta property=\"og:url\" content=\"https:\/\/www.etoro.com\/fr\/wp-json\/wp\/v2\/pages\/944080\" \/>\n<meta property=\"og:site_name\" content=\"eToro\" \/>\n<meta property=\"article:publisher\" content=\"https:\/\/www.facebook.com\/eToro\/\" \/>\n<meta property=\"article:modified_time\" content=\"2025-09-12T09:06:40+00:00\" \/>\n<meta property=\"og:image\" content=\"https:\/\/www.etoro.com\/wp-content\/uploads\/2025\/08\/Frame-6-2.png\" \/>\n<meta name=\"twitter:card\" content=\"summary_large_image\" \/>\n<meta name=\"twitter:site\" content=\"@eToro\" \/>\n<meta name=\"twitter:label1\" content=\"Est. reading time\" \/>\n\t<meta name=\"twitter:data1\" content=\"1 minute\" \/>\n<script type=\"application\/ld+json\" class=\"yoast-schema-graph\">{\"@context\":\"https:\/\/schema.org\",\"@graph\":[{\"@type\":\"WebPage\",\"@id\":\"https:\/\/www.etoro.com\/fr\/editorial\/\",\"url\":\"https:\/\/www.etoro.com\/fr\/editorial\/\",\"name\":\"Centre \u00e9ditorial eToro\",\"isPartOf\":{\"@id\":\"https:\/\/www.etoro.com\/fr\/#website\"},\"primaryImageOfPage\":{\"@id\":\"https:\/\/www.etoro.com\/fr\/editorial\/#primaryimage\"},\"image\":{\"@id\":\"https:\/\/www.etoro.com\/fr\/editorial\/#primaryimage\"},\"thumbnailUrl\":\"https:\/\/www.etoro.com\/wp-content\/uploads\/2025\/08\/Frame-6-2.png\",\"datePublished\":\"2024-09-24T11:44:06+00:00\",\"dateModified\":\"2025-09-12T09:06:40+00:00\",\"description\":\"Votre guide essentiel sur les r\u00e8gles et politiques \u00e9ditoriales d\u2019eToro, ainsi que le r\u00f4le du Comit\u00e9 de R\u00e9vision Financi\u00e8re, de nos analystes et contributeurs.\",\"breadcrumb\":{\"@id\":\"https:\/\/www.etoro.com\/fr\/editorial\/#breadcrumb\"},\"inLanguage\":\"fr\",\"potentialAction\":[{\"@type\":\"ReadAction\",\"target\":[\"https:\/\/www.etoro.com\/fr\/editorial\/\"]}]},{\"@type\":\"ImageObject\",\"inLanguage\":\"fr\",\"@id\":\"https:\/\/www.etoro.com\/fr\/editorial\/#primaryimage\",\"url\":\"https:\/\/www.etoro.com\/wp-content\/uploads\/2025\/08\/Frame-6-2.png\",\"contentUrl\":\"https:\/\/www.etoro.com\/wp-content\/uploads\/2025\/08\/Frame-6-2.png\"},{\"@type\":\"BreadcrumbList\",\"@id\":\"https:\/\/www.etoro.com\/fr\/editorial\/#breadcrumb\",\"itemListElement\":[{\"@type\":\"ListItem\",\"position\":1,\"name\":\"Accueil\",\"item\":\"https:\/\/www.etoro.com\/fr\/\"},{\"@type\":\"ListItem\",\"position\":2,\"name\":\"Ressources \u00e9ditoriales cl\u00e9s\"}]},{\"@type\":\"WebSite\",\"@id\":\"https:\/\/www.etoro.com\/fr\/#website\",\"url\":\"https:\/\/www.etoro.com\/fr\/\",\"name\":\"eToro\",\"description\":\"\",\"publisher\":{\"@id\":\"https:\/\/www.etoro.com\/fr\/#organization\"},\"potentialAction\":[{\"@type\":\"SearchAction\",\"target\":{\"@type\":\"EntryPoint\",\"urlTemplate\":\"https:\/\/www.etoro.com\/fr\/?s={search_term_string}\"},\"query-input\":{\"@type\":\"PropertyValueSpecification\",\"valueRequired\":true,\"valueName\":\"search_term_string\"}}],\"inLanguage\":\"fr\"},[]]}<\/script>","yoast_head_json":{"title":"Centre \u00e9ditorial eToro","description":"Votre guide essentiel sur les r\u00e8gles et politiques \u00e9ditoriales d\u2019eToro, ainsi que le r\u00f4le du Comit\u00e9 de R\u00e9vision Financi\u00e8re, de nos analystes et contributeurs.","robots":{"index":"index","follow":"follow","max-snippet":"max-snippet:-1","max-image-preview":"max-image-preview:large","max-video-preview":"max-video-preview:-1"},"canonical":"https:\/\/www.etoro.com\/fr\/wp-json\/wp\/v2\/pages\/944080","og_locale":"fr_FR","og_type":"article","og_title":"Centre \u00e9ditorial eToro","og_description":"Votre guide essentiel sur les r\u00e8gles et politiques \u00e9ditoriales d\u2019eToro, ainsi que le r\u00f4le du Comit\u00e9 de R\u00e9vision Financi\u00e8re, de nos analystes et contributeurs.","og_url":"https:\/\/www.etoro.com\/fr\/wp-json\/wp\/v2\/pages\/944080","og_site_name":"eToro","article_publisher":"https:\/\/www.facebook.com\/eToro\/","article_modified_time":"2025-09-12T09:06:40+00:00","og_image":[{"url":"https:\/\/www.etoro.com\/wp-content\/uploads\/2025\/08\/Frame-6-2.png","type":"","width":"","height":""}],"twitter_card":"summary_large_image","twitter_site":"@eToro","twitter_misc":{"Est. reading time":"1 minute"},"schema":{"@context":"https:\/\/schema.org","@graph":[{"@type":"WebPage","@id":"https:\/\/www.etoro.com\/fr\/editorial\/","url":"https:\/\/www.etoro.com\/fr\/editorial\/","name":"Centre \u00e9ditorial eToro","isPartOf":{"@id":"https:\/\/www.etoro.com\/fr\/#website"},"primaryImageOfPage":{"@id":"https:\/\/www.etoro.com\/fr\/editorial\/#primaryimage"},"image":{"@id":"https:\/\/www.etoro.com\/fr\/editorial\/#primaryimage"},"thumbnailUrl":"https:\/\/www.etoro.com\/wp-content\/uploads\/2025\/08\/Frame-6-2.png","datePublished":"2024-09-24T11:44:06+00:00","dateModified":"2025-09-12T09:06:40+00:00","description":"Votre guide essentiel sur les r\u00e8gles et politiques \u00e9ditoriales d\u2019eToro, ainsi que le r\u00f4le du Comit\u00e9 de R\u00e9vision Financi\u00e8re, de nos analystes et contributeurs.","breadcrumb":{"@id":"https:\/\/www.etoro.com\/fr\/editorial\/#breadcrumb"},"inLanguage":"fr","potentialAction":[{"@type":"ReadAction","target":["https:\/\/www.etoro.com\/fr\/editorial\/"]}]},{"@type":"ImageObject","inLanguage":"fr","@id":"https:\/\/www.etoro.com\/fr\/editorial\/#primaryimage","url":"https:\/\/www.etoro.com\/wp-content\/uploads\/2025\/08\/Frame-6-2.png","contentUrl":"https:\/\/www.etoro.com\/wp-content\/uploads\/2025\/08\/Frame-6-2.png"},{"@type":"BreadcrumbList","@id":"https:\/\/www.etoro.com\/fr\/editorial\/#breadcrumb","itemListElement":[{"@type":"ListItem","position":1,"name":"Accueil","item":"https:\/\/www.etoro.com\/fr\/"},{"@type":"ListItem","position":2,"name":"Ressources \u00e9ditoriales cl\u00e9s"}]},{"@type":"WebSite","@id":"https:\/\/www.etoro.com\/fr\/#website","url":"https:\/\/www.etoro.com\/fr\/","name":"eToro","description":"","publisher":{"@id":"https:\/\/www.etoro.com\/fr\/#organization"},"potentialAction":[{"@type":"SearchAction","target":{"@type":"EntryPoint","urlTemplate":"https:\/\/www.etoro.com\/fr\/?s={search_term_string}"},"query-input":{"@type":"PropertyValueSpecification","valueRequired":true,"valueName":"search_term_string"}}],"inLanguage":"fr"},[]]}},"_links":{"self":[{"href":"https:\/\/www.etoro.com\/fr\/wp-json\/wp\/v2\/pages\/944080"}],"collection":[{"href":"https:\/\/www.etoro.com\/fr\/wp-json\/wp\/v2\/pages"}],"about":[{"href":"https:\/\/www.etoro.com\/fr\/wp-json\/wp\/v2\/types\/page"}],"author":[{"embeddable":true,"href":"https:\/\/www.etoro.com\/fr\/wp-json\/wp\/v2\/users\/39"}],"replies":[{"embeddable":true,"href":"https:\/\/www.etoro.com\/fr\/wp-json\/wp\/v2\/comments?post=944080"}],"version-history":[{"count":0,"href":"https:\/\/www.etoro.com\/fr\/wp-json\/wp\/v2\/pages\/944080\/revisions"}],"wp:attachment":[{"href":"https:\/\/www.etoro.com\/fr\/wp-json\/wp\/v2\/media?parent=944080"}],"wp:term":[{"taxonomy":"asset_type","embeddable":true,"href":"https:\/\/www.etoro.com\/fr\/wp-json\/wp\/v2\/asset_type?post=944080"}],"curies":[{"name":"wp","href":"https:\/\/api.w.org\/{rel}","templated":true}]}}