{"id":979246,"date":"2025-01-08T10:43:57","date_gmt":"2025-01-08T08:43:57","guid":{"rendered":"https:\/\/www.etoro.com\/?page_id=979246"},"modified":"2025-01-16T16:43:59","modified_gmt":"2025-01-16T14:43:59","slug":"2025-investment-guide-7-top-assets-to-consider","status":"publish","type":"page","link":"https:\/\/www.etoro.com\/fr\/investing\/2025-investment-guide-7-top-assets-to-consider\/","title":{"rendered":"Guide d&#8217;investissement 2025 : Les 7 actifs incontournables"},"content":{"rendered":"\n<p>2024 a \u00e9t\u00e9 marqu\u00e9e par des changements importants sur les march\u00e9s mondiaux. La r\u00e9\u00e9lection de Donald Trump a suscit\u00e9 de l&#8217;incertitude, en particulier sur le march\u00e9 boursier, car les investisseurs ont pris en compte les effets de la reprise des tensions commerciales et des changements g\u00e9opolitiques. <strong>Malgr\u00e9 la volatilit\u00e9 initiale, des secteurs tels que l&#8217;\u00e9nergie, la d\u00e9fense et l&#8217;industrie ont prosp\u00e9r\u00e9, b\u00e9n\u00e9ficiant des politiques&nbsp;pro-entreprises de Trump.<\/strong><\/p>\n\n\n\n<p>Les pr\u00e9occupations inflationnistes ont \u00e9galement pouss\u00e9 les banques centrales \u00e0 mettre en \u0153uvre des politiques agressives pour stabiliser les \u00e9conomies. En parall\u00e8le, <strong>les crypto men\u00e9es par le Bitcoin et l&#8217;Ethereum, ont connu une reprise<\/strong>, car les investisseurs institutionnels se sont tourn\u00e9s vers les actifs num\u00e9riques pour se prot\u00e9ger de l&#8217;inflation. \u00c0 l&#8217;horizon&nbsp;2025, la constitution d&#8217;un portefeuille bien diversifi\u00e9 et \u00e0 l&#8217;\u00e9preuve du temps est plus cruciale que jamais.Nous vous pr\u00e9sentons sept actifs de premier plan, disponibles sur <strong>eToro,<\/strong> qui vous aideront \u00e0 exploiter les opportunit\u00e9s du march\u00e9 et \u00e0 optimiser votre croissance en 2025.<\/p>\n\n\n\n<h2 class=\"wp-block-heading\">1. <a href=\"https:\/\/www.etoro.com\/markets\/btc\">Bitcoin (BTC)<\/a><\/h2>\n\n\n\n<p>Apr\u00e8s un rallye historique en 2024, le Bitcoin a consolid\u00e9 sa place en tant qu&#8217;\u00e9talon-or des actifs num\u00e9riques. Gr\u00e2ce \u00e0 son adoption croissante par les institutions et \u00e0 son offre limit\u00e9e, le BTC reste un choix de premier ordre pour les investisseurs \u00e0 long terme qui cherchent \u00e0 se pr\u00e9munir contre l&#8217;incertitude \u00e9conomique.<\/p>\n\n\n\n<div class=\"wp-block-buttons is-layout-flex wp-block-buttons-is-layout-flex\">\n<a class=\"e-cta e-cta-primary\" href=\"https:\/\/www.etoro.com\/markets\/btc\">Investir dans le Bitcoin<\/a>\n<\/div>\n\n\n\n<p><strong>L&#8217;investissement dans les crypto est propos\u00e9 par eToro (Europe) Ltd en tant que DASP, enregistr\u00e9 aupr\u00e8s de l&#8217;AMF. L\u2019investissement dans les cryptos est tr\u00e8s volatil. Aucune protection des consommateurs<\/strong><\/p>\n\n\n\n<h2 class=\"wp-block-heading\">2. <a href=\"https:\/\/www.etoro.com\/markets\/aapl\">Apple (APPL)<\/a><\/h2>\n\n\n\n<p>Apple continue d&#8217;innover dans les secteurs technologiques: de l&#8217;\u00e9lectronique grand public \u00e0 l&#8217;intelligence artificielle. Avec ses solides performances financi\u00e8res et son \u00e9cosyst\u00e8me de produits et de services en constante \u00e9volution, AAPL reste un pari solide pour une croissance durable \u00e0 long terme.<\/p>\n\n\n\n<div class=\"wp-block-buttons is-layout-flex wp-block-buttons-is-layout-flex\">\n<a class=\"e-cta e-cta-primary\" href=\"https:\/\/www.etoro.com\/markets\/aapl\">Investir dans Apple<\/a>\n<\/div>\n\n\n\n<p class=\"is-style-default\">Votre capital est \u00e0 risque.<\/p>\n\n\n\n<h2 class=\"wp-block-heading\">3. <a href=\"https:\/\/www.etoro.com\/markets\/icln\">ETF iShares Global Clean Energy (ICLN)<\/a><\/h2>\n\n\n\n<p>Alors que les efforts mondiaux de lutte contre le changement climatique prennent de l&#8217;ampleur, les entreprises du secteur de l&#8217;\u00e9nergie propre sont appel\u00e9es \u00e0 prosp\u00e9rer. L\u2019ETF iShares Global Clean Energy fournit une exposition aux entreprises de premier plan dans les secteurs du solaire, de l\u2019\u00e9olien et des \u00e9nergies renouvelables, ce qui en fait un investissement tourn\u00e9 vers l\u2019avenir.<\/p>\n\n\n\n<div class=\"wp-block-buttons is-layout-flex wp-block-buttons-is-layout-flex\">\n<a class=\"e-cta e-cta-primary\" href=\"https:\/\/www.etoro.com\/markets\/icln\">Investir dans iShares<\/a>\n<\/div>\n\n\n\n<p class=\"is-style-default\">Votre capital est \u00e0 risque.<\/p>\n\n\n\n<h2 class=\"wp-block-heading\">4. <a href=\"https:\/\/www.etoro.com\/markets\/eth\">Ethereum (ETH)<\/a><\/h2>\n\n\n\n<p>Le r\u00f4le d&#8217;Ethereum en tant qu&#8217;\u00e9pine dorsale de la finance d\u00e9centralis\u00e9e (DeFi) et des NFT continue de cro\u00eetre. Avec sa r\u00e9cente transition vers un mod\u00e8le de preuve d&#8217;enjeu et l&#8217;adoption croissante des contrats intelligents, l&#8217;ETH est bien positionn\u00e9 pour une autre ann\u00e9e forte en 2025.<\/p>\n\n\n\n<div class=\"wp-block-buttons is-layout-flex wp-block-buttons-is-layout-flex\">\n<a class=\"e-cta e-cta-primary\" href=\"https:\/\/www.etoro.com\/markets\/eth\">Investir dans Ethereum<\/a>\n<\/div>\n\n\n\n<p><strong>L&#8217;investissement dans les crypto est propos\u00e9 par eToro (Europe) Ltd en tant que DASP, enregistr\u00e9 aupr\u00e8s de l&#8217;AMF. L\u2019investissement dans les cryptos est tr\u00e8s volatil. Aucune protection des consommateurs<\/strong><\/p>\n\n\n\n<h2 class=\"wp-block-heading\">5. <a href=\"https:\/\/www.etoro.com\/markets\/gold\">Lor (XAU\/USD)<\/a><\/h2>\n\n\n\n<p>En p\u00e9riode de volatilit\u00e9 \u00e9conomique, l&#8217;or reste l&#8217;un des actifs les plus fiables pour pr\u00e9server le patrimoine. L&#8217;inflation \u00e9tant toujours une pr\u00e9occupation, l&#8217;ajout de l&#8217;or \u00e0 votre portefeuille constitue une protection intelligente contre l&#8217;instabilit\u00e9 des march\u00e9s et la d\u00e9valuation des devises.<\/p>\n\n\n\n<div class=\"wp-block-buttons is-layout-flex wp-block-buttons-is-layout-flex\">\n<a class=\"e-cta e-cta-primary\" href=\"https:\/\/www.etoro.com\/markets\/gold\">Investir dans l&#8217;or<\/a>\n<\/div>\n\n\n\n<p class=\"is-style-default\"><strong>51 % des comptes d&#8217;investisseurs particuliers perdent de l&#8217;argent lorsqu&#8217;ils tradent des CFD avec ce fournisseur. Vous devez vous demander si vous pouvez vous permettre de prendre le risque \u00e9lev\u00e9 de perdre votre argent.<\/strong><\/p>\n\n\n\n<p class=\"is-style-default\"><strong>\u200b\u200bLes CFD sont des instruments complexes et pr\u00e9sentent un risque \u00e9lev\u00e9 de perte rapide d\u2019argent en raison de l\u2019effet de levier. Les comptes d&#8217;investisseurs particuliers perdent de l&#8217;argent lorsqu&#8217;ils tradent des CFD avec ce fournisseur. Vous devez vous demander si vous comprenez le fonctionnement des CFD et si vous pouvez vous permettre de prendre le risque \u00e9lev\u00e9 de perdre votre argent.<\/strong><\/p>\n\n\n\n<h2 class=\"wp-block-heading\">6. <a href=\"https:\/\/www.etoro.com\/markets\/xom\">ExxonMobil (XOM)<\/a><\/h2>\n\n\n\n<p>Le secteur de l&#8217;\u00e9nergie a b\u00e9n\u00e9fici\u00e9 de politiques gouvernementales favorables et d&#8217;une demande en hausse en 2024. ExxonMobil, un leader dans le domaine du p\u00e9trole et du gaz, continue d&#8217;offrir un solide potentiel de croissance alors que le monde est confront\u00e9 \u00e0 des d\u00e9fis d&#8217;approvisionnement en \u00e9nergie.<\/p>\n\n\n\n<div class=\"wp-block-buttons is-layout-flex wp-block-buttons-is-layout-flex\">\n<a class=\"e-cta e-cta-primary\" href=\"https:\/\/www.etoro.com\/markets\/xom\">Investir dans ExxonMobil<\/a>\n<\/div>\n\n\n\n<p class=\"is-style-default\">Votre capital est \u00e0 risque.<\/p>\n\n\n\n<h2 class=\"wp-block-heading\">7. <a href=\"https:\/\/www.etoro.com\/markets\/spy\">SPDR S&amp;P 500 ETF (SPY)<\/a><\/h2>\n\n\n\n<p>Pour les investisseurs qui recherchent une exposition diversifi\u00e9e au march\u00e9 boursier am\u00e9ricain, le SPDR S&amp;P 500 ETF est une option \u00e9prouv\u00e9e. Il suit les performances des 500 plus grandes entreprises am\u00e9ricaines, offrant un m\u00e9lange \u00e9quilibr\u00e9 de croissance et de stabilit\u00e9.<\/p>\n\n\n\n<div class=\"wp-block-buttons is-layout-flex wp-block-buttons-is-layout-flex\">\n<a class=\"e-cta e-cta-primary\" href=\"https:\/\/www.etoro.com\/markets\/spy\">Investir dans le S&amp;P 500 ETF (SPY)<\/a>\n<\/div>\n\n\n\n<p class=\"is-style-default\"><strong>51 % des comptes d&#8217;investisseurs particuliers perdent de l&#8217;argent lorsqu&#8217;ils tradent des CFD avec ce fournisseur. Vous devez vous demander si vous pouvez vous permettre de prendre le risque \u00e9lev\u00e9 de perdre votre argent.<\/strong><\/p>\n\n\n\n<p>\u00c0 l&#8217;aube de&nbsp;2025, il est plus important que jamais de disposer d&#8217;un plan financier clair. Les march\u00e9s sont en constante \u00e9volution, et pour investir avec succ\u00e8s, il faut une strat\u00e9gie qui s&#8217;adapte aux tendances changeantes. La diversification entre des actifs tels que les actions, les crypto, les ETF et les mati\u00e8res premi\u00e8res peut apporter la stabilit\u00e9 et la croissance n\u00e9cessaires pour faire face \u00e0 toutes les conditions de march\u00e9. Que vous planifiez une richesse \u00e0 long terme ou que vous cherchiez \u00e0 capitaliser sur des opportunit\u00e9s \u00e0 court terme, <strong>eToro<\/strong> simplifie la prise en main de votre avenir financier. Commencez \u00e0 investir d\u00e8s aujourd&#8217;hui et placez-vous en position de r\u00e9ussite pour 2025 !<\/p>\n\n\n\n<div class=\"wp-block-buttons is-content-justification-left is-layout-flex wp-container-core-buttons-is-layout-8 wp-block-buttons-is-layout-flex\">\n<a class=\"e-cta e-cta-primary\" href=\"https:\/\/www.etoro.com\/accounts\/sign-up\">COMMENCEZ \u00c0 INVESTIR D\u00c8S AUJOURD&#8217;HUI<\/a>\n<\/div>\n\n\n\n<p class=\"is-style-default\"><strong>Avec eToro, investir dans ces actifs de premier plan n&#8217;a jamais \u00e9t\u00e9 aussi facile et s\u00fbr<\/strong>. En tant que l\u2019une des principales plateformes de trading social au monde, eToro offre une exp\u00e9rience transparente et conviviale, que vous soyez un investisseur novice ou un professionnel chevronn\u00e9. Vous pouvez acc\u00e9der \u00e0 un large \u00e9ventail d&#8217;actifs \u2014 actions, ETF, cryptos et mati\u00e8res premi\u00e8res \u2014 au m\u00eame endroit. Les outils d&#8217;eToro tels que CopyTrader vous permettent de suivre et de reproduire les transactions des meilleurs investisseurs, tandis que la fonctionnalit\u00e9 CopyPortfolios vous permet d&#8217;investir dans des portefeuilles g\u00e9r\u00e9s par des professionnels.&nbsp;<\/p>\n\n\n\n<p>Le CopyTrading n&#8217;est pas un conseil en investissement. La valeur de vos investissements peut augmenter ou diminuer. Votre capital est \u00e0 risque.<\/p>\n\n\n\n<p>Les performances pass\u00e9es ne sont pas une indication des r\u00e9sultats futurs.<\/p>\n\n\n\n<p class=\"is-style-default\"><strong>Mise en garde pour les Nouveaux Investisseurs<\/strong><\/p>\n\n\n\n<p class=\"is-style-default\">Bien que eToro rende l&#8217;investissement accessible et convivial, il est important de conna\u00eetre les risques encourus, en particulier avec les produits \u00e0 haut risque comme les crypto et les CFD (Contracts for Difference). Ces actifs peuvent \u00eatre tr\u00e8s volatils et entra\u00eener des pertes importantes, en particulier pour les investisseurs inexp\u00e9riment\u00e9s. Effectuez toujours des recherches approfondies, comprenez le produit dans lequel vous investissez et tenez compte de votre tol\u00e9rance au risque avant de vous lancer.<strong> La diversification de vos<\/strong> investissements peut contribuer \u00e0 att\u00e9nuer certains risques, mais il est essentiel d\u2019aborder les produits \u00e0 haut risque avec prudence.<\/p>\n\n\n\n<div class=\"wp-block-buttons is-layout-flex wp-block-buttons-is-layout-flex\">\n<a class=\"e-cta e-cta-primary\" href=\"https:\/\/www.etoro.com\/accounts\/sign-up\">Rejoignez eToro d\u00e8s aujourd\u2019hui<\/a>\n<\/div>\n\n\n\n<section class=\"wp-block-group wp-block-group-full\"><div class=\"wp-block-group-inner is-layout-flow wp-block-group-is-layout-flow\">\n<div class=\"wp-block-columns are-vertically-aligned-top wp-block-columns-1 is-layout-flex wp-container-core-columns-is-layout-1 wp-block-columns-is-layout-flex\">\n<div class=\"wp-block-column is-layout-flow wp-block-column-is-layout-flow\">\n<p class=\"is-style-disclaimer\">eToro est une plateforme d\u2019investissement multi-actifs. Le CopyTrading n&#8217;est pas un conseil en investissement. La valeur de vos investissements peut augmenter ou diminuer. Votre capital est \u00e0 risque.<\/p>\n\n\n\n<p class=\"is-style-disclaimer\">Cette communication est uniquement destin\u00e9e \u00e0 des fins d&#8217;information et d&#8217;\u00e9ducation et ne doit pas \u00eatre consid\u00e9r\u00e9e comme un conseil en investissement, une recommandation personnelle, une offre ou une sollicitation d&#8217;achat ou de vente d&#8217;instruments financiers. Ce contenu a \u00e9t\u00e9 pr\u00e9par\u00e9 sans tenir compte des objectifs d&#8217;investissement ou de la situation financi\u00e8re d&#8217;un destinataire particulier, et n&#8217;a pas \u00e9t\u00e9 pr\u00e9par\u00e9 conform\u00e9ment aux exigences l\u00e9gales et r\u00e9glementaires visant \u00e0 promouvoir la recherche ind\u00e9pendante. Toute r\u00e9f\u00e9rence \u00e0 la performance pass\u00e9e ou future d\u2019un instrument financier, d\u2019un indice ou d\u2019un produit d\u2019investissement packag\u00e9 ne constitue pas et ne doit pas \u00eatre consid\u00e9r\u00e9e comme un indicateur fiable de r\u00e9sultats futurs. eToro ne fait aucune d\u00e9claration et n&#8217;assume aucune responsabilit\u00e9 quant \u00e0 l&#8217;exactitude ou \u00e0 l&#8217;exhaustivit\u00e9 du contenu de cette publication.<\/p>\n<\/div>\n<\/div>\n\n\n\n<p class=\"has-text-align-center is-style-disclaimer\"><\/p>\n<\/div><\/section>\n","protected":false},"excerpt":{"rendered":"<p>2024 a \u00e9t\u00e9 marqu\u00e9e par des changements importants sur les march\u00e9s mondiaux. La r\u00e9\u00e9lection de Donald Trump a suscit\u00e9 de l&#8217;incertitude, en particulier sur le march\u00e9 boursier, car les investisseurs ont pris en compte les effets de la reprise des tensions commerciales et des changements g\u00e9opolitiques. Malgr\u00e9 la volatilit\u00e9 initiale, des secteurs tels que l&#8217;\u00e9nergie,&hellip;<\/p>\n","protected":false},"author":127,"featured_media":0,"parent":19763,"menu_order":0,"comment_status":"closed","ping_status":"closed","template":"","meta":{"_acf_changed":false,"inline_featured_image":false,"sticky_cta_settings":"","footnotes":""},"asset_type":[],"class_list":["post-979246","page","type-page","status-publish","hentry"],"acf":[],"yoast_head":"<title>Guide d&#039;investissement 2025 : Les 7 actifs incontournables<\/title>\n<meta name=\"description\" content=\"2024 a \u00e9t\u00e9 marqu\u00e9e par des changements importants sur les march\u00e9s mondiaux. La r\u00e9\u00e9lection de Donald Trump a suscit\u00e9 de l&#039;incertitude, en particulier sur le march\u00e9 boursier, car les investisseurs ont pris en compte les effets de la reprise des tensions commerciales et des changements g\u00e9opolitiques. Malgr\u00e9 la volatilit\u00e9 initiale, des secteurs tels que l&#039;\u00e9nergie, la d\u00e9fense et l&#039;industrie ont prosp\u00e9r\u00e9, b\u00e9n\u00e9ficiant des politiques\u00a0pro-entreprises de Trump.Les pr\u00e9occupations inflationnistes ont \u00e9galement pouss\u00e9 les banques centrales \u00e0 mettre en \u0153uvre des politiques agressives pour stabiliser les \u00e9conomies. En parall\u00e8le, les crypto men\u00e9es par le Bitcoin et l&#039;Ethereum, ont connu une reprise, car les investisseurs institutionnels se sont tourn\u00e9s vers les actifs num\u00e9riques pour se prot\u00e9ger de l&#039;inflation.\" \/>\n<meta name=\"robots\" content=\"index, follow, max-snippet:-1, max-image-preview:large, max-video-preview:-1\" \/>\n<link rel=\"canonical\" href=\"https:\/\/www.etoro.com\/fr\/wp-json\/wp\/v2\/pages\/979246\" \/>\n<meta property=\"og:locale\" content=\"fr_FR\" \/>\n<meta property=\"og:type\" content=\"article\" \/>\n<meta property=\"og:title\" content=\"Guide d&#039;investissement 2025 : Les 7 actifs incontournables\" \/>\n<meta property=\"og:description\" content=\"2024 a \u00e9t\u00e9 marqu\u00e9e par des changements importants sur les march\u00e9s mondiaux. La r\u00e9\u00e9lection de Donald Trump a suscit\u00e9 de l&#039;incertitude, en particulier sur le march\u00e9 boursier, car les investisseurs ont pris en compte les effets de la reprise des tensions commerciales et des changements g\u00e9opolitiques. Malgr\u00e9 la volatilit\u00e9 initiale, des secteurs tels que l&#039;\u00e9nergie, la d\u00e9fense et l&#039;industrie ont prosp\u00e9r\u00e9, b\u00e9n\u00e9ficiant des politiques\u00a0pro-entreprises de Trump.Les pr\u00e9occupations inflationnistes ont \u00e9galement pouss\u00e9 les banques centrales \u00e0 mettre en \u0153uvre des politiques agressives pour stabiliser les \u00e9conomies. En parall\u00e8le, les crypto men\u00e9es par le Bitcoin et l&#039;Ethereum, ont connu une reprise, car les investisseurs institutionnels se sont tourn\u00e9s vers les actifs num\u00e9riques pour se prot\u00e9ger de l&#039;inflation.\" \/>\n<meta property=\"og:url\" content=\"https:\/\/www.etoro.com\/fr\/wp-json\/wp\/v2\/pages\/979246\" \/>\n<meta property=\"og:site_name\" content=\"eToro\" \/>\n<meta property=\"article:publisher\" content=\"https:\/\/www.facebook.com\/eToro\/\" \/>\n<meta property=\"article:modified_time\" content=\"2025-01-16T14:43:59+00:00\" \/>\n<meta property=\"og:image\" content=\"https:\/\/www.etoro.com\/wp-content\/uploads\/2019\/12\/etoro_logo_social_share1.png\" \/>\n\t<meta property=\"og:image:width\" content=\"240\" \/>\n\t<meta property=\"og:image:height\" content=\"240\" \/>\n\t<meta property=\"og:image:type\" content=\"image\/png\" \/>\n<meta name=\"twitter:card\" content=\"summary_large_image\" \/>\n<meta name=\"twitter:site\" content=\"@eToro\" \/>\n<meta name=\"twitter:label1\" content=\"Est. reading time\" \/>\n\t<meta name=\"twitter:data1\" content=\"7 minutes\" \/>\n<script type=\"application\/ld+json\" class=\"yoast-schema-graph\">{\"@context\":\"https:\/\/schema.org\",\"@graph\":[{\"@type\":\"WebPage\",\"@id\":\"https:\/\/www.etoro.com\/fr\/investing\/2025-investment-guide-7-top-assets-to-consider\/\",\"url\":\"https:\/\/www.etoro.com\/fr\/investing\/2025-investment-guide-7-top-assets-to-consider\/\",\"name\":\"Guide d'investissement 2025 : Les 7 actifs incontournables\",\"isPartOf\":{\"@id\":\"https:\/\/www.etoro.com\/fr\/#website\"},\"datePublished\":\"2025-01-08T08:43:57+00:00\",\"dateModified\":\"2025-01-16T14:43:59+00:00\",\"description\":\"2024 a \u00e9t\u00e9 marqu\u00e9e par des changements importants sur les march\u00e9s mondiaux. La r\u00e9\u00e9lection de Donald Trump a suscit\u00e9 de l'incertitude, en particulier sur le march\u00e9 boursier, car les investisseurs ont pris en compte les effets de la reprise des tensions commerciales et des changements g\u00e9opolitiques. Malgr\u00e9 la volatilit\u00e9 initiale, des secteurs tels que l'\u00e9nergie, la d\u00e9fense et l'industrie ont prosp\u00e9r\u00e9, b\u00e9n\u00e9ficiant des politiques\u00a0pro-entreprises de Trump.Les pr\u00e9occupations inflationnistes ont \u00e9galement pouss\u00e9 les banques centrales \u00e0 mettre en \u0153uvre des politiques agressives pour stabiliser les \u00e9conomies. En parall\u00e8le, les crypto men\u00e9es par le Bitcoin et l'Ethereum, ont connu une reprise, car les investisseurs institutionnels se sont tourn\u00e9s vers les actifs num\u00e9riques pour se prot\u00e9ger de l'inflation.\",\"breadcrumb\":{\"@id\":\"https:\/\/www.etoro.com\/fr\/investing\/2025-investment-guide-7-top-assets-to-consider\/#breadcrumb\"},\"inLanguage\":\"fr\",\"potentialAction\":[{\"@type\":\"ReadAction\",\"target\":[\"https:\/\/www.etoro.com\/fr\/investing\/2025-investment-guide-7-top-assets-to-consider\/\"]}]},{\"@type\":\"BreadcrumbList\",\"@id\":\"https:\/\/www.etoro.com\/fr\/investing\/2025-investment-guide-7-top-assets-to-consider\/#breadcrumb\",\"itemListElement\":[{\"@type\":\"ListItem\",\"position\":1,\"name\":\"Accueil\",\"item\":\"https:\/\/www.etoro.com\/fr\/\"},{\"@type\":\"ListItem\",\"position\":2,\"name\":\"Investir\",\"item\":\"https:\/\/www.etoro.com\/fr\/investing\/\"},{\"@type\":\"ListItem\",\"position\":3,\"name\":\"Guide d&#8217;investissement 2025 : Les 7 actifs incontournables\"}]},{\"@type\":\"WebSite\",\"@id\":\"https:\/\/www.etoro.com\/fr\/#website\",\"url\":\"https:\/\/www.etoro.com\/fr\/\",\"name\":\"eToro\",\"description\":\"\",\"publisher\":{\"@id\":\"https:\/\/www.etoro.com\/fr\/#organization\"},\"potentialAction\":[{\"@type\":\"SearchAction\",\"target\":{\"@type\":\"EntryPoint\",\"urlTemplate\":\"https:\/\/www.etoro.com\/fr\/?s={search_term_string}\"},\"query-input\":{\"@type\":\"PropertyValueSpecification\",\"valueRequired\":true,\"valueName\":\"search_term_string\"}}],\"inLanguage\":\"fr\"},[]]}<\/script>","yoast_head_json":{"title":"Guide d'investissement 2025 : Les 7 actifs incontournables","description":"2024 a \u00e9t\u00e9 marqu\u00e9e par des changements importants sur les march\u00e9s mondiaux. La r\u00e9\u00e9lection de Donald Trump a suscit\u00e9 de l'incertitude, en particulier sur le march\u00e9 boursier, car les investisseurs ont pris en compte les effets de la reprise des tensions commerciales et des changements g\u00e9opolitiques. Malgr\u00e9 la volatilit\u00e9 initiale, des secteurs tels que l'\u00e9nergie, la d\u00e9fense et l'industrie ont prosp\u00e9r\u00e9, b\u00e9n\u00e9ficiant des politiques\u00a0pro-entreprises de Trump.Les pr\u00e9occupations inflationnistes ont \u00e9galement pouss\u00e9 les banques centrales \u00e0 mettre en \u0153uvre des politiques agressives pour stabiliser les \u00e9conomies. En parall\u00e8le, les crypto men\u00e9es par le Bitcoin et l'Ethereum, ont connu une reprise, car les investisseurs institutionnels se sont tourn\u00e9s vers les actifs num\u00e9riques pour se prot\u00e9ger de l'inflation.","robots":{"index":"index","follow":"follow","max-snippet":"max-snippet:-1","max-image-preview":"max-image-preview:large","max-video-preview":"max-video-preview:-1"},"canonical":"https:\/\/www.etoro.com\/fr\/wp-json\/wp\/v2\/pages\/979246","og_locale":"fr_FR","og_type":"article","og_title":"Guide d'investissement 2025 : Les 7 actifs incontournables","og_description":"2024 a \u00e9t\u00e9 marqu\u00e9e par des changements importants sur les march\u00e9s mondiaux. La r\u00e9\u00e9lection de Donald Trump a suscit\u00e9 de l'incertitude, en particulier sur le march\u00e9 boursier, car les investisseurs ont pris en compte les effets de la reprise des tensions commerciales et des changements g\u00e9opolitiques. Malgr\u00e9 la volatilit\u00e9 initiale, des secteurs tels que l'\u00e9nergie, la d\u00e9fense et l'industrie ont prosp\u00e9r\u00e9, b\u00e9n\u00e9ficiant des politiques\u00a0pro-entreprises de Trump.Les pr\u00e9occupations inflationnistes ont \u00e9galement pouss\u00e9 les banques centrales \u00e0 mettre en \u0153uvre des politiques agressives pour stabiliser les \u00e9conomies. En parall\u00e8le, les crypto men\u00e9es par le Bitcoin et l'Ethereum, ont connu une reprise, car les investisseurs institutionnels se sont tourn\u00e9s vers les actifs num\u00e9riques pour se prot\u00e9ger de l'inflation.","og_url":"https:\/\/www.etoro.com\/fr\/wp-json\/wp\/v2\/pages\/979246","og_site_name":"eToro","article_publisher":"https:\/\/www.facebook.com\/eToro\/","article_modified_time":"2025-01-16T14:43:59+00:00","og_image":[{"width":240,"height":240,"url":"https:\/\/www.etoro.com\/wp-content\/uploads\/2019\/12\/etoro_logo_social_share1.png","type":"image\/png"}],"twitter_card":"summary_large_image","twitter_site":"@eToro","twitter_misc":{"Est. reading time":"7 minutes"},"schema":{"@context":"https:\/\/schema.org","@graph":[{"@type":"WebPage","@id":"https:\/\/www.etoro.com\/fr\/investing\/2025-investment-guide-7-top-assets-to-consider\/","url":"https:\/\/www.etoro.com\/fr\/investing\/2025-investment-guide-7-top-assets-to-consider\/","name":"Guide d'investissement 2025 : Les 7 actifs incontournables","isPartOf":{"@id":"https:\/\/www.etoro.com\/fr\/#website"},"datePublished":"2025-01-08T08:43:57+00:00","dateModified":"2025-01-16T14:43:59+00:00","description":"2024 a \u00e9t\u00e9 marqu\u00e9e par des changements importants sur les march\u00e9s mondiaux. La r\u00e9\u00e9lection de Donald Trump a suscit\u00e9 de l'incertitude, en particulier sur le march\u00e9 boursier, car les investisseurs ont pris en compte les effets de la reprise des tensions commerciales et des changements g\u00e9opolitiques. Malgr\u00e9 la volatilit\u00e9 initiale, des secteurs tels que l'\u00e9nergie, la d\u00e9fense et l'industrie ont prosp\u00e9r\u00e9, b\u00e9n\u00e9ficiant des politiques\u00a0pro-entreprises de Trump.Les pr\u00e9occupations inflationnistes ont \u00e9galement pouss\u00e9 les banques centrales \u00e0 mettre en \u0153uvre des politiques agressives pour stabiliser les \u00e9conomies. En parall\u00e8le, les crypto men\u00e9es par le Bitcoin et l'Ethereum, ont connu une reprise, car les investisseurs institutionnels se sont tourn\u00e9s vers les actifs num\u00e9riques pour se prot\u00e9ger de l'inflation.","breadcrumb":{"@id":"https:\/\/www.etoro.com\/fr\/investing\/2025-investment-guide-7-top-assets-to-consider\/#breadcrumb"},"inLanguage":"fr","potentialAction":[{"@type":"ReadAction","target":["https:\/\/www.etoro.com\/fr\/investing\/2025-investment-guide-7-top-assets-to-consider\/"]}]},{"@type":"BreadcrumbList","@id":"https:\/\/www.etoro.com\/fr\/investing\/2025-investment-guide-7-top-assets-to-consider\/#breadcrumb","itemListElement":[{"@type":"ListItem","position":1,"name":"Accueil","item":"https:\/\/www.etoro.com\/fr\/"},{"@type":"ListItem","position":2,"name":"Investir","item":"https:\/\/www.etoro.com\/fr\/investing\/"},{"@type":"ListItem","position":3,"name":"Guide d&#8217;investissement 2025 : Les 7 actifs incontournables"}]},{"@type":"WebSite","@id":"https:\/\/www.etoro.com\/fr\/#website","url":"https:\/\/www.etoro.com\/fr\/","name":"eToro","description":"","publisher":{"@id":"https:\/\/www.etoro.com\/fr\/#organization"},"potentialAction":[{"@type":"SearchAction","target":{"@type":"EntryPoint","urlTemplate":"https:\/\/www.etoro.com\/fr\/?s={search_term_string}"},"query-input":{"@type":"PropertyValueSpecification","valueRequired":true,"valueName":"search_term_string"}}],"inLanguage":"fr"},[]]}},"_links":{"self":[{"href":"https:\/\/www.etoro.com\/fr\/wp-json\/wp\/v2\/pages\/979246"}],"collection":[{"href":"https:\/\/www.etoro.com\/fr\/wp-json\/wp\/v2\/pages"}],"about":[{"href":"https:\/\/www.etoro.com\/fr\/wp-json\/wp\/v2\/types\/page"}],"author":[{"embeddable":true,"href":"https:\/\/www.etoro.com\/fr\/wp-json\/wp\/v2\/users\/127"}],"replies":[{"embeddable":true,"href":"https:\/\/www.etoro.com\/fr\/wp-json\/wp\/v2\/comments?post=979246"}],"version-history":[{"count":0,"href":"https:\/\/www.etoro.com\/fr\/wp-json\/wp\/v2\/pages\/979246\/revisions"}],"up":[{"embeddable":true,"href":"https:\/\/www.etoro.com\/fr\/wp-json\/wp\/v2\/pages\/19763"}],"wp:attachment":[{"href":"https:\/\/www.etoro.com\/fr\/wp-json\/wp\/v2\/media?parent=979246"}],"wp:term":[{"taxonomy":"asset_type","embeddable":true,"href":"https:\/\/www.etoro.com\/fr\/wp-json\/wp\/v2\/asset_type?post=979246"}],"curies":[{"name":"wp","href":"https:\/\/api.w.org\/{rel}","templated":true}]}}