{"id":9807,"date":"2017-10-24T09:56:32","date_gmt":"2017-10-24T06:56:32","guid":{"rendered":"\/etoro\/customer-service\/responsible-trading\/"},"modified":"2024-07-08T13:08:50","modified_gmt":"2024-07-08T10:08:50","slug":"responsible-trading","status":"publish","type":"page","link":"https:\/\/www.etoro.com\/fr\/customer-service\/responsible-trading\/","title":{"rendered":"Politique sur le trading responsable"},"content":{"rendered":"\n<section class=\"wp-block-group wp-block-group-boxed has-white-background-color has-background\"><div class=\"wp-block-group-inner is-layout-flow wp-block-group-is-layout-flow\">\n<div class=\"wp-block-columns are-vertically-aligned-top wp-block-columns-1 is-layout-flex wp-container-core-columns-is-layout-1 wp-block-columns-is-layout-flex\">\n<div class=\"wp-block-column is-layout-flow wp-block-column-is-layout-flow\">\n<p>Concernant le trading sur eToro ou l\u2019utilisation de ses fonctions de trading social, nous encourageons un comportement responsable de la part de tous nos utilisateurs. Notre \u00ab&nbsp;politique sur le trading responsable&nbsp;\u00bb appelle les traders \u00e0 \u00e9viter de prendre des d\u00e9cisions guid\u00e9es par les \u00e9motions, susceptibles d\u2019entra\u00eener des pertes inutiles.<\/p>\n\n\n\n<p>Les traders d\u00e9butants ont, en particulier, tendance \u00e0 se fier davantage \u00e0 leur instinct parce qu\u2019ils manquent parfois d\u2019exp\u00e9rience en mati\u00e8re de trading financier pour prendre des d\u00e9cisions rationnelles et \u00e9clair\u00e9es.<\/p>\n\n\n\n<p>Pour aider les traders \u00e0 \u00e9viter de prendre des d\u00e9cisions de trading en ligne irr\u00e9fl\u00e9chies, eToro, conform\u00e9ment aux r\u00e8glementations financi\u00e8res locales, recommande ce qui suit&nbsp;:<\/p>\n\n\n\n<ul class=\"wp-block-list wp-block-list-circle\">\n<li>Appliquez un effet de levier maximum selon la liste suivante&nbsp;:<\/li>\n<\/ul>\n\n\n\n<p><strong>1. <\/strong>30:1 pour les paires de devises majeures\u00a0;<\/p>\n\n\n\n<p><strong>2. <\/strong>20:1 pour les paires de devises secondaires, l\u2019or et autres indices majeurs\u00a0;<\/p>\n\n\n\n<p><strong>3. <\/strong>10:1 pour les mati\u00e8res premi\u00e8res autres que l\u2019or et les indices boursiers secondaires\u00a0;<\/p>\n\n\n\n<p><strong>4. <\/strong>5:1 pour les actions individuelles et autres valeurs de r\u00e9f\u00e9rences\u00a0;<\/p>\n\n\n\n<p><strong>5. <\/strong>2:1 pour les crypto-monnaies\u00a0;<\/p>\n\n\n\n<ul class=\"wp-block-list wp-block-list-circle\">\n<li>Ne placez pas plus de 20&nbsp;% de votre capital sur un trade<\/li>\n\n\n\n<li>N\u2019attribuez pas plus de 40&nbsp;% de votre solde total pour copier un trader<\/li>\n<\/ul>\n\n\n\n<p>Les \u00e9l\u00e9ments cl\u00e9s d\u2019un investissement intelligent sont un effet de levier faible et&nbsp;<a href=\"https:\/\/www.etoro.com\/fr\/investing\/how-to-build-a-diversified-portfolio\/\">un portefeuille diversifi\u00e9<\/a>, comme l\u2019attestent les portefeuilles des Top Traders d\u2019eToro.<\/p>\n\n\n\n<h2 class=\"wp-block-heading\">Voici quelques conseils pour devenir un trader plus responsable&nbsp;:<\/h2>\n\n\n\n<ol class=\"wp-block-list\">\n<li>Investissez uniquement dans ce que vous connaissez&nbsp;; ne suivez ni les conseils al\u00e9atoires ni votre instinct. Si vous souhaitez investir dans un actif sp\u00e9cifique, familiarisez-vous avec son historique et ses tendances.<\/li>\n\n\n\n<li>Gardez un \u0153il sur votre score de risque&nbsp;: votre score de risque individuel est une excellente fa\u00e7on de voir si vous \u00eates un trader responsable. Il est conseill\u00e9 de maintenir un score de risque de 3 ou moins sur eToro.<\/li>\n\n\n\n<li>Ajustez votre portefeuille&nbsp;: diversifiez votre portefeuille avec des actifs de diff\u00e9rentes classes. Si vous ne voulez pas surveiller votre portefeuille r\u00e9guli\u00e8rement, choisissez des instruments n\u00e9cessitant une faible implication, tels que Smart Portfolios ou notre syst\u00e8me CopyTrader\u2122.<\/li>\n\n\n\n<li>Copiez d\u2019autres traders responsables&nbsp;: lorsque vous copiez un autre trader, consultez son score de risque, son historique et la diversit\u00e9 de son portefeuille.<\/li>\n<\/ol>\n\n\n\n<figure class=\"wp-block-image aligncenter\"><img loading=\"lazy\" decoding=\"async\" width=\"1059\" height=\"529\" src=\"\/wp-content\/uploads\/2017\/10\/trading-guideline-img.png\" alt=\"\" class=\"wp-image-19091 wp-image-desktop\" srcset=\"https:\/\/www.etoro.com\/wp-content\/uploads\/2017\/10\/trading-guideline-img.png 1059w, https:\/\/www.etoro.com\/wp-content\/uploads\/2017\/10\/trading-guideline-img-300x150.png 300w, https:\/\/www.etoro.com\/wp-content\/uploads\/2017\/10\/trading-guideline-img-768x384.png 768w, https:\/\/www.etoro.com\/wp-content\/uploads\/2017\/10\/trading-guideline-img-1024x512.png 1024w\" sizes=\"(max-width: 1059px) 100vw, 1059px\" \/><\/figure>\n\n\n\n<h2 class=\"wp-block-heading\">Psychologie humaine et trading guid\u00e9 par les \u00e9motions<\/h2>\n\n\n\n<p>Les traders de tous les niveaux peuvent trader en se fiant de mani\u00e8re excessive \u00e0 leurs \u00e9motions. C\u2019est une erreur \u00e9tant donn\u00e9 que la peur, la cupidit\u00e9 et l\u2019excitation peuvent pousser \u00e0 prendre de mauvaises d\u00e9cisions. Ayez toujours un plan de trading, et tenez-vous y, peu importe ce qu\u2019il se passe. Lorsque vous \u00e9laborez votre plan de trading, int\u00e9grez les conseils mentionn\u00e9s plus haut, en faisant particuli\u00e8rement attention \u00e0&nbsp;:<\/p>\n\n\n\n<ol class=\"wp-block-list\">\n<li>L\u2019effet de levier maximum<\/li>\n\n\n\n<li>La diversit\u00e9 du portefeuille<\/li>\n\n\n\n<li>Les scores de risque et les profils des autres traders<\/li>\n<\/ol>\n\n\n\n<p>Si vous avez des questions concernant le trading responsable, n\u2019h\u00e9sitez pas \u00e0 contacter notre&nbsp;<a href=\"https:\/\/www.etoro.com\/fr\/customer-service\/\">service client<\/a>&nbsp;\u00e0 votre convenance.<\/p>\n<\/div>\n<\/div>\n<\/div><\/section>\n","protected":false},"excerpt":{"rendered":"<p>Concernant le trading sur eToro ou l\u2019utilisation de ses fonctions de trading social, nous encourageons un comportement responsable de la part de tous nos utilisateurs. Notre \u00ab&nbsp;politique sur le trading responsable&nbsp;\u00bb appelle les traders \u00e0 \u00e9viter de prendre des d\u00e9cisions guid\u00e9es par les \u00e9motions, susceptibles d\u2019entra\u00eener des pertes inutiles. Les traders d\u00e9butants ont, en particulier,&hellip;<\/p>\n","protected":false},"author":1,"featured_media":0,"parent":6958,"menu_order":1495,"comment_status":"closed","ping_status":"closed","template":"","meta":{"_acf_changed":false,"inline_featured_image":false,"sticky_cta_settings":"","footnotes":""},"asset_type":[],"class_list":["post-9807","page","type-page","status-publish","hentry"],"acf":[],"yoast_head":"<title>Politique de trading responsable | eToro<\/title>\n<meta name=\"description\" content=\"eToro encourage un trading responsable aupr\u00e8s de ses clients et nous les guidons pour qu&#039;ils tradent en toute s\u00e9curit\u00e9. Lisez notre politique de trading responsable pour en savoir plus \u00e0 ce sujet.\" \/>\n<meta name=\"robots\" content=\"index, follow, max-snippet:-1, max-image-preview:large, max-video-preview:-1\" \/>\n<link rel=\"canonical\" href=\"https:\/\/www.etoro.com\/fr\/wp-json\/wp\/v2\/pages\/9807\" \/>\n<meta property=\"og:locale\" content=\"fr_FR\" \/>\n<meta property=\"og:type\" content=\"article\" \/>\n<meta property=\"og:title\" content=\"Politique de trading responsable | eToro\" \/>\n<meta property=\"og:description\" content=\"eToro encourage un trading responsable aupr\u00e8s de ses clients et nous les guidons pour qu&#039;ils tradent en toute s\u00e9curit\u00e9. Lisez notre politique de trading responsable pour en savoir plus \u00e0 ce sujet.\" \/>\n<meta property=\"og:url\" content=\"https:\/\/www.etoro.com\/fr\/wp-json\/wp\/v2\/pages\/9807\" \/>\n<meta property=\"og:site_name\" content=\"eToro\" \/>\n<meta property=\"article:publisher\" content=\"https:\/\/www.facebook.com\/eToro\/\" \/>\n<meta property=\"article:modified_time\" content=\"2024-07-08T10:08:50+00:00\" \/>\n<meta property=\"og:image\" content=\"https:\/\/www.etoro.com\/wp-content\/uploads\/2019\/12\/etoro_logo_social_share1.png\" \/>\n\t<meta property=\"og:image:width\" content=\"240\" \/>\n\t<meta property=\"og:image:height\" content=\"240\" \/>\n\t<meta property=\"og:image:type\" content=\"image\/png\" \/>\n<meta name=\"twitter:card\" content=\"summary_large_image\" \/>\n<meta name=\"twitter:site\" content=\"@eToro\" \/>\n<meta name=\"twitter:label1\" content=\"Est. reading time\" \/>\n\t<meta name=\"twitter:data1\" content=\"3 minutes\" \/>\n<script type=\"application\/ld+json\" class=\"yoast-schema-graph\">{\"@context\":\"https:\/\/schema.org\",\"@graph\":[{\"@type\":\"WebPage\",\"@id\":\"https:\/\/www.etoro.com\/fr\/customer-service\/responsible-trading\/\",\"url\":\"https:\/\/www.etoro.com\/fr\/customer-service\/responsible-trading\/\",\"name\":\"Politique de trading responsable | eToro\",\"isPartOf\":{\"@id\":\"https:\/\/www.etoro.com\/fr\/#website\"},\"datePublished\":\"2017-10-24T06:56:32+00:00\",\"dateModified\":\"2024-07-08T10:08:50+00:00\",\"description\":\"eToro encourage un trading responsable aupr\u00e8s de ses clients et nous les guidons pour qu'ils tradent en toute s\u00e9curit\u00e9. Lisez notre politique de trading responsable pour en savoir plus \u00e0 ce sujet.\",\"breadcrumb\":{\"@id\":\"https:\/\/www.etoro.com\/fr\/customer-service\/responsible-trading\/#breadcrumb\"},\"inLanguage\":\"fr\",\"potentialAction\":[{\"@type\":\"ReadAction\",\"target\":[\"https:\/\/www.etoro.com\/fr\/customer-service\/responsible-trading\/\"]}]},{\"@type\":\"BreadcrumbList\",\"@id\":\"https:\/\/www.etoro.com\/fr\/customer-service\/responsible-trading\/#breadcrumb\",\"itemListElement\":[{\"@type\":\"ListItem\",\"position\":1,\"name\":\"Accueil\",\"item\":\"https:\/\/www.etoro.com\/fr\/\"},{\"@type\":\"ListItem\",\"position\":2,\"name\":\"SERVICE CLIENT\",\"item\":\"https:\/\/www.etoro.com\/fr\/customer-service\/\"},{\"@type\":\"ListItem\",\"position\":3,\"name\":\"TRADING RESPONSABLE\"}]},{\"@type\":\"WebSite\",\"@id\":\"https:\/\/www.etoro.com\/fr\/#website\",\"url\":\"https:\/\/www.etoro.com\/fr\/\",\"name\":\"eToro\",\"description\":\"\",\"publisher\":{\"@id\":\"https:\/\/www.etoro.com\/fr\/#organization\"},\"potentialAction\":[{\"@type\":\"SearchAction\",\"target\":{\"@type\":\"EntryPoint\",\"urlTemplate\":\"https:\/\/www.etoro.com\/fr\/?s={search_term_string}\"},\"query-input\":{\"@type\":\"PropertyValueSpecification\",\"valueRequired\":true,\"valueName\":\"search_term_string\"}}],\"inLanguage\":\"fr\"},[]]}<\/script>","yoast_head_json":{"title":"Politique de trading responsable | eToro","description":"eToro encourage un trading responsable aupr\u00e8s de ses clients et nous les guidons pour qu'ils tradent en toute s\u00e9curit\u00e9. Lisez notre politique de trading responsable pour en savoir plus \u00e0 ce sujet.","robots":{"index":"index","follow":"follow","max-snippet":"max-snippet:-1","max-image-preview":"max-image-preview:large","max-video-preview":"max-video-preview:-1"},"canonical":"https:\/\/www.etoro.com\/fr\/wp-json\/wp\/v2\/pages\/9807","og_locale":"fr_FR","og_type":"article","og_title":"Politique de trading responsable | eToro","og_description":"eToro encourage un trading responsable aupr\u00e8s de ses clients et nous les guidons pour qu'ils tradent en toute s\u00e9curit\u00e9. Lisez notre politique de trading responsable pour en savoir plus \u00e0 ce sujet.","og_url":"https:\/\/www.etoro.com\/fr\/wp-json\/wp\/v2\/pages\/9807","og_site_name":"eToro","article_publisher":"https:\/\/www.facebook.com\/eToro\/","article_modified_time":"2024-07-08T10:08:50+00:00","og_image":[{"width":240,"height":240,"url":"https:\/\/www.etoro.com\/wp-content\/uploads\/2019\/12\/etoro_logo_social_share1.png","type":"image\/png"}],"twitter_card":"summary_large_image","twitter_site":"@eToro","twitter_misc":{"Est. reading time":"3 minutes"},"schema":{"@context":"https:\/\/schema.org","@graph":[{"@type":"WebPage","@id":"https:\/\/www.etoro.com\/fr\/customer-service\/responsible-trading\/","url":"https:\/\/www.etoro.com\/fr\/customer-service\/responsible-trading\/","name":"Politique de trading responsable | eToro","isPartOf":{"@id":"https:\/\/www.etoro.com\/fr\/#website"},"datePublished":"2017-10-24T06:56:32+00:00","dateModified":"2024-07-08T10:08:50+00:00","description":"eToro encourage un trading responsable aupr\u00e8s de ses clients et nous les guidons pour qu'ils tradent en toute s\u00e9curit\u00e9. Lisez notre politique de trading responsable pour en savoir plus \u00e0 ce sujet.","breadcrumb":{"@id":"https:\/\/www.etoro.com\/fr\/customer-service\/responsible-trading\/#breadcrumb"},"inLanguage":"fr","potentialAction":[{"@type":"ReadAction","target":["https:\/\/www.etoro.com\/fr\/customer-service\/responsible-trading\/"]}]},{"@type":"BreadcrumbList","@id":"https:\/\/www.etoro.com\/fr\/customer-service\/responsible-trading\/#breadcrumb","itemListElement":[{"@type":"ListItem","position":1,"name":"Accueil","item":"https:\/\/www.etoro.com\/fr\/"},{"@type":"ListItem","position":2,"name":"SERVICE CLIENT","item":"https:\/\/www.etoro.com\/fr\/customer-service\/"},{"@type":"ListItem","position":3,"name":"TRADING RESPONSABLE"}]},{"@type":"WebSite","@id":"https:\/\/www.etoro.com\/fr\/#website","url":"https:\/\/www.etoro.com\/fr\/","name":"eToro","description":"","publisher":{"@id":"https:\/\/www.etoro.com\/fr\/#organization"},"potentialAction":[{"@type":"SearchAction","target":{"@type":"EntryPoint","urlTemplate":"https:\/\/www.etoro.com\/fr\/?s={search_term_string}"},"query-input":{"@type":"PropertyValueSpecification","valueRequired":true,"valueName":"search_term_string"}}],"inLanguage":"fr"},[]]}},"_links":{"self":[{"href":"https:\/\/www.etoro.com\/fr\/wp-json\/wp\/v2\/pages\/9807"}],"collection":[{"href":"https:\/\/www.etoro.com\/fr\/wp-json\/wp\/v2\/pages"}],"about":[{"href":"https:\/\/www.etoro.com\/fr\/wp-json\/wp\/v2\/types\/page"}],"author":[{"embeddable":true,"href":"https:\/\/www.etoro.com\/fr\/wp-json\/wp\/v2\/users\/1"}],"replies":[{"embeddable":true,"href":"https:\/\/www.etoro.com\/fr\/wp-json\/wp\/v2\/comments?post=9807"}],"version-history":[{"count":0,"href":"https:\/\/www.etoro.com\/fr\/wp-json\/wp\/v2\/pages\/9807\/revisions"}],"up":[{"embeddable":true,"href":"https:\/\/www.etoro.com\/fr\/wp-json\/wp\/v2\/pages\/6958"}],"wp:attachment":[{"href":"https:\/\/www.etoro.com\/fr\/wp-json\/wp\/v2\/media?parent=9807"}],"wp:term":[{"taxonomy":"asset_type","embeddable":true,"href":"https:\/\/www.etoro.com\/fr\/wp-json\/wp\/v2\/asset_type?post=9807"}],"curies":[{"name":"wp","href":"https:\/\/api.w.org\/{rel}","templated":true}]}}