{"id":997059,"date":"2025-01-10T17:41:40","date_gmt":"2025-01-10T15:41:40","guid":{"rendered":"https:\/\/www.etoro.com\/academy\/videos\/how-to-become-an-etoro-affiliate\/"},"modified":"2025-02-03T13:56:06","modified_gmt":"2025-02-03T11:56:06","slug":"how-to-become-an-etoro-affiliate","status":"publish","type":"page","link":"https:\/\/www.etoro.com\/fr\/academy\/videos\/how-to-become-an-etoro-affiliate\/","title":{"rendered":"Comment devenir un affili\u00e9 eToro ?"},"content":{"rendered":"\n<div class=\"wp-block-etoro-video-transcript\"><div class=\"wp-block-etoro-video-description\"><h2 class=\"wp-block-etoro-video-description-title\">Description<\/h2><hr\/><div class=\"wp-block-etoro-video-description-content\">D\u00e9couvrez tout ce dont vous avez besoin pour devenir un affili\u00e9 eToro.<\/div><\/div><div class=\"wp-block-etoro-video-transcript-content\"><h2 class=\"wp-block-etoro-video-transcript-title\">Transcription<\/h2><hr\/><div class=\"wp-block-etoro-video-transcript-text\"><div class=\"wp-block-etoro-video-transcript-text-wrapper\">\n<p>Bonjour, nous sommes heureux de vous revoir.&nbsp;<\/p>\n\n\n\n<p>Si vous \u00eates l\u00e0, \u00e7a veut dire que vous avez d\u00e9cid\u00e9 de rejoindre notre programme d&#8217;affiliation.&nbsp;<\/p>\n\n\n\n<p>Alors voyons comment \u00e7a marche. Pour vous enregistrer, allez sur le site eToro partner.com et cliquez sur \u201crejoignez-nous\u201d maintenant.<\/p>\n\n\n\n<p>Suivez ensuite les diff\u00e9rentes \u00e9tapes en remplissant le questionnaire avec les informations n\u00e9cessaires : Email, Mot de Passe etc..comme d&#8217;habitude.&nbsp;<\/p>\n\n\n\n<p>Nous vous demanderons \u00e9galement si vous voulez vous inscrire en tant que particulier ou&nbsp; soci\u00e9t\u00e9 selon le compte o\u00f9 vous voulez \u00eatre r\u00e9mun\u00e9r\u00e9.&nbsp;<\/p>\n\n\n\n<p>Ensuite vous devrez nous en dire plus sur vos attentes, comme sur quel site et dans quel pays vous avez l&#8217;intention de promouvoir eToro.&nbsp;<\/p>\n\n\n\n<p>En effet, les promotions aux \u00c9tats-Unis ou au niveau global n\u00e9cessitent des comptes s\u00e9par\u00e9s.&nbsp;<\/p>\n\n\n\n<p>Une fois que vous \u00eates enregistr\u00e9, le statut de votre compte sera en attente jusqu&#8217;\u00e0 ce qu&#8217;il<\/p>\n\n\n\n<p>soit approuv\u00e9 par votre responsable d&#8217;affiliation.&nbsp;<\/p>\n\n\n\n<p>En attendant, vous pouvez faire v\u00e9rifier votre compte en suivant les instructions pr\u00e9sentes sur le site.<\/p>\n\n\n\n<p>Souvenez-vous, v\u00e9rifiez votre compte est obligatoire, nous ne pouvons pas r\u00e9mun\u00e9rer des comptes d&#8217;affil\u00e9s non v\u00e9rifi\u00e9s, mais ce n&#8217;est pas la mer \u00e0 boire.&nbsp;<\/p>\n\n\n\n<p>Vous devez juste t\u00e9l\u00e9charger votre pi\u00e8ce d&#8217;identit\u00e9 ou celle d&#8217;un responsable de votre entreprise et r\u00e9pondre \u00e0 quelques questions une fois que tout cela est r\u00e9gl\u00e9, ajoutez votre m\u00e9thode de paiement pr\u00e9f\u00e9r\u00e9e, la devise de votre choix et c&#8217;est bon.&nbsp;<\/p>\n\n\n\n<p>Si nous avons besoin d&#8217;autre chose, nous vous appellerons merci pour votre attention et \u00e0 bient\u00f4t sur eToro.<\/p>\n<\/div><button class=\"wp-block-etoro-video-description-more-text\">AFFICHER PLUS<svg xmlns=\"http:\/\/www.w3.org\/2000\/svg\" width=\"9\" height=\"6\" viewBox=\"0 0 9 6\" fill=\"none\"><path d=\"M7.5625 1.48616L4.5 4.54866L1.4375 1.48616\" stroke=\"#13C636\" stroke-linecap=\"square\"><\/path><\/svg><\/button><\/div><\/div><\/div>\n","protected":false},"excerpt":{"rendered":"","protected":false},"author":96,"featured_media":633033,"parent":260124,"menu_order":0,"comment_status":"closed","ping_status":"closed","template":"","meta":{"_acf_changed":true,"inline_featured_image":false,"sticky_cta_settings":"","footnotes":""},"asset_type":[],"class_list":["post-997059","page","type-page","status-publish","has-post-thumbnail","hentry"],"acf":[],"yoast_head":"<title>Comment devenir un affili\u00e9 d&#039;eToro - Video | Acad\u00e9mie eToro<\/title>\n<meta name=\"description\" content=\"D\u00e9couvrez le programme d&#039;affiliation d&#039;eToro dans cette vid\u00e9o, y compris les avantages, l&#039;\u00e9ligibilit\u00e9 et comment commencer \u00e0 gagner de l&#039;argent en tant qu&#039;affili\u00e9.\" \/>\n<meta name=\"robots\" content=\"index, follow, max-snippet:-1, max-image-preview:large, max-video-preview:-1\" \/>\n<link rel=\"canonical\" href=\"https:\/\/www.etoro.com\/fr\/wp-json\/wp\/v2\/pages\/997059\" \/>\n<meta property=\"og:locale\" content=\"fr_FR\" \/>\n<meta property=\"og:type\" content=\"article\" \/>\n<meta property=\"og:title\" content=\"Comment devenir un affili\u00e9 d&#039;eToro - Video | Acad\u00e9mie eToro\" \/>\n<meta property=\"og:description\" content=\"D\u00e9couvrez le programme d&#039;affiliation d&#039;eToro dans cette vid\u00e9o, y compris les avantages, l&#039;\u00e9ligibilit\u00e9 et comment commencer \u00e0 gagner de l&#039;argent en tant qu&#039;affili\u00e9.\" \/>\n<meta property=\"og:url\" content=\"https:\/\/www.etoro.com\/fr\/wp-json\/wp\/v2\/pages\/997059\" \/>\n<meta property=\"og:site_name\" content=\"eToro\" \/>\n<meta property=\"article:publisher\" content=\"https:\/\/www.facebook.com\/eToro\/\" \/>\n<meta property=\"article:modified_time\" content=\"2025-02-03T11:56:06+00:00\" \/>\n<meta property=\"og:image\" content=\"https:\/\/www.etoro.com\/wp-content\/uploads\/2023\/06\/576x385_FR-2.jpg\" \/>\n\t<meta property=\"og:image:width\" content=\"576\" \/>\n\t<meta property=\"og:image:height\" content=\"385\" \/>\n\t<meta property=\"og:image:type\" content=\"image\/jpeg\" \/>\n<meta name=\"twitter:card\" content=\"summary_large_image\" \/>\n<meta name=\"twitter:site\" content=\"@eToro\" \/>\n<meta name=\"twitter:label1\" content=\"Est. reading time\" \/>\n\t<meta name=\"twitter:data1\" content=\"1 minute\" \/>\n<script type=\"application\/ld+json\" class=\"yoast-schema-graph\">{\"@context\":\"https:\/\/schema.org\",\"@graph\":[{\"@type\":\"WebPage\",\"@id\":\"https:\/\/www.etoro.com\/fr\/academy\/videos\/how-to-become-an-etoro-affiliate\/\",\"url\":\"https:\/\/www.etoro.com\/fr\/academy\/videos\/how-to-become-an-etoro-affiliate\/\",\"name\":\"Comment devenir un affili\u00e9 d'eToro - Video | Acad\u00e9mie eToro\",\"isPartOf\":{\"@id\":\"https:\/\/www.etoro.com\/fr\/#website\"},\"primaryImageOfPage\":{\"@id\":\"https:\/\/www.etoro.com\/fr\/academy\/videos\/how-to-become-an-etoro-affiliate\/#primaryimage\"},\"image\":{\"@id\":\"https:\/\/www.etoro.com\/fr\/academy\/videos\/how-to-become-an-etoro-affiliate\/#primaryimage\"},\"thumbnailUrl\":\"https:\/\/www.etoro.com\/wp-content\/uploads\/2023\/06\/576x385_FR-2.jpg\",\"datePublished\":\"2025-01-10T15:41:40+00:00\",\"dateModified\":\"2025-02-03T11:56:06+00:00\",\"description\":\"D\u00e9couvrez le programme d'affiliation d'eToro dans cette vid\u00e9o, y compris les avantages, l'\u00e9ligibilit\u00e9 et comment commencer \u00e0 gagner de l'argent en tant qu'affili\u00e9.\",\"breadcrumb\":{\"@id\":\"https:\/\/www.etoro.com\/fr\/academy\/videos\/how-to-become-an-etoro-affiliate\/#breadcrumb\"},\"inLanguage\":\"fr\",\"potentialAction\":[{\"@type\":\"ReadAction\",\"target\":[\"https:\/\/www.etoro.com\/fr\/academy\/videos\/how-to-become-an-etoro-affiliate\/\"]}]},{\"@type\":\"ImageObject\",\"inLanguage\":\"fr\",\"@id\":\"https:\/\/www.etoro.com\/fr\/academy\/videos\/how-to-become-an-etoro-affiliate\/#primaryimage\",\"url\":\"https:\/\/www.etoro.com\/wp-content\/uploads\/2023\/06\/576x385_FR-2.jpg\",\"contentUrl\":\"https:\/\/www.etoro.com\/wp-content\/uploads\/2023\/06\/576x385_FR-2.jpg\",\"width\":576,\"height\":385,\"caption\":\"Comment devenir un affili\u00e9 eToro ?\"},{\"@type\":\"BreadcrumbList\",\"@id\":\"https:\/\/www.etoro.com\/fr\/academy\/videos\/how-to-become-an-etoro-affiliate\/#breadcrumb\",\"itemListElement\":[{\"@type\":\"ListItem\",\"position\":1,\"name\":\"Accueil\",\"item\":\"https:\/\/www.etoro.com\/fr\/\"},{\"@type\":\"ListItem\",\"position\":2,\"name\":\"eToro Academy\",\"item\":\"https:\/\/www.etoro.com\/fr\/academy\/\"},{\"@type\":\"ListItem\",\"position\":3,\"name\":\"Vid\u00e9os\",\"item\":\"https:\/\/www.etoro.com\/?page_id=221232\"},{\"@type\":\"ListItem\",\"position\":4,\"name\":\"Comment devenir un affili\u00e9 eToro ?\"}]},{\"@type\":\"WebSite\",\"@id\":\"https:\/\/www.etoro.com\/fr\/#website\",\"url\":\"https:\/\/www.etoro.com\/fr\/\",\"name\":\"eToro\",\"description\":\"\",\"publisher\":{\"@id\":\"https:\/\/www.etoro.com\/fr\/#organization\"},\"potentialAction\":[{\"@type\":\"SearchAction\",\"target\":{\"@type\":\"EntryPoint\",\"urlTemplate\":\"https:\/\/www.etoro.com\/fr\/?s={search_term_string}\"},\"query-input\":{\"@type\":\"PropertyValueSpecification\",\"valueRequired\":true,\"valueName\":\"search_term_string\"}}],\"inLanguage\":\"fr\"},[]]}<\/script>","yoast_head_json":{"title":"Comment devenir un affili\u00e9 d'eToro - Video | Acad\u00e9mie eToro","description":"D\u00e9couvrez le programme d'affiliation d'eToro dans cette vid\u00e9o, y compris les avantages, l'\u00e9ligibilit\u00e9 et comment commencer \u00e0 gagner de l'argent en tant qu'affili\u00e9.","robots":{"index":"index","follow":"follow","max-snippet":"max-snippet:-1","max-image-preview":"max-image-preview:large","max-video-preview":"max-video-preview:-1"},"canonical":"https:\/\/www.etoro.com\/fr\/wp-json\/wp\/v2\/pages\/997059","og_locale":"fr_FR","og_type":"article","og_title":"Comment devenir un affili\u00e9 d'eToro - Video | Acad\u00e9mie eToro","og_description":"D\u00e9couvrez le programme d'affiliation d'eToro dans cette vid\u00e9o, y compris les avantages, l'\u00e9ligibilit\u00e9 et comment commencer \u00e0 gagner de l'argent en tant qu'affili\u00e9.","og_url":"https:\/\/www.etoro.com\/fr\/wp-json\/wp\/v2\/pages\/997059","og_site_name":"eToro","article_publisher":"https:\/\/www.facebook.com\/eToro\/","article_modified_time":"2025-02-03T11:56:06+00:00","og_image":[{"width":576,"height":385,"url":"https:\/\/www.etoro.com\/wp-content\/uploads\/2023\/06\/576x385_FR-2.jpg","type":"image\/jpeg"}],"twitter_card":"summary_large_image","twitter_site":"@eToro","twitter_misc":{"Est. reading time":"1 minute"},"schema":{"@context":"https:\/\/schema.org","@graph":[{"@type":"WebPage","@id":"https:\/\/www.etoro.com\/fr\/academy\/videos\/how-to-become-an-etoro-affiliate\/","url":"https:\/\/www.etoro.com\/fr\/academy\/videos\/how-to-become-an-etoro-affiliate\/","name":"Comment devenir un affili\u00e9 d'eToro - Video | Acad\u00e9mie eToro","isPartOf":{"@id":"https:\/\/www.etoro.com\/fr\/#website"},"primaryImageOfPage":{"@id":"https:\/\/www.etoro.com\/fr\/academy\/videos\/how-to-become-an-etoro-affiliate\/#primaryimage"},"image":{"@id":"https:\/\/www.etoro.com\/fr\/academy\/videos\/how-to-become-an-etoro-affiliate\/#primaryimage"},"thumbnailUrl":"https:\/\/www.etoro.com\/wp-content\/uploads\/2023\/06\/576x385_FR-2.jpg","datePublished":"2025-01-10T15:41:40+00:00","dateModified":"2025-02-03T11:56:06+00:00","description":"D\u00e9couvrez le programme d'affiliation d'eToro dans cette vid\u00e9o, y compris les avantages, l'\u00e9ligibilit\u00e9 et comment commencer \u00e0 gagner de l'argent en tant qu'affili\u00e9.","breadcrumb":{"@id":"https:\/\/www.etoro.com\/fr\/academy\/videos\/how-to-become-an-etoro-affiliate\/#breadcrumb"},"inLanguage":"fr","potentialAction":[{"@type":"ReadAction","target":["https:\/\/www.etoro.com\/fr\/academy\/videos\/how-to-become-an-etoro-affiliate\/"]}]},{"@type":"ImageObject","inLanguage":"fr","@id":"https:\/\/www.etoro.com\/fr\/academy\/videos\/how-to-become-an-etoro-affiliate\/#primaryimage","url":"https:\/\/www.etoro.com\/wp-content\/uploads\/2023\/06\/576x385_FR-2.jpg","contentUrl":"https:\/\/www.etoro.com\/wp-content\/uploads\/2023\/06\/576x385_FR-2.jpg","width":576,"height":385,"caption":"Comment devenir un affili\u00e9 eToro ?"},{"@type":"BreadcrumbList","@id":"https:\/\/www.etoro.com\/fr\/academy\/videos\/how-to-become-an-etoro-affiliate\/#breadcrumb","itemListElement":[{"@type":"ListItem","position":1,"name":"Accueil","item":"https:\/\/www.etoro.com\/fr\/"},{"@type":"ListItem","position":2,"name":"eToro Academy","item":"https:\/\/www.etoro.com\/fr\/academy\/"},{"@type":"ListItem","position":3,"name":"Vid\u00e9os","item":"https:\/\/www.etoro.com\/?page_id=221232"},{"@type":"ListItem","position":4,"name":"Comment devenir un affili\u00e9 eToro ?"}]},{"@type":"WebSite","@id":"https:\/\/www.etoro.com\/fr\/#website","url":"https:\/\/www.etoro.com\/fr\/","name":"eToro","description":"","publisher":{"@id":"https:\/\/www.etoro.com\/fr\/#organization"},"potentialAction":[{"@type":"SearchAction","target":{"@type":"EntryPoint","urlTemplate":"https:\/\/www.etoro.com\/fr\/?s={search_term_string}"},"query-input":{"@type":"PropertyValueSpecification","valueRequired":true,"valueName":"search_term_string"}}],"inLanguage":"fr"},[]]}},"_links":{"self":[{"href":"https:\/\/www.etoro.com\/fr\/wp-json\/wp\/v2\/pages\/997059"}],"collection":[{"href":"https:\/\/www.etoro.com\/fr\/wp-json\/wp\/v2\/pages"}],"about":[{"href":"https:\/\/www.etoro.com\/fr\/wp-json\/wp\/v2\/types\/page"}],"author":[{"embeddable":true,"href":"https:\/\/www.etoro.com\/fr\/wp-json\/wp\/v2\/users\/96"}],"replies":[{"embeddable":true,"href":"https:\/\/www.etoro.com\/fr\/wp-json\/wp\/v2\/comments?post=997059"}],"version-history":[{"count":0,"href":"https:\/\/www.etoro.com\/fr\/wp-json\/wp\/v2\/pages\/997059\/revisions"}],"up":[{"embeddable":true,"href":"https:\/\/www.etoro.com\/fr\/wp-json\/wp\/v2\/pages\/260124"}],"wp:featuredmedia":[{"embeddable":true,"href":"https:\/\/www.etoro.com\/fr\/wp-json\/wp\/v2\/media\/633033"}],"wp:attachment":[{"href":"https:\/\/www.etoro.com\/fr\/wp-json\/wp\/v2\/media?parent=997059"}],"wp:term":[{"taxonomy":"asset_type","embeddable":true,"href":"https:\/\/www.etoro.com\/fr\/wp-json\/wp\/v2\/asset_type?post=997059"}],"curies":[{"name":"wp","href":"https:\/\/api.w.org\/{rel}","templated":true}]}}