{"id":997260,"date":"2025-01-10T17:43:40","date_gmt":"2025-01-10T15:43:40","guid":{"rendered":"https:\/\/www.etoro.com\/academy\/videos\/what-is-etoros-affiliate-program\/"},"modified":"2025-02-04T12:31:37","modified_gmt":"2025-02-04T10:31:37","slug":"what-is-etoros-affiliate-program","status":"publish","type":"page","link":"https:\/\/www.etoro.com\/fr\/academy\/videos\/what-is-etoros-affiliate-program\/","title":{"rendered":"Le programme d\u2019affiliation d\u2019eToro"},"content":{"rendered":"\n<div class=\"wp-block-etoro-video-transcript\"><div class=\"wp-block-etoro-video-description\"><h2 class=\"wp-block-etoro-video-description-title\">Description<\/h2><hr\/><div class=\"wp-block-etoro-video-description-content\">Vous avez 2 minutes ? D\u00e9couvrez le programme d\u2019affiliation d\u2019eToro ! Quels en sont les avantages ? Quelles sont les conditions d&#8217;\u00e9ligibilit\u00e9 ?<\/div><\/div><div class=\"wp-block-etoro-video-transcript-content\"><h2 class=\"wp-block-etoro-video-transcript-title\">Transcription<\/h2><hr\/><div class=\"wp-block-etoro-video-transcript-text\"><div class=\"wp-block-etoro-video-transcript-text-wrapper\">\n<p>\u00catre associ\u00e9 \u00e0 une puissante marque \u00e0 succ\u00e8s, promouvoir une fa\u00e7on innovante et int\u00e9ressante de trader et d&#8217;investir et le tout en \u00e9tant pay\u00e9 \u00e7a vous tente ?<\/p>\n\n\n\n<p>Chez eToro nous comprenons la valeur de nos partenaires nous vous donnerons tout ce qu&#8217;il faut afin d&#8217;optimiser au mieux vos campagnes marketing : syst\u00e8me de tracking responsables d&#8217;affiliation professionnelle, page de redirection, banni\u00e8re dynamique montrant les cours en temps r\u00e9el et plus encore.&nbsp;<\/p>\n\n\n\n<p>Pourquoi choisir eToro, nous sommes une marque de confiance multi r\u00e9gul\u00e9e et existante depuis 2007.&nbsp;<\/p>\n\n\n\n<p>Nous sommes connus pour nos taux de conversion \u00e9lev\u00e9s mais aussi pour le large choix d&#8217;actifs que nous proposons plus de 3000 des devises, des actions, des crypto, des ETF.&nbsp;<\/p>\n\n\n\n<p>Vous pouvez le dire nous avons de tout nous sommes \u00e9galement une plateforme facile d&#8217;acc\u00e8s pour nos utilisateurs et surtout eToro est faite par et pour des gens qui cherchent \u00e0 partager leur savoir et leur exp\u00e9rience.&nbsp;<\/p>\n\n\n\n<p>C&#8217;est la seule communaut\u00e9 globale de millions de traders venus pour discuter des march\u00e9s et offrant la possibilit\u00e9 de copier d&#8217;autres traders.\u00a0<\/p>\n\n\n\n<p>Pensez-y, nos utilisateurs peuvent venir de n&#8217;importe o\u00f9 dans le monde et parler n&#8217;importe quelle langue.<\/p>\n\n\n\n<p>Notre plateforme est ouverte \u00e0 tous, partout et \u00e0 tous les niveaux d&#8217;exp\u00e9rience.&nbsp;<\/p>\n\n\n\n<p>Et \u00e7a c&#8217;est un gros potentiel en terme de trafic alors pourquoi pas rejoindre notre programme d&#8217;affiliation.&nbsp;<\/p>\n\n\n\n<p>Ce dernier s&#8217;adresse \u00e0 tous ceux qui ont une pr\u00e9sence en ligne publique comme par exemple un site web ou une cha\u00eene Youtube et ce peu importe si vous soyez un professionnel du marketing digital, un blogueur, un propri\u00e9taire de site d&#8217;information financi\u00e8re ou un \u00e9ducateur financier.&nbsp;<\/p>\n\n\n\n<p>En revanche si vous \u00eates plut\u00f4t \u00e0 la t\u00eate d&#8217;un site de casino ou de paris en ligne, un promoteur de solution promettant de devenir riche rapidement, un conseiller financier via messagerie priv\u00e9e : d\u00e9sol\u00e9 ce n&#8217;est pas pour nous.&nbsp;<\/p>\n\n\n\n<p>Alors qu&#8217;est-ce que vous en dites, on est partenaire ?&nbsp;<\/p>\n\n\n\n<p>La prochaine vid\u00e9o vous expliquera comment proc\u00e9der, je pense que c&#8217;est le d\u00e9but d&#8217;un beau partenariat.&nbsp;<\/p>\n\n\n\n<p>Merci pour votre attention et \u00e0 bient\u00f4t sur eToro.<\/p>\n<\/div><button class=\"wp-block-etoro-video-description-more-text\">AFFICHER PLUS<svg xmlns=\"http:\/\/www.w3.org\/2000\/svg\" width=\"9\" height=\"6\" viewBox=\"0 0 9 6\" fill=\"none\"><path d=\"M7.5625 1.48616L4.5 4.54866L1.4375 1.48616\" stroke=\"#13C636\" stroke-linecap=\"square\"><\/path><\/svg><\/button><\/div><\/div><\/div>\n","protected":false},"excerpt":{"rendered":"","protected":false},"author":96,"featured_media":632966,"parent":260124,"menu_order":0,"comment_status":"closed","ping_status":"closed","template":"","meta":{"_acf_changed":true,"inline_featured_image":false,"sticky_cta_settings":"","footnotes":""},"asset_type":[],"class_list":["post-997260","page","type-page","status-publish","has-post-thumbnail","hentry"],"acf":[],"yoast_head":"<title>Qu&#039;est-ce que le programme d&#039;affiliation d&#039;eToro ? - Video | Acad\u00e9mie eToro<\/title>\n<meta name=\"description\" content=\"D\u00e9couvrez le programme d&#039;affiliation d&#039;eToro dans cette vid\u00e9o. D\u00e9couvrez les avantages, les opportunit\u00e9s et comment rejoindre ce programme exclusif.\" \/>\n<meta name=\"robots\" content=\"index, follow, max-snippet:-1, max-image-preview:large, max-video-preview:-1\" \/>\n<link rel=\"canonical\" href=\"https:\/\/www.etoro.com\/fr\/wp-json\/wp\/v2\/pages\/997260\" \/>\n<meta property=\"og:locale\" content=\"fr_FR\" \/>\n<meta property=\"og:type\" content=\"article\" \/>\n<meta property=\"og:title\" content=\"Qu&#039;est-ce que le programme d&#039;affiliation d&#039;eToro ? - Video | Acad\u00e9mie eToro\" \/>\n<meta property=\"og:description\" content=\"D\u00e9couvrez le programme d&#039;affiliation d&#039;eToro dans cette vid\u00e9o. D\u00e9couvrez les avantages, les opportunit\u00e9s et comment rejoindre ce programme exclusif.\" \/>\n<meta property=\"og:url\" content=\"https:\/\/www.etoro.com\/fr\/wp-json\/wp\/v2\/pages\/997260\" \/>\n<meta property=\"og:site_name\" content=\"eToro\" \/>\n<meta property=\"article:publisher\" content=\"https:\/\/www.facebook.com\/eToro\/\" \/>\n<meta property=\"article:modified_time\" content=\"2025-02-04T10:31:37+00:00\" \/>\n<meta property=\"og:image\" content=\"https:\/\/www.etoro.com\/wp-content\/uploads\/2023\/06\/576x385_FR-1.jpg\" \/>\n\t<meta property=\"og:image:width\" content=\"576\" \/>\n\t<meta property=\"og:image:height\" content=\"385\" \/>\n\t<meta property=\"og:image:type\" content=\"image\/jpeg\" \/>\n<meta name=\"twitter:card\" content=\"summary_large_image\" \/>\n<meta name=\"twitter:site\" content=\"@eToro\" \/>\n<meta name=\"twitter:label1\" content=\"Est. reading time\" \/>\n\t<meta name=\"twitter:data1\" content=\"2 minutes\" \/>\n<script type=\"application\/ld+json\" class=\"yoast-schema-graph\">{\"@context\":\"https:\/\/schema.org\",\"@graph\":[{\"@type\":\"WebPage\",\"@id\":\"https:\/\/www.etoro.com\/fr\/academy\/videos\/what-is-etoros-affiliate-program\/\",\"url\":\"https:\/\/www.etoro.com\/fr\/academy\/videos\/what-is-etoros-affiliate-program\/\",\"name\":\"Qu'est-ce que le programme d'affiliation d'eToro ? - Video | Acad\u00e9mie eToro\",\"isPartOf\":{\"@id\":\"https:\/\/www.etoro.com\/fr\/#website\"},\"primaryImageOfPage\":{\"@id\":\"https:\/\/www.etoro.com\/fr\/academy\/videos\/what-is-etoros-affiliate-program\/#primaryimage\"},\"image\":{\"@id\":\"https:\/\/www.etoro.com\/fr\/academy\/videos\/what-is-etoros-affiliate-program\/#primaryimage\"},\"thumbnailUrl\":\"https:\/\/www.etoro.com\/wp-content\/uploads\/2023\/06\/576x385_FR-1.jpg\",\"datePublished\":\"2025-01-10T15:43:40+00:00\",\"dateModified\":\"2025-02-04T10:31:37+00:00\",\"description\":\"D\u00e9couvrez le programme d'affiliation d'eToro dans cette vid\u00e9o. D\u00e9couvrez les avantages, les opportunit\u00e9s et comment rejoindre ce programme exclusif.\",\"breadcrumb\":{\"@id\":\"https:\/\/www.etoro.com\/fr\/academy\/videos\/what-is-etoros-affiliate-program\/#breadcrumb\"},\"inLanguage\":\"fr\",\"potentialAction\":[{\"@type\":\"ReadAction\",\"target\":[\"https:\/\/www.etoro.com\/fr\/academy\/videos\/what-is-etoros-affiliate-program\/\"]}]},{\"@type\":\"ImageObject\",\"inLanguage\":\"fr\",\"@id\":\"https:\/\/www.etoro.com\/fr\/academy\/videos\/what-is-etoros-affiliate-program\/#primaryimage\",\"url\":\"https:\/\/www.etoro.com\/wp-content\/uploads\/2023\/06\/576x385_FR-1.jpg\",\"contentUrl\":\"https:\/\/www.etoro.com\/wp-content\/uploads\/2023\/06\/576x385_FR-1.jpg\",\"width\":576,\"height\":385,\"caption\":\"Tout savoir sur le programme d\u2019affiliation d\u2019eToro\"},{\"@type\":\"BreadcrumbList\",\"@id\":\"https:\/\/www.etoro.com\/fr\/academy\/videos\/what-is-etoros-affiliate-program\/#breadcrumb\",\"itemListElement\":[{\"@type\":\"ListItem\",\"position\":1,\"name\":\"Accueil\",\"item\":\"https:\/\/www.etoro.com\/fr\/\"},{\"@type\":\"ListItem\",\"position\":2,\"name\":\"eToro Academy\",\"item\":\"https:\/\/www.etoro.com\/fr\/academy\/\"},{\"@type\":\"ListItem\",\"position\":3,\"name\":\"Vid\u00e9os\",\"item\":\"https:\/\/www.etoro.com\/?page_id=221232\"},{\"@type\":\"ListItem\",\"position\":4,\"name\":\"Le programme d\u2019affiliation d\u2019eToro\"}]},{\"@type\":\"WebSite\",\"@id\":\"https:\/\/www.etoro.com\/fr\/#website\",\"url\":\"https:\/\/www.etoro.com\/fr\/\",\"name\":\"eToro\",\"description\":\"\",\"publisher\":{\"@id\":\"https:\/\/www.etoro.com\/fr\/#organization\"},\"potentialAction\":[{\"@type\":\"SearchAction\",\"target\":{\"@type\":\"EntryPoint\",\"urlTemplate\":\"https:\/\/www.etoro.com\/fr\/?s={search_term_string}\"},\"query-input\":{\"@type\":\"PropertyValueSpecification\",\"valueRequired\":true,\"valueName\":\"search_term_string\"}}],\"inLanguage\":\"fr\"},[]]}<\/script>","yoast_head_json":{"title":"Qu'est-ce que le programme d'affiliation d'eToro ? - Video | Acad\u00e9mie eToro","description":"D\u00e9couvrez le programme d'affiliation d'eToro dans cette vid\u00e9o. D\u00e9couvrez les avantages, les opportunit\u00e9s et comment rejoindre ce programme exclusif.","robots":{"index":"index","follow":"follow","max-snippet":"max-snippet:-1","max-image-preview":"max-image-preview:large","max-video-preview":"max-video-preview:-1"},"canonical":"https:\/\/www.etoro.com\/fr\/wp-json\/wp\/v2\/pages\/997260","og_locale":"fr_FR","og_type":"article","og_title":"Qu'est-ce que le programme d'affiliation d'eToro ? - Video | Acad\u00e9mie eToro","og_description":"D\u00e9couvrez le programme d'affiliation d'eToro dans cette vid\u00e9o. D\u00e9couvrez les avantages, les opportunit\u00e9s et comment rejoindre ce programme exclusif.","og_url":"https:\/\/www.etoro.com\/fr\/wp-json\/wp\/v2\/pages\/997260","og_site_name":"eToro","article_publisher":"https:\/\/www.facebook.com\/eToro\/","article_modified_time":"2025-02-04T10:31:37+00:00","og_image":[{"width":576,"height":385,"url":"https:\/\/www.etoro.com\/wp-content\/uploads\/2023\/06\/576x385_FR-1.jpg","type":"image\/jpeg"}],"twitter_card":"summary_large_image","twitter_site":"@eToro","twitter_misc":{"Est. reading time":"2 minutes"},"schema":{"@context":"https:\/\/schema.org","@graph":[{"@type":"WebPage","@id":"https:\/\/www.etoro.com\/fr\/academy\/videos\/what-is-etoros-affiliate-program\/","url":"https:\/\/www.etoro.com\/fr\/academy\/videos\/what-is-etoros-affiliate-program\/","name":"Qu'est-ce que le programme d'affiliation d'eToro ? - Video | Acad\u00e9mie eToro","isPartOf":{"@id":"https:\/\/www.etoro.com\/fr\/#website"},"primaryImageOfPage":{"@id":"https:\/\/www.etoro.com\/fr\/academy\/videos\/what-is-etoros-affiliate-program\/#primaryimage"},"image":{"@id":"https:\/\/www.etoro.com\/fr\/academy\/videos\/what-is-etoros-affiliate-program\/#primaryimage"},"thumbnailUrl":"https:\/\/www.etoro.com\/wp-content\/uploads\/2023\/06\/576x385_FR-1.jpg","datePublished":"2025-01-10T15:43:40+00:00","dateModified":"2025-02-04T10:31:37+00:00","description":"D\u00e9couvrez le programme d'affiliation d'eToro dans cette vid\u00e9o. D\u00e9couvrez les avantages, les opportunit\u00e9s et comment rejoindre ce programme exclusif.","breadcrumb":{"@id":"https:\/\/www.etoro.com\/fr\/academy\/videos\/what-is-etoros-affiliate-program\/#breadcrumb"},"inLanguage":"fr","potentialAction":[{"@type":"ReadAction","target":["https:\/\/www.etoro.com\/fr\/academy\/videos\/what-is-etoros-affiliate-program\/"]}]},{"@type":"ImageObject","inLanguage":"fr","@id":"https:\/\/www.etoro.com\/fr\/academy\/videos\/what-is-etoros-affiliate-program\/#primaryimage","url":"https:\/\/www.etoro.com\/wp-content\/uploads\/2023\/06\/576x385_FR-1.jpg","contentUrl":"https:\/\/www.etoro.com\/wp-content\/uploads\/2023\/06\/576x385_FR-1.jpg","width":576,"height":385,"caption":"Tout savoir sur le programme d\u2019affiliation d\u2019eToro"},{"@type":"BreadcrumbList","@id":"https:\/\/www.etoro.com\/fr\/academy\/videos\/what-is-etoros-affiliate-program\/#breadcrumb","itemListElement":[{"@type":"ListItem","position":1,"name":"Accueil","item":"https:\/\/www.etoro.com\/fr\/"},{"@type":"ListItem","position":2,"name":"eToro Academy","item":"https:\/\/www.etoro.com\/fr\/academy\/"},{"@type":"ListItem","position":3,"name":"Vid\u00e9os","item":"https:\/\/www.etoro.com\/?page_id=221232"},{"@type":"ListItem","position":4,"name":"Le programme d\u2019affiliation d\u2019eToro"}]},{"@type":"WebSite","@id":"https:\/\/www.etoro.com\/fr\/#website","url":"https:\/\/www.etoro.com\/fr\/","name":"eToro","description":"","publisher":{"@id":"https:\/\/www.etoro.com\/fr\/#organization"},"potentialAction":[{"@type":"SearchAction","target":{"@type":"EntryPoint","urlTemplate":"https:\/\/www.etoro.com\/fr\/?s={search_term_string}"},"query-input":{"@type":"PropertyValueSpecification","valueRequired":true,"valueName":"search_term_string"}}],"inLanguage":"fr"},[]]}},"_links":{"self":[{"href":"https:\/\/www.etoro.com\/fr\/wp-json\/wp\/v2\/pages\/997260"}],"collection":[{"href":"https:\/\/www.etoro.com\/fr\/wp-json\/wp\/v2\/pages"}],"about":[{"href":"https:\/\/www.etoro.com\/fr\/wp-json\/wp\/v2\/types\/page"}],"author":[{"embeddable":true,"href":"https:\/\/www.etoro.com\/fr\/wp-json\/wp\/v2\/users\/96"}],"replies":[{"embeddable":true,"href":"https:\/\/www.etoro.com\/fr\/wp-json\/wp\/v2\/comments?post=997260"}],"version-history":[{"count":0,"href":"https:\/\/www.etoro.com\/fr\/wp-json\/wp\/v2\/pages\/997260\/revisions"}],"up":[{"embeddable":true,"href":"https:\/\/www.etoro.com\/fr\/wp-json\/wp\/v2\/pages\/260124"}],"wp:featuredmedia":[{"embeddable":true,"href":"https:\/\/www.etoro.com\/fr\/wp-json\/wp\/v2\/media\/632966"}],"wp:attachment":[{"href":"https:\/\/www.etoro.com\/fr\/wp-json\/wp\/v2\/media?parent=997260"}],"wp:term":[{"taxonomy":"asset_type","embeddable":true,"href":"https:\/\/www.etoro.com\/fr\/wp-json\/wp\/v2\/asset_type?post=997260"}],"curies":[{"name":"wp","href":"https:\/\/api.w.org\/{rel}","templated":true}]}}