{"id":997268,"date":"2025-01-10T17:40:23","date_gmt":"2025-01-10T15:40:23","guid":{"rendered":"https:\/\/www.etoro.com\/academy\/videos\/becoming-a-popular-investor-on-etoro\/"},"modified":"2025-02-04T12:33:33","modified_gmt":"2025-02-04T10:33:33","slug":"becoming-a-popular-investor-on-etoro","status":"publish","type":"page","link":"https:\/\/www.etoro.com\/fr\/academy\/videos\/becoming-a-popular-investor-on-etoro\/","title":{"rendered":"Devenir un Popular Investor sur eToro"},"content":{"rendered":"\n<div class=\"wp-block-etoro-video-transcript\"><div class=\"wp-block-etoro-video-description\"><h2 class=\"wp-block-etoro-video-description-title\">Description<\/h2><hr\/><div class=\"wp-block-etoro-video-description-content\">Que vous faut-il pour devenir un Popular Investor sur eToro ? Regardez cette vid\u00e9o pour tout savoir !<\/div><\/div><div class=\"wp-block-etoro-video-transcript-content\"><h2 class=\"wp-block-etoro-video-transcript-title\">Transcription<\/h2><hr\/><div class=\"wp-block-etoro-video-transcript-text\"><div class=\"wp-block-etoro-video-transcript-text-wrapper\">\n<p>Bonjour \u00e0 tous et bienvenue dans le monde des Popular Investors.<\/p>\n\n\n\n<p>Dans la vid\u00e9o pr\u00e9c\u00e9dente, nous avons expliqu\u00e9 de quoi il \u00e9tait question et \u00e0 qui cela \u00e9tait destin\u00e9.&nbsp;<\/p>\n\n\n\n<p>Si vous \u00eates encore l\u00e0 c&#8217;est que nous vous avons convaincu d&#8217;\u00eatre de la partie.&nbsp;<\/p>\n\n\n\n<p>Alors parlons peu parlons bien, comment faire partie de ce programme premi\u00e8rement ?&nbsp;<\/p>\n\n\n\n<p>Cela semble assez \u00e9vident, vous avez besoin d&#8217;un compte actif sur eToro, le capital pr\u00e9sent sur le compte doit \u00eatre sup\u00e9rieur \u00e0 1000 dollars, votre nom doit \u00eatre visible sur le compte ce qui exclut les noms d&#8217;utilisateurs fantaisistes, il en va de m\u00eame pour votre photo.\u00a0<\/p>\n\n\n\n<p>Ensuite vous devez vous assurer d&#8217;avoir une biographie longue d\u2019au moins 150 caract\u00e8res qui d\u00e9crivent vos objectifs et votre strat\u00e9gie d&#8217;investissement, de cette mani\u00e8re les utilisateurs pourront voir vos stats et en apprendre plus sur vous par la m\u00eame occasion.<\/p>\n\n\n\n<p>N&#8217;oubliez pas, la transparence et la responsabilit\u00e9 sont cruciale, la consistance est tout aussi importante, c&#8217;est pourquoi vous devrez justifier d&#8217;un historique de trading et d&#8217;investissement actif sur eToro depuis au moins deux mois et vous devrez aussi faire attention \u00e0 la volatilit\u00e9 de vos placements.&nbsp;<\/p>\n\n\n\n<p>Chaque investisseur sur eToro dispose d&#8217;un score li\u00e9 au risque, ce dernier est calcul\u00e9 en prenant en compte plusieurs facteurs comme le type d&#8217;actifs poss\u00e9d\u00e9, les effets de levier utilis\u00e9s et la volatilit\u00e9 des investissements choisis : tout cela ensemble nous permet, ainsi qu&#8217;\u00e0 vos copieurs potentiels, d\u2019avoir une id\u00e9e du risque \u00e0 copier votre portefeuille.<\/p>\n\n\n\n<p>L&#8217;objectif \u00e9tant de prot\u00e9ger au mieux les investissements de nos utilisateurs pour devenir un Popular Investor.\u00a0<\/p>\n\n\n\n<p>Vous devez maintenir un score de risque moyen de 7 ou moins pour au moins 6 mois enfin, et ne le prenez pas mal, vous devrez attirer au moins une personne financi\u00e8rement parlant \u00e9videmment.&nbsp;<\/p>\n\n\n\n<p>Il vous faut en effet au minimum un copieur.&nbsp;<\/p>\n\n\n\n<p>Si vous avez coch\u00e9 toutes ces cases il ne vous reste plus qu&#8217;\u00e0 vous connecter sur le site.<\/p>\n\n\n\n<p>eToro Popular Investor et \u00e0 cliquer sur postuler, accepter toutes les conditions et vous y \u00eates, votre candidature sera \u00e9tudi\u00e9e et vous aurez une r\u00e9ponse sous 14 jours.&nbsp;<\/p>\n\n\n\n<p>En tant que Popular Investor vous grimperez progressivement les \u00e9chelons et vous obtiendrez ainsi de plus en plus davantage donc entretenez une image professionnelle n&#8217;h\u00e9sitez pas \u00e0 intervenir dans les discussions au sein de la communaut\u00e9, partagez, d\u00e9taillez votre strat\u00e9gie d&#8217;investissement et eToro vous mettra en avant et montrera votre portefeuille \u00e0 de nouveaux copieurs potentiels et ce m\u00eame en dehors de la plateforme.\u00a0<\/p>\n\n\n\n<p>C&#8217;est une relation gagnant-gagnant.<\/p>\n\n\n\n<p>Bonne chance merci pour votre attention et \u00e0 bient\u00f4t sur eToro.<\/p>\n<\/div><button class=\"wp-block-etoro-video-description-more-text\">AFFICHER PLUS<svg xmlns=\"http:\/\/www.w3.org\/2000\/svg\" width=\"9\" height=\"6\" viewBox=\"0 0 9 6\" fill=\"none\"><path d=\"M7.5625 1.48616L4.5 4.54866L1.4375 1.48616\" stroke=\"#13C636\" stroke-linecap=\"square\"><\/path><\/svg><\/button><\/div><\/div><\/div>\n","protected":false},"excerpt":{"rendered":"","protected":false},"author":96,"featured_media":632899,"parent":260124,"menu_order":0,"comment_status":"closed","ping_status":"closed","template":"","meta":{"_acf_changed":false,"inline_featured_image":false,"sticky_cta_settings":"","footnotes":""},"asset_type":[],"class_list":["post-997268","page","type-page","status-publish","has-post-thumbnail","hentry"],"acf":[],"yoast_head":"<title>Devenir un Popular Investor - Video | Acad\u00e9mie eToro<\/title>\n<meta name=\"description\" content=\"Comment devenir un investisseur populaire sur eToro ? Regardez cette vid\u00e9o pour en savoir plus sur les exigences et les avantages du programme.\" \/>\n<meta name=\"robots\" content=\"index, follow, max-snippet:-1, max-image-preview:large, max-video-preview:-1\" \/>\n<link rel=\"canonical\" href=\"https:\/\/www.etoro.com\/fr\/wp-json\/wp\/v2\/pages\/997268\" \/>\n<meta property=\"og:locale\" content=\"fr_FR\" \/>\n<meta property=\"og:type\" content=\"article\" \/>\n<meta property=\"og:title\" content=\"Devenir un Popular Investor - Video | Acad\u00e9mie eToro\" \/>\n<meta property=\"og:description\" content=\"Comment devenir un investisseur populaire sur eToro ? Regardez cette vid\u00e9o pour en savoir plus sur les exigences et les avantages du programme.\" \/>\n<meta property=\"og:url\" content=\"https:\/\/www.etoro.com\/fr\/wp-json\/wp\/v2\/pages\/997268\" \/>\n<meta property=\"og:site_name\" content=\"eToro\" \/>\n<meta property=\"article:publisher\" content=\"https:\/\/www.facebook.com\/eToro\/\" \/>\n<meta property=\"article:modified_time\" content=\"2025-02-04T10:33:33+00:00\" \/>\n<meta property=\"og:image\" content=\"https:\/\/www.etoro.com\/wp-content\/uploads\/2023\/06\/576x385_FR.jpg\" \/>\n\t<meta property=\"og:image:width\" content=\"576\" \/>\n\t<meta property=\"og:image:height\" content=\"385\" \/>\n\t<meta property=\"og:image:type\" content=\"image\/jpeg\" \/>\n<meta name=\"twitter:card\" content=\"summary_large_image\" \/>\n<meta name=\"twitter:site\" content=\"@eToro\" \/>\n<meta name=\"twitter:label1\" content=\"Est. reading time\" \/>\n\t<meta name=\"twitter:data1\" content=\"2 minutes\" \/>\n<script type=\"application\/ld+json\" class=\"yoast-schema-graph\">{\"@context\":\"https:\/\/schema.org\",\"@graph\":[{\"@type\":\"WebPage\",\"@id\":\"https:\/\/www.etoro.com\/fr\/academy\/videos\/becoming-a-popular-investor-on-etoro\/\",\"url\":\"https:\/\/www.etoro.com\/fr\/academy\/videos\/becoming-a-popular-investor-on-etoro\/\",\"name\":\"Devenir un Popular Investor - Video | Acad\u00e9mie eToro\",\"isPartOf\":{\"@id\":\"https:\/\/www.etoro.com\/fr\/#website\"},\"primaryImageOfPage\":{\"@id\":\"https:\/\/www.etoro.com\/fr\/academy\/videos\/becoming-a-popular-investor-on-etoro\/#primaryimage\"},\"image\":{\"@id\":\"https:\/\/www.etoro.com\/fr\/academy\/videos\/becoming-a-popular-investor-on-etoro\/#primaryimage\"},\"thumbnailUrl\":\"https:\/\/www.etoro.com\/wp-content\/uploads\/2023\/06\/576x385_FR.jpg\",\"datePublished\":\"2025-01-10T15:40:23+00:00\",\"dateModified\":\"2025-02-04T10:33:33+00:00\",\"description\":\"Comment devenir un investisseur populaire sur eToro ? Regardez cette vid\u00e9o pour en savoir plus sur les exigences et les avantages du programme.\",\"breadcrumb\":{\"@id\":\"https:\/\/www.etoro.com\/fr\/academy\/videos\/becoming-a-popular-investor-on-etoro\/#breadcrumb\"},\"inLanguage\":\"fr\",\"potentialAction\":[{\"@type\":\"ReadAction\",\"target\":[\"https:\/\/www.etoro.com\/fr\/academy\/videos\/becoming-a-popular-investor-on-etoro\/\"]}]},{\"@type\":\"ImageObject\",\"inLanguage\":\"fr\",\"@id\":\"https:\/\/www.etoro.com\/fr\/academy\/videos\/becoming-a-popular-investor-on-etoro\/#primaryimage\",\"url\":\"https:\/\/www.etoro.com\/wp-content\/uploads\/2023\/06\/576x385_FR.jpg\",\"contentUrl\":\"https:\/\/www.etoro.com\/wp-content\/uploads\/2023\/06\/576x385_FR.jpg\",\"width\":576,\"height\":385,\"caption\":\"Comment devenir un Popular Investor sur eToro ?\"},{\"@type\":\"BreadcrumbList\",\"@id\":\"https:\/\/www.etoro.com\/fr\/academy\/videos\/becoming-a-popular-investor-on-etoro\/#breadcrumb\",\"itemListElement\":[{\"@type\":\"ListItem\",\"position\":1,\"name\":\"Accueil\",\"item\":\"https:\/\/www.etoro.com\/fr\/\"},{\"@type\":\"ListItem\",\"position\":2,\"name\":\"eToro Academy\",\"item\":\"https:\/\/www.etoro.com\/fr\/academy\/\"},{\"@type\":\"ListItem\",\"position\":3,\"name\":\"Vid\u00e9os\",\"item\":\"https:\/\/www.etoro.com\/?page_id=221232\"},{\"@type\":\"ListItem\",\"position\":4,\"name\":\"Devenir un Popular Investor sur eToro\"}]},{\"@type\":\"WebSite\",\"@id\":\"https:\/\/www.etoro.com\/fr\/#website\",\"url\":\"https:\/\/www.etoro.com\/fr\/\",\"name\":\"eToro\",\"description\":\"\",\"publisher\":{\"@id\":\"https:\/\/www.etoro.com\/fr\/#organization\"},\"potentialAction\":[{\"@type\":\"SearchAction\",\"target\":{\"@type\":\"EntryPoint\",\"urlTemplate\":\"https:\/\/www.etoro.com\/fr\/?s={search_term_string}\"},\"query-input\":{\"@type\":\"PropertyValueSpecification\",\"valueRequired\":true,\"valueName\":\"search_term_string\"}}],\"inLanguage\":\"fr\"},[]]}<\/script>","yoast_head_json":{"title":"Devenir un Popular Investor - Video | Acad\u00e9mie eToro","description":"Comment devenir un investisseur populaire sur eToro ? Regardez cette vid\u00e9o pour en savoir plus sur les exigences et les avantages du programme.","robots":{"index":"index","follow":"follow","max-snippet":"max-snippet:-1","max-image-preview":"max-image-preview:large","max-video-preview":"max-video-preview:-1"},"canonical":"https:\/\/www.etoro.com\/fr\/wp-json\/wp\/v2\/pages\/997268","og_locale":"fr_FR","og_type":"article","og_title":"Devenir un Popular Investor - Video | Acad\u00e9mie eToro","og_description":"Comment devenir un investisseur populaire sur eToro ? Regardez cette vid\u00e9o pour en savoir plus sur les exigences et les avantages du programme.","og_url":"https:\/\/www.etoro.com\/fr\/wp-json\/wp\/v2\/pages\/997268","og_site_name":"eToro","article_publisher":"https:\/\/www.facebook.com\/eToro\/","article_modified_time":"2025-02-04T10:33:33+00:00","og_image":[{"width":576,"height":385,"url":"https:\/\/www.etoro.com\/wp-content\/uploads\/2023\/06\/576x385_FR.jpg","type":"image\/jpeg"}],"twitter_card":"summary_large_image","twitter_site":"@eToro","twitter_misc":{"Est. reading time":"2 minutes"},"schema":{"@context":"https:\/\/schema.org","@graph":[{"@type":"WebPage","@id":"https:\/\/www.etoro.com\/fr\/academy\/videos\/becoming-a-popular-investor-on-etoro\/","url":"https:\/\/www.etoro.com\/fr\/academy\/videos\/becoming-a-popular-investor-on-etoro\/","name":"Devenir un Popular Investor - Video | Acad\u00e9mie eToro","isPartOf":{"@id":"https:\/\/www.etoro.com\/fr\/#website"},"primaryImageOfPage":{"@id":"https:\/\/www.etoro.com\/fr\/academy\/videos\/becoming-a-popular-investor-on-etoro\/#primaryimage"},"image":{"@id":"https:\/\/www.etoro.com\/fr\/academy\/videos\/becoming-a-popular-investor-on-etoro\/#primaryimage"},"thumbnailUrl":"https:\/\/www.etoro.com\/wp-content\/uploads\/2023\/06\/576x385_FR.jpg","datePublished":"2025-01-10T15:40:23+00:00","dateModified":"2025-02-04T10:33:33+00:00","description":"Comment devenir un investisseur populaire sur eToro ? Regardez cette vid\u00e9o pour en savoir plus sur les exigences et les avantages du programme.","breadcrumb":{"@id":"https:\/\/www.etoro.com\/fr\/academy\/videos\/becoming-a-popular-investor-on-etoro\/#breadcrumb"},"inLanguage":"fr","potentialAction":[{"@type":"ReadAction","target":["https:\/\/www.etoro.com\/fr\/academy\/videos\/becoming-a-popular-investor-on-etoro\/"]}]},{"@type":"ImageObject","inLanguage":"fr","@id":"https:\/\/www.etoro.com\/fr\/academy\/videos\/becoming-a-popular-investor-on-etoro\/#primaryimage","url":"https:\/\/www.etoro.com\/wp-content\/uploads\/2023\/06\/576x385_FR.jpg","contentUrl":"https:\/\/www.etoro.com\/wp-content\/uploads\/2023\/06\/576x385_FR.jpg","width":576,"height":385,"caption":"Comment devenir un Popular Investor sur eToro ?"},{"@type":"BreadcrumbList","@id":"https:\/\/www.etoro.com\/fr\/academy\/videos\/becoming-a-popular-investor-on-etoro\/#breadcrumb","itemListElement":[{"@type":"ListItem","position":1,"name":"Accueil","item":"https:\/\/www.etoro.com\/fr\/"},{"@type":"ListItem","position":2,"name":"eToro Academy","item":"https:\/\/www.etoro.com\/fr\/academy\/"},{"@type":"ListItem","position":3,"name":"Vid\u00e9os","item":"https:\/\/www.etoro.com\/?page_id=221232"},{"@type":"ListItem","position":4,"name":"Devenir un Popular Investor sur eToro"}]},{"@type":"WebSite","@id":"https:\/\/www.etoro.com\/fr\/#website","url":"https:\/\/www.etoro.com\/fr\/","name":"eToro","description":"","publisher":{"@id":"https:\/\/www.etoro.com\/fr\/#organization"},"potentialAction":[{"@type":"SearchAction","target":{"@type":"EntryPoint","urlTemplate":"https:\/\/www.etoro.com\/fr\/?s={search_term_string}"},"query-input":{"@type":"PropertyValueSpecification","valueRequired":true,"valueName":"search_term_string"}}],"inLanguage":"fr"},[]]}},"_links":{"self":[{"href":"https:\/\/www.etoro.com\/fr\/wp-json\/wp\/v2\/pages\/997268"}],"collection":[{"href":"https:\/\/www.etoro.com\/fr\/wp-json\/wp\/v2\/pages"}],"about":[{"href":"https:\/\/www.etoro.com\/fr\/wp-json\/wp\/v2\/types\/page"}],"author":[{"embeddable":true,"href":"https:\/\/www.etoro.com\/fr\/wp-json\/wp\/v2\/users\/96"}],"replies":[{"embeddable":true,"href":"https:\/\/www.etoro.com\/fr\/wp-json\/wp\/v2\/comments?post=997268"}],"version-history":[{"count":0,"href":"https:\/\/www.etoro.com\/fr\/wp-json\/wp\/v2\/pages\/997268\/revisions"}],"up":[{"embeddable":true,"href":"https:\/\/www.etoro.com\/fr\/wp-json\/wp\/v2\/pages\/260124"}],"wp:featuredmedia":[{"embeddable":true,"href":"https:\/\/www.etoro.com\/fr\/wp-json\/wp\/v2\/media\/632899"}],"wp:attachment":[{"href":"https:\/\/www.etoro.com\/fr\/wp-json\/wp\/v2\/media?parent=997268"}],"wp:term":[{"taxonomy":"asset_type","embeddable":true,"href":"https:\/\/www.etoro.com\/fr\/wp-json\/wp\/v2\/asset_type?post=997268"}],"curies":[{"name":"wp","href":"https:\/\/api.w.org\/{rel}","templated":true}]}}