{"id":997275,"date":"2025-01-10T17:46:19","date_gmt":"2025-01-10T15:46:19","guid":{"rendered":"https:\/\/www.etoro.com\/academy\/videos\/what-you-get-when-investing-on-etoro\/"},"modified":"2025-02-03T13:57:55","modified_gmt":"2025-02-03T11:57:55","slug":"what-you-get-when-investing-on-etoro","status":"publish","type":"page","link":"https:\/\/www.etoro.com\/fr\/academy\/videos\/what-you-get-when-investing-on-etoro\/","title":{"rendered":"Comprendre l&#8217;investissement sur eToro"},"content":{"rendered":"\n<div class=\"wp-block-etoro-video-transcript\"><div class=\"wp-block-etoro-video-description\"><h2 class=\"wp-block-etoro-video-description-title\">Description<\/h2><hr\/><div class=\"wp-block-etoro-video-description-content\">L\u2019investissement vous oblige souvent \u00e0 composer avec certaines notions complexes et parfois confuses. Regardez cette vid\u00e9o pour savoir \u00e0 quoi correspond chaque action en investissant sur eToro.<\/div><\/div><div class=\"wp-block-etoro-video-transcript-content\"><h2 class=\"wp-block-etoro-video-transcript-title\">Transcription<\/h2><hr\/><div class=\"wp-block-etoro-video-transcript-text\"><div class=\"wp-block-etoro-video-transcript-text-wrapper\">\n<p>Bonjour \u00e0 tous, dans la vid\u00e9o pr\u00e9c\u00e9dente nous avons abord\u00e9 la question de la s\u00e9curit\u00e9 de vos fonds et investissement chez eToro et des mesures que nous prenons afin de tout s\u00e9curiser.<\/p>\n\n\n\n<p>Maintenant r\u00e9pondons \u00e0 d&#8217;autres questions que nous rencontrons souvent.<\/p>\n\n\n\n<p>eToro vous offre plusieurs options d&#8217;achat, la premi\u00e8re est l&#8217;achat d&#8217;un actif sans effet de levier.<\/p>\n\n\n\n<p>Vous \u00eates libre de la garder ouverte aussi longtemps que vous le souhaitez et vous n&#8217;avez pas besoin de d\u00e9finir un stop loss ou un take profit.<\/p>\n\n\n\n<p>&nbsp;Si vous ne savez pas de quoi il s\u2019agit.<\/p>\n\n\n\n<p>Un stop loss est un ordre automatique permettant de fermer une position, si elle atteint un certain niveau, un montant.<\/p>\n\n\n\n<p>En d&#8217;autres termes, il s&#8217;agit d&#8217;un outil de gestion du risque qui est g\u00e9n\u00e9ralement obligatoire sauf comme nous le disions lorsque vous d\u00e9tenez l&#8217;actif sous-jacent.<\/p>\n\n\n\n<p>Le take profit de son c\u00f4t\u00e9 vous permet de fermer une position atteignant un certain niveau en votre faveur.<\/p>\n\n\n\n<p>Autrement dit c&#8217;est un moyen de vous assurer de faire un profit avant que le cours ne risque de redescendre.<\/p>\n\n\n\n<p>Une autre option d&#8217;achat est l&#8217;utilisation de l&#8217;effet de levier.<\/p>\n\n\n\n<p>ll s&#8217;agit d&#8217;une strat\u00e9gie via laquelle vous utilisez certains instruments financiers afin d&#8217;ouvrir une position avec une exposition au march\u00e9 bien plus importante, le tout avec un capital investi bien moindre.&nbsp;<\/p>\n\n\n\n<p>Bien s\u00fbr, si votre position va dans le bon sens cela augmente fortement votre retour sur investissement potentiel.<\/p>\n\n\n\n<p>D&#8217;un autre c\u00f4t\u00e9 vous pouvez perdre beaucoup, ce qui en fait une option risqu\u00e9e.<\/p>\n\n\n\n<p>Veuillez noter qu&#8217;en utilisant un effet de levier, de par la r\u00e9gulation, vous avez automatiquement un stop loss \u00e0 hauteur de 50 % du montant investi et vous serez dans l&#8217;obligation de d\u00e9finir un take profit.&nbsp;<\/p>\n\n\n\n<p>Enfin vous pouvez \u00e9galement ouvrir une position vente ce qui revient \u00e0 ce que l&#8217;on appelle de la vente \u00e0 d\u00e9couvert.<\/p>\n\n\n\n<p>L&#8217;objectif ici est de faire des profits sur la baisse du march\u00e9.&nbsp;<\/p>\n\n\n\n<p>Cela peut \u00eatre aussi utilis\u00e9 comme un outil de couverture, sur eToro cela se fait via un CFD.<\/p>\n\n\n\n<p>Ouvrez votre portefeuille, \u00e0 c\u00f4t\u00e9 de chacun de vos investissements, vous pouvez voir une mention sp\u00e9cifiante s&#8217;il s&#8217;agit d&#8217;un actif r\u00e9el ou d&#8217;un CFD. Vous pouvez aussi voir ces d\u00e9tails dans votre relev\u00e9 de compte si vous le souhaitez.<\/p>\n\n\n\n<p>C&#8217;est facile pas de frais de roulement la nuit, ou le week-end et aussi des droits de vote pour des actions am\u00e9ricaines.<\/p>\n\n\n\n<p>Comme nous le disions dans la vid\u00e9o pr\u00e9c\u00e9dente, il est tr\u00e8s improbable qu&#8217;eToro fasse faillite. Mais si cela venait \u00e0 arriver, votre argent serait conserv\u00e9 s\u00e9par\u00e9ment de celui de l&#8217;entreprise.<\/p>\n\n\n\n<p>Alors que vous vous positionnez sur l&#8217;actif sous-jacent ou sur un CFD,&nbsp; nous faisons en sorte de garder votre argent en s\u00e9curit\u00e9.<\/p>\n\n\n\n<p>Merci pour votre attention et \u00e0 bient\u00f4t sur eToro.<\/p>\n<\/div><button class=\"wp-block-etoro-video-description-more-text\">AFFICHER PLUS<svg xmlns=\"http:\/\/www.w3.org\/2000\/svg\" width=\"9\" height=\"6\" viewBox=\"0 0 9 6\" fill=\"none\"><path d=\"M7.5625 1.48616L4.5 4.54866L1.4375 1.48616\" stroke=\"#13C636\" stroke-linecap=\"square\"><\/path><\/svg><\/button><\/div><\/div><\/div>\n","protected":false},"excerpt":{"rendered":"","protected":false},"author":96,"featured_media":622590,"parent":260124,"menu_order":0,"comment_status":"closed","ping_status":"closed","template":"","meta":{"_acf_changed":true,"inline_featured_image":false,"sticky_cta_settings":"","footnotes":""},"asset_type":[6601],"class_list":["post-997275","page","type-page","status-publish","has-post-thumbnail","hentry","asset_type-is-cfd"],"acf":[],"yoast_head":"<title>Ce que vous obtenez en investissant - Video | Acad\u00e9mie eToro<\/title>\n<meta name=\"description\" content=\"Apprenez la signification de termes tels que long, short, effet de levier et CFD dans cette vid\u00e9o. Ma\u00eetrisez les bases de chaque action que vous effectuez sur eToro.\" \/>\n<meta name=\"robots\" content=\"index, follow, max-snippet:-1, max-image-preview:large, max-video-preview:-1\" \/>\n<link rel=\"canonical\" href=\"https:\/\/www.etoro.com\/fr\/wp-json\/wp\/v2\/pages\/997275\" \/>\n<meta property=\"og:locale\" content=\"fr_FR\" \/>\n<meta property=\"og:type\" content=\"article\" \/>\n<meta property=\"og:title\" content=\"Ce que vous obtenez en investissant - Video | Acad\u00e9mie eToro\" \/>\n<meta property=\"og:description\" content=\"Apprenez la signification de termes tels que long, short, effet de levier et CFD dans cette vid\u00e9o. Ma\u00eetrisez les bases de chaque action que vous effectuez sur eToro.\" \/>\n<meta property=\"og:url\" content=\"https:\/\/www.etoro.com\/fr\/wp-json\/wp\/v2\/pages\/997275\" \/>\n<meta property=\"og:site_name\" content=\"eToro\" \/>\n<meta property=\"article:publisher\" content=\"https:\/\/www.facebook.com\/eToro\/\" \/>\n<meta property=\"article:modified_time\" content=\"2025-02-03T11:57:55+00:00\" \/>\n<meta property=\"og:image\" content=\"https:\/\/www.etoro.com\/wp-content\/uploads\/2023\/06\/1085_576x385_FR-1.jpg\" \/>\n\t<meta property=\"og:image:width\" content=\"576\" \/>\n\t<meta property=\"og:image:height\" content=\"385\" \/>\n\t<meta property=\"og:image:type\" content=\"image\/jpeg\" \/>\n<meta name=\"twitter:card\" content=\"summary_large_image\" \/>\n<meta name=\"twitter:site\" content=\"@eToro\" \/>\n<meta name=\"twitter:label1\" content=\"Est. reading time\" \/>\n\t<meta name=\"twitter:data1\" content=\"3 minutes\" \/>\n<script type=\"application\/ld+json\" class=\"yoast-schema-graph\">{\"@context\":\"https:\/\/schema.org\",\"@graph\":[{\"@type\":\"WebPage\",\"@id\":\"https:\/\/www.etoro.com\/fr\/academy\/videos\/what-you-get-when-investing-on-etoro\/\",\"url\":\"https:\/\/www.etoro.com\/fr\/academy\/videos\/what-you-get-when-investing-on-etoro\/\",\"name\":\"Ce que vous obtenez en investissant - Video | Acad\u00e9mie eToro\",\"isPartOf\":{\"@id\":\"https:\/\/www.etoro.com\/fr\/#website\"},\"primaryImageOfPage\":{\"@id\":\"https:\/\/www.etoro.com\/fr\/academy\/videos\/what-you-get-when-investing-on-etoro\/#primaryimage\"},\"image\":{\"@id\":\"https:\/\/www.etoro.com\/fr\/academy\/videos\/what-you-get-when-investing-on-etoro\/#primaryimage\"},\"thumbnailUrl\":\"https:\/\/www.etoro.com\/wp-content\/uploads\/2023\/06\/1085_576x385_FR-1.jpg\",\"datePublished\":\"2025-01-10T15:46:19+00:00\",\"dateModified\":\"2025-02-03T11:57:55+00:00\",\"description\":\"Apprenez la signification de termes tels que long, short, effet de levier et CFD dans cette vid\u00e9o. Ma\u00eetrisez les bases de chaque action que vous effectuez sur eToro.\",\"breadcrumb\":{\"@id\":\"https:\/\/www.etoro.com\/fr\/academy\/videos\/what-you-get-when-investing-on-etoro\/#breadcrumb\"},\"inLanguage\":\"fr\",\"potentialAction\":[{\"@type\":\"ReadAction\",\"target\":[\"https:\/\/www.etoro.com\/fr\/academy\/videos\/what-you-get-when-investing-on-etoro\/\"]}]},{\"@type\":\"ImageObject\",\"inLanguage\":\"fr\",\"@id\":\"https:\/\/www.etoro.com\/fr\/academy\/videos\/what-you-get-when-investing-on-etoro\/#primaryimage\",\"url\":\"https:\/\/www.etoro.com\/wp-content\/uploads\/2023\/06\/1085_576x385_FR-1.jpg\",\"contentUrl\":\"https:\/\/www.etoro.com\/wp-content\/uploads\/2023\/06\/1085_576x385_FR-1.jpg\",\"width\":576,\"height\":385},{\"@type\":\"BreadcrumbList\",\"@id\":\"https:\/\/www.etoro.com\/fr\/academy\/videos\/what-you-get-when-investing-on-etoro\/#breadcrumb\",\"itemListElement\":[{\"@type\":\"ListItem\",\"position\":1,\"name\":\"Accueil\",\"item\":\"https:\/\/www.etoro.com\/fr\/\"},{\"@type\":\"ListItem\",\"position\":2,\"name\":\"eToro Academy\",\"item\":\"https:\/\/www.etoro.com\/fr\/academy\/\"},{\"@type\":\"ListItem\",\"position\":3,\"name\":\"Vid\u00e9os\",\"item\":\"https:\/\/www.etoro.com\/?page_id=221232\"},{\"@type\":\"ListItem\",\"position\":4,\"name\":\"Comprendre l&#8217;investissement sur eToro\"}]},{\"@type\":\"WebSite\",\"@id\":\"https:\/\/www.etoro.com\/fr\/#website\",\"url\":\"https:\/\/www.etoro.com\/fr\/\",\"name\":\"eToro\",\"description\":\"\",\"publisher\":{\"@id\":\"https:\/\/www.etoro.com\/fr\/#organization\"},\"potentialAction\":[{\"@type\":\"SearchAction\",\"target\":{\"@type\":\"EntryPoint\",\"urlTemplate\":\"https:\/\/www.etoro.com\/fr\/?s={search_term_string}\"},\"query-input\":{\"@type\":\"PropertyValueSpecification\",\"valueRequired\":true,\"valueName\":\"search_term_string\"}}],\"inLanguage\":\"fr\"},[]]}<\/script>","yoast_head_json":{"title":"Ce que vous obtenez en investissant - Video | Acad\u00e9mie eToro","description":"Apprenez la signification de termes tels que long, short, effet de levier et CFD dans cette vid\u00e9o. Ma\u00eetrisez les bases de chaque action que vous effectuez sur eToro.","robots":{"index":"index","follow":"follow","max-snippet":"max-snippet:-1","max-image-preview":"max-image-preview:large","max-video-preview":"max-video-preview:-1"},"canonical":"https:\/\/www.etoro.com\/fr\/wp-json\/wp\/v2\/pages\/997275","og_locale":"fr_FR","og_type":"article","og_title":"Ce que vous obtenez en investissant - Video | Acad\u00e9mie eToro","og_description":"Apprenez la signification de termes tels que long, short, effet de levier et CFD dans cette vid\u00e9o. Ma\u00eetrisez les bases de chaque action que vous effectuez sur eToro.","og_url":"https:\/\/www.etoro.com\/fr\/wp-json\/wp\/v2\/pages\/997275","og_site_name":"eToro","article_publisher":"https:\/\/www.facebook.com\/eToro\/","article_modified_time":"2025-02-03T11:57:55+00:00","og_image":[{"width":576,"height":385,"url":"https:\/\/www.etoro.com\/wp-content\/uploads\/2023\/06\/1085_576x385_FR-1.jpg","type":"image\/jpeg"}],"twitter_card":"summary_large_image","twitter_site":"@eToro","twitter_misc":{"Est. reading time":"3 minutes"},"schema":{"@context":"https:\/\/schema.org","@graph":[{"@type":"WebPage","@id":"https:\/\/www.etoro.com\/fr\/academy\/videos\/what-you-get-when-investing-on-etoro\/","url":"https:\/\/www.etoro.com\/fr\/academy\/videos\/what-you-get-when-investing-on-etoro\/","name":"Ce que vous obtenez en investissant - Video | Acad\u00e9mie eToro","isPartOf":{"@id":"https:\/\/www.etoro.com\/fr\/#website"},"primaryImageOfPage":{"@id":"https:\/\/www.etoro.com\/fr\/academy\/videos\/what-you-get-when-investing-on-etoro\/#primaryimage"},"image":{"@id":"https:\/\/www.etoro.com\/fr\/academy\/videos\/what-you-get-when-investing-on-etoro\/#primaryimage"},"thumbnailUrl":"https:\/\/www.etoro.com\/wp-content\/uploads\/2023\/06\/1085_576x385_FR-1.jpg","datePublished":"2025-01-10T15:46:19+00:00","dateModified":"2025-02-03T11:57:55+00:00","description":"Apprenez la signification de termes tels que long, short, effet de levier et CFD dans cette vid\u00e9o. Ma\u00eetrisez les bases de chaque action que vous effectuez sur eToro.","breadcrumb":{"@id":"https:\/\/www.etoro.com\/fr\/academy\/videos\/what-you-get-when-investing-on-etoro\/#breadcrumb"},"inLanguage":"fr","potentialAction":[{"@type":"ReadAction","target":["https:\/\/www.etoro.com\/fr\/academy\/videos\/what-you-get-when-investing-on-etoro\/"]}]},{"@type":"ImageObject","inLanguage":"fr","@id":"https:\/\/www.etoro.com\/fr\/academy\/videos\/what-you-get-when-investing-on-etoro\/#primaryimage","url":"https:\/\/www.etoro.com\/wp-content\/uploads\/2023\/06\/1085_576x385_FR-1.jpg","contentUrl":"https:\/\/www.etoro.com\/wp-content\/uploads\/2023\/06\/1085_576x385_FR-1.jpg","width":576,"height":385},{"@type":"BreadcrumbList","@id":"https:\/\/www.etoro.com\/fr\/academy\/videos\/what-you-get-when-investing-on-etoro\/#breadcrumb","itemListElement":[{"@type":"ListItem","position":1,"name":"Accueil","item":"https:\/\/www.etoro.com\/fr\/"},{"@type":"ListItem","position":2,"name":"eToro Academy","item":"https:\/\/www.etoro.com\/fr\/academy\/"},{"@type":"ListItem","position":3,"name":"Vid\u00e9os","item":"https:\/\/www.etoro.com\/?page_id=221232"},{"@type":"ListItem","position":4,"name":"Comprendre l&#8217;investissement sur eToro"}]},{"@type":"WebSite","@id":"https:\/\/www.etoro.com\/fr\/#website","url":"https:\/\/www.etoro.com\/fr\/","name":"eToro","description":"","publisher":{"@id":"https:\/\/www.etoro.com\/fr\/#organization"},"potentialAction":[{"@type":"SearchAction","target":{"@type":"EntryPoint","urlTemplate":"https:\/\/www.etoro.com\/fr\/?s={search_term_string}"},"query-input":{"@type":"PropertyValueSpecification","valueRequired":true,"valueName":"search_term_string"}}],"inLanguage":"fr"},[]]}},"_links":{"self":[{"href":"https:\/\/www.etoro.com\/fr\/wp-json\/wp\/v2\/pages\/997275"}],"collection":[{"href":"https:\/\/www.etoro.com\/fr\/wp-json\/wp\/v2\/pages"}],"about":[{"href":"https:\/\/www.etoro.com\/fr\/wp-json\/wp\/v2\/types\/page"}],"author":[{"embeddable":true,"href":"https:\/\/www.etoro.com\/fr\/wp-json\/wp\/v2\/users\/96"}],"replies":[{"embeddable":true,"href":"https:\/\/www.etoro.com\/fr\/wp-json\/wp\/v2\/comments?post=997275"}],"version-history":[{"count":0,"href":"https:\/\/www.etoro.com\/fr\/wp-json\/wp\/v2\/pages\/997275\/revisions"}],"up":[{"embeddable":true,"href":"https:\/\/www.etoro.com\/fr\/wp-json\/wp\/v2\/pages\/260124"}],"wp:featuredmedia":[{"embeddable":true,"href":"https:\/\/www.etoro.com\/fr\/wp-json\/wp\/v2\/media\/622590"}],"wp:attachment":[{"href":"https:\/\/www.etoro.com\/fr\/wp-json\/wp\/v2\/media?parent=997275"}],"wp:term":[{"taxonomy":"asset_type","embeddable":true,"href":"https:\/\/www.etoro.com\/fr\/wp-json\/wp\/v2\/asset_type?post=997275"}],"curies":[{"name":"wp","href":"https:\/\/api.w.org\/{rel}","templated":true}]}}