{"id":997302,"date":"2025-01-10T17:48:46","date_gmt":"2025-01-10T15:48:46","guid":{"rendered":"https:\/\/www.etoro.com\/academy\/videos\/this-is-how-etoro-protects-your-money\/"},"modified":"2025-02-04T12:36:04","modified_gmt":"2025-02-04T10:36:04","slug":"this-is-how-etoro-protects-your-money","status":"publish","type":"page","link":"https:\/\/www.etoro.com\/fr\/academy\/videos\/this-is-how-etoro-protects-your-money\/","title":{"rendered":"Comment eToro prot\u00e8ge votre argent ?"},"content":{"rendered":"\n<div class=\"wp-block-etoro-video-transcript\"><div class=\"wp-block-etoro-video-description\"><h2 class=\"wp-block-etoro-video-description-title\">Description<\/h2><hr\/><div class=\"wp-block-etoro-video-description-content\">Vous travaill\u00e9 dur pour obtenir votre argent, vous avez donc le droit de savoir comment il est s\u00e9curis\u00e9. D\u00e9couvrez comment eToro prot\u00e8ge votre argent dans cette vid\u00e9o.<\/div><\/div><div class=\"wp-block-etoro-video-transcript-content\"><h2 class=\"wp-block-etoro-video-transcript-title\">Transcription<\/h2><hr\/><div class=\"wp-block-etoro-video-transcript-text\"><div class=\"wp-block-etoro-video-transcript-text-wrapper\">\n<p>L&#8217;une des choses les plus importantes pour nous chez eToro c&#8217;est d&#8217;\u00eatre s\u00fbr que nos utilisateurs obtiennent les r\u00e9ponses \u00e0 toutes leurs questions.<\/p>\n\n\n\n<p>Apr\u00e8s tout vous nous faites confiance pour investir de l&#8217;argent gagner \u00e0 la sueur de votre front, il est bien normal que vous puissiez savoir pr\u00e9cis\u00e9ment comment nous le s\u00e9curiser&nbsp;<\/p>\n\n\n\n<p>Voici quelques-unes des questions qu&#8217;on nous pose le plus souvent.<\/p>\n\n\n\n<p>La r\u00e9ponse la plus concise est oui mais laissez-moi vous en dire plus.<\/p>\n\n\n\n<p>Nous op\u00e9rons dans plus de 100 pays \u00e0 travers le monde et r\u00e9pondons aux exigences des r\u00e9gulateurs locaux et r\u00e9gionaux.<\/p>\n\n\n\n<p>De plus, nous mettons en place les plus hauts standards en termes de cybers\u00e9curit\u00e9 afin de s&#8217;assurer que vos donn\u00e9es personnelles restent priv\u00e9es.<\/p>\n\n\n\n<p>eToro travaille avec des institutions financi\u00e8res et bancaires de premiers rang qui sont constamment sous surveillance en interne et en externe.<\/p>\n\n\n\n<p>Vous devez aussi savoir qu&#8217;en tant qu&#8217;entreprise r\u00e9gul\u00e9e eToro se doit de conserver ses propres fonds et actifs s\u00e9par\u00e9ment de ceux de ces utilisateurs qui eux sont plac\u00e9s sur des comptes s\u00e9gr\u00e9g\u00e9s ainsi peu importe ce qui se passe votre argent ne sera pas touch\u00e9 ce qui nous am\u00e8ne \u00e0 la question suivante.<\/p>\n\n\n\n<p>Il est fortement improbable qu\u2019eToro fasse faillite.&nbsp;<\/p>\n\n\n\n<p>Nous existons depuis 2007 et notre entreprise continue sa croissance mais pour vous rassurer voici ce qui pourrait se passer en cas d&#8217;insolvabilit\u00e9 du taux.<\/p>\n\n\n\n<p>Nous avons mis en place des processus strictement r\u00e9gul\u00e9s et claires qui assurent \u00e0 nos utilisateurs le remboursement de leurs fonds les diff\u00e9rentes juridictions ont des r\u00e9gimes d&#8217;indemnisation diff\u00e9rents ainsi la nature du remboursement d\u00e9pendra de votre localisation g\u00e9ographique des actifs sur lesquels vous avez investi et de la somme d&#8217;argent investie.<\/p>\n\n\n\n<p>C&#8217;est tout pour l&#8217;instant nous r\u00e9pondrons \u00e0 d&#8217;autres questions dans la prochaine vid\u00e9o.<\/p>\n\n\n\n<p>Merci pour votre attention et \u00e0 bient\u00f4t sur eToro.<\/p>\n<\/div><button class=\"wp-block-etoro-video-description-more-text\">AFFICHER PLUS<svg xmlns=\"http:\/\/www.w3.org\/2000\/svg\" width=\"9\" height=\"6\" viewBox=\"0 0 9 6\" fill=\"none\"><path d=\"M7.5625 1.48616L4.5 4.54866L1.4375 1.48616\" stroke=\"#13C636\" stroke-linecap=\"square\"><\/path><\/svg><\/button><\/div><\/div><\/div>\n","protected":false},"excerpt":{"rendered":"","protected":false},"author":96,"featured_media":622564,"parent":260124,"menu_order":0,"comment_status":"closed","ping_status":"closed","template":"","meta":{"_acf_changed":false,"inline_featured_image":false,"sticky_cta_settings":"","footnotes":""},"asset_type":[],"class_list":["post-997302","page","type-page","status-publish","has-post-thumbnail","hentry"],"acf":[],"yoast_head":"<title>Comment eToro prot\u00e8ge votre argent - Video | Acad\u00e9mie eToro<\/title>\n<meta name=\"description\" content=\"Dans cette vid\u00e9o, apprenez tout sur les mesures de s\u00e9curit\u00e9 robustes d&#039;eToro et sur la fa\u00e7on dont nous prot\u00e9geons vos fonds.\" \/>\n<meta name=\"robots\" content=\"index, follow, max-snippet:-1, max-image-preview:large, max-video-preview:-1\" \/>\n<link rel=\"canonical\" href=\"https:\/\/www.etoro.com\/fr\/wp-json\/wp\/v2\/pages\/997302\" \/>\n<meta property=\"og:locale\" content=\"fr_FR\" \/>\n<meta property=\"og:type\" content=\"article\" \/>\n<meta property=\"og:title\" content=\"Comment eToro prot\u00e8ge votre argent - Video | Acad\u00e9mie eToro\" \/>\n<meta property=\"og:description\" content=\"Dans cette vid\u00e9o, apprenez tout sur les mesures de s\u00e9curit\u00e9 robustes d&#039;eToro et sur la fa\u00e7on dont nous prot\u00e9geons vos fonds.\" \/>\n<meta property=\"og:url\" content=\"https:\/\/www.etoro.com\/fr\/wp-json\/wp\/v2\/pages\/997302\" \/>\n<meta property=\"og:site_name\" content=\"eToro\" \/>\n<meta property=\"article:publisher\" content=\"https:\/\/www.facebook.com\/eToro\/\" \/>\n<meta property=\"article:modified_time\" content=\"2025-02-04T10:36:04+00:00\" \/>\n<meta property=\"og:image\" content=\"https:\/\/www.etoro.com\/wp-content\/uploads\/2023\/06\/1085_576x385_FR.jpg\" \/>\n\t<meta property=\"og:image:width\" content=\"576\" \/>\n\t<meta property=\"og:image:height\" content=\"385\" \/>\n\t<meta property=\"og:image:type\" content=\"image\/jpeg\" \/>\n<meta name=\"twitter:card\" content=\"summary_large_image\" \/>\n<meta name=\"twitter:site\" content=\"@eToro\" \/>\n<meta name=\"twitter:label1\" content=\"Est. reading time\" \/>\n\t<meta name=\"twitter:data1\" content=\"2 minutes\" \/>\n<script type=\"application\/ld+json\" class=\"yoast-schema-graph\">{\"@context\":\"https:\/\/schema.org\",\"@graph\":[{\"@type\":\"WebPage\",\"@id\":\"https:\/\/www.etoro.com\/fr\/academy\/videos\/this-is-how-etoro-protects-your-money\/\",\"url\":\"https:\/\/www.etoro.com\/fr\/academy\/videos\/this-is-how-etoro-protects-your-money\/\",\"name\":\"Comment eToro prot\u00e8ge votre argent - Video | Acad\u00e9mie eToro\",\"isPartOf\":{\"@id\":\"https:\/\/www.etoro.com\/fr\/#website\"},\"primaryImageOfPage\":{\"@id\":\"https:\/\/www.etoro.com\/fr\/academy\/videos\/this-is-how-etoro-protects-your-money\/#primaryimage\"},\"image\":{\"@id\":\"https:\/\/www.etoro.com\/fr\/academy\/videos\/this-is-how-etoro-protects-your-money\/#primaryimage\"},\"thumbnailUrl\":\"https:\/\/www.etoro.com\/wp-content\/uploads\/2023\/06\/1085_576x385_FR.jpg\",\"datePublished\":\"2025-01-10T15:48:46+00:00\",\"dateModified\":\"2025-02-04T10:36:04+00:00\",\"description\":\"Dans cette vid\u00e9o, apprenez tout sur les mesures de s\u00e9curit\u00e9 robustes d'eToro et sur la fa\u00e7on dont nous prot\u00e9geons vos fonds.\",\"breadcrumb\":{\"@id\":\"https:\/\/www.etoro.com\/fr\/academy\/videos\/this-is-how-etoro-protects-your-money\/#breadcrumb\"},\"inLanguage\":\"fr\",\"potentialAction\":[{\"@type\":\"ReadAction\",\"target\":[\"https:\/\/www.etoro.com\/fr\/academy\/videos\/this-is-how-etoro-protects-your-money\/\"]}]},{\"@type\":\"ImageObject\",\"inLanguage\":\"fr\",\"@id\":\"https:\/\/www.etoro.com\/fr\/academy\/videos\/this-is-how-etoro-protects-your-money\/#primaryimage\",\"url\":\"https:\/\/www.etoro.com\/wp-content\/uploads\/2023\/06\/1085_576x385_FR.jpg\",\"contentUrl\":\"https:\/\/www.etoro.com\/wp-content\/uploads\/2023\/06\/1085_576x385_FR.jpg\",\"width\":576,\"height\":385},{\"@type\":\"BreadcrumbList\",\"@id\":\"https:\/\/www.etoro.com\/fr\/academy\/videos\/this-is-how-etoro-protects-your-money\/#breadcrumb\",\"itemListElement\":[{\"@type\":\"ListItem\",\"position\":1,\"name\":\"Accueil\",\"item\":\"https:\/\/www.etoro.com\/fr\/\"},{\"@type\":\"ListItem\",\"position\":2,\"name\":\"eToro Academy\",\"item\":\"https:\/\/www.etoro.com\/fr\/academy\/\"},{\"@type\":\"ListItem\",\"position\":3,\"name\":\"Vid\u00e9os\",\"item\":\"https:\/\/www.etoro.com\/?page_id=221232\"},{\"@type\":\"ListItem\",\"position\":4,\"name\":\"Comment eToro prot\u00e8ge votre argent ?\"}]},{\"@type\":\"WebSite\",\"@id\":\"https:\/\/www.etoro.com\/fr\/#website\",\"url\":\"https:\/\/www.etoro.com\/fr\/\",\"name\":\"eToro\",\"description\":\"\",\"publisher\":{\"@id\":\"https:\/\/www.etoro.com\/fr\/#organization\"},\"potentialAction\":[{\"@type\":\"SearchAction\",\"target\":{\"@type\":\"EntryPoint\",\"urlTemplate\":\"https:\/\/www.etoro.com\/fr\/?s={search_term_string}\"},\"query-input\":{\"@type\":\"PropertyValueSpecification\",\"valueRequired\":true,\"valueName\":\"search_term_string\"}}],\"inLanguage\":\"fr\"},[]]}<\/script>","yoast_head_json":{"title":"Comment eToro prot\u00e8ge votre argent - Video | Acad\u00e9mie eToro","description":"Dans cette vid\u00e9o, apprenez tout sur les mesures de s\u00e9curit\u00e9 robustes d'eToro et sur la fa\u00e7on dont nous prot\u00e9geons vos fonds.","robots":{"index":"index","follow":"follow","max-snippet":"max-snippet:-1","max-image-preview":"max-image-preview:large","max-video-preview":"max-video-preview:-1"},"canonical":"https:\/\/www.etoro.com\/fr\/wp-json\/wp\/v2\/pages\/997302","og_locale":"fr_FR","og_type":"article","og_title":"Comment eToro prot\u00e8ge votre argent - Video | Acad\u00e9mie eToro","og_description":"Dans cette vid\u00e9o, apprenez tout sur les mesures de s\u00e9curit\u00e9 robustes d'eToro et sur la fa\u00e7on dont nous prot\u00e9geons vos fonds.","og_url":"https:\/\/www.etoro.com\/fr\/wp-json\/wp\/v2\/pages\/997302","og_site_name":"eToro","article_publisher":"https:\/\/www.facebook.com\/eToro\/","article_modified_time":"2025-02-04T10:36:04+00:00","og_image":[{"width":576,"height":385,"url":"https:\/\/www.etoro.com\/wp-content\/uploads\/2023\/06\/1085_576x385_FR.jpg","type":"image\/jpeg"}],"twitter_card":"summary_large_image","twitter_site":"@eToro","twitter_misc":{"Est. reading time":"2 minutes"},"schema":{"@context":"https:\/\/schema.org","@graph":[{"@type":"WebPage","@id":"https:\/\/www.etoro.com\/fr\/academy\/videos\/this-is-how-etoro-protects-your-money\/","url":"https:\/\/www.etoro.com\/fr\/academy\/videos\/this-is-how-etoro-protects-your-money\/","name":"Comment eToro prot\u00e8ge votre argent - Video | Acad\u00e9mie eToro","isPartOf":{"@id":"https:\/\/www.etoro.com\/fr\/#website"},"primaryImageOfPage":{"@id":"https:\/\/www.etoro.com\/fr\/academy\/videos\/this-is-how-etoro-protects-your-money\/#primaryimage"},"image":{"@id":"https:\/\/www.etoro.com\/fr\/academy\/videos\/this-is-how-etoro-protects-your-money\/#primaryimage"},"thumbnailUrl":"https:\/\/www.etoro.com\/wp-content\/uploads\/2023\/06\/1085_576x385_FR.jpg","datePublished":"2025-01-10T15:48:46+00:00","dateModified":"2025-02-04T10:36:04+00:00","description":"Dans cette vid\u00e9o, apprenez tout sur les mesures de s\u00e9curit\u00e9 robustes d'eToro et sur la fa\u00e7on dont nous prot\u00e9geons vos fonds.","breadcrumb":{"@id":"https:\/\/www.etoro.com\/fr\/academy\/videos\/this-is-how-etoro-protects-your-money\/#breadcrumb"},"inLanguage":"fr","potentialAction":[{"@type":"ReadAction","target":["https:\/\/www.etoro.com\/fr\/academy\/videos\/this-is-how-etoro-protects-your-money\/"]}]},{"@type":"ImageObject","inLanguage":"fr","@id":"https:\/\/www.etoro.com\/fr\/academy\/videos\/this-is-how-etoro-protects-your-money\/#primaryimage","url":"https:\/\/www.etoro.com\/wp-content\/uploads\/2023\/06\/1085_576x385_FR.jpg","contentUrl":"https:\/\/www.etoro.com\/wp-content\/uploads\/2023\/06\/1085_576x385_FR.jpg","width":576,"height":385},{"@type":"BreadcrumbList","@id":"https:\/\/www.etoro.com\/fr\/academy\/videos\/this-is-how-etoro-protects-your-money\/#breadcrumb","itemListElement":[{"@type":"ListItem","position":1,"name":"Accueil","item":"https:\/\/www.etoro.com\/fr\/"},{"@type":"ListItem","position":2,"name":"eToro Academy","item":"https:\/\/www.etoro.com\/fr\/academy\/"},{"@type":"ListItem","position":3,"name":"Vid\u00e9os","item":"https:\/\/www.etoro.com\/?page_id=221232"},{"@type":"ListItem","position":4,"name":"Comment eToro prot\u00e8ge votre argent ?"}]},{"@type":"WebSite","@id":"https:\/\/www.etoro.com\/fr\/#website","url":"https:\/\/www.etoro.com\/fr\/","name":"eToro","description":"","publisher":{"@id":"https:\/\/www.etoro.com\/fr\/#organization"},"potentialAction":[{"@type":"SearchAction","target":{"@type":"EntryPoint","urlTemplate":"https:\/\/www.etoro.com\/fr\/?s={search_term_string}"},"query-input":{"@type":"PropertyValueSpecification","valueRequired":true,"valueName":"search_term_string"}}],"inLanguage":"fr"},[]]}},"_links":{"self":[{"href":"https:\/\/www.etoro.com\/fr\/wp-json\/wp\/v2\/pages\/997302"}],"collection":[{"href":"https:\/\/www.etoro.com\/fr\/wp-json\/wp\/v2\/pages"}],"about":[{"href":"https:\/\/www.etoro.com\/fr\/wp-json\/wp\/v2\/types\/page"}],"author":[{"embeddable":true,"href":"https:\/\/www.etoro.com\/fr\/wp-json\/wp\/v2\/users\/96"}],"replies":[{"embeddable":true,"href":"https:\/\/www.etoro.com\/fr\/wp-json\/wp\/v2\/comments?post=997302"}],"version-history":[{"count":0,"href":"https:\/\/www.etoro.com\/fr\/wp-json\/wp\/v2\/pages\/997302\/revisions"}],"up":[{"embeddable":true,"href":"https:\/\/www.etoro.com\/fr\/wp-json\/wp\/v2\/pages\/260124"}],"wp:featuredmedia":[{"embeddable":true,"href":"https:\/\/www.etoro.com\/fr\/wp-json\/wp\/v2\/media\/622564"}],"wp:attachment":[{"href":"https:\/\/www.etoro.com\/fr\/wp-json\/wp\/v2\/media?parent=997302"}],"wp:term":[{"taxonomy":"asset_type","embeddable":true,"href":"https:\/\/www.etoro.com\/fr\/wp-json\/wp\/v2\/asset_type?post=997302"}],"curies":[{"name":"wp","href":"https:\/\/api.w.org\/{rel}","templated":true}]}}