{"id":997443,"date":"2025-01-10T17:50:59","date_gmt":"2025-01-10T15:50:59","guid":{"rendered":"https:\/\/www.etoro.com\/academy\/videos\/how-to-close-your-position\/"},"modified":"2025-02-03T14:00:23","modified_gmt":"2025-02-03T12:00:23","slug":"how-to-close-your-position","status":"publish","type":"page","link":"https:\/\/www.etoro.com\/fr\/academy\/videos\/how-to-close-your-position\/","title":{"rendered":"Comment fermer une position sur eToro ?"},"content":{"rendered":"\n<div class=\"wp-block-etoro-video-transcript\"><div class=\"wp-block-etoro-video-description\"><h2 class=\"wp-block-etoro-video-description-title\">Description<\/h2><hr\/><div class=\"wp-block-etoro-video-description-content\">Vous savez ce qu\u2019on dit : toute bonne chose a une fin ! Si vous voulez fermer une de vos positions sur eToro, d\u00e9couvrez la marche \u00e0 suivre.<\/div><\/div><div class=\"wp-block-etoro-video-transcript-content\"><h2 class=\"wp-block-etoro-video-transcript-title\">Transcription<\/h2><hr\/><div class=\"wp-block-etoro-video-transcript-text\"><div class=\"wp-block-etoro-video-transcript-text-wrapper\">\n<p>Vous souvenez de l&#8217;\u00e9poque o\u00f9 les courtiers en bourse criaient sur le parquet, c&#8217;est de l&#8217;histoire ancienne.<\/p>\n\n\n\n<p>Et c&#8217;est une bonne chose !&nbsp;<\/p>\n\n\n\n<p>Avec eToro, passer un ordre en bourse et \u00e0 port\u00e9e de clics dans cette vid\u00e9o nous allons vous expliquer comment fermer vos positions.<\/p>\n\n\n\n<p>Attention cela ne signifie pas n\u00e9cessairement vendre mais seulement cl\u00f4turer votre position pour fermer une position vous pouvez choisir deux options fermeture permanente ou partielle.&nbsp;<\/p>\n\n\n\n<p>La fermeture permanente classique et la bonne si vous voulez dire adieu \u00e0 un actif.&nbsp;<\/p>\n\n\n\n<p>Nous avons rendu le processus tr\u00e8s simple.<\/p>\n\n\n\n<p>Cliquez seulement sur le bouton \u201cFermer la position\u201d,&nbsp; attention il n&#8217;y a pas de deuxi\u00e8me chance une fois que vous avez cliqu\u00e9 la position est ferm\u00e9e si vous avez plusieurs positions ouvertes sur un m\u00eame actif, vous pouvez utiliser le bouton tout fermer.<\/p>\n\n\n\n<p>Si vous pr\u00e9f\u00e9rez fermer une partie de la position seulement il vous reste la fermeture partielle.<\/p>\n\n\n\n<p>Choisissez exactement combien d&#8217;unit\u00e9s ou d&#8217;argent vous voulez retirer et combien vous souhaitez garder.<\/p>\n\n\n\n<p>Assurez-vous que les deux sommes sont sup\u00e9rieures au minimum n\u00e9cessaire \u00e0 l\u2019ouverture de la position.<\/p>\n\n\n\n<p>L\u2019argent que vous retirez sera directement transf\u00e9r\u00e9 sur le solde de votre compte eToro.<\/p>\n\n\n\n<p>Savez-vous qu\u2019il existe plus de 24 fuseaux horaires \u00e0 travers le monde ?&nbsp;<\/p>\n\n\n\n<p>\u00c9videmment chaque march\u00e9 boursier a ses propres heures d\u2019activit\u00e9s. Alors que se passe-t-il quand vous fermez une position alors que le march\u00e9 est lui-m\u00eame ferm\u00e9 ?&nbsp;<\/p>\n\n\n\n<p>Pas de panique ! Le statut de votre position sera d\u00e9sormais \u201ccl\u00f4tur\u00e9 en attente\u201d, et votre ordre de fermeture sera ex\u00e9cut\u00e9 \u00e0 l&#8217;ouverture du march\u00e9.<\/p>\n\n\n\n<p>Et si vous changez d\u2019avis avant, vous pouvez toujours annuler votre ordre.<\/p>\n\n\n\n<p>Pour fermer une position issue d\u2019une copie, c\u2019est la m\u00eame chose. Choisissez l\u2019actif non d\u00e9sir\u00e9 et choisissez la cl\u00f4ture adapt\u00e9e.&nbsp;<\/p>\n\n\n\n<p>Voil\u00e0 vous savez tout sur l\u2019art des fermetures.<\/p>\n<\/div><button class=\"wp-block-etoro-video-description-more-text\">AFFICHER PLUS<svg xmlns=\"http:\/\/www.w3.org\/2000\/svg\" width=\"9\" height=\"6\" viewBox=\"0 0 9 6\" fill=\"none\"><path d=\"M7.5625 1.48616L4.5 4.54866L1.4375 1.48616\" stroke=\"#13C636\" stroke-linecap=\"square\"><\/path><\/svg><\/button><\/div><\/div><\/div>\n","protected":false},"excerpt":{"rendered":"","protected":false},"author":96,"featured_media":560408,"parent":260124,"menu_order":0,"comment_status":"closed","ping_status":"closed","template":"","meta":{"_acf_changed":true,"inline_featured_image":false,"sticky_cta_settings":"","footnotes":""},"asset_type":[],"class_list":["post-997443","page","type-page","status-publish","has-post-thumbnail","hentry"],"acf":[],"yoast_head":"<title>Comment fermer votre position - Video | Acad\u00e9mie eToro<\/title>\n<meta name=\"description\" content=\"Pr\u00eat \u00e0 fermer votre position de trading ? Cette vid\u00e9o explique tout ce que vous devez savoir sur le processus sur eToro.\" \/>\n<meta name=\"robots\" content=\"index, follow, max-snippet:-1, max-image-preview:large, max-video-preview:-1\" \/>\n<link rel=\"canonical\" href=\"https:\/\/www.etoro.com\/fr\/wp-json\/wp\/v2\/pages\/997443\" \/>\n<meta property=\"og:locale\" content=\"fr_FR\" \/>\n<meta property=\"og:type\" content=\"article\" \/>\n<meta property=\"og:title\" content=\"Comment fermer votre position - Video | Acad\u00e9mie eToro\" \/>\n<meta property=\"og:description\" content=\"Pr\u00eat \u00e0 fermer votre position de trading ? Cette vid\u00e9o explique tout ce que vous devez savoir sur le processus sur eToro.\" \/>\n<meta property=\"og:url\" content=\"https:\/\/www.etoro.com\/fr\/wp-json\/wp\/v2\/pages\/997443\" \/>\n<meta property=\"og:site_name\" content=\"eToro\" \/>\n<meta property=\"article:publisher\" content=\"https:\/\/www.facebook.com\/eToro\/\" \/>\n<meta property=\"article:modified_time\" content=\"2025-02-03T12:00:23+00:00\" \/>\n<meta property=\"og:image\" content=\"https:\/\/www.etoro.com\/wp-content\/uploads\/2023\/02\/1085_600x500_FR.jpg\" \/>\n\t<meta property=\"og:image:width\" content=\"576\" \/>\n\t<meta property=\"og:image:height\" content=\"385\" \/>\n\t<meta property=\"og:image:type\" content=\"image\/jpeg\" \/>\n<meta name=\"twitter:card\" content=\"summary_large_image\" \/>\n<meta name=\"twitter:site\" content=\"@eToro\" \/>\n<meta name=\"twitter:label1\" content=\"Est. reading time\" \/>\n\t<meta name=\"twitter:data1\" content=\"2 minutes\" \/>\n<script type=\"application\/ld+json\" class=\"yoast-schema-graph\">{\"@context\":\"https:\/\/schema.org\",\"@graph\":[{\"@type\":\"WebPage\",\"@id\":\"https:\/\/www.etoro.com\/fr\/academy\/videos\/how-to-close-your-position\/\",\"url\":\"https:\/\/www.etoro.com\/fr\/academy\/videos\/how-to-close-your-position\/\",\"name\":\"Comment fermer votre position - Video | Acad\u00e9mie eToro\",\"isPartOf\":{\"@id\":\"https:\/\/www.etoro.com\/fr\/#website\"},\"primaryImageOfPage\":{\"@id\":\"https:\/\/www.etoro.com\/fr\/academy\/videos\/how-to-close-your-position\/#primaryimage\"},\"image\":{\"@id\":\"https:\/\/www.etoro.com\/fr\/academy\/videos\/how-to-close-your-position\/#primaryimage\"},\"thumbnailUrl\":\"https:\/\/www.etoro.com\/wp-content\/uploads\/2023\/02\/1085_600x500_FR.jpg\",\"datePublished\":\"2025-01-10T15:50:59+00:00\",\"dateModified\":\"2025-02-03T12:00:23+00:00\",\"description\":\"Pr\u00eat \u00e0 fermer votre position de trading ? Cette vid\u00e9o explique tout ce que vous devez savoir sur le processus sur eToro.\",\"breadcrumb\":{\"@id\":\"https:\/\/www.etoro.com\/fr\/academy\/videos\/how-to-close-your-position\/#breadcrumb\"},\"inLanguage\":\"fr\",\"potentialAction\":[{\"@type\":\"ReadAction\",\"target\":[\"https:\/\/www.etoro.com\/fr\/academy\/videos\/how-to-close-your-position\/\"]}]},{\"@type\":\"ImageObject\",\"inLanguage\":\"fr\",\"@id\":\"https:\/\/www.etoro.com\/fr\/academy\/videos\/how-to-close-your-position\/#primaryimage\",\"url\":\"https:\/\/www.etoro.com\/wp-content\/uploads\/2023\/02\/1085_600x500_FR.jpg\",\"contentUrl\":\"https:\/\/www.etoro.com\/wp-content\/uploads\/2023\/02\/1085_600x500_FR.jpg\",\"width\":576,\"height\":385},{\"@type\":\"BreadcrumbList\",\"@id\":\"https:\/\/www.etoro.com\/fr\/academy\/videos\/how-to-close-your-position\/#breadcrumb\",\"itemListElement\":[{\"@type\":\"ListItem\",\"position\":1,\"name\":\"Accueil\",\"item\":\"https:\/\/www.etoro.com\/fr\/\"},{\"@type\":\"ListItem\",\"position\":2,\"name\":\"eToro Academy\",\"item\":\"https:\/\/www.etoro.com\/fr\/academy\/\"},{\"@type\":\"ListItem\",\"position\":3,\"name\":\"Vid\u00e9os\",\"item\":\"https:\/\/www.etoro.com\/?page_id=221232\"},{\"@type\":\"ListItem\",\"position\":4,\"name\":\"Comment fermer une position sur eToro ?\"}]},{\"@type\":\"WebSite\",\"@id\":\"https:\/\/www.etoro.com\/fr\/#website\",\"url\":\"https:\/\/www.etoro.com\/fr\/\",\"name\":\"eToro\",\"description\":\"\",\"publisher\":{\"@id\":\"https:\/\/www.etoro.com\/fr\/#organization\"},\"potentialAction\":[{\"@type\":\"SearchAction\",\"target\":{\"@type\":\"EntryPoint\",\"urlTemplate\":\"https:\/\/www.etoro.com\/fr\/?s={search_term_string}\"},\"query-input\":{\"@type\":\"PropertyValueSpecification\",\"valueRequired\":true,\"valueName\":\"search_term_string\"}}],\"inLanguage\":\"fr\"},[]]}<\/script>","yoast_head_json":{"title":"Comment fermer votre position - Video | Acad\u00e9mie eToro","description":"Pr\u00eat \u00e0 fermer votre position de trading ? Cette vid\u00e9o explique tout ce que vous devez savoir sur le processus sur eToro.","robots":{"index":"index","follow":"follow","max-snippet":"max-snippet:-1","max-image-preview":"max-image-preview:large","max-video-preview":"max-video-preview:-1"},"canonical":"https:\/\/www.etoro.com\/fr\/wp-json\/wp\/v2\/pages\/997443","og_locale":"fr_FR","og_type":"article","og_title":"Comment fermer votre position - Video | Acad\u00e9mie eToro","og_description":"Pr\u00eat \u00e0 fermer votre position de trading ? Cette vid\u00e9o explique tout ce que vous devez savoir sur le processus sur eToro.","og_url":"https:\/\/www.etoro.com\/fr\/wp-json\/wp\/v2\/pages\/997443","og_site_name":"eToro","article_publisher":"https:\/\/www.facebook.com\/eToro\/","article_modified_time":"2025-02-03T12:00:23+00:00","og_image":[{"width":576,"height":385,"url":"https:\/\/www.etoro.com\/wp-content\/uploads\/2023\/02\/1085_600x500_FR.jpg","type":"image\/jpeg"}],"twitter_card":"summary_large_image","twitter_site":"@eToro","twitter_misc":{"Est. reading time":"2 minutes"},"schema":{"@context":"https:\/\/schema.org","@graph":[{"@type":"WebPage","@id":"https:\/\/www.etoro.com\/fr\/academy\/videos\/how-to-close-your-position\/","url":"https:\/\/www.etoro.com\/fr\/academy\/videos\/how-to-close-your-position\/","name":"Comment fermer votre position - Video | Acad\u00e9mie eToro","isPartOf":{"@id":"https:\/\/www.etoro.com\/fr\/#website"},"primaryImageOfPage":{"@id":"https:\/\/www.etoro.com\/fr\/academy\/videos\/how-to-close-your-position\/#primaryimage"},"image":{"@id":"https:\/\/www.etoro.com\/fr\/academy\/videos\/how-to-close-your-position\/#primaryimage"},"thumbnailUrl":"https:\/\/www.etoro.com\/wp-content\/uploads\/2023\/02\/1085_600x500_FR.jpg","datePublished":"2025-01-10T15:50:59+00:00","dateModified":"2025-02-03T12:00:23+00:00","description":"Pr\u00eat \u00e0 fermer votre position de trading ? Cette vid\u00e9o explique tout ce que vous devez savoir sur le processus sur eToro.","breadcrumb":{"@id":"https:\/\/www.etoro.com\/fr\/academy\/videos\/how-to-close-your-position\/#breadcrumb"},"inLanguage":"fr","potentialAction":[{"@type":"ReadAction","target":["https:\/\/www.etoro.com\/fr\/academy\/videos\/how-to-close-your-position\/"]}]},{"@type":"ImageObject","inLanguage":"fr","@id":"https:\/\/www.etoro.com\/fr\/academy\/videos\/how-to-close-your-position\/#primaryimage","url":"https:\/\/www.etoro.com\/wp-content\/uploads\/2023\/02\/1085_600x500_FR.jpg","contentUrl":"https:\/\/www.etoro.com\/wp-content\/uploads\/2023\/02\/1085_600x500_FR.jpg","width":576,"height":385},{"@type":"BreadcrumbList","@id":"https:\/\/www.etoro.com\/fr\/academy\/videos\/how-to-close-your-position\/#breadcrumb","itemListElement":[{"@type":"ListItem","position":1,"name":"Accueil","item":"https:\/\/www.etoro.com\/fr\/"},{"@type":"ListItem","position":2,"name":"eToro Academy","item":"https:\/\/www.etoro.com\/fr\/academy\/"},{"@type":"ListItem","position":3,"name":"Vid\u00e9os","item":"https:\/\/www.etoro.com\/?page_id=221232"},{"@type":"ListItem","position":4,"name":"Comment fermer une position sur eToro ?"}]},{"@type":"WebSite","@id":"https:\/\/www.etoro.com\/fr\/#website","url":"https:\/\/www.etoro.com\/fr\/","name":"eToro","description":"","publisher":{"@id":"https:\/\/www.etoro.com\/fr\/#organization"},"potentialAction":[{"@type":"SearchAction","target":{"@type":"EntryPoint","urlTemplate":"https:\/\/www.etoro.com\/fr\/?s={search_term_string}"},"query-input":{"@type":"PropertyValueSpecification","valueRequired":true,"valueName":"search_term_string"}}],"inLanguage":"fr"},[]]}},"_links":{"self":[{"href":"https:\/\/www.etoro.com\/fr\/wp-json\/wp\/v2\/pages\/997443"}],"collection":[{"href":"https:\/\/www.etoro.com\/fr\/wp-json\/wp\/v2\/pages"}],"about":[{"href":"https:\/\/www.etoro.com\/fr\/wp-json\/wp\/v2\/types\/page"}],"author":[{"embeddable":true,"href":"https:\/\/www.etoro.com\/fr\/wp-json\/wp\/v2\/users\/96"}],"replies":[{"embeddable":true,"href":"https:\/\/www.etoro.com\/fr\/wp-json\/wp\/v2\/comments?post=997443"}],"version-history":[{"count":0,"href":"https:\/\/www.etoro.com\/fr\/wp-json\/wp\/v2\/pages\/997443\/revisions"}],"up":[{"embeddable":true,"href":"https:\/\/www.etoro.com\/fr\/wp-json\/wp\/v2\/pages\/260124"}],"wp:featuredmedia":[{"embeddable":true,"href":"https:\/\/www.etoro.com\/fr\/wp-json\/wp\/v2\/media\/560408"}],"wp:attachment":[{"href":"https:\/\/www.etoro.com\/fr\/wp-json\/wp\/v2\/media?parent=997443"}],"wp:term":[{"taxonomy":"asset_type","embeddable":true,"href":"https:\/\/www.etoro.com\/fr\/wp-json\/wp\/v2\/asset_type?post=997443"}],"curies":[{"name":"wp","href":"https:\/\/api.w.org\/{rel}","templated":true}]}}