{"id":997515,"date":"2025-01-17T13:20:30","date_gmt":"2025-01-17T11:20:30","guid":{"rendered":"https:\/\/www.etoro.com\/academy\/videos\/opening-your-first-position\/"},"modified":"2025-02-04T14:03:41","modified_gmt":"2025-02-04T12:03:41","slug":"opening-your-first-position","status":"publish","type":"page","link":"https:\/\/www.etoro.com\/fr\/academy\/videos\/opening-your-first-position\/","title":{"rendered":"Ouvrir une premi\u00e8re position sur eToro"},"content":{"rendered":"\n<div class=\"wp-block-etoro-video-transcript\"><div class=\"wp-block-etoro-video-description\"><h2 class=\"wp-block-etoro-video-description-title\">Description<\/h2><hr\/><div class=\"wp-block-etoro-video-description-content\">Il y a une premi\u00e8re pour tout ! Un premier amour, un premier chagrin ou encore un premier trade sur eToro ! Voici comment bien proc\u00e9der !<\/div><\/div><div class=\"wp-block-etoro-video-transcript-content\"><h2 class=\"wp-block-etoro-video-transcript-title\">Transcription<\/h2><hr\/><div class=\"wp-block-etoro-video-transcript-text\"><div class=\"wp-block-etoro-video-transcript-text-wrapper\">\n<p>F\u00e9licitations, vous avez fini de param\u00e9trer votre compte eToro et il est maintenant temps de commencer \u00e0 investir.<\/p>\n\n\n\n<p>Lan\u00e7ons-nous !&nbsp;<\/p>\n\n\n\n<p>Lorsque vous ouvrez une nouvelle position vous pouvez choisir deux options ouvrir une position \u00e0 l&#8217;achat ou bien ouvrir une position \u00e0 la vente que vous connaissez peut-\u00eatre sous le nom de position courte.<\/p>\n\n\n\n<p>Vous vous demandez quel type de position est faite pour vous c&#8217;est simple ouvrez une position d&#8217;achat quand vous pensez que la valeur de l&#8217;actif va monter ouvrez une position de vente quand vous pensez au contraire qu&#8217;elle va chuter vous pouvez ouvrir une position depuis favoris via la section recherche ou si vous voulez investir \u00e0 nouveau dans un actif que vous poss\u00e9dez d\u00e9j\u00e0 depuis votre portefeuille.<\/p>\n\n\n\n<p>Lorsque vous ouvrez une position choisissez d&#8217;abord combien vous voulez investir que ce soit en unit\u00e9 ou en dollars vous pouvez aussi bien acheter l&#8217;actif sous-jacent qu&#8217;acheter un CFD s&#8217;il s&#8217;agit d&#8217;un CFD, veuillez noter que vous pouvez d\u00e9finir votre stop loss et votre take profit.<\/p>\n\n\n\n<p>Cela n&#8217;est pas seulement essentiel mais demandez par les organismes de r\u00e9gulation afin de vous prot\u00e9ger en tant qu&#8217;investisseur.<\/p>\n\n\n\n<p>Vous pouvez \u00e9galement choisir d&#8217;utiliser l&#8217;effet de levier dans les limites d\u00e9finies pour l&#8217;actif choisi.<\/p>\n\n\n\n<p>N&#8217;oubliez pas qu&#8217;un grand effet de levier implique de grandes responsabilit\u00e9s et des frais.<\/p>\n\n\n\n<p>Soyez donc bien s\u00fbr de faire attention aux frais de roulement \u00e9ventuels sp\u00e9cifi\u00e9 en bas de l&#8217;onglet.<\/p>\n\n\n\n<p>Ouvrir une position si vous ouvrez une position alors que le march\u00e9 est ferm\u00e9, ne vous inqui\u00e9tez pas un ordre d&#8217;ouverture sera transmis et votre position sera automatiquement cr\u00e9\u00e9e \u00e0 l&#8217;ouverture du march\u00e9 ou lorsque le cours aura atteint le taux que vous avez d\u00e9fini que vous achetiez ou vendiez, sachez qu&#8217;eToro vous offre la possibilit\u00e9 de mettre \u00e0 jour votre stop loss et votre take profit y compris apr\u00e8s l&#8217;ouverture de votre position.<\/p>\n\n\n\n<p>Cliquez simplement sur la position concern\u00e9e et modifier comme bon vous semble c&#8217;est tout plus que quelques clics et votre position est ouverte.<\/p>\n\n\n\n<p>Bon investissement, merci de nous avoir regard\u00e9 et \u00e0 bient\u00f4t sur eToro.<\/p>\n<\/div><button class=\"wp-block-etoro-video-description-more-text\">AFFICHER PLUS<svg xmlns=\"http:\/\/www.w3.org\/2000\/svg\" width=\"9\" height=\"6\" viewBox=\"0 0 9 6\" fill=\"none\"><path d=\"M7.5625 1.48616L4.5 4.54866L1.4375 1.48616\" stroke=\"#13C636\" stroke-linecap=\"square\"><\/path><\/svg><\/button><\/div><\/div><\/div>\n","protected":false},"excerpt":{"rendered":"","protected":false},"author":96,"featured_media":815018,"parent":260124,"menu_order":0,"comment_status":"closed","ping_status":"closed","template":"","meta":{"_acf_changed":true,"inline_featured_image":false,"sticky_cta_settings":"","footnotes":""},"asset_type":[],"class_list":["post-997515","page","type-page","status-publish","has-post-thumbnail","hentry"],"acf":[],"yoast_head":"<title>Ouvrir votre premi\u00e8re position - Video | Acad\u00e9mie eToro<\/title>\n<meta name=\"description\" content=\"Apprenez comment ouvrir correctement votre premi\u00e8re position de trading sur eToro dans cette vid\u00e9o \u00e9tape par \u00e9tape.\" \/>\n<meta name=\"robots\" content=\"index, follow, max-snippet:-1, max-image-preview:large, max-video-preview:-1\" \/>\n<link rel=\"canonical\" href=\"https:\/\/www.etoro.com\/fr\/wp-json\/wp\/v2\/pages\/997515\" \/>\n<meta property=\"og:locale\" content=\"fr_FR\" \/>\n<meta property=\"og:type\" content=\"article\" \/>\n<meta property=\"og:title\" content=\"Ouvrir votre premi\u00e8re position - Video | Acad\u00e9mie eToro\" \/>\n<meta property=\"og:description\" content=\"Apprenez comment ouvrir correctement votre premi\u00e8re position de trading sur eToro dans cette vid\u00e9o \u00e9tape par \u00e9tape.\" \/>\n<meta property=\"og:url\" content=\"https:\/\/www.etoro.com\/fr\/wp-json\/wp\/v2\/pages\/997515\" \/>\n<meta property=\"og:site_name\" content=\"eToro\" \/>\n<meta property=\"article:publisher\" content=\"https:\/\/www.facebook.com\/eToro\/\" \/>\n<meta property=\"article:modified_time\" content=\"2025-02-04T12:03:41+00:00\" \/>\n<meta property=\"og:image\" content=\"https:\/\/www.etoro.com\/wp-content\/uploads\/2023\/02\/7490_576x385_FR.jpg\" \/>\n\t<meta property=\"og:image:width\" content=\"576\" \/>\n\t<meta property=\"og:image:height\" content=\"385\" \/>\n\t<meta property=\"og:image:type\" content=\"image\/jpeg\" \/>\n<meta name=\"twitter:card\" content=\"summary_large_image\" \/>\n<meta name=\"twitter:site\" content=\"@eToro\" \/>\n<meta name=\"twitter:label1\" content=\"Est. reading time\" \/>\n\t<meta name=\"twitter:data1\" content=\"2 minutes\" \/>\n<script type=\"application\/ld+json\" class=\"yoast-schema-graph\">{\"@context\":\"https:\/\/schema.org\",\"@graph\":[{\"@type\":\"WebPage\",\"@id\":\"https:\/\/www.etoro.com\/fr\/academy\/videos\/opening-your-first-position\/\",\"url\":\"https:\/\/www.etoro.com\/fr\/academy\/videos\/opening-your-first-position\/\",\"name\":\"Ouvrir votre premi\u00e8re position - Video | Acad\u00e9mie eToro\",\"isPartOf\":{\"@id\":\"https:\/\/www.etoro.com\/fr\/#website\"},\"primaryImageOfPage\":{\"@id\":\"https:\/\/www.etoro.com\/fr\/academy\/videos\/opening-your-first-position\/#primaryimage\"},\"image\":{\"@id\":\"https:\/\/www.etoro.com\/fr\/academy\/videos\/opening-your-first-position\/#primaryimage\"},\"thumbnailUrl\":\"https:\/\/www.etoro.com\/wp-content\/uploads\/2023\/02\/7490_576x385_FR.jpg\",\"datePublished\":\"2025-01-17T11:20:30+00:00\",\"dateModified\":\"2025-02-04T12:03:41+00:00\",\"description\":\"Apprenez comment ouvrir correctement votre premi\u00e8re position de trading sur eToro dans cette vid\u00e9o \u00e9tape par \u00e9tape.\",\"breadcrumb\":{\"@id\":\"https:\/\/www.etoro.com\/fr\/academy\/videos\/opening-your-first-position\/#breadcrumb\"},\"inLanguage\":\"fr\",\"potentialAction\":[{\"@type\":\"ReadAction\",\"target\":[\"https:\/\/www.etoro.com\/fr\/academy\/videos\/opening-your-first-position\/\"]}]},{\"@type\":\"ImageObject\",\"inLanguage\":\"fr\",\"@id\":\"https:\/\/www.etoro.com\/fr\/academy\/videos\/opening-your-first-position\/#primaryimage\",\"url\":\"https:\/\/www.etoro.com\/wp-content\/uploads\/2023\/02\/7490_576x385_FR.jpg\",\"contentUrl\":\"https:\/\/www.etoro.com\/wp-content\/uploads\/2023\/02\/7490_576x385_FR.jpg\",\"width\":576,\"height\":385,\"caption\":\"Ouvrir une premiere position\"},{\"@type\":\"BreadcrumbList\",\"@id\":\"https:\/\/www.etoro.com\/fr\/academy\/videos\/opening-your-first-position\/#breadcrumb\",\"itemListElement\":[{\"@type\":\"ListItem\",\"position\":1,\"name\":\"Accueil\",\"item\":\"https:\/\/www.etoro.com\/fr\/\"},{\"@type\":\"ListItem\",\"position\":2,\"name\":\"eToro Academy\",\"item\":\"https:\/\/www.etoro.com\/fr\/academy\/\"},{\"@type\":\"ListItem\",\"position\":3,\"name\":\"Vid\u00e9os\",\"item\":\"https:\/\/www.etoro.com\/?page_id=221232\"},{\"@type\":\"ListItem\",\"position\":4,\"name\":\"Ouvrir une premi\u00e8re position sur eToro\"}]},{\"@type\":\"WebSite\",\"@id\":\"https:\/\/www.etoro.com\/fr\/#website\",\"url\":\"https:\/\/www.etoro.com\/fr\/\",\"name\":\"eToro\",\"description\":\"\",\"publisher\":{\"@id\":\"https:\/\/www.etoro.com\/fr\/#organization\"},\"potentialAction\":[{\"@type\":\"SearchAction\",\"target\":{\"@type\":\"EntryPoint\",\"urlTemplate\":\"https:\/\/www.etoro.com\/fr\/?s={search_term_string}\"},\"query-input\":{\"@type\":\"PropertyValueSpecification\",\"valueRequired\":true,\"valueName\":\"search_term_string\"}}],\"inLanguage\":\"fr\"},[]]}<\/script>","yoast_head_json":{"title":"Ouvrir votre premi\u00e8re position - Video | Acad\u00e9mie eToro","description":"Apprenez comment ouvrir correctement votre premi\u00e8re position de trading sur eToro dans cette vid\u00e9o \u00e9tape par \u00e9tape.","robots":{"index":"index","follow":"follow","max-snippet":"max-snippet:-1","max-image-preview":"max-image-preview:large","max-video-preview":"max-video-preview:-1"},"canonical":"https:\/\/www.etoro.com\/fr\/wp-json\/wp\/v2\/pages\/997515","og_locale":"fr_FR","og_type":"article","og_title":"Ouvrir votre premi\u00e8re position - Video | Acad\u00e9mie eToro","og_description":"Apprenez comment ouvrir correctement votre premi\u00e8re position de trading sur eToro dans cette vid\u00e9o \u00e9tape par \u00e9tape.","og_url":"https:\/\/www.etoro.com\/fr\/wp-json\/wp\/v2\/pages\/997515","og_site_name":"eToro","article_publisher":"https:\/\/www.facebook.com\/eToro\/","article_modified_time":"2025-02-04T12:03:41+00:00","og_image":[{"width":576,"height":385,"url":"https:\/\/www.etoro.com\/wp-content\/uploads\/2023\/02\/7490_576x385_FR.jpg","type":"image\/jpeg"}],"twitter_card":"summary_large_image","twitter_site":"@eToro","twitter_misc":{"Est. reading time":"2 minutes"},"schema":{"@context":"https:\/\/schema.org","@graph":[{"@type":"WebPage","@id":"https:\/\/www.etoro.com\/fr\/academy\/videos\/opening-your-first-position\/","url":"https:\/\/www.etoro.com\/fr\/academy\/videos\/opening-your-first-position\/","name":"Ouvrir votre premi\u00e8re position - Video | Acad\u00e9mie eToro","isPartOf":{"@id":"https:\/\/www.etoro.com\/fr\/#website"},"primaryImageOfPage":{"@id":"https:\/\/www.etoro.com\/fr\/academy\/videos\/opening-your-first-position\/#primaryimage"},"image":{"@id":"https:\/\/www.etoro.com\/fr\/academy\/videos\/opening-your-first-position\/#primaryimage"},"thumbnailUrl":"https:\/\/www.etoro.com\/wp-content\/uploads\/2023\/02\/7490_576x385_FR.jpg","datePublished":"2025-01-17T11:20:30+00:00","dateModified":"2025-02-04T12:03:41+00:00","description":"Apprenez comment ouvrir correctement votre premi\u00e8re position de trading sur eToro dans cette vid\u00e9o \u00e9tape par \u00e9tape.","breadcrumb":{"@id":"https:\/\/www.etoro.com\/fr\/academy\/videos\/opening-your-first-position\/#breadcrumb"},"inLanguage":"fr","potentialAction":[{"@type":"ReadAction","target":["https:\/\/www.etoro.com\/fr\/academy\/videos\/opening-your-first-position\/"]}]},{"@type":"ImageObject","inLanguage":"fr","@id":"https:\/\/www.etoro.com\/fr\/academy\/videos\/opening-your-first-position\/#primaryimage","url":"https:\/\/www.etoro.com\/wp-content\/uploads\/2023\/02\/7490_576x385_FR.jpg","contentUrl":"https:\/\/www.etoro.com\/wp-content\/uploads\/2023\/02\/7490_576x385_FR.jpg","width":576,"height":385,"caption":"Ouvrir une premiere position"},{"@type":"BreadcrumbList","@id":"https:\/\/www.etoro.com\/fr\/academy\/videos\/opening-your-first-position\/#breadcrumb","itemListElement":[{"@type":"ListItem","position":1,"name":"Accueil","item":"https:\/\/www.etoro.com\/fr\/"},{"@type":"ListItem","position":2,"name":"eToro Academy","item":"https:\/\/www.etoro.com\/fr\/academy\/"},{"@type":"ListItem","position":3,"name":"Vid\u00e9os","item":"https:\/\/www.etoro.com\/?page_id=221232"},{"@type":"ListItem","position":4,"name":"Ouvrir une premi\u00e8re position sur eToro"}]},{"@type":"WebSite","@id":"https:\/\/www.etoro.com\/fr\/#website","url":"https:\/\/www.etoro.com\/fr\/","name":"eToro","description":"","publisher":{"@id":"https:\/\/www.etoro.com\/fr\/#organization"},"potentialAction":[{"@type":"SearchAction","target":{"@type":"EntryPoint","urlTemplate":"https:\/\/www.etoro.com\/fr\/?s={search_term_string}"},"query-input":{"@type":"PropertyValueSpecification","valueRequired":true,"valueName":"search_term_string"}}],"inLanguage":"fr"},[]]}},"_links":{"self":[{"href":"https:\/\/www.etoro.com\/fr\/wp-json\/wp\/v2\/pages\/997515"}],"collection":[{"href":"https:\/\/www.etoro.com\/fr\/wp-json\/wp\/v2\/pages"}],"about":[{"href":"https:\/\/www.etoro.com\/fr\/wp-json\/wp\/v2\/types\/page"}],"author":[{"embeddable":true,"href":"https:\/\/www.etoro.com\/fr\/wp-json\/wp\/v2\/users\/96"}],"replies":[{"embeddable":true,"href":"https:\/\/www.etoro.com\/fr\/wp-json\/wp\/v2\/comments?post=997515"}],"version-history":[{"count":0,"href":"https:\/\/www.etoro.com\/fr\/wp-json\/wp\/v2\/pages\/997515\/revisions"}],"up":[{"embeddable":true,"href":"https:\/\/www.etoro.com\/fr\/wp-json\/wp\/v2\/pages\/260124"}],"wp:featuredmedia":[{"embeddable":true,"href":"https:\/\/www.etoro.com\/fr\/wp-json\/wp\/v2\/media\/815018"}],"wp:attachment":[{"href":"https:\/\/www.etoro.com\/fr\/wp-json\/wp\/v2\/media?parent=997515"}],"wp:term":[{"taxonomy":"asset_type","embeddable":true,"href":"https:\/\/www.etoro.com\/fr\/wp-json\/wp\/v2\/asset_type?post=997515"}],"curies":[{"name":"wp","href":"https:\/\/api.w.org\/{rel}","templated":true}]}}