{"id":997638,"date":"2025-01-10T17:19:24","date_gmt":"2025-01-10T15:19:24","guid":{"rendered":"https:\/\/www.etoro.com\/academy\/videos\/starting-your-investing-journey\/"},"modified":"2025-02-04T14:04:13","modified_gmt":"2025-02-04T12:04:13","slug":"starting-your-investing-journey","status":"publish","type":"page","link":"https:\/\/www.etoro.com\/fr\/academy\/videos\/starting-your-investing-journey\/","title":{"rendered":"Commencer son parcours d&#8217;investisseur"},"content":{"rendered":"\n<div class=\"wp-block-etoro-video-transcript\"><div class=\"wp-block-etoro-video-description\"><h2 class=\"wp-block-etoro-video-description-title\">Description<\/h2><hr\/><div class=\"wp-block-etoro-video-description-content\">Une question l\u00e9gitime m\u00e9rite une r\u00e9ponse ad\u00e9quate. Si vous voulez commencer \u00e0 investir sur les march\u00e9s financiers, cette vid\u00e9o est faite pour vous !<\/div><\/div><div class=\"wp-block-etoro-video-transcript-content\"><h2 class=\"wp-block-etoro-video-transcript-title\">Transcription<\/h2><hr\/><div class=\"wp-block-etoro-video-transcript-text\"><div class=\"wp-block-etoro-video-transcript-text-wrapper\">\n<p>Bonjour \u00e0 tous je suis Ari\u00e9 et dans cette vid\u00e9o je vais essayer de vous aider \u00e0 trouver une r\u00e9ponse \u00e0 une question essentielle :&nbsp;<\/p>\n\n\n\n<p>De combien d&#8217;argent ai-je besoin pour commencer \u00e0 investir ?<\/p>\n\n\n\n<p>Bien qu&#8217;il n&#8217;y ait pas de solution toute faite, la meilleure r\u00e9ponse est la suivante : cela d\u00e9pend de l&#8217;argent dont vous disposez et de vos objectifs d&#8217;investissement.&nbsp;<\/p>\n\n\n\n<p>Vous pouvez investir beaucoup ou peu finalement, la vraie question n&#8217;est pas combien vous pouvez mais combien vous devriez investir.<\/p>\n\n\n\n<p>Alors voil\u00e0 le plus important c&#8217;est d&#8217;\u00eatre responsable, n&#8217;investissez que l&#8217;argent que vous \u00eates pr\u00eat \u00e0 perdre.<\/p>\n\n\n\n<p>Une des r\u00e8gles de base pourrait \u00eatre de faire attention \u00e0 vos cr\u00e9ances et de disposer d&#8217;un fond d&#8217;urgence avant d&#8217;utiliser l&#8217;ensemble de votre capital disponible.<\/p>\n\n\n\n<p>Ayez des attentes r\u00e9alistes, si certains vous proposent des solutions rapides pour devenir riche en r\u00e9alit\u00e9 une vraie richesse se construit progressivement et avec beaucoup de patience.<\/p>\n\n\n\n<p>Vous pouvez poser la question \u00e0 n&#8217;importe quel investisseur : vaut mieux \u00eatre la tortue que le li\u00e8vre et en parlant de patience le temps est aussi un facteur auquel vous devriez accorder une grande importance.<\/p>\n\n\n\n<p>Par exemple, sous combien de temps comptez-vous rentabiliser votre investissement ?<\/p>\n\n\n\n<p>\u00c9conomisez vous pour votre retraite pour acheter une maison ou faire un tour du monde \u00e0 pied l&#8217;an prochain ?<\/p>\n\n\n\n<p>Assurez-vous aussi d&#8217;investir dans une bonne paire de chaussures pour les randonn\u00e9es.<\/p>\n\n\n\n<p>&nbsp;Un autre facteur \u00e0 prendre en compte est le risque.<\/p>\n\n\n\n<p>Le ratio risque b\u00e9n\u00e9fice de l&#8217;investissement que vous souhaitez r\u00e9aliser vous aidera \u00e0 calculer exactement le montant avec lequel vous devez commencer.&nbsp;<\/p>\n\n\n\n<p>Naturellement, il y a de nombreux facteurs \u00e0 prendre en compte mais si vous suivez les r\u00e8gles de cette vid\u00e9o, ce sera d\u00e9j\u00e0 un excellent d\u00e9but.<\/p>\n\n\n\n<p>Maintenant allez-y commencez \u00e0 planifier votre avenir financier.<\/p>\n\n\n\n<p>Merci pour votre attention et \u00e0 bient\u00f4t sur eToro.<\/p>\n<\/div><button class=\"wp-block-etoro-video-description-more-text\">AFFICHER PLUS<svg xmlns=\"http:\/\/www.w3.org\/2000\/svg\" width=\"9\" height=\"6\" viewBox=\"0 0 9 6\" fill=\"none\"><path d=\"M7.5625 1.48616L4.5 4.54866L1.4375 1.48616\" stroke=\"#13C636\" stroke-linecap=\"square\"><\/path><\/svg><\/button><\/div><\/div><\/div>\n","protected":false},"excerpt":{"rendered":"","protected":false},"author":96,"featured_media":560299,"parent":260124,"menu_order":0,"comment_status":"closed","ping_status":"closed","template":"","meta":{"_acf_changed":true,"inline_featured_image":false,"sticky_cta_settings":"","footnotes":""},"asset_type":[],"class_list":["post-997638","page","type-page","status-publish","has-post-thumbnail","hentry"],"acf":[],"yoast_head":"<title>Commencer votre voyage d&#039;investissement - Video | Acad\u00e9mie eToro<\/title>\n<meta name=\"description\" content=\"Vous \u00eates novice en mati\u00e8re d&#039;investissement ? Regardez cette vid\u00e9o pour apprendre \u00e0 faire vos premiers pas sur les march\u00e9s financiers avec eToro.\" \/>\n<meta name=\"robots\" content=\"index, follow, max-snippet:-1, max-image-preview:large, max-video-preview:-1\" \/>\n<link rel=\"canonical\" href=\"https:\/\/www.etoro.com\/fr\/wp-json\/wp\/v2\/pages\/997638\" \/>\n<meta property=\"og:locale\" content=\"fr_FR\" \/>\n<meta property=\"og:type\" content=\"article\" \/>\n<meta property=\"og:title\" content=\"Commencer votre voyage d&#039;investissement - Video | Acad\u00e9mie eToro\" \/>\n<meta property=\"og:description\" content=\"Vous \u00eates novice en mati\u00e8re d&#039;investissement ? Regardez cette vid\u00e9o pour apprendre \u00e0 faire vos premiers pas sur les march\u00e9s financiers avec eToro.\" \/>\n<meta property=\"og:url\" content=\"https:\/\/www.etoro.com\/fr\/wp-json\/wp\/v2\/pages\/997638\" \/>\n<meta property=\"og:site_name\" content=\"eToro\" \/>\n<meta property=\"article:publisher\" content=\"https:\/\/www.facebook.com\/eToro\/\" \/>\n<meta property=\"article:modified_time\" content=\"2025-02-04T12:04:13+00:00\" \/>\n<meta property=\"og:image\" content=\"https:\/\/www.etoro.com\/wp-content\/uploads\/2023\/02\/2321_600X500_FR.png\" \/>\n\t<meta property=\"og:image:width\" content=\"576\" \/>\n\t<meta property=\"og:image:height\" content=\"385\" \/>\n\t<meta property=\"og:image:type\" content=\"image\/png\" \/>\n<meta name=\"twitter:card\" content=\"summary_large_image\" \/>\n<meta name=\"twitter:site\" content=\"@eToro\" \/>\n<meta name=\"twitter:label1\" content=\"Est. reading time\" \/>\n\t<meta name=\"twitter:data1\" content=\"2 minutes\" \/>\n<script type=\"application\/ld+json\" class=\"yoast-schema-graph\">{\"@context\":\"https:\/\/schema.org\",\"@graph\":[{\"@type\":\"WebPage\",\"@id\":\"https:\/\/www.etoro.com\/fr\/academy\/videos\/starting-your-investing-journey\/\",\"url\":\"https:\/\/www.etoro.com\/fr\/academy\/videos\/starting-your-investing-journey\/\",\"name\":\"Commencer votre voyage d'investissement - Video | Acad\u00e9mie eToro\",\"isPartOf\":{\"@id\":\"https:\/\/www.etoro.com\/fr\/#website\"},\"primaryImageOfPage\":{\"@id\":\"https:\/\/www.etoro.com\/fr\/academy\/videos\/starting-your-investing-journey\/#primaryimage\"},\"image\":{\"@id\":\"https:\/\/www.etoro.com\/fr\/academy\/videos\/starting-your-investing-journey\/#primaryimage\"},\"thumbnailUrl\":\"https:\/\/www.etoro.com\/wp-content\/uploads\/2023\/02\/2321_600X500_FR.png\",\"datePublished\":\"2025-01-10T15:19:24+00:00\",\"dateModified\":\"2025-02-04T12:04:13+00:00\",\"description\":\"Vous \u00eates novice en mati\u00e8re d'investissement ? Regardez cette vid\u00e9o pour apprendre \u00e0 faire vos premiers pas sur les march\u00e9s financiers avec eToro.\",\"breadcrumb\":{\"@id\":\"https:\/\/www.etoro.com\/fr\/academy\/videos\/starting-your-investing-journey\/#breadcrumb\"},\"inLanguage\":\"fr\",\"potentialAction\":[{\"@type\":\"ReadAction\",\"target\":[\"https:\/\/www.etoro.com\/fr\/academy\/videos\/starting-your-investing-journey\/\"]}]},{\"@type\":\"ImageObject\",\"inLanguage\":\"fr\",\"@id\":\"https:\/\/www.etoro.com\/fr\/academy\/videos\/starting-your-investing-journey\/#primaryimage\",\"url\":\"https:\/\/www.etoro.com\/wp-content\/uploads\/2023\/02\/2321_600X500_FR.png\",\"contentUrl\":\"https:\/\/www.etoro.com\/wp-content\/uploads\/2023\/02\/2321_600X500_FR.png\",\"width\":576,\"height\":385},{\"@type\":\"BreadcrumbList\",\"@id\":\"https:\/\/www.etoro.com\/fr\/academy\/videos\/starting-your-investing-journey\/#breadcrumb\",\"itemListElement\":[{\"@type\":\"ListItem\",\"position\":1,\"name\":\"Accueil\",\"item\":\"https:\/\/www.etoro.com\/fr\/\"},{\"@type\":\"ListItem\",\"position\":2,\"name\":\"eToro Academy\",\"item\":\"https:\/\/www.etoro.com\/fr\/academy\/\"},{\"@type\":\"ListItem\",\"position\":3,\"name\":\"Vid\u00e9os\",\"item\":\"https:\/\/www.etoro.com\/?page_id=221232\"},{\"@type\":\"ListItem\",\"position\":4,\"name\":\"Commencer son parcours d&#8217;investisseur\"}]},{\"@type\":\"WebSite\",\"@id\":\"https:\/\/www.etoro.com\/fr\/#website\",\"url\":\"https:\/\/www.etoro.com\/fr\/\",\"name\":\"eToro\",\"description\":\"\",\"publisher\":{\"@id\":\"https:\/\/www.etoro.com\/fr\/#organization\"},\"potentialAction\":[{\"@type\":\"SearchAction\",\"target\":{\"@type\":\"EntryPoint\",\"urlTemplate\":\"https:\/\/www.etoro.com\/fr\/?s={search_term_string}\"},\"query-input\":{\"@type\":\"PropertyValueSpecification\",\"valueRequired\":true,\"valueName\":\"search_term_string\"}}],\"inLanguage\":\"fr\"},[]]}<\/script>","yoast_head_json":{"title":"Commencer votre voyage d'investissement - Video | Acad\u00e9mie eToro","description":"Vous \u00eates novice en mati\u00e8re d'investissement ? Regardez cette vid\u00e9o pour apprendre \u00e0 faire vos premiers pas sur les march\u00e9s financiers avec eToro.","robots":{"index":"index","follow":"follow","max-snippet":"max-snippet:-1","max-image-preview":"max-image-preview:large","max-video-preview":"max-video-preview:-1"},"canonical":"https:\/\/www.etoro.com\/fr\/wp-json\/wp\/v2\/pages\/997638","og_locale":"fr_FR","og_type":"article","og_title":"Commencer votre voyage d'investissement - Video | Acad\u00e9mie eToro","og_description":"Vous \u00eates novice en mati\u00e8re d'investissement ? Regardez cette vid\u00e9o pour apprendre \u00e0 faire vos premiers pas sur les march\u00e9s financiers avec eToro.","og_url":"https:\/\/www.etoro.com\/fr\/wp-json\/wp\/v2\/pages\/997638","og_site_name":"eToro","article_publisher":"https:\/\/www.facebook.com\/eToro\/","article_modified_time":"2025-02-04T12:04:13+00:00","og_image":[{"width":576,"height":385,"url":"https:\/\/www.etoro.com\/wp-content\/uploads\/2023\/02\/2321_600X500_FR.png","type":"image\/png"}],"twitter_card":"summary_large_image","twitter_site":"@eToro","twitter_misc":{"Est. reading time":"2 minutes"},"schema":{"@context":"https:\/\/schema.org","@graph":[{"@type":"WebPage","@id":"https:\/\/www.etoro.com\/fr\/academy\/videos\/starting-your-investing-journey\/","url":"https:\/\/www.etoro.com\/fr\/academy\/videos\/starting-your-investing-journey\/","name":"Commencer votre voyage d'investissement - Video | Acad\u00e9mie eToro","isPartOf":{"@id":"https:\/\/www.etoro.com\/fr\/#website"},"primaryImageOfPage":{"@id":"https:\/\/www.etoro.com\/fr\/academy\/videos\/starting-your-investing-journey\/#primaryimage"},"image":{"@id":"https:\/\/www.etoro.com\/fr\/academy\/videos\/starting-your-investing-journey\/#primaryimage"},"thumbnailUrl":"https:\/\/www.etoro.com\/wp-content\/uploads\/2023\/02\/2321_600X500_FR.png","datePublished":"2025-01-10T15:19:24+00:00","dateModified":"2025-02-04T12:04:13+00:00","description":"Vous \u00eates novice en mati\u00e8re d'investissement ? Regardez cette vid\u00e9o pour apprendre \u00e0 faire vos premiers pas sur les march\u00e9s financiers avec eToro.","breadcrumb":{"@id":"https:\/\/www.etoro.com\/fr\/academy\/videos\/starting-your-investing-journey\/#breadcrumb"},"inLanguage":"fr","potentialAction":[{"@type":"ReadAction","target":["https:\/\/www.etoro.com\/fr\/academy\/videos\/starting-your-investing-journey\/"]}]},{"@type":"ImageObject","inLanguage":"fr","@id":"https:\/\/www.etoro.com\/fr\/academy\/videos\/starting-your-investing-journey\/#primaryimage","url":"https:\/\/www.etoro.com\/wp-content\/uploads\/2023\/02\/2321_600X500_FR.png","contentUrl":"https:\/\/www.etoro.com\/wp-content\/uploads\/2023\/02\/2321_600X500_FR.png","width":576,"height":385},{"@type":"BreadcrumbList","@id":"https:\/\/www.etoro.com\/fr\/academy\/videos\/starting-your-investing-journey\/#breadcrumb","itemListElement":[{"@type":"ListItem","position":1,"name":"Accueil","item":"https:\/\/www.etoro.com\/fr\/"},{"@type":"ListItem","position":2,"name":"eToro Academy","item":"https:\/\/www.etoro.com\/fr\/academy\/"},{"@type":"ListItem","position":3,"name":"Vid\u00e9os","item":"https:\/\/www.etoro.com\/?page_id=221232"},{"@type":"ListItem","position":4,"name":"Commencer son parcours d&#8217;investisseur"}]},{"@type":"WebSite","@id":"https:\/\/www.etoro.com\/fr\/#website","url":"https:\/\/www.etoro.com\/fr\/","name":"eToro","description":"","publisher":{"@id":"https:\/\/www.etoro.com\/fr\/#organization"},"potentialAction":[{"@type":"SearchAction","target":{"@type":"EntryPoint","urlTemplate":"https:\/\/www.etoro.com\/fr\/?s={search_term_string}"},"query-input":{"@type":"PropertyValueSpecification","valueRequired":true,"valueName":"search_term_string"}}],"inLanguage":"fr"},[]]}},"_links":{"self":[{"href":"https:\/\/www.etoro.com\/fr\/wp-json\/wp\/v2\/pages\/997638"}],"collection":[{"href":"https:\/\/www.etoro.com\/fr\/wp-json\/wp\/v2\/pages"}],"about":[{"href":"https:\/\/www.etoro.com\/fr\/wp-json\/wp\/v2\/types\/page"}],"author":[{"embeddable":true,"href":"https:\/\/www.etoro.com\/fr\/wp-json\/wp\/v2\/users\/96"}],"replies":[{"embeddable":true,"href":"https:\/\/www.etoro.com\/fr\/wp-json\/wp\/v2\/comments?post=997638"}],"version-history":[{"count":0,"href":"https:\/\/www.etoro.com\/fr\/wp-json\/wp\/v2\/pages\/997638\/revisions"}],"up":[{"embeddable":true,"href":"https:\/\/www.etoro.com\/fr\/wp-json\/wp\/v2\/pages\/260124"}],"wp:featuredmedia":[{"embeddable":true,"href":"https:\/\/www.etoro.com\/fr\/wp-json\/wp\/v2\/media\/560299"}],"wp:attachment":[{"href":"https:\/\/www.etoro.com\/fr\/wp-json\/wp\/v2\/media?parent=997638"}],"wp:term":[{"taxonomy":"asset_type","embeddable":true,"href":"https:\/\/www.etoro.com\/fr\/wp-json\/wp\/v2\/asset_type?post=997638"}],"curies":[{"name":"wp","href":"https:\/\/api.w.org\/{rel}","templated":true}]}}