{"id":997646,"date":"2025-01-10T17:59:49","date_gmt":"2025-01-10T15:59:49","guid":{"rendered":"https:\/\/www.etoro.com\/academy\/videos\/getting-started-on-etoro-part-2\/"},"modified":"2025-02-04T14:04:55","modified_gmt":"2025-02-04T12:04:55","slug":"getting-started-on-etoro-part-2","status":"publish","type":"page","link":"https:\/\/www.etoro.com\/fr\/academy\/videos\/getting-started-on-etoro-part-2\/","title":{"rendered":"D\u00e9buter sur eToro (Deuxi\u00e8me Partie)"},"content":{"rendered":"\n<div class=\"wp-block-etoro-video-transcript\"><div class=\"wp-block-etoro-video-description\"><h2 class=\"wp-block-etoro-video-description-title\">Description<\/h2><hr\/><div class=\"wp-block-etoro-video-description-content\">Si vous avez aim\u00e9 \u201cD\u00e9buter sur eToro &#8211; Partie 1\u201d, vous allez ADORER cette vid\u00e9o ! Tout ce dont vous avez besoin pour vous lancer en deux minutes !<\/div><\/div><div class=\"wp-block-etoro-video-transcript-content\"><h2 class=\"wp-block-etoro-video-transcript-title\">Transcription<\/h2><hr\/><div class=\"wp-block-etoro-video-transcript-text\"><div class=\"wp-block-etoro-video-transcript-text-wrapper\">\n<p>Bonjour \u00e0 tous, bienvenue sur la seconde partie de la vid\u00e9o : Comment d\u00e9buter sur eToro.<\/p>\n\n\n\n<p>Je vais vous pr\u00e9senter certaines des fonctionnalit\u00e9s que vous devriez conna\u00eetre avant de commencer.<\/p>\n\n\n\n<p>Votre page d&#8217;accueil eToro est sp\u00e9cialement con\u00e7ue pour vous et c&#8217;est la premi\u00e8re chose que vous verrez lorsque vous vous connecterez \u00e0 votre compte.<\/p>\n\n\n\n<p>C&#8217;est un peu votre portail vers toutes les autres fonctionnalit\u00e9s de notre plateforme.<\/p>\n\n\n\n<p>Maintenant commen\u00e7ons passons \u00e0 explorer les march\u00e9s.<\/p>\n\n\n\n<p>Passez directement \u00e0 la page \u201crecherche\u201d et d\u00e9couvrons ensemble nos diff\u00e9rentes cat\u00e9gories d&#8217;actifs.<\/p>\n\n\n\n<p>eToro n&#8217;est pas seulement une autre plateforme d&#8217;investissement, c&#8217;est d&#8217;abord et avant tout une plateforme sociale pens\u00e9e pour ses utilisateurs.<\/p>\n\n\n\n<p>Rendez-vous dans la section Copy Tader et commencez \u00e0 vous familiariser avec les visages qui font la communaut\u00e9 eToro.<\/p>\n\n\n\n<p>Vous pouvez \u00e9galement jeter un \u0153il \u00e0 leur statistique \u00e0 la performance de leur portefeuille et divers d\u00e9tails de leur strat\u00e9gie d&#8217;investissement.<\/p>\n\n\n\n<p>Il y aura de quoi faire une autre vid\u00e9o on va donc en parler une autre fois.<\/p>\n\n\n\n<p>Continuons, la page \u201cfavori\u201d vous sert \u00e0 retrouver facilement les actifs et les investisseurs qui vous int\u00e9ressent.<\/p>\n\n\n\n<p>Et vous pouvez cr\u00e9er autant de listes de favoris que vous souhaitez.<\/p>\n\n\n\n<p>Les actifs et les personnes que vous suivez seront utilis\u00e9es afin de personnaliser votre flux d&#8217;information.<\/p>\n\n\n\n<p>\u00c7a c&#8217;est la personnalisation.<\/p>\n\n\n\n<p>N&#8217;h\u00e9sitez pas \u00e0 explorer notre plateforme par vous-m\u00eame et \u00e0 proc\u00e9der \u00e0 autant d&#8217;ajustements que n\u00e9cessaire.<\/p>\n\n\n\n<p>Une fois que vous avez investi dans quelques actifs vous pouvez suivre l&#8217;\u00e9volution de votre investissement sur la page portefeuille.<\/p>\n\n\n\n<p>Cliquez sur l&#8217;actif de votre choix pour obtenir les informations relatives \u00e0 cet investissement.<\/p>\n\n\n\n<p>Le reste est de l&#8217;histoire, litt\u00e9ralement.<\/p>\n\n\n\n<p>Utilisez ce param\u00e8tre pour visualiser l&#8217;historique de votre portefeuille, si vous souhaitez proc\u00e9der \u00e0 des r\u00e9glages et am\u00e9liorer votre exp\u00e9rience utilisateur, vous pouvez vous rendre dans le menu Param\u00e8tres.<\/p>\n\n\n\n<p>Maintenant vous pouvez vous lancer si vous souhaitez ouvrir quelques positions apprendre \u00e0 trader et investir sur eToro.<\/p>\n\n\n\n<p>Vous pouvez aussi investir sans aucun risque. Il vous suffit pour cela de passer vers le portefeuille virtuel et ne pas essayer votre portefeuille virtuel est virtuellement inexcusable, pardon, v\u00e9ritablement inexcusable.<\/p>\n\n\n\n<p>J&#8217;esp\u00e8re que vous en savez d\u00e9sormais un peu plus sur eToro merci pour votre attention et \u00e0 bient\u00f4t sur la plateforme.<\/p>\n<\/div><button class=\"wp-block-etoro-video-description-more-text\">AFFICHER PLUS<svg xmlns=\"http:\/\/www.w3.org\/2000\/svg\" width=\"9\" height=\"6\" viewBox=\"0 0 9 6\" fill=\"none\"><path d=\"M7.5625 1.48616L4.5 4.54866L1.4375 1.48616\" stroke=\"#13C636\" stroke-linecap=\"square\"><\/path><\/svg><\/button><\/div><\/div><\/div>\n","protected":false},"excerpt":{"rendered":"","protected":false},"author":96,"featured_media":542029,"parent":260124,"menu_order":0,"comment_status":"closed","ping_status":"closed","template":"","meta":{"_acf_changed":true,"inline_featured_image":false,"sticky_cta_settings":"","footnotes":""},"asset_type":[],"class_list":["post-997646","page","type-page","status-publish","has-post-thumbnail","hentry"],"acf":[],"yoast_head":"<title>Comment d\u00e9marrer sur eToro - Partie 2 - Video | Acad\u00e9mie eToro<\/title>\n<meta name=\"description\" content=\"Continuez votre voyage sur les march\u00e9s financiers avec la deuxi\u00e8me partie de cette s\u00e9rie de vid\u00e9os. Apprenez d&#039;autres conseils pour d\u00e9marrer votre exp\u00e9rience d&#039;investissement.\" \/>\n<meta name=\"robots\" content=\"index, follow, max-snippet:-1, max-image-preview:large, max-video-preview:-1\" \/>\n<link rel=\"canonical\" href=\"https:\/\/www.etoro.com\/fr\/wp-json\/wp\/v2\/pages\/997646\" \/>\n<meta property=\"og:locale\" content=\"fr_FR\" \/>\n<meta property=\"og:type\" content=\"article\" \/>\n<meta property=\"og:title\" content=\"Comment d\u00e9marrer sur eToro - Partie 2 - Video | Acad\u00e9mie eToro\" \/>\n<meta property=\"og:description\" content=\"Continuez votre voyage sur les march\u00e9s financiers avec la deuxi\u00e8me partie de cette s\u00e9rie de vid\u00e9os. Apprenez d&#039;autres conseils pour d\u00e9marrer votre exp\u00e9rience d&#039;investissement.\" \/>\n<meta property=\"og:url\" content=\"https:\/\/www.etoro.com\/fr\/wp-json\/wp\/v2\/pages\/997646\" \/>\n<meta property=\"og:site_name\" content=\"eToro\" \/>\n<meta property=\"article:publisher\" content=\"https:\/\/www.facebook.com\/eToro\/\" \/>\n<meta property=\"article:modified_time\" content=\"2025-02-04T12:04:55+00:00\" \/>\n<meta property=\"og:image\" content=\"https:\/\/www.etoro.com\/wp-content\/uploads\/2022\/12\/4437_600X500_EN.png\" \/>\n\t<meta property=\"og:image:width\" content=\"576\" \/>\n\t<meta property=\"og:image:height\" content=\"385\" \/>\n\t<meta property=\"og:image:type\" content=\"image\/png\" \/>\n<meta name=\"twitter:card\" content=\"summary_large_image\" \/>\n<meta name=\"twitter:site\" content=\"@eToro\" \/>\n<meta name=\"twitter:label1\" content=\"Est. reading time\" \/>\n\t<meta name=\"twitter:data1\" content=\"2 minutes\" \/>\n<script type=\"application\/ld+json\" class=\"yoast-schema-graph\">{\"@context\":\"https:\/\/schema.org\",\"@graph\":[{\"@type\":\"WebPage\",\"@id\":\"https:\/\/www.etoro.com\/fr\/academy\/videos\/getting-started-on-etoro-part-2\/\",\"url\":\"https:\/\/www.etoro.com\/fr\/academy\/videos\/getting-started-on-etoro-part-2\/\",\"name\":\"Comment d\u00e9marrer sur eToro - Partie 2 - Video | Acad\u00e9mie eToro\",\"isPartOf\":{\"@id\":\"https:\/\/www.etoro.com\/fr\/#website\"},\"primaryImageOfPage\":{\"@id\":\"https:\/\/www.etoro.com\/fr\/academy\/videos\/getting-started-on-etoro-part-2\/#primaryimage\"},\"image\":{\"@id\":\"https:\/\/www.etoro.com\/fr\/academy\/videos\/getting-started-on-etoro-part-2\/#primaryimage\"},\"thumbnailUrl\":\"https:\/\/www.etoro.com\/wp-content\/uploads\/2022\/12\/4437_600X500_EN.png\",\"datePublished\":\"2025-01-10T15:59:49+00:00\",\"dateModified\":\"2025-02-04T12:04:55+00:00\",\"description\":\"Continuez votre voyage sur les march\u00e9s financiers avec la deuxi\u00e8me partie de cette s\u00e9rie de vid\u00e9os. Apprenez d'autres conseils pour d\u00e9marrer votre exp\u00e9rience d'investissement.\",\"breadcrumb\":{\"@id\":\"https:\/\/www.etoro.com\/fr\/academy\/videos\/getting-started-on-etoro-part-2\/#breadcrumb\"},\"inLanguage\":\"fr\",\"potentialAction\":[{\"@type\":\"ReadAction\",\"target\":[\"https:\/\/www.etoro.com\/fr\/academy\/videos\/getting-started-on-etoro-part-2\/\"]}]},{\"@type\":\"ImageObject\",\"inLanguage\":\"fr\",\"@id\":\"https:\/\/www.etoro.com\/fr\/academy\/videos\/getting-started-on-etoro-part-2\/#primaryimage\",\"url\":\"https:\/\/www.etoro.com\/wp-content\/uploads\/2022\/12\/4437_600X500_EN.png\",\"contentUrl\":\"https:\/\/www.etoro.com\/wp-content\/uploads\/2022\/12\/4437_600X500_EN.png\",\"width\":576,\"height\":385},{\"@type\":\"BreadcrumbList\",\"@id\":\"https:\/\/www.etoro.com\/fr\/academy\/videos\/getting-started-on-etoro-part-2\/#breadcrumb\",\"itemListElement\":[{\"@type\":\"ListItem\",\"position\":1,\"name\":\"Accueil\",\"item\":\"https:\/\/www.etoro.com\/fr\/\"},{\"@type\":\"ListItem\",\"position\":2,\"name\":\"eToro Academy\",\"item\":\"https:\/\/www.etoro.com\/fr\/academy\/\"},{\"@type\":\"ListItem\",\"position\":3,\"name\":\"Vid\u00e9os\",\"item\":\"https:\/\/www.etoro.com\/?page_id=221232\"},{\"@type\":\"ListItem\",\"position\":4,\"name\":\"D\u00e9buter sur eToro (Deuxi\u00e8me Partie)\"}]},{\"@type\":\"WebSite\",\"@id\":\"https:\/\/www.etoro.com\/fr\/#website\",\"url\":\"https:\/\/www.etoro.com\/fr\/\",\"name\":\"eToro\",\"description\":\"\",\"publisher\":{\"@id\":\"https:\/\/www.etoro.com\/fr\/#organization\"},\"potentialAction\":[{\"@type\":\"SearchAction\",\"target\":{\"@type\":\"EntryPoint\",\"urlTemplate\":\"https:\/\/www.etoro.com\/fr\/?s={search_term_string}\"},\"query-input\":{\"@type\":\"PropertyValueSpecification\",\"valueRequired\":true,\"valueName\":\"search_term_string\"}}],\"inLanguage\":\"fr\"},[]]}<\/script>","yoast_head_json":{"title":"Comment d\u00e9marrer sur eToro - Partie 2 - Video | Acad\u00e9mie eToro","description":"Continuez votre voyage sur les march\u00e9s financiers avec la deuxi\u00e8me partie de cette s\u00e9rie de vid\u00e9os. Apprenez d'autres conseils pour d\u00e9marrer votre exp\u00e9rience d'investissement.","robots":{"index":"index","follow":"follow","max-snippet":"max-snippet:-1","max-image-preview":"max-image-preview:large","max-video-preview":"max-video-preview:-1"},"canonical":"https:\/\/www.etoro.com\/fr\/wp-json\/wp\/v2\/pages\/997646","og_locale":"fr_FR","og_type":"article","og_title":"Comment d\u00e9marrer sur eToro - Partie 2 - Video | Acad\u00e9mie eToro","og_description":"Continuez votre voyage sur les march\u00e9s financiers avec la deuxi\u00e8me partie de cette s\u00e9rie de vid\u00e9os. Apprenez d'autres conseils pour d\u00e9marrer votre exp\u00e9rience d'investissement.","og_url":"https:\/\/www.etoro.com\/fr\/wp-json\/wp\/v2\/pages\/997646","og_site_name":"eToro","article_publisher":"https:\/\/www.facebook.com\/eToro\/","article_modified_time":"2025-02-04T12:04:55+00:00","og_image":[{"width":576,"height":385,"url":"https:\/\/www.etoro.com\/wp-content\/uploads\/2022\/12\/4437_600X500_EN.png","type":"image\/png"}],"twitter_card":"summary_large_image","twitter_site":"@eToro","twitter_misc":{"Est. reading time":"2 minutes"},"schema":{"@context":"https:\/\/schema.org","@graph":[{"@type":"WebPage","@id":"https:\/\/www.etoro.com\/fr\/academy\/videos\/getting-started-on-etoro-part-2\/","url":"https:\/\/www.etoro.com\/fr\/academy\/videos\/getting-started-on-etoro-part-2\/","name":"Comment d\u00e9marrer sur eToro - Partie 2 - Video | Acad\u00e9mie eToro","isPartOf":{"@id":"https:\/\/www.etoro.com\/fr\/#website"},"primaryImageOfPage":{"@id":"https:\/\/www.etoro.com\/fr\/academy\/videos\/getting-started-on-etoro-part-2\/#primaryimage"},"image":{"@id":"https:\/\/www.etoro.com\/fr\/academy\/videos\/getting-started-on-etoro-part-2\/#primaryimage"},"thumbnailUrl":"https:\/\/www.etoro.com\/wp-content\/uploads\/2022\/12\/4437_600X500_EN.png","datePublished":"2025-01-10T15:59:49+00:00","dateModified":"2025-02-04T12:04:55+00:00","description":"Continuez votre voyage sur les march\u00e9s financiers avec la deuxi\u00e8me partie de cette s\u00e9rie de vid\u00e9os. Apprenez d'autres conseils pour d\u00e9marrer votre exp\u00e9rience d'investissement.","breadcrumb":{"@id":"https:\/\/www.etoro.com\/fr\/academy\/videos\/getting-started-on-etoro-part-2\/#breadcrumb"},"inLanguage":"fr","potentialAction":[{"@type":"ReadAction","target":["https:\/\/www.etoro.com\/fr\/academy\/videos\/getting-started-on-etoro-part-2\/"]}]},{"@type":"ImageObject","inLanguage":"fr","@id":"https:\/\/www.etoro.com\/fr\/academy\/videos\/getting-started-on-etoro-part-2\/#primaryimage","url":"https:\/\/www.etoro.com\/wp-content\/uploads\/2022\/12\/4437_600X500_EN.png","contentUrl":"https:\/\/www.etoro.com\/wp-content\/uploads\/2022\/12\/4437_600X500_EN.png","width":576,"height":385},{"@type":"BreadcrumbList","@id":"https:\/\/www.etoro.com\/fr\/academy\/videos\/getting-started-on-etoro-part-2\/#breadcrumb","itemListElement":[{"@type":"ListItem","position":1,"name":"Accueil","item":"https:\/\/www.etoro.com\/fr\/"},{"@type":"ListItem","position":2,"name":"eToro Academy","item":"https:\/\/www.etoro.com\/fr\/academy\/"},{"@type":"ListItem","position":3,"name":"Vid\u00e9os","item":"https:\/\/www.etoro.com\/?page_id=221232"},{"@type":"ListItem","position":4,"name":"D\u00e9buter sur eToro (Deuxi\u00e8me Partie)"}]},{"@type":"WebSite","@id":"https:\/\/www.etoro.com\/fr\/#website","url":"https:\/\/www.etoro.com\/fr\/","name":"eToro","description":"","publisher":{"@id":"https:\/\/www.etoro.com\/fr\/#organization"},"potentialAction":[{"@type":"SearchAction","target":{"@type":"EntryPoint","urlTemplate":"https:\/\/www.etoro.com\/fr\/?s={search_term_string}"},"query-input":{"@type":"PropertyValueSpecification","valueRequired":true,"valueName":"search_term_string"}}],"inLanguage":"fr"},[]]}},"_links":{"self":[{"href":"https:\/\/www.etoro.com\/fr\/wp-json\/wp\/v2\/pages\/997646"}],"collection":[{"href":"https:\/\/www.etoro.com\/fr\/wp-json\/wp\/v2\/pages"}],"about":[{"href":"https:\/\/www.etoro.com\/fr\/wp-json\/wp\/v2\/types\/page"}],"author":[{"embeddable":true,"href":"https:\/\/www.etoro.com\/fr\/wp-json\/wp\/v2\/users\/96"}],"replies":[{"embeddable":true,"href":"https:\/\/www.etoro.com\/fr\/wp-json\/wp\/v2\/comments?post=997646"}],"version-history":[{"count":0,"href":"https:\/\/www.etoro.com\/fr\/wp-json\/wp\/v2\/pages\/997646\/revisions"}],"up":[{"embeddable":true,"href":"https:\/\/www.etoro.com\/fr\/wp-json\/wp\/v2\/pages\/260124"}],"wp:featuredmedia":[{"embeddable":true,"href":"https:\/\/www.etoro.com\/fr\/wp-json\/wp\/v2\/media\/542029"}],"wp:attachment":[{"href":"https:\/\/www.etoro.com\/fr\/wp-json\/wp\/v2\/media?parent=997646"}],"wp:term":[{"taxonomy":"asset_type","embeddable":true,"href":"https:\/\/www.etoro.com\/fr\/wp-json\/wp\/v2\/asset_type?post=997646"}],"curies":[{"name":"wp","href":"https:\/\/api.w.org\/{rel}","templated":true}]}}