{"id":997648,"date":"2025-01-10T18:02:08","date_gmt":"2025-01-10T16:02:08","guid":{"rendered":"https:\/\/www.etoro.com\/academy\/videos\/copytrading-101-part-1-introduction\/"},"modified":"2025-02-04T14:06:23","modified_gmt":"2025-02-04T12:06:23","slug":"copytrading-101-part-1-introduction","status":"publish","type":"page","link":"https:\/\/www.etoro.com\/fr\/academy\/videos\/copytrading-101-part-1-introduction\/","title":{"rendered":"CopyTrading | Partie 1 : Introduction"},"content":{"rendered":"\n<div class=\"wp-block-etoro-video-transcript\"><div class=\"wp-block-etoro-video-description\"><h2 class=\"wp-block-etoro-video-description-title\">Description<\/h2><hr\/><div class=\"wp-block-etoro-video-description-content\">Qui a dit qu\u2019il \u00e9tait impossible de copier les strat\u00e9gies des meilleurs investisseurs ? D\u00e9couvrez les bases du CopyTrading !<\/div><\/div><div class=\"wp-block-etoro-video-transcript-content\"><h2 class=\"wp-block-etoro-video-transcript-title\">Transcription<\/h2><hr\/><div class=\"wp-block-etoro-video-transcript-text\"><div class=\"wp-block-etoro-video-transcript-text-wrapper\">\n<p>Vous souvenez-vous de l&#8217;\u00e9cole ? De ce qui \u00e9tait totalement interdit ? Copier, regarder par dessus l&#8217;\u00e9paule du bon \u00e9l\u00e8ve pour se faciliter la vie et bien chez eToro nous vous donnons la possibilit\u00e9 de prendre votre revanche sur cette \u00e9poque avec le copy trading.<\/p>\n\n\n\n<p>Le copy trading est un outil intelligent qui vous aide \u00e0 r\u00e9pliquer automatiquement les actions des autres investisseurs de la plateforme et ce en temps r\u00e9el.<\/p>\n\n\n\n<p>&nbsp;eToro est une communaut\u00e9 de millions d&#8217;investisseurs du monde entier.<\/p>\n\n\n\n<p>Vous pouvez ainsi choisir quelqu\u2019un qui sera parfaitement en phase avec votre propre strat\u00e9gie d&#8217;investissement.<\/p>\n\n\n\n<p>Lorsque vous choisissez de copier un autre investisseur, le portefeuille d&#8217;investissement de ce dernier est r\u00e9pliqu\u00e9 proportionnellement dans votre propre portefeuille mais ce n&#8217;est pas tout.<\/p>\n\n\n\n<p>Avec le copy trading vous \u00eates libre d&#8217;arr\u00eater ou de mettre en poste cette copie \u00e0 n&#8217;importe quel moment, vous \u00eates ainsi toujours le ma\u00eetre de vos investissements.<\/p>\n\n\n\n<p>Si vous \u00eates d\u00e9butant, le copy trading est un bon moyen d&#8217;observer et d&#8217;en apprendre plus sur les march\u00e9s.<\/p>\n\n\n\n<p>Si vous avez plus d&#8217;exp\u00e9rience et que vous souhaitez \u00e9tendre et diversifier votre portefeuille, vous pouvez utiliser cet outil pour copier certains investisseurs sp\u00e9cialis\u00e9s dans des secteurs originaux ou encore d&#8217;autres qui favorisent le retour sur investissement \u00e0 long terme.<\/p>\n\n\n\n<p>Le copy trading pr\u00e9sente des tonnes d\u2019avantages, il n&#8217;y a aucun frais de gestion, c&#8217;est d\u00e9j\u00e0 des \u00e9conomies avec lesquelles vous pouvez investir.<\/p>\n\n\n\n<p>Tout est transparent, ce qui est rarement le cas avec les courtiers traditionnels. Ici, vous pouvez voir exactement o\u00f9 est votre argent et vous avez un contr\u00f4le total sur votre portefeuille.<\/p>\n\n\n\n<p>Vous pouvez poser directement des questions aux investisseurs qualifi\u00e9s c&#8217;est comme discuter avec cet ami qui est dou\u00e9 en bourse.<\/p>\n\n\n\n<p>Les investisseurs que vous copiez sont ici pour gagner aussi, pourquoi ? Parce que comme vous ils investissent avec leur propre argent. Peut-on trouver meilleure motivation ?&nbsp;<\/p>\n\n\n\n<p>Enfin \u00e7a permet d&#8217;\u00e9conomiser un temps fou et comme le dit le dicton le temps c&#8217;est de l&#8217;argent, c&#8217;est donc plus d&#8217;argent qui vous permettra de gagner du temps ou de l&#8217;argent.\u00a0<\/p>\n\n\n\n<p>C&#8217;est clair non ?<\/p>\n\n\n\n<p>C&#8217;est une bonne question avec une r\u00e9ponse courte : CSL ou copie stop loss.<\/p>\n\n\n\n<p>Le copy <em>stop loss<\/em> est un super outil qui permet d&#8217;\u00e9tablir une limite \u00e0 ce que vous \u00eates pr\u00eat \u00e0 perdre si jamais les choses venaient \u00e0 ne pas se d\u00e9rouler.<\/p>\n\n\n\n<p>Comme pr\u00e9vu d\u00e8s que votre copie atteint cette limite la plateforme eToro ferme automatiquement la copie en question et ce qui reste des fonds revient sur le solde de votre compte.<\/p>\n\n\n\n<p>Dans la prochaine vid\u00e9o nous verrons comment choisir qui copier.<\/p>\n\n\n\n<p>D&#8217;ici l\u00e0 nous vous remercions pour votre attention et \u00e0 bient\u00f4t sur eToro.<\/p>\n<\/div><button class=\"wp-block-etoro-video-description-more-text\">AFFICHER PLUS<svg xmlns=\"http:\/\/www.w3.org\/2000\/svg\" width=\"9\" height=\"6\" viewBox=\"0 0 9 6\" fill=\"none\"><path d=\"M7.5625 1.48616L4.5 4.54866L1.4375 1.48616\" stroke=\"#13C636\" stroke-linecap=\"square\"><\/path><\/svg><\/button><\/div><\/div><\/div>\n","protected":false},"excerpt":{"rendered":"","protected":false},"author":96,"featured_media":549417,"parent":260124,"menu_order":0,"comment_status":"closed","ping_status":"closed","template":"","meta":{"_acf_changed":false,"inline_featured_image":false,"sticky_cta_settings":"","footnotes":""},"asset_type":[],"class_list":["post-997648","page","type-page","status-publish","has-post-thumbnail","hentry"],"acf":[],"yoast_head":"<title>CopyTrading 101 - Partie 1 - Video | Acad\u00e9mie eToro<\/title>\n<meta name=\"description\" content=\"D\u00e9couvrez les bases du CopyTrading sur eToro dans cette vid\u00e9o. Apprenez \u00e0 reproduire les strat\u00e9gies des meilleurs investisseurs et construisez votre portefeuille.\" \/>\n<meta name=\"robots\" content=\"index, follow, max-snippet:-1, max-image-preview:large, max-video-preview:-1\" \/>\n<link rel=\"canonical\" href=\"https:\/\/www.etoro.com\/fr\/wp-json\/wp\/v2\/pages\/997648\" \/>\n<meta property=\"og:locale\" content=\"fr_FR\" \/>\n<meta property=\"og:type\" content=\"article\" \/>\n<meta property=\"og:title\" content=\"CopyTrading 101 - Partie 1 - Video | Acad\u00e9mie eToro\" \/>\n<meta property=\"og:description\" content=\"D\u00e9couvrez les bases du CopyTrading sur eToro dans cette vid\u00e9o. Apprenez \u00e0 reproduire les strat\u00e9gies des meilleurs investisseurs et construisez votre portefeuille.\" \/>\n<meta property=\"og:url\" content=\"https:\/\/www.etoro.com\/fr\/wp-json\/wp\/v2\/pages\/997648\" \/>\n<meta property=\"og:site_name\" content=\"eToro\" \/>\n<meta property=\"article:publisher\" content=\"https:\/\/www.facebook.com\/eToro\/\" \/>\n<meta property=\"article:modified_time\" content=\"2025-02-04T12:06:23+00:00\" \/>\n<meta property=\"og:image\" content=\"https:\/\/www.etoro.com\/wp-content\/uploads\/2023\/01\/copy-trader-1-FR.jpg\" \/>\n\t<meta property=\"og:image:width\" content=\"576\" \/>\n\t<meta property=\"og:image:height\" content=\"385\" \/>\n\t<meta property=\"og:image:type\" content=\"image\/jpeg\" \/>\n<meta name=\"twitter:card\" content=\"summary_large_image\" \/>\n<meta name=\"twitter:site\" content=\"@eToro\" \/>\n<meta name=\"twitter:label1\" content=\"Est. reading time\" \/>\n\t<meta name=\"twitter:data1\" content=\"2 minutes\" \/>\n<script type=\"application\/ld+json\" class=\"yoast-schema-graph\">{\"@context\":\"https:\/\/schema.org\",\"@graph\":[{\"@type\":\"WebPage\",\"@id\":\"https:\/\/www.etoro.com\/fr\/academy\/videos\/copytrading-101-part-1-introduction\/\",\"url\":\"https:\/\/www.etoro.com\/fr\/academy\/videos\/copytrading-101-part-1-introduction\/\",\"name\":\"CopyTrading 101 - Partie 1 - Video | Acad\u00e9mie eToro\",\"isPartOf\":{\"@id\":\"https:\/\/www.etoro.com\/fr\/#website\"},\"primaryImageOfPage\":{\"@id\":\"https:\/\/www.etoro.com\/fr\/academy\/videos\/copytrading-101-part-1-introduction\/#primaryimage\"},\"image\":{\"@id\":\"https:\/\/www.etoro.com\/fr\/academy\/videos\/copytrading-101-part-1-introduction\/#primaryimage\"},\"thumbnailUrl\":\"https:\/\/www.etoro.com\/wp-content\/uploads\/2023\/01\/copy-trader-1-FR.jpg\",\"datePublished\":\"2025-01-10T16:02:08+00:00\",\"dateModified\":\"2025-02-04T12:06:23+00:00\",\"description\":\"D\u00e9couvrez les bases du CopyTrading sur eToro dans cette vid\u00e9o. Apprenez \u00e0 reproduire les strat\u00e9gies des meilleurs investisseurs et construisez votre portefeuille.\",\"breadcrumb\":{\"@id\":\"https:\/\/www.etoro.com\/fr\/academy\/videos\/copytrading-101-part-1-introduction\/#breadcrumb\"},\"inLanguage\":\"fr\",\"potentialAction\":[{\"@type\":\"ReadAction\",\"target\":[\"https:\/\/www.etoro.com\/fr\/academy\/videos\/copytrading-101-part-1-introduction\/\"]}]},{\"@type\":\"ImageObject\",\"inLanguage\":\"fr\",\"@id\":\"https:\/\/www.etoro.com\/fr\/academy\/videos\/copytrading-101-part-1-introduction\/#primaryimage\",\"url\":\"https:\/\/www.etoro.com\/wp-content\/uploads\/2023\/01\/copy-trader-1-FR.jpg\",\"contentUrl\":\"https:\/\/www.etoro.com\/wp-content\/uploads\/2023\/01\/copy-trader-1-FR.jpg\",\"width\":576,\"height\":385},{\"@type\":\"BreadcrumbList\",\"@id\":\"https:\/\/www.etoro.com\/fr\/academy\/videos\/copytrading-101-part-1-introduction\/#breadcrumb\",\"itemListElement\":[{\"@type\":\"ListItem\",\"position\":1,\"name\":\"Accueil\",\"item\":\"https:\/\/www.etoro.com\/fr\/\"},{\"@type\":\"ListItem\",\"position\":2,\"name\":\"eToro Academy\",\"item\":\"https:\/\/www.etoro.com\/fr\/academy\/\"},{\"@type\":\"ListItem\",\"position\":3,\"name\":\"Vid\u00e9os\",\"item\":\"https:\/\/www.etoro.com\/?page_id=221232\"},{\"@type\":\"ListItem\",\"position\":4,\"name\":\"CopyTrading | Partie 1 : Introduction\"}]},{\"@type\":\"WebSite\",\"@id\":\"https:\/\/www.etoro.com\/fr\/#website\",\"url\":\"https:\/\/www.etoro.com\/fr\/\",\"name\":\"eToro\",\"description\":\"\",\"publisher\":{\"@id\":\"https:\/\/www.etoro.com\/fr\/#organization\"},\"potentialAction\":[{\"@type\":\"SearchAction\",\"target\":{\"@type\":\"EntryPoint\",\"urlTemplate\":\"https:\/\/www.etoro.com\/fr\/?s={search_term_string}\"},\"query-input\":{\"@type\":\"PropertyValueSpecification\",\"valueRequired\":true,\"valueName\":\"search_term_string\"}}],\"inLanguage\":\"fr\"},[]]}<\/script>","yoast_head_json":{"title":"CopyTrading 101 - Partie 1 - Video | Acad\u00e9mie eToro","description":"D\u00e9couvrez les bases du CopyTrading sur eToro dans cette vid\u00e9o. Apprenez \u00e0 reproduire les strat\u00e9gies des meilleurs investisseurs et construisez votre portefeuille.","robots":{"index":"index","follow":"follow","max-snippet":"max-snippet:-1","max-image-preview":"max-image-preview:large","max-video-preview":"max-video-preview:-1"},"canonical":"https:\/\/www.etoro.com\/fr\/wp-json\/wp\/v2\/pages\/997648","og_locale":"fr_FR","og_type":"article","og_title":"CopyTrading 101 - Partie 1 - Video | Acad\u00e9mie eToro","og_description":"D\u00e9couvrez les bases du CopyTrading sur eToro dans cette vid\u00e9o. Apprenez \u00e0 reproduire les strat\u00e9gies des meilleurs investisseurs et construisez votre portefeuille.","og_url":"https:\/\/www.etoro.com\/fr\/wp-json\/wp\/v2\/pages\/997648","og_site_name":"eToro","article_publisher":"https:\/\/www.facebook.com\/eToro\/","article_modified_time":"2025-02-04T12:06:23+00:00","og_image":[{"width":576,"height":385,"url":"https:\/\/www.etoro.com\/wp-content\/uploads\/2023\/01\/copy-trader-1-FR.jpg","type":"image\/jpeg"}],"twitter_card":"summary_large_image","twitter_site":"@eToro","twitter_misc":{"Est. reading time":"2 minutes"},"schema":{"@context":"https:\/\/schema.org","@graph":[{"@type":"WebPage","@id":"https:\/\/www.etoro.com\/fr\/academy\/videos\/copytrading-101-part-1-introduction\/","url":"https:\/\/www.etoro.com\/fr\/academy\/videos\/copytrading-101-part-1-introduction\/","name":"CopyTrading 101 - Partie 1 - Video | Acad\u00e9mie eToro","isPartOf":{"@id":"https:\/\/www.etoro.com\/fr\/#website"},"primaryImageOfPage":{"@id":"https:\/\/www.etoro.com\/fr\/academy\/videos\/copytrading-101-part-1-introduction\/#primaryimage"},"image":{"@id":"https:\/\/www.etoro.com\/fr\/academy\/videos\/copytrading-101-part-1-introduction\/#primaryimage"},"thumbnailUrl":"https:\/\/www.etoro.com\/wp-content\/uploads\/2023\/01\/copy-trader-1-FR.jpg","datePublished":"2025-01-10T16:02:08+00:00","dateModified":"2025-02-04T12:06:23+00:00","description":"D\u00e9couvrez les bases du CopyTrading sur eToro dans cette vid\u00e9o. Apprenez \u00e0 reproduire les strat\u00e9gies des meilleurs investisseurs et construisez votre portefeuille.","breadcrumb":{"@id":"https:\/\/www.etoro.com\/fr\/academy\/videos\/copytrading-101-part-1-introduction\/#breadcrumb"},"inLanguage":"fr","potentialAction":[{"@type":"ReadAction","target":["https:\/\/www.etoro.com\/fr\/academy\/videos\/copytrading-101-part-1-introduction\/"]}]},{"@type":"ImageObject","inLanguage":"fr","@id":"https:\/\/www.etoro.com\/fr\/academy\/videos\/copytrading-101-part-1-introduction\/#primaryimage","url":"https:\/\/www.etoro.com\/wp-content\/uploads\/2023\/01\/copy-trader-1-FR.jpg","contentUrl":"https:\/\/www.etoro.com\/wp-content\/uploads\/2023\/01\/copy-trader-1-FR.jpg","width":576,"height":385},{"@type":"BreadcrumbList","@id":"https:\/\/www.etoro.com\/fr\/academy\/videos\/copytrading-101-part-1-introduction\/#breadcrumb","itemListElement":[{"@type":"ListItem","position":1,"name":"Accueil","item":"https:\/\/www.etoro.com\/fr\/"},{"@type":"ListItem","position":2,"name":"eToro Academy","item":"https:\/\/www.etoro.com\/fr\/academy\/"},{"@type":"ListItem","position":3,"name":"Vid\u00e9os","item":"https:\/\/www.etoro.com\/?page_id=221232"},{"@type":"ListItem","position":4,"name":"CopyTrading | Partie 1 : Introduction"}]},{"@type":"WebSite","@id":"https:\/\/www.etoro.com\/fr\/#website","url":"https:\/\/www.etoro.com\/fr\/","name":"eToro","description":"","publisher":{"@id":"https:\/\/www.etoro.com\/fr\/#organization"},"potentialAction":[{"@type":"SearchAction","target":{"@type":"EntryPoint","urlTemplate":"https:\/\/www.etoro.com\/fr\/?s={search_term_string}"},"query-input":{"@type":"PropertyValueSpecification","valueRequired":true,"valueName":"search_term_string"}}],"inLanguage":"fr"},[]]}},"_links":{"self":[{"href":"https:\/\/www.etoro.com\/fr\/wp-json\/wp\/v2\/pages\/997648"}],"collection":[{"href":"https:\/\/www.etoro.com\/fr\/wp-json\/wp\/v2\/pages"}],"about":[{"href":"https:\/\/www.etoro.com\/fr\/wp-json\/wp\/v2\/types\/page"}],"author":[{"embeddable":true,"href":"https:\/\/www.etoro.com\/fr\/wp-json\/wp\/v2\/users\/96"}],"replies":[{"embeddable":true,"href":"https:\/\/www.etoro.com\/fr\/wp-json\/wp\/v2\/comments?post=997648"}],"version-history":[{"count":0,"href":"https:\/\/www.etoro.com\/fr\/wp-json\/wp\/v2\/pages\/997648\/revisions"}],"up":[{"embeddable":true,"href":"https:\/\/www.etoro.com\/fr\/wp-json\/wp\/v2\/pages\/260124"}],"wp:featuredmedia":[{"embeddable":true,"href":"https:\/\/www.etoro.com\/fr\/wp-json\/wp\/v2\/media\/549417"}],"wp:attachment":[{"href":"https:\/\/www.etoro.com\/fr\/wp-json\/wp\/v2\/media?parent=997648"}],"wp:term":[{"taxonomy":"asset_type","embeddable":true,"href":"https:\/\/www.etoro.com\/fr\/wp-json\/wp\/v2\/asset_type?post=997648"}],"curies":[{"name":"wp","href":"https:\/\/api.w.org\/{rel}","templated":true}]}}