{"id":997675,"date":"2025-01-10T18:05:31","date_gmt":"2025-01-10T16:05:31","guid":{"rendered":"https:\/\/www.etoro.com\/academy\/videos\/getting-verified\/"},"modified":"2025-02-04T14:07:47","modified_gmt":"2025-02-04T12:07:47","slug":"getting-verified","status":"publish","type":"page","link":"https:\/\/www.etoro.com\/fr\/academy\/videos\/getting-verified\/","title":{"rendered":"Tout sur la v\u00e9rification sur eToro"},"content":{"rendered":"\n<div class=\"wp-block-etoro-video-transcript\"><div class=\"wp-block-etoro-video-description\"><h2 class=\"wp-block-etoro-video-description-title\">Description<\/h2><hr\/><div class=\"wp-block-etoro-video-description-content\">Rejoignez une communaut\u00e9 de 30M d\u2019investisseurs sur eToro ! Pr\u00e9sentez vos documents pour v\u00e9rification, et une fois valid\u00e9, vous faites partie du club. Ne tardez pas : finalisez votre v\u00e9rification d\u00e8s aujourd\u2019hui et commencez \u00e0 investir avec la plus grande communaut\u00e9 d\u2019investisseurs.<\/div><\/div><div class=\"wp-block-etoro-video-transcript-content\"><h2 class=\"wp-block-etoro-video-transcript-title\">Transcription<\/h2><hr\/><div class=\"wp-block-etoro-video-transcript-text\"><div class=\"wp-block-etoro-video-transcript-text-wrapper\">\n<p>Les choses s\u00e9rieuses commencent maintenant.<\/p>\n\n\n\n<p>Vous avez d\u00e9j\u00e0 ouvert votre compte et remplis tous les formulaires.<\/p>\n\n\n\n<p>Vous \u00eates presque pr\u00eat \u00e0 investir mais il vous reste une derni\u00e8re \u00e9tape : la v\u00e9rification.<\/p>\n\n\n\n<p>Chez eToro, notre priorit\u00e9 absolue est de s&#8217;assurer que vos investissements sont s\u00e9curis\u00e9s.<\/p>\n\n\n\n<p>La v\u00e9rification nous permet de nous assurer que tous nos utilisateurs sont bien r\u00e9els et ne vous inqui\u00e9tez pas nos petits g\u00e9nies de l&#8217;informatique ont travaill\u00e9 dur pour vous rendre la t\u00e2che facile.<\/p>\n\n\n\n<p>D&#8217;abord vous devez fournir une pi\u00e8ce d&#8217;identit\u00e9 valide, de pr\u00e9f\u00e9rence votre passeport ou votre carte d&#8217;identit\u00e9. Moi j&#8217;ai toujours mon passeport sur moi.<\/p>\n\n\n\n<p>On peut toujours r\u00eaver d&#8217;un voyage surprise \u00e0 New York, non ?<\/p>\n\n\n\n<p>Nous avons \u00e9galement besoin d&#8217;un justificatif de domicile valide et dat\u00e9 d&#8217;au moins trois mois, vous avez de nombreuses options comme un relev\u00e9 bancaire ou une facture internet.<\/p>\n\n\n\n<p>N&#8217;h\u00e9sitez pas \u00e0 faire un tour sur notre site internet pour voir les choix qui s\u2019offrent \u00e0 vous.<\/p>\n\n\n\n<p>Enfin nous avons besoin de votre num\u00e9ro d&#8217;identification fiscale.<\/p>\n\n\n\n<p>Vous le trouverez sur votre avis d&#8217;imposition ou sur votre d\u00e9claration d&#8217;imp\u00f4ts.<\/p>\n\n\n\n<p>Si vous \u00eates dans un autre pays, vous trouverez une liste de pays et des formats de num\u00e9ro d&#8217;identification fiscale correspondant sur notre site internet.<\/p>\n\n\n\n<p>C&#8217;est tout.<\/p>\n\n\n\n<p>On y est, le processus de v\u00e9rification peut prendre plusieurs jours nous vous tiendrons au courant une fois votre compte v\u00e9rifi\u00e9 est pr\u00eat \u00e0 \u00eatre utilis\u00e9.<\/p>\n\n\n\n<p>Et si un probl\u00e8me doit \u00eatre r\u00e9solu ne vous inqui\u00e9tez pas nous vous contacterons pour vous expliquer exactement ce qu&#8217;il faut faire.\u00a0<\/p>\n\n\n\n<p>Merci pour votre attention et \u00e0 bient\u00f4t sur eToro.<\/p>\n\n\n\n<p>Allez finalement on va \u00e0 New York, goodbye !<\/p>\n<\/div><button class=\"wp-block-etoro-video-description-more-text\">AFFICHER PLUS<svg xmlns=\"http:\/\/www.w3.org\/2000\/svg\" width=\"9\" height=\"6\" viewBox=\"0 0 9 6\" fill=\"none\"><path d=\"M7.5625 1.48616L4.5 4.54866L1.4375 1.48616\" stroke=\"#13C636\" stroke-linecap=\"square\"><\/path><\/svg><\/button><\/div><\/div><\/div>\n","protected":false},"excerpt":{"rendered":"","protected":false},"author":96,"featured_media":537477,"parent":260124,"menu_order":0,"comment_status":"closed","ping_status":"closed","template":"","meta":{"_acf_changed":false,"inline_featured_image":false,"sticky_cta_settings":"","footnotes":""},"asset_type":[],"class_list":["post-997675","page","type-page","status-publish","has-post-thumbnail","hentry"],"acf":[],"yoast_head":"<title>Obtenir une v\u00e9rification - Video | Acad\u00e9mie eToro<\/title>\n<meta name=\"description\" content=\"Cette vid\u00e9o vous montre comment v\u00e9rifier votre compte en quelques \u00e9tapes simples et commencer \u00e0 investir d\u00e8s aujourd&#039;hui.\" \/>\n<meta name=\"robots\" content=\"index, follow, max-snippet:-1, max-image-preview:large, max-video-preview:-1\" \/>\n<link rel=\"canonical\" href=\"https:\/\/www.etoro.com\/fr\/wp-json\/wp\/v2\/pages\/997675\" \/>\n<meta property=\"og:locale\" content=\"fr_FR\" \/>\n<meta property=\"og:type\" content=\"article\" \/>\n<meta property=\"og:title\" content=\"Obtenir une v\u00e9rification - Video | Acad\u00e9mie eToro\" \/>\n<meta property=\"og:description\" content=\"Cette vid\u00e9o vous montre comment v\u00e9rifier votre compte en quelques \u00e9tapes simples et commencer \u00e0 investir d\u00e8s aujourd&#039;hui.\" \/>\n<meta property=\"og:url\" content=\"https:\/\/www.etoro.com\/fr\/wp-json\/wp\/v2\/pages\/997675\" \/>\n<meta property=\"og:site_name\" content=\"eToro\" \/>\n<meta property=\"article:publisher\" content=\"https:\/\/www.facebook.com\/eToro\/\" \/>\n<meta property=\"article:modified_time\" content=\"2025-02-04T12:07:47+00:00\" \/>\n<meta property=\"og:image\" content=\"https:\/\/www.etoro.com\/wp-content\/uploads\/2022\/12\/2468_600X500_FR.jpg\" \/>\n\t<meta property=\"og:image:width\" content=\"576\" \/>\n\t<meta property=\"og:image:height\" content=\"385\" \/>\n\t<meta property=\"og:image:type\" content=\"image\/jpeg\" \/>\n<meta name=\"twitter:card\" content=\"summary_large_image\" \/>\n<meta name=\"twitter:site\" content=\"@eToro\" \/>\n<meta name=\"twitter:label1\" content=\"Est. reading time\" \/>\n\t<meta name=\"twitter:data1\" content=\"2 minutes\" \/>\n<script type=\"application\/ld+json\" class=\"yoast-schema-graph\">{\"@context\":\"https:\/\/schema.org\",\"@graph\":[{\"@type\":\"WebPage\",\"@id\":\"https:\/\/www.etoro.com\/fr\/academy\/videos\/getting-verified\/\",\"url\":\"https:\/\/www.etoro.com\/fr\/academy\/videos\/getting-verified\/\",\"name\":\"Obtenir une v\u00e9rification - Video | Acad\u00e9mie eToro\",\"isPartOf\":{\"@id\":\"https:\/\/www.etoro.com\/fr\/#website\"},\"primaryImageOfPage\":{\"@id\":\"https:\/\/www.etoro.com\/fr\/academy\/videos\/getting-verified\/#primaryimage\"},\"image\":{\"@id\":\"https:\/\/www.etoro.com\/fr\/academy\/videos\/getting-verified\/#primaryimage\"},\"thumbnailUrl\":\"https:\/\/www.etoro.com\/wp-content\/uploads\/2022\/12\/2468_600X500_FR.jpg\",\"datePublished\":\"2025-01-10T16:05:31+00:00\",\"dateModified\":\"2025-02-04T12:07:47+00:00\",\"description\":\"Cette vid\u00e9o vous montre comment v\u00e9rifier votre compte en quelques \u00e9tapes simples et commencer \u00e0 investir d\u00e8s aujourd'hui.\",\"breadcrumb\":{\"@id\":\"https:\/\/www.etoro.com\/fr\/academy\/videos\/getting-verified\/#breadcrumb\"},\"inLanguage\":\"fr\",\"potentialAction\":[{\"@type\":\"ReadAction\",\"target\":[\"https:\/\/www.etoro.com\/fr\/academy\/videos\/getting-verified\/\"]}]},{\"@type\":\"ImageObject\",\"inLanguage\":\"fr\",\"@id\":\"https:\/\/www.etoro.com\/fr\/academy\/videos\/getting-verified\/#primaryimage\",\"url\":\"https:\/\/www.etoro.com\/wp-content\/uploads\/2022\/12\/2468_600X500_FR.jpg\",\"contentUrl\":\"https:\/\/www.etoro.com\/wp-content\/uploads\/2022\/12\/2468_600X500_FR.jpg\",\"width\":576,\"height\":385,\"caption\":\"Let's talk verification\"},{\"@type\":\"BreadcrumbList\",\"@id\":\"https:\/\/www.etoro.com\/fr\/academy\/videos\/getting-verified\/#breadcrumb\",\"itemListElement\":[{\"@type\":\"ListItem\",\"position\":1,\"name\":\"Accueil\",\"item\":\"https:\/\/www.etoro.com\/fr\/\"},{\"@type\":\"ListItem\",\"position\":2,\"name\":\"eToro Academy\",\"item\":\"https:\/\/www.etoro.com\/fr\/academy\/\"},{\"@type\":\"ListItem\",\"position\":3,\"name\":\"Vid\u00e9os\",\"item\":\"https:\/\/www.etoro.com\/?page_id=221232\"},{\"@type\":\"ListItem\",\"position\":4,\"name\":\"Tout sur la v\u00e9rification sur eToro\"}]},{\"@type\":\"WebSite\",\"@id\":\"https:\/\/www.etoro.com\/fr\/#website\",\"url\":\"https:\/\/www.etoro.com\/fr\/\",\"name\":\"eToro\",\"description\":\"\",\"publisher\":{\"@id\":\"https:\/\/www.etoro.com\/fr\/#organization\"},\"potentialAction\":[{\"@type\":\"SearchAction\",\"target\":{\"@type\":\"EntryPoint\",\"urlTemplate\":\"https:\/\/www.etoro.com\/fr\/?s={search_term_string}\"},\"query-input\":{\"@type\":\"PropertyValueSpecification\",\"valueRequired\":true,\"valueName\":\"search_term_string\"}}],\"inLanguage\":\"fr\"},[]]}<\/script>","yoast_head_json":{"title":"Obtenir une v\u00e9rification - Video | Acad\u00e9mie eToro","description":"Cette vid\u00e9o vous montre comment v\u00e9rifier votre compte en quelques \u00e9tapes simples et commencer \u00e0 investir d\u00e8s aujourd'hui.","robots":{"index":"index","follow":"follow","max-snippet":"max-snippet:-1","max-image-preview":"max-image-preview:large","max-video-preview":"max-video-preview:-1"},"canonical":"https:\/\/www.etoro.com\/fr\/wp-json\/wp\/v2\/pages\/997675","og_locale":"fr_FR","og_type":"article","og_title":"Obtenir une v\u00e9rification - Video | Acad\u00e9mie eToro","og_description":"Cette vid\u00e9o vous montre comment v\u00e9rifier votre compte en quelques \u00e9tapes simples et commencer \u00e0 investir d\u00e8s aujourd'hui.","og_url":"https:\/\/www.etoro.com\/fr\/wp-json\/wp\/v2\/pages\/997675","og_site_name":"eToro","article_publisher":"https:\/\/www.facebook.com\/eToro\/","article_modified_time":"2025-02-04T12:07:47+00:00","og_image":[{"width":576,"height":385,"url":"https:\/\/www.etoro.com\/wp-content\/uploads\/2022\/12\/2468_600X500_FR.jpg","type":"image\/jpeg"}],"twitter_card":"summary_large_image","twitter_site":"@eToro","twitter_misc":{"Est. reading time":"2 minutes"},"schema":{"@context":"https:\/\/schema.org","@graph":[{"@type":"WebPage","@id":"https:\/\/www.etoro.com\/fr\/academy\/videos\/getting-verified\/","url":"https:\/\/www.etoro.com\/fr\/academy\/videos\/getting-verified\/","name":"Obtenir une v\u00e9rification - Video | Acad\u00e9mie eToro","isPartOf":{"@id":"https:\/\/www.etoro.com\/fr\/#website"},"primaryImageOfPage":{"@id":"https:\/\/www.etoro.com\/fr\/academy\/videos\/getting-verified\/#primaryimage"},"image":{"@id":"https:\/\/www.etoro.com\/fr\/academy\/videos\/getting-verified\/#primaryimage"},"thumbnailUrl":"https:\/\/www.etoro.com\/wp-content\/uploads\/2022\/12\/2468_600X500_FR.jpg","datePublished":"2025-01-10T16:05:31+00:00","dateModified":"2025-02-04T12:07:47+00:00","description":"Cette vid\u00e9o vous montre comment v\u00e9rifier votre compte en quelques \u00e9tapes simples et commencer \u00e0 investir d\u00e8s aujourd'hui.","breadcrumb":{"@id":"https:\/\/www.etoro.com\/fr\/academy\/videos\/getting-verified\/#breadcrumb"},"inLanguage":"fr","potentialAction":[{"@type":"ReadAction","target":["https:\/\/www.etoro.com\/fr\/academy\/videos\/getting-verified\/"]}]},{"@type":"ImageObject","inLanguage":"fr","@id":"https:\/\/www.etoro.com\/fr\/academy\/videos\/getting-verified\/#primaryimage","url":"https:\/\/www.etoro.com\/wp-content\/uploads\/2022\/12\/2468_600X500_FR.jpg","contentUrl":"https:\/\/www.etoro.com\/wp-content\/uploads\/2022\/12\/2468_600X500_FR.jpg","width":576,"height":385,"caption":"Let's talk verification"},{"@type":"BreadcrumbList","@id":"https:\/\/www.etoro.com\/fr\/academy\/videos\/getting-verified\/#breadcrumb","itemListElement":[{"@type":"ListItem","position":1,"name":"Accueil","item":"https:\/\/www.etoro.com\/fr\/"},{"@type":"ListItem","position":2,"name":"eToro Academy","item":"https:\/\/www.etoro.com\/fr\/academy\/"},{"@type":"ListItem","position":3,"name":"Vid\u00e9os","item":"https:\/\/www.etoro.com\/?page_id=221232"},{"@type":"ListItem","position":4,"name":"Tout sur la v\u00e9rification sur eToro"}]},{"@type":"WebSite","@id":"https:\/\/www.etoro.com\/fr\/#website","url":"https:\/\/www.etoro.com\/fr\/","name":"eToro","description":"","publisher":{"@id":"https:\/\/www.etoro.com\/fr\/#organization"},"potentialAction":[{"@type":"SearchAction","target":{"@type":"EntryPoint","urlTemplate":"https:\/\/www.etoro.com\/fr\/?s={search_term_string}"},"query-input":{"@type":"PropertyValueSpecification","valueRequired":true,"valueName":"search_term_string"}}],"inLanguage":"fr"},[]]}},"_links":{"self":[{"href":"https:\/\/www.etoro.com\/fr\/wp-json\/wp\/v2\/pages\/997675"}],"collection":[{"href":"https:\/\/www.etoro.com\/fr\/wp-json\/wp\/v2\/pages"}],"about":[{"href":"https:\/\/www.etoro.com\/fr\/wp-json\/wp\/v2\/types\/page"}],"author":[{"embeddable":true,"href":"https:\/\/www.etoro.com\/fr\/wp-json\/wp\/v2\/users\/96"}],"replies":[{"embeddable":true,"href":"https:\/\/www.etoro.com\/fr\/wp-json\/wp\/v2\/comments?post=997675"}],"version-history":[{"count":0,"href":"https:\/\/www.etoro.com\/fr\/wp-json\/wp\/v2\/pages\/997675\/revisions"}],"up":[{"embeddable":true,"href":"https:\/\/www.etoro.com\/fr\/wp-json\/wp\/v2\/pages\/260124"}],"wp:featuredmedia":[{"embeddable":true,"href":"https:\/\/www.etoro.com\/fr\/wp-json\/wp\/v2\/media\/537477"}],"wp:attachment":[{"href":"https:\/\/www.etoro.com\/fr\/wp-json\/wp\/v2\/media?parent=997675"}],"wp:term":[{"taxonomy":"asset_type","embeddable":true,"href":"https:\/\/www.etoro.com\/fr\/wp-json\/wp\/v2\/asset_type?post=997675"}],"curies":[{"name":"wp","href":"https:\/\/api.w.org\/{rel}","templated":true}]}}