{"id":997864,"date":"2025-01-10T18:06:11","date_gmt":"2025-01-10T16:06:11","guid":{"rendered":"https:\/\/www.etoro.com\/academy\/videos\/etoros-virtual-portfolio\/"},"modified":"2025-02-04T14:08:24","modified_gmt":"2025-02-04T12:08:24","slug":"etoros-virtual-portfolio","status":"publish","type":"page","link":"https:\/\/www.etoro.com\/fr\/academy\/videos\/etoros-virtual-portfolio\/","title":{"rendered":"Le portefeuille virtuel eToro"},"content":{"rendered":"\n<div class=\"wp-block-etoro-video-transcript\"><div class=\"wp-block-etoro-video-description\"><h2 class=\"wp-block-etoro-video-description-title\">Description<\/h2><hr\/><div class=\"wp-block-etoro-video-description-content\">Utilisez le portefeuille virtuel d\u2019eToro pour am\u00e9liorer vos comp\u00e9tences en investissement. Obtenez 100 000$ virtuels et commencez \u00e0 tester vos strat\u00e9gies !<\/div><\/div><div class=\"wp-block-etoro-video-transcript-content\"><h2 class=\"wp-block-etoro-video-transcript-title\">Transcription<\/h2><hr\/><div class=\"wp-block-etoro-video-transcript-text\"><div class=\"wp-block-etoro-video-transcript-text-wrapper\">\n<p>Que diriez-vous de pouvoir investir jusqu&#8217;\u00e0 100 000 dollars ?&nbsp;<\/p>\n\n\n\n<p>Vivre les hauts et les bas des march\u00e9s financiers avec les derniers outils \u00e0 la pointe de l&#8217;investissement, et le tout sans risquer votre argent ?<\/p>\n\n\n\n<p>Lorsque vous rejoignez eToro et ouvrez un compte un portefeuille virtuel se cr\u00e9e automatiquement o\u00f9 vous pouvez vous faire la main sans d\u00e9penser d&#8217;argent r\u00e9el&nbsp;<\/p>\n\n\n\n<p>Acc\u00e9der aux comptes des mots en s\u00e9lectionnant \u201cbasculer vers le virtue\u201dl en bas du menu situ\u00e9 sous votre nom d&#8217;utilisateur.\u00a0<\/p>\n\n\n\n<p>Vous pouvez \u00e9galement contacter notre service client, ouvrir un ticket et pr\u00e9ciser combien vous aimeriez ajouter ou soustraire \u00e0 votre compte virtuel.&nbsp;<\/p>\n\n\n\n<p>Souvenez-vous que le montant minimum est de 2 000 dollars et le montant maximum de 100 000 dollars et comme il est bas\u00e9 sur les march\u00e9s en temps r\u00e9el, votre compte virtuel se comporte comme un v\u00e9ritable compte d&#8217;investissement.<\/p>\n\n\n\n<p>Il vous permet d&#8217;ouvrir des positions manuelles, de copier les meilleurs investisseurs, d&#8217;investir dans nos Smart Portfolios, de suivre des personnes et des actifs en les ajoutant \u00e0 vos Favoris et plus encore le tout sans aucun risque.<\/p>\n\n\n\n<p>Si vous d\u00e9butez c&#8217;est le meilleur moyen pour d\u00e9couvrir le monde de l&#8217;investissement et de gagner de la confiance avant d&#8217;investir votre argent.<\/p>\n\n\n\n<p>Si vous \u00eates d\u00e9j\u00e0 un investisseur plus confirm\u00e9 mais nouveau sur eToro, le compte.<\/p>\n\n\n\n<p>D\u00e9mo vous aidera \u00e0 vous familiariser avec notre plateforme.<\/p>\n\n\n\n<p>Vous pouvez \u00e9galement continuer \u00e0 utiliser votre compte virtuelle apr\u00e8s avoir commenc\u00e9 \u00e0 investir afin de d\u00e9couvrir d&#8217;autres secteurs ou \u00e0 apprendre \u00e0 mieux appr\u00e9hender les fluctuations du march\u00e9;<\/p>\n\n\n\n<p>Alors allez-y, faites un essai merci pour votre attention et \u00e0 bient\u00f4t sur notre plateforme.<\/p>\n<\/div><button class=\"wp-block-etoro-video-description-more-text\">AFFICHER PLUS<svg xmlns=\"http:\/\/www.w3.org\/2000\/svg\" width=\"9\" height=\"6\" viewBox=\"0 0 9 6\" fill=\"none\"><path d=\"M7.5625 1.48616L4.5 4.54866L1.4375 1.48616\" stroke=\"#13C636\" stroke-linecap=\"square\"><\/path><\/svg><\/button><\/div><\/div><\/div>\n","protected":false},"excerpt":{"rendered":"","protected":false},"author":96,"featured_media":537348,"parent":260124,"menu_order":0,"comment_status":"closed","ping_status":"closed","template":"","meta":{"_acf_changed":true,"inline_featured_image":false,"sticky_cta_settings":"","footnotes":""},"asset_type":[],"class_list":["post-997864","page","type-page","status-publish","has-post-thumbnail","hentry"],"acf":[],"yoast_head":"<title>Le Portefeuille Virtuel d&#039;eToro - Video | Acad\u00e9mie eToro<\/title>\n<meta name=\"description\" content=\"Mettez en pratique vos strat\u00e9gies avec un montant virtuel de 100 000 $ sur eToro. Cette vid\u00e9o vous montre comment utiliser le Portefeuille Virtuel pour affiner vos comp\u00e9tences.\" \/>\n<meta name=\"robots\" content=\"index, follow, max-snippet:-1, max-image-preview:large, max-video-preview:-1\" \/>\n<link rel=\"canonical\" href=\"https:\/\/www.etoro.com\/fr\/wp-json\/wp\/v2\/pages\/997864\" \/>\n<meta property=\"og:locale\" content=\"fr_FR\" \/>\n<meta property=\"og:type\" content=\"article\" \/>\n<meta property=\"og:title\" content=\"Le Portefeuille Virtuel d&#039;eToro - Video | Acad\u00e9mie eToro\" \/>\n<meta property=\"og:description\" content=\"Mettez en pratique vos strat\u00e9gies avec un montant virtuel de 100 000 $ sur eToro. Cette vid\u00e9o vous montre comment utiliser le Portefeuille Virtuel pour affiner vos comp\u00e9tences.\" \/>\n<meta property=\"og:url\" content=\"https:\/\/www.etoro.com\/fr\/wp-json\/wp\/v2\/pages\/997864\" \/>\n<meta property=\"og:site_name\" content=\"eToro\" \/>\n<meta property=\"article:publisher\" content=\"https:\/\/www.facebook.com\/eToro\/\" \/>\n<meta property=\"article:modified_time\" content=\"2025-02-04T12:08:24+00:00\" \/>\n<meta property=\"og:image\" content=\"https:\/\/www.etoro.com\/wp-content\/uploads\/2022\/12\/2609_600x500_FR.jpg\" \/>\n\t<meta property=\"og:image:width\" content=\"576\" \/>\n\t<meta property=\"og:image:height\" content=\"385\" \/>\n\t<meta property=\"og:image:type\" content=\"image\/jpeg\" \/>\n<meta name=\"twitter:card\" content=\"summary_large_image\" \/>\n<meta name=\"twitter:site\" content=\"@eToro\" \/>\n<meta name=\"twitter:label1\" content=\"Est. reading time\" \/>\n\t<meta name=\"twitter:data1\" content=\"2 minutes\" \/>\n<script type=\"application\/ld+json\" class=\"yoast-schema-graph\">{\"@context\":\"https:\/\/schema.org\",\"@graph\":[{\"@type\":\"WebPage\",\"@id\":\"https:\/\/www.etoro.com\/fr\/academy\/videos\/etoros-virtual-portfolio\/\",\"url\":\"https:\/\/www.etoro.com\/fr\/academy\/videos\/etoros-virtual-portfolio\/\",\"name\":\"Le Portefeuille Virtuel d'eToro - Video | Acad\u00e9mie eToro\",\"isPartOf\":{\"@id\":\"https:\/\/www.etoro.com\/fr\/#website\"},\"primaryImageOfPage\":{\"@id\":\"https:\/\/www.etoro.com\/fr\/academy\/videos\/etoros-virtual-portfolio\/#primaryimage\"},\"image\":{\"@id\":\"https:\/\/www.etoro.com\/fr\/academy\/videos\/etoros-virtual-portfolio\/#primaryimage\"},\"thumbnailUrl\":\"https:\/\/www.etoro.com\/wp-content\/uploads\/2022\/12\/2609_600x500_FR.jpg\",\"datePublished\":\"2025-01-10T16:06:11+00:00\",\"dateModified\":\"2025-02-04T12:08:24+00:00\",\"description\":\"Mettez en pratique vos strat\u00e9gies avec un montant virtuel de 100 000 $ sur eToro. Cette vid\u00e9o vous montre comment utiliser le Portefeuille Virtuel pour affiner vos comp\u00e9tences.\",\"breadcrumb\":{\"@id\":\"https:\/\/www.etoro.com\/fr\/academy\/videos\/etoros-virtual-portfolio\/#breadcrumb\"},\"inLanguage\":\"fr\",\"potentialAction\":[{\"@type\":\"ReadAction\",\"target\":[\"https:\/\/www.etoro.com\/fr\/academy\/videos\/etoros-virtual-portfolio\/\"]}]},{\"@type\":\"ImageObject\",\"inLanguage\":\"fr\",\"@id\":\"https:\/\/www.etoro.com\/fr\/academy\/videos\/etoros-virtual-portfolio\/#primaryimage\",\"url\":\"https:\/\/www.etoro.com\/wp-content\/uploads\/2022\/12\/2609_600x500_FR.jpg\",\"contentUrl\":\"https:\/\/www.etoro.com\/wp-content\/uploads\/2022\/12\/2609_600x500_FR.jpg\",\"width\":576,\"height\":385,\"caption\":\"eToro\u2019s Virtual Portfolio\"},{\"@type\":\"BreadcrumbList\",\"@id\":\"https:\/\/www.etoro.com\/fr\/academy\/videos\/etoros-virtual-portfolio\/#breadcrumb\",\"itemListElement\":[{\"@type\":\"ListItem\",\"position\":1,\"name\":\"Accueil\",\"item\":\"https:\/\/www.etoro.com\/fr\/\"},{\"@type\":\"ListItem\",\"position\":2,\"name\":\"eToro Academy\",\"item\":\"https:\/\/www.etoro.com\/fr\/academy\/\"},{\"@type\":\"ListItem\",\"position\":3,\"name\":\"Vid\u00e9os\",\"item\":\"https:\/\/www.etoro.com\/?page_id=221232\"},{\"@type\":\"ListItem\",\"position\":4,\"name\":\"Le portefeuille virtuel eToro\"}]},{\"@type\":\"WebSite\",\"@id\":\"https:\/\/www.etoro.com\/fr\/#website\",\"url\":\"https:\/\/www.etoro.com\/fr\/\",\"name\":\"eToro\",\"description\":\"\",\"publisher\":{\"@id\":\"https:\/\/www.etoro.com\/fr\/#organization\"},\"potentialAction\":[{\"@type\":\"SearchAction\",\"target\":{\"@type\":\"EntryPoint\",\"urlTemplate\":\"https:\/\/www.etoro.com\/fr\/?s={search_term_string}\"},\"query-input\":{\"@type\":\"PropertyValueSpecification\",\"valueRequired\":true,\"valueName\":\"search_term_string\"}}],\"inLanguage\":\"fr\"},[]]}<\/script>","yoast_head_json":{"title":"Le Portefeuille Virtuel d'eToro - Video | Acad\u00e9mie eToro","description":"Mettez en pratique vos strat\u00e9gies avec un montant virtuel de 100 000 $ sur eToro. Cette vid\u00e9o vous montre comment utiliser le Portefeuille Virtuel pour affiner vos comp\u00e9tences.","robots":{"index":"index","follow":"follow","max-snippet":"max-snippet:-1","max-image-preview":"max-image-preview:large","max-video-preview":"max-video-preview:-1"},"canonical":"https:\/\/www.etoro.com\/fr\/wp-json\/wp\/v2\/pages\/997864","og_locale":"fr_FR","og_type":"article","og_title":"Le Portefeuille Virtuel d'eToro - Video | Acad\u00e9mie eToro","og_description":"Mettez en pratique vos strat\u00e9gies avec un montant virtuel de 100 000 $ sur eToro. Cette vid\u00e9o vous montre comment utiliser le Portefeuille Virtuel pour affiner vos comp\u00e9tences.","og_url":"https:\/\/www.etoro.com\/fr\/wp-json\/wp\/v2\/pages\/997864","og_site_name":"eToro","article_publisher":"https:\/\/www.facebook.com\/eToro\/","article_modified_time":"2025-02-04T12:08:24+00:00","og_image":[{"width":576,"height":385,"url":"https:\/\/www.etoro.com\/wp-content\/uploads\/2022\/12\/2609_600x500_FR.jpg","type":"image\/jpeg"}],"twitter_card":"summary_large_image","twitter_site":"@eToro","twitter_misc":{"Est. reading time":"2 minutes"},"schema":{"@context":"https:\/\/schema.org","@graph":[{"@type":"WebPage","@id":"https:\/\/www.etoro.com\/fr\/academy\/videos\/etoros-virtual-portfolio\/","url":"https:\/\/www.etoro.com\/fr\/academy\/videos\/etoros-virtual-portfolio\/","name":"Le Portefeuille Virtuel d'eToro - Video | Acad\u00e9mie eToro","isPartOf":{"@id":"https:\/\/www.etoro.com\/fr\/#website"},"primaryImageOfPage":{"@id":"https:\/\/www.etoro.com\/fr\/academy\/videos\/etoros-virtual-portfolio\/#primaryimage"},"image":{"@id":"https:\/\/www.etoro.com\/fr\/academy\/videos\/etoros-virtual-portfolio\/#primaryimage"},"thumbnailUrl":"https:\/\/www.etoro.com\/wp-content\/uploads\/2022\/12\/2609_600x500_FR.jpg","datePublished":"2025-01-10T16:06:11+00:00","dateModified":"2025-02-04T12:08:24+00:00","description":"Mettez en pratique vos strat\u00e9gies avec un montant virtuel de 100 000 $ sur eToro. Cette vid\u00e9o vous montre comment utiliser le Portefeuille Virtuel pour affiner vos comp\u00e9tences.","breadcrumb":{"@id":"https:\/\/www.etoro.com\/fr\/academy\/videos\/etoros-virtual-portfolio\/#breadcrumb"},"inLanguage":"fr","potentialAction":[{"@type":"ReadAction","target":["https:\/\/www.etoro.com\/fr\/academy\/videos\/etoros-virtual-portfolio\/"]}]},{"@type":"ImageObject","inLanguage":"fr","@id":"https:\/\/www.etoro.com\/fr\/academy\/videos\/etoros-virtual-portfolio\/#primaryimage","url":"https:\/\/www.etoro.com\/wp-content\/uploads\/2022\/12\/2609_600x500_FR.jpg","contentUrl":"https:\/\/www.etoro.com\/wp-content\/uploads\/2022\/12\/2609_600x500_FR.jpg","width":576,"height":385,"caption":"eToro\u2019s Virtual Portfolio"},{"@type":"BreadcrumbList","@id":"https:\/\/www.etoro.com\/fr\/academy\/videos\/etoros-virtual-portfolio\/#breadcrumb","itemListElement":[{"@type":"ListItem","position":1,"name":"Accueil","item":"https:\/\/www.etoro.com\/fr\/"},{"@type":"ListItem","position":2,"name":"eToro Academy","item":"https:\/\/www.etoro.com\/fr\/academy\/"},{"@type":"ListItem","position":3,"name":"Vid\u00e9os","item":"https:\/\/www.etoro.com\/?page_id=221232"},{"@type":"ListItem","position":4,"name":"Le portefeuille virtuel eToro"}]},{"@type":"WebSite","@id":"https:\/\/www.etoro.com\/fr\/#website","url":"https:\/\/www.etoro.com\/fr\/","name":"eToro","description":"","publisher":{"@id":"https:\/\/www.etoro.com\/fr\/#organization"},"potentialAction":[{"@type":"SearchAction","target":{"@type":"EntryPoint","urlTemplate":"https:\/\/www.etoro.com\/fr\/?s={search_term_string}"},"query-input":{"@type":"PropertyValueSpecification","valueRequired":true,"valueName":"search_term_string"}}],"inLanguage":"fr"},[]]}},"_links":{"self":[{"href":"https:\/\/www.etoro.com\/fr\/wp-json\/wp\/v2\/pages\/997864"}],"collection":[{"href":"https:\/\/www.etoro.com\/fr\/wp-json\/wp\/v2\/pages"}],"about":[{"href":"https:\/\/www.etoro.com\/fr\/wp-json\/wp\/v2\/types\/page"}],"author":[{"embeddable":true,"href":"https:\/\/www.etoro.com\/fr\/wp-json\/wp\/v2\/users\/96"}],"replies":[{"embeddable":true,"href":"https:\/\/www.etoro.com\/fr\/wp-json\/wp\/v2\/comments?post=997864"}],"version-history":[{"count":0,"href":"https:\/\/www.etoro.com\/fr\/wp-json\/wp\/v2\/pages\/997864\/revisions"}],"up":[{"embeddable":true,"href":"https:\/\/www.etoro.com\/fr\/wp-json\/wp\/v2\/pages\/260124"}],"wp:featuredmedia":[{"embeddable":true,"href":"https:\/\/www.etoro.com\/fr\/wp-json\/wp\/v2\/media\/537348"}],"wp:attachment":[{"href":"https:\/\/www.etoro.com\/fr\/wp-json\/wp\/v2\/media?parent=997864"}],"wp:term":[{"taxonomy":"asset_type","embeddable":true,"href":"https:\/\/www.etoro.com\/fr\/wp-json\/wp\/v2\/asset_type?post=997864"}],"curies":[{"name":"wp","href":"https:\/\/api.w.org\/{rel}","templated":true}]}}