{"id":998699,"date":"2025-01-10T17:55:53","date_gmt":"2025-01-10T15:55:53","guid":{"rendered":"https:\/\/www.etoro.com\/academy\/videos\/copytrading-101-part-3-the-how\/"},"modified":"2025-02-04T14:10:28","modified_gmt":"2025-02-04T12:10:28","slug":"copytrading-101-part-3-the-how","status":"publish","type":"page","link":"https:\/\/www.etoro.com\/fr\/academy\/videos\/copytrading-101-part-3-the-how\/","title":{"rendered":"CopyTrading | Partie 3 : Comment ?"},"content":{"rendered":"\n<div class=\"wp-block-etoro-video-transcript\"><div class=\"wp-block-etoro-video-description\"><h2 class=\"wp-block-etoro-video-description-title\">Description<\/h2><hr\/><div class=\"wp-block-etoro-video-description-content\">Qui a dit qu\u2019il \u00e9tait impossible de copier les strat\u00e9gies des meilleurs investisseurs ? D\u00e9couvrez les bases du CopyTrading !<\/div><\/div><div class=\"wp-block-etoro-video-transcript-content\"><h2 class=\"wp-block-etoro-video-transcript-title\">Transcription<\/h2><hr\/><div class=\"wp-block-etoro-video-transcript-text\"><div class=\"wp-block-etoro-video-transcript-text-wrapper\">\n<p>Bonjour \u00e0 tous, dans nos pr\u00e9c\u00e9dentes vid\u00e9os nous avons appris plein de choses sur le Copy Trading.<\/p>\n\n\n\n<p>Pourquoi, quoi qui, mais une question en suspens : comment ?&nbsp;<\/p>\n\n\n\n<p>En v\u00e9rit\u00e9 \u00e7a ne peut pas \u00eatre plus simple.&nbsp;<\/p>\n\n\n\n<p>Et pourtant on a fait le maximum, premi\u00e8rement choisissez l&#8217;investisseur ou les investisseurs que vous voulez copier.<\/p>\n\n\n\n<p>Souvenez-vous que l&#8217;investisseur doit \u00eatre quelqu&#8217;un qui correspond \u00e0 vos besoins, vos int\u00e9r\u00eats et vos objectifs.<\/p>\n\n\n\n<p>Afin de trouver la personne id\u00e9ale, vous pouvez utiliser l&#8217;outil \u201cdiscover people\u201d dans la section Recherche.<\/p>\n\n\n\n<p>Ici vous pourrez effectuer une recherche bas\u00e9e sur la performance, les actifs, le score de risque et d&#8217;autres param\u00e8tres qui vous aideront \u00e0 trouver la perle rare.<\/p>\n\n\n\n<p>Une fois cela fait, cliquez sur Copier, saisissez le montant que vous souhaitez investir et d\u00e9finissez votre limite de copie stop loss.<\/p>\n\n\n\n<p>Lorsque vous saisissez le montant de votre copie vous pourrez vous faire une id\u00e9e de ce que la taille de votre position sera en fonction de l&#8217;historique de la strat\u00e9gie de l&#8217;investisseur choisi.<\/p>\n\n\n\n<p>Veuillez noter que la position minimum est ici de 1 dollar, toute position inf\u00e9rieure \u00e0 ce montant ne s&#8217;ouvrira tout simplement pas.<\/p>\n\n\n\n<p>Au passage vous avez la possibilit\u00e9 de copier toutes les positions actuellement vers d&#8217;un investisseur copi\u00e9 au taux du march\u00e9 du moment o\u00f9 vous lancez la copie, ou pas.<\/p>\n\n\n\n<p>Lorsque vous copiez quelqu&#8217;un, chaque position ouverte est consid\u00e9r\u00e9e comme un investissement par enti\u00e8re et votre investissement sur cet investisseur est divis\u00e9 en proportion ce portefeuille.&nbsp;<\/p>\n\n\n\n<p>Par exemple, disons que vous avez copi\u00e9 un investisseur qui investit 20 % de son portefeuille dans une certaine action tech, 50 % dans son ETF pr\u00e9f\u00e9r\u00e9 et 30% dans une crypto monnaie donn\u00e9e, votre investissement aura alors les m\u00eames proportions.<\/p>\n\n\n\n<p>Si vous commencez \u00e0 copier un investisseur au moment o\u00f9 le march\u00e9 est ferm\u00e9 un ordre automatique sera envoy\u00e9 et vos positions seront cr\u00e9\u00e9es \u00e0 l&#8217;ouverture de la Bourse.<\/p>\n\n\n\n<p>C&#8217;est tout.<\/p>\n\n\n\n<p>On voulait faire une vid\u00e9o plus longue mais il y a pas grand chose \u00e0 ajouter merci pour votre attention et \u00e0 bient\u00f4t sur eToro.<\/p>\n<\/div><button class=\"wp-block-etoro-video-description-more-text\">afficher plus<svg xmlns=\"http:\/\/www.w3.org\/2000\/svg\" width=\"9\" height=\"6\" viewBox=\"0 0 9 6\" fill=\"none\"><path d=\"M7.5625 1.48616L4.5 4.54866L1.4375 1.48616\" stroke=\"#13C636\" stroke-linecap=\"square\"><\/path><\/svg><\/button><\/div><\/div><\/div>\n","protected":false},"excerpt":{"rendered":"","protected":false},"author":96,"featured_media":560357,"parent":260124,"menu_order":0,"comment_status":"closed","ping_status":"closed","template":"","meta":{"_acf_changed":true,"inline_featured_image":false,"sticky_cta_settings":"","footnotes":""},"asset_type":[],"class_list":["post-998699","page","type-page","status-publish","has-post-thumbnail","hentry"],"acf":[],"yoast_head":"<title>CopyTrading - Partie 3 - Video | Acad\u00e9mie eToro<\/title>\n<meta name=\"description\" content=\"Apprenez les m\u00e9canismes du CopyTrading sur eToro dans cette vid\u00e9o. Comprenez comment trouver les meilleurs investisseurs, allouer des fonds et commencer \u00e0 construire votre portefeuille.\" \/>\n<meta name=\"robots\" content=\"index, follow, max-snippet:-1, max-image-preview:large, max-video-preview:-1\" \/>\n<link rel=\"canonical\" href=\"https:\/\/www.etoro.com\/fr\/wp-json\/wp\/v2\/pages\/998699\" \/>\n<meta property=\"og:locale\" content=\"fr_FR\" \/>\n<meta property=\"og:type\" content=\"article\" \/>\n<meta property=\"og:title\" content=\"CopyTrading - Partie 3 - Video | Acad\u00e9mie eToro\" \/>\n<meta property=\"og:description\" content=\"Apprenez les m\u00e9canismes du CopyTrading sur eToro dans cette vid\u00e9o. Comprenez comment trouver les meilleurs investisseurs, allouer des fonds et commencer \u00e0 construire votre portefeuille.\" \/>\n<meta property=\"og:url\" content=\"https:\/\/www.etoro.com\/fr\/wp-json\/wp\/v2\/pages\/998699\" \/>\n<meta property=\"og:site_name\" content=\"eToro\" \/>\n<meta property=\"article:publisher\" content=\"https:\/\/www.facebook.com\/eToro\/\" \/>\n<meta property=\"article:modified_time\" content=\"2025-02-04T12:10:28+00:00\" \/>\n<meta property=\"og:image\" content=\"https:\/\/www.etoro.com\/wp-content\/uploads\/2023\/02\/1747_600x500_FR.jpg\" \/>\n\t<meta property=\"og:image:width\" content=\"576\" \/>\n\t<meta property=\"og:image:height\" content=\"385\" \/>\n\t<meta property=\"og:image:type\" content=\"image\/jpeg\" \/>\n<meta name=\"twitter:card\" content=\"summary_large_image\" \/>\n<meta name=\"twitter:site\" content=\"@eToro\" \/>\n<meta name=\"twitter:label1\" content=\"Est. reading time\" \/>\n\t<meta name=\"twitter:data1\" content=\"2 minutes\" \/>\n<script type=\"application\/ld+json\" class=\"yoast-schema-graph\">{\"@context\":\"https:\/\/schema.org\",\"@graph\":[{\"@type\":\"WebPage\",\"@id\":\"https:\/\/www.etoro.com\/fr\/academy\/videos\/copytrading-101-part-3-the-how\/\",\"url\":\"https:\/\/www.etoro.com\/fr\/academy\/videos\/copytrading-101-part-3-the-how\/\",\"name\":\"CopyTrading - Partie 3 - Video | Acad\u00e9mie eToro\",\"isPartOf\":{\"@id\":\"https:\/\/www.etoro.com\/fr\/#website\"},\"primaryImageOfPage\":{\"@id\":\"https:\/\/www.etoro.com\/fr\/academy\/videos\/copytrading-101-part-3-the-how\/#primaryimage\"},\"image\":{\"@id\":\"https:\/\/www.etoro.com\/fr\/academy\/videos\/copytrading-101-part-3-the-how\/#primaryimage\"},\"thumbnailUrl\":\"https:\/\/www.etoro.com\/wp-content\/uploads\/2023\/02\/1747_600x500_FR.jpg\",\"datePublished\":\"2025-01-10T15:55:53+00:00\",\"dateModified\":\"2025-02-04T12:10:28+00:00\",\"description\":\"Apprenez les m\u00e9canismes du CopyTrading sur eToro dans cette vid\u00e9o. Comprenez comment trouver les meilleurs investisseurs, allouer des fonds et commencer \u00e0 construire votre portefeuille.\",\"breadcrumb\":{\"@id\":\"https:\/\/www.etoro.com\/fr\/academy\/videos\/copytrading-101-part-3-the-how\/#breadcrumb\"},\"inLanguage\":\"fr\",\"potentialAction\":[{\"@type\":\"ReadAction\",\"target\":[\"https:\/\/www.etoro.com\/fr\/academy\/videos\/copytrading-101-part-3-the-how\/\"]}]},{\"@type\":\"ImageObject\",\"inLanguage\":\"fr\",\"@id\":\"https:\/\/www.etoro.com\/fr\/academy\/videos\/copytrading-101-part-3-the-how\/#primaryimage\",\"url\":\"https:\/\/www.etoro.com\/wp-content\/uploads\/2023\/02\/1747_600x500_FR.jpg\",\"contentUrl\":\"https:\/\/www.etoro.com\/wp-content\/uploads\/2023\/02\/1747_600x500_FR.jpg\",\"width\":576,\"height\":385},{\"@type\":\"BreadcrumbList\",\"@id\":\"https:\/\/www.etoro.com\/fr\/academy\/videos\/copytrading-101-part-3-the-how\/#breadcrumb\",\"itemListElement\":[{\"@type\":\"ListItem\",\"position\":1,\"name\":\"Accueil\",\"item\":\"https:\/\/www.etoro.com\/fr\/\"},{\"@type\":\"ListItem\",\"position\":2,\"name\":\"eToro Academy\",\"item\":\"https:\/\/www.etoro.com\/fr\/academy\/\"},{\"@type\":\"ListItem\",\"position\":3,\"name\":\"Vid\u00e9os\",\"item\":\"https:\/\/www.etoro.com\/?page_id=221232\"},{\"@type\":\"ListItem\",\"position\":4,\"name\":\"CopyTrading | Partie 3 : Comment ?\"}]},{\"@type\":\"WebSite\",\"@id\":\"https:\/\/www.etoro.com\/fr\/#website\",\"url\":\"https:\/\/www.etoro.com\/fr\/\",\"name\":\"eToro\",\"description\":\"\",\"publisher\":{\"@id\":\"https:\/\/www.etoro.com\/fr\/#organization\"},\"potentialAction\":[{\"@type\":\"SearchAction\",\"target\":{\"@type\":\"EntryPoint\",\"urlTemplate\":\"https:\/\/www.etoro.com\/fr\/?s={search_term_string}\"},\"query-input\":{\"@type\":\"PropertyValueSpecification\",\"valueRequired\":true,\"valueName\":\"search_term_string\"}}],\"inLanguage\":\"fr\"},[]]}<\/script>","yoast_head_json":{"title":"CopyTrading - Partie 3 - Video | Acad\u00e9mie eToro","description":"Apprenez les m\u00e9canismes du CopyTrading sur eToro dans cette vid\u00e9o. Comprenez comment trouver les meilleurs investisseurs, allouer des fonds et commencer \u00e0 construire votre portefeuille.","robots":{"index":"index","follow":"follow","max-snippet":"max-snippet:-1","max-image-preview":"max-image-preview:large","max-video-preview":"max-video-preview:-1"},"canonical":"https:\/\/www.etoro.com\/fr\/wp-json\/wp\/v2\/pages\/998699","og_locale":"fr_FR","og_type":"article","og_title":"CopyTrading - Partie 3 - Video | Acad\u00e9mie eToro","og_description":"Apprenez les m\u00e9canismes du CopyTrading sur eToro dans cette vid\u00e9o. Comprenez comment trouver les meilleurs investisseurs, allouer des fonds et commencer \u00e0 construire votre portefeuille.","og_url":"https:\/\/www.etoro.com\/fr\/wp-json\/wp\/v2\/pages\/998699","og_site_name":"eToro","article_publisher":"https:\/\/www.facebook.com\/eToro\/","article_modified_time":"2025-02-04T12:10:28+00:00","og_image":[{"width":576,"height":385,"url":"https:\/\/www.etoro.com\/wp-content\/uploads\/2023\/02\/1747_600x500_FR.jpg","type":"image\/jpeg"}],"twitter_card":"summary_large_image","twitter_site":"@eToro","twitter_misc":{"Est. reading time":"2 minutes"},"schema":{"@context":"https:\/\/schema.org","@graph":[{"@type":"WebPage","@id":"https:\/\/www.etoro.com\/fr\/academy\/videos\/copytrading-101-part-3-the-how\/","url":"https:\/\/www.etoro.com\/fr\/academy\/videos\/copytrading-101-part-3-the-how\/","name":"CopyTrading - Partie 3 - Video | Acad\u00e9mie eToro","isPartOf":{"@id":"https:\/\/www.etoro.com\/fr\/#website"},"primaryImageOfPage":{"@id":"https:\/\/www.etoro.com\/fr\/academy\/videos\/copytrading-101-part-3-the-how\/#primaryimage"},"image":{"@id":"https:\/\/www.etoro.com\/fr\/academy\/videos\/copytrading-101-part-3-the-how\/#primaryimage"},"thumbnailUrl":"https:\/\/www.etoro.com\/wp-content\/uploads\/2023\/02\/1747_600x500_FR.jpg","datePublished":"2025-01-10T15:55:53+00:00","dateModified":"2025-02-04T12:10:28+00:00","description":"Apprenez les m\u00e9canismes du CopyTrading sur eToro dans cette vid\u00e9o. Comprenez comment trouver les meilleurs investisseurs, allouer des fonds et commencer \u00e0 construire votre portefeuille.","breadcrumb":{"@id":"https:\/\/www.etoro.com\/fr\/academy\/videos\/copytrading-101-part-3-the-how\/#breadcrumb"},"inLanguage":"fr","potentialAction":[{"@type":"ReadAction","target":["https:\/\/www.etoro.com\/fr\/academy\/videos\/copytrading-101-part-3-the-how\/"]}]},{"@type":"ImageObject","inLanguage":"fr","@id":"https:\/\/www.etoro.com\/fr\/academy\/videos\/copytrading-101-part-3-the-how\/#primaryimage","url":"https:\/\/www.etoro.com\/wp-content\/uploads\/2023\/02\/1747_600x500_FR.jpg","contentUrl":"https:\/\/www.etoro.com\/wp-content\/uploads\/2023\/02\/1747_600x500_FR.jpg","width":576,"height":385},{"@type":"BreadcrumbList","@id":"https:\/\/www.etoro.com\/fr\/academy\/videos\/copytrading-101-part-3-the-how\/#breadcrumb","itemListElement":[{"@type":"ListItem","position":1,"name":"Accueil","item":"https:\/\/www.etoro.com\/fr\/"},{"@type":"ListItem","position":2,"name":"eToro Academy","item":"https:\/\/www.etoro.com\/fr\/academy\/"},{"@type":"ListItem","position":3,"name":"Vid\u00e9os","item":"https:\/\/www.etoro.com\/?page_id=221232"},{"@type":"ListItem","position":4,"name":"CopyTrading | Partie 3 : Comment ?"}]},{"@type":"WebSite","@id":"https:\/\/www.etoro.com\/fr\/#website","url":"https:\/\/www.etoro.com\/fr\/","name":"eToro","description":"","publisher":{"@id":"https:\/\/www.etoro.com\/fr\/#organization"},"potentialAction":[{"@type":"SearchAction","target":{"@type":"EntryPoint","urlTemplate":"https:\/\/www.etoro.com\/fr\/?s={search_term_string}"},"query-input":{"@type":"PropertyValueSpecification","valueRequired":true,"valueName":"search_term_string"}}],"inLanguage":"fr"},[]]}},"_links":{"self":[{"href":"https:\/\/www.etoro.com\/fr\/wp-json\/wp\/v2\/pages\/998699"}],"collection":[{"href":"https:\/\/www.etoro.com\/fr\/wp-json\/wp\/v2\/pages"}],"about":[{"href":"https:\/\/www.etoro.com\/fr\/wp-json\/wp\/v2\/types\/page"}],"author":[{"embeddable":true,"href":"https:\/\/www.etoro.com\/fr\/wp-json\/wp\/v2\/users\/96"}],"replies":[{"embeddable":true,"href":"https:\/\/www.etoro.com\/fr\/wp-json\/wp\/v2\/comments?post=998699"}],"version-history":[{"count":0,"href":"https:\/\/www.etoro.com\/fr\/wp-json\/wp\/v2\/pages\/998699\/revisions"}],"up":[{"embeddable":true,"href":"https:\/\/www.etoro.com\/fr\/wp-json\/wp\/v2\/pages\/260124"}],"wp:featuredmedia":[{"embeddable":true,"href":"https:\/\/www.etoro.com\/fr\/wp-json\/wp\/v2\/media\/560357"}],"wp:attachment":[{"href":"https:\/\/www.etoro.com\/fr\/wp-json\/wp\/v2\/media?parent=998699"}],"wp:term":[{"taxonomy":"asset_type","embeddable":true,"href":"https:\/\/www.etoro.com\/fr\/wp-json\/wp\/v2\/asset_type?post=998699"}],"curies":[{"name":"wp","href":"https:\/\/api.w.org\/{rel}","templated":true}]}}