{"id":998851,"date":"2025-01-10T17:37:31","date_gmt":"2025-01-10T15:37:31","guid":{"rendered":"https:\/\/www.etoro.com\/academy\/videos\/etoros-popular-investors-program\/"},"modified":"2025-02-03T16:38:10","modified_gmt":"2025-02-03T14:38:10","slug":"etoros-popular-investors-program","status":"publish","type":"page","link":"https:\/\/www.etoro.com\/fr\/academy\/videos\/etoros-popular-investors-program\/","title":{"rendered":"Le programme Popular Investor d\u2019eToro"},"content":{"rendered":"\n<div class=\"wp-block-etoro-video-transcript\"><div class=\"wp-block-etoro-video-description\"><h2 class=\"wp-block-etoro-video-description-title\">Description<\/h2><hr\/><div class=\"wp-block-etoro-video-description-content\">Alors comme \u00e7a, vous \u00eates un investisseur ? Et si vous deveniez un Popular Investor ? D\u00e9couvrez tout sur le programme Popular Investor d\u2019eToro dans cette vid\u00e9o !<\/div><\/div><div class=\"wp-block-etoro-video-transcript-content\"><h2 class=\"wp-block-etoro-video-transcript-title\">Transcription<\/h2><hr\/><div class=\"wp-block-etoro-video-transcript-text\"><div class=\"wp-block-etoro-video-transcript-text-wrapper\">\n<p>Bonjour \u00e0 tous, vous \u00eates probablement d\u00e9j\u00e0 familier avec la fonctionnalit\u00e9 CopieTrader d\u2019eToro.<\/p>\n\n\n\n<p>Cette derni\u00e8re vous permet de copier les autres utilisateurs de la plateforme \u00e0 commencer par nos fameux Popular Investors et leur strat\u00e9gie.<\/p>\n\n\n\n<p>Mais comment ces Popular Investors sont-ils devenus si populaires justement ?&nbsp;<\/p>\n\n\n\n<p>En ayant pas peur de se mettre en avant ? Peut-\u00eatre !&nbsp;<\/p>\n\n\n\n<p>Mais la bonne nouvelle c&#8217;est que si vous aussi vous aimez \u00eatre sur le devant de la sc\u00e8ne, vous pourriez devenir un investisseur de premier plan et potentiellement gagner des revenus suppl\u00e9mentaires en multipliant le nombre de personnes pr\u00eates \u00e0 copier vos strat\u00e9gies.&nbsp;<\/p>\n\n\n\n<p>D\u00e9couvrez le programme Popular Investors d\u2019eToro.<\/p>\n\n\n\n<p>\u00c9videmment, on se doute de ce que vous pensez : je parie que seuls ceux qui travaillent dans la finance, l&#8217;\u00e9conomie ou le commerce peuvent bien arriver et bien pas n\u00e9cessairement.<\/p>\n\n\n\n<p>Disons que vous travaillez dans le secteur pharmaceutique, vous connaissez bien votre industrie, vous utilisez cette expertise pour prendre de sages d\u00e9cisions dans ce domaine, m\u00e9langez cela avec du talent et du temps \u00e0 consacrer et vous avez d\u00e9j\u00e0 fait une partie du chemin pour devenir un Popular Investor.<\/p>\n\n\n\n<p>Ensuite comme pour chaque chose dans la vie vous devrez y aller \u00e9tape par \u00e9tape et vous en aurez plusieurs devant vous pour devenir un Popular Investor.<\/p>\n\n\n\n<p>\u00c0 chacune de ces \u00e9tapes vous b\u00e9n\u00e9ficierez d&#8217;un plan de paiement diff\u00e9rent pour le revenu que vous gagnerez en plus de vos b\u00e9n\u00e9fices d&#8217;investissement potentiels et chaque \u00e9tape a ses propres avantages et b\u00e9n\u00e9fices.<\/p>\n\n\n\n<p>Vous aurez \u00e9galement acc\u00e8s \u00e0 une \u00e9ducation financi\u00e8re et \u00e0 de nombreux contenus exclusifs qui vous permettront d&#8217;apprendre en continu et de progresser.<\/p>\n\n\n\n<p>Vous b\u00e9n\u00e9ficierez aussi d&#8217;un lien direct avec un responsable de relations client\u00e8le qui sera l\u00e0 pour vous aider&nbsp; en cas de besoin.&nbsp;&nbsp;<\/p>\n\n\n\n<p>Et vous aurez m\u00eame droit \u00e0 un budget pour organiser des \u00e9v\u00e9nements lors desquels vous pourrez rencontrer vos copieurs potentiels en personne.<\/p>\n\n\n\n<p>Alors si vous pensez que vous avez ce qu&#8217;il faut, si vous souhaitez construire votre propre communaut\u00e9 d&#8217;investissement en ligne et faire en sorte que vos connaissances servent le plus grand nombre.<\/p>\n\n\n\n<p>Vous pouvez candidater au programme de Popular Investor d\u00e8s aujourd&#8217;hui.<\/p>\n\n\n\n<p>Nous vous expliquerons comment dans une prochaine vid\u00e9o.<\/p>\n\n\n\n<p>D&#8217;ici l\u00e0 merci pour votre attention et \u00e0 bient\u00f4t sur eToro.<\/p>\n<\/div><button class=\"wp-block-etoro-video-description-more-text\">afficher plus<svg xmlns=\"http:\/\/www.w3.org\/2000\/svg\" width=\"9\" height=\"6\" viewBox=\"0 0 9 6\" fill=\"none\"><path d=\"M7.5625 1.48616L4.5 4.54866L1.4375 1.48616\" stroke=\"#13C636\" stroke-linecap=\"square\"><\/path><\/svg><\/button><\/div><\/div><\/div>\n","protected":false},"excerpt":{"rendered":"","protected":false},"author":96,"featured_media":622590,"parent":260124,"menu_order":0,"comment_status":"closed","ping_status":"closed","template":"","meta":{"_acf_changed":true,"inline_featured_image":false,"sticky_cta_settings":"","footnotes":""},"asset_type":[],"class_list":["post-998851","page","type-page","status-publish","has-post-thumbnail","hentry"],"acf":[],"yoast_head":"<title>Le programme des Popular Investors populaires d&#039;eToro - Video | Acad\u00e9mie eToro<\/title>\n<meta name=\"description\" content=\"Dans cette vid\u00e9o, vous apprendrez tout sur le programme de Popular Investor d&#039;eToro, y compris ses avantages et comment y adh\u00e9rer. Commencez votre parcours pour en devenir un aujourd&#039;hui.\" \/>\n<meta name=\"robots\" content=\"index, follow, max-snippet:-1, max-image-preview:large, max-video-preview:-1\" \/>\n<link rel=\"canonical\" href=\"https:\/\/www.etoro.com\/fr\/wp-json\/wp\/v2\/pages\/998851\" \/>\n<meta property=\"og:locale\" content=\"fr_FR\" \/>\n<meta property=\"og:type\" content=\"article\" \/>\n<meta property=\"og:title\" content=\"Le programme des Popular Investors populaires d&#039;eToro - Video | Acad\u00e9mie eToro\" \/>\n<meta property=\"og:description\" content=\"Dans cette vid\u00e9o, vous apprendrez tout sur le programme de Popular Investor d&#039;eToro, y compris ses avantages et comment y adh\u00e9rer. Commencez votre parcours pour en devenir un aujourd&#039;hui.\" \/>\n<meta property=\"og:url\" content=\"https:\/\/www.etoro.com\/fr\/wp-json\/wp\/v2\/pages\/998851\" \/>\n<meta property=\"og:site_name\" content=\"eToro\" \/>\n<meta property=\"article:publisher\" content=\"https:\/\/www.facebook.com\/eToro\/\" \/>\n<meta property=\"article:modified_time\" content=\"2025-02-03T14:38:10+00:00\" \/>\n<meta property=\"og:image\" content=\"https:\/\/www.etoro.com\/wp-content\/uploads\/2023\/06\/1085_576x385_FR-1.jpg\" \/>\n\t<meta property=\"og:image:width\" content=\"576\" \/>\n\t<meta property=\"og:image:height\" content=\"385\" \/>\n\t<meta property=\"og:image:type\" content=\"image\/jpeg\" \/>\n<meta name=\"twitter:card\" content=\"summary_large_image\" \/>\n<meta name=\"twitter:site\" content=\"@eToro\" \/>\n<meta name=\"twitter:label1\" content=\"Est. reading time\" \/>\n\t<meta name=\"twitter:data1\" content=\"2 minutes\" \/>\n<script type=\"application\/ld+json\" class=\"yoast-schema-graph\">{\"@context\":\"https:\/\/schema.org\",\"@graph\":[{\"@type\":\"WebPage\",\"@id\":\"https:\/\/www.etoro.com\/fr\/academy\/videos\/etoros-popular-investors-program\/\",\"url\":\"https:\/\/www.etoro.com\/fr\/academy\/videos\/etoros-popular-investors-program\/\",\"name\":\"Le programme des Popular Investors populaires d'eToro - Video | Acad\u00e9mie eToro\",\"isPartOf\":{\"@id\":\"https:\/\/www.etoro.com\/fr\/#website\"},\"primaryImageOfPage\":{\"@id\":\"https:\/\/www.etoro.com\/fr\/academy\/videos\/etoros-popular-investors-program\/#primaryimage\"},\"image\":{\"@id\":\"https:\/\/www.etoro.com\/fr\/academy\/videos\/etoros-popular-investors-program\/#primaryimage\"},\"thumbnailUrl\":\"https:\/\/www.etoro.com\/wp-content\/uploads\/2023\/06\/1085_576x385_FR-1.jpg\",\"datePublished\":\"2025-01-10T15:37:31+00:00\",\"dateModified\":\"2025-02-03T14:38:10+00:00\",\"description\":\"Dans cette vid\u00e9o, vous apprendrez tout sur le programme de Popular Investor d'eToro, y compris ses avantages et comment y adh\u00e9rer. Commencez votre parcours pour en devenir un aujourd'hui.\",\"breadcrumb\":{\"@id\":\"https:\/\/www.etoro.com\/fr\/academy\/videos\/etoros-popular-investors-program\/#breadcrumb\"},\"inLanguage\":\"fr\",\"potentialAction\":[{\"@type\":\"ReadAction\",\"target\":[\"https:\/\/www.etoro.com\/fr\/academy\/videos\/etoros-popular-investors-program\/\"]}]},{\"@type\":\"ImageObject\",\"inLanguage\":\"fr\",\"@id\":\"https:\/\/www.etoro.com\/fr\/academy\/videos\/etoros-popular-investors-program\/#primaryimage\",\"url\":\"https:\/\/www.etoro.com\/wp-content\/uploads\/2023\/06\/1085_576x385_FR-1.jpg\",\"contentUrl\":\"https:\/\/www.etoro.com\/wp-content\/uploads\/2023\/06\/1085_576x385_FR-1.jpg\",\"width\":576,\"height\":385},{\"@type\":\"BreadcrumbList\",\"@id\":\"https:\/\/www.etoro.com\/fr\/academy\/videos\/etoros-popular-investors-program\/#breadcrumb\",\"itemListElement\":[{\"@type\":\"ListItem\",\"position\":1,\"name\":\"Accueil\",\"item\":\"https:\/\/www.etoro.com\/fr\/\"},{\"@type\":\"ListItem\",\"position\":2,\"name\":\"eToro Academy\",\"item\":\"https:\/\/www.etoro.com\/fr\/academy\/\"},{\"@type\":\"ListItem\",\"position\":3,\"name\":\"Vid\u00e9os\",\"item\":\"https:\/\/www.etoro.com\/?page_id=221232\"},{\"@type\":\"ListItem\",\"position\":4,\"name\":\"Le programme Popular Investor d\u2019eToro\"}]},{\"@type\":\"WebSite\",\"@id\":\"https:\/\/www.etoro.com\/fr\/#website\",\"url\":\"https:\/\/www.etoro.com\/fr\/\",\"name\":\"eToro\",\"description\":\"\",\"publisher\":{\"@id\":\"https:\/\/www.etoro.com\/fr\/#organization\"},\"potentialAction\":[{\"@type\":\"SearchAction\",\"target\":{\"@type\":\"EntryPoint\",\"urlTemplate\":\"https:\/\/www.etoro.com\/fr\/?s={search_term_string}\"},\"query-input\":{\"@type\":\"PropertyValueSpecification\",\"valueRequired\":true,\"valueName\":\"search_term_string\"}}],\"inLanguage\":\"fr\"},[]]}<\/script>","yoast_head_json":{"title":"Le programme des Popular Investors populaires d'eToro - Video | Acad\u00e9mie eToro","description":"Dans cette vid\u00e9o, vous apprendrez tout sur le programme de Popular Investor d'eToro, y compris ses avantages et comment y adh\u00e9rer. Commencez votre parcours pour en devenir un aujourd'hui.","robots":{"index":"index","follow":"follow","max-snippet":"max-snippet:-1","max-image-preview":"max-image-preview:large","max-video-preview":"max-video-preview:-1"},"canonical":"https:\/\/www.etoro.com\/fr\/wp-json\/wp\/v2\/pages\/998851","og_locale":"fr_FR","og_type":"article","og_title":"Le programme des Popular Investors populaires d'eToro - Video | Acad\u00e9mie eToro","og_description":"Dans cette vid\u00e9o, vous apprendrez tout sur le programme de Popular Investor d'eToro, y compris ses avantages et comment y adh\u00e9rer. Commencez votre parcours pour en devenir un aujourd'hui.","og_url":"https:\/\/www.etoro.com\/fr\/wp-json\/wp\/v2\/pages\/998851","og_site_name":"eToro","article_publisher":"https:\/\/www.facebook.com\/eToro\/","article_modified_time":"2025-02-03T14:38:10+00:00","og_image":[{"width":576,"height":385,"url":"https:\/\/www.etoro.com\/wp-content\/uploads\/2023\/06\/1085_576x385_FR-1.jpg","type":"image\/jpeg"}],"twitter_card":"summary_large_image","twitter_site":"@eToro","twitter_misc":{"Est. reading time":"2 minutes"},"schema":{"@context":"https:\/\/schema.org","@graph":[{"@type":"WebPage","@id":"https:\/\/www.etoro.com\/fr\/academy\/videos\/etoros-popular-investors-program\/","url":"https:\/\/www.etoro.com\/fr\/academy\/videos\/etoros-popular-investors-program\/","name":"Le programme des Popular Investors populaires d'eToro - Video | Acad\u00e9mie eToro","isPartOf":{"@id":"https:\/\/www.etoro.com\/fr\/#website"},"primaryImageOfPage":{"@id":"https:\/\/www.etoro.com\/fr\/academy\/videos\/etoros-popular-investors-program\/#primaryimage"},"image":{"@id":"https:\/\/www.etoro.com\/fr\/academy\/videos\/etoros-popular-investors-program\/#primaryimage"},"thumbnailUrl":"https:\/\/www.etoro.com\/wp-content\/uploads\/2023\/06\/1085_576x385_FR-1.jpg","datePublished":"2025-01-10T15:37:31+00:00","dateModified":"2025-02-03T14:38:10+00:00","description":"Dans cette vid\u00e9o, vous apprendrez tout sur le programme de Popular Investor d'eToro, y compris ses avantages et comment y adh\u00e9rer. Commencez votre parcours pour en devenir un aujourd'hui.","breadcrumb":{"@id":"https:\/\/www.etoro.com\/fr\/academy\/videos\/etoros-popular-investors-program\/#breadcrumb"},"inLanguage":"fr","potentialAction":[{"@type":"ReadAction","target":["https:\/\/www.etoro.com\/fr\/academy\/videos\/etoros-popular-investors-program\/"]}]},{"@type":"ImageObject","inLanguage":"fr","@id":"https:\/\/www.etoro.com\/fr\/academy\/videos\/etoros-popular-investors-program\/#primaryimage","url":"https:\/\/www.etoro.com\/wp-content\/uploads\/2023\/06\/1085_576x385_FR-1.jpg","contentUrl":"https:\/\/www.etoro.com\/wp-content\/uploads\/2023\/06\/1085_576x385_FR-1.jpg","width":576,"height":385},{"@type":"BreadcrumbList","@id":"https:\/\/www.etoro.com\/fr\/academy\/videos\/etoros-popular-investors-program\/#breadcrumb","itemListElement":[{"@type":"ListItem","position":1,"name":"Accueil","item":"https:\/\/www.etoro.com\/fr\/"},{"@type":"ListItem","position":2,"name":"eToro Academy","item":"https:\/\/www.etoro.com\/fr\/academy\/"},{"@type":"ListItem","position":3,"name":"Vid\u00e9os","item":"https:\/\/www.etoro.com\/?page_id=221232"},{"@type":"ListItem","position":4,"name":"Le programme Popular Investor d\u2019eToro"}]},{"@type":"WebSite","@id":"https:\/\/www.etoro.com\/fr\/#website","url":"https:\/\/www.etoro.com\/fr\/","name":"eToro","description":"","publisher":{"@id":"https:\/\/www.etoro.com\/fr\/#organization"},"potentialAction":[{"@type":"SearchAction","target":{"@type":"EntryPoint","urlTemplate":"https:\/\/www.etoro.com\/fr\/?s={search_term_string}"},"query-input":{"@type":"PropertyValueSpecification","valueRequired":true,"valueName":"search_term_string"}}],"inLanguage":"fr"},[]]}},"_links":{"self":[{"href":"https:\/\/www.etoro.com\/fr\/wp-json\/wp\/v2\/pages\/998851"}],"collection":[{"href":"https:\/\/www.etoro.com\/fr\/wp-json\/wp\/v2\/pages"}],"about":[{"href":"https:\/\/www.etoro.com\/fr\/wp-json\/wp\/v2\/types\/page"}],"author":[{"embeddable":true,"href":"https:\/\/www.etoro.com\/fr\/wp-json\/wp\/v2\/users\/96"}],"replies":[{"embeddable":true,"href":"https:\/\/www.etoro.com\/fr\/wp-json\/wp\/v2\/comments?post=998851"}],"version-history":[{"count":0,"href":"https:\/\/www.etoro.com\/fr\/wp-json\/wp\/v2\/pages\/998851\/revisions"}],"up":[{"embeddable":true,"href":"https:\/\/www.etoro.com\/fr\/wp-json\/wp\/v2\/pages\/260124"}],"wp:featuredmedia":[{"embeddable":true,"href":"https:\/\/www.etoro.com\/fr\/wp-json\/wp\/v2\/media\/622590"}],"wp:attachment":[{"href":"https:\/\/www.etoro.com\/fr\/wp-json\/wp\/v2\/media?parent=998851"}],"wp:term":[{"taxonomy":"asset_type","embeddable":true,"href":"https:\/\/www.etoro.com\/fr\/wp-json\/wp\/v2\/asset_type?post=998851"}],"curies":[{"name":"wp","href":"https:\/\/api.w.org\/{rel}","templated":true}]}}