{"id":998897,"date":"2025-01-10T18:10:22","date_gmt":"2025-01-10T16:10:22","guid":{"rendered":"https:\/\/www.etoro.com\/academy\/videos\/what-to-know-when-starting-to-invest\/"},"modified":"2025-02-03T16:37:24","modified_gmt":"2025-02-03T14:37:24","slug":"what-to-know-when-starting-to-invest","status":"publish","type":"page","link":"https:\/\/www.etoro.com\/fr\/academy\/videos\/what-to-know-when-starting-to-invest\/","title":{"rendered":"Ce qu&#8217;il faut savoir pour \u00e0 investir"},"content":{"rendered":"\n<div class=\"wp-block-etoro-video-transcript\"><div class=\"wp-block-etoro-video-description\"><h2 class=\"wp-block-etoro-video-description-title\">Description<\/h2><hr\/><div class=\"wp-block-etoro-video-description-content\">Vous envisagez de commencer \u00e0 investir sur eToro ? Nous avons rassembl\u00e9 quelques questions cl\u00e9s que vous devriez vous poser avant de faire vos premiers pas.<\/div><\/div><div class=\"wp-block-etoro-video-transcript-content\"><h2 class=\"wp-block-etoro-video-transcript-title\">Transcription<\/h2><hr\/><div class=\"wp-block-etoro-video-transcript-text\"><div class=\"wp-block-etoro-video-transcript-text-wrapper\">\n<p>Si vous regardez cette vid\u00e9o alors vous vous posez s\u00fbrement la question:&nbsp; investir, est-ce la bonne chose \u00e0 faire ?&nbsp;<\/p>\n\n\n\n<p>Alors pourquoi les gens d\u00e9cident-ils d&#8217;investir pour la plupart d&#8217;entre eux ?&nbsp;<\/p>\n\n\n\n<p>L&#8217;investissement est un moyen de g\u00e9n\u00e9rer une autre source de revenus.<\/p>\n\n\n\n<p>Investir peut \u00eatre une solution pour \u00e9conomiser, prot\u00e9ger votre argent, et m\u00eame augmenter ou faire baisser vos revenus.<\/p>\n\n\n\n<p>Mais avant de basculer dans le monde de l&#8217;investissement, posez vous les questions suivantes :&nbsp;<\/p>\n\n\n\n<p>Quels sont mes objectifs d&#8217;investissement ? Ai-je le go\u00fbt du risque ? combien d&#8217;argent j&#8217;envisage de gagner gr\u00e2ce \u00e0 mes investissements ? Puis je me permettre de perdre de l&#8217;argent ?&nbsp;<\/p>\n\n\n\n<p>Gardez \u00e0 l&#8217;esprit de n&#8217;investir qu&#8217;un capital que vous \u00eates pr\u00eat \u00e0 perdre.<\/p>\n\n\n\n<p>Ce sont l\u00e0 quelques exemples de questions que vous devez vous poser avant de devenir investisseur.<\/p>\n\n\n\n<p>Une fois que vous aurez r\u00e9pondu \u00e0 ces questions vous aurez d\u00e9j\u00e0 une meilleure id\u00e9e de l&#8217;investisseur que vous pourriez \u00eatre.<\/p>\n\n\n\n<p>Alors pr\u00eat \u00e0 vous lancer ?&nbsp;<\/p>\n\n\n\n<p>Regardez la vid\u00e9o suivante et d\u00e9couvrez tout ce qu&#8217;il faut savoir pour d\u00e9buter avec eToro&nbsp;<\/p>\n\n\n\n<p>\u00c0 bient\u00f4t.<\/p>\n<\/div><button class=\"wp-block-etoro-video-description-more-text\">afficher plus<svg xmlns=\"http:\/\/www.w3.org\/2000\/svg\" width=\"9\" height=\"6\" viewBox=\"0 0 9 6\" fill=\"none\"><path d=\"M7.5625 1.48616L4.5 4.54866L1.4375 1.48616\" stroke=\"#13C636\" stroke-linecap=\"square\"><\/path><\/svg><\/button><\/div><\/div><\/div>\n","protected":false},"excerpt":{"rendered":"","protected":false},"author":96,"featured_media":495268,"parent":260124,"menu_order":0,"comment_status":"closed","ping_status":"closed","template":"","meta":{"_acf_changed":true,"inline_featured_image":false,"sticky_cta_settings":"","footnotes":""},"asset_type":[],"class_list":["post-998897","page","type-page","status-publish","has-post-thumbnail","hentry"],"acf":[],"yoast_head":"<title>Tout savoir quand on commence \u00e0 investir - Video | Acad\u00e9mie eToro<\/title>\n<meta name=\"description\" content=\"Vous commencez \u00e0 investir ? Cette vid\u00e9o couvre les questions essentielles \u00e0 consid\u00e9rer avant de faire vos premiers pas.\" \/>\n<meta name=\"robots\" content=\"index, follow, max-snippet:-1, max-image-preview:large, max-video-preview:-1\" \/>\n<link rel=\"canonical\" href=\"https:\/\/www.etoro.com\/fr\/wp-json\/wp\/v2\/pages\/998897\" \/>\n<meta property=\"og:locale\" content=\"fr_FR\" \/>\n<meta property=\"og:type\" content=\"article\" \/>\n<meta property=\"og:title\" content=\"Tout savoir quand on commence \u00e0 investir - Video | Acad\u00e9mie eToro\" \/>\n<meta property=\"og:description\" content=\"Vous commencez \u00e0 investir ? Cette vid\u00e9o couvre les questions essentielles \u00e0 consid\u00e9rer avant de faire vos premiers pas.\" \/>\n<meta property=\"og:url\" content=\"https:\/\/www.etoro.com\/fr\/wp-json\/wp\/v2\/pages\/998897\" \/>\n<meta property=\"og:site_name\" content=\"eToro\" \/>\n<meta property=\"article:publisher\" content=\"https:\/\/www.facebook.com\/eToro\/\" \/>\n<meta property=\"article:modified_time\" content=\"2025-02-03T14:37:24+00:00\" \/>\n<meta property=\"og:image\" content=\"https:\/\/www.etoro.com\/wp-content\/uploads\/2022\/09\/3295_600X500_FR.png\" \/>\n\t<meta property=\"og:image:width\" content=\"576\" \/>\n\t<meta property=\"og:image:height\" content=\"385\" \/>\n\t<meta property=\"og:image:type\" content=\"image\/png\" \/>\n<meta name=\"twitter:card\" content=\"summary_large_image\" \/>\n<meta name=\"twitter:site\" content=\"@eToro\" \/>\n<meta name=\"twitter:label1\" content=\"Est. reading time\" \/>\n\t<meta name=\"twitter:data1\" content=\"1 minute\" \/>\n<script type=\"application\/ld+json\" class=\"yoast-schema-graph\">{\"@context\":\"https:\/\/schema.org\",\"@graph\":[{\"@type\":\"WebPage\",\"@id\":\"https:\/\/www.etoro.com\/fr\/academy\/videos\/what-to-know-when-starting-to-invest\/\",\"url\":\"https:\/\/www.etoro.com\/fr\/academy\/videos\/what-to-know-when-starting-to-invest\/\",\"name\":\"Tout savoir quand on commence \u00e0 investir - Video | Acad\u00e9mie eToro\",\"isPartOf\":{\"@id\":\"https:\/\/www.etoro.com\/fr\/#website\"},\"primaryImageOfPage\":{\"@id\":\"https:\/\/www.etoro.com\/fr\/academy\/videos\/what-to-know-when-starting-to-invest\/#primaryimage\"},\"image\":{\"@id\":\"https:\/\/www.etoro.com\/fr\/academy\/videos\/what-to-know-when-starting-to-invest\/#primaryimage\"},\"thumbnailUrl\":\"https:\/\/www.etoro.com\/wp-content\/uploads\/2022\/09\/3295_600X500_FR.png\",\"datePublished\":\"2025-01-10T16:10:22+00:00\",\"dateModified\":\"2025-02-03T14:37:24+00:00\",\"description\":\"Vous commencez \u00e0 investir ? Cette vid\u00e9o couvre les questions essentielles \u00e0 consid\u00e9rer avant de faire vos premiers pas.\",\"breadcrumb\":{\"@id\":\"https:\/\/www.etoro.com\/fr\/academy\/videos\/what-to-know-when-starting-to-invest\/#breadcrumb\"},\"inLanguage\":\"fr\",\"potentialAction\":[{\"@type\":\"ReadAction\",\"target\":[\"https:\/\/www.etoro.com\/fr\/academy\/videos\/what-to-know-when-starting-to-invest\/\"]}]},{\"@type\":\"ImageObject\",\"inLanguage\":\"fr\",\"@id\":\"https:\/\/www.etoro.com\/fr\/academy\/videos\/what-to-know-when-starting-to-invest\/#primaryimage\",\"url\":\"https:\/\/www.etoro.com\/wp-content\/uploads\/2022\/09\/3295_600X500_FR.png\",\"contentUrl\":\"https:\/\/www.etoro.com\/wp-content\/uploads\/2022\/09\/3295_600X500_FR.png\",\"width\":576,\"height\":385},{\"@type\":\"BreadcrumbList\",\"@id\":\"https:\/\/www.etoro.com\/fr\/academy\/videos\/what-to-know-when-starting-to-invest\/#breadcrumb\",\"itemListElement\":[{\"@type\":\"ListItem\",\"position\":1,\"name\":\"Accueil\",\"item\":\"https:\/\/www.etoro.com\/fr\/\"},{\"@type\":\"ListItem\",\"position\":2,\"name\":\"eToro Academy\",\"item\":\"https:\/\/www.etoro.com\/fr\/academy\/\"},{\"@type\":\"ListItem\",\"position\":3,\"name\":\"Vid\u00e9os\",\"item\":\"https:\/\/www.etoro.com\/?page_id=221232\"},{\"@type\":\"ListItem\",\"position\":4,\"name\":\"Ce qu&#8217;il faut savoir pour \u00e0 investir\"}]},{\"@type\":\"WebSite\",\"@id\":\"https:\/\/www.etoro.com\/fr\/#website\",\"url\":\"https:\/\/www.etoro.com\/fr\/\",\"name\":\"eToro\",\"description\":\"\",\"publisher\":{\"@id\":\"https:\/\/www.etoro.com\/fr\/#organization\"},\"potentialAction\":[{\"@type\":\"SearchAction\",\"target\":{\"@type\":\"EntryPoint\",\"urlTemplate\":\"https:\/\/www.etoro.com\/fr\/?s={search_term_string}\"},\"query-input\":{\"@type\":\"PropertyValueSpecification\",\"valueRequired\":true,\"valueName\":\"search_term_string\"}}],\"inLanguage\":\"fr\"},[]]}<\/script>","yoast_head_json":{"title":"Tout savoir quand on commence \u00e0 investir - Video | Acad\u00e9mie eToro","description":"Vous commencez \u00e0 investir ? Cette vid\u00e9o couvre les questions essentielles \u00e0 consid\u00e9rer avant de faire vos premiers pas.","robots":{"index":"index","follow":"follow","max-snippet":"max-snippet:-1","max-image-preview":"max-image-preview:large","max-video-preview":"max-video-preview:-1"},"canonical":"https:\/\/www.etoro.com\/fr\/wp-json\/wp\/v2\/pages\/998897","og_locale":"fr_FR","og_type":"article","og_title":"Tout savoir quand on commence \u00e0 investir - Video | Acad\u00e9mie eToro","og_description":"Vous commencez \u00e0 investir ? Cette vid\u00e9o couvre les questions essentielles \u00e0 consid\u00e9rer avant de faire vos premiers pas.","og_url":"https:\/\/www.etoro.com\/fr\/wp-json\/wp\/v2\/pages\/998897","og_site_name":"eToro","article_publisher":"https:\/\/www.facebook.com\/eToro\/","article_modified_time":"2025-02-03T14:37:24+00:00","og_image":[{"width":576,"height":385,"url":"https:\/\/www.etoro.com\/wp-content\/uploads\/2022\/09\/3295_600X500_FR.png","type":"image\/png"}],"twitter_card":"summary_large_image","twitter_site":"@eToro","twitter_misc":{"Est. reading time":"1 minute"},"schema":{"@context":"https:\/\/schema.org","@graph":[{"@type":"WebPage","@id":"https:\/\/www.etoro.com\/fr\/academy\/videos\/what-to-know-when-starting-to-invest\/","url":"https:\/\/www.etoro.com\/fr\/academy\/videos\/what-to-know-when-starting-to-invest\/","name":"Tout savoir quand on commence \u00e0 investir - Video | Acad\u00e9mie eToro","isPartOf":{"@id":"https:\/\/www.etoro.com\/fr\/#website"},"primaryImageOfPage":{"@id":"https:\/\/www.etoro.com\/fr\/academy\/videos\/what-to-know-when-starting-to-invest\/#primaryimage"},"image":{"@id":"https:\/\/www.etoro.com\/fr\/academy\/videos\/what-to-know-when-starting-to-invest\/#primaryimage"},"thumbnailUrl":"https:\/\/www.etoro.com\/wp-content\/uploads\/2022\/09\/3295_600X500_FR.png","datePublished":"2025-01-10T16:10:22+00:00","dateModified":"2025-02-03T14:37:24+00:00","description":"Vous commencez \u00e0 investir ? Cette vid\u00e9o couvre les questions essentielles \u00e0 consid\u00e9rer avant de faire vos premiers pas.","breadcrumb":{"@id":"https:\/\/www.etoro.com\/fr\/academy\/videos\/what-to-know-when-starting-to-invest\/#breadcrumb"},"inLanguage":"fr","potentialAction":[{"@type":"ReadAction","target":["https:\/\/www.etoro.com\/fr\/academy\/videos\/what-to-know-when-starting-to-invest\/"]}]},{"@type":"ImageObject","inLanguage":"fr","@id":"https:\/\/www.etoro.com\/fr\/academy\/videos\/what-to-know-when-starting-to-invest\/#primaryimage","url":"https:\/\/www.etoro.com\/wp-content\/uploads\/2022\/09\/3295_600X500_FR.png","contentUrl":"https:\/\/www.etoro.com\/wp-content\/uploads\/2022\/09\/3295_600X500_FR.png","width":576,"height":385},{"@type":"BreadcrumbList","@id":"https:\/\/www.etoro.com\/fr\/academy\/videos\/what-to-know-when-starting-to-invest\/#breadcrumb","itemListElement":[{"@type":"ListItem","position":1,"name":"Accueil","item":"https:\/\/www.etoro.com\/fr\/"},{"@type":"ListItem","position":2,"name":"eToro Academy","item":"https:\/\/www.etoro.com\/fr\/academy\/"},{"@type":"ListItem","position":3,"name":"Vid\u00e9os","item":"https:\/\/www.etoro.com\/?page_id=221232"},{"@type":"ListItem","position":4,"name":"Ce qu&#8217;il faut savoir pour \u00e0 investir"}]},{"@type":"WebSite","@id":"https:\/\/www.etoro.com\/fr\/#website","url":"https:\/\/www.etoro.com\/fr\/","name":"eToro","description":"","publisher":{"@id":"https:\/\/www.etoro.com\/fr\/#organization"},"potentialAction":[{"@type":"SearchAction","target":{"@type":"EntryPoint","urlTemplate":"https:\/\/www.etoro.com\/fr\/?s={search_term_string}"},"query-input":{"@type":"PropertyValueSpecification","valueRequired":true,"valueName":"search_term_string"}}],"inLanguage":"fr"},[]]}},"_links":{"self":[{"href":"https:\/\/www.etoro.com\/fr\/wp-json\/wp\/v2\/pages\/998897"}],"collection":[{"href":"https:\/\/www.etoro.com\/fr\/wp-json\/wp\/v2\/pages"}],"about":[{"href":"https:\/\/www.etoro.com\/fr\/wp-json\/wp\/v2\/types\/page"}],"author":[{"embeddable":true,"href":"https:\/\/www.etoro.com\/fr\/wp-json\/wp\/v2\/users\/96"}],"replies":[{"embeddable":true,"href":"https:\/\/www.etoro.com\/fr\/wp-json\/wp\/v2\/comments?post=998897"}],"version-history":[{"count":0,"href":"https:\/\/www.etoro.com\/fr\/wp-json\/wp\/v2\/pages\/998897\/revisions"}],"up":[{"embeddable":true,"href":"https:\/\/www.etoro.com\/fr\/wp-json\/wp\/v2\/pages\/260124"}],"wp:featuredmedia":[{"embeddable":true,"href":"https:\/\/www.etoro.com\/fr\/wp-json\/wp\/v2\/media\/495268"}],"wp:attachment":[{"href":"https:\/\/www.etoro.com\/fr\/wp-json\/wp\/v2\/media?parent=998897"}],"wp:term":[{"taxonomy":"asset_type","embeddable":true,"href":"https:\/\/www.etoro.com\/fr\/wp-json\/wp\/v2\/asset_type?post=998897"}],"curies":[{"name":"wp","href":"https:\/\/api.w.org\/{rel}","templated":true}]}}