{"id":998976,"date":"2025-01-10T18:12:34","date_gmt":"2025-01-10T16:12:34","guid":{"rendered":"https:\/\/www.etoro.com\/academy\/videos\/getting-started-on-etoro-part-1\/"},"modified":"2025-02-03T16:36:38","modified_gmt":"2025-02-03T14:36:38","slug":"getting-started-on-etoro-part-1","status":"publish","type":"page","link":"https:\/\/www.etoro.com\/fr\/academy\/videos\/getting-started-on-etoro-part-1\/","title":{"rendered":"D\u00e9buter sur eToro 101"},"content":{"rendered":"\n<div class=\"wp-block-etoro-video-transcript\"><div class=\"wp-block-etoro-video-description\"><h2 class=\"wp-block-etoro-video-description-title\">Description<\/h2><hr\/><div class=\"wp-block-etoro-video-description-content\">Vous commencez votre aventure d&#8217;investisseur sur eToro ? C&#8217;est bien ! Voici les 4 points cl\u00e9s \u00e0 conna\u00eetre pour faire vos premiers pas.<\/div><\/div><div class=\"wp-block-etoro-video-transcript-content\"><h2 class=\"wp-block-etoro-video-transcript-title\">Transcription<\/h2><hr\/><div class=\"wp-block-etoro-video-transcript-text\"><div class=\"wp-block-etoro-video-transcript-text-wrapper\">\n<p>F\u00e9licitations, vous avez d\u00e9cid\u00e9 d\u2019investir ?&nbsp;<\/p>\n\n\n\n<p>Je suis Solveig et voici comment on fait ses d\u00e9buts sur eToro.<\/p>\n\n\n\n<p>Premi\u00e8re chose, vous devez avoir plus de 18 ans et vivre dans un des pays dans lesquels nous proposons nos services.&nbsp;<\/p>\n\n\n\n<p>Nous savons que chaque investisseur est unique ainsi nous vous demandons de r\u00e9pondre \u00e0 un rapide questionnaire, afin de nous permettre de cr\u00e9er une exp\u00e9rience utilisateur sp\u00e9cialement pour vous.<\/p>\n\n\n\n<p>Ensuite nous vous demandons de proc\u00e9der \u00e0 une simple v\u00e9rification de compte, ainsi nous assurons votre s\u00e9curit\u00e9 et celle de notre plateforme.<\/p>\n\n\n\n<p>Apr\u00e8s avoir v\u00e9rifi\u00e9 que vous n&#8217;\u00eates pas un robot, on sait jamais, vous pouvez commencer \u00e0 utiliser votre portefeuille virtuel.<\/p>\n\n\n\n<p>Ce dernier, \u00e9galement appel\u00e9 compte d\u00e9mo vous aide \u00e0 d\u00e9couvrir la plateforme eToro et \u00e0 explorer les march\u00e9s sans risque.<\/p>\n\n\n\n<p>Et c&#8217;est tout vous \u00eates par\u00e9, ne manquez pas notre prochaine vid\u00e9o vous y pr\u00e9senteront la page d&#8217;accueil eToro votre portail vers toutes les fonctionnalit\u00e9s de notre plateforme.<\/p>\n\n\n\n<p>\u00c0 bient\u00f4t.<\/p>\n<\/div><button class=\"wp-block-etoro-video-description-more-text\">afficher plus<svg xmlns=\"http:\/\/www.w3.org\/2000\/svg\" width=\"9\" height=\"6\" viewBox=\"0 0 9 6\" fill=\"none\"><path d=\"M7.5625 1.48616L4.5 4.54866L1.4375 1.48616\" stroke=\"#13C636\" stroke-linecap=\"square\"><\/path><\/svg><\/button><\/div><\/div><\/div>\n","protected":false},"excerpt":{"rendered":"","protected":false},"author":96,"featured_media":495115,"parent":260124,"menu_order":0,"comment_status":"closed","ping_status":"closed","template":"","meta":{"_acf_changed":true,"inline_featured_image":false,"sticky_cta_settings":"","footnotes":""},"asset_type":[],"class_list":["post-998976","page","type-page","status-publish","has-post-thumbnail","hentry"],"acf":[],"yoast_head":"<title>Ouvrir un compte eToro - Video | Acad\u00e9mie eToro<\/title>\n<meta name=\"description\" content=\"Commencez votre voyage d&#039;investissement avec ces quatre points cl\u00e9s couverts dans cette vid\u00e9o pour vous aider \u00e0 commencer \u00e0 investir en toute confiance sur eToro.\" \/>\n<meta name=\"robots\" content=\"index, follow, max-snippet:-1, max-image-preview:large, max-video-preview:-1\" \/>\n<link rel=\"canonical\" href=\"https:\/\/www.etoro.com\/fr\/wp-json\/wp\/v2\/pages\/998976\" \/>\n<meta property=\"og:locale\" content=\"fr_FR\" \/>\n<meta property=\"og:type\" content=\"article\" \/>\n<meta property=\"og:title\" content=\"Ouvrir un compte eToro - Video | Acad\u00e9mie eToro\" \/>\n<meta property=\"og:description\" content=\"Commencez votre voyage d&#039;investissement avec ces quatre points cl\u00e9s couverts dans cette vid\u00e9o pour vous aider \u00e0 commencer \u00e0 investir en toute confiance sur eToro.\" \/>\n<meta property=\"og:url\" content=\"https:\/\/www.etoro.com\/fr\/wp-json\/wp\/v2\/pages\/998976\" \/>\n<meta property=\"og:site_name\" content=\"eToro\" \/>\n<meta property=\"article:publisher\" content=\"https:\/\/www.facebook.com\/eToro\/\" \/>\n<meta property=\"article:modified_time\" content=\"2025-02-03T14:36:38+00:00\" \/>\n<meta property=\"og:image\" content=\"https:\/\/www.etoro.com\/wp-content\/uploads\/2022\/09\/2522_600X500_FR.png\" \/>\n\t<meta property=\"og:image:width\" content=\"576\" \/>\n\t<meta property=\"og:image:height\" content=\"385\" \/>\n\t<meta property=\"og:image:type\" content=\"image\/png\" \/>\n<meta name=\"twitter:card\" content=\"summary_large_image\" \/>\n<meta name=\"twitter:site\" content=\"@eToro\" \/>\n<meta name=\"twitter:label1\" content=\"Est. reading time\" \/>\n\t<meta name=\"twitter:data1\" content=\"1 minute\" \/>\n<script type=\"application\/ld+json\" class=\"yoast-schema-graph\">{\"@context\":\"https:\/\/schema.org\",\"@graph\":[{\"@type\":\"WebPage\",\"@id\":\"https:\/\/www.etoro.com\/fr\/academy\/videos\/getting-started-on-etoro-part-1\/\",\"url\":\"https:\/\/www.etoro.com\/fr\/academy\/videos\/getting-started-on-etoro-part-1\/\",\"name\":\"Ouvrir un compte eToro - Video | Acad\u00e9mie eToro\",\"isPartOf\":{\"@id\":\"https:\/\/www.etoro.com\/fr\/#website\"},\"primaryImageOfPage\":{\"@id\":\"https:\/\/www.etoro.com\/fr\/academy\/videos\/getting-started-on-etoro-part-1\/#primaryimage\"},\"image\":{\"@id\":\"https:\/\/www.etoro.com\/fr\/academy\/videos\/getting-started-on-etoro-part-1\/#primaryimage\"},\"thumbnailUrl\":\"https:\/\/www.etoro.com\/wp-content\/uploads\/2022\/09\/2522_600X500_FR.png\",\"datePublished\":\"2025-01-10T16:12:34+00:00\",\"dateModified\":\"2025-02-03T14:36:38+00:00\",\"description\":\"Commencez votre voyage d'investissement avec ces quatre points cl\u00e9s couverts dans cette vid\u00e9o pour vous aider \u00e0 commencer \u00e0 investir en toute confiance sur eToro.\",\"breadcrumb\":{\"@id\":\"https:\/\/www.etoro.com\/fr\/academy\/videos\/getting-started-on-etoro-part-1\/#breadcrumb\"},\"inLanguage\":\"fr\",\"potentialAction\":[{\"@type\":\"ReadAction\",\"target\":[\"https:\/\/www.etoro.com\/fr\/academy\/videos\/getting-started-on-etoro-part-1\/\"]}]},{\"@type\":\"ImageObject\",\"inLanguage\":\"fr\",\"@id\":\"https:\/\/www.etoro.com\/fr\/academy\/videos\/getting-started-on-etoro-part-1\/#primaryimage\",\"url\":\"https:\/\/www.etoro.com\/wp-content\/uploads\/2022\/09\/2522_600X500_FR.png\",\"contentUrl\":\"https:\/\/www.etoro.com\/wp-content\/uploads\/2022\/09\/2522_600X500_FR.png\",\"width\":576,\"height\":385},{\"@type\":\"BreadcrumbList\",\"@id\":\"https:\/\/www.etoro.com\/fr\/academy\/videos\/getting-started-on-etoro-part-1\/#breadcrumb\",\"itemListElement\":[{\"@type\":\"ListItem\",\"position\":1,\"name\":\"Accueil\",\"item\":\"https:\/\/www.etoro.com\/fr\/\"},{\"@type\":\"ListItem\",\"position\":2,\"name\":\"eToro Academy\",\"item\":\"https:\/\/www.etoro.com\/fr\/academy\/\"},{\"@type\":\"ListItem\",\"position\":3,\"name\":\"Vid\u00e9os\",\"item\":\"https:\/\/www.etoro.com\/?page_id=221232\"},{\"@type\":\"ListItem\",\"position\":4,\"name\":\"D\u00e9buter sur eToro 101\"}]},{\"@type\":\"WebSite\",\"@id\":\"https:\/\/www.etoro.com\/fr\/#website\",\"url\":\"https:\/\/www.etoro.com\/fr\/\",\"name\":\"eToro\",\"description\":\"\",\"publisher\":{\"@id\":\"https:\/\/www.etoro.com\/fr\/#organization\"},\"potentialAction\":[{\"@type\":\"SearchAction\",\"target\":{\"@type\":\"EntryPoint\",\"urlTemplate\":\"https:\/\/www.etoro.com\/fr\/?s={search_term_string}\"},\"query-input\":{\"@type\":\"PropertyValueSpecification\",\"valueRequired\":true,\"valueName\":\"search_term_string\"}}],\"inLanguage\":\"fr\"},[]]}<\/script>","yoast_head_json":{"title":"Ouvrir un compte eToro - Video | Acad\u00e9mie eToro","description":"Commencez votre voyage d'investissement avec ces quatre points cl\u00e9s couverts dans cette vid\u00e9o pour vous aider \u00e0 commencer \u00e0 investir en toute confiance sur eToro.","robots":{"index":"index","follow":"follow","max-snippet":"max-snippet:-1","max-image-preview":"max-image-preview:large","max-video-preview":"max-video-preview:-1"},"canonical":"https:\/\/www.etoro.com\/fr\/wp-json\/wp\/v2\/pages\/998976","og_locale":"fr_FR","og_type":"article","og_title":"Ouvrir un compte eToro - Video | Acad\u00e9mie eToro","og_description":"Commencez votre voyage d'investissement avec ces quatre points cl\u00e9s couverts dans cette vid\u00e9o pour vous aider \u00e0 commencer \u00e0 investir en toute confiance sur eToro.","og_url":"https:\/\/www.etoro.com\/fr\/wp-json\/wp\/v2\/pages\/998976","og_site_name":"eToro","article_publisher":"https:\/\/www.facebook.com\/eToro\/","article_modified_time":"2025-02-03T14:36:38+00:00","og_image":[{"width":576,"height":385,"url":"https:\/\/www.etoro.com\/wp-content\/uploads\/2022\/09\/2522_600X500_FR.png","type":"image\/png"}],"twitter_card":"summary_large_image","twitter_site":"@eToro","twitter_misc":{"Est. reading time":"1 minute"},"schema":{"@context":"https:\/\/schema.org","@graph":[{"@type":"WebPage","@id":"https:\/\/www.etoro.com\/fr\/academy\/videos\/getting-started-on-etoro-part-1\/","url":"https:\/\/www.etoro.com\/fr\/academy\/videos\/getting-started-on-etoro-part-1\/","name":"Ouvrir un compte eToro - Video | Acad\u00e9mie eToro","isPartOf":{"@id":"https:\/\/www.etoro.com\/fr\/#website"},"primaryImageOfPage":{"@id":"https:\/\/www.etoro.com\/fr\/academy\/videos\/getting-started-on-etoro-part-1\/#primaryimage"},"image":{"@id":"https:\/\/www.etoro.com\/fr\/academy\/videos\/getting-started-on-etoro-part-1\/#primaryimage"},"thumbnailUrl":"https:\/\/www.etoro.com\/wp-content\/uploads\/2022\/09\/2522_600X500_FR.png","datePublished":"2025-01-10T16:12:34+00:00","dateModified":"2025-02-03T14:36:38+00:00","description":"Commencez votre voyage d'investissement avec ces quatre points cl\u00e9s couverts dans cette vid\u00e9o pour vous aider \u00e0 commencer \u00e0 investir en toute confiance sur eToro.","breadcrumb":{"@id":"https:\/\/www.etoro.com\/fr\/academy\/videos\/getting-started-on-etoro-part-1\/#breadcrumb"},"inLanguage":"fr","potentialAction":[{"@type":"ReadAction","target":["https:\/\/www.etoro.com\/fr\/academy\/videos\/getting-started-on-etoro-part-1\/"]}]},{"@type":"ImageObject","inLanguage":"fr","@id":"https:\/\/www.etoro.com\/fr\/academy\/videos\/getting-started-on-etoro-part-1\/#primaryimage","url":"https:\/\/www.etoro.com\/wp-content\/uploads\/2022\/09\/2522_600X500_FR.png","contentUrl":"https:\/\/www.etoro.com\/wp-content\/uploads\/2022\/09\/2522_600X500_FR.png","width":576,"height":385},{"@type":"BreadcrumbList","@id":"https:\/\/www.etoro.com\/fr\/academy\/videos\/getting-started-on-etoro-part-1\/#breadcrumb","itemListElement":[{"@type":"ListItem","position":1,"name":"Accueil","item":"https:\/\/www.etoro.com\/fr\/"},{"@type":"ListItem","position":2,"name":"eToro Academy","item":"https:\/\/www.etoro.com\/fr\/academy\/"},{"@type":"ListItem","position":3,"name":"Vid\u00e9os","item":"https:\/\/www.etoro.com\/?page_id=221232"},{"@type":"ListItem","position":4,"name":"D\u00e9buter sur eToro 101"}]},{"@type":"WebSite","@id":"https:\/\/www.etoro.com\/fr\/#website","url":"https:\/\/www.etoro.com\/fr\/","name":"eToro","description":"","publisher":{"@id":"https:\/\/www.etoro.com\/fr\/#organization"},"potentialAction":[{"@type":"SearchAction","target":{"@type":"EntryPoint","urlTemplate":"https:\/\/www.etoro.com\/fr\/?s={search_term_string}"},"query-input":{"@type":"PropertyValueSpecification","valueRequired":true,"valueName":"search_term_string"}}],"inLanguage":"fr"},[]]}},"_links":{"self":[{"href":"https:\/\/www.etoro.com\/fr\/wp-json\/wp\/v2\/pages\/998976"}],"collection":[{"href":"https:\/\/www.etoro.com\/fr\/wp-json\/wp\/v2\/pages"}],"about":[{"href":"https:\/\/www.etoro.com\/fr\/wp-json\/wp\/v2\/types\/page"}],"author":[{"embeddable":true,"href":"https:\/\/www.etoro.com\/fr\/wp-json\/wp\/v2\/users\/96"}],"replies":[{"embeddable":true,"href":"https:\/\/www.etoro.com\/fr\/wp-json\/wp\/v2\/comments?post=998976"}],"version-history":[{"count":0,"href":"https:\/\/www.etoro.com\/fr\/wp-json\/wp\/v2\/pages\/998976\/revisions"}],"up":[{"embeddable":true,"href":"https:\/\/www.etoro.com\/fr\/wp-json\/wp\/v2\/pages\/260124"}],"wp:featuredmedia":[{"embeddable":true,"href":"https:\/\/www.etoro.com\/fr\/wp-json\/wp\/v2\/media\/495115"}],"wp:attachment":[{"href":"https:\/\/www.etoro.com\/fr\/wp-json\/wp\/v2\/media?parent=998976"}],"wp:term":[{"taxonomy":"asset_type","embeddable":true,"href":"https:\/\/www.etoro.com\/fr\/wp-json\/wp\/v2\/asset_type?post=998976"}],"curies":[{"name":"wp","href":"https:\/\/api.w.org\/{rel}","templated":true}]}}