{"id":998982,"date":"2025-01-10T18:20:43","date_gmt":"2025-01-10T16:20:43","guid":{"rendered":"https:\/\/www.etoro.com\/academy\/videos\/opening-an-etoro-account\/"},"modified":"2025-02-04T14:11:02","modified_gmt":"2025-02-04T12:11:02","slug":"opening-an-etoro-account","status":"publish","type":"page","link":"https:\/\/www.etoro.com\/fr\/academy\/videos\/opening-an-etoro-account\/","title":{"rendered":"Ouvrir un compte eToro"},"content":{"rendered":"\n<div class=\"wp-block-etoro-video-transcript\"><div class=\"wp-block-etoro-video-description\"><h2 class=\"wp-block-etoro-video-description-title\">Description<\/h2><hr\/><div class=\"wp-block-etoro-video-description-content\">La confiance est le c\u0153ur de toute communaut\u00e9. Cela va sans dire en ce qui concerne la communaut\u00e9 de 30 millions d&#8217;investisseurs d&#8217;eToro. Ainsi, pour rejoindre cette communaut\u00e9, il y a essentiellement 3 \u00e9tapes simples \u00e0 suivre. \u00c0 bient\u00f4t sur eToro !<\/div><\/div><div class=\"wp-block-etoro-video-transcript-content\"><h2 class=\"wp-block-etoro-video-transcript-title\">Transcription<\/h2><hr\/><div class=\"wp-block-etoro-video-transcript-text\"><div class=\"wp-block-etoro-video-transcript-text-wrapper\">\n<p>eToro&nbsp; est une des plus importantes communaut\u00e9s de training social au monde.<\/p>\n\n\n\n<p>Dans une communaut\u00e9 le plus important, c&#8217;est la confiance donc nous sommes ici pour vous faire savoir tout ce que vous devez savoir \u00e0 propos de ce que nous devons savoir sur vous.<\/p>\n\n\n\n<p>C&#8217;est clair non ?&nbsp;<\/p>\n\n\n\n<p>Pour ouvrir un compte avec eToro, vous devrez donner des informations de base nom la date de naissance adresse, vous connaissez le principe.<\/p>\n\n\n\n<p>Ensuite vous aurez \u00e0 r\u00e9pondre \u00e0 une s\u00e9rie de questions visant \u00e0 nous aider \u00e0 mieux cerner votre exp\u00e9rience dans le domaine de la finance et de l&#8217;investissement.<\/p>\n\n\n\n<p>Ces questions peuvent aborder votre statut professionnel, vous connaissances en trading, vos objectifs en tant qu&#8217;investisseur, votre rapport aux risques etc.<\/p>\n\n\n\n<p>Les r\u00e9ponses que vous donnerez nous aideront \u00e0 cr\u00e9er une exp\u00e9rience utilisateur sur mesure pour notre plateforme afin de r\u00e9pondre \u00e0 vos besoins sp\u00e9cifiques, aux objectifs financiers et votre niveau de trading<\/p>\n\n\n\n<p>C&#8217;est pourquoi il est important que vous preniez le temps de r\u00e9pondre pr\u00e9cis\u00e9ment.<\/p>\n\n\n\n<p>Mieux nouveau conna\u00eetront et mieux nous pourrons cr\u00e9er une exp\u00e9rience eToro sur mesure.<\/p>\n\n\n\n<p>Avec eToro vous pouvez \u00eatre s\u00fbr que vos informations resteront totalement confidentielles et si jamais votre situation personnelle ou financi\u00e8re venait \u00e0 changer, vous pourrez toujours modifier vos r\u00e9ponses simplement, rapidement et discr\u00e8tement.<\/p>\n\n\n\n<p>C&#8217;est presque fini, tout ce qu&#8217;il vous reste \u00e0 faire maintenant c&#8217;est de faire v\u00e9rifier votre compte eToro mais \u00e7a c&#8217;est pour la prochaine vid\u00e9o.<\/p>\n\n\n\n<p>Merci pour votre attention et \u00e0 bient\u00f4t sur eToro.<\/p>\n<\/div><button class=\"wp-block-etoro-video-description-more-text\">afficher plus<svg xmlns=\"http:\/\/www.w3.org\/2000\/svg\" width=\"9\" height=\"6\" viewBox=\"0 0 9 6\" fill=\"none\"><path d=\"M7.5625 1.48616L4.5 4.54866L1.4375 1.48616\" stroke=\"#13C636\" stroke-linecap=\"square\"><\/path><\/svg><\/button><\/div><\/div><\/div>\n","protected":false},"excerpt":{"rendered":"","protected":false},"author":96,"featured_media":495545,"parent":260124,"menu_order":0,"comment_status":"closed","ping_status":"closed","template":"","meta":{"_acf_changed":true,"inline_featured_image":false,"sticky_cta_settings":"","footnotes":""},"asset_type":[],"class_list":["post-998982","page","type-page","status-publish","has-post-thumbnail","hentry"],"acf":[],"yoast_head":"<title>Ouvrir un compte eToro - Video | Acad\u00e9mie eToro<\/title>\n<meta name=\"description\" content=\"Apprenez les trois \u00e9tapes simples pour rejoindre la communaut\u00e9 de plus de 30 millions d&#039;investisseurs d&#039;eToro dans cette vid\u00e9o. Commencez \u00e0 investir avec la plus grande plateforme d&#039;investissement social.\" \/>\n<meta name=\"robots\" content=\"index, follow, max-snippet:-1, max-image-preview:large, max-video-preview:-1\" \/>\n<link rel=\"canonical\" href=\"https:\/\/www.etoro.com\/fr\/wp-json\/wp\/v2\/pages\/998982\" \/>\n<meta property=\"og:locale\" content=\"fr_FR\" \/>\n<meta property=\"og:type\" content=\"article\" \/>\n<meta property=\"og:title\" content=\"Ouvrir un compte eToro - Video | Acad\u00e9mie eToro\" \/>\n<meta property=\"og:description\" content=\"Apprenez les trois \u00e9tapes simples pour rejoindre la communaut\u00e9 de plus de 30 millions d&#039;investisseurs d&#039;eToro dans cette vid\u00e9o. Commencez \u00e0 investir avec la plus grande plateforme d&#039;investissement social.\" \/>\n<meta property=\"og:url\" content=\"https:\/\/www.etoro.com\/fr\/wp-json\/wp\/v2\/pages\/998982\" \/>\n<meta property=\"og:site_name\" content=\"eToro\" \/>\n<meta property=\"article:publisher\" content=\"https:\/\/www.facebook.com\/eToro\/\" \/>\n<meta property=\"article:modified_time\" content=\"2025-02-04T12:11:02+00:00\" \/>\n<meta property=\"og:image\" content=\"https:\/\/www.etoro.com\/wp-content\/uploads\/2022\/09\/8876_600X500_FR.png\" \/>\n\t<meta property=\"og:image:width\" content=\"576\" \/>\n\t<meta property=\"og:image:height\" content=\"385\" \/>\n\t<meta property=\"og:image:type\" content=\"image\/png\" \/>\n<meta name=\"twitter:card\" content=\"summary_large_image\" \/>\n<meta name=\"twitter:site\" content=\"@eToro\" \/>\n<meta name=\"twitter:label1\" content=\"Est. reading time\" \/>\n\t<meta name=\"twitter:data1\" content=\"2 minutes\" \/>\n<script type=\"application\/ld+json\" class=\"yoast-schema-graph\">{\"@context\":\"https:\/\/schema.org\",\"@graph\":[{\"@type\":\"WebPage\",\"@id\":\"https:\/\/www.etoro.com\/fr\/academy\/videos\/opening-an-etoro-account\/\",\"url\":\"https:\/\/www.etoro.com\/fr\/academy\/videos\/opening-an-etoro-account\/\",\"name\":\"Ouvrir un compte eToro - Video | Acad\u00e9mie eToro\",\"isPartOf\":{\"@id\":\"https:\/\/www.etoro.com\/fr\/#website\"},\"primaryImageOfPage\":{\"@id\":\"https:\/\/www.etoro.com\/fr\/academy\/videos\/opening-an-etoro-account\/#primaryimage\"},\"image\":{\"@id\":\"https:\/\/www.etoro.com\/fr\/academy\/videos\/opening-an-etoro-account\/#primaryimage\"},\"thumbnailUrl\":\"https:\/\/www.etoro.com\/wp-content\/uploads\/2022\/09\/8876_600X500_FR.png\",\"datePublished\":\"2025-01-10T16:20:43+00:00\",\"dateModified\":\"2025-02-04T12:11:02+00:00\",\"description\":\"Apprenez les trois \u00e9tapes simples pour rejoindre la communaut\u00e9 de plus de 30 millions d'investisseurs d'eToro dans cette vid\u00e9o. Commencez \u00e0 investir avec la plus grande plateforme d'investissement social.\",\"breadcrumb\":{\"@id\":\"https:\/\/www.etoro.com\/fr\/academy\/videos\/opening-an-etoro-account\/#breadcrumb\"},\"inLanguage\":\"fr\",\"potentialAction\":[{\"@type\":\"ReadAction\",\"target\":[\"https:\/\/www.etoro.com\/fr\/academy\/videos\/opening-an-etoro-account\/\"]}]},{\"@type\":\"ImageObject\",\"inLanguage\":\"fr\",\"@id\":\"https:\/\/www.etoro.com\/fr\/academy\/videos\/opening-an-etoro-account\/#primaryimage\",\"url\":\"https:\/\/www.etoro.com\/wp-content\/uploads\/2022\/09\/8876_600X500_FR.png\",\"contentUrl\":\"https:\/\/www.etoro.com\/wp-content\/uploads\/2022\/09\/8876_600X500_FR.png\",\"width\":576,\"height\":385},{\"@type\":\"BreadcrumbList\",\"@id\":\"https:\/\/www.etoro.com\/fr\/academy\/videos\/opening-an-etoro-account\/#breadcrumb\",\"itemListElement\":[{\"@type\":\"ListItem\",\"position\":1,\"name\":\"Accueil\",\"item\":\"https:\/\/www.etoro.com\/fr\/\"},{\"@type\":\"ListItem\",\"position\":2,\"name\":\"eToro Academy\",\"item\":\"https:\/\/www.etoro.com\/fr\/academy\/\"},{\"@type\":\"ListItem\",\"position\":3,\"name\":\"Vid\u00e9os\",\"item\":\"https:\/\/www.etoro.com\/?page_id=221232\"},{\"@type\":\"ListItem\",\"position\":4,\"name\":\"Ouvrir un compte eToro\"}]},{\"@type\":\"WebSite\",\"@id\":\"https:\/\/www.etoro.com\/fr\/#website\",\"url\":\"https:\/\/www.etoro.com\/fr\/\",\"name\":\"eToro\",\"description\":\"\",\"publisher\":{\"@id\":\"https:\/\/www.etoro.com\/fr\/#organization\"},\"potentialAction\":[{\"@type\":\"SearchAction\",\"target\":{\"@type\":\"EntryPoint\",\"urlTemplate\":\"https:\/\/www.etoro.com\/fr\/?s={search_term_string}\"},\"query-input\":{\"@type\":\"PropertyValueSpecification\",\"valueRequired\":true,\"valueName\":\"search_term_string\"}}],\"inLanguage\":\"fr\"},[]]}<\/script>","yoast_head_json":{"title":"Ouvrir un compte eToro - Video | Acad\u00e9mie eToro","description":"Apprenez les trois \u00e9tapes simples pour rejoindre la communaut\u00e9 de plus de 30 millions d'investisseurs d'eToro dans cette vid\u00e9o. Commencez \u00e0 investir avec la plus grande plateforme d'investissement social.","robots":{"index":"index","follow":"follow","max-snippet":"max-snippet:-1","max-image-preview":"max-image-preview:large","max-video-preview":"max-video-preview:-1"},"canonical":"https:\/\/www.etoro.com\/fr\/wp-json\/wp\/v2\/pages\/998982","og_locale":"fr_FR","og_type":"article","og_title":"Ouvrir un compte eToro - Video | Acad\u00e9mie eToro","og_description":"Apprenez les trois \u00e9tapes simples pour rejoindre la communaut\u00e9 de plus de 30 millions d'investisseurs d'eToro dans cette vid\u00e9o. Commencez \u00e0 investir avec la plus grande plateforme d'investissement social.","og_url":"https:\/\/www.etoro.com\/fr\/wp-json\/wp\/v2\/pages\/998982","og_site_name":"eToro","article_publisher":"https:\/\/www.facebook.com\/eToro\/","article_modified_time":"2025-02-04T12:11:02+00:00","og_image":[{"width":576,"height":385,"url":"https:\/\/www.etoro.com\/wp-content\/uploads\/2022\/09\/8876_600X500_FR.png","type":"image\/png"}],"twitter_card":"summary_large_image","twitter_site":"@eToro","twitter_misc":{"Est. reading time":"2 minutes"},"schema":{"@context":"https:\/\/schema.org","@graph":[{"@type":"WebPage","@id":"https:\/\/www.etoro.com\/fr\/academy\/videos\/opening-an-etoro-account\/","url":"https:\/\/www.etoro.com\/fr\/academy\/videos\/opening-an-etoro-account\/","name":"Ouvrir un compte eToro - Video | Acad\u00e9mie eToro","isPartOf":{"@id":"https:\/\/www.etoro.com\/fr\/#website"},"primaryImageOfPage":{"@id":"https:\/\/www.etoro.com\/fr\/academy\/videos\/opening-an-etoro-account\/#primaryimage"},"image":{"@id":"https:\/\/www.etoro.com\/fr\/academy\/videos\/opening-an-etoro-account\/#primaryimage"},"thumbnailUrl":"https:\/\/www.etoro.com\/wp-content\/uploads\/2022\/09\/8876_600X500_FR.png","datePublished":"2025-01-10T16:20:43+00:00","dateModified":"2025-02-04T12:11:02+00:00","description":"Apprenez les trois \u00e9tapes simples pour rejoindre la communaut\u00e9 de plus de 30 millions d'investisseurs d'eToro dans cette vid\u00e9o. Commencez \u00e0 investir avec la plus grande plateforme d'investissement social.","breadcrumb":{"@id":"https:\/\/www.etoro.com\/fr\/academy\/videos\/opening-an-etoro-account\/#breadcrumb"},"inLanguage":"fr","potentialAction":[{"@type":"ReadAction","target":["https:\/\/www.etoro.com\/fr\/academy\/videos\/opening-an-etoro-account\/"]}]},{"@type":"ImageObject","inLanguage":"fr","@id":"https:\/\/www.etoro.com\/fr\/academy\/videos\/opening-an-etoro-account\/#primaryimage","url":"https:\/\/www.etoro.com\/wp-content\/uploads\/2022\/09\/8876_600X500_FR.png","contentUrl":"https:\/\/www.etoro.com\/wp-content\/uploads\/2022\/09\/8876_600X500_FR.png","width":576,"height":385},{"@type":"BreadcrumbList","@id":"https:\/\/www.etoro.com\/fr\/academy\/videos\/opening-an-etoro-account\/#breadcrumb","itemListElement":[{"@type":"ListItem","position":1,"name":"Accueil","item":"https:\/\/www.etoro.com\/fr\/"},{"@type":"ListItem","position":2,"name":"eToro Academy","item":"https:\/\/www.etoro.com\/fr\/academy\/"},{"@type":"ListItem","position":3,"name":"Vid\u00e9os","item":"https:\/\/www.etoro.com\/?page_id=221232"},{"@type":"ListItem","position":4,"name":"Ouvrir un compte eToro"}]},{"@type":"WebSite","@id":"https:\/\/www.etoro.com\/fr\/#website","url":"https:\/\/www.etoro.com\/fr\/","name":"eToro","description":"","publisher":{"@id":"https:\/\/www.etoro.com\/fr\/#organization"},"potentialAction":[{"@type":"SearchAction","target":{"@type":"EntryPoint","urlTemplate":"https:\/\/www.etoro.com\/fr\/?s={search_term_string}"},"query-input":{"@type":"PropertyValueSpecification","valueRequired":true,"valueName":"search_term_string"}}],"inLanguage":"fr"},[]]}},"_links":{"self":[{"href":"https:\/\/www.etoro.com\/fr\/wp-json\/wp\/v2\/pages\/998982"}],"collection":[{"href":"https:\/\/www.etoro.com\/fr\/wp-json\/wp\/v2\/pages"}],"about":[{"href":"https:\/\/www.etoro.com\/fr\/wp-json\/wp\/v2\/types\/page"}],"author":[{"embeddable":true,"href":"https:\/\/www.etoro.com\/fr\/wp-json\/wp\/v2\/users\/96"}],"replies":[{"embeddable":true,"href":"https:\/\/www.etoro.com\/fr\/wp-json\/wp\/v2\/comments?post=998982"}],"version-history":[{"count":0,"href":"https:\/\/www.etoro.com\/fr\/wp-json\/wp\/v2\/pages\/998982\/revisions"}],"up":[{"embeddable":true,"href":"https:\/\/www.etoro.com\/fr\/wp-json\/wp\/v2\/pages\/260124"}],"wp:featuredmedia":[{"embeddable":true,"href":"https:\/\/www.etoro.com\/fr\/wp-json\/wp\/v2\/media\/495545"}],"wp:attachment":[{"href":"https:\/\/www.etoro.com\/fr\/wp-json\/wp\/v2\/media?parent=998982"}],"wp:term":[{"taxonomy":"asset_type","embeddable":true,"href":"https:\/\/www.etoro.com\/fr\/wp-json\/wp\/v2\/asset_type?post=998982"}],"curies":[{"name":"wp","href":"https:\/\/api.w.org\/{rel}","templated":true}]}}