{"id":998994,"date":"2025-01-10T18:22:12","date_gmt":"2025-01-10T16:22:12","guid":{"rendered":"https:\/\/www.etoro.com\/academy\/videos\/which-kind-of-etoro-account-suits-you\/"},"modified":"2025-02-12T15:41:36","modified_gmt":"2025-02-12T13:41:36","slug":"which-kind-of-etoro-account-suits-you","status":"publish","type":"page","link":"https:\/\/www.etoro.com\/fr\/academy\/videos\/which-kind-of-etoro-account-suits-you\/","title":{"rendered":"Quel compte eToro vous convient ?"},"content":{"rendered":"\n<div class=\"wp-block-etoro-video-transcript\"><div class=\"wp-block-etoro-video-description\"><h2 class=\"wp-block-etoro-video-description-title\">Description<\/h2><hr\/><div class=\"wp-block-etoro-video-description-content\">Vous pensez ouvrir un compte sur eToro ? Nous offrons 4 types de comptes. Tout ce qu&#8217;il vous reste \u00e0 faire est d&#8217;en choisir un et de commencer \u00e0 investir !<\/div><\/div><div class=\"wp-block-etoro-video-transcript-content\"><h2 class=\"wp-block-etoro-video-transcript-title\">Transcription<\/h2><hr\/><div class=\"wp-block-etoro-video-transcript-text\"><div class=\"wp-block-etoro-video-transcript-text-wrapper\">\n<p>Alors comme \u00e7a vous pensez ouvrir un compte sur etoro ?\u00a0<\/p>\n\n\n\n<p>\u00c7a semble \u00eatre une bonne id\u00e9e mais comment savoir quel compte est le bon pour vous.<\/p>\n\n\n\n<p>C&#8217;est l&#8217;occasion de vous pr\u00e9senter les quatre types de comptes propos\u00e9e par eToro :\u00a0<br>un\u00a0 compte particulier\u00a0<br>un compte professionnel\u00a0<br>un compte d&#8217;entreprises<br>un compte islamique\u00a0<\/p>\n\n\n\n<p>Le conte particulier est le compte de base propos\u00e9 par eToro.<\/p>\n\n\n\n<p>Avec ce compte, vous pouvez avoir acc\u00e8s \u00e0 presque tous les actifs et nos diff\u00e9rentes fonctionnalit\u00e9s. Lorsque vous utilisez le compte particulier, souvenez vous qu&#8217;il existe diff\u00e9rents niveaux maximum d&#8217;effet de levier pour nos diff\u00e9rentes classes d&#8217;actifs.<\/p>\n\n\n\n<p>Le deuxi\u00e8me type de compte est le professionnel, seuls les utilisateurs remplissant certains crit\u00e8res peuvent demander un compte professionnel. Actuellement ce type de compte n&#8217;est disponible que pour les utilisateurs d\u2019eToro au Royaume Uni et dans les pays d&#8217;europe.<\/p>\n\n\n\n<p>Pour ceux d&#8217;entre vous qui ont l&#8217;\u00e2me d&#8217;un directeur financier, nous avons le compte d&#8217;entreprises, le compte parfait pour l&#8217;investisseur institutionnel. Avec ce dernier, il permet aux entreprises de traiter et d&#8217;investir sur de nombreux types d&#8217;actifs.<\/p>\n\n\n\n<p>L&#8217;obtention d&#8217;un compte d&#8217;entreprise n\u00e9cessite certains documents ainsi qu&#8217;un premier d\u00e9p\u00f4t minimum de 10 000 dollars. Une fois cela r\u00e9gl\u00e9 vous \u00eates para\u00eet.\u00a0<\/p>\n\n\n\n<p>Nous proposons \u00e9galement un compte sp\u00e9cifiquement cr\u00e9\u00e9 pour nos clients de confession musulmane. Ce compte vous permet d&#8217;acheter et de vendre des actifs sans \u00eatre factur\u00e9 de frais de roulement afin d&#8217;\u00eatre en accord avec la loi islamique.<\/p>\n\n\n\n<p>Une derni\u00e8re chose avant de se quitter. Tous ces comptes sont accompagn\u00e9s d&#8217;un portefeuille virtuel d\u2019eToro \u00e9galement appel\u00e9 compte de d\u00e9monstration.\u00a0<\/p>\n\n\n\n<p>Cent mille dollars virtuels vous y attendent afin de vous faire la main.\u00a0<\/p>\n\n\n\n<p>Alors avez vous trouvez le compte fait pour vous ?\u00a0<\/p>\n\n\n\n<p>Rendez-vous sur eToro.com si vous souhaitez nous rejoindre et cr\u00e9ez un compte particulier d\u00e8s aujourd&#8217;hui pour ouvrir un des autres compte ou transformez votre compte particulier en compte entreprises ou islamique.<\/p>\n\n\n\n<p>Veuillez contacter le service client mais rappelez-vous qu\u2019eToro n&#8217;autorise qu&#8217;un type de compte par utilisateur.<\/p>\n\n\n\n<p>Merci pour votre attention.<\/p>\n<\/div><button class=\"wp-block-etoro-video-description-more-text\">afficher plus<svg xmlns=\"http:\/\/www.w3.org\/2000\/svg\" width=\"9\" height=\"6\" viewBox=\"0 0 9 6\" fill=\"none\"><path d=\"M7.5625 1.48616L4.5 4.54866L1.4375 1.48616\" stroke=\"#13C636\" stroke-linecap=\"square\"><\/path><\/svg><\/button><\/div><\/div><\/div>\n","protected":false},"excerpt":{"rendered":"","protected":false},"author":96,"featured_media":494962,"parent":260124,"menu_order":0,"comment_status":"closed","ping_status":"closed","template":"","meta":{"_acf_changed":false,"inline_featured_image":false,"sticky_cta_settings":"","footnotes":""},"asset_type":[],"class_list":["post-998994","page","type-page","status-publish","has-post-thumbnail","hentry"],"acf":[],"yoast_head":"<title>Quel type de compte eToro vous convient ? - Video | Acad\u00e9mie eToro<\/title>\n<meta name=\"description\" content=\"D\u00e9couvrez les options de compte d&#039;eToro dans cette vid\u00e9o, y compris les comptes de d\u00e9tail, professionnels, d&#039;entreprise et islamiques. Commencez \u00e0 trader d\u00e8s aujourd&#039;hui.\" \/>\n<meta name=\"robots\" content=\"index, follow, max-snippet:-1, max-image-preview:large, max-video-preview:-1\" \/>\n<link rel=\"canonical\" href=\"https:\/\/www.etoro.com\/fr\/wp-json\/wp\/v2\/pages\/998994\" \/>\n<meta property=\"og:locale\" content=\"fr_FR\" \/>\n<meta property=\"og:type\" content=\"article\" \/>\n<meta property=\"og:title\" content=\"Quel type de compte eToro vous convient ? - Video | Acad\u00e9mie eToro\" \/>\n<meta property=\"og:description\" content=\"D\u00e9couvrez les options de compte d&#039;eToro dans cette vid\u00e9o, y compris les comptes de d\u00e9tail, professionnels, d&#039;entreprise et islamiques. Commencez \u00e0 trader d\u00e8s aujourd&#039;hui.\" \/>\n<meta property=\"og:url\" content=\"https:\/\/www.etoro.com\/fr\/wp-json\/wp\/v2\/pages\/998994\" \/>\n<meta property=\"og:site_name\" content=\"eToro\" \/>\n<meta property=\"article:publisher\" content=\"https:\/\/www.facebook.com\/eToro\/\" \/>\n<meta property=\"article:modified_time\" content=\"2025-02-12T13:41:36+00:00\" \/>\n<meta property=\"og:image\" content=\"https:\/\/www.etoro.com\/wp-content\/uploads\/2022\/09\/5730_600X500_FR.png\" \/>\n\t<meta property=\"og:image:width\" content=\"576\" \/>\n\t<meta property=\"og:image:height\" content=\"385\" \/>\n\t<meta property=\"og:image:type\" content=\"image\/png\" \/>\n<meta name=\"twitter:card\" content=\"summary_large_image\" \/>\n<meta name=\"twitter:site\" content=\"@eToro\" \/>\n<meta name=\"twitter:label1\" content=\"Est. reading time\" \/>\n\t<meta name=\"twitter:data1\" content=\"2 minutes\" \/>\n<script type=\"application\/ld+json\" class=\"yoast-schema-graph\">{\"@context\":\"https:\/\/schema.org\",\"@graph\":[{\"@type\":\"WebPage\",\"@id\":\"https:\/\/www.etoro.com\/fr\/academy\/videos\/which-kind-of-etoro-account-suits-you\/\",\"url\":\"https:\/\/www.etoro.com\/fr\/academy\/videos\/which-kind-of-etoro-account-suits-you\/\",\"name\":\"Quel type de compte eToro vous convient ? - Video | Acad\u00e9mie eToro\",\"isPartOf\":{\"@id\":\"https:\/\/www.etoro.com\/fr\/#website\"},\"primaryImageOfPage\":{\"@id\":\"https:\/\/www.etoro.com\/fr\/academy\/videos\/which-kind-of-etoro-account-suits-you\/#primaryimage\"},\"image\":{\"@id\":\"https:\/\/www.etoro.com\/fr\/academy\/videos\/which-kind-of-etoro-account-suits-you\/#primaryimage\"},\"thumbnailUrl\":\"https:\/\/www.etoro.com\/wp-content\/uploads\/2022\/09\/5730_600X500_FR.png\",\"datePublished\":\"2025-01-10T16:22:12+00:00\",\"dateModified\":\"2025-02-12T13:41:36+00:00\",\"description\":\"D\u00e9couvrez les options de compte d'eToro dans cette vid\u00e9o, y compris les comptes de d\u00e9tail, professionnels, d'entreprise et islamiques. Commencez \u00e0 trader d\u00e8s aujourd'hui.\",\"breadcrumb\":{\"@id\":\"https:\/\/www.etoro.com\/fr\/academy\/videos\/which-kind-of-etoro-account-suits-you\/#breadcrumb\"},\"inLanguage\":\"fr\",\"potentialAction\":[{\"@type\":\"ReadAction\",\"target\":[\"https:\/\/www.etoro.com\/fr\/academy\/videos\/which-kind-of-etoro-account-suits-you\/\"]}]},{\"@type\":\"ImageObject\",\"inLanguage\":\"fr\",\"@id\":\"https:\/\/www.etoro.com\/fr\/academy\/videos\/which-kind-of-etoro-account-suits-you\/#primaryimage\",\"url\":\"https:\/\/www.etoro.com\/wp-content\/uploads\/2022\/09\/5730_600X500_FR.png\",\"contentUrl\":\"https:\/\/www.etoro.com\/wp-content\/uploads\/2022\/09\/5730_600X500_FR.png\",\"width\":576,\"height\":385},{\"@type\":\"BreadcrumbList\",\"@id\":\"https:\/\/www.etoro.com\/fr\/academy\/videos\/which-kind-of-etoro-account-suits-you\/#breadcrumb\",\"itemListElement\":[{\"@type\":\"ListItem\",\"position\":1,\"name\":\"Accueil\",\"item\":\"https:\/\/www.etoro.com\/fr\/\"},{\"@type\":\"ListItem\",\"position\":2,\"name\":\"eToro Academy\",\"item\":\"https:\/\/www.etoro.com\/fr\/academy\/\"},{\"@type\":\"ListItem\",\"position\":3,\"name\":\"Vid\u00e9os\",\"item\":\"https:\/\/www.etoro.com\/?page_id=221232\"},{\"@type\":\"ListItem\",\"position\":4,\"name\":\"Quel compte eToro vous convient ?\"}]},{\"@type\":\"WebSite\",\"@id\":\"https:\/\/www.etoro.com\/fr\/#website\",\"url\":\"https:\/\/www.etoro.com\/fr\/\",\"name\":\"eToro\",\"description\":\"\",\"publisher\":{\"@id\":\"https:\/\/www.etoro.com\/fr\/#organization\"},\"potentialAction\":[{\"@type\":\"SearchAction\",\"target\":{\"@type\":\"EntryPoint\",\"urlTemplate\":\"https:\/\/www.etoro.com\/fr\/?s={search_term_string}\"},\"query-input\":{\"@type\":\"PropertyValueSpecification\",\"valueRequired\":true,\"valueName\":\"search_term_string\"}}],\"inLanguage\":\"fr\"},[]]}<\/script>","yoast_head_json":{"title":"Quel type de compte eToro vous convient ? - Video | Acad\u00e9mie eToro","description":"D\u00e9couvrez les options de compte d'eToro dans cette vid\u00e9o, y compris les comptes de d\u00e9tail, professionnels, d'entreprise et islamiques. Commencez \u00e0 trader d\u00e8s aujourd'hui.","robots":{"index":"index","follow":"follow","max-snippet":"max-snippet:-1","max-image-preview":"max-image-preview:large","max-video-preview":"max-video-preview:-1"},"canonical":"https:\/\/www.etoro.com\/fr\/wp-json\/wp\/v2\/pages\/998994","og_locale":"fr_FR","og_type":"article","og_title":"Quel type de compte eToro vous convient ? - Video | Acad\u00e9mie eToro","og_description":"D\u00e9couvrez les options de compte d'eToro dans cette vid\u00e9o, y compris les comptes de d\u00e9tail, professionnels, d'entreprise et islamiques. Commencez \u00e0 trader d\u00e8s aujourd'hui.","og_url":"https:\/\/www.etoro.com\/fr\/wp-json\/wp\/v2\/pages\/998994","og_site_name":"eToro","article_publisher":"https:\/\/www.facebook.com\/eToro\/","article_modified_time":"2025-02-12T13:41:36+00:00","og_image":[{"width":576,"height":385,"url":"https:\/\/www.etoro.com\/wp-content\/uploads\/2022\/09\/5730_600X500_FR.png","type":"image\/png"}],"twitter_card":"summary_large_image","twitter_site":"@eToro","twitter_misc":{"Est. reading time":"2 minutes"},"schema":{"@context":"https:\/\/schema.org","@graph":[{"@type":"WebPage","@id":"https:\/\/www.etoro.com\/fr\/academy\/videos\/which-kind-of-etoro-account-suits-you\/","url":"https:\/\/www.etoro.com\/fr\/academy\/videos\/which-kind-of-etoro-account-suits-you\/","name":"Quel type de compte eToro vous convient ? - Video | Acad\u00e9mie eToro","isPartOf":{"@id":"https:\/\/www.etoro.com\/fr\/#website"},"primaryImageOfPage":{"@id":"https:\/\/www.etoro.com\/fr\/academy\/videos\/which-kind-of-etoro-account-suits-you\/#primaryimage"},"image":{"@id":"https:\/\/www.etoro.com\/fr\/academy\/videos\/which-kind-of-etoro-account-suits-you\/#primaryimage"},"thumbnailUrl":"https:\/\/www.etoro.com\/wp-content\/uploads\/2022\/09\/5730_600X500_FR.png","datePublished":"2025-01-10T16:22:12+00:00","dateModified":"2025-02-12T13:41:36+00:00","description":"D\u00e9couvrez les options de compte d'eToro dans cette vid\u00e9o, y compris les comptes de d\u00e9tail, professionnels, d'entreprise et islamiques. Commencez \u00e0 trader d\u00e8s aujourd'hui.","breadcrumb":{"@id":"https:\/\/www.etoro.com\/fr\/academy\/videos\/which-kind-of-etoro-account-suits-you\/#breadcrumb"},"inLanguage":"fr","potentialAction":[{"@type":"ReadAction","target":["https:\/\/www.etoro.com\/fr\/academy\/videos\/which-kind-of-etoro-account-suits-you\/"]}]},{"@type":"ImageObject","inLanguage":"fr","@id":"https:\/\/www.etoro.com\/fr\/academy\/videos\/which-kind-of-etoro-account-suits-you\/#primaryimage","url":"https:\/\/www.etoro.com\/wp-content\/uploads\/2022\/09\/5730_600X500_FR.png","contentUrl":"https:\/\/www.etoro.com\/wp-content\/uploads\/2022\/09\/5730_600X500_FR.png","width":576,"height":385},{"@type":"BreadcrumbList","@id":"https:\/\/www.etoro.com\/fr\/academy\/videos\/which-kind-of-etoro-account-suits-you\/#breadcrumb","itemListElement":[{"@type":"ListItem","position":1,"name":"Accueil","item":"https:\/\/www.etoro.com\/fr\/"},{"@type":"ListItem","position":2,"name":"eToro Academy","item":"https:\/\/www.etoro.com\/fr\/academy\/"},{"@type":"ListItem","position":3,"name":"Vid\u00e9os","item":"https:\/\/www.etoro.com\/?page_id=221232"},{"@type":"ListItem","position":4,"name":"Quel compte eToro vous convient ?"}]},{"@type":"WebSite","@id":"https:\/\/www.etoro.com\/fr\/#website","url":"https:\/\/www.etoro.com\/fr\/","name":"eToro","description":"","publisher":{"@id":"https:\/\/www.etoro.com\/fr\/#organization"},"potentialAction":[{"@type":"SearchAction","target":{"@type":"EntryPoint","urlTemplate":"https:\/\/www.etoro.com\/fr\/?s={search_term_string}"},"query-input":{"@type":"PropertyValueSpecification","valueRequired":true,"valueName":"search_term_string"}}],"inLanguage":"fr"},[]]}},"_links":{"self":[{"href":"https:\/\/www.etoro.com\/fr\/wp-json\/wp\/v2\/pages\/998994"}],"collection":[{"href":"https:\/\/www.etoro.com\/fr\/wp-json\/wp\/v2\/pages"}],"about":[{"href":"https:\/\/www.etoro.com\/fr\/wp-json\/wp\/v2\/types\/page"}],"author":[{"embeddable":true,"href":"https:\/\/www.etoro.com\/fr\/wp-json\/wp\/v2\/users\/96"}],"replies":[{"embeddable":true,"href":"https:\/\/www.etoro.com\/fr\/wp-json\/wp\/v2\/comments?post=998994"}],"version-history":[{"count":0,"href":"https:\/\/www.etoro.com\/fr\/wp-json\/wp\/v2\/pages\/998994\/revisions"}],"up":[{"embeddable":true,"href":"https:\/\/www.etoro.com\/fr\/wp-json\/wp\/v2\/pages\/260124"}],"wp:featuredmedia":[{"embeddable":true,"href":"https:\/\/www.etoro.com\/fr\/wp-json\/wp\/v2\/media\/494962"}],"wp:attachment":[{"href":"https:\/\/www.etoro.com\/fr\/wp-json\/wp\/v2\/media?parent=998994"}],"wp:term":[{"taxonomy":"asset_type","embeddable":true,"href":"https:\/\/www.etoro.com\/fr\/wp-json\/wp\/v2\/asset_type?post=998994"}],"curies":[{"name":"wp","href":"https:\/\/api.w.org\/{rel}","templated":true}]}}