{"id":999023,"date":"2025-01-10T18:22:43","date_gmt":"2025-01-10T16:22:43","guid":{"rendered":"https:\/\/www.etoro.com\/academy\/videos\/tools-for-experienced-investors\/"},"modified":"2025-02-04T14:11:44","modified_gmt":"2025-02-04T12:11:44","slug":"tools-for-experienced-investors","status":"publish","type":"page","link":"https:\/\/www.etoro.com\/fr\/academy\/videos\/tools-for-experienced-investors\/","title":{"rendered":"Les outils des investisseurs avanc\u00e9s"},"content":{"rendered":"\n<div class=\"wp-block-etoro-video-transcript\"><div class=\"wp-block-etoro-video-description\"><h2 class=\"wp-block-etoro-video-description-title\">Description<\/h2><hr\/><div class=\"wp-block-etoro-video-description-content\">Chez eToro, profitez d&#8217;une infinit\u00e9 d&#8217;outils ! Retrouvez le trailing stop-loss, les alertes de volatilit\u00e9, les graphiques pro, et plus encore. Obtenez toutes vos informations en un seul endroit.<\/div><\/div><div class=\"wp-block-etoro-video-transcript-content\"><h2 class=\"wp-block-etoro-video-transcript-title\">Transcription<\/h2><hr\/><div class=\"wp-block-etoro-video-transcript-text\"><div class=\"wp-block-etoro-video-transcript-text-wrapper\">\n<p>Bonjour je suis D\u00e9borah.<\/p>\n\n\n\n<p>Vous connaissez sans doute d\u00e9j\u00e0 l&#8217;interface simple et intuitive d\u2019eToro.<\/p>\n\n\n\n<p>Mais connaissez-vous tous les outils qu&#8217;elle propose ?&nbsp;<\/p>\n\n\n\n<p>Voici 5 choses que m\u00eame les investisseurs les plus experts ne savent pas forc\u00e9ment \u00e0 propos d\u2019eToro.<\/p>\n\n\n\n<p>Chez eToro nous aimons l&#8217;analyse technique, c&#8217;est la raison pour laquelle nous proposons une fonctionnalit\u00e9 comme ProChat.<\/p>\n\n\n\n<p>&nbsp;Pour vous aider \u00e0 analyser comme le pro que vous \u00eates.<\/p>\n\n\n\n<p>Si vous pr\u00e9f\u00e9rez l&#8217;analyse fondamentale vous pouvez suivre les r\u00e9sultats trimestriels les introductions en Bourse et les publications de dividendes gr\u00e2ce \u00e0 nos calendriers d\u00e9di\u00e9s.\u00a0<\/p>\n\n\n\n<p>Et gr\u00e2ce \u00e0 notre nouvel onglet actualit\u00e9, ne manquez aucune information capitale.<\/p>\n\n\n\n<p>On dit que les investisseurs ne sont bons que s&#8217;ils disposent des bons outils, pas nous.<\/p>\n\n\n\n<p>Nous croyons que vous pouvez \u00eatre les meilleurs investisseurs m\u00eame sans les meilleurs outils pour autant afin de vous satisfaire nous avons \u00e9quip\u00e9 eToro avec les outils de trading les plus avanc\u00e9s.<\/p>\n\n\n\n<p>Nos fonctionnalit\u00e9s trading en un clic de Stop Loss Suiveur ou encore nos alertes volatilit\u00e9 vous permettent d&#8217;investir l&#8217;esprit tranquille et en gagnant du temps.<\/p>\n\n\n\n<p>N&#8217;est-ce pas formidable d&#8217;avoir acc\u00e8s \u00e0 toutes les actualit\u00e9s au m\u00eame endroit ?<\/p>\n\n\n\n<p>D\u00e9couvrez la newsletter quotidienne d\u2019eToro avec tout ce que vous devez savoir sur les march\u00e9s.<\/p>\n\n\n\n<p>Ajoutez \u00e0 cela notre page analyse, un flux d&#8217;informations de plus en plus important une communaut\u00e9 de millions d&#8217;utilisateurs pr\u00eat \u00e0 \u00e9changer leurs points de vue, et vous disposez d\u00e9j\u00e0 d&#8217;une base solide.<\/p>\n\n\n\n<p>En tant qu&#8217;investisseur exp\u00e9riment\u00e9, vous avez s\u00fbrement d\u00e9j\u00e0 de vastes connaissances sur certains secteurs du march\u00e9 mais personne n&#8217;a la science infuse.<\/p>\n\n\n\n<p>C&#8217;est la raison pour laquelle nous avons invent\u00e9 le Copy Trader.<\/p>\n\n\n\n<p>Avec cet outil, qui a re\u00e7u un prix, vous pouvez copier d&#8217;autres investisseurs et les laisser vous aider \u00e0 diversifier votre portefeuille.<\/p>\n\n\n\n<p>\u00c0 l&#8217;inverse vous pouvez \u00e9galement \u00eatre copi\u00e9 et int\u00e9grer notre programme Popular Investor.<\/p>\n\n\n\n<p>Chez eToro chacun y trouve son compte.<\/p>\n\n\n\n<p>Merci pour votre attention.<\/p>\n<\/div><button class=\"wp-block-etoro-video-description-more-text\">AFFICHER PLUS<svg xmlns=\"http:\/\/www.w3.org\/2000\/svg\" width=\"9\" height=\"6\" viewBox=\"0 0 9 6\" fill=\"none\"><path d=\"M7.5625 1.48616L4.5 4.54866L1.4375 1.48616\" stroke=\"#13C636\" stroke-linecap=\"square\"><\/path><\/svg><\/button><\/div><\/div><\/div>\n","protected":false},"excerpt":{"rendered":"","protected":false},"author":96,"featured_media":494806,"parent":260124,"menu_order":0,"comment_status":"closed","ping_status":"closed","template":"","meta":{"_acf_changed":true,"inline_featured_image":false,"sticky_cta_settings":"","footnotes":""},"asset_type":[],"class_list":["post-999023","page","type-page","status-publish","has-post-thumbnail","hentry"],"acf":[],"yoast_head":"<title>Outils pour les investisseurs avanc\u00e9s - Video | Acad\u00e9mie eToro<\/title>\n<meta name=\"description\" content=\"D\u00e9couvrez les outils avanc\u00e9s d&#039;eToro dans cette vid\u00e9o, comme le trailing stop-loss, les alertes et les graphiques. Gardez une longueur d&#039;avance avec tout ce dont vous avez besoin sur une seule plateforme.\" \/>\n<meta name=\"robots\" content=\"index, follow, max-snippet:-1, max-image-preview:large, max-video-preview:-1\" \/>\n<link rel=\"canonical\" href=\"https:\/\/www.etoro.com\/fr\/wp-json\/wp\/v2\/pages\/999023\" \/>\n<meta property=\"og:locale\" content=\"fr_FR\" \/>\n<meta property=\"og:type\" content=\"article\" \/>\n<meta property=\"og:title\" content=\"Outils pour les investisseurs avanc\u00e9s - Video | Acad\u00e9mie eToro\" \/>\n<meta property=\"og:description\" content=\"D\u00e9couvrez les outils avanc\u00e9s d&#039;eToro dans cette vid\u00e9o, comme le trailing stop-loss, les alertes et les graphiques. Gardez une longueur d&#039;avance avec tout ce dont vous avez besoin sur une seule plateforme.\" \/>\n<meta property=\"og:url\" content=\"https:\/\/www.etoro.com\/fr\/wp-json\/wp\/v2\/pages\/999023\" \/>\n<meta property=\"og:site_name\" content=\"eToro\" \/>\n<meta property=\"article:publisher\" content=\"https:\/\/www.facebook.com\/eToro\/\" \/>\n<meta property=\"article:modified_time\" content=\"2025-02-04T12:11:44+00:00\" \/>\n<meta property=\"og:image\" content=\"https:\/\/www.etoro.com\/wp-content\/uploads\/2022\/09\/0785_600X500_FR.png\" \/>\n\t<meta property=\"og:image:width\" content=\"576\" \/>\n\t<meta property=\"og:image:height\" content=\"385\" \/>\n\t<meta property=\"og:image:type\" content=\"image\/png\" \/>\n<meta name=\"twitter:card\" content=\"summary_large_image\" \/>\n<meta name=\"twitter:site\" content=\"@eToro\" \/>\n<meta name=\"twitter:label1\" content=\"Est. reading time\" \/>\n\t<meta name=\"twitter:data1\" content=\"2 minutes\" \/>\n<script type=\"application\/ld+json\" class=\"yoast-schema-graph\">{\"@context\":\"https:\/\/schema.org\",\"@graph\":[{\"@type\":\"WebPage\",\"@id\":\"https:\/\/www.etoro.com\/fr\/academy\/videos\/tools-for-experienced-investors\/\",\"url\":\"https:\/\/www.etoro.com\/fr\/academy\/videos\/tools-for-experienced-investors\/\",\"name\":\"Outils pour les investisseurs avanc\u00e9s - Video | Acad\u00e9mie eToro\",\"isPartOf\":{\"@id\":\"https:\/\/www.etoro.com\/fr\/#website\"},\"primaryImageOfPage\":{\"@id\":\"https:\/\/www.etoro.com\/fr\/academy\/videos\/tools-for-experienced-investors\/#primaryimage\"},\"image\":{\"@id\":\"https:\/\/www.etoro.com\/fr\/academy\/videos\/tools-for-experienced-investors\/#primaryimage\"},\"thumbnailUrl\":\"https:\/\/www.etoro.com\/wp-content\/uploads\/2022\/09\/0785_600X500_FR.png\",\"datePublished\":\"2025-01-10T16:22:43+00:00\",\"dateModified\":\"2025-02-04T12:11:44+00:00\",\"description\":\"D\u00e9couvrez les outils avanc\u00e9s d'eToro dans cette vid\u00e9o, comme le trailing stop-loss, les alertes et les graphiques. Gardez une longueur d'avance avec tout ce dont vous avez besoin sur une seule plateforme.\",\"breadcrumb\":{\"@id\":\"https:\/\/www.etoro.com\/fr\/academy\/videos\/tools-for-experienced-investors\/#breadcrumb\"},\"inLanguage\":\"fr\",\"potentialAction\":[{\"@type\":\"ReadAction\",\"target\":[\"https:\/\/www.etoro.com\/fr\/academy\/videos\/tools-for-experienced-investors\/\"]}]},{\"@type\":\"ImageObject\",\"inLanguage\":\"fr\",\"@id\":\"https:\/\/www.etoro.com\/fr\/academy\/videos\/tools-for-experienced-investors\/#primaryimage\",\"url\":\"https:\/\/www.etoro.com\/wp-content\/uploads\/2022\/09\/0785_600X500_FR.png\",\"contentUrl\":\"https:\/\/www.etoro.com\/wp-content\/uploads\/2022\/09\/0785_600X500_FR.png\",\"width\":576,\"height\":385},{\"@type\":\"BreadcrumbList\",\"@id\":\"https:\/\/www.etoro.com\/fr\/academy\/videos\/tools-for-experienced-investors\/#breadcrumb\",\"itemListElement\":[{\"@type\":\"ListItem\",\"position\":1,\"name\":\"Accueil\",\"item\":\"https:\/\/www.etoro.com\/fr\/\"},{\"@type\":\"ListItem\",\"position\":2,\"name\":\"eToro Academy\",\"item\":\"https:\/\/www.etoro.com\/fr\/academy\/\"},{\"@type\":\"ListItem\",\"position\":3,\"name\":\"Vid\u00e9os\",\"item\":\"https:\/\/www.etoro.com\/?page_id=221232\"},{\"@type\":\"ListItem\",\"position\":4,\"name\":\"Les outils des investisseurs avanc\u00e9s\"}]},{\"@type\":\"WebSite\",\"@id\":\"https:\/\/www.etoro.com\/fr\/#website\",\"url\":\"https:\/\/www.etoro.com\/fr\/\",\"name\":\"eToro\",\"description\":\"\",\"publisher\":{\"@id\":\"https:\/\/www.etoro.com\/fr\/#organization\"},\"potentialAction\":[{\"@type\":\"SearchAction\",\"target\":{\"@type\":\"EntryPoint\",\"urlTemplate\":\"https:\/\/www.etoro.com\/fr\/?s={search_term_string}\"},\"query-input\":{\"@type\":\"PropertyValueSpecification\",\"valueRequired\":true,\"valueName\":\"search_term_string\"}}],\"inLanguage\":\"fr\"},[]]}<\/script>","yoast_head_json":{"title":"Outils pour les investisseurs avanc\u00e9s - Video | Acad\u00e9mie eToro","description":"D\u00e9couvrez les outils avanc\u00e9s d'eToro dans cette vid\u00e9o, comme le trailing stop-loss, les alertes et les graphiques. Gardez une longueur d'avance avec tout ce dont vous avez besoin sur une seule plateforme.","robots":{"index":"index","follow":"follow","max-snippet":"max-snippet:-1","max-image-preview":"max-image-preview:large","max-video-preview":"max-video-preview:-1"},"canonical":"https:\/\/www.etoro.com\/fr\/wp-json\/wp\/v2\/pages\/999023","og_locale":"fr_FR","og_type":"article","og_title":"Outils pour les investisseurs avanc\u00e9s - Video | Acad\u00e9mie eToro","og_description":"D\u00e9couvrez les outils avanc\u00e9s d'eToro dans cette vid\u00e9o, comme le trailing stop-loss, les alertes et les graphiques. Gardez une longueur d'avance avec tout ce dont vous avez besoin sur une seule plateforme.","og_url":"https:\/\/www.etoro.com\/fr\/wp-json\/wp\/v2\/pages\/999023","og_site_name":"eToro","article_publisher":"https:\/\/www.facebook.com\/eToro\/","article_modified_time":"2025-02-04T12:11:44+00:00","og_image":[{"width":576,"height":385,"url":"https:\/\/www.etoro.com\/wp-content\/uploads\/2022\/09\/0785_600X500_FR.png","type":"image\/png"}],"twitter_card":"summary_large_image","twitter_site":"@eToro","twitter_misc":{"Est. reading time":"2 minutes"},"schema":{"@context":"https:\/\/schema.org","@graph":[{"@type":"WebPage","@id":"https:\/\/www.etoro.com\/fr\/academy\/videos\/tools-for-experienced-investors\/","url":"https:\/\/www.etoro.com\/fr\/academy\/videos\/tools-for-experienced-investors\/","name":"Outils pour les investisseurs avanc\u00e9s - Video | Acad\u00e9mie eToro","isPartOf":{"@id":"https:\/\/www.etoro.com\/fr\/#website"},"primaryImageOfPage":{"@id":"https:\/\/www.etoro.com\/fr\/academy\/videos\/tools-for-experienced-investors\/#primaryimage"},"image":{"@id":"https:\/\/www.etoro.com\/fr\/academy\/videos\/tools-for-experienced-investors\/#primaryimage"},"thumbnailUrl":"https:\/\/www.etoro.com\/wp-content\/uploads\/2022\/09\/0785_600X500_FR.png","datePublished":"2025-01-10T16:22:43+00:00","dateModified":"2025-02-04T12:11:44+00:00","description":"D\u00e9couvrez les outils avanc\u00e9s d'eToro dans cette vid\u00e9o, comme le trailing stop-loss, les alertes et les graphiques. Gardez une longueur d'avance avec tout ce dont vous avez besoin sur une seule plateforme.","breadcrumb":{"@id":"https:\/\/www.etoro.com\/fr\/academy\/videos\/tools-for-experienced-investors\/#breadcrumb"},"inLanguage":"fr","potentialAction":[{"@type":"ReadAction","target":["https:\/\/www.etoro.com\/fr\/academy\/videos\/tools-for-experienced-investors\/"]}]},{"@type":"ImageObject","inLanguage":"fr","@id":"https:\/\/www.etoro.com\/fr\/academy\/videos\/tools-for-experienced-investors\/#primaryimage","url":"https:\/\/www.etoro.com\/wp-content\/uploads\/2022\/09\/0785_600X500_FR.png","contentUrl":"https:\/\/www.etoro.com\/wp-content\/uploads\/2022\/09\/0785_600X500_FR.png","width":576,"height":385},{"@type":"BreadcrumbList","@id":"https:\/\/www.etoro.com\/fr\/academy\/videos\/tools-for-experienced-investors\/#breadcrumb","itemListElement":[{"@type":"ListItem","position":1,"name":"Accueil","item":"https:\/\/www.etoro.com\/fr\/"},{"@type":"ListItem","position":2,"name":"eToro Academy","item":"https:\/\/www.etoro.com\/fr\/academy\/"},{"@type":"ListItem","position":3,"name":"Vid\u00e9os","item":"https:\/\/www.etoro.com\/?page_id=221232"},{"@type":"ListItem","position":4,"name":"Les outils des investisseurs avanc\u00e9s"}]},{"@type":"WebSite","@id":"https:\/\/www.etoro.com\/fr\/#website","url":"https:\/\/www.etoro.com\/fr\/","name":"eToro","description":"","publisher":{"@id":"https:\/\/www.etoro.com\/fr\/#organization"},"potentialAction":[{"@type":"SearchAction","target":{"@type":"EntryPoint","urlTemplate":"https:\/\/www.etoro.com\/fr\/?s={search_term_string}"},"query-input":{"@type":"PropertyValueSpecification","valueRequired":true,"valueName":"search_term_string"}}],"inLanguage":"fr"},[]]}},"_links":{"self":[{"href":"https:\/\/www.etoro.com\/fr\/wp-json\/wp\/v2\/pages\/999023"}],"collection":[{"href":"https:\/\/www.etoro.com\/fr\/wp-json\/wp\/v2\/pages"}],"about":[{"href":"https:\/\/www.etoro.com\/fr\/wp-json\/wp\/v2\/types\/page"}],"author":[{"embeddable":true,"href":"https:\/\/www.etoro.com\/fr\/wp-json\/wp\/v2\/users\/96"}],"replies":[{"embeddable":true,"href":"https:\/\/www.etoro.com\/fr\/wp-json\/wp\/v2\/comments?post=999023"}],"version-history":[{"count":0,"href":"https:\/\/www.etoro.com\/fr\/wp-json\/wp\/v2\/pages\/999023\/revisions"}],"up":[{"embeddable":true,"href":"https:\/\/www.etoro.com\/fr\/wp-json\/wp\/v2\/pages\/260124"}],"wp:featuredmedia":[{"embeddable":true,"href":"https:\/\/www.etoro.com\/fr\/wp-json\/wp\/v2\/media\/494806"}],"wp:attachment":[{"href":"https:\/\/www.etoro.com\/fr\/wp-json\/wp\/v2\/media?parent=999023"}],"wp:term":[{"taxonomy":"asset_type","embeddable":true,"href":"https:\/\/www.etoro.com\/fr\/wp-json\/wp\/v2\/asset_type?post=999023"}],"curies":[{"name":"wp","href":"https:\/\/api.w.org\/{rel}","templated":true}]}}