{"id":999026,"date":"2025-01-10T18:24:41","date_gmt":"2025-01-10T16:24:41","guid":{"rendered":"https:\/\/www.etoro.com\/academy\/videos\/why-choose-etoro\/"},"modified":"2025-02-04T14:12:15","modified_gmt":"2025-02-04T12:12:15","slug":"why-choose-etoro","status":"publish","type":"page","link":"https:\/\/www.etoro.com\/fr\/academy\/videos\/why-choose-etoro\/","title":{"rendered":"Pourquoi choisir eToro ?"},"content":{"rendered":"\n<div class=\"wp-block-etoro-video-transcript\"><div class=\"wp-block-etoro-video-description\"><h2 class=\"wp-block-etoro-video-description-title\">Description<\/h2><hr\/><div class=\"wp-block-etoro-video-description-content\">Pourquoi plus de 25 millions de personnes ont choisi d&#8217;investir sur eToro ? Imaginez un magasin o\u00f9 on trouve tout pour investir. C&#8217;est \u00e7a, eToro !<\/div><\/div><div class=\"wp-block-etoro-video-transcript-content\"><h2 class=\"wp-block-etoro-video-transcript-title\">Transcription<\/h2><hr\/><div class=\"wp-block-etoro-video-transcript-text\"><div class=\"wp-block-etoro-video-transcript-text-wrapper\">\n<p>Il y aurait beaucoup \u00e0 dire.<\/p>\n\n\n\n<p>Combien de temps avons-nous.&nbsp;<\/p>\n\n\n\n<p>Essayez de voir eToro comme une sorte de plateforme o\u00f9 sont accessibles tous les types d&#8217;actifs disponibles sur le march\u00e9 financier.<\/p>\n\n\n\n<p>Vous voulez des actions on en a des milliers \u00e0 vous proposer !&nbsp;<\/p>\n\n\n\n<p>Des mati\u00e8res premi\u00e8res. Et qu&#8217;est-ce qu&#8217;on a d&#8217;autres ? Indices, devises, tout ce que vous voulez nous l&#8217;avons.<\/p>\n\n\n\n<p>L&#8217;acad\u00e9mie eToro est une formidable source d&#8217;\u00e9ducation financi\u00e8re et de p\u00e9dagogie o\u00f9 vous trouverez tout ce dont vous avez besoin pour devenir l\u2019investisseurs que vous r\u00eavez d&#8217;\u00eatre.<\/p>\n\n\n\n<p>En tant que principal r\u00e9seau social d&#8217;investissement, notre communaut\u00e9 d&#8217;utilisateurs est elle m\u00eame la plus grande source d&#8217;information.<\/p>\n\n\n\n<p>Ces derniers partagent leurs avis sur les march\u00e9s et l&#8217;investissement.\u00a0<\/p>\n\n\n\n<p>Voil\u00e0 ce qui fait d\u2019eToro la plateforme la plus sociale pour investir.<\/p>\n\n\n\n<p>Vous avez toujours r\u00eav\u00e9 de jouer aussi bien que votre footballeur pr\u00e9f\u00e9r\u00e9, \u00e7a demanderait des ann\u00e9es de pratique.&nbsp;<\/p>\n\n\n\n<p>Avec notre fonction copy trading c&#8217;est plus simple, vous pouvez copier le portefeuille de votre investisseur pr\u00e9f\u00e9r\u00e9 en quelques clics seulement.<\/p>\n\n\n\n<p>Si vous \u00eates int\u00e9ress\u00e9 par une th\u00e9matique sp\u00e9cifique, notre collection de Smart Portfolios vous permet d&#8217;investir sur ce qui vous passionne vraiment.<\/p>\n\n\n\n<p>10 secondes ! C\u2019est le temps qu&#8217;il faut pour t\u00e9l\u00e9charger l&#8217;application d\u2019eToro et se lancer.<\/p>\n<\/div><button class=\"wp-block-etoro-video-description-more-text\">AFFICHER PLUS<svg xmlns=\"http:\/\/www.w3.org\/2000\/svg\" width=\"9\" height=\"6\" viewBox=\"0 0 9 6\" fill=\"none\"><path d=\"M7.5625 1.48616L4.5 4.54866L1.4375 1.48616\" stroke=\"#13C636\" stroke-linecap=\"square\"><\/path><\/svg><\/button><\/div><\/div><\/div>\n","protected":false},"excerpt":{"rendered":"","protected":false},"author":96,"featured_media":494626,"parent":260124,"menu_order":0,"comment_status":"closed","ping_status":"closed","template":"","meta":{"_acf_changed":false,"inline_featured_image":false,"sticky_cta_settings":"","footnotes":""},"asset_type":[],"class_list":["post-999026","page","type-page","status-publish","has-post-thumbnail","hentry"],"acf":[],"yoast_head":"<title>Pourquoi choisir eToro ? - Video | Acad\u00e9mie eToro<\/title>\n<meta name=\"description\" content=\"Dans cette vid\u00e9o, d\u00e9couvrez pourquoi tant de gens choisissent eToro pour leurs besoins d&#039;investissement. Acc\u00e9dez aux actions, ETF, mati\u00e8res premi\u00e8res, indices et bien d&#039;autres sur une seule plateforme.\" \/>\n<meta name=\"robots\" content=\"index, follow, max-snippet:-1, max-image-preview:large, max-video-preview:-1\" \/>\n<link rel=\"canonical\" href=\"https:\/\/www.etoro.com\/fr\/wp-json\/wp\/v2\/pages\/999026\" \/>\n<meta property=\"og:locale\" content=\"fr_FR\" \/>\n<meta property=\"og:type\" content=\"article\" \/>\n<meta property=\"og:title\" content=\"Pourquoi choisir eToro ? - Video | Acad\u00e9mie eToro\" \/>\n<meta property=\"og:description\" content=\"Dans cette vid\u00e9o, d\u00e9couvrez pourquoi tant de gens choisissent eToro pour leurs besoins d&#039;investissement. Acc\u00e9dez aux actions, ETF, mati\u00e8res premi\u00e8res, indices et bien d&#039;autres sur une seule plateforme.\" \/>\n<meta property=\"og:url\" content=\"https:\/\/www.etoro.com\/fr\/wp-json\/wp\/v2\/pages\/999026\" \/>\n<meta property=\"og:site_name\" content=\"eToro\" \/>\n<meta property=\"article:publisher\" content=\"https:\/\/www.facebook.com\/eToro\/\" \/>\n<meta property=\"article:modified_time\" content=\"2025-02-04T12:12:15+00:00\" \/>\n<meta property=\"og:image\" content=\"https:\/\/www.etoro.com\/wp-content\/uploads\/2022\/09\/4390_600X500_FR.png\" \/>\n\t<meta property=\"og:image:width\" content=\"576\" \/>\n\t<meta property=\"og:image:height\" content=\"385\" \/>\n\t<meta property=\"og:image:type\" content=\"image\/png\" \/>\n<meta name=\"twitter:card\" content=\"summary_large_image\" \/>\n<meta name=\"twitter:site\" content=\"@eToro\" \/>\n<meta name=\"twitter:label1\" content=\"Est. reading time\" \/>\n\t<meta name=\"twitter:data1\" content=\"1 minute\" \/>\n<script type=\"application\/ld+json\" class=\"yoast-schema-graph\">{\"@context\":\"https:\/\/schema.org\",\"@graph\":[{\"@type\":\"WebPage\",\"@id\":\"https:\/\/www.etoro.com\/fr\/academy\/videos\/why-choose-etoro\/\",\"url\":\"https:\/\/www.etoro.com\/fr\/academy\/videos\/why-choose-etoro\/\",\"name\":\"Pourquoi choisir eToro ? - Video | Acad\u00e9mie eToro\",\"isPartOf\":{\"@id\":\"https:\/\/www.etoro.com\/fr\/#website\"},\"primaryImageOfPage\":{\"@id\":\"https:\/\/www.etoro.com\/fr\/academy\/videos\/why-choose-etoro\/#primaryimage\"},\"image\":{\"@id\":\"https:\/\/www.etoro.com\/fr\/academy\/videos\/why-choose-etoro\/#primaryimage\"},\"thumbnailUrl\":\"https:\/\/www.etoro.com\/wp-content\/uploads\/2022\/09\/4390_600X500_FR.png\",\"datePublished\":\"2025-01-10T16:24:41+00:00\",\"dateModified\":\"2025-02-04T12:12:15+00:00\",\"description\":\"Dans cette vid\u00e9o, d\u00e9couvrez pourquoi tant de gens choisissent eToro pour leurs besoins d'investissement. Acc\u00e9dez aux actions, ETF, mati\u00e8res premi\u00e8res, indices et bien d'autres sur une seule plateforme.\",\"breadcrumb\":{\"@id\":\"https:\/\/www.etoro.com\/fr\/academy\/videos\/why-choose-etoro\/#breadcrumb\"},\"inLanguage\":\"fr\",\"potentialAction\":[{\"@type\":\"ReadAction\",\"target\":[\"https:\/\/www.etoro.com\/fr\/academy\/videos\/why-choose-etoro\/\"]}]},{\"@type\":\"ImageObject\",\"inLanguage\":\"fr\",\"@id\":\"https:\/\/www.etoro.com\/fr\/academy\/videos\/why-choose-etoro\/#primaryimage\",\"url\":\"https:\/\/www.etoro.com\/wp-content\/uploads\/2022\/09\/4390_600X500_FR.png\",\"contentUrl\":\"https:\/\/www.etoro.com\/wp-content\/uploads\/2022\/09\/4390_600X500_FR.png\",\"width\":576,\"height\":385},{\"@type\":\"BreadcrumbList\",\"@id\":\"https:\/\/www.etoro.com\/fr\/academy\/videos\/why-choose-etoro\/#breadcrumb\",\"itemListElement\":[{\"@type\":\"ListItem\",\"position\":1,\"name\":\"Accueil\",\"item\":\"https:\/\/www.etoro.com\/fr\/\"},{\"@type\":\"ListItem\",\"position\":2,\"name\":\"eToro Academy\",\"item\":\"https:\/\/www.etoro.com\/fr\/academy\/\"},{\"@type\":\"ListItem\",\"position\":3,\"name\":\"Vid\u00e9os\",\"item\":\"https:\/\/www.etoro.com\/?page_id=221232\"},{\"@type\":\"ListItem\",\"position\":4,\"name\":\"Pourquoi choisir eToro ?\"}]},{\"@type\":\"WebSite\",\"@id\":\"https:\/\/www.etoro.com\/fr\/#website\",\"url\":\"https:\/\/www.etoro.com\/fr\/\",\"name\":\"eToro\",\"description\":\"\",\"publisher\":{\"@id\":\"https:\/\/www.etoro.com\/fr\/#organization\"},\"potentialAction\":[{\"@type\":\"SearchAction\",\"target\":{\"@type\":\"EntryPoint\",\"urlTemplate\":\"https:\/\/www.etoro.com\/fr\/?s={search_term_string}\"},\"query-input\":{\"@type\":\"PropertyValueSpecification\",\"valueRequired\":true,\"valueName\":\"search_term_string\"}}],\"inLanguage\":\"fr\"},[]]}<\/script>","yoast_head_json":{"title":"Pourquoi choisir eToro ? - Video | Acad\u00e9mie eToro","description":"Dans cette vid\u00e9o, d\u00e9couvrez pourquoi tant de gens choisissent eToro pour leurs besoins d'investissement. Acc\u00e9dez aux actions, ETF, mati\u00e8res premi\u00e8res, indices et bien d'autres sur une seule plateforme.","robots":{"index":"index","follow":"follow","max-snippet":"max-snippet:-1","max-image-preview":"max-image-preview:large","max-video-preview":"max-video-preview:-1"},"canonical":"https:\/\/www.etoro.com\/fr\/wp-json\/wp\/v2\/pages\/999026","og_locale":"fr_FR","og_type":"article","og_title":"Pourquoi choisir eToro ? - Video | Acad\u00e9mie eToro","og_description":"Dans cette vid\u00e9o, d\u00e9couvrez pourquoi tant de gens choisissent eToro pour leurs besoins d'investissement. Acc\u00e9dez aux actions, ETF, mati\u00e8res premi\u00e8res, indices et bien d'autres sur une seule plateforme.","og_url":"https:\/\/www.etoro.com\/fr\/wp-json\/wp\/v2\/pages\/999026","og_site_name":"eToro","article_publisher":"https:\/\/www.facebook.com\/eToro\/","article_modified_time":"2025-02-04T12:12:15+00:00","og_image":[{"width":576,"height":385,"url":"https:\/\/www.etoro.com\/wp-content\/uploads\/2022\/09\/4390_600X500_FR.png","type":"image\/png"}],"twitter_card":"summary_large_image","twitter_site":"@eToro","twitter_misc":{"Est. reading time":"1 minute"},"schema":{"@context":"https:\/\/schema.org","@graph":[{"@type":"WebPage","@id":"https:\/\/www.etoro.com\/fr\/academy\/videos\/why-choose-etoro\/","url":"https:\/\/www.etoro.com\/fr\/academy\/videos\/why-choose-etoro\/","name":"Pourquoi choisir eToro ? - Video | Acad\u00e9mie eToro","isPartOf":{"@id":"https:\/\/www.etoro.com\/fr\/#website"},"primaryImageOfPage":{"@id":"https:\/\/www.etoro.com\/fr\/academy\/videos\/why-choose-etoro\/#primaryimage"},"image":{"@id":"https:\/\/www.etoro.com\/fr\/academy\/videos\/why-choose-etoro\/#primaryimage"},"thumbnailUrl":"https:\/\/www.etoro.com\/wp-content\/uploads\/2022\/09\/4390_600X500_FR.png","datePublished":"2025-01-10T16:24:41+00:00","dateModified":"2025-02-04T12:12:15+00:00","description":"Dans cette vid\u00e9o, d\u00e9couvrez pourquoi tant de gens choisissent eToro pour leurs besoins d'investissement. Acc\u00e9dez aux actions, ETF, mati\u00e8res premi\u00e8res, indices et bien d'autres sur une seule plateforme.","breadcrumb":{"@id":"https:\/\/www.etoro.com\/fr\/academy\/videos\/why-choose-etoro\/#breadcrumb"},"inLanguage":"fr","potentialAction":[{"@type":"ReadAction","target":["https:\/\/www.etoro.com\/fr\/academy\/videos\/why-choose-etoro\/"]}]},{"@type":"ImageObject","inLanguage":"fr","@id":"https:\/\/www.etoro.com\/fr\/academy\/videos\/why-choose-etoro\/#primaryimage","url":"https:\/\/www.etoro.com\/wp-content\/uploads\/2022\/09\/4390_600X500_FR.png","contentUrl":"https:\/\/www.etoro.com\/wp-content\/uploads\/2022\/09\/4390_600X500_FR.png","width":576,"height":385},{"@type":"BreadcrumbList","@id":"https:\/\/www.etoro.com\/fr\/academy\/videos\/why-choose-etoro\/#breadcrumb","itemListElement":[{"@type":"ListItem","position":1,"name":"Accueil","item":"https:\/\/www.etoro.com\/fr\/"},{"@type":"ListItem","position":2,"name":"eToro Academy","item":"https:\/\/www.etoro.com\/fr\/academy\/"},{"@type":"ListItem","position":3,"name":"Vid\u00e9os","item":"https:\/\/www.etoro.com\/?page_id=221232"},{"@type":"ListItem","position":4,"name":"Pourquoi choisir eToro ?"}]},{"@type":"WebSite","@id":"https:\/\/www.etoro.com\/fr\/#website","url":"https:\/\/www.etoro.com\/fr\/","name":"eToro","description":"","publisher":{"@id":"https:\/\/www.etoro.com\/fr\/#organization"},"potentialAction":[{"@type":"SearchAction","target":{"@type":"EntryPoint","urlTemplate":"https:\/\/www.etoro.com\/fr\/?s={search_term_string}"},"query-input":{"@type":"PropertyValueSpecification","valueRequired":true,"valueName":"search_term_string"}}],"inLanguage":"fr"},[]]}},"_links":{"self":[{"href":"https:\/\/www.etoro.com\/fr\/wp-json\/wp\/v2\/pages\/999026"}],"collection":[{"href":"https:\/\/www.etoro.com\/fr\/wp-json\/wp\/v2\/pages"}],"about":[{"href":"https:\/\/www.etoro.com\/fr\/wp-json\/wp\/v2\/types\/page"}],"author":[{"embeddable":true,"href":"https:\/\/www.etoro.com\/fr\/wp-json\/wp\/v2\/users\/96"}],"replies":[{"embeddable":true,"href":"https:\/\/www.etoro.com\/fr\/wp-json\/wp\/v2\/comments?post=999026"}],"version-history":[{"count":0,"href":"https:\/\/www.etoro.com\/fr\/wp-json\/wp\/v2\/pages\/999026\/revisions"}],"up":[{"embeddable":true,"href":"https:\/\/www.etoro.com\/fr\/wp-json\/wp\/v2\/pages\/260124"}],"wp:featuredmedia":[{"embeddable":true,"href":"https:\/\/www.etoro.com\/fr\/wp-json\/wp\/v2\/media\/494626"}],"wp:attachment":[{"href":"https:\/\/www.etoro.com\/fr\/wp-json\/wp\/v2\/media?parent=999026"}],"wp:term":[{"taxonomy":"asset_type","embeddable":true,"href":"https:\/\/www.etoro.com\/fr\/wp-json\/wp\/v2\/asset_type?post=999026"}],"curies":[{"name":"wp","href":"https:\/\/api.w.org\/{rel}","templated":true}]}}