{"id":10340,"date":"2017-10-26T08:21:46","date_gmt":"2017-10-26T05:21:46","guid":{"rendered":"\/etoro\/customer-service\/withdraw-faq\/"},"modified":"2026-01-08T11:48:52","modified_gmt":"2026-01-08T09:48:52","slug":"withdraw-faq","status":"publish","type":"page","link":"https:\/\/www.etoro.com\/it\/customer-service\/withdraw-faq\/","title":{"rendered":"Come prelevare dal tuo account eToro \u2013 FAQ"},"content":{"rendered":"\n<section class=\"wp-block-group wp-block-group-boxed has-white-background-color has-background\"><div class=\"wp-block-group-inner is-layout-flow wp-block-group-is-layout-flow\">\n<div class=\"wp-block-columns are-vertically-aligned-top wp-block-columns-1 is-layout-flex wp-container-core-columns-is-layout-1 wp-block-columns-is-layout-flex\">\n<div class=\"wp-block-column is-layout-flow wp-block-column-is-layout-flow\">\n<h2 class=\"wp-block-heading\">Come prelevare dal tuo account eToro \u2013 FAQ<\/h2>\n\n\n\n<dl class=\"wp-block-etoro-faq\">\n<div class=\"wp-block-etoro-faq-item\"><dt class=\"wp-block-etoro-faq-item-question\">Come faccio a prelevare fondi?<\/dt><dd class=\"wp-block-etoro-faq-item-answer\">\n<p>Ci sono due sezioni su eToro da cui puoi prelevare fondi.<\/p>\n\n\n\n<ul class=\"wp-block-list wp-block-list wp-block-list-circle\">\n<li>Il tuo conto di investimento eToro in USD<\/li>\n\n\n\n<li><a href=\"https:\/\/help.etoro.com\/s\/article\/how-do-i-withdraw-funds-from-my-account?language=it#b\">Tuo conto in valuta locale<\/a><\/li>\n<\/ul>\n\n\n\n<p>*<a href=\"https:\/\/www.etoro.com\/it\/money\/availability\/\">Clicca qui <\/a>per vedere se sei idoneo al tuo conto in valuta locale.<\/p>\n\n\n\n<p>Di seguito puoi vedere come fare entrambe le cose.<\/p>\n\n\n\n<p><strong>Prelevamento di fondi dal tuo conto di investimento eToro in USD<\/strong><\/p>\n\n\n\n<p>Una volta <a href=\"https:\/\/help.etoro.com\/s\/article\/what-is-the-minimum-withdrawal-amount?language=it\">verificato che hai l&#8217;importo<\/a> che vorresti prelevare nel tuo saldo disponibile, puoi effettuare una richiesta di prelievo seguendo questi passaggi:<\/p>\n\n\n\n<ol class=\"wp-block-list wp-block-list\">\n<li>Clicca sul pulsante <strong>Preleva fondi <\/strong>nel menu a sinistra.<\/li>\n<\/ol>\n\n\n\n<figure class=\"wp-block-image size-full\"><img loading=\"lazy\" decoding=\"async\" width=\"377\" height=\"131\" src=\"https:\/\/www.etoro.com\/wp-content\/uploads\/2026\/01\/Q-1-withdrawl-1.jpg\" alt=\"\" class=\"wp-image-1208823 wp-image-desktop\" srcset=\"https:\/\/www.etoro.com\/wp-content\/uploads\/2026\/01\/Q-1-withdrawl-1.jpg 377w, https:\/\/www.etoro.com\/wp-content\/uploads\/2026\/01\/Q-1-withdrawl-1-300x104.jpg 300w\" sizes=\"(max-width: 377px) 100vw, 377px\" \/><\/figure>\n\n\n\n<p>2. Nella schermata Prelievo, inserisci l&#8217;importo da prelevare e seleziona <strong>Avanti<\/strong>.<\/p>\n\n\n\n<figure class=\"wp-block-image size-full\"><img loading=\"lazy\" decoding=\"async\" width=\"512\" height=\"424\" src=\"https:\/\/www.etoro.com\/wp-content\/uploads\/2025\/07\/Withdrawl-q-2-1.png\" alt=\"\" class=\"wp-image-1085728 wp-image-desktop\" srcset=\"https:\/\/www.etoro.com\/wp-content\/uploads\/2025\/07\/Withdrawl-q-2-1.png 512w, https:\/\/www.etoro.com\/wp-content\/uploads\/2025\/07\/Withdrawl-q-2-1-300x248.png 300w\" sizes=\"(max-width: 512px) 100vw, 512px\" \/><\/figure>\n\n\n\n<p>3. Ti verranno mostrati i dettagli del prelievo con il metodo di pagamento predefinito selezionato. Seleziona <strong>Altre opzioni di pagamento<\/strong> se desideri scegliere da un elenco di metodi di pagamento con cui hai precedentemente depositato o aggiungere un nuovo metodo di pagamento.<\/p>\n\n\n\n<figure class=\"wp-block-image size-full\"><img loading=\"lazy\" decoding=\"async\" width=\"512\" height=\"437\" src=\"https:\/\/www.etoro.com\/wp-content\/uploads\/2025\/07\/3-image-1.png\" alt=\"\" class=\"wp-image-1085752 wp-image-desktop\" srcset=\"https:\/\/www.etoro.com\/wp-content\/uploads\/2025\/07\/3-image-1.png 512w, https:\/\/www.etoro.com\/wp-content\/uploads\/2025\/07\/3-image-1-300x256.png 300w\" sizes=\"(max-width: 512px) 100vw, 512px\" \/><\/figure>\n\n\n\n<p>4. Clicca su <strong>Invia<\/strong><\/p>\n\n\n\n<p><strong>Preleva fondi dal tuo conto in valuta locale al tuo conto bancario<\/strong>.<\/p>\n\n\n\n<p>Prelevare fondi dal tuo conto in valuta locale a un conto bancario esterno \u00e8 semplice e veloce. Se il conto su cui vuoi trasferire denaro non \u00e8 gi\u00e0 stato creato, dovrai aggiungere un nuovo beneficiario.<\/p>\n\n\n\n<ol class=\"wp-block-list wp-block-list\">\n<li>Vai alla <a href=\"https:\/\/www.etoro.com\/it\/wallet\">scheda Portafoglio<\/a>\n<ul class=\"wp-block-list wp-block-list wp-block-list-circle\">\n<li>Nella versione web di eToro, clicca su <strong>Portafoglio<\/strong> nel menu della barra laterale<\/li>\n\n\n\n<li>Nell&#8217;app eToro per dispositivi mobili, tocca <strong>Portafoglio<\/strong> nella parte inferiore dello schermo<\/li>\n<\/ul>\n<\/li>\n\n\n\n<li>Seleziona il tuo conto in valuta locale.<\/li>\n\n\n\n<li>Clicca su <strong>Invia Pagamento<\/strong>.<\/li>\n\n\n\n<li>Scegli il tuo account o aggiungilo come beneficiario<\/li>\n\n\n\n<li>Inserisci l&#8217;importo e il riferimento (a cosa serve).<\/li>\n\n\n\n<li>Esamina e conferma il pagamento.<\/li>\n<\/ol>\n\n\n\n<p>Nota: Sebbene la maggior parte dei pagamenti venga effettuata immediatamente, a volte possono essere necessari fino a tre giorni lavorativi.<\/p>\n\n\n\n<p>Non riesci a prelevare? <a href=\"https:\/\/help.etoro.com\/s\/article\/why-can-t-i-withdraw-funds-from-my-etoro-investment-account?language=it\">Clicca qui<\/a> per saperne di pi\u00f9.i\u00f9.<\/p>\n\n\n\n<p class=\"is-style-disclaimer\"><\/p>\n<\/dd><\/div>\n\n\n\n<div class=\"wp-block-etoro-faq-item\"><dt class=\"wp-block-etoro-faq-item-question\">Quanto tempo richiede l&#8217;elaborazione della mia richiesta di prelievo e quando ricever\u00f2 i miei fondi?<\/dt><dd class=\"wp-block-etoro-faq-item-answer\">\n<p>Ti invieremo un\u2019email di conferma dello stato del tuo prelievo entro 2 giorni lavorativi dalla richiesta.<\/p>\n\n\n\n<p>Tuttavia, dal momento in cui si richiede il prelievo, potrebbero trascorrere fino a 10 giorni lavorativi, a seconda del metodo di pagamento utilizzato:<\/p>\n\n\n\n<figure class=\"wp-block-table\"><div class=\"wp-block-table-content\"><div class=\"wp-block-table-content-nav wp-block-table-content-nav-left\"><div class=\"wp-block-table-content-nav-arrow wp-block-table-content-nav-arrow-left\"><\/div><\/div><div class=\"wp-block-table-content-nav wp-block-table-content-nav-right\"><div class=\"wp-block-table-content-nav-arrow wp-block-table-content-nav-arrow-right\"><\/div><\/div><div class=\"wp-block-table-content-table\"><table><thead><tr><th class=\"has-text-align-left\" data-align=\"left\">Metodo di pagamento<\/th><th class=\"has-text-align-left\" data-align=\"left\">Tempo necessario per ricevere i fondi dopo la richiesta di prelievo<\/th><\/tr><\/thead><tbody><tr><td class=\"has-text-align-left\" data-align=\"left\">Carta di Credito\/Debito<\/td><td class=\"has-text-align-left\" data-align=\"left\">Fino a 5 giorni lavorativi<\/td><\/tr><tr><td class=\"has-text-align-left\" data-align=\"left\">Bonifico Bancario<\/td><td class=\"has-text-align-left\" data-align=\"left\">Fino a 5 giorni lavorativi<\/td><\/tr><tr><td class=\"has-text-align-left\" data-align=\"left\">PayPal<\/td><td class=\"has-text-align-left\" data-align=\"left\">Fino a 2 giorni lavorativi<\/td><\/tr><tr><td class=\"has-text-align-left\" data-align=\"left\">Neteller<\/td><td class=\"has-text-align-left\" data-align=\"left\">Fino a 2 giorni lavorativi<\/td><\/tr><tr><td class=\"has-text-align-left\" data-align=\"left\">Skrill<\/td><td class=\"has-text-align-left\" data-align=\"left\">Fino a 2 giorni lavorativi<\/td><\/tr><tr><td class=\"has-text-align-left\" data-align=\"left\">Trustly<\/td><td class=\"has-text-align-left\" data-align=\"left\">Fino a 2 giorni lavorativi<\/td><\/tr><tr><td class=\"has-text-align-left\" data-align=\"left\">iDEAL<\/td><td class=\"has-text-align-left\" data-align=\"left\">Fino a 2 giorni lavorativi<\/td><\/tr><\/tbody><\/table><\/div><\/div><\/figure>\n\n\n\n<p>*Per svariati motivi, tra cui i requisiti delle procedure di sicurezza, alcuni prelievi possono essere elaborati solo il giorno lavorativo successivo<\/p>\n<\/dd><\/div>\n\n\n\n<div class=\"wp-block-etoro-faq-item\"><dt class=\"wp-block-etoro-faq-item-question\">Come posso annullare il mio prelievo?<\/dt><dd class=\"wp-block-etoro-faq-item-answer\">\n<p>Per annullare una richiesta di prelievo, procedi nel seguente modo:<\/p>\n\n\n\n<ol class=\"wp-block-list wp-block-list\">\n<li>Accedi&nbsp;<a href=\"https:\/\/www.etoro.com\/it\/portfolio\/history\/cashflows\">qui<\/a>&nbsp;alla tua richiesta di prelievo, oppure entrando nel tuo account di trading e cliccando sulla scheda \u201cPreleva Fondi\u201d.<\/li>\n\n\n\n<li>Apparir\u00e0 un messaggio pop-up. Usa il link \u201cClicca Qui\u201d per visualizzare la cronologia dei tuoi prelievi.<\/li>\n\n\n\n<li>Clicca sul pulsante \u201cAnnulla\u201d che appare accanto alla richiesta di prelievo. Si noti che se la transazione \u00e8 indicata come \u201cIn corso di elaborazione\u201d, non sar\u00e0 pi\u00f9 possibile annullare la richiesta.<\/li>\n\n\n\n<li>Conferma di voler annullare la richiesta.<\/li>\n\n\n\n<li>Tutti i fondi, incluse le commissioni di prelievo, verranno immediatamente ritrasferiti sul saldo del tuo account.<\/li>\n<\/ol>\n<\/dd><\/div>\n\n\n\n<div class=\"wp-block-etoro-faq-item\"><dt class=\"wp-block-etoro-faq-item-question\">Quali sono le condizioni necessarie per iniziare una richiesta di prelievo?<\/dt><dd class=\"wp-block-etoro-faq-item-answer\">\n<ol class=\"wp-block-list wp-block-list\">\n<li>L\u2019importo minimo prelevabile \u00e8 di 30 $<\/li>\n\n\n\n<li>\u00c8 necessario disporre di fondi prelevabili<\/li>\n\n\n\n<li>Il tuo account deve essere verificato, ovvero con un segno di spunta verde visualizzato sul tuo profilo (se non hai ancora verificato il tuo account, contattaci e carica i documenti richiesti)<\/li>\n<\/ol>\n\n\n\n<p>I tuoi dati personali, i dettagli di pagamento e la relativa documentazione sono salvaguardati dalla rigida policy di sicurezza delle informazioni di eToro. Sono state adottate rigorose linee guida per proteggere le informazioni personali, al fine di soddisfare gli utenti finali di servizi finanziari pi\u00f9 esigenti e attenti alla sicurezza.<\/p>\n\n\n\n<p>\u00c8 possibile reperire ulteriori informazioni a questo link:<a href=\"https:\/\/www.etoro.com\/it\/customer-service\/privacy\/\">Informativa sulla Privacy di eToro.<\/a>&nbsp;di eToro.<\/p>\n<\/dd><\/div>\n\n\n\n<div class=\"wp-block-etoro-faq-item\"><dt class=\"wp-block-etoro-faq-item-question\">Sono applicate commissioni sui prelievi?<\/dt><dd class=\"wp-block-etoro-faq-item-answer\">\n<p>S\u00ec, le richieste di prelievo sono soggette a una commissione di elaborazione del prelievo. L\u2019effettiva commissione di prelievo sar\u00e0 visualizzata automaticamente alla Cassa dopo aver inserito l\u2019importo da prelevare; in questa fase hai ancora la possibilit\u00e0 di annullare la richiesta.<\/p>\n\n\n\n<figure class=\"wp-block-table\"><div class=\"wp-block-table-content\"><div class=\"wp-block-table-content-nav wp-block-table-content-nav-left\"><div class=\"wp-block-table-content-nav-arrow wp-block-table-content-nav-arrow-left\"><\/div><\/div><div class=\"wp-block-table-content-nav wp-block-table-content-nav-right\"><div class=\"wp-block-table-content-nav-arrow wp-block-table-content-nav-arrow-right\"><\/div><\/div><div class=\"wp-block-table-content-table\"><table><thead><tr><th class=\"has-text-align-left\" data-align=\"left\">Importo del prelievo (USD)<\/th><th class=\"has-text-align-left\" data-align=\"left\">Commissione (USD)<\/th><\/tr><\/thead><tbody><tr><td class=\"has-text-align-left\" data-align=\"left\">&gt;30,00<\/td><td class=\"has-text-align-left\" data-align=\"left\">5<\/td><\/tr><\/tbody><\/table><\/div><\/div><\/figure>\n\n\n\n<p>Tutti i prelievi effettuati in valute diverse da USD sono soggetti a commissioni di conversione. I dettagli delle nostre commissioni possono essere consultati qui:&nbsp;<a href=\"https:\/\/www.etoro.com\/it\/trading\/market-hours-fees\/\">Commissioni<\/a>. Si noti che si potrebbe incorrere in addebiti da parte del fornitore di servizi di trasferimento di denaro che gestisce l\u2019operazione (banca intermediaria, banca ricevente o provider della carta di credito).<\/p>\n<\/dd><\/div>\n\n\n\n<div class=\"wp-block-etoro-faq-item\"><dt class=\"wp-block-etoro-faq-item-question\">Come faccio a sapere se la mia richiesta di prelievo \u00e8 stata elaborata?<\/dt><dd class=\"wp-block-etoro-faq-item-answer\">\n<p>Quando trasferisci fondi dal tuo account eToro al conto eToro Money, l\u2019accredito \u00e8 istantaneo* e pu\u00f2 essere visualizzato nell\u2019app eToro Money.<\/p>\n\n\n\n<p>Con altri metodi di pagamento, una volta completata l\u2019elaborazione della richiesta di prelievo, riceverai un\u2019e-mail di conferma recante gli estremi del metodo di pagamento utilizzato per inviare i fondi. Inoltre, puoi cliccare&nbsp;<a href=\"https:\/\/www.etoro.com\/it\/portfolio\/history\/cashflows\">qui<\/a>&nbsp;per visualizzare lo stato attuale della richiesta di prelievo nella dashboard del tuo account eToro.<\/p>\n\n\n\n<p>* Per svariati motivi, tra cui l\u2019applicazione delle procedure di sicurezza, l\u2019elaborazione di alcuni prelievi pu\u00f2 avvenire soltanto il giorno lavorativo successivo.<\/p>\n<\/dd><\/div>\n\n\n\n<div class=\"wp-block-etoro-faq-item\"><dt class=\"wp-block-etoro-faq-item-question\">Cosa devo fare se i fondi non sono visibili sul mio account?<\/dt><dd class=\"wp-block-etoro-faq-item-answer\">\n<p>1. Clicca qui per visualizzare lo stato corrente della tua richiesta di prelievo nella dashboard del tuo account eToro. In alternativa, puoi controllare l\u2019email che hai ricevuto riguardo all\u2019elaborazione del tuo prelievo, in cui \u00e8 indicato il metodo di pagamento al quale sono stati inviati i fondi e la rispettiva data di elaborazione.<\/p>\n\n\n\n<p>2. Assicurati che sia trascorso il tempo necessario per l\u2019elaborazione del prelievo e l\u2019accredito sul tuo account. Per alcuni prelievi, l\u2019elaborazione pu\u00f2 essere eseguita solo il giorno lavorativo successivo alla richiesta e pu\u00f2 richiedere altri 10 giorni lavorativi, a seconda del metodo di pagamento utilizzato:<\/p>\n\n\n\n<figure class=\"wp-block-table\"><div class=\"wp-block-table-content\"><div class=\"wp-block-table-content-nav wp-block-table-content-nav-left\"><div class=\"wp-block-table-content-nav-arrow wp-block-table-content-nav-arrow-left\"><\/div><\/div><div class=\"wp-block-table-content-nav wp-block-table-content-nav-right\"><div class=\"wp-block-table-content-nav-arrow wp-block-table-content-nav-arrow-right\"><\/div><\/div><div class=\"wp-block-table-content-table\"><table><thead><tr><th class=\"has-text-align-left\" data-align=\"left\"><strong>Metodo di pagamento<\/strong><\/th><th class=\"has-text-align-left\" data-align=\"left\"><strong>Tempo necessario per ricevere i fondi dopo la richiesta di prelievo<\/strong><\/th><\/tr><\/thead><tbody><tr><td class=\"has-text-align-left\" data-align=\"left\">eToro Money*<\/td><td class=\"has-text-align-left\" data-align=\"left\">Prelievo istantaneo<\/td><\/tr><tr><td class=\"has-text-align-left\" data-align=\"left\">Carta di credito\/debito<\/td><td class=\"has-text-align-left\" data-align=\"left\">Fino a 10 giorni lavorativi<\/td><\/tr><tr><td class=\"has-text-align-left\" data-align=\"left\">Bonifico bancario<\/td><td class=\"has-text-align-left\" data-align=\"left\">Fino a 10 giorni lavorativi<\/td><\/tr><tr><td class=\"has-text-align-left\" data-align=\"left\">PayPal<\/td><td class=\"has-text-align-left\" data-align=\"left\">Fino a 2 giorni lavorativi<\/td><\/tr><tr><td class=\"has-text-align-left\" data-align=\"left\">Neteller<\/td><td class=\"has-text-align-left\" data-align=\"left\">Fino a 2 giorni lavorativi<\/td><\/tr><tr><td class=\"has-text-align-left\" data-align=\"left\">Skrill<\/td><td class=\"has-text-align-left\" data-align=\"left\">Fino a 2 giorni lavorativi<\/td><\/tr><tr><td class=\"has-text-align-left\" data-align=\"left\">Trustly<\/td><td class=\"has-text-align-left\" data-align=\"left\">Fino a 2 giorni lavorativi<\/td><\/tr><tr><td class=\"has-text-align-left\" data-align=\"left\">iDEAL<\/td><td class=\"has-text-align-left\" data-align=\"left\">Fino a 2 giorni lavorativi<\/td><\/tr><\/tbody><\/table><\/div><\/div><\/figure>\n\n\n\n<p>3. Se hai verificato quanto sopra ma non riesci ancora a visualizzare i fondi, non esitare a contattarci. Ti sar\u00e0 richiesto di fornire un estratto conto del metodo di pagamento che mostri le transazioni in entrata e in uscita, dal momento dell\u2019elaborazione del prelievo fino a quando ci hai contattato. Assicurati che siano ben visibili il tuo nome, le date delle transazioni e i dettagli del metodo di pagamento.<\/p>\n<\/dd><\/div>\n\n\n\n<div class=\"wp-block-etoro-faq-item\"><dt class=\"wp-block-etoro-faq-item-question\">Posso prelevare denaro da eToro tramite PayPal?<\/dt><dd class=\"wp-block-etoro-faq-item-answer\">\n<p>S\u00ec. Si noti, tuttavia, che tale opzione di prelievo \u00e8 disponibile soltanto per i clienti che hanno utilizzato PayPal per versare denaro sui propri account.<a href=\"javascript:void(0)\"><\/a><\/p>\n<\/dd><\/div>\n<\/dl>\n<\/div>\n<\/div>\n<\/div><\/section>\n","protected":false},"excerpt":{"rendered":"<p>Come prelevare dal tuo account eToro \u2013 FAQ<\/p>\n","protected":false},"author":1,"featured_media":1052101,"parent":6959,"menu_order":1432,"comment_status":"closed","ping_status":"closed","template":"","meta":{"_acf_changed":false,"inline_featured_image":false,"sticky_cta_settings":"","footnotes":""},"asset_type":[],"class_list":["post-10340","page","type-page","status-publish","has-post-thumbnail","hentry"],"acf":[],"yoast_head":"<title>Come Prelevare Fondi su eToro \u2013 FAQ<\/title>\n<meta name=\"description\" content=\"Tutto ci\u00f2 che devi sapere per effettuare un prelievo dalla rete di social trading di eToro, con risposte a domande frequenti.\" \/>\n<meta name=\"robots\" content=\"index, follow, max-snippet:-1, max-image-preview:large, max-video-preview:-1\" \/>\n<link rel=\"canonical\" href=\"https:\/\/www.etoro.com\/it\/wp-json\/wp\/v2\/pages\/10340\" \/>\n<meta property=\"og:locale\" content=\"it_IT\" \/>\n<meta property=\"og:type\" content=\"article\" \/>\n<meta property=\"og:title\" content=\"Come Prelevare Fondi su eToro \u2013 FAQ\" \/>\n<meta property=\"og:description\" content=\"Tutto ci\u00f2 che devi sapere per effettuare un prelievo dalla rete di social trading di eToro, con risposte a domande frequenti.\" \/>\n<meta property=\"og:url\" content=\"https:\/\/www.etoro.com\/it\/wp-json\/wp\/v2\/pages\/10340\" \/>\n<meta property=\"og:site_name\" content=\"eToro\" \/>\n<meta property=\"article:publisher\" content=\"https:\/\/www.facebook.com\/eToro\/\" \/>\n<meta property=\"article:modified_time\" content=\"2026-01-08T09:48:52+00:00\" \/>\n<meta property=\"og:image\" content=\"https:\/\/www.etoro.com\/wp-content\/uploads\/2025\/04\/Featured-image-IT-1200x630-1.png\" \/>\n\t<meta property=\"og:image:width\" content=\"1200\" \/>\n\t<meta property=\"og:image:height\" content=\"630\" \/>\n\t<meta property=\"og:image:type\" content=\"image\/png\" \/>\n<meta name=\"twitter:card\" content=\"summary_large_image\" \/>\n<meta name=\"twitter:site\" content=\"@eToro\" \/>\n<meta name=\"twitter:label1\" content=\"Est. reading time\" \/>\n\t<meta name=\"twitter:data1\" content=\"5 minutes\" \/>\n<script type=\"application\/ld+json\" class=\"yoast-schema-graph\">{\"@context\":\"https:\/\/schema.org\",\"@graph\":[{\"@type\":\"WebPage\",\"@id\":\"https:\/\/www.etoro.com\/it\/customer-service\/withdraw-faq\/\",\"url\":\"https:\/\/www.etoro.com\/it\/customer-service\/withdraw-faq\/\",\"name\":\"Come Prelevare Fondi su eToro \u2013 FAQ\",\"isPartOf\":{\"@id\":\"https:\/\/www.etoro.com\/it\/#website\"},\"primaryImageOfPage\":{\"@id\":\"https:\/\/www.etoro.com\/it\/customer-service\/withdraw-faq\/#primaryimage\"},\"image\":{\"@id\":\"https:\/\/www.etoro.com\/it\/customer-service\/withdraw-faq\/#primaryimage\"},\"thumbnailUrl\":\"https:\/\/www.etoro.com\/wp-content\/uploads\/2025\/04\/Featured-image-IT-1200x630-1.png\",\"datePublished\":\"2017-10-26T05:21:46+00:00\",\"dateModified\":\"2026-01-08T09:48:52+00:00\",\"description\":\"Tutto ci\u00f2 che devi sapere per effettuare un prelievo dalla rete di social trading di eToro, con risposte a domande frequenti.\",\"breadcrumb\":{\"@id\":\"https:\/\/www.etoro.com\/it\/customer-service\/withdraw-faq\/#breadcrumb\"},\"inLanguage\":\"it\",\"potentialAction\":[{\"@type\":\"ReadAction\",\"target\":[\"https:\/\/www.etoro.com\/it\/customer-service\/withdraw-faq\/\"]}]},{\"@type\":\"ImageObject\",\"inLanguage\":\"it\",\"@id\":\"https:\/\/www.etoro.com\/it\/customer-service\/withdraw-faq\/#primaryimage\",\"url\":\"https:\/\/www.etoro.com\/wp-content\/uploads\/2025\/04\/Featured-image-IT-1200x630-1.png\",\"contentUrl\":\"https:\/\/www.etoro.com\/wp-content\/uploads\/2025\/04\/Featured-image-IT-1200x630-1.png\",\"width\":1200,\"height\":630},{\"@type\":\"BreadcrumbList\",\"@id\":\"https:\/\/www.etoro.com\/it\/customer-service\/withdraw-faq\/#breadcrumb\",\"itemListElement\":[{\"@type\":\"ListItem\",\"position\":1,\"name\":\"Home\",\"item\":\"https:\/\/www.etoro.com\/it\/\"},{\"@type\":\"ListItem\",\"position\":2,\"name\":\"SERVIZIO CLIENTI\",\"item\":\"https:\/\/www.etoro.com\/it\/customer-service\/\"},{\"@type\":\"ListItem\",\"position\":3,\"name\":\"PRELIEVI - FAQ\"}]},{\"@type\":\"WebSite\",\"@id\":\"https:\/\/www.etoro.com\/it\/#website\",\"url\":\"https:\/\/www.etoro.com\/it\/\",\"name\":\"eToro\",\"description\":\"\",\"publisher\":{\"@id\":\"https:\/\/www.etoro.com\/it\/#organization\"},\"potentialAction\":[{\"@type\":\"SearchAction\",\"target\":{\"@type\":\"EntryPoint\",\"urlTemplate\":\"https:\/\/www.etoro.com\/it\/?s={search_term_string}\"},\"query-input\":{\"@type\":\"PropertyValueSpecification\",\"valueRequired\":true,\"valueName\":\"search_term_string\"}}],\"inLanguage\":\"it\"},[]]}<\/script>","yoast_head_json":{"title":"Come Prelevare Fondi su eToro \u2013 FAQ","description":"Tutto ci\u00f2 che devi sapere per effettuare un prelievo dalla rete di social trading di eToro, con risposte a domande frequenti.","robots":{"index":"index","follow":"follow","max-snippet":"max-snippet:-1","max-image-preview":"max-image-preview:large","max-video-preview":"max-video-preview:-1"},"canonical":"https:\/\/www.etoro.com\/it\/wp-json\/wp\/v2\/pages\/10340","og_locale":"it_IT","og_type":"article","og_title":"Come Prelevare Fondi su eToro \u2013 FAQ","og_description":"Tutto ci\u00f2 che devi sapere per effettuare un prelievo dalla rete di social trading di eToro, con risposte a domande frequenti.","og_url":"https:\/\/www.etoro.com\/it\/wp-json\/wp\/v2\/pages\/10340","og_site_name":"eToro","article_publisher":"https:\/\/www.facebook.com\/eToro\/","article_modified_time":"2026-01-08T09:48:52+00:00","og_image":[{"width":1200,"height":630,"url":"https:\/\/www.etoro.com\/wp-content\/uploads\/2025\/04\/Featured-image-IT-1200x630-1.png","type":"image\/png"}],"twitter_card":"summary_large_image","twitter_site":"@eToro","twitter_misc":{"Est. reading time":"5 minutes"},"schema":{"@context":"https:\/\/schema.org","@graph":[{"@type":"WebPage","@id":"https:\/\/www.etoro.com\/it\/customer-service\/withdraw-faq\/","url":"https:\/\/www.etoro.com\/it\/customer-service\/withdraw-faq\/","name":"Come Prelevare Fondi su eToro \u2013 FAQ","isPartOf":{"@id":"https:\/\/www.etoro.com\/it\/#website"},"primaryImageOfPage":{"@id":"https:\/\/www.etoro.com\/it\/customer-service\/withdraw-faq\/#primaryimage"},"image":{"@id":"https:\/\/www.etoro.com\/it\/customer-service\/withdraw-faq\/#primaryimage"},"thumbnailUrl":"https:\/\/www.etoro.com\/wp-content\/uploads\/2025\/04\/Featured-image-IT-1200x630-1.png","datePublished":"2017-10-26T05:21:46+00:00","dateModified":"2026-01-08T09:48:52+00:00","description":"Tutto ci\u00f2 che devi sapere per effettuare un prelievo dalla rete di social trading di eToro, con risposte a domande frequenti.","breadcrumb":{"@id":"https:\/\/www.etoro.com\/it\/customer-service\/withdraw-faq\/#breadcrumb"},"inLanguage":"it","potentialAction":[{"@type":"ReadAction","target":["https:\/\/www.etoro.com\/it\/customer-service\/withdraw-faq\/"]}]},{"@type":"ImageObject","inLanguage":"it","@id":"https:\/\/www.etoro.com\/it\/customer-service\/withdraw-faq\/#primaryimage","url":"https:\/\/www.etoro.com\/wp-content\/uploads\/2025\/04\/Featured-image-IT-1200x630-1.png","contentUrl":"https:\/\/www.etoro.com\/wp-content\/uploads\/2025\/04\/Featured-image-IT-1200x630-1.png","width":1200,"height":630},{"@type":"BreadcrumbList","@id":"https:\/\/www.etoro.com\/it\/customer-service\/withdraw-faq\/#breadcrumb","itemListElement":[{"@type":"ListItem","position":1,"name":"Home","item":"https:\/\/www.etoro.com\/it\/"},{"@type":"ListItem","position":2,"name":"SERVIZIO CLIENTI","item":"https:\/\/www.etoro.com\/it\/customer-service\/"},{"@type":"ListItem","position":3,"name":"PRELIEVI - FAQ"}]},{"@type":"WebSite","@id":"https:\/\/www.etoro.com\/it\/#website","url":"https:\/\/www.etoro.com\/it\/","name":"eToro","description":"","publisher":{"@id":"https:\/\/www.etoro.com\/it\/#organization"},"potentialAction":[{"@type":"SearchAction","target":{"@type":"EntryPoint","urlTemplate":"https:\/\/www.etoro.com\/it\/?s={search_term_string}"},"query-input":{"@type":"PropertyValueSpecification","valueRequired":true,"valueName":"search_term_string"}}],"inLanguage":"it"},[]]}},"_links":{"self":[{"href":"https:\/\/www.etoro.com\/it\/wp-json\/wp\/v2\/pages\/10340"}],"collection":[{"href":"https:\/\/www.etoro.com\/it\/wp-json\/wp\/v2\/pages"}],"about":[{"href":"https:\/\/www.etoro.com\/it\/wp-json\/wp\/v2\/types\/page"}],"author":[{"embeddable":true,"href":"https:\/\/www.etoro.com\/it\/wp-json\/wp\/v2\/users\/1"}],"replies":[{"embeddable":true,"href":"https:\/\/www.etoro.com\/it\/wp-json\/wp\/v2\/comments?post=10340"}],"version-history":[{"count":0,"href":"https:\/\/www.etoro.com\/it\/wp-json\/wp\/v2\/pages\/10340\/revisions"}],"up":[{"embeddable":true,"href":"https:\/\/www.etoro.com\/it\/wp-json\/wp\/v2\/pages\/6959"}],"wp:featuredmedia":[{"embeddable":true,"href":"https:\/\/www.etoro.com\/it\/wp-json\/wp\/v2\/media\/1052101"}],"wp:attachment":[{"href":"https:\/\/www.etoro.com\/it\/wp-json\/wp\/v2\/media?parent=10340"}],"wp:term":[{"taxonomy":"asset_type","embeddable":true,"href":"https:\/\/www.etoro.com\/it\/wp-json\/wp\/v2\/asset_type?post=10340"}],"curies":[{"name":"wp","href":"https:\/\/api.w.org\/{rel}","templated":true}]}}