{"id":1072916,"date":"2025-05-01T17:37:08","date_gmt":"2025-05-01T14:37:08","guid":{"rendered":"https:\/\/www.etoro.com\/investing\/saving-to-invest\/"},"modified":"2025-06-03T17:22:56","modified_gmt":"2025-06-03T14:22:56","slug":"saving-to-invest","status":"publish","type":"page","link":"https:\/\/www.etoro.com\/it\/investing\/saving-to-invest\/","title":{"rendered":"Guida al risparmio per investire"},"content":{"rendered":"\n<p class=\"is-style-summary\">Investire significa\u00a0allocare il proprio denaro con l\u2019obiettivo di ottenere un rendimento. Per iniziare serve un capitale, anche piccolo, da mettere da parte con il risparmio: cio\u00e8 la parte di reddito non spesa e destinata a obiettivi futuri.<\/p>\n\n\n\n<hr class=\"wp-block-separator wp-block-separator-color-dark-grey wp-block-separator-spaces-medium wp-block-separator-weight-1\"\/>\n\n\n\n<p class=\"has-text-align-left is-style-default\">Risparmiare e investire sono spesso usati come sinonimi, perch\u00e9 sono due azioni che mirano a far crescere il patrimonio. Tuttavia, nella pratica&nbsp;il risparmio viene prima, perch\u00e9 solo con esso puoi accumulare il capitale necessario per investire.<\/p>\n\n\n\n<figure class=\"wp-block-image\"><img decoding=\"async\" src=\"https:\/\/www.etoro.com\/wp-content\/uploads\/2025\/04\/Body-Image-1-Setting-Financial-Goals-for-Investment-Success.png\" alt=\"Image related to Analizzare entrate e uscite\" class=\"wp-image-desktop\"\/><\/figure>\n\n\n\n<h2 class=\"wp-block-heading\" id=\"h.326vvam026lg\">Analizzare entrate e uscite<\/h2>\n\n\n\n<p>Per risparmiare, il primo passo \u00e8 costruire una solida base finanziaria. Innanzitutto, devi identificare le tue fonti di reddito e monitorare le tue spese. Un\u2019attenta analisi delle modalit\u00e0 in cui ricevi denaro&nbsp;ti permetter\u00e0 di fare chiarezza e ti aiuter\u00e0 a creare un budget e un piano di risparmio.<\/p>\n\n\n\n<p>A meno che tu non abbia ereditato un bel gruzzoletto o ricevuto una donazione enorme,&nbsp;dovrai prima risparmiare e poi potrai investire. Le abitudini di risparmio vengono solitamente costruite mattone dopo mattone. Esistono diverse strategie per aumentare il denaro e creare il capitale di cui hai bisogno per <a href=\"https:\/\/www.etoro.com\/it\/academy\/investing\/\">investire<\/a>.<\/p>\n\n\n\n<p>Inoltre, monitorando le tue spese sar\u00e0 pi\u00f9 semplice limitare le perdite e prevenire uscite eccessive per articoli superflui che possono intaccare il tuo capitale e&nbsp;ridurre la capacit\u00e0 di risparmio. In aggiunta, sar\u00e0 pi\u00f9 semplice dare priorit\u00e0 ai risparmi rispetto alle spese discrezionali. Ad esempio, invece di spendere per un gioiello costoso o un pasto gourmet al ristorante, puoi ridurre le uscite e creare buone abitudini di risparmio.<\/p>\n\n\n\n<h2 class=\"wp-block-heading\" id=\"h.xjl7mkqqlgfw\">Definire obiettivi finanziari<\/h2>\n\n\n\n<p>Dopo aver gettato le basi, puoi stabilire i tuoi obiettivi di risparmio e <a href=\"https:\/\/www.etoro.com\/it\/investing\/why-should-i-start-investing\/\">di investimento<\/a>.&nbsp;Di solito, si consiglia di fissare obiettivi di investimento a breve e a lungo termine, cos\u00ec da creare un piano per raggiungerli.<\/p>\n\n\n\n<figure class=\"wp-block-image\"><img decoding=\"async\" src=\"https:\/\/www.etoro.com\/wp-content\/uploads\/2025\/04\/Body-Image-2-The-Power-of-Long-Term-Consistent-Investing.png\" alt=\"Image related to Definire obiettivi finanziari\" class=\"wp-image-desktop\"\/><\/figure>\n\n\n\n<p><mark>Questi piani devono intrecciarsi con le tue strategie di risparmio e con gli obiettivi di investimento. Anche l\u2019intervallo di tempo utile deve essere realistico, in genere suddiviso in traguardi di investimento pi\u00f9 piccoli e facili da monitorare. <\/mark><\/p>\n\n\n\n<p>Ad esempio, potresti risparmiare per obiettivi a breve termine, come creare un fondo di emergenza&nbsp;o iscriverti a un corso. Devi capire la cifra necessaria e quanto tempo darti per raggiungere l\u2019obiettivo. Cos\u00ec facendo sar\u00e0 pi\u00f9 semplice fissare un budget e tenere d\u2019occhio le spese, riuscendo a mettere da parte l\u2019importo necessario.<\/p>\n\n\n\n<h2 class=\"wp-block-heading\" id=\"h.af24nwac39cf\">Automatizzare risparmi e investimenti<\/h2>\n\n\n\n<p>Automatizzare risparmi e investimenti significa impostare trasferimenti regolari e acquisti ricorrenti, ad esempio tramite un piano di accumulo&nbsp;che non ti obblighi a intervenire ogni volta. \u00c8 il modo pi\u00f9 semplice per restare costanti nel tempo.<\/p>\n\n\n\n<div class=\"wp-block-etoro-tip wp-block-etoro-tip-border-yellow\"><span class=\"wp-block-etoro-tip-icon\"><\/span><div class=\"wp-block-etoro-tip-text\">\n<p><strong>Suggerimento: <\/strong>se possibile, opta per un conto corrente che offra una remunerazione per la tua liquidit\u00e0.<\/p>\n<\/div><\/div>\n\n\n\n<p>Ad esempio, puoi impostare un bonifico automatico dal conto dove ti viene accreditato lo stipendio verso un conto di risparmio dedicato, come un <a href=\"https:\/\/www.etoro.com\/it\/investing\/what-is-a-stocks-and-shares-isa\/\">conto deposito<\/a>&nbsp;o un Piano di Accumulo Capitale (PAC) in fondi comuni. Puoi anche usare app per il risparmio che offrono piani automatizzati, iniziando a risparmiare piccole somme senza sforzo, cos\u00ec da rafforzare la disciplina e ridurre le spese impulsive.<\/p>\n\n\n\n<h2 class=\"wp-block-heading\" id=\"h.ymnsbzx5ok67\">Il potere della costanza nel lungo termine<\/h2>\n\n\n\n<p>Investire con costanza nel lungo termine, anche con piccole somme, offre diversi vantaggi. Aiuta a far crescere il capitale grazie all\u2019interesse composto, riduce l\u2019impatto della volatilit\u00e0 e favorisce disciplina, stabilit\u00e0 e il raggiungimento di obiettivi finanziari realistici.<\/p>\n\n\n\n<figure class=\"wp-block-image\"><img decoding=\"async\" src=\"https:\/\/www.etoro.com\/wp-content\/uploads\/2025\/04\/Body-Image-3-Final-thoughts-1.png\" alt=\"Image related to Il potere della costanza nel lungo termine\" class=\"wp-image-desktop\"\/><\/figure>\n\n\n\n<p>Ovviamente, nessun investimento offre rendimenti garantiti. Il rischio di perdere denaro \u00e8 sempre presente. Ad esempio, se acquisti un titolo e la societ\u00e0 che lo ha quotato fallisce, il tuo capitale rischia di scendere a zero. Ecco perch\u00e9 molti investitori esperti raccomandano di costruire un <a href=\"https:\/\/www.etoro.com\/it\/investing\/how-to-build-a-diversified-portfolio\/\">portafoglio diversificato<\/a>&nbsp;con azioni, obbligazioni e altri strumenti finanziari.<\/p>\n\n\n\n<div class=\"wp-block-etoro-tip wp-block-etoro-tip-border-yellow\"><span class=\"wp-block-etoro-tip-icon\"><\/span><div class=\"wp-block-etoro-tip-text\">\n<p><strong>Suggerimento:<\/strong> Gli schemi basati sui principi del <a href=\"https:\/\/www.etoro.com\/it\/investing\/what-are-recurring-investment\/\">piano di accumulo<\/a>\u00a0possono aiutarti a tenere traccia della performance complessiva del mercato.<\/p>\n<\/div><\/div>\n\n\n\n<p>In genere, si raccomanda ai principianti di attenersi a investimenti a basso rischio per testare le acque prima di impegnare capitali maggiori. Un approccio prevede l&#8217;investimento in <a href=\"https:\/\/www.etoro.com\/it\/investing\/what-is-etf\/\">exchange-traded funds<\/a>&nbsp;(ETF), che combinano azioni e altre attivit\u00e0 finanziarie in un unico paniere di investimento.<\/p>\n\n\n\n<p>Inoltre, non \u00e8 necessario investire tutti i tuoi risparmi contemporaneamente. Se cerchi di &#8220;comprare durante un calo&#8221;, potresti finire per acquistare proprio quando il mercato \u00e8 al massimo. Cercare di prevedere il momento giusto \u00e8 rischioso: meglio puntare su investimenti costanti e diversificati nel tempo.<\/p>\n\n\n\n<p>L&#8217;approccio alternativo del <a href=\"https:\/\/www.etoro.com\/it\/investing\/dollar-cost-averaging\/\">dollar-cost averaging<\/a>&nbsp;o piano di accumulo, introduce gradualmente capitale nei mercati finanziari e pu\u00f2 essere utilizzato indipendentemente&nbsp;dagli strumenti in cui stai investendo. \u0400 pi\u00f9 semplice monitorare i tuoi progressi, invece di inseguire l\u2019illusione di battere il mercato.<\/p>\n\n\n\n<h2 class=\"wp-block-heading\" id=\"h.g991c5hx2z3t\">Considerazioni finali<\/h2>\n\n\n\n<p>Risparmiare \u00e8 una strategia solida per la <a href=\"https:\/\/www.etoro.com\/it\/investing\/financial-independence\/\">libert\u00e0 finanziaria<\/a>&nbsp;e la stabilit\u00e0. Offre sicurezza e controllo, ma il solo risparmio pu\u00f2 non bastare: l\u2019inflazione erode il valore nel tempo. Serve costanza, disciplina e crescita per raggiungere i propri obiettivi.<\/p>\n\n\n\n<p>Sin dall\u2019inizio fissa obiettivi finanziari chiari, crea buone abitudini di risparmio, segui con costanza il tuo piano e scegli una piattaforma d\u2019investimento sicura. Cos\u00ec potrai mettere i tuoi soldi al lavoro&nbsp;e, nel tempo, raccoglierne i frutti.<\/p>\n\n\n\n<p>Tuttavia, ricorda sempre che l&#8217;investimento comporta rischi a ogni livello. Quindi, fai le tue ricerche e trova le opportunit\u00e0 di investimento che fanno per te.<\/p>\n\n\n\n<p>Per saperne di pi\u00f9 sui mercati finanziari per principianti, visita <a href=\"https:\/\/www.etoro.com\/it\/academy\/\">l&#8217;eToro\u00a0Academy<\/a>.<\/p>\n\n\n\n<h2 class=\"wp-block-heading\" id=\"h.l1p6qywmi54y\">Domande frequenti<\/h2>\n\n\n\n<dl class=\"wp-block-etoro-faq\">\n<div class=\"wp-block-etoro-faq-item\"><dt class=\"wp-block-etoro-faq-item-question\">In che modo il risparmio \u00e8 diverso dall&#8217;investimento?<\/dt><dd class=\"wp-block-etoro-faq-item-answer\">\n<p>Risparmiare serve per bisogni imminenti perch\u00e9 i fondi restano liquidi e sicuri. Investire punta a obiettivi lontani: accettando pi\u00f9 rischio, si possono ottenere rendimenti maggiori nel tempo. Le differenze sono in orizzonte temporale, <a href=\"https:\/\/www.etoro.com\/it\/academy\/courses\/investing-101\/\">rischio e rendimento<\/a>.<\/p>\n<\/dd><\/div>\n\n\n\n<div class=\"wp-block-etoro-faq-item\"><dt class=\"wp-block-etoro-faq-item-question\">Come posso iniziare a risparmiare e investire?<\/dt><dd class=\"wp-block-etoro-faq-item-answer\">\n<p>Questo dipende dai tuoi obiettivi e dalla tua capacit\u00e0 di risparmio. In linea generale, prelevare il 20% del tuo reddito per un paio di mesi potrebbe essere un buon punto di partenza. Costruisci con solidit\u00e0 una buona abitudine di risparmio e metti i tuoi soldi in un conto di risparmio ad alto rendimento, crea un sufficiente fondo di emergenza e investi nel <a href=\"https:\/\/www.etoro.com\/it\/investing\/how-to-choose-what-asset-class-to-invest-in\/\">veicolo finanziario<\/a>&nbsp;che preferisci.<\/p>\n<\/dd><\/div>\n\n\n\n<div class=\"wp-block-etoro-faq-item\"><dt class=\"wp-block-etoro-faq-item-question\">Cos\u2019\u00e8 l\u2019effetto composto?<\/dt><dd class=\"wp-block-etoro-faq-item-answer\">\n<p>Reinvestire i guadagni, come i <a href=\"https:\/\/www.etoro.com\/it\/investing\/dividend-investing-strategies-course-summary\/\">dividendi<\/a>, aiuta ad aumentare il valore complessivo del tuo investimento. Si innesca cos\u00ec un effetto a cascata: pi\u00f9 reinvesti, pi\u00f9 crescono i rendimenti futuri, creando un circolo virtuoso che fa crescere il tuo capitale nel tempo.<\/p>\n<\/dd><\/div>\n<\/dl>\n\n\n\n\t\t<style>\n\t\t\t.rtl .etoro-block-shortcode-disclaimer {\n\t\t\t\ttext-align:right;\n\t\t\t}\n\t\t\t.etoro-block-shortcode-disclaimer {\n\t\t\t\tmargin-bottom:18px;\n\t\t\t\ttext-align:left;\n\t\t\t}\n\t\t\t.etoro-block-shortcode-disclaimer p{\n\t\t\t\tfont-size: 12px;\n\t\t\t\tline-height: 18px;\n\t\t\t}\n\t\t\t@media (min-width: 768px) {\n\t\t\t\t.etoro-block-shortcode-disclaimer {\n\t\t\t\t\tmax-width:1176px;\n\t\t\t\t\ttext-align:center;\n\t\t\t\t}\n\t\t\t\t.etoro-block-shortcode-disclaimer p {\n\t\t\t\t\tfont-size: 14px;\n\t\t\t\t\tline-height: 20px;\n\t\t\t\t}\n\t\t\t}\n\t\t<\/style>\n\t\t<div class='etoro-block-shortcode-disclaimer'><p>Le presenti informazioni vengono fornite al solo scopo educativo e non rappresentano consigli d\u2019investimento o suggerimenti personali. Tali informazioni non devono quindi essere interpretate come offerte o solleciti di compravendita di strumenti finanziari.<\/p>\n<p>Il materiale \u00e8 stato preparato senza tener conto di precisi obiettivi d\u2019investimento o specifiche situazioni finanziarie e non soddisfa pertanto i criteri legali e legislativi previsti per la promozione di ricerche indipendenti.<\/p>\n<p><strong>Non tutti gli strumenti finanziari e i servizi cui viene fatto riferimento sono offerti da eToro<\/strong> e qualsiasi riferimento alle prestazioni passate di uno specifico strumento, indice o prodotto d\u2019investimento preassemblato non rappresenta n\u00e9 deve essere interpretato come un indicatore affidabile di possibili prestazioni future. <strong>La disponibilit\u00e0 di tutti i prodotti e servizi sopra menzionati pu\u00f2 variare a seconda della giurisdizione e del Paese.<\/strong><\/p>\n<p>eToro non offre alcuna garanzia n\u00e9 si assume la responsabilit\u00e0 in merito all\u2019accuratezza o alla completezza del contenuto esposto nella presente guida. Il lettore deve garantire di aver compreso appieno i rischi comportati dal trading prima di impegnare capitale. Si sconsiglia di mettere a rischio pi\u00f9 denaro di quanto non se ne possa perdere.<\/p>\n<\/div>\n","protected":false},"excerpt":{"rendered":"<p>Investire significa\u00a0allocare il proprio denaro con l\u2019obiettivo di ottenere un rendimento. Per iniziare serve un capitale, anche piccolo, da mettere da parte con il risparmio: cio\u00e8 la parte di reddito non spesa e destinata a obiettivi futuri. Risparmiare e investire sono spesso usati come sinonimi, perch\u00e9 sono due azioni che mirano a far crescere il&hellip;<\/p>\n","protected":false},"author":96,"featured_media":1072918,"parent":19765,"menu_order":0,"comment_status":"closed","ping_status":"closed","template":"","meta":{"_acf_changed":false,"inline_featured_image":false,"sticky_cta_settings":"","footnotes":""},"asset_type":[],"class_list":["post-1072916","page","type-page","status-publish","has-post-thumbnail","hentry"],"acf":[],"yoast_head":"<title>Come risparmiare per investire: una guida completa<\/title>\n<meta name=\"description\" content=\"Scopri come risparmiare denaro per iniziare a investire. Strategie pratiche per la creazione di budget, l&#039;automazione e la crescita costante degli investimenti.\" \/>\n<meta name=\"robots\" content=\"index, follow, max-snippet:-1, max-image-preview:large, max-video-preview:-1\" \/>\n<link rel=\"canonical\" href=\"https:\/\/www.etoro.com\/it\/wp-json\/wp\/v2\/pages\/1072916\" \/>\n<meta property=\"og:locale\" content=\"it_IT\" \/>\n<meta property=\"og:type\" content=\"article\" \/>\n<meta property=\"og:title\" content=\"Come risparmiare per investire: una guida completa\" \/>\n<meta property=\"og:description\" content=\"Scopri come risparmiare denaro per iniziare a investire. Strategie pratiche per la creazione di budget, l&#039;automazione e la crescita costante degli investimenti.\" \/>\n<meta property=\"og:url\" content=\"https:\/\/www.etoro.com\/it\/wp-json\/wp\/v2\/pages\/1072916\" \/>\n<meta property=\"og:site_name\" content=\"eToro\" \/>\n<meta property=\"article:publisher\" content=\"https:\/\/www.facebook.com\/eToro\/\" \/>\n<meta property=\"article:modified_time\" content=\"2025-06-03T14:22:56+00:00\" \/>\n<meta property=\"og:image\" content=\"https:\/\/www.etoro.com\/wp-content\/uploads\/2025\/06\/IT-Saving-to-Invest_1200x630.png\" \/>\n\t<meta property=\"og:image:width\" content=\"1200\" \/>\n\t<meta property=\"og:image:height\" content=\"630\" \/>\n\t<meta property=\"og:image:type\" content=\"image\/png\" \/>\n<meta name=\"twitter:card\" content=\"summary_large_image\" \/>\n<meta name=\"twitter:site\" content=\"@eToro\" \/>\n<meta name=\"twitter:label1\" content=\"Est. reading time\" \/>\n\t<meta name=\"twitter:data1\" content=\"5 minutes\" \/>\n<script type=\"application\/ld+json\" class=\"yoast-schema-graph\">{\"@context\":\"https:\/\/schema.org\",\"@graph\":[{\"@type\":\"WebPage\",\"@id\":\"https:\/\/www.etoro.com\/it\/investing\/saving-to-invest\/\",\"url\":\"https:\/\/www.etoro.com\/it\/investing\/saving-to-invest\/\",\"name\":\"Come risparmiare per investire: una guida completa\",\"isPartOf\":{\"@id\":\"https:\/\/www.etoro.com\/it\/#website\"},\"primaryImageOfPage\":{\"@id\":\"https:\/\/www.etoro.com\/it\/investing\/saving-to-invest\/#primaryimage\"},\"image\":{\"@id\":\"https:\/\/www.etoro.com\/it\/investing\/saving-to-invest\/#primaryimage\"},\"thumbnailUrl\":\"https:\/\/www.etoro.com\/wp-content\/uploads\/2025\/06\/IT-Saving-to-Invest_1200x630.png\",\"datePublished\":\"2025-05-01T14:37:08+00:00\",\"dateModified\":\"2025-06-03T14:22:56+00:00\",\"description\":\"Scopri come risparmiare denaro per iniziare a investire. Strategie pratiche per la creazione di budget, l'automazione e la crescita costante degli investimenti.\",\"breadcrumb\":{\"@id\":\"https:\/\/www.etoro.com\/it\/investing\/saving-to-invest\/#breadcrumb\"},\"inLanguage\":\"it\",\"potentialAction\":[{\"@type\":\"ReadAction\",\"target\":[\"https:\/\/www.etoro.com\/it\/investing\/saving-to-invest\/\"]}]},{\"@type\":\"ImageObject\",\"inLanguage\":\"it\",\"@id\":\"https:\/\/www.etoro.com\/it\/investing\/saving-to-invest\/#primaryimage\",\"url\":\"https:\/\/www.etoro.com\/wp-content\/uploads\/2025\/06\/IT-Saving-to-Invest_1200x630.png\",\"contentUrl\":\"https:\/\/www.etoro.com\/wp-content\/uploads\/2025\/06\/IT-Saving-to-Invest_1200x630.png\",\"width\":1200,\"height\":630},{\"@type\":\"BreadcrumbList\",\"@id\":\"https:\/\/www.etoro.com\/it\/investing\/saving-to-invest\/#breadcrumb\",\"itemListElement\":[{\"@type\":\"ListItem\",\"position\":1,\"name\":\"Home\",\"item\":\"https:\/\/www.etoro.com\/it\/\"},{\"@type\":\"ListItem\",\"position\":2,\"name\":\"Investire\",\"item\":\"https:\/\/www.etoro.com\/it\/investing\/\"},{\"@type\":\"ListItem\",\"position\":3,\"name\":\"Guida al risparmio per investire\"}]},{\"@type\":\"WebSite\",\"@id\":\"https:\/\/www.etoro.com\/it\/#website\",\"url\":\"https:\/\/www.etoro.com\/it\/\",\"name\":\"eToro\",\"description\":\"\",\"publisher\":{\"@id\":\"https:\/\/www.etoro.com\/it\/#organization\"},\"potentialAction\":[{\"@type\":\"SearchAction\",\"target\":{\"@type\":\"EntryPoint\",\"urlTemplate\":\"https:\/\/www.etoro.com\/it\/?s={search_term_string}\"},\"query-input\":{\"@type\":\"PropertyValueSpecification\",\"valueRequired\":true,\"valueName\":\"search_term_string\"}}],\"inLanguage\":\"it\"},[]]}<\/script>","yoast_head_json":{"title":"Come risparmiare per investire: una guida completa","description":"Scopri come risparmiare denaro per iniziare a investire. Strategie pratiche per la creazione di budget, l'automazione e la crescita costante degli investimenti.","robots":{"index":"index","follow":"follow","max-snippet":"max-snippet:-1","max-image-preview":"max-image-preview:large","max-video-preview":"max-video-preview:-1"},"canonical":"https:\/\/www.etoro.com\/it\/wp-json\/wp\/v2\/pages\/1072916","og_locale":"it_IT","og_type":"article","og_title":"Come risparmiare per investire: una guida completa","og_description":"Scopri come risparmiare denaro per iniziare a investire. Strategie pratiche per la creazione di budget, l'automazione e la crescita costante degli investimenti.","og_url":"https:\/\/www.etoro.com\/it\/wp-json\/wp\/v2\/pages\/1072916","og_site_name":"eToro","article_publisher":"https:\/\/www.facebook.com\/eToro\/","article_modified_time":"2025-06-03T14:22:56+00:00","og_image":[{"width":1200,"height":630,"url":"https:\/\/www.etoro.com\/wp-content\/uploads\/2025\/06\/IT-Saving-to-Invest_1200x630.png","type":"image\/png"}],"twitter_card":"summary_large_image","twitter_site":"@eToro","twitter_misc":{"Est. reading time":"5 minutes"},"schema":{"@context":"https:\/\/schema.org","@graph":[{"@type":"WebPage","@id":"https:\/\/www.etoro.com\/it\/investing\/saving-to-invest\/","url":"https:\/\/www.etoro.com\/it\/investing\/saving-to-invest\/","name":"Come risparmiare per investire: una guida completa","isPartOf":{"@id":"https:\/\/www.etoro.com\/it\/#website"},"primaryImageOfPage":{"@id":"https:\/\/www.etoro.com\/it\/investing\/saving-to-invest\/#primaryimage"},"image":{"@id":"https:\/\/www.etoro.com\/it\/investing\/saving-to-invest\/#primaryimage"},"thumbnailUrl":"https:\/\/www.etoro.com\/wp-content\/uploads\/2025\/06\/IT-Saving-to-Invest_1200x630.png","datePublished":"2025-05-01T14:37:08+00:00","dateModified":"2025-06-03T14:22:56+00:00","description":"Scopri come risparmiare denaro per iniziare a investire. Strategie pratiche per la creazione di budget, l'automazione e la crescita costante degli investimenti.","breadcrumb":{"@id":"https:\/\/www.etoro.com\/it\/investing\/saving-to-invest\/#breadcrumb"},"inLanguage":"it","potentialAction":[{"@type":"ReadAction","target":["https:\/\/www.etoro.com\/it\/investing\/saving-to-invest\/"]}]},{"@type":"ImageObject","inLanguage":"it","@id":"https:\/\/www.etoro.com\/it\/investing\/saving-to-invest\/#primaryimage","url":"https:\/\/www.etoro.com\/wp-content\/uploads\/2025\/06\/IT-Saving-to-Invest_1200x630.png","contentUrl":"https:\/\/www.etoro.com\/wp-content\/uploads\/2025\/06\/IT-Saving-to-Invest_1200x630.png","width":1200,"height":630},{"@type":"BreadcrumbList","@id":"https:\/\/www.etoro.com\/it\/investing\/saving-to-invest\/#breadcrumb","itemListElement":[{"@type":"ListItem","position":1,"name":"Home","item":"https:\/\/www.etoro.com\/it\/"},{"@type":"ListItem","position":2,"name":"Investire","item":"https:\/\/www.etoro.com\/it\/investing\/"},{"@type":"ListItem","position":3,"name":"Guida al risparmio per investire"}]},{"@type":"WebSite","@id":"https:\/\/www.etoro.com\/it\/#website","url":"https:\/\/www.etoro.com\/it\/","name":"eToro","description":"","publisher":{"@id":"https:\/\/www.etoro.com\/it\/#organization"},"potentialAction":[{"@type":"SearchAction","target":{"@type":"EntryPoint","urlTemplate":"https:\/\/www.etoro.com\/it\/?s={search_term_string}"},"query-input":{"@type":"PropertyValueSpecification","valueRequired":true,"valueName":"search_term_string"}}],"inLanguage":"it"},[]]}},"_links":{"self":[{"href":"https:\/\/www.etoro.com\/it\/wp-json\/wp\/v2\/pages\/1072916"}],"collection":[{"href":"https:\/\/www.etoro.com\/it\/wp-json\/wp\/v2\/pages"}],"about":[{"href":"https:\/\/www.etoro.com\/it\/wp-json\/wp\/v2\/types\/page"}],"author":[{"embeddable":true,"href":"https:\/\/www.etoro.com\/it\/wp-json\/wp\/v2\/users\/96"}],"replies":[{"embeddable":true,"href":"https:\/\/www.etoro.com\/it\/wp-json\/wp\/v2\/comments?post=1072916"}],"version-history":[{"count":0,"href":"https:\/\/www.etoro.com\/it\/wp-json\/wp\/v2\/pages\/1072916\/revisions"}],"up":[{"embeddable":true,"href":"https:\/\/www.etoro.com\/it\/wp-json\/wp\/v2\/pages\/19765"}],"wp:featuredmedia":[{"embeddable":true,"href":"https:\/\/www.etoro.com\/it\/wp-json\/wp\/v2\/media\/1072918"}],"wp:attachment":[{"href":"https:\/\/www.etoro.com\/it\/wp-json\/wp\/v2\/media?parent=1072916"}],"wp:term":[{"taxonomy":"asset_type","embeddable":true,"href":"https:\/\/www.etoro.com\/it\/wp-json\/wp\/v2\/asset_type?post=1072916"}],"curies":[{"name":"wp","href":"https:\/\/api.w.org\/{rel}","templated":true}]}}