{"id":1073197,"date":"2025-05-09T13:08:51","date_gmt":"2025-05-09T10:08:51","guid":{"rendered":"https:\/\/www.etoro.com\/trading\/24-5-trading\/"},"modified":"2025-12-04T16:30:35","modified_gmt":"2025-12-04T14:30:35","slug":"24-5-trading","status":"publish","type":"page","link":"https:\/\/www.etoro.com\/it\/trading\/24-5-trading\/","title":{"rendered":"Guida completa al trading 24\/5"},"content":{"rendered":"\n<p class=\"is-style-summary\">Capire come funziona il trading 24\/5 e conoscere i mercati aperti per lunghi periodi pu\u00f2 aiutarti a prendere decisioni pi\u00f9 consapevoli e, potenzialmente, migliorare i tuoi risultati.<\/p>\n\n\n\n<hr class=\"wp-block-separator wp-block-separator-color-dark-grey wp-block-separator-spaces-medium wp-block-separator-weight-1\"\/>\n\n\n\n<p>Nel mondo dinamico del <a href=\"https:\/\/www.etoro.com\/it\/academy\/trading\/\">trading<\/a>, poter accedere ai mercati in ogni momento \u00e8 un grande vantaggio. Il trading 24\/5 permette di operare a qualsiasi ora nei giorni feriali, <strong>seguendo l\u2019andamento dei mercati globali<\/strong>. Che tu sia alle prime armi o gi\u00e0 esperto, ecco cosa sapere.<\/p>\n\n\n\n<h2 class=\"wp-block-heading\">Che cos&#8217;\u00e8 il trading 24\/5?<\/h2>\n\n\n\n<p>Il trading 24\/5 offre la possibilit\u00e0 di comprare e vendere <e-tip data-tooltip=\"Asset liquido il cui valore \u00e8 dato dalla propriet\u00e0 o dai diritti contrattuali.\">strumenti finanziari<\/e-tip> in qualsiasi momento, <strong>24 ore al giorno per 5 giorni a settimana<\/strong>. A differenza delle borse tradizionali, consente un accesso continuo ai mercati dal luned\u00ec al venerd\u00ec.<\/p>\n\n\n\n<p><mark>I trader nei mercati 24\/5 possono <strong>reagire agli eventi di mercato nel momento in cui accadono<\/strong>, indipendentemente dalla loro posizione geografica. Non dovendo aspettare l&#8217;apertura di una borsa, si ha la possibilit\u00e0 di individuare nuove opportunit\u00e0 di trading e <a href=\"https:\/\/www.etoro.com\/it\/investing\/risk-management\/\">gestire i rischi<\/a>.<\/mark><\/p>\n\n\n\n<h2 class=\"wp-block-heading\">Quali mercati offrono il trading 24\/5?<\/h2>\n\n\n\n<p>Diversi mercati permettono di<strong> fare trading 24 ore su 24, 5 giorni su 7<\/strong>. Tra i principali ci sono il <a href=\"https:\/\/www.etoro.com\/it\/discover\/markets\/currencies\">Forex<\/a>, che riguarda il cambio tra valute, e il mercato delle criptovalute, attivo quasi ininterrottamente e con tante opportunit\u00e0 per investitori di ogni livello.<\/p>\n\n\n\n<figure class=\"wp-block-image size-full\"><img decoding=\"async\" src=\"https:\/\/www.etoro.com\/wp-content\/uploads\/2025\/05\/Body-Image-1_-What-Markets-Offer-24_5-Trading_.png\" alt=\"Quali mercati offrono il trading 24\/5?\" class=\"wp-image-desktop\"\/><\/figure>\n\n\n\n<h3 class=\"wp-block-heading\">Azioni 24\/5<\/h3>\n\n\n\n<p>In passato, le azioni erano negoziabili solo durante l\u2019orario di apertura delle borse in cui erano quotate. Con l\u2019introduzione del <strong>trading esteso<\/strong> tramite CFD questo scenario \u00e8 cambiato.<\/p>\n\n\n\n<p>Ora, titoli molto seguiti come <strong>Apple<\/strong> o <strong>NVIDIA<\/strong> possono essere scambiati <strong>prima<\/strong> dell\u2019apertura e <strong>dopo<\/strong> la chiusura della sessione ufficiale. L\u2019accesso ai mercati <strong>24 ore su 24, 5 giorni alla settimana<\/strong> offre ai trader una maggiore flessibilit\u00e0 e la possibilit\u00e0 di cogliere eventi chiave, come le <strong>pubblicazioni delle trimestrali<\/strong>, che spesso avvengono quando i listini sono chiusi.<\/p>\n\n\n\n<div class=\"wp-block-etoro-tip wp-block-etoro-tip-border-yellow\"><span class=\"wp-block-etoro-tip-icon\"><\/span><div class=\"wp-block-etoro-tip-text\">\n<p><strong>Suggerimento:<\/strong> durante l\u2019aftermarket i volumi di scambio sono in genere pi\u00f9 bassi e la liquidit\u00e0 ridotta, con il risultato di spread denaro\/lettera pi\u00f9 ampi. Conviene tenerne conto nella propria strategia.<\/p>\n<\/div><\/div>\n\n\n\n<h3 class=\"wp-block-heading\">Mercati forex 24\/5<\/h3>\n\n\n\n<p>Il mercato Forex, in cui \u00e8 possibile acquistare e vendere le valute internazionali, <strong>opera ininterrottamente attraverso vari centri finanziari globali<\/strong>. La settimana di trading inizia alle 22:00 GMT di domenica, con la sessione di Sydney.<\/p>\n\n\n\n<p>I mercati Forex chiudono alle 22:00 GMT di venerd\u00ec, quando le borse valutarie statunitensi cessano le negoziazioni per la settimana.<\/p>\n\n\n\n<p>Ci si pu\u00f2 aspettare che i volumi di trading siano pi\u00f9 alti nelle coppie di valute locali del mercato, ad esempio <a href=\"https:\/\/www.etoro.com\/it\/markets\/audusd\">AUD\/USD<\/a> nella sessione di Sydney, ma \u00e8 possibile<strong> fare trading di tutte le coppie di valute<\/strong> ogni volta che almeno una borsa \u00e8 aperta.<\/p>\n\n\n\n<h3 class=\"wp-block-heading\">Mercati crypto 24\/5 e 24\/7<\/h3>\n\n\n\n<p>Le criptovalute, come <a href=\"https:\/\/www.etoro.com\/it\/markets\/btc\">Bitcoin<\/a> (BTC) ed <a href=\"https:\/\/www.etoro.com\/it\/markets\/eth\">Ethereum<\/a> (ETH), offrono trading 24 ore su 24, 7 giorni su 7 su varie piattaforme e borse che <strong>operano giorno e notte<\/strong>. La natura <strong><e-tip data-tooltip=\"Trasferimento del controllo e delle decisioni a una rete di partecipanti, piuttosto che a un\u2019autorit\u00e0 centrale.\">decentralizzata<\/e-tip><\/strong> delle criptovalute significa anche che non sono vincolate ai tradizionali orari di mercato.<\/p>\n\n\n\n<div class=\"wp-block-etoro-tip wp-block-etoro-tip-border-yellow\"><span class=\"wp-block-etoro-tip-icon\"><\/span><div class=\"wp-block-etoro-tip-text\">\n<p><strong>Suggerimento:<\/strong> Alcuni mercati crypto potrebbero essere offline per determinati periodi di tempo, ad esempio, durante le festivit\u00e0 nazionali.<\/p>\n<\/div><\/div>\n\n\n\n<h3 class=\"wp-block-heading\">Altri mercati 24\/5<\/h3>\n\n\n\n<p>Anche alcune <a href=\"https:\/\/www.etoro.com\/it\/discover\/markets\/commodities\">materie prime<\/a> e gli indici possono essere negoziati 24\/5, a seconda del broker e delle condizioni di mercato. Questi strumenti sono negoziati come CFD, quindi <strong>sono di natura sintetica<\/strong>, affinch\u00e9 gli investitori possano acquistare e vendere posizioni quando la borsa ufficiale \u00e8 chiusa.<\/p>\n\n\n\n<figure class=\"wp-block-image size-full\"><img decoding=\"async\" src=\"https:\/\/www.etoro.com\/wp-content\/uploads\/2025\/05\/Body-Image-2_-Benefits-of-24_5-Trading.png\" alt=\"Vantaggi del trading 24\/5\" class=\"wp-image-desktop\"\/><\/figure>\n\n\n\n<h2 class=\"wp-block-heading\">Vantaggi del trading 24\/5<\/h2>\n\n\n\n<p>Uno dei principali vantaggi del trading 24\/5 \u00e8 la flessibilit\u00e0.<strong> I trader possono scegliere quando effettuare le proprie operazioni<\/strong>. Si tratta di un dettaglio particolarmente vantaggioso per chi ha tanti impegni o desidera fare trading al di fuori del normale orario di lavoro.<\/p>\n\n\n\n<p>Un altro vantaggio \u00e8 la <strong>possibilit\u00e0 di capitalizzare i movimenti del mercato in diversi fusi orari<\/strong>. Con il susseguirsi degli eventi globali, il sentiment del mercato cambia, creando opportunit\u00e0 di profitto. I trader che sono in grado di monitorare questi sviluppi possono prepararsi per sfruttare improvvisi cambiamenti di prezzo.<\/p>\n\n\n\n<p>Infine, con pi\u00f9 tempo per fare trading, ci sono pi\u00f9 possibilit\u00e0 di entrare e uscire dalle posizioni, portando (esclusivamente da un punto di vista teorico) a maggiori rendimenti. Tuttavia, \u00e8 importante affrontare tali opportunit\u00e0 con una <strong>strategia ben ponderata<\/strong> per gestire i rischi in modo efficace.<\/p>\n\n\n\n<h3 class=\"wp-block-heading\">Rischi del trading 24\/5<\/h3>\n\n\n\n<p>Sebbene il trading 24\/5 offra molti vantaggi, presenta anche una serie di rischi. Una delle principali criticit\u00e0 riguarda la <strong>gestione delle negoziazioni su pi\u00f9 fusi orari<\/strong>. Pu\u00f2 essere impegnativo e portare a <a href=\"https:\/\/www.etoro.com\/it\/investing\/psychology-of-investing\/\">bias psicologici<\/a>.<\/p>\n\n\n\n<p>Senza una disciplina adeguata, i trader potrebbero effettuare operazioni impulsive,<strong> invece di attenersi alla loro strategia.<\/strong><\/p>\n\n\n\n<div class=\"wp-block-etoro-tip wp-block-etoro-tip-border-yellow\"><span class=\"wp-block-etoro-tip-icon\"><\/span><div class=\"wp-block-etoro-tip-text\">\n<p><strong>Suggerimento:<\/strong> Gli ordini <a href=\"https:\/\/www.etoro.com\/it\/trading\/how-to-set-stop-loss-and-take-profit-targets\">stop-loss<\/a> possono tornare utili per chiudere automaticamente le posizioni a livelli di prezzo predeterminati.<\/p>\n<\/div><\/div>\n\n\n\n<p>L&#8217;aumento della <a href=\"https:\/\/www.etoro.com\/it\/trading\/forex-volatility\/\">volatilit\u00e0<\/a> del mercato \u00e8 un altro fattore di <e-tip data-tooltip=\"Quantit\u00e0 di capitale esposta a perdite con un singolo trade.\">rischio<\/e-tip>. Sebbene la volatilit\u00e0 possa portare opportunit\u00e0, aumenta l&#8217;esposizione al rischio. I trader devono essere preparati a <strong>gestire oscillazioni di prezzo<\/strong> <strong>significative <\/strong>e disporre di solide strategie di gestione del rischio per tutelare i propri investimenti.<\/p>\n\n\n\n<h2 class=\"wp-block-heading\">Strategie per un Trading 24\/5 di successo<\/h2>\n\n\n\n<p>Per fare trading 24\/5, \u00e8 fondamentale sviluppare un piano e una strategia di trading. Significa fissare obiettivi chiari, <strong>identificare i punti di entrata e di uscita<\/strong> e determinare dei livelli di rischio accettabili.<\/p>\n\n\n\n<figure class=\"wp-block-image size-full\"><img decoding=\"async\" src=\"https:\/\/www.etoro.com\/wp-content\/uploads\/2025\/05\/Body-Image-3_-Is-24_5-Trading-Right-for-You_.png\" alt=\"Il Trading 24\/5 \u00e8 adatto a te?\" class=\"wp-image-desktop\"\/><\/figure>\n\n\n\n<p>Sono essenziali, perci\u00f2, tecniche efficaci di gestione del <strong>rischio<\/strong>. Potrebbero includere posizioni di <a href=\"https:\/\/www.etoro.com\/it\/investing\/hedging-guide\/\">copertura<\/a> o l&#8217;automazione delle negoziazioni con strumenti avanzati. L&#8217;utilizzo di tecnologia e strumenti per l&#8217;automazione e il monitoraggio del trading pu\u00f2 aumentare notevolmente l&#8217;efficienza operativa. I<strong> sistemi di trading automatizzato<\/strong> possono eseguire negoziazioni in base a criteri predefiniti, riducendo la necessit\u00e0 di un monitoraggio costante e aiutando a mantenere la disciplina.<\/p>\n\n\n\n<p>Un sano equilibrio tra lavoro e vita privata \u00e8 altrettanto importante per<strong> evitare il burnout<\/strong>. I trader dovrebbero fissare dei limiti e fare delle pause regolari per assicurarsi di restare concentrati e in grado di prendere decisioni razionali.<\/p>\n\n\n\n<h2 class=\"wp-block-heading\">Il Trading 24\/5 \u00e8 adatto a te?<\/h2>\n\n\n\n<p>Per capire se il trading 24\/5 fa al tuo caso, devi valutare vari fattori: <strong>obiettivi personali, stile di vita e tolleranza al rischio<\/strong>. In primis, devi capire se hai tempo e risorse per seguire i mercati con costanza e, soprattutto, se riesci a rispettare il tuo piano senza farti guidare dall\u2019emotivit\u00e0.<\/p>\n\n\n\n<p>Se il trading 24\/5 non \u00e8 in linea con le tue esigenze, ci sono<strong> approcci alternativi da considerare<\/strong>, come il trading durante specifici orari di mercato o le operazioni su strumenti meno volatili.<\/p>\n\n\n\n<div class=\"wp-block-etoro-tip wp-block-etoro-tip-border-yellow\"><span class=\"wp-block-etoro-tip-icon\"><\/span><div class=\"wp-block-etoro-tip-text\">\n<p><strong>Suggerimento:<\/strong> Prendi nota delle tue operazioni di trading per analizzare le performance e capire in modo oggettivo se il trading 24\/5 \u00e8 adatto a te.<\/p>\n<\/div><\/div>\n\n\n\n<h2 class=\"wp-block-heading\">Considerazioni finali<\/h2>\n\n\n\n<p>Il trading 24\/5 offre l&#8217;opportunit\u00e0 di interagire con i mercati globali e operare con maggiore libert\u00e0. Tuttavia, richiede <strong>un&#8217;attenta pianificazione<\/strong>, un&#8217;efficace gestione del rischio e un approccio disciplinato.<\/p>\n\n\n\n<p>Se, dopo aver considerato i pro e i contro, sei ancora convinto di fare trading 24\/5, devi valutare <strong>quale broker utilizzare<\/strong>. Anche se i mercati in questione potrebbero essere aperti, la possibilit\u00e0 o meno di negoziarli dipender\u00e0 in ultima analisi dal fatto che la piattaforma di intermediazione fornisca o meno l&#8217;accesso a essi.<\/p>\n\n\n\n<p>Scopri di pi\u00f9 sul trading 24\/5 con l&#8217;<a href=\"https:\/\/www.etoro.com\/it\/academy\/\">eToro<\/a><a href=\"https:\/\/www.etoro.com\/it\/academy\/\"> Academy.<\/a><\/p>\n\n\n\n<h2 class=\"wp-block-heading\">Domande frequenti<\/h2>\n\n\n\n<dl class=\"wp-block-etoro-faq\">\n<div class=\"wp-block-etoro-faq-item\"><dt class=\"wp-block-etoro-faq-item-question\">Qual \u00e8 la differenza tra trading 24\/5 e 24\/7?<\/dt><dd class=\"wp-block-etoro-faq-item-answer\">\n<p>Il trading 24\/5 si riferisce all&#8217;accesso al mercato dal luned\u00ec al venerd\u00ec, mentre il trading 24\/7 include i fine settimana. Il trading 24\/7 si presenta in linea generale nei mercati delle <a href=\"https:\/\/www.etoro.com\/it\/crypto\/fear-and-greed-index\/\">criptovalute<\/a>.<\/p>\n<\/dd><\/div>\n\n\n\n<div class=\"wp-block-etoro-faq-item\"><dt class=\"wp-block-etoro-faq-item-question\">Come posso gestire i rischi del trading 24\/5?<\/dt><dd class=\"wp-block-etoro-faq-item-answer\">\n<p>Una strategia di gestione del rischio solida, che includa ad esempio gli ordini stop-loss e la <a href=\"https:\/\/www.etoro.com\/it\/investing\/how-to-build-a-diversified-portfolio\/\">diversificazione<\/a>, pu\u00f2 aiutare a gestire in modo adeguato i pericoli. Si consiglia sempre di fare trading con importi proporzionati al proprio budget, soprattutto quando si fa trading 24\/5, per evitare di assumere posizioni cos\u00ec grandi da distorcere il processo decisionale.<\/p>\n<\/dd><\/div>\n\n\n\n<div class=\"wp-block-etoro-faq-item\"><dt class=\"wp-block-etoro-faq-item-question\">Quali strumenti sono disponibili per il trading 24\/5?<\/dt><dd class=\"wp-block-etoro-faq-item-answer\">\n<p>Molte piattaforme offrono strumenti per l&#8217;automazione del trading, l&#8217;analisi di mercato e il monitoraggio in tempo reale a supporto delle attivit\u00e0 di trading 24\/5. Un altro strumento utile quando si prova una nuova strategia o approccio \u00e8 iniziare a utilizzare un <a href=\"https:\/\/www.etoro.com\/it\/accounts\/sign-up\">conto demo<\/a> con fondi virtuali.<\/p>\n<\/dd><\/div>\n<\/dl>\n\n\n\n\t\t<style>\n\t\t\t.rtl .etoro-block-shortcode-disclaimer {\n\t\t\t\ttext-align:right;\n\t\t\t}\n\t\t\t.etoro-block-shortcode-disclaimer {\n\t\t\t\tmargin-bottom:18px;\n\t\t\t\ttext-align:left;\n\t\t\t}\n\t\t\t.etoro-block-shortcode-disclaimer p{\n\t\t\t\tfont-size: 12px;\n\t\t\t\tline-height: 18px;\n\t\t\t}\n\t\t\t@media (min-width: 768px) {\n\t\t\t\t.etoro-block-shortcode-disclaimer {\n\t\t\t\t\tmax-width:1176px;\n\t\t\t\t\ttext-align:center;\n\t\t\t\t}\n\t\t\t\t.etoro-block-shortcode-disclaimer p {\n\t\t\t\t\tfont-size: 14px;\n\t\t\t\t\tline-height: 20px;\n\t\t\t\t}\n\t\t\t}\n\t\t<\/style>\n\t\t<div class='etoro-block-shortcode-disclaimer'><p>Le presenti informazioni vengono fornite al solo scopo educativo e non rappresentano consigli d\u2019investimento o suggerimenti personali. Tali informazioni non devono quindi essere interpretate come offerte o solleciti di compravendita di strumenti finanziari.<\/p>\n<p>Il materiale \u00e8 stato preparato senza tener conto di precisi obiettivi d\u2019investimento o specifiche situazioni finanziarie e non soddisfa pertanto i criteri legali e legislativi previsti per la promozione di ricerche indipendenti.<\/p>\n<p><strong>Non tutti gli strumenti finanziari e i servizi cui viene fatto riferimento sono offerti da eToro<\/strong> e qualsiasi riferimento alle prestazioni passate di uno specifico strumento, indice o prodotto d\u2019investimento preassemblato non rappresenta n\u00e9 deve essere interpretato come un indicatore affidabile di possibili prestazioni future. <strong>La disponibilit\u00e0 di tutti i prodotti e servizi sopra menzionati pu\u00f2 variare a seconda della giurisdizione e del Paese.<\/strong><\/p>\n<p>eToro non offre alcuna garanzia n\u00e9 si assume la responsabilit\u00e0 in merito all\u2019accuratezza o alla completezza del contenuto esposto nella presente guida. Il lettore deve garantire di aver compreso appieno i rischi comportati dal trading prima di impegnare capitale. Si sconsiglia di mettere a rischio pi\u00f9 denaro di quanto non se ne possa perdere.<\/p>\n<\/div>\n","protected":false},"excerpt":{"rendered":"<p>Capire come funziona il trading 24\/5 e conoscere i mercati aperti per lunghi periodi pu\u00f2 aiutarti a prendere decisioni pi\u00f9 consapevoli e, potenzialmente, migliorare i tuoi risultati. Nel mondo dinamico del trading, poter accedere ai mercati in ogni momento \u00e8 un grande vantaggio. Il trading 24\/5 permette di operare a qualsiasi ora nei giorni feriali,&hellip;<\/p>\n","protected":false},"author":96,"featured_media":1183006,"parent":18387,"menu_order":0,"comment_status":"closed","ping_status":"closed","template":"","meta":{"_acf_changed":true,"inline_featured_image":false,"sticky_cta_settings":"","footnotes":""},"asset_type":[],"class_list":["post-1073197","page","type-page","status-publish","has-post-thumbnail","hentry"],"acf":[],"yoast_head":"<title>Trading 24\/5: una guida all&#039;accesso continuo ai mercati<\/title>\n<meta name=\"description\" content=\"Scopri il trading 24\/5 e come pu\u00f2 aiutarti a leggere le opportunit\u00e0 di mercato. Analizza i vantaggi, i rischi e le strategie per il trading 24\/5.\" \/>\n<meta name=\"robots\" content=\"index, follow, max-snippet:-1, max-image-preview:large, max-video-preview:-1\" \/>\n<link rel=\"canonical\" href=\"https:\/\/www.etoro.com\/it\/wp-json\/wp\/v2\/pages\/1073197\" \/>\n<meta property=\"og:locale\" content=\"it_IT\" \/>\n<meta property=\"og:type\" content=\"article\" \/>\n<meta property=\"og:title\" content=\"Trading 24\/5: una guida all&#039;accesso continuo ai mercati\" \/>\n<meta property=\"og:description\" content=\"Scopri il trading 24\/5 e come pu\u00f2 aiutarti a leggere le opportunit\u00e0 di mercato. Analizza i vantaggi, i rischi e le strategie per il trading 24\/5.\" \/>\n<meta property=\"og:url\" content=\"https:\/\/www.etoro.com\/it\/wp-json\/wp\/v2\/pages\/1073197\" \/>\n<meta property=\"og:site_name\" content=\"eToro\" \/>\n<meta property=\"article:publisher\" content=\"https:\/\/www.facebook.com\/eToro\/\" \/>\n<meta property=\"article:modified_time\" content=\"2025-12-04T14:30:35+00:00\" \/>\n<meta property=\"og:image\" content=\"https:\/\/www.etoro.com\/wp-content\/uploads\/2025\/12\/IT-24_5-Trading_Social-Image.png\" \/>\n\t<meta property=\"og:image:width\" content=\"1200\" \/>\n\t<meta property=\"og:image:height\" content=\"630\" \/>\n\t<meta property=\"og:image:type\" content=\"image\/png\" \/>\n<meta name=\"twitter:card\" content=\"summary_large_image\" \/>\n<meta name=\"twitter:site\" content=\"@eToro\" \/>\n<meta name=\"twitter:label1\" content=\"Est. reading time\" \/>\n\t<meta name=\"twitter:data1\" content=\"6 minutes\" \/>\n<script type=\"application\/ld+json\" class=\"yoast-schema-graph\">{\"@context\":\"https:\/\/schema.org\",\"@graph\":[{\"@type\":\"WebPage\",\"@id\":\"https:\/\/www.etoro.com\/it\/trading\/24-5-trading\/\",\"url\":\"https:\/\/www.etoro.com\/it\/trading\/24-5-trading\/\",\"name\":\"Trading 24\/5: una guida all'accesso continuo ai mercati\",\"isPartOf\":{\"@id\":\"https:\/\/www.etoro.com\/it\/#website\"},\"primaryImageOfPage\":{\"@id\":\"https:\/\/www.etoro.com\/it\/trading\/24-5-trading\/#primaryimage\"},\"image\":{\"@id\":\"https:\/\/www.etoro.com\/it\/trading\/24-5-trading\/#primaryimage\"},\"thumbnailUrl\":\"https:\/\/www.etoro.com\/wp-content\/uploads\/2025\/12\/IT-24_5-Trading_Social-Image.png\",\"datePublished\":\"2025-05-09T10:08:51+00:00\",\"dateModified\":\"2025-12-04T14:30:35+00:00\",\"description\":\"Scopri il trading 24\/5 e come pu\u00f2 aiutarti a leggere le opportunit\u00e0 di mercato. Analizza i vantaggi, i rischi e le strategie per il trading 24\/5.\",\"breadcrumb\":{\"@id\":\"https:\/\/www.etoro.com\/it\/trading\/24-5-trading\/#breadcrumb\"},\"inLanguage\":\"it\",\"potentialAction\":[{\"@type\":\"ReadAction\",\"target\":[\"https:\/\/www.etoro.com\/it\/trading\/24-5-trading\/\"]}]},{\"@type\":\"ImageObject\",\"inLanguage\":\"it\",\"@id\":\"https:\/\/www.etoro.com\/it\/trading\/24-5-trading\/#primaryimage\",\"url\":\"https:\/\/www.etoro.com\/wp-content\/uploads\/2025\/12\/IT-24_5-Trading_Social-Image.png\",\"contentUrl\":\"https:\/\/www.etoro.com\/wp-content\/uploads\/2025\/12\/IT-24_5-Trading_Social-Image.png\",\"width\":1200,\"height\":630},{\"@type\":\"BreadcrumbList\",\"@id\":\"https:\/\/www.etoro.com\/it\/trading\/24-5-trading\/#breadcrumb\",\"itemListElement\":[{\"@type\":\"ListItem\",\"position\":1,\"name\":\"Home\",\"item\":\"https:\/\/www.etoro.com\/it\/\"},{\"@type\":\"ListItem\",\"position\":2,\"name\":\"TRADING\",\"item\":\"https:\/\/www.etoro.com\/it\/trading\/\"},{\"@type\":\"ListItem\",\"position\":3,\"name\":\"Guida completa al trading 24\/5\"}]},{\"@type\":\"WebSite\",\"@id\":\"https:\/\/www.etoro.com\/it\/#website\",\"url\":\"https:\/\/www.etoro.com\/it\/\",\"name\":\"eToro\",\"description\":\"\",\"publisher\":{\"@id\":\"https:\/\/www.etoro.com\/it\/#organization\"},\"potentialAction\":[{\"@type\":\"SearchAction\",\"target\":{\"@type\":\"EntryPoint\",\"urlTemplate\":\"https:\/\/www.etoro.com\/it\/?s={search_term_string}\"},\"query-input\":{\"@type\":\"PropertyValueSpecification\",\"valueRequired\":true,\"valueName\":\"search_term_string\"}}],\"inLanguage\":\"it\"},[]]}<\/script>","yoast_head_json":{"title":"Trading 24\/5: una guida all'accesso continuo ai mercati","description":"Scopri il trading 24\/5 e come pu\u00f2 aiutarti a leggere le opportunit\u00e0 di mercato. Analizza i vantaggi, i rischi e le strategie per il trading 24\/5.","robots":{"index":"index","follow":"follow","max-snippet":"max-snippet:-1","max-image-preview":"max-image-preview:large","max-video-preview":"max-video-preview:-1"},"canonical":"https:\/\/www.etoro.com\/it\/wp-json\/wp\/v2\/pages\/1073197","og_locale":"it_IT","og_type":"article","og_title":"Trading 24\/5: una guida all'accesso continuo ai mercati","og_description":"Scopri il trading 24\/5 e come pu\u00f2 aiutarti a leggere le opportunit\u00e0 di mercato. Analizza i vantaggi, i rischi e le strategie per il trading 24\/5.","og_url":"https:\/\/www.etoro.com\/it\/wp-json\/wp\/v2\/pages\/1073197","og_site_name":"eToro","article_publisher":"https:\/\/www.facebook.com\/eToro\/","article_modified_time":"2025-12-04T14:30:35+00:00","og_image":[{"width":1200,"height":630,"url":"https:\/\/www.etoro.com\/wp-content\/uploads\/2025\/12\/IT-24_5-Trading_Social-Image.png","type":"image\/png"}],"twitter_card":"summary_large_image","twitter_site":"@eToro","twitter_misc":{"Est. reading time":"6 minutes"},"schema":{"@context":"https:\/\/schema.org","@graph":[{"@type":"WebPage","@id":"https:\/\/www.etoro.com\/it\/trading\/24-5-trading\/","url":"https:\/\/www.etoro.com\/it\/trading\/24-5-trading\/","name":"Trading 24\/5: una guida all'accesso continuo ai mercati","isPartOf":{"@id":"https:\/\/www.etoro.com\/it\/#website"},"primaryImageOfPage":{"@id":"https:\/\/www.etoro.com\/it\/trading\/24-5-trading\/#primaryimage"},"image":{"@id":"https:\/\/www.etoro.com\/it\/trading\/24-5-trading\/#primaryimage"},"thumbnailUrl":"https:\/\/www.etoro.com\/wp-content\/uploads\/2025\/12\/IT-24_5-Trading_Social-Image.png","datePublished":"2025-05-09T10:08:51+00:00","dateModified":"2025-12-04T14:30:35+00:00","description":"Scopri il trading 24\/5 e come pu\u00f2 aiutarti a leggere le opportunit\u00e0 di mercato. Analizza i vantaggi, i rischi e le strategie per il trading 24\/5.","breadcrumb":{"@id":"https:\/\/www.etoro.com\/it\/trading\/24-5-trading\/#breadcrumb"},"inLanguage":"it","potentialAction":[{"@type":"ReadAction","target":["https:\/\/www.etoro.com\/it\/trading\/24-5-trading\/"]}]},{"@type":"ImageObject","inLanguage":"it","@id":"https:\/\/www.etoro.com\/it\/trading\/24-5-trading\/#primaryimage","url":"https:\/\/www.etoro.com\/wp-content\/uploads\/2025\/12\/IT-24_5-Trading_Social-Image.png","contentUrl":"https:\/\/www.etoro.com\/wp-content\/uploads\/2025\/12\/IT-24_5-Trading_Social-Image.png","width":1200,"height":630},{"@type":"BreadcrumbList","@id":"https:\/\/www.etoro.com\/it\/trading\/24-5-trading\/#breadcrumb","itemListElement":[{"@type":"ListItem","position":1,"name":"Home","item":"https:\/\/www.etoro.com\/it\/"},{"@type":"ListItem","position":2,"name":"TRADING","item":"https:\/\/www.etoro.com\/it\/trading\/"},{"@type":"ListItem","position":3,"name":"Guida completa al trading 24\/5"}]},{"@type":"WebSite","@id":"https:\/\/www.etoro.com\/it\/#website","url":"https:\/\/www.etoro.com\/it\/","name":"eToro","description":"","publisher":{"@id":"https:\/\/www.etoro.com\/it\/#organization"},"potentialAction":[{"@type":"SearchAction","target":{"@type":"EntryPoint","urlTemplate":"https:\/\/www.etoro.com\/it\/?s={search_term_string}"},"query-input":{"@type":"PropertyValueSpecification","valueRequired":true,"valueName":"search_term_string"}}],"inLanguage":"it"},[]]}},"_links":{"self":[{"href":"https:\/\/www.etoro.com\/it\/wp-json\/wp\/v2\/pages\/1073197"}],"collection":[{"href":"https:\/\/www.etoro.com\/it\/wp-json\/wp\/v2\/pages"}],"about":[{"href":"https:\/\/www.etoro.com\/it\/wp-json\/wp\/v2\/types\/page"}],"author":[{"embeddable":true,"href":"https:\/\/www.etoro.com\/it\/wp-json\/wp\/v2\/users\/96"}],"replies":[{"embeddable":true,"href":"https:\/\/www.etoro.com\/it\/wp-json\/wp\/v2\/comments?post=1073197"}],"version-history":[{"count":0,"href":"https:\/\/www.etoro.com\/it\/wp-json\/wp\/v2\/pages\/1073197\/revisions"}],"up":[{"embeddable":true,"href":"https:\/\/www.etoro.com\/it\/wp-json\/wp\/v2\/pages\/18387"}],"wp:featuredmedia":[{"embeddable":true,"href":"https:\/\/www.etoro.com\/it\/wp-json\/wp\/v2\/media\/1183006"}],"wp:attachment":[{"href":"https:\/\/www.etoro.com\/it\/wp-json\/wp\/v2\/media?parent=1073197"}],"wp:term":[{"taxonomy":"asset_type","embeddable":true,"href":"https:\/\/www.etoro.com\/it\/wp-json\/wp\/v2\/asset_type?post=1073197"}],"curies":[{"name":"wp","href":"https:\/\/api.w.org\/{rel}","templated":true}]}}