{"id":1073367,"date":"2025-05-09T15:06:13","date_gmt":"2025-05-09T12:06:13","guid":{"rendered":"https:\/\/www.etoro.com\/investing\/fractional-shares\/"},"modified":"2025-06-04T12:26:52","modified_gmt":"2025-06-04T09:26:52","slug":"fractional-shares","status":"publish","type":"page","link":"https:\/\/www.etoro.com\/it\/investing\/fractional-shares\/","title":{"rendered":"Guida completa alle azioni frazionarie"},"content":{"rendered":"\n<p class=\"is-style-summary\">Le azioni frazionarie permettono di <strong>acquistare solo una parte di un\u2019azione intera<\/strong>. Sono un punto di svolta che rende l\u2019investimento pi\u00f9 accessibile, soprattutto per i nuovi investitori con capitali ridotti e voglia di iniziare in modo flessibile.<\/p>\n\n\n\n<hr class=\"wp-block-separator wp-block-separator-color-dark-grey wp-block-separator-spaces-medium wp-block-separator-weight-1\"\/>\n\n\n\n<p>Investire nel mercato azionario a volte pu\u00f2 sembrare un\u2019attivit\u00e0 riservata a un club esclusivo, in particolare quando si guarda ai <strong>prezzi delle azioni di alcune delle societ\u00e0 pi\u00f9 grandi del mondo<\/strong>. Ma cosa succederebbe se tu potessi possedere solo una piccola parte di quella societ\u00e0?<\/p>\n\n\n\n<figure class=\"wp-block-image\"><img decoding=\"async\" src=\"https:\/\/www.etoro.com\/wp-content\/uploads\/2025\/05\/Body-Image-1_-What-Are-Fractional-Shares_.png\" alt=\"Image related to Cosa sono le azioni frazionarie?\" class=\"wp-image-desktop\"\/><\/figure>\n\n\n\n<h2 class=\"wp-block-heading\">Cosa sono le azioni frazionarie?<\/h2>\n\n\n\n<p>Le azioni frazionarie permettono di acquistare meno di un\u2019intera azione, <strong>investendo anche piccole somme<\/strong>. \u00c8 un modo semplice per diversificare, accedere a titoli costosi e iniziare a costruire un portafoglio anche con capitali ridotti.<\/p>\n\n\n\n<p>Invece di dover allocare l&#8217;intero importo per acquistare un&#8217;azione, puoi investire una somma di denaro inferiore&nbsp;per <strong>acquistarne una porzione<\/strong>, o frazione. In un certo senso, \u00e8 come acquistare una fetta invece che la torta intera.<\/p>\n\n\n\n<p>Se un\u2019azione intera costa 1.000$, ma tu vuoi investire solo 100 $, con le azioni frazionarie puoi acquistare un decimo di quel <a href=\"https:\/\/www.etoro.com\/it\/investing\/guides\/fintech\/understanding-stocks\/\">titolo<\/a>. Questo approccio <strong>offre la possibilit\u00e0 di investire in titoli azionari<\/strong>&nbsp;il cui prezzo pieno potrebbe altrimenti essere fuori portata.<\/p>\n\n\n\n<h2 class=\"wp-block-heading\">Come funzionano le azioni frazionarie?<\/h2>\n\n\n\n<p>Le azioni frazionarie funzionano cos\u00ec: <strong>il broker acquista azioni intere e ne vende porzioni ai clienti in base all\u2019importo investito<\/strong>. Tu scegli quanto spendere, e il broker ti assegna la quota equivalente del titolo, gestendo tutto in modo automatico.<\/p>\n\n\n\n<p>Il broker potrebbe gi\u00e0 detenere azioni intere, oppure aggregare il tuo ordine con altri per acquistare azioni intere. La <strong>vendita funziona in modo simile<\/strong>: specifichi l&#8217;importo che desideri vendere e il broker gestisce la transazione, accreditando di conseguenza il tuo conto.<\/p>\n\n\n\n<p>Fondamentalmente, se la societ\u00e0 paga dividendi,\u00a0in genere riceverai la tua quota proporzionale in base alla frazione che possiedi.\u00a0Ad esempio, se possiedi met\u00e0 azione, riceverai met\u00e0 del <a href=\"https:\/\/www.etoro.com\/it\/investing\/what-are-dividends\/\">dividendo<\/a>.<\/p>\n\n\n\n<h2 class=\"wp-block-heading\">Quali sono i vantaggi delle azioni frazionarie?<\/h2>\n\n\n\n<p>Le azioni frazionarie permettono di&nbsp;<strong>investire anche piccole somme in titoli costosi<\/strong>, favorendo l\u2019accesso ai mercati. Offrono maggiore flessibilit\u00e0, diversificazione e possibilit\u00e0 di reinvestire facilmente. Sono ideali per chi inizia o per chi vuole costruire un portafoglio con pochi euro.<\/p>\n\n\n\n<figure class=\"wp-block-image\"><img decoding=\"async\" src=\"https:\/\/www.etoro.com\/wp-content\/uploads\/2025\/05\/Body-Image-2_-How-Do-Fractional-Shares-Work_.png\" alt=\"Image related to Come funzionano le azioni frazionarie?\" class=\"wp-image-desktop\"\/><\/figure>\n\n\n\n<h3 class=\"wp-block-heading\">Accessibilit\u00e0 e convenienza<\/h3>\n\n\n\n<p>Il vantaggio pi\u00f9 significativo \u00e8 la <strong>minore barriera all&#8217;ingresso<\/strong>. Non hai bisogno di centinaia o migliaia di dollari per iniziare. Con le azioni frazionarie, puoi iniziare a investire con somme molto pi\u00f9 piccole.&nbsp;<\/p>\n\n\n\n<p>Investendo in azioni frazionarie \u00e8 pi\u00f9 facile approcciarsi ai <a href=\"https:\/\/www.etoro.com\/it\/stocks\/top-stocks-to-buy\/\">titoli azionari ad alto prezzo<\/a>. I giganti tecnologici statunitensi Apple, Amazon e Google (Alphabet), ad esempio, hanno prezzi azionari che richiedono agli investitori di fornire un capitale rilevante <strong>anche per un solo titolo<\/strong>. Con le azioni frazionarie, l&#8217;importo che investi si basa sulla quantit\u00e0 di denaro che vuoi&nbsp;investire, non sul prezzo delle azioni.<\/p>\n\n\n\n<h3 class=\"wp-block-heading\">Diversificazione<\/h3>\n\n\n\n<p>La <a href=\"https:\/\/www.etoro.com\/it\/investing\/how-to-build-a-diversified-portfolio\/\">diversificazione<\/a>\u00a0\u00e8 uno dei fondamenti per una sana strategia di investimento \u2014\u00a0distribuire il tuo denaro tra diversi investimenti per ridurre\u00a0il\u00a0<strong>rischio<\/strong>.<\/p>\n\n\n\n<p>Le azioni frazionarie facilitano <a href=\"https:\/\/www.etoro.com\/it\/investing\/how-to-build-a-diversified-portfolio\/\">la diversificazione<\/a>, <strong>soprattutto per chi ha capitali limitati<\/strong>. Invece di mettere tutti i tuoi 100$ in un&#8217;unica azione, potresti potenzialmente dividerli tra cinque o dieci societ\u00e0 diverse acquistando frazioni dei vari titoli. Cos\u00ec si pu\u00f2 costruire un portafoglio pi\u00f9 equilibrato&nbsp;fin dall&#8217;inizio.<\/p>\n\n\n\n<div class=\"wp-block-etoro-tip wp-block-etoro-tip-border-yellow\"><span class=\"wp-block-etoro-tip-icon\"><\/span><div class=\"wp-block-etoro-tip-text\">\n<p><strong>Suggerimento:<\/strong> La costanza \u00e8 importante. La convenienza delle azioni frazionarie pu\u00f2 aiutarti a investire regolarmente piccole somme fisse nel mercato.<\/p>\n<\/div><\/div>\n\n\n\n<h3 class=\"wp-block-heading\">DCA e investimenti ricorrenti<\/h3>\n\n\n\n<p>Le azioni frazionarie sono ideali per implementare una <strong>strategia di investimento ricorrente o <\/strong><a href=\"https:\/\/www.etoro.com\/it\/investing\/dollar-cost-averaging\/\"><strong>DCA<\/strong><\/a>.<\/p>\n\n\n\n<p>In questo modo,<strong>&nbsp;acquisti pi\u00f9 frazioni quando il prezzo \u00e8 basso&nbsp;e meno quando \u00e8 alto<\/strong>. Le azioni frazionarie sono molto utili in tal senso, perch\u00e9 permettono di investire con costanza la somma fissa scelta (50$, 100$, ecc.) ogni volta, acquisendo la frazione corrispondente seguendo i principi del <a href=\"https:\/\/www.etoro.com\/it\/investing\/dollar-cost-averaging\/\">DCA<\/a>.<\/p>\n\n\n\n<h2 class=\"wp-block-heading\">Ci sono rischi nell&#8217;acquisto di azioni frazionarie?<\/h2>\n\n\n\n<p>Le azioni frazionarie non eliminano la volatilit\u00e0 di mercato e sono limitanti sotto certi punti di vista dato che, ad esempio, non danno il diritto di voto. Inoltre, <strong>non tutte le piattaforme offrono liquidit\u00e0 immediata<\/strong>&nbsp;per questo tipo di strumento.<\/p>\n\n\n\n<figure class=\"wp-block-image\"><img decoding=\"async\" src=\"https:\/\/www.etoro.com\/wp-content\/uploads\/2025\/05\/Body-Image-3_-Are-There-Risks-to-Buying-Fractional-Shares_.png\" alt=\"Image related to Ci sono rischi nell'acquisto di azioni frazionarie?\" class=\"wp-image-desktop\"\/><\/figure>\n\n\n\n<h3 class=\"wp-block-heading\">Liquidit\u00e0 e trasferibilit\u00e0 limitate<\/h3>\n\n\n\n<p>Le azioni frazionarie potrebbero non essere sempre negoziabili istantaneamente come le azioni intere. La <a href=\"https:\/\/www.etoro.com\/it\/trading\/asset-class-characteristics\/\">loro liquidit\u00e0<\/a>\u00a0pu\u00f2 dipendere dalla capacit\u00e0 del broker di abbinare acquirenti e venditori o di gestire le azioni intere.<\/p>\n\n\n\n<p>Inoltre, il trasferimento di azioni frazionarie tra diversi broker a volte pu\u00f2 essere problematico,&nbsp;poich\u00e9<strong>&nbsp;non tutte le piattaforme le supportano<\/strong>&nbsp;oppure potrebbero richiederti di liquidare (vendere) prima la posizione, facendo lievitare i costi di transazione legati alle commissioni.<\/p>\n\n\n\n<h3 class=\"wp-block-heading\">Nessun diritto di voto<\/h3>\n\n\n\n<p>Chi possiede azioni&nbsp;frazionarie <strong>non gode del diritto di voto<\/strong>. Sebbene tale aspetto potrebbe non essere importante per molti piccoli investitori, \u00e8 comunque una differenza rispetto alle azioni intere.<\/p>\n\n\n\n<h3 class=\"wp-block-heading\">Dipendenza dal broker e commissioni<\/h3>\n\n\n\n<p>Le azioni frazionarie sono gestite all\u2019interno del tuo conto broker in modo diverso<strong>&nbsp;a seconda delle regole di ciascuna piattaforma<\/strong>. Ogni broker pu\u00f2 fissare importi minimi, tipi di azioni frazionabili e applicare commissioni diverse (da verificare sempre con grande attenzione).<\/p>\n\n\n\n<div class=\"wp-block-etoro-tip wp-block-etoro-tip-border-yellow\"><span class=\"wp-block-etoro-tip-icon\"><\/span><div class=\"wp-block-etoro-tip-text\">\n<p><strong>Suggerimento:<\/strong> Anche nel caso in cui il capitale allocato non sia particolarmente alto, \u00e8 sempre consigliabile applicare gli stessi criteri di selezione dei titoli che useresti se stessi acquistando un&#8217;azione intera.<\/p>\n<\/div><\/div>\n\n\n\n<h2 class=\"wp-block-heading\">Come acquistare e vendere azioni frazionarie<\/h2>\n\n\n\n<p>Comprare azioni frazionarie \u00e8 semplice: <strong>scegli il broker, ti registri, decidi il titolo, inserisci l\u2019importo che vuoi investire (anche pochi euro) e conferma l\u2019ordine<\/strong>. Tutto avviene sulla piattaforma, come per le azioni intere, ma compri solo una parte dell\u2019azione.<\/p>\n\n\n\n<ol class=\"wp-block-list wp-block-list\">\n<li><strong>Apri il tuo account ed effettua una ricarica:<\/strong>\u00a0per prima cosa, devi avere un conto presso un broker che offra azioni frazionarie, e <a href=\"https:\/\/www.etoro.com\/it\/customer-service\/deposit-faq\/\">depositare dei fondi<\/a>.<\/li>\n\n\n\n<li><strong>Scegli il titolo:<\/strong>\u00a0cerca la societ\u00e0 in cui desideri investire.<\/li>\n\n\n\n<li><strong>Specifica l&#8217;importo dell&#8217;investimento:<\/strong>\u00a0invece di inserire il numero di azioni, di solito si dovr\u00e0 inserire l&#8217;importo monetario\u00a0(ad esempio, 50$) che desideri investire. La piattaforma calcoler\u00e0 la frazione corrispondente in base all&#8217;attuale prezzo di mercato.<\/li>\n\n\n\n<li><strong>Effettua il tuo ordine:<\/strong>\u00a0conferma i dettagli ed effettua l\u2019ordine di acquisto. L&#8217;azione frazionaria verr\u00e0 aggiunta al tuo portafoglio.<\/li>\n\n\n\n<li><strong>Vendita:<\/strong> la procedura per la vendita \u00e8 simile. In genere, puoi scegliere di vendere una frazione specifica o un valore monetario equivalente della tua partecipazione.<\/li>\n<\/ol>\n\n\n\n<h2 class=\"wp-block-heading\">Considerazioni finali<\/h2>\n\n\n\n<p>Le azioni frazionarie hanno democratizzato l&#8217;<a href=\"https:\/\/www.etoro.com\/it\/academy\/courses\/investing-101\/\">investimento<\/a>, <strong>consentendo a pi\u00f9 persone di partecipare alla potenziale crescita delle principali societ\u00e0<\/strong>&nbsp;e di costruire portafogli diversificati, anche con un modesto capitale iniziale.<\/p>\n\n\n\n<p>Indipendentemente dallo strumento scelto, bisogna sempre seguire le <a href=\"https:\/\/www.etoro.com\/it\/investing\/five-golden-rules-of-investing\/\">regole d&#8217;oro dell&#8217;investimento<\/a>. Usando le azioni frazionarie \u00e8 pi\u00f9 semplice investire in un modo adatto ai tuoi obiettivi di investimento&nbsp;personali.<\/p>\n\n\n\n<p>Scopri di pi\u00f9 sull&#8217;investimento&nbsp;in azioni frazionarie unendoti all&#8217;<a href=\"https:\/\/www.etoro.com\/it\/academy\/\">eToro&nbsp;Academy<\/a>.<\/p>\n\n\n\n<h2 class=\"wp-block-heading\">Domande frequenti<\/h2>\n\n\n\n<dl class=\"wp-block-etoro-faq\">\n<div class=\"wp-block-etoro-faq-item\"><dt class=\"wp-block-etoro-faq-item-question\">Si possono ricevere i dividendi sulle azioni frazionarie?<\/dt><dd class=\"wp-block-etoro-faq-item-answer\">\n<p>S\u00ec, assolutamente. Se possiedi un&#8217;azione frazionaria in una societ\u00e0 che paga <a href=\"https:\/\/help.etoro.com\/s\/article\/does-etoro-pay-dividends?language=it\">dividendi<\/a>, hai diritto a ricevere una quota proporzionale di tale dividendo. Ad esempio, se possiedi un quarto di un&#8217;azione (il 25%) e la societ\u00e0 paga un dividendo di 1$ per azione intera, riceveresti 0,25$.<\/p>\n<\/dd><\/div>\n\n\n\n<div class=\"wp-block-etoro-faq-item\"><dt class=\"wp-block-etoro-faq-item-question\">Si pagano le tasse sulle azioni frazionarie?<\/dt><dd class=\"wp-block-etoro-faq-item-answer\">\n<p>S\u00ec. I profitti derivanti dalla vendita di azioni frazionarie, ovvero il capital gain ed&nbsp;eventuali dividendi ricevuti sono soggetti ai consueti protocolli <a href=\"https:\/\/help.etoro.com\/s\/article\/Tax-Report-for-Italian-Residents?language=it\">fiscali<\/a>, proprio come i guadagni e i dividendi derivanti da azioni intere. Le norme fiscali possono essere complesse e soggette a modifiche. Di conseguenza, \u00e8 consigliabile conservare tutta la documentazione necessaria e rivolgersi a un professionista tributario in caso di dubbi.<\/p>\n<\/dd><\/div>\n\n\n\n<div class=\"wp-block-etoro-faq-item\"><dt class=\"wp-block-etoro-faq-item-question\">In quali Paesi sono disponibili le azioni frazionarie?<\/dt><dd class=\"wp-block-etoro-faq-item-answer\">\n<p>Le azioni frazionarie sono disponibili nei principali mercati come gli <a href=\"https:\/\/www.etoro.com\/it\/discover\/screener?InternalExchangeId=5\">Stati Uniti<\/a>&nbsp;e il Regno Unito.&nbsp;La disponibilit\u00e0 sta crescendo rapidamente in tutta Europa e in altre parti del mondo man mano che sempre pi\u00f9 broker adottano questa tecnologia. Tuttavia, l\u2019effettiva disponibilit\u00e0 pu\u00f2 variare in base al broker e al titolo specifico, quindi verifica sempre sulla piattaforma di tuo interesse.<\/p>\n<\/dd><\/div>\n\n\n\n<div class=\"wp-block-etoro-faq-item\"><dt class=\"wp-block-etoro-faq-item-question\">Puoi acquistare azioni frazionarie sugli ETF?<\/dt><dd class=\"wp-block-etoro-faq-item-answer\">\n<p>S\u00ec, molti broker che offrono le azioni frazionarie per i titoli azionari di singole societ\u00e0, le offrono anche per i fondi negoziati in borsa&nbsp;(<a href=\"https:\/\/www.etoro.com\/it\/investing\/what-is-etf\/\">ETF<\/a>). Questo aspetto non andrebbe sottovalutato, dato che i seguenti strumenti di investimento sono gi\u00e0 un paniere diversificato di attivit\u00e0 e la possibilit\u00e0 di acquistarne unit\u00e0 frazionarie rende il loro accesso ancora pi\u00f9 pratico e flessibile.<\/p>\n<\/dd><\/div>\n<\/dl>\n\n\n\n\t\t<style>\n\t\t\t.rtl .etoro-block-shortcode-disclaimer {\n\t\t\t\ttext-align:right;\n\t\t\t}\n\t\t\t.etoro-block-shortcode-disclaimer {\n\t\t\t\tmargin-bottom:18px;\n\t\t\t\ttext-align:left;\n\t\t\t}\n\t\t\t.etoro-block-shortcode-disclaimer p{\n\t\t\t\tfont-size: 12px;\n\t\t\t\tline-height: 18px;\n\t\t\t}\n\t\t\t@media (min-width: 768px) {\n\t\t\t\t.etoro-block-shortcode-disclaimer {\n\t\t\t\t\tmax-width:1176px;\n\t\t\t\t\ttext-align:center;\n\t\t\t\t}\n\t\t\t\t.etoro-block-shortcode-disclaimer p {\n\t\t\t\t\tfont-size: 14px;\n\t\t\t\t\tline-height: 20px;\n\t\t\t\t}\n\t\t\t}\n\t\t<\/style>\n\t\t<div class='etoro-block-shortcode-disclaimer'><p>Le presenti informazioni vengono fornite al solo scopo educativo e non rappresentano consigli d\u2019investimento o suggerimenti personali. Tali informazioni non devono quindi essere interpretate come offerte o solleciti di compravendita di strumenti finanziari.<\/p>\n<p>Il materiale \u00e8 stato preparato senza tener conto di precisi obiettivi d\u2019investimento o specifiche situazioni finanziarie e non soddisfa pertanto i criteri legali e legislativi previsti per la promozione di ricerche indipendenti.<\/p>\n<p><strong>Non tutti gli strumenti finanziari e i servizi cui viene fatto riferimento sono offerti da eToro<\/strong> e qualsiasi riferimento alle prestazioni passate di uno specifico strumento, indice o prodotto d\u2019investimento preassemblato non rappresenta n\u00e9 deve essere interpretato come un indicatore affidabile di possibili prestazioni future. <strong>La disponibilit\u00e0 di tutti i prodotti e servizi sopra menzionati pu\u00f2 variare a seconda della giurisdizione e del Paese.<\/strong><\/p>\n<p>eToro non offre alcuna garanzia n\u00e9 si assume la responsabilit\u00e0 in merito all\u2019accuratezza o alla completezza del contenuto esposto nella presente guida. Il lettore deve garantire di aver compreso appieno i rischi comportati dal trading prima di impegnare capitale. Si sconsiglia di mettere a rischio pi\u00f9 denaro di quanto non se ne possa perdere.<\/p>\n<\/div>\n","protected":false},"excerpt":{"rendered":"<p>Le azioni frazionarie permettono di acquistare solo una parte di un\u2019azione intera. Sono un punto di svolta che rende l\u2019investimento pi\u00f9 accessibile, soprattutto per i nuovi investitori con capitali ridotti e voglia di iniziare in modo flessibile. Investire nel mercato azionario a volte pu\u00f2 sembrare un\u2019attivit\u00e0 riservata a un club esclusivo, in particolare quando si&hellip;<\/p>\n","protected":false},"author":96,"featured_media":1073370,"parent":19765,"menu_order":0,"comment_status":"closed","ping_status":"closed","template":"","meta":{"_acf_changed":false,"inline_featured_image":false,"sticky_cta_settings":"","footnotes":""},"asset_type":[],"class_list":["post-1073367","page","type-page","status-publish","has-post-thumbnail","hentry"],"acf":[],"yoast_head":"<title>Comprendere le azioni frazionarie e come funzionano<\/title>\n<meta name=\"description\" content=\"Scopri di pi\u00f9 sulle azioni frazionarie e sul loro funzionamento. Come usare le azioni frazionarie per iniziare a investire nelle grandi societ\u00e0.\" \/>\n<meta name=\"robots\" content=\"index, follow, max-snippet:-1, max-image-preview:large, max-video-preview:-1\" \/>\n<link rel=\"canonical\" href=\"https:\/\/www.etoro.com\/it\/wp-json\/wp\/v2\/pages\/1073367\" \/>\n<meta property=\"og:locale\" content=\"it_IT\" \/>\n<meta property=\"og:type\" content=\"article\" \/>\n<meta property=\"og:title\" content=\"Comprendere le azioni frazionarie e come funzionano\" \/>\n<meta property=\"og:description\" content=\"Scopri di pi\u00f9 sulle azioni frazionarie e sul loro funzionamento. Come usare le azioni frazionarie per iniziare a investire nelle grandi societ\u00e0.\" \/>\n<meta property=\"og:url\" content=\"https:\/\/www.etoro.com\/it\/wp-json\/wp\/v2\/pages\/1073367\" \/>\n<meta property=\"og:site_name\" content=\"eToro\" \/>\n<meta property=\"article:publisher\" content=\"https:\/\/www.facebook.com\/eToro\/\" \/>\n<meta property=\"article:modified_time\" content=\"2025-06-04T09:26:52+00:00\" \/>\n<meta property=\"og:image\" content=\"https:\/\/www.etoro.com\/wp-content\/uploads\/2025\/06\/IT-Understanding-Fractional-Shares_Social-Image.png\" \/>\n\t<meta property=\"og:image:width\" content=\"1200\" \/>\n\t<meta property=\"og:image:height\" content=\"630\" \/>\n\t<meta property=\"og:image:type\" content=\"image\/png\" \/>\n<meta name=\"twitter:card\" content=\"summary_large_image\" \/>\n<meta name=\"twitter:site\" content=\"@eToro\" \/>\n<meta name=\"twitter:label1\" content=\"Est. reading time\" \/>\n\t<meta name=\"twitter:data1\" content=\"7 minutes\" \/>\n<script type=\"application\/ld+json\" class=\"yoast-schema-graph\">{\"@context\":\"https:\/\/schema.org\",\"@graph\":[{\"@type\":\"WebPage\",\"@id\":\"https:\/\/www.etoro.com\/it\/investing\/fractional-shares\/\",\"url\":\"https:\/\/www.etoro.com\/it\/investing\/fractional-shares\/\",\"name\":\"Comprendere le azioni frazionarie e come funzionano\",\"isPartOf\":{\"@id\":\"https:\/\/www.etoro.com\/it\/#website\"},\"primaryImageOfPage\":{\"@id\":\"https:\/\/www.etoro.com\/it\/investing\/fractional-shares\/#primaryimage\"},\"image\":{\"@id\":\"https:\/\/www.etoro.com\/it\/investing\/fractional-shares\/#primaryimage\"},\"thumbnailUrl\":\"https:\/\/www.etoro.com\/wp-content\/uploads\/2025\/06\/IT-Understanding-Fractional-Shares_Social-Image.png\",\"datePublished\":\"2025-05-09T12:06:13+00:00\",\"dateModified\":\"2025-06-04T09:26:52+00:00\",\"description\":\"Scopri di pi\u00f9 sulle azioni frazionarie e sul loro funzionamento. Come usare le azioni frazionarie per iniziare a investire nelle grandi societ\u00e0.\",\"breadcrumb\":{\"@id\":\"https:\/\/www.etoro.com\/it\/investing\/fractional-shares\/#breadcrumb\"},\"inLanguage\":\"it\",\"potentialAction\":[{\"@type\":\"ReadAction\",\"target\":[\"https:\/\/www.etoro.com\/it\/investing\/fractional-shares\/\"]}]},{\"@type\":\"ImageObject\",\"inLanguage\":\"it\",\"@id\":\"https:\/\/www.etoro.com\/it\/investing\/fractional-shares\/#primaryimage\",\"url\":\"https:\/\/www.etoro.com\/wp-content\/uploads\/2025\/06\/IT-Understanding-Fractional-Shares_Social-Image.png\",\"contentUrl\":\"https:\/\/www.etoro.com\/wp-content\/uploads\/2025\/06\/IT-Understanding-Fractional-Shares_Social-Image.png\",\"width\":1200,\"height\":630},{\"@type\":\"BreadcrumbList\",\"@id\":\"https:\/\/www.etoro.com\/it\/investing\/fractional-shares\/#breadcrumb\",\"itemListElement\":[{\"@type\":\"ListItem\",\"position\":1,\"name\":\"Home\",\"item\":\"https:\/\/www.etoro.com\/it\/\"},{\"@type\":\"ListItem\",\"position\":2,\"name\":\"Investire\",\"item\":\"https:\/\/www.etoro.com\/it\/investing\/\"},{\"@type\":\"ListItem\",\"position\":3,\"name\":\"Guida completa alle azioni frazionarie\"}]},{\"@type\":\"WebSite\",\"@id\":\"https:\/\/www.etoro.com\/it\/#website\",\"url\":\"https:\/\/www.etoro.com\/it\/\",\"name\":\"eToro\",\"description\":\"\",\"publisher\":{\"@id\":\"https:\/\/www.etoro.com\/it\/#organization\"},\"potentialAction\":[{\"@type\":\"SearchAction\",\"target\":{\"@type\":\"EntryPoint\",\"urlTemplate\":\"https:\/\/www.etoro.com\/it\/?s={search_term_string}\"},\"query-input\":{\"@type\":\"PropertyValueSpecification\",\"valueRequired\":true,\"valueName\":\"search_term_string\"}}],\"inLanguage\":\"it\"},[]]}<\/script>","yoast_head_json":{"title":"Comprendere le azioni frazionarie e come funzionano","description":"Scopri di pi\u00f9 sulle azioni frazionarie e sul loro funzionamento. Come usare le azioni frazionarie per iniziare a investire nelle grandi societ\u00e0.","robots":{"index":"index","follow":"follow","max-snippet":"max-snippet:-1","max-image-preview":"max-image-preview:large","max-video-preview":"max-video-preview:-1"},"canonical":"https:\/\/www.etoro.com\/it\/wp-json\/wp\/v2\/pages\/1073367","og_locale":"it_IT","og_type":"article","og_title":"Comprendere le azioni frazionarie e come funzionano","og_description":"Scopri di pi\u00f9 sulle azioni frazionarie e sul loro funzionamento. Come usare le azioni frazionarie per iniziare a investire nelle grandi societ\u00e0.","og_url":"https:\/\/www.etoro.com\/it\/wp-json\/wp\/v2\/pages\/1073367","og_site_name":"eToro","article_publisher":"https:\/\/www.facebook.com\/eToro\/","article_modified_time":"2025-06-04T09:26:52+00:00","og_image":[{"width":1200,"height":630,"url":"https:\/\/www.etoro.com\/wp-content\/uploads\/2025\/06\/IT-Understanding-Fractional-Shares_Social-Image.png","type":"image\/png"}],"twitter_card":"summary_large_image","twitter_site":"@eToro","twitter_misc":{"Est. reading time":"7 minutes"},"schema":{"@context":"https:\/\/schema.org","@graph":[{"@type":"WebPage","@id":"https:\/\/www.etoro.com\/it\/investing\/fractional-shares\/","url":"https:\/\/www.etoro.com\/it\/investing\/fractional-shares\/","name":"Comprendere le azioni frazionarie e come funzionano","isPartOf":{"@id":"https:\/\/www.etoro.com\/it\/#website"},"primaryImageOfPage":{"@id":"https:\/\/www.etoro.com\/it\/investing\/fractional-shares\/#primaryimage"},"image":{"@id":"https:\/\/www.etoro.com\/it\/investing\/fractional-shares\/#primaryimage"},"thumbnailUrl":"https:\/\/www.etoro.com\/wp-content\/uploads\/2025\/06\/IT-Understanding-Fractional-Shares_Social-Image.png","datePublished":"2025-05-09T12:06:13+00:00","dateModified":"2025-06-04T09:26:52+00:00","description":"Scopri di pi\u00f9 sulle azioni frazionarie e sul loro funzionamento. Come usare le azioni frazionarie per iniziare a investire nelle grandi societ\u00e0.","breadcrumb":{"@id":"https:\/\/www.etoro.com\/it\/investing\/fractional-shares\/#breadcrumb"},"inLanguage":"it","potentialAction":[{"@type":"ReadAction","target":["https:\/\/www.etoro.com\/it\/investing\/fractional-shares\/"]}]},{"@type":"ImageObject","inLanguage":"it","@id":"https:\/\/www.etoro.com\/it\/investing\/fractional-shares\/#primaryimage","url":"https:\/\/www.etoro.com\/wp-content\/uploads\/2025\/06\/IT-Understanding-Fractional-Shares_Social-Image.png","contentUrl":"https:\/\/www.etoro.com\/wp-content\/uploads\/2025\/06\/IT-Understanding-Fractional-Shares_Social-Image.png","width":1200,"height":630},{"@type":"BreadcrumbList","@id":"https:\/\/www.etoro.com\/it\/investing\/fractional-shares\/#breadcrumb","itemListElement":[{"@type":"ListItem","position":1,"name":"Home","item":"https:\/\/www.etoro.com\/it\/"},{"@type":"ListItem","position":2,"name":"Investire","item":"https:\/\/www.etoro.com\/it\/investing\/"},{"@type":"ListItem","position":3,"name":"Guida completa alle azioni frazionarie"}]},{"@type":"WebSite","@id":"https:\/\/www.etoro.com\/it\/#website","url":"https:\/\/www.etoro.com\/it\/","name":"eToro","description":"","publisher":{"@id":"https:\/\/www.etoro.com\/it\/#organization"},"potentialAction":[{"@type":"SearchAction","target":{"@type":"EntryPoint","urlTemplate":"https:\/\/www.etoro.com\/it\/?s={search_term_string}"},"query-input":{"@type":"PropertyValueSpecification","valueRequired":true,"valueName":"search_term_string"}}],"inLanguage":"it"},[]]}},"_links":{"self":[{"href":"https:\/\/www.etoro.com\/it\/wp-json\/wp\/v2\/pages\/1073367"}],"collection":[{"href":"https:\/\/www.etoro.com\/it\/wp-json\/wp\/v2\/pages"}],"about":[{"href":"https:\/\/www.etoro.com\/it\/wp-json\/wp\/v2\/types\/page"}],"author":[{"embeddable":true,"href":"https:\/\/www.etoro.com\/it\/wp-json\/wp\/v2\/users\/96"}],"replies":[{"embeddable":true,"href":"https:\/\/www.etoro.com\/it\/wp-json\/wp\/v2\/comments?post=1073367"}],"version-history":[{"count":0,"href":"https:\/\/www.etoro.com\/it\/wp-json\/wp\/v2\/pages\/1073367\/revisions"}],"up":[{"embeddable":true,"href":"https:\/\/www.etoro.com\/it\/wp-json\/wp\/v2\/pages\/19765"}],"wp:featuredmedia":[{"embeddable":true,"href":"https:\/\/www.etoro.com\/it\/wp-json\/wp\/v2\/media\/1073370"}],"wp:attachment":[{"href":"https:\/\/www.etoro.com\/it\/wp-json\/wp\/v2\/media?parent=1073367"}],"wp:term":[{"taxonomy":"asset_type","embeddable":true,"href":"https:\/\/www.etoro.com\/it\/wp-json\/wp\/v2\/asset_type?post=1073367"}],"curies":[{"name":"wp","href":"https:\/\/api.w.org\/{rel}","templated":true}]}}