{"id":1073451,"date":"2025-05-06T17:52:15","date_gmt":"2025-05-06T14:52:15","guid":{"rendered":"https:\/\/www.etoro.com\/investing\/how-to-invest-in-quantum-computing\/"},"modified":"2025-06-04T13:25:59","modified_gmt":"2025-06-04T10:25:59","slug":"how-to-invest-in-quantum-computing","status":"publish","type":"page","link":"https:\/\/www.etoro.com\/it\/investing\/how-to-invest-in-quantum-computing\/","title":{"rendered":"Investimenti nel quantum computing"},"content":{"rendered":"\n<p class=\"is-style-summary\">La rivoluzionaria tecnologia del quantum computing si sta avvicinando all&#8217;introduzione di cambiamenti radicali nel nostro modo di operare. Nonostante sia difficile prevedere il pieno potenziale di questa tecnologia\u00a0innovativa, gli investitori stanno gi\u00e0 individuando modi per investire nel settore.<\/p>\n\n\n\n<hr class=\"wp-block-separator wp-block-separator-color-dark-grey wp-block-separator-spaces-medium wp-block-separator-weight-1\"\/>\n\n\n\n<p>Il quantum computing \u00e8 diventato un argomento di crescente interesse tra gli investitori grazie al suo potenziale in grado di rivoluzionare settori come<strong> finanza, sanit\u00e0 e cybersecurity<\/strong>.Con l\u2019emergere di nuove scoperte, gli investitori sono alla ricerca di soluzioni per esporsi alla possibile crescita di questa tecnologia.<\/p>\n\n\n\n<h2 class=\"wp-block-heading\">Che cos&#8217;\u00e8 il quantum computing?<\/h2>\n\n\n\n<p>Il quantum computing \u00e8 una tecnologia che sfrutta i <strong>principi della meccanica quantistica<\/strong>&nbsp;per elaborare le informazioni in modo diverso dai computer classici. I computer quantistici utilizzano qubit, che possono esistere in pi\u00f9 stati contemporaneamente.<\/p>\n\n\n\n<p>I computer quantistici potrebbero risolvere problemi molto complessi a velocit\u00e0 senza precedenti, diventando uno strumento prezioso in tutti quei settori in cui la <strong>capacit\u00e0 di calcolo \u00e8 fondamentale<\/strong>.<\/p>\n\n\n\n<figure class=\"wp-block-image\"><img decoding=\"async\" src=\"https:\/\/www.etoro.com\/wp-content\/uploads\/2025\/05\/Body-Image-1_-Why-are-Investors-Excited-About-Quantum-Computing.png\" alt=\"Image related to Perch\u00e9 gli investitori sono entusiasti del quantum computing?\" class=\"wp-image-desktop\"\/><\/figure>\n\n\n\n<h2 class=\"wp-block-heading\">Perch\u00e9 gli investitori sono entusiasti del quantum computing?<\/h2>\n\n\n\n<p><mark>Il quantum computing ha le potenzialit\u00e0 per rivoluzionare diversi settori<\/mark>, dall&#8217;ottimizzazione dei modelli finanziari all&#8217;accelerazione della scoperta di farmaci.&nbsp;<\/p>\n\n\n\n<p>Ecco alcuni dei <strong>motivi principali<\/strong>&nbsp;per cui gli investitori desiderano partecipare a questo settore:<\/p>\n\n\n\n<ul class=\"wp-block-list wp-block-list wp-block-list-circle\">\n<li><strong>Crescita del mercato:<\/strong> si prevede che l&#8217;industria del quantum computing superer\u00e0 i 125 miliardi di dollari entro il 2030.<\/li>\n\n\n\n<li><strong>Adozione aziendale:<\/strong> compagnie come IBM, Google e Microsoft stanno investendo tantissimi soldi nella ricerca quantistica.<\/li>\n\n\n\n<li><strong>Progressi tecnologici:<\/strong> i continui progressi nella scalabilit\u00e0 dei qubit e nella correzione degli errori migliorano le prospettive di commercializzazione.<\/li>\n<\/ul>\n\n\n\n<h2 class=\"wp-block-heading\" id=\"h.azxmk9517ngx\">Quali sono gli strumenti di investimento per esporsi al settore del quantum computing?<\/h2>\n\n\n\n<p>Gli investitori possono <strong>esporsi al quantum computing<\/strong>&nbsp;acquistando azioni di aziende specializzate, oppure tramite <a href=\"https:\/\/www.etoro.com\/it\/investing\/etf\/\">ETF tematici<\/a>&nbsp;che includono titoli del settore. Un\u2019alternativa \u00e8 investire in societ\u00e0 tech coinvolte in ricerca quantistica o in fondi innovazione fra cui Alphabet, Ionq e Palantir.<\/p>\n\n\n\n<figure class=\"wp-block-image\"><img decoding=\"async\" src=\"https:\/\/www.etoro.com\/wp-content\/uploads\/2025\/05\/Body-Image-2_-How-can-Investors-Gain-Exposure-to-Quantum-Computing.png\" alt=\"Image related to Investire nello sviluppo del quantum computing\" class=\"wp-image-desktop\"\/><\/figure>\n\n\n\n<h3 class=\"wp-block-heading\">Investire nello sviluppo del quantum computing<\/h3>\n\n\n\n<p>Alcune delle pi\u00f9 grandi aziende tecnologiche del mondo stanno&nbsp;<strong>guidando la ricerca e la commercializzazione del quantum computing<\/strong>. Gli investitori possono ottenere esposizione con alcuni dei titoli elencati qua sotto.<\/p>\n\n\n\n<ul class=\"wp-block-list wp-block-list wp-block-list-circle\">\n<li><a href=\"https:\/\/www.etoro.com\/it\/markets\/goog\">Alphabet<\/a>: leader nella ricerca e nello sviluppo quantistico, come dimostra il chip Willow.<\/li>\n\n\n\n<li><a href=\"https:\/\/www.etoro.com\/it\/markets\/ibm\">IBM<\/a>: offre servizi cloud quantistici e collabora con varie aziende per trovare campi di applicazione di questa tecnologia.<\/li>\n\n\n\n<li><a href=\"https:\/\/www.etoro.com\/it\/markets\/msft\">Microsoft<\/a>: sta sviluppando un ecosistema scalabile per il quantum computing.<\/li>\n\n\n\n<li><a href=\"https:\/\/www.etoro.com\/it\/markets\/qbts\">D-Wave Quantum<\/a>:&nbsp;sta cercando soluzioni quantistiche da applicare al settore delle vendite.<\/li>\n\n\n\n<li><a href=\"https:\/\/www.etoro.com\/it\/markets\/pltr\">Palantir<\/a>: incorpora la tecnologia del quantum computing nelle sue piattaforme di analisi dei dati.<\/li>\n\n\n\n<li><a href=\"https:\/\/www.etoro.com\/it\/markets\/ionq\">Ionq<\/a>:&nbsp;fondata da accademici, sta mantenendo un approccio pionieristico nel settore.<\/li>\n<\/ul>\n\n\n\n<h3 class=\"wp-block-heading\">ETF ed esposizione al mercato pi\u00f9 ampia<\/h3>\n\n\n\n<p>Per un&#8217;esposizione diversificata, gli ETF che includono azioni di quantum computing possono essere un&#8217;opzione meno volatile:<\/p>\n\n\n\n<ul class=\"wp-block-list wp-block-list wp-block-list-circle\">\n<li>Defiance Quantum ETF: si concentra su aziende impegnate nel quantum computing e nell&#8217;AI.<\/li>\n\n\n\n<li><a href=\"https:\/\/www.etoro.com\/it\/markets\/wcld\">WisdomTree Cloud Computing ETF<\/a>: include azioni di compagnie specializzate nella tecnologia cloud con potenziale applicazione nel quantum computing.<\/li>\n<\/ul>\n\n\n\n<h2 class=\"wp-block-heading\" id=\"h.e0whfrf00pcb\">Settori adiacenti al quantum computing<\/h2>\n\n\n\n<p>Il quantum computing si basa anche su altri settori, come quelli che riguardano semiconduttori, materiali avanzati e intelligenza artificiale. Gli investitori interessati a esporsi indirettamente al settore quantistico, possono puntare su aziende che sviluppano chip, software quantistici e soluzioni AI.<\/p>\n\n\n\n<div class=\"wp-block-etoro-tip wp-block-etoro-tip-border-yellow\"><span class=\"wp-block-etoro-tip-icon\"><\/span><div class=\"wp-block-etoro-tip-text\">\n<p><strong>Suggerimento:<\/strong> Il settore dei semiconduttori presenta barriere all&#8217;ingresso molto significative poich\u00e9 l&#8217;industria richiede tecnologia avanzata e ingenti investimenti di capitali<\/p>\n<\/div><\/div>\n\n\n\n<ul class=\"wp-block-list wp-block-list wp-block-list-circle\">\n<li><strong>Semiconduttori per processori quantistici:<\/strong> prodotti fabbricati e distribuiti da <a href=\"https:\/\/www.etoro.com\/it\/markets\/nvda\">NVIDIA<\/a>\u00a0(NVDA) e <a href=\"https:\/\/www.etoro.com\/it\/markets\/tsm\">Taiwan Semiconductor Manufacturing<\/a>\u00a0(TSM).<\/li>\n\n\n\n<li><strong>Sistemi di raffreddamento criogenici<\/strong>, come quelli prodotti da <a href=\"https:\/\/www.etoro.com\/it\/markets\/ho.pa\">Thales<\/a>.<\/li>\n\n\n\n<li><strong>Soluzioni di cybersecurity Quantum-safe:<\/strong> con le nuove tecnologie arrivano nuove minacce. Aziende come <a href=\"https:\/\/www.etoro.com\/it\/markets\/cybr\">CyberArk<\/a>\u00a0(CYBR)\u00a0offrono servizi per proteggere l&#8217;infrastruttura tecnologica da nuove potenziali minacce associate alla potenza del quantum computing.<\/li>\n<\/ul>\n\n\n\n<h2 class=\"wp-block-heading\">Rischi e opportunit\u00e0 del quantum computing<\/h2>\n\n\n\n<p>Investire nel quantum computing <strong>offre vantaggi come l&#8217;accesso a un settore innovativo con alto potenziale di crescita<\/strong>. Tuttavia, comporta anche degli svantaggi: la tecnologia \u00e8 agli inizi, i titoli sono volatili e l\u2019incertezza normativa resta elevata.<\/p>\n\n\n\n<figure class=\"wp-block-image\"><img decoding=\"async\" src=\"https:\/\/www.etoro.com\/wp-content\/uploads\/2025\/05\/Body-Image-3_-Risks-and-Opportunities-of-Investing-in-Quantum-Computing.png\" alt=\"Image related to Rischi e opportunit\u00e0 del quantum computing\" class=\"wp-image-desktop\"\/><\/figure>\n\n\n\n<p>Sebbene il potenziale sia significativo, <strong>investire nel quantum computing<\/strong>&nbsp;presenta, quindi, dei rischi.<\/p>\n\n\n\n<ul class=\"wp-block-list wp-block-list wp-block-list-circle\">\n<li><strong>Tecnologia in fase iniziale:<\/strong>\u00a0molte aziende sono ancora impegnate nella ricerca, con tutte le conseguenze che ne derivano sul fronte delle applicazioni commerciali.<\/li>\n\n\n\n<li><strong>Elevata volatilit\u00e0:<\/strong> le azioni quantistiche possono essere speculative e soggette a oscillazioni di prezzo.<\/li>\n\n\n\n<li><strong>Incertezza normativa:<\/strong> l&#8217;impatto sulla crittografia e sulla cybersecurity potrebbe portare a una maggiore supervisione governativa<\/li>\n<\/ul>\n\n\n\n<div class=\"wp-block-columns are-vertically-aligned-top wp-block-columns-2 is-layout-flex wp-container-core-columns-is-layout-1 wp-block-columns-is-layout-flex\">\n<div class=\"wp-block-column is-layout-flow wp-block-column-is-layout-flow\">\n<div class=\"wp-block-etoro-pros-cons wp-block-etoro-pros\"><div class=\"wp-block-etoro-pros-cons-title\">Opportunit\u00e0<\/div><div class=\"wp-block-etoro-pros-cons-content\">\n<ul class=\"wp-block-list wp-block-list wp-block-list-check\"><\/ul>\n\n\n\n<ul class=\"wp-block-list wp-block-list wp-block-list-check\">\n<li>Alto potenziale di crescita<\/li>\n\n\n\n<li>Innovazione sostenuta dal settore<\/li>\n\n\n\n<li>Sostegno emergente da parte del governo e delle imprese<\/li>\n<\/ul>\n<\/div><\/div>\n<\/div>\n\n\n\n<div class=\"wp-block-column is-layout-flow wp-block-column-is-layout-flow\">\n<div class=\"wp-block-etoro-pros-cons wp-block-etoro-cons\"><div class=\"wp-block-etoro-pros-cons-title\">Rischi<\/div><div class=\"wp-block-etoro-pros-cons-content\">\n<ul class=\"wp-block-list wp-block-list wp-block-list-cross\">\n<li>Lunga tempistica di commercializzazione<\/li>\n\n\n\n<li>Elevata volatilit\u00e0<\/li>\n\n\n\n<li>Incertezze normative<\/li>\n<\/ul>\n<\/div><\/div>\n<\/div>\n<\/div>\n\n\n\n<h2 class=\"wp-block-heading\">Considerazioni finali<\/h2>\n\n\n\n<p>Il quantum computing <strong>potrebbe rivoluzionare molti settori<\/strong>&nbsp;e rappresenta una promettente opportunit\u00e0 di investimento. Tuttavia, data la natura emergente della tecnologia, \u00e8 essenziale valutare attentamente i rischi e restare aggiornati sui progressi e sulle tendenze del mercato.<\/p>\n\n\n\n<p>Scopri di pi\u00f9 sugli investimenti nel quantum computing unendoti alla <a href=\"https:\/\/www.etoro.com\/it\/academy\/\">eToro Academy<\/a>.<\/p>\n\n\n\n<h2 class=\"wp-block-heading\">Domande frequenti<\/h2>\n\n\n\n<dl class=\"wp-block-etoro-faq\">\n<div class=\"wp-block-etoro-faq-item\"><dt class=\"wp-block-etoro-faq-item-question\">Perch\u00e9 gli investitori sono attratti dalle tecnologie di rottura?<\/dt><dd class=\"wp-block-etoro-faq-item-answer\">\n<p>Qualsiasi innovazione che possa alterare in modo significativo settori e mercati consolidati, pu\u00f2 creare nuove nicchie e modelli di business con un significativo potenziale di crescita.<\/p>\n\n\n\n<p>Gli investitori sono attratti dalle tecnologie innovative e dalle <a href=\"https:\/\/www.etoro.com\/it\/stocks\/top-growth-stocks-to-buy\/\">azioni growth<\/a>&nbsp;perch\u00e9 alcuni dei precedenti &#8220;vincitori&#8221; hanno sperimentato una crescita esponenziale del prezzo delle azioni. Va detto che non mancano compagnie che nel tempo sono crollate.<\/p>\n<\/dd><\/div>\n\n\n\n<div class=\"wp-block-etoro-faq-item\"><dt class=\"wp-block-etoro-faq-item-question\">Cosa sono i qubit?<\/dt><dd class=\"wp-block-etoro-faq-item-answer\">\n<p>I qubit, o bit quantistici, sono le unit\u00e0 fondamentali di informazione nel <a href=\"https:\/\/www.etoro.com\/it\/news-and-analysis\/investing\/quantum-revolution-investing-computing-power\/\">quantum computing<\/a>&nbsp;alla base del potenziale di calcolo superpotente. Sebbene simili ai bit utilizzati nel calcolo classico, i qubit possono esistere in una sovrapposizione di stati, il che significa che possono rappresentare 0, 1 o una combinazione di entrambi simultaneamente.<\/p>\n<\/dd><\/div>\n\n\n\n<div class=\"wp-block-etoro-faq-item\"><dt class=\"wp-block-etoro-faq-item-question\">Quali sono le sfide da affrontare nello sviluppo dei computer quantistici?<\/dt><dd class=\"wp-block-etoro-faq-item-answer\">\n<p>La <a href=\"https:\/\/www.etoro.com\/it\/news-and-analysis\/market-insights\/sfide-e-opportunita-nel-2024-dalla-tecnologia-al-dogs-of-dow-cosa-sta-cambiando\/\">sfida<\/a>&nbsp;principale che l&#8217;espansione dell&#8217;hardware quantistico deve affrontare \u00e8 che i computer quantistici richiedono un ambiente ottimizzato. Molti processori quantistici sono funzionali solo intorno allo zero assoluto (-273\u00b0C), o quasi. Sono necessarie condizioni in cui la pressione atmosferica sia assente e devono essere completamente isolati dal campo magnetico terrestre.<\/p>\n<\/dd><\/div>\n<\/dl>\n\n\n\n\t\t<style>\n\t\t\t.rtl .etoro-block-shortcode-disclaimer {\n\t\t\t\ttext-align:right;\n\t\t\t}\n\t\t\t.etoro-block-shortcode-disclaimer {\n\t\t\t\tmargin-bottom:18px;\n\t\t\t\ttext-align:left;\n\t\t\t}\n\t\t\t.etoro-block-shortcode-disclaimer p{\n\t\t\t\tfont-size: 12px;\n\t\t\t\tline-height: 18px;\n\t\t\t}\n\t\t\t@media (min-width: 768px) {\n\t\t\t\t.etoro-block-shortcode-disclaimer {\n\t\t\t\t\tmax-width:1176px;\n\t\t\t\t\ttext-align:center;\n\t\t\t\t}\n\t\t\t\t.etoro-block-shortcode-disclaimer p {\n\t\t\t\t\tfont-size: 14px;\n\t\t\t\t\tline-height: 20px;\n\t\t\t\t}\n\t\t\t}\n\t\t<\/style>\n\t\t<div class='etoro-block-shortcode-disclaimer'><p>Le presenti informazioni vengono fornite al solo scopo educativo e non rappresentano consigli d\u2019investimento o suggerimenti personali. Tali informazioni non devono quindi essere interpretate come offerte o solleciti di compravendita di strumenti finanziari.<\/p>\n<p>Il materiale \u00e8 stato preparato senza tener conto di precisi obiettivi d\u2019investimento o specifiche situazioni finanziarie e non soddisfa pertanto i criteri legali e legislativi previsti per la promozione di ricerche indipendenti.<\/p>\n<p><strong>Non tutti gli strumenti finanziari e i servizi cui viene fatto riferimento sono offerti da eToro<\/strong> e qualsiasi riferimento alle prestazioni passate di uno specifico strumento, indice o prodotto d\u2019investimento preassemblato non rappresenta n\u00e9 deve essere interpretato come un indicatore affidabile di possibili prestazioni future. <strong>La disponibilit\u00e0 di tutti i prodotti e servizi sopra menzionati pu\u00f2 variare a seconda della giurisdizione e del Paese.<\/strong><\/p>\n<p>eToro non offre alcuna garanzia n\u00e9 si assume la responsabilit\u00e0 in merito all\u2019accuratezza o alla completezza del contenuto esposto nella presente guida. Il lettore deve garantire di aver compreso appieno i rischi comportati dal trading prima di impegnare capitale. Si sconsiglia di mettere a rischio pi\u00f9 denaro di quanto non se ne possa perdere.<\/p>\n<\/div>\n","protected":false},"excerpt":{"rendered":"<p>La rivoluzionaria tecnologia del quantum computing si sta avvicinando all&#8217;introduzione di cambiamenti radicali nel nostro modo di operare. Nonostante sia difficile prevedere il pieno potenziale di questa tecnologia\u00a0innovativa, gli investitori stanno gi\u00e0 individuando modi per investire nel settore. Il quantum computing \u00e8 diventato un argomento di crescente interesse tra gli investitori grazie al suo potenziale&hellip;<\/p>\n","protected":false},"author":96,"featured_media":1073453,"parent":19765,"menu_order":0,"comment_status":"closed","ping_status":"closed","template":"","meta":{"_acf_changed":false,"inline_featured_image":false,"sticky_cta_settings":"","footnotes":""},"asset_type":[],"class_list":["post-1073451","page","type-page","status-publish","has-post-thumbnail","hentry"],"acf":[],"yoast_head":"<title>Investire nel quantum computing | eToro<\/title>\n<meta name=\"description\" content=\"Scopri come investire nel quantum computing, perch\u00e9 gli investitori sono interessati al tema, i diversi metodi di investimento e i rischi coinvolti.\" \/>\n<meta name=\"robots\" content=\"index, follow, max-snippet:-1, max-image-preview:large, max-video-preview:-1\" \/>\n<link rel=\"canonical\" href=\"https:\/\/www.etoro.com\/it\/wp-json\/wp\/v2\/pages\/1073451\" \/>\n<meta property=\"og:locale\" content=\"it_IT\" \/>\n<meta property=\"og:type\" content=\"article\" \/>\n<meta property=\"og:title\" content=\"Investire nel quantum computing | eToro\" \/>\n<meta property=\"og:description\" content=\"Scopri come investire nel quantum computing, perch\u00e9 gli investitori sono interessati al tema, i diversi metodi di investimento e i rischi coinvolti.\" \/>\n<meta property=\"og:url\" content=\"https:\/\/www.etoro.com\/it\/wp-json\/wp\/v2\/pages\/1073451\" \/>\n<meta property=\"og:site_name\" content=\"eToro\" \/>\n<meta property=\"article:publisher\" content=\"https:\/\/www.facebook.com\/eToro\/\" \/>\n<meta property=\"article:modified_time\" content=\"2025-06-04T10:25:59+00:00\" \/>\n<meta property=\"og:image\" content=\"https:\/\/www.etoro.com\/wp-content\/uploads\/2025\/06\/IT-How-to-Invest-in-Quantum-Computing_Social-Image.png\" \/>\n\t<meta property=\"og:image:width\" content=\"1200\" \/>\n\t<meta property=\"og:image:height\" content=\"630\" \/>\n\t<meta property=\"og:image:type\" content=\"image\/png\" \/>\n<meta name=\"twitter:card\" content=\"summary_large_image\" \/>\n<meta name=\"twitter:site\" content=\"@eToro\" \/>\n<meta name=\"twitter:label1\" content=\"Est. reading time\" \/>\n\t<meta name=\"twitter:data1\" content=\"5 minutes\" \/>\n<script type=\"application\/ld+json\" class=\"yoast-schema-graph\">{\"@context\":\"https:\/\/schema.org\",\"@graph\":[{\"@type\":\"WebPage\",\"@id\":\"https:\/\/www.etoro.com\/it\/investing\/how-to-invest-in-quantum-computing\/\",\"url\":\"https:\/\/www.etoro.com\/it\/investing\/how-to-invest-in-quantum-computing\/\",\"name\":\"Investire nel quantum computing | eToro\",\"isPartOf\":{\"@id\":\"https:\/\/www.etoro.com\/it\/#website\"},\"primaryImageOfPage\":{\"@id\":\"https:\/\/www.etoro.com\/it\/investing\/how-to-invest-in-quantum-computing\/#primaryimage\"},\"image\":{\"@id\":\"https:\/\/www.etoro.com\/it\/investing\/how-to-invest-in-quantum-computing\/#primaryimage\"},\"thumbnailUrl\":\"https:\/\/www.etoro.com\/wp-content\/uploads\/2025\/06\/IT-How-to-Invest-in-Quantum-Computing_Social-Image.png\",\"datePublished\":\"2025-05-06T14:52:15+00:00\",\"dateModified\":\"2025-06-04T10:25:59+00:00\",\"description\":\"Scopri come investire nel quantum computing, perch\u00e9 gli investitori sono interessati al tema, i diversi metodi di investimento e i rischi coinvolti.\",\"breadcrumb\":{\"@id\":\"https:\/\/www.etoro.com\/it\/investing\/how-to-invest-in-quantum-computing\/#breadcrumb\"},\"inLanguage\":\"it\",\"potentialAction\":[{\"@type\":\"ReadAction\",\"target\":[\"https:\/\/www.etoro.com\/it\/investing\/how-to-invest-in-quantum-computing\/\"]}]},{\"@type\":\"ImageObject\",\"inLanguage\":\"it\",\"@id\":\"https:\/\/www.etoro.com\/it\/investing\/how-to-invest-in-quantum-computing\/#primaryimage\",\"url\":\"https:\/\/www.etoro.com\/wp-content\/uploads\/2025\/06\/IT-How-to-Invest-in-Quantum-Computing_Social-Image.png\",\"contentUrl\":\"https:\/\/www.etoro.com\/wp-content\/uploads\/2025\/06\/IT-How-to-Invest-in-Quantum-Computing_Social-Image.png\",\"width\":1200,\"height\":630},{\"@type\":\"BreadcrumbList\",\"@id\":\"https:\/\/www.etoro.com\/it\/investing\/how-to-invest-in-quantum-computing\/#breadcrumb\",\"itemListElement\":[{\"@type\":\"ListItem\",\"position\":1,\"name\":\"Home\",\"item\":\"https:\/\/www.etoro.com\/it\/\"},{\"@type\":\"ListItem\",\"position\":2,\"name\":\"Investire\",\"item\":\"https:\/\/www.etoro.com\/it\/investing\/\"},{\"@type\":\"ListItem\",\"position\":3,\"name\":\"Investimenti nel quantum computing\"}]},{\"@type\":\"WebSite\",\"@id\":\"https:\/\/www.etoro.com\/it\/#website\",\"url\":\"https:\/\/www.etoro.com\/it\/\",\"name\":\"eToro\",\"description\":\"\",\"publisher\":{\"@id\":\"https:\/\/www.etoro.com\/it\/#organization\"},\"potentialAction\":[{\"@type\":\"SearchAction\",\"target\":{\"@type\":\"EntryPoint\",\"urlTemplate\":\"https:\/\/www.etoro.com\/it\/?s={search_term_string}\"},\"query-input\":{\"@type\":\"PropertyValueSpecification\",\"valueRequired\":true,\"valueName\":\"search_term_string\"}}],\"inLanguage\":\"it\"},[]]}<\/script>","yoast_head_json":{"title":"Investire nel quantum computing | eToro","description":"Scopri come investire nel quantum computing, perch\u00e9 gli investitori sono interessati al tema, i diversi metodi di investimento e i rischi coinvolti.","robots":{"index":"index","follow":"follow","max-snippet":"max-snippet:-1","max-image-preview":"max-image-preview:large","max-video-preview":"max-video-preview:-1"},"canonical":"https:\/\/www.etoro.com\/it\/wp-json\/wp\/v2\/pages\/1073451","og_locale":"it_IT","og_type":"article","og_title":"Investire nel quantum computing | eToro","og_description":"Scopri come investire nel quantum computing, perch\u00e9 gli investitori sono interessati al tema, i diversi metodi di investimento e i rischi coinvolti.","og_url":"https:\/\/www.etoro.com\/it\/wp-json\/wp\/v2\/pages\/1073451","og_site_name":"eToro","article_publisher":"https:\/\/www.facebook.com\/eToro\/","article_modified_time":"2025-06-04T10:25:59+00:00","og_image":[{"width":1200,"height":630,"url":"https:\/\/www.etoro.com\/wp-content\/uploads\/2025\/06\/IT-How-to-Invest-in-Quantum-Computing_Social-Image.png","type":"image\/png"}],"twitter_card":"summary_large_image","twitter_site":"@eToro","twitter_misc":{"Est. reading time":"5 minutes"},"schema":{"@context":"https:\/\/schema.org","@graph":[{"@type":"WebPage","@id":"https:\/\/www.etoro.com\/it\/investing\/how-to-invest-in-quantum-computing\/","url":"https:\/\/www.etoro.com\/it\/investing\/how-to-invest-in-quantum-computing\/","name":"Investire nel quantum computing | eToro","isPartOf":{"@id":"https:\/\/www.etoro.com\/it\/#website"},"primaryImageOfPage":{"@id":"https:\/\/www.etoro.com\/it\/investing\/how-to-invest-in-quantum-computing\/#primaryimage"},"image":{"@id":"https:\/\/www.etoro.com\/it\/investing\/how-to-invest-in-quantum-computing\/#primaryimage"},"thumbnailUrl":"https:\/\/www.etoro.com\/wp-content\/uploads\/2025\/06\/IT-How-to-Invest-in-Quantum-Computing_Social-Image.png","datePublished":"2025-05-06T14:52:15+00:00","dateModified":"2025-06-04T10:25:59+00:00","description":"Scopri come investire nel quantum computing, perch\u00e9 gli investitori sono interessati al tema, i diversi metodi di investimento e i rischi coinvolti.","breadcrumb":{"@id":"https:\/\/www.etoro.com\/it\/investing\/how-to-invest-in-quantum-computing\/#breadcrumb"},"inLanguage":"it","potentialAction":[{"@type":"ReadAction","target":["https:\/\/www.etoro.com\/it\/investing\/how-to-invest-in-quantum-computing\/"]}]},{"@type":"ImageObject","inLanguage":"it","@id":"https:\/\/www.etoro.com\/it\/investing\/how-to-invest-in-quantum-computing\/#primaryimage","url":"https:\/\/www.etoro.com\/wp-content\/uploads\/2025\/06\/IT-How-to-Invest-in-Quantum-Computing_Social-Image.png","contentUrl":"https:\/\/www.etoro.com\/wp-content\/uploads\/2025\/06\/IT-How-to-Invest-in-Quantum-Computing_Social-Image.png","width":1200,"height":630},{"@type":"BreadcrumbList","@id":"https:\/\/www.etoro.com\/it\/investing\/how-to-invest-in-quantum-computing\/#breadcrumb","itemListElement":[{"@type":"ListItem","position":1,"name":"Home","item":"https:\/\/www.etoro.com\/it\/"},{"@type":"ListItem","position":2,"name":"Investire","item":"https:\/\/www.etoro.com\/it\/investing\/"},{"@type":"ListItem","position":3,"name":"Investimenti nel quantum computing"}]},{"@type":"WebSite","@id":"https:\/\/www.etoro.com\/it\/#website","url":"https:\/\/www.etoro.com\/it\/","name":"eToro","description":"","publisher":{"@id":"https:\/\/www.etoro.com\/it\/#organization"},"potentialAction":[{"@type":"SearchAction","target":{"@type":"EntryPoint","urlTemplate":"https:\/\/www.etoro.com\/it\/?s={search_term_string}"},"query-input":{"@type":"PropertyValueSpecification","valueRequired":true,"valueName":"search_term_string"}}],"inLanguage":"it"},[]]}},"_links":{"self":[{"href":"https:\/\/www.etoro.com\/it\/wp-json\/wp\/v2\/pages\/1073451"}],"collection":[{"href":"https:\/\/www.etoro.com\/it\/wp-json\/wp\/v2\/pages"}],"about":[{"href":"https:\/\/www.etoro.com\/it\/wp-json\/wp\/v2\/types\/page"}],"author":[{"embeddable":true,"href":"https:\/\/www.etoro.com\/it\/wp-json\/wp\/v2\/users\/96"}],"replies":[{"embeddable":true,"href":"https:\/\/www.etoro.com\/it\/wp-json\/wp\/v2\/comments?post=1073451"}],"version-history":[{"count":0,"href":"https:\/\/www.etoro.com\/it\/wp-json\/wp\/v2\/pages\/1073451\/revisions"}],"up":[{"embeddable":true,"href":"https:\/\/www.etoro.com\/it\/wp-json\/wp\/v2\/pages\/19765"}],"wp:featuredmedia":[{"embeddable":true,"href":"https:\/\/www.etoro.com\/it\/wp-json\/wp\/v2\/media\/1073453"}],"wp:attachment":[{"href":"https:\/\/www.etoro.com\/it\/wp-json\/wp\/v2\/media?parent=1073451"}],"wp:term":[{"taxonomy":"asset_type","embeddable":true,"href":"https:\/\/www.etoro.com\/it\/wp-json\/wp\/v2\/asset_type?post=1073451"}],"curies":[{"name":"wp","href":"https:\/\/api.w.org\/{rel}","templated":true}]}}