{"id":1115576,"date":"2025-08-06T16:55:05","date_gmt":"2025-08-06T13:55:05","guid":{"rendered":"https:\/\/www.etoro.com\/?page_id=1115576"},"modified":"2026-04-15T11:52:56","modified_gmt":"2026-04-15T08:52:56","slug":"tori","status":"publish","type":"page","link":"https:\/\/www.etoro.com\/it\/trading\/platforms\/tori\/","title":{"rendered":"Tori"},"content":{"rendered":"\n<div class=\"wp-block-etoro-half-cover has-white-background-color\">\n<div class=\"wp-block-etoro-half-cover-left\"><p id=\"breadcrumbs\" class=\"gray-dark\"><span><span><a href=\"https:\/\/www.etoro.com\/it\/\">Home<\/a><\/span><\/span><\/p>\n<h1 class=\"wp-block-heading is-style-banner-title\"><strong>TORI<\/strong>Il tuo compagno di investimento nell&#8217;IA<\/h1>\n\n\n\n<p>Decisioni pi\u00f9 intelligenti. Risposte pi\u00f9 rapide. Approfondimenti personalizzati.<br><\/p>\n\n\n\n<div class=\"wp-block-buttons is-layout-flex wp-block-buttons-is-layout-flex\">\n<a class=\"e-cta e-cta-primary\" href=\"http:\/\/etoro.com\/home?bscarousel=tori_intro_carousel\">Prova Tori<\/a>\n<\/div>\n<\/div>\n\n\n\n<div class=\"wp-block-etoro-half-cover-right\">\n<img decoding=\"async\" src=\"https:\/\/www.etoro.com\/wp-content\/uploads\/2025\/08\/Tori_main_desktop.png\" alt=\"\" class=\"wp-block-etoro-half-cover-media\"\/><img decoding=\"async\" src=\"https:\/\/www.etoro.com\/wp-content\/uploads\/2025\/08\/Tori_Desktop-1.png\" alt=\"\" class=\"wp-block-etoro-half-cover-media-desktop\"\/><img decoding=\"async\" src=\"https:\/\/www.etoro.com\/wp-content\/uploads\/2025\/08\/Tori_tablet.png\" alt=\"\" class=\"wp-block-etoro-half-cover-media-tablet\"\/><img decoding=\"async\" src=\"https:\/\/www.etoro.com\/wp-content\/uploads\/2025\/08\/Tori_mobile.png\" alt=\"\" class=\"wp-block-etoro-half-cover-media-mobile\"\/>\n<\/div>\n<\/div>\n\n\n\n<section class=\"wp-block-group wp-block-group-boxed\"><div class=\"wp-block-group-inner is-layout-flow wp-block-group-is-layout-flow\">\n<h2 class=\"wp-block-heading has-text-align-center\"><b class=\"wp-etoro-format-colored-green\">Scopri, <\/b> <strong>impara,<\/strong> <b class=\"wp-etoro-format-colored-green\">analizza<\/b><\/h2>\n\n\n\n<p class=\"has-text-align-center\">Tori riunisce dati, approfondimenti e analisi in un&#8217;unica chat semplice e interattiva.<\/p>\n<\/div><\/section>\n\n\n\n<section class=\"wp-block-group wp-block-group-boxed has-white-background-color has-background\"><div class=\"wp-block-group-inner is-layout-flow wp-block-group-is-layout-flow\">\n<div class=\"wp-block-columns are-vertically-aligned-center wp-block-columns-2 is-layout-flex wp-container-core-columns-is-layout-1 wp-block-columns-is-layout-flex\">\n<div class=\"wp-block-column is-layout-flow wp-block-column-is-layout-flow\">\n<figure class=\"wp-block-image size-full wp-block-image-has-mobile\"><img loading=\"lazy\" decoding=\"async\" width=\"1152\" height=\"800\" src=\"https:\/\/www.etoro.com\/wp-content\/uploads\/2025\/08\/Cube-desktop-X2-3-3.gif\" alt=\"\" class=\"wp-image-1116232 wp-image-desktop\"\/><img loading=\"lazy\" decoding=\"async\" width=\"1152\" height=\"800\" src=\"https:\/\/www.etoro.com\/wp-content\/uploads\/2025\/08\/Cube-mobile-X23-1.gif\" alt=\"\" class=\"wp-image-1116200 wp-image-mobile\"\/><\/figure>\n\n\n\n<p class=\"is-style-disclaimer\">*A scopo puramente illustrativo<\/p>\n<\/div>\n\n\n\n<div class=\"wp-block-column is-text-column is-layout-flow wp-block-column-is-layout-flow\">\n<p class=\"is-style-heading-2\"><strong>Scopri <b class=\"wp-etoro-format-colored-green\">nuove opportunit\u00e0 di investimento<\/b><\/strong><\/p>\n\n\n\n<p>Ad ogni tua domanda, Tori fornisce dati chiari in tempo reale e insight per scoprire nuove opportunit\u00e0 di investimento.<\/p>\n\n\n\n<div class=\"wp-block-buttons is-layout-flex wp-block-buttons-is-layout-flex\">\n<a class=\"e-cta e-cta-primary\" href=\"http:\/\/etoro.com\/home?bscarousel=tori_intro_carousel\">Chiedi a Tori<\/a>\n<\/div>\n<\/div>\n<\/div>\n<\/div><\/section>\n\n\n\n<section class=\"wp-block-group wp-block-group-boxed has-dark-blue-background-color has-background\"><div class=\"wp-block-group-inner is-layout-flow wp-block-group-is-layout-flow\">\n<div class=\"wp-block-columns are-vertically-aligned-center wp-block-columns-2 is-layout-flex wp-container-core-columns-is-layout-2 wp-block-columns-is-layout-flex\">\n<div class=\"wp-block-column is-text-column is-layout-flow wp-block-column-is-layout-flow\">\n<h2 class=\"wp-block-heading\"><strong><b class=\"wp-etoro-format-colored-green\">Ottieni approfondimenti di mercato<\/b> su misura per i tuoi interessi<\/strong><\/h2>\n\n\n\n<p>Tori trasforma le tue domande in indicazioni utili. Ricevi analisi su richiesta per restare informato, equilibrato e al controllo.<\/p>\n\n\n\n<div class=\"wp-block-buttons is-layout-flex wp-block-buttons-is-layout-flex\">\n<a class=\"e-cta e-cta-primary\" href=\"http:\/\/etoro.com\/home?bscarousel=tori_intro_carousel\">Analizza con Tori<\/a>\n<\/div>\n<\/div>\n\n\n\n<div class=\"wp-block-column is-layout-flow wp-block-column-is-layout-flow\">\n<p class=\"is-style-disclaimer\"><\/p>\n\n\n\n<figure class=\"wp-block-video\"><video autoplay loop muted src=\"https:\/\/www.etoro.com\/wp-content\/uploads\/2025\/08\/Question-desktop-option-3-X2-1-1.mp4\" playsinline><\/video><\/figure>\n\n\n\n<p class=\"is-style-disclaimer\">*A scopo puramente illustrativo<\/p>\n<\/div>\n<\/div>\n<\/div><\/section>\n\n\n\n<section class=\"wp-block-group wp-block-group-boxed has-white-background-color has-background\"><div class=\"wp-block-group-inner is-layout-flow wp-block-group-is-layout-flow\">\n<div class=\"wp-block-columns are-vertically-aligned-center wp-block-columns-2 is-layout-flex wp-container-core-columns-is-layout-3 wp-block-columns-is-layout-flex\">\n<div class=\"wp-block-column is-layout-flow wp-block-column-is-layout-flow\">\n<figure class=\"wp-block-image size-full\"><img loading=\"lazy\" decoding=\"async\" width=\"576\" height=\"400\" src=\"https:\/\/www.etoro.com\/wp-content\/uploads\/2025\/08\/Level-up-your-investing-knowledge.png\" alt=\"\" class=\"wp-image-1112883 wp-image-desktop\" srcset=\"https:\/\/www.etoro.com\/wp-content\/uploads\/2025\/08\/Level-up-your-investing-knowledge.png 576w, https:\/\/www.etoro.com\/wp-content\/uploads\/2025\/08\/Level-up-your-investing-knowledge-300x208.png 300w\" sizes=\"(max-width: 576px) 100vw, 576px\" \/><\/figure>\n<\/div>\n\n\n\n<div class=\"wp-block-column is-text-column is-layout-flow wp-block-column-is-layout-flow\">\n<h2 class=\"wp-block-heading\"><strong>Migliora <b class=\"wp-etoro-format-colored-green\">\u00a0le tue conoscenze sugli investimenti<\/b><\/strong><\/h2>\n\n\n\n<p>Ti basta chiedere e Tori ti offrir\u00e0 lezioni su misura, suggerimenti e guide dell&#8217;<a href=\"https:\/\/www.etoro.com\/it\/academy\/\">Academy eToro<\/a> per aiutarti a sviluppare le tue conoscenze in materia di investimenti.<\/p>\n\n\n\n<div class=\"wp-block-buttons is-layout-flex wp-block-buttons-is-layout-flex\">\n<a class=\"e-cta e-cta-primary\" href=\"http:\/\/etoro.com\/home?bscarousel=tori_intro_carousel\">Impara con Tori<\/a>\n<\/div>\n<\/div>\n<\/div>\n<\/div><\/section>\n\n\n\n<section class=\"wp-block-group wp-block-group-boxed has-dark-blue-background-color has-background\"><div class=\"wp-block-group-inner is-layout-flow wp-block-group-is-layout-flow\">\n<h2 class=\"wp-block-heading has-text-align-center\"><strong>Ogni giorno pi\u00f9 intelligente,  <b class=\"wp-etoro-format-colored-green\">ma sempre umana nel cuore<\/b><\/strong><span style=\"font-weight:normal;\" id=\"docs-internal-guid-242ad4dc-7fff-be9f-908c-261b91ed094b\"><span style=\"font-size: 16pt; font-family: Arial, sans-serif; color: rgb(0, 0, 0); background-color: transparent; font-weight: 700; font-variant-numeric: normal; font-variant-east-asian: normal; font-variant-alternates: normal; font-variant-position: normal; font-variant-emoji: normal; vertical-align: baseline;\"><\/span><\/span><\/h2>\n\n\n\n<p class=\"has-text-align-center\">Tori \u00e8 qui per migliorare la tua esperienza di investimento, non per sostituire il tocco umano. Avrai sempre la possibilit\u00e0 di metterti in contatto con il nostro servizio clienti ogni volta che avrai bisogno del supporto personale o dell&#8217;aiuto di esperti.<\/p>\n\n\n\n<p class=\"has-text-align-center\">Come per qualsiasi altro prodotto basato sull&#8217;intelligenza artificiale, Tori impara e migliora continuamente. Con ogni interazione e aggiornamento, ci stiamo adoperando per rendere Tori pi\u00f9 intelligente, pi\u00f9 precisa e pi\u00f9 utile, in modo che la tua esperienza continui a migliorare nel tempo.<\/p>\n\n\n\n<div class=\"wp-block-buttons is-content-justification-center is-layout-flex wp-container-core-buttons-is-layout-5 wp-block-buttons-is-layout-flex\">\n<a class=\"e-cta e-cta-primary\" href=\"http:\/\/etoro.com\/home?bscarousel=tori_intro_carousel\">Chiedi a Tori<\/a>\n<\/div>\n\n\n\n<p class=\"has-text-align-center is-style-disclaimer\">*Distribuzione graduale. Ora disponibile per utenti selezionati in regioni selezionate.<\/p>\n<\/div><\/section>\n\n\n\n<section class=\"wp-block-group wp-block-group-boxed has-white-background-color has-background\"><div class=\"wp-block-group-inner is-layout-flow wp-block-group-is-layout-flow\">\n<h2 class=\"wp-block-heading has-text-align-center\">FAQ<\/h2>\n\n\n\n<dl class=\"wp-block-etoro-faq\">\n<div class=\"wp-block-etoro-faq-item\"><dt class=\"wp-block-etoro-faq-item-question\">Cos&#8217;\u00e8 Tori?<\/dt><dd class=\"wp-block-etoro-faq-item-answer\">\n<p>Tori \u00e8 il partner di investimento basato sull&#8217;intelligenza artificiale di eToro. Ti aiuta a esplorare i mercati, ad analizzare il tuo portafoglio, a conoscere gli investimenti e a navigare nella piattaforma, il tutto attraverso una chat semplice e naturale.<\/p>\n<\/dd><\/div>\n\n\n\n<div class=\"wp-block-etoro-faq-item\"><dt class=\"wp-block-etoro-faq-item-question\">\u00a0Come faccio ad accedere a Tori?<\/dt><dd class=\"wp-block-etoro-faq-item-answer\">\n<p>Troverai l&#8217;icona di Tori nell&#8217;angolo in alto a destra delle schermate principali della piattaforma eToro, come le pagine Scopri, Portafoglio e Asset. Basta toccarlo per aprire una chat. Le domande suggerite da Tori cambieranno in base a dove ti trovi, ma puoi chiedere qualsiasi cosa, in qualsiasi momento.<\/p>\n<\/dd><\/div>\n\n\n\n<div class=\"wp-block-etoro-faq-item\"><dt class=\"wp-block-etoro-faq-item-question\">Cosa posso chiedere a Tori?<\/dt><dd class=\"wp-block-etoro-faq-item-answer\">\n<p>Quasi tutto ci\u00f2 che riguarda gli investimenti! Ad esempio:<\/p>\n\n\n\n<p>&#8220;Confronta Tesla e Nvidia&#8221;<\/p>\n\n\n\n<p>&#8220;Cos&#8217;\u00e8 l&#8217;analisi tecnica?&#8221;<\/p>\n\n\n\n<p>&#8220;Quali sono i titoli top trend?&#8221;<\/p>\n\n\n\n<p>&#8220;Dove posso trovare il mio calendario degli utili?&#8221;<\/p>\n\n\n\n<p>Tori fornir\u00e0 risposte chiare e in tempo reale, su misura per la tua richiesta<\/p>\n<\/dd><\/div>\n\n\n\n<div class=\"wp-block-etoro-faq-item\"><dt class=\"wp-block-etoro-faq-item-question\">Tori pu\u00f2 analizzare il mio portafoglio?<\/dt><dd class=\"wp-block-etoro-faq-item-answer\">\n<p>S\u00ec, se il tuo portafoglio \u00e8 pubblico. Tori pu\u00f2 fornire osservazioni di carattere generale sulla composizione del tuo portafoglio, come la concentrazione degli asset e l&#8217;esposizione al settore. Se il tuo portafoglio \u00e8 privato, Tori non potr\u00e0 accedervi.<\/p>\n<\/dd><\/div>\n\n\n\n<div class=\"wp-block-etoro-faq-item\"><dt class=\"wp-block-etoro-faq-item-question\">Tori \u00e8 davvero IA?<\/dt><dd class=\"wp-block-etoro-faq-item-answer\">\n<p>S\u00ec. Tori \u00e8 alimentato da una tecnologia IA avanzata sviluppata internamente da eToro. In alcuni casi, utilizza anche flussi predefiniti o logiche da chatbot per migliorarne l\u2019affidabilit\u00e0.<\/p>\n<\/dd><\/div>\n\n\n\n<div class=\"wp-block-etoro-faq-item\"><dt class=\"wp-block-etoro-faq-item-question\">Tori pu\u00f2 fornire consigli sugli investimenti?<\/dt><dd class=\"wp-block-etoro-faq-item-answer\">\n<p>No. Tori non fornisce consulenza finanziaria o di investimento. Offre approfondimenti, formazione e orientamento per aiutarti a prendere decisioni pi\u00f9 informate, ma la decisione finale \u00e8 sempre tua.<\/p>\n<\/dd><\/div>\n\n\n\n<div class=\"wp-block-etoro-faq-item\"><dt class=\"wp-block-etoro-faq-item-question\">Tori sostituir\u00e0 l&#8217;assistenza clienti?<\/dt><dd class=\"wp-block-etoro-faq-item-answer\">\n<p>No. Tori \u00e8 un complemento del nostro team di assistenza. Se la tua domanda richiede assistenza personale, Tori ti metter\u00e0 in contatto diretto con un agente del servizio clienti.<br><\/p>\n<\/dd><\/div>\n\n\n\n<div class=\"wp-block-etoro-faq-item\"><dt class=\"wp-block-etoro-faq-item-question\">Tori riesce a vedere le mie liste preferiti?<\/dt><dd class=\"wp-block-etoro-faq-item-answer\">\n<p>Non ancora, ma \u00e8 nei nostri piani per il futuro.<\/p>\n<\/dd><\/div>\n\n\n\n<div class=\"wp-block-etoro-faq-item\"><dt class=\"wp-block-etoro-faq-item-question\">Tori accede ai miei dati personali?<\/dt><dd class=\"wp-block-etoro-faq-item-answer\">\n<p>No, a meno che tu non stia usando la versione per gli operatori dell\u2019assistenza. In caso contrario, Tori utilizza solo i dati pubblici della piattaforma (es. dati di mercato, profili degli asset e portafogli pubblici)<\/p>\n<\/dd><\/div>\n\n\n\n<div class=\"wp-block-etoro-faq-item\"><dt class=\"wp-block-etoro-faq-item-question\">\u00a0Posso vedere le chat precedenti con Tori?<\/dt><dd class=\"wp-block-etoro-faq-item-answer\">\n<p>S\u00ec. Puoi accedere alle tue precedenti chat di Tori dal menu \u2630 nella finestra della chat. La cronologia chat viene salvata per 30 giorni e viene reimpostata se rispondi a un messaggio precedente.<\/p>\n<\/dd><\/div>\n<\/dl>\n<\/div><\/section>\n\n\n\n<section class=\"wp-block-group wp-block-group-boxed\"><div class=\"wp-block-group-inner is-layout-flow wp-block-group-is-layout-flow\">\n<p class=\"is-style-disclaimer\">La presente comunicazione \u00e8 a scopo puramente illustrativo ed educativo e non deve essere intesa come un consiglio d&#8217;investimento, una raccomandazione personale, un&#8217;offerta o una sollecitazione all&#8217;acquisto o alla vendita di qualsiasi strumento finanziario. Questo materiale \u00e8 stato preparato senza tenere conto degli obiettivi di investimento o della situazione finanziaria di specifici destinatari e non \u00e8 stato preparato in conformit\u00e0 con i requisiti legali e normativi per la promozione della ricerca indipendente. Eventuali riferimenti alle prestazioni passate o future di uno strumento finanziario, di un indice o di un prodotto di investimento preassemblato non rappresentano, e non devono essere considerati, un indicatore affidabile di eventuali risultati futuri. eToro non offre alcuna garanzia n\u00e9 si assume la responsabilit\u00e0 in merito all&#8217;accuratezza o alla completezza del contenuto della presente pubblicazione.<\/p>\n\n\n\n<p class=\"is-style-disclaimer\"><br>Questo annuncio non \u00e8 stato esaminato dalla Monetary Authority of Singapore.<\/p>\n\n\n\n<p class=\"is-style-disclaimer\"><br>Tori non fornisce consulenza in materia di investimenti.<br>Tori \u00e8 uno strumento basato sull&#8217;IA progettato per offrire contenuti formativi, dati e approfondimenti di mercato generali. Non tiene conto della tua situazione personale e non dovrebbe essere utilizzata per prendere decisioni di investimento. Il tuo capitale \u00e8 a rischio. Le prestazioni passate non sono indicative dei risultati futuri.<br>eToro non offre alcuna garanzia n\u00e9 si assume la responsabilit\u00e0 in merito all&#8217;accuratezza o alla completezza delle risposte fornite.<\/p>\n\n\n\n<p class=\"is-style-disclaimer\"><\/p>\n<\/div><\/section>\n","protected":false},"excerpt":{"rendered":"<p>Scopri, impara, analizza Tori riunisce dati, approfondimenti e analisi in un&#8217;unica chat semplice e interattiva. *A scopo puramente illustrativo Scopri nuove opportunit\u00e0 di investimento Ad ogni tua domanda, Tori fornisce dati chiari in tempo reale e insight per scoprire nuove opportunit\u00e0 di investimento. Ottieni approfondimenti di mercato su misura per i tuoi interessi Tori trasforma&hellip;<\/p>\n","protected":false},"author":75,"featured_media":1112846,"parent":9386,"menu_order":0,"comment_status":"closed","ping_status":"closed","template":"","meta":{"_acf_changed":false,"inline_featured_image":false,"sticky_cta_settings":"","footnotes":""},"asset_type":[],"class_list":["post-1115576","page","type-page","status-publish","has-post-thumbnail","hentry"],"acf":[],"yoast_head":"<title>Tori \u2013 Il tuo compagno di investimento nell&#039;IA di eToro<\/title>\n<meta name=\"description\" content=\"Scopri come Tori usa l\u2019IA per potenziare i tuoi investimenti: ottieni insight, analisi del portafoglio e consigli smart, tutto su eToro.\" \/>\n<meta name=\"robots\" content=\"index, follow, max-snippet:-1, max-image-preview:large, max-video-preview:-1\" \/>\n<link rel=\"canonical\" href=\"https:\/\/www.etoro.com\/it\/wp-json\/wp\/v2\/pages\/1115576\" \/>\n<meta property=\"og:locale\" content=\"it_IT\" \/>\n<meta property=\"og:type\" content=\"article\" \/>\n<meta property=\"og:title\" content=\"Tori \u2013 Il tuo compagno di investimento nell&#039;IA di eToro\" \/>\n<meta property=\"og:description\" content=\"Scopri come Tori usa l\u2019IA per potenziare i tuoi investimenti: ottieni insight, analisi del portafoglio e consigli smart, tutto su eToro.\" \/>\n<meta property=\"og:url\" content=\"https:\/\/www.etoro.com\/it\/wp-json\/wp\/v2\/pages\/1115576\" \/>\n<meta property=\"og:site_name\" content=\"eToro\" \/>\n<meta property=\"article:publisher\" content=\"https:\/\/www.facebook.com\/eToro\/\" \/>\n<meta property=\"article:modified_time\" content=\"2026-04-15T08:52:56+00:00\" \/>\n<meta property=\"og:image\" content=\"https:\/\/www.etoro.com\/wp-content\/uploads\/2025\/08\/Tori_Featured-image-1200x630-1.png\" \/>\n\t<meta property=\"og:image:width\" content=\"1200\" \/>\n\t<meta property=\"og:image:height\" content=\"630\" \/>\n\t<meta property=\"og:image:type\" content=\"image\/png\" \/>\n<meta name=\"twitter:card\" content=\"summary_large_image\" \/>\n<meta name=\"twitter:site\" content=\"@eToro\" \/>\n<meta name=\"twitter:label1\" content=\"Est. reading time\" \/>\n\t<meta name=\"twitter:data1\" content=\"4 minutes\" \/>\n<script type=\"application\/ld+json\" class=\"yoast-schema-graph\">{\"@context\":\"https:\/\/schema.org\",\"@graph\":[{\"@type\":\"WebPage\",\"@id\":\"https:\/\/www.etoro.com\/it\/trading\/platforms\/tori\/\",\"url\":\"https:\/\/www.etoro.com\/it\/trading\/platforms\/tori\/\",\"name\":\"Tori \u2013 Il tuo compagno di investimento nell'IA di eToro\",\"isPartOf\":{\"@id\":\"https:\/\/www.etoro.com\/it\/#website\"},\"primaryImageOfPage\":{\"@id\":\"https:\/\/www.etoro.com\/it\/trading\/platforms\/tori\/#primaryimage\"},\"image\":{\"@id\":\"https:\/\/www.etoro.com\/it\/trading\/platforms\/tori\/#primaryimage\"},\"thumbnailUrl\":\"https:\/\/www.etoro.com\/wp-content\/uploads\/2025\/08\/Tori_Featured-image-1200x630-1.png\",\"datePublished\":\"2025-08-06T13:55:05+00:00\",\"dateModified\":\"2026-04-15T08:52:56+00:00\",\"description\":\"Scopri come Tori usa l\u2019IA per potenziare i tuoi investimenti: ottieni insight, analisi del portafoglio e consigli smart, tutto su eToro.\",\"breadcrumb\":{\"@id\":\"https:\/\/www.etoro.com\/it\/trading\/platforms\/tori\/#breadcrumb\"},\"inLanguage\":\"it\",\"potentialAction\":[{\"@type\":\"ReadAction\",\"target\":[\"https:\/\/www.etoro.com\/it\/trading\/platforms\/tori\/\"]}]},{\"@type\":\"ImageObject\",\"inLanguage\":\"it\",\"@id\":\"https:\/\/www.etoro.com\/it\/trading\/platforms\/tori\/#primaryimage\",\"url\":\"https:\/\/www.etoro.com\/wp-content\/uploads\/2025\/08\/Tori_Featured-image-1200x630-1.png\",\"contentUrl\":\"https:\/\/www.etoro.com\/wp-content\/uploads\/2025\/08\/Tori_Featured-image-1200x630-1.png\",\"width\":1200,\"height\":630},{\"@type\":\"BreadcrumbList\",\"@id\":\"https:\/\/www.etoro.com\/it\/trading\/platforms\/tori\/#breadcrumb\",\"itemListElement\":[{\"@type\":\"ListItem\",\"position\":1,\"name\":\"Home\",\"item\":\"https:\/\/www.etoro.com\/it\/\"},{\"@type\":\"ListItem\",\"position\":2,\"name\":\"TRADING\",\"item\":\"https:\/\/www.etoro.com\/it\/trading\/\"},{\"@type\":\"ListItem\",\"position\":3,\"name\":\"PIATTAFORME - Storia\",\"item\":\"https:\/\/www.etoro.com\/it\/trading\/platforms\/\"},{\"@type\":\"ListItem\",\"position\":4,\"name\":\"Tori\"}]},{\"@type\":\"WebSite\",\"@id\":\"https:\/\/www.etoro.com\/it\/#website\",\"url\":\"https:\/\/www.etoro.com\/it\/\",\"name\":\"eToro\",\"description\":\"\",\"publisher\":{\"@id\":\"https:\/\/www.etoro.com\/it\/#organization\"},\"potentialAction\":[{\"@type\":\"SearchAction\",\"target\":{\"@type\":\"EntryPoint\",\"urlTemplate\":\"https:\/\/www.etoro.com\/it\/?s={search_term_string}\"},\"query-input\":{\"@type\":\"PropertyValueSpecification\",\"valueRequired\":true,\"valueName\":\"search_term_string\"}}],\"inLanguage\":\"it\"},[]]}<\/script>","yoast_head_json":{"title":"Tori \u2013 Il tuo compagno di investimento nell'IA di eToro","description":"Scopri come Tori usa l\u2019IA per potenziare i tuoi investimenti: ottieni insight, analisi del portafoglio e consigli smart, tutto su eToro.","robots":{"index":"index","follow":"follow","max-snippet":"max-snippet:-1","max-image-preview":"max-image-preview:large","max-video-preview":"max-video-preview:-1"},"canonical":"https:\/\/www.etoro.com\/it\/wp-json\/wp\/v2\/pages\/1115576","og_locale":"it_IT","og_type":"article","og_title":"Tori \u2013 Il tuo compagno di investimento nell'IA di eToro","og_description":"Scopri come Tori usa l\u2019IA per potenziare i tuoi investimenti: ottieni insight, analisi del portafoglio e consigli smart, tutto su eToro.","og_url":"https:\/\/www.etoro.com\/it\/wp-json\/wp\/v2\/pages\/1115576","og_site_name":"eToro","article_publisher":"https:\/\/www.facebook.com\/eToro\/","article_modified_time":"2026-04-15T08:52:56+00:00","og_image":[{"width":1200,"height":630,"url":"https:\/\/www.etoro.com\/wp-content\/uploads\/2025\/08\/Tori_Featured-image-1200x630-1.png","type":"image\/png"}],"twitter_card":"summary_large_image","twitter_site":"@eToro","twitter_misc":{"Est. reading time":"4 minutes"},"schema":{"@context":"https:\/\/schema.org","@graph":[{"@type":"WebPage","@id":"https:\/\/www.etoro.com\/it\/trading\/platforms\/tori\/","url":"https:\/\/www.etoro.com\/it\/trading\/platforms\/tori\/","name":"Tori \u2013 Il tuo compagno di investimento nell'IA di eToro","isPartOf":{"@id":"https:\/\/www.etoro.com\/it\/#website"},"primaryImageOfPage":{"@id":"https:\/\/www.etoro.com\/it\/trading\/platforms\/tori\/#primaryimage"},"image":{"@id":"https:\/\/www.etoro.com\/it\/trading\/platforms\/tori\/#primaryimage"},"thumbnailUrl":"https:\/\/www.etoro.com\/wp-content\/uploads\/2025\/08\/Tori_Featured-image-1200x630-1.png","datePublished":"2025-08-06T13:55:05+00:00","dateModified":"2026-04-15T08:52:56+00:00","description":"Scopri come Tori usa l\u2019IA per potenziare i tuoi investimenti: ottieni insight, analisi del portafoglio e consigli smart, tutto su eToro.","breadcrumb":{"@id":"https:\/\/www.etoro.com\/it\/trading\/platforms\/tori\/#breadcrumb"},"inLanguage":"it","potentialAction":[{"@type":"ReadAction","target":["https:\/\/www.etoro.com\/it\/trading\/platforms\/tori\/"]}]},{"@type":"ImageObject","inLanguage":"it","@id":"https:\/\/www.etoro.com\/it\/trading\/platforms\/tori\/#primaryimage","url":"https:\/\/www.etoro.com\/wp-content\/uploads\/2025\/08\/Tori_Featured-image-1200x630-1.png","contentUrl":"https:\/\/www.etoro.com\/wp-content\/uploads\/2025\/08\/Tori_Featured-image-1200x630-1.png","width":1200,"height":630},{"@type":"BreadcrumbList","@id":"https:\/\/www.etoro.com\/it\/trading\/platforms\/tori\/#breadcrumb","itemListElement":[{"@type":"ListItem","position":1,"name":"Home","item":"https:\/\/www.etoro.com\/it\/"},{"@type":"ListItem","position":2,"name":"TRADING","item":"https:\/\/www.etoro.com\/it\/trading\/"},{"@type":"ListItem","position":3,"name":"PIATTAFORME - Storia","item":"https:\/\/www.etoro.com\/it\/trading\/platforms\/"},{"@type":"ListItem","position":4,"name":"Tori"}]},{"@type":"WebSite","@id":"https:\/\/www.etoro.com\/it\/#website","url":"https:\/\/www.etoro.com\/it\/","name":"eToro","description":"","publisher":{"@id":"https:\/\/www.etoro.com\/it\/#organization"},"potentialAction":[{"@type":"SearchAction","target":{"@type":"EntryPoint","urlTemplate":"https:\/\/www.etoro.com\/it\/?s={search_term_string}"},"query-input":{"@type":"PropertyValueSpecification","valueRequired":true,"valueName":"search_term_string"}}],"inLanguage":"it"},[]]}},"_links":{"self":[{"href":"https:\/\/www.etoro.com\/it\/wp-json\/wp\/v2\/pages\/1115576"}],"collection":[{"href":"https:\/\/www.etoro.com\/it\/wp-json\/wp\/v2\/pages"}],"about":[{"href":"https:\/\/www.etoro.com\/it\/wp-json\/wp\/v2\/types\/page"}],"author":[{"embeddable":true,"href":"https:\/\/www.etoro.com\/it\/wp-json\/wp\/v2\/users\/75"}],"replies":[{"embeddable":true,"href":"https:\/\/www.etoro.com\/it\/wp-json\/wp\/v2\/comments?post=1115576"}],"version-history":[{"count":0,"href":"https:\/\/www.etoro.com\/it\/wp-json\/wp\/v2\/pages\/1115576\/revisions"}],"up":[{"embeddable":true,"href":"https:\/\/www.etoro.com\/it\/wp-json\/wp\/v2\/pages\/9386"}],"wp:featuredmedia":[{"embeddable":true,"href":"https:\/\/www.etoro.com\/it\/wp-json\/wp\/v2\/media\/1112846"}],"wp:attachment":[{"href":"https:\/\/www.etoro.com\/it\/wp-json\/wp\/v2\/media?parent=1115576"}],"wp:term":[{"taxonomy":"asset_type","embeddable":true,"href":"https:\/\/www.etoro.com\/it\/wp-json\/wp\/v2\/asset_type?post=1115576"}],"curies":[{"name":"wp","href":"https:\/\/api.w.org\/{rel}","templated":true}]}}