{"id":1148060,"date":"2025-09-03T20:10:12","date_gmt":"2025-09-03T17:10:12","guid":{"rendered":"https:\/\/www.etoro.com\/investing\/exploring-4-etfs-on-etoro-for-your-2025-portfolio\/"},"modified":"2025-12-04T14:46:02","modified_gmt":"2025-12-04T12:46:02","slug":"exploring-4-etfs-on-etoro-for-your-2025-portfolio","status":"publish","type":"page","link":"https:\/\/www.etoro.com\/it\/investing\/exploring-4-etfs-on-etoro-for-your-2025-portfolio\/","title":{"rendered":"Guida agli ETF del secondo semestre: i principali fondi da tenere d\u2019occhio"},"content":{"rendered":"\n<p>Gli ETF (Exchange-Traded Funds) rimangono un&#8217;opzione popolare per coloro che cercano di diversificare i propri portafogli. Che tu sia nuovo sui mercati o che tu abbia esperienza negli investimenti, gli ETF rappresentano un modo per ottenere un\u2019esposizione ampia o mirata a classi di asset, settori o temi specifici.<\/p>\n\n\n\n<p>Su eToro, gli utenti possono accedere a un&#8217;ampia gamma di ETF ed esplorare varie strategie di investimento, tra cui l&#8217;investimento frazionato e approfondimenti sulla community tramite le funzioni di social trading.<\/p>\n\n\n\n<p>Di seguito sono riportati quattro ETF che hanno attirato l&#8217;attenzione per la loro esposizione a tendenze e temi chiave del mercato:<\/p>\n\n\n\n<h2 class=\"wp-block-heading\">1. iShares Bitcoin Trust (IBIT)<\/h2>\n\n\n\n<p><strong>Settore:<\/strong> Bitcoin e asset digitali<\/p>\n\n\n\n<p><strong>Che cos&#8217;\u00e8:<\/strong> IBIT \u00e8 una struttura fiduciaria che detiene direttamente Bitcoin, progettata per consentire agli investitori di monitorare i movimenti di prezzo del Bitcoin senza gestire chiavi private o wallet crittografici.<\/p>\n\n\n\n<p><strong>Considerazioni chiave:<\/strong> IBIT offre una strada verso l&#8217;esposizione degli asset digitali all&#8217;interno dei conti di intermediazione tradizionali. Questa struttura pu\u00f2 attirare gli investitori interessati al mercato delle criptovalute senza impegnarsi con gli scambi di criptovalute. \u00c8 importante notare che Bitcoin rimane una classe di asset altamente volatile e che i potenziali investitori dovrebbero comprenderne i rischi associati e il contesto normativo.<\/p>\n\n\n\n<div class=\"wp-block-buttons is-layout-flex wp-block-buttons-is-layout-flex\">\n<a class=\"e-cta e-cta-primary\" href=\"https:\/\/etoro.onelink.me\/2615279504\" rel=\"nofollow noopener noreferrer\"  rel=\"nofollow noopener noreferrer\"  rel=\"nofollow noopener noreferrer\"  rel=\"nofollow noopener noreferrer\"  rel=\"nofollow noopener noreferrer\" ><strong>Investi in IBIT sull&#8217;app eToro<\/strong><\/a>\n<\/div>\n\n\n\n<h2 class=\"wp-block-heading\">2. Global X Robotics &amp; Artificial Intelligence ETF (BOTZ)<\/h2>\n\n\n\n<p><strong>Settore:<\/strong> IA e robotica<\/p>\n\n\n\n<p><strong>Che cos&#8217;\u00e8:<\/strong> BOTZ offre esposizione ad aziende coinvolte nello sviluppo di robotica, automazione e IA. Le partecipazioni includono aziende impegnate nella produzione di robot industriali, nello sviluppo di software di IA e non solo.<\/p>\n\n\n\n<p><strong>Considerazioni chiave:<\/strong> Il fondo segue l&#8217;andamento di societ\u00e0 che rientrano nel trend generale verso l&#8217;automazione e l&#8217;innovazione tecnologica. Il valore di tale esposizione dipende da una serie di fattori, tra cui i tassi di adozione delle tecnologie, le dinamiche competitive e i cicli economici.<\/p>\n\n\n\n<div class=\"wp-block-buttons is-layout-flex wp-block-buttons-is-layout-flex\">\n<a class=\"e-cta e-cta-primary\" href=\"https:\/\/etoro.onelink.me\/2615279504\" rel=\"nofollow noopener noreferrer\"  rel=\"nofollow noopener noreferrer\"  rel=\"nofollow noopener noreferrer\"  rel=\"nofollow noopener noreferrer\"  rel=\"nofollow noopener noreferrer\" >Investi in BOTZ sull&#8217;app eToro<\/a>\n<\/div>\n\n\n\n<h2 class=\"wp-block-heading\">3. Vanguard Total Stock Market ETF (VTI)<\/h2>\n\n\n\n<p><strong>Settore:<\/strong> Ampie azioni statunitensi<\/p>\n\n\n\n<p><strong>Che cos&#8217;\u00e8:<\/strong> VTI cerca di riflettere l&#8217;andamento dell&#8217;intero mercato azionario USA, abbracciando le societ\u00e0 a grande, media, piccola e micro capitalizzazione in vari settori.<\/p>\n\n\n\n<p><strong>Considerazioni chiave:<\/strong> Questo ETF pu\u00f2 essere utilizzato dagli investitori che cercano un&#8217;ampia rappresentanza delle azioni statunitensi. La sua natura diversificata pu\u00f2 essere importante per chi cerca un unico fondo che copra pi\u00f9 segmenti del mercato. La performance del mercato e la composizione del fondo si adegueranno nel tempo in linea con le condizioni economiche e le metodologie degli indici USA.<\/p>\n\n\n\n<div class=\"wp-block-buttons is-layout-flex wp-block-buttons-is-layout-flex\">\n<a class=\"e-cta e-cta-primary\" href=\"https:\/\/etoro.onelink.me\/2615279504\" rel=\"nofollow noopener noreferrer\"  rel=\"nofollow noopener noreferrer\"  rel=\"nofollow noopener noreferrer\"  rel=\"nofollow noopener noreferrer\"  rel=\"nofollow noopener noreferrer\" >Investi nel VTI con l&#8217;app eToro<\/a>\n<\/div>\n\n\n\n<h2 class=\"wp-block-heading\">4. iShares MSCI Eurozone ETF (EZU)<\/h2>\n\n\n\n<p><strong>Settore:<\/strong> Azioni dei Paesi sviluppati<\/p>\n\n\n\n<p><strong>che cos&#8217;\u00e8:<\/strong> EZU replica un indice composto da societ\u00e0 a grande e media capitalizzazione dei paesi della zona euro, che offre esposizione a aziende tedesche, francesi, spagnole e non solo.<\/p>\n\n\n\n<p><strong>Considerazioni chiave:<\/strong> EZU pu\u00f2 fungere da strumento di diversificazione geografica per coloro che hanno un&#8217;esposizione concentrata agli asset statunitensi. I movimenti valutari, la politica regionale e gli sviluppi macroeconomici in Europa possono influenzare la performance del fondo.<\/p>\n\n\n\n<div class=\"wp-block-buttons is-layout-flex wp-block-buttons-is-layout-flex\">\n<a class=\"e-cta e-cta-primary\" href=\"https:\/\/etoro.onelink.me\/2615279504\" rel=\"nofollow noopener noreferrer\"  rel=\"nofollow noopener noreferrer\"  rel=\"nofollow noopener noreferrer\"  rel=\"nofollow noopener noreferrer\"  rel=\"nofollow noopener noreferrer\" >Investi in ZSL sull&#8217;app eToro<\/a>\n<\/div>\n\n\n\n<h2 class=\"wp-block-heading\"><br><strong>Strumenti e funzionalit\u00e0 di eToro<\/strong><\/h2>\n\n\n\n<p>Sebbene gli ETF siano disponibili su molte piattaforme, eToro offre diverse funzionalit\u00e0 progettate per supportare il processo decisionale degli investitori:<\/p>\n\n\n\n<ul class=\"wp-block-list wp-block-list wp-block-list-circle\">\n<li><strong>Investimenti frazionati:<\/strong> Accedi all&#8217;esposizione agli ETF indipendentemente dal prezzo pieno dell&#8217;azione.<\/li>\n\n\n\n<li><strong>Approfondimenti sulla community:<\/strong> La piattaforma di eToro include l&#8217;attivit\u00e0 in tempo reale e il sentiment di una base di utenti globale, aiutandoli a rimanere informati sulle tendenze del mercato.<\/li>\n<\/ul>\n\n\n\n<p>Come con qualsiasi investimento, gli ETF comportano dei rischi. Il loro valore pu\u00f2 fluttuare in base alle condizioni di mercato, e fattori come liquidit\u00e0, accuratezza del tracciamento ed esposizione valutaria possono influenzarne la performance. \u00c8 importante capire come funziona un ETF e considerare i tuoi obiettivi finanziari prima di investire. Assicurati di leggere di pi\u00f9 sull&#8217;ETF specifico, sulla sua struttura e sui rischi associati per prendere decisioni informate.<\/p>\n\n\n\n<div class=\"wp-block-buttons is-layout-flex wp-block-buttons-is-layout-flex\">\n<a class=\"e-cta e-cta-primary\" href=\"https:\/\/etoro.onelink.me\/2615279504\" rel=\"nofollow noopener noreferrer\"  rel=\"nofollow noopener noreferrer\"  rel=\"nofollow noopener noreferrer\"  rel=\"nofollow noopener noreferrer\"  rel=\"nofollow noopener noreferrer\" >Investi in ETF sull&#8217;app di eToro<\/a>\n<\/div>\n\n\n\n<p><strong>46% degli account di investitori retail perde denaro quando fa trading di CFD con questo provider. Dovresti considerare se puoi permetterti di assumere l&#8217;alto rischio di perdere i tuoi soldi.<\/strong><\/p>\n\n\n\n<section class=\"wp-block-group wp-block-group-full\"><div class=\"wp-block-group-inner is-layout-flow wp-block-group-is-layout-flow\">\n<div class=\"wp-block-columns are-vertically-aligned-top wp-block-columns-1 is-layout-flex wp-container-core-columns-is-layout-1 wp-block-columns-is-layout-flex\">\n<div class=\"wp-block-column is-layout-flow wp-block-column-is-layout-flow\">\n<p class=\"is-style-disclaimer\">eToro \u00e8 una piattaforma di investimento multi-asset. Il valore dei tuoi investimenti potrebbe aumentare o diminuire. Il tuo capitale \u00e8 esposto a rischi.<\/p>\n\n\n\n<p class=\"is-style-disclaimer\">La presente comunicazione \u00e8 esclusivamente a scopo informativo e didattico e non deve essere considerata come un consiglio d\u2019investimento, una raccomandazione personale, un\u2019offerta o una sollecitazione all\u2019acquisto o alla vendita di qualsiasi prodotto finanziario. Questo materiale \u00e8 stato preparato senza tenere conto degli obiettivi d\u2019investimento o della situazione finanziaria di specifici destinatari e non \u00e8 stato predisposto in conformit\u00e0 ad eventuali requisiti legali e normativi per la promozione di una ricerca indipendente. Qualsiasi riferimento alle performance passate o future di uno strumento finanziario, di un indice o di un prodotto di investimento preassemblato non \u00e8, e non deve essere considerato, un indicatore affidabile di eventuali risultati futuri. eToro non rilascia alcuna dichiarazione e non si assume responsabilit\u00e0 in merito all\u2019accuratezza o alla completezza del contenuto di questa pubblicazione.<\/p>\n<\/div>\n<\/div>\n\n\n\n<p class=\"has-text-align-center is-style-disclaimer\"><\/p>\n<\/div><\/section>\n","protected":false},"excerpt":{"rendered":"<p>Gli ETF (Exchange-Traded Funds) rimangono un&#8217;opzione popolare per coloro che cercano di diversificare i propri portafogli. Che tu sia nuovo sui mercati o che tu abbia esperienza negli investimenti, gli ETF rappresentano un modo per ottenere un\u2019esposizione ampia o mirata a classi di asset, settori o temi specifici. Su eToro, gli utenti possono accedere a&hellip;<\/p>\n","protected":false},"author":127,"featured_media":0,"parent":19765,"menu_order":0,"comment_status":"closed","ping_status":"closed","template":"templates\/taboola.php","meta":{"_acf_changed":true,"inline_featured_image":false,"sticky_cta_settings":"","footnotes":""},"asset_type":[],"class_list":["post-1148060","page","type-page","status-publish","hentry"],"acf":[],"yoast_head":"<title>Exploring 4 ETFs on eToro for Your 2025 Portfolio<\/title>\n<meta name=\"description\" content=\"ETFs (Exchange-Traded Funds) remain a popular option for those looking to diversify their portfolios. Whether you\u2019re new to the markets or have investing experience, ETFs provide a way to gain broad or targeted exposure to specific asset classes, sectors, or themes.On eToro, users can access a wide range of ETFs and explore various investment strategies, including fractional investing and community insights via social trading features.Below are four ETFs that have attracted attention for their exposure to key market trends and themes:\" \/>\n<meta name=\"robots\" content=\"noindex, follow\" \/>\n<meta property=\"og:locale\" content=\"it_IT\" \/>\n<meta property=\"og:type\" content=\"article\" \/>\n<meta property=\"og:title\" content=\"Exploring 4 ETFs on eToro for Your 2025 Portfolio\" \/>\n<meta property=\"og:description\" content=\"ETFs (Exchange-Traded Funds) remain a popular option for those looking to diversify their portfolios. Whether you\u2019re new to the markets or have investing experience, ETFs provide a way to gain broad or targeted exposure to specific asset classes, sectors, or themes.On eToro, users can access a wide range of ETFs and explore various investment strategies, including fractional investing and community insights via social trading features.Below are four ETFs that have attracted attention for their exposure to key market trends and themes:\" \/>\n<meta property=\"og:url\" content=\"https:\/\/www.etoro.com\/it\/wp-json\/wp\/v2\/pages\/1148060\" \/>\n<meta property=\"og:site_name\" content=\"eToro\" \/>\n<meta property=\"article:publisher\" content=\"https:\/\/www.facebook.com\/eToro\/\" \/>\n<meta property=\"article:modified_time\" content=\"2025-12-04T12:46:02+00:00\" \/>\n<meta property=\"og:image\" content=\"https:\/\/www.etoro.com\/wp-content\/uploads\/2019\/12\/etoro_logo_social_share1.png\" \/>\n\t<meta property=\"og:image:width\" content=\"240\" \/>\n\t<meta property=\"og:image:height\" content=\"240\" \/>\n\t<meta property=\"og:image:type\" content=\"image\/png\" \/>\n<meta name=\"twitter:card\" content=\"summary_large_image\" \/>\n<meta name=\"twitter:site\" content=\"@eToro\" \/>\n<meta name=\"twitter:label1\" content=\"Est. reading time\" \/>\n\t<meta name=\"twitter:data1\" content=\"4 minutes\" \/>\n<script type=\"application\/ld+json\" class=\"yoast-schema-graph\">{\"@context\":\"https:\/\/schema.org\",\"@graph\":[{\"@type\":\"WebPage\",\"@id\":\"https:\/\/www.etoro.com\/it\/investing\/exploring-4-etfs-on-etoro-for-your-2025-portfolio\/\",\"url\":\"https:\/\/www.etoro.com\/it\/investing\/exploring-4-etfs-on-etoro-for-your-2025-portfolio\/\",\"name\":\"Exploring 4 ETFs on eToro for Your 2025 Portfolio\",\"isPartOf\":{\"@id\":\"https:\/\/www.etoro.com\/it\/#website\"},\"datePublished\":\"2025-09-03T17:10:12+00:00\",\"dateModified\":\"2025-12-04T12:46:02+00:00\",\"description\":\"ETFs (Exchange-Traded Funds) remain a popular option for those looking to diversify their portfolios. Whether you\u2019re new to the markets or have investing experience, ETFs provide a way to gain broad or targeted exposure to specific asset classes, sectors, or themes.On eToro, users can access a wide range of ETFs and explore various investment strategies, including fractional investing and community insights via social trading features.Below are four ETFs that have attracted attention for their exposure to key market trends and themes:\",\"breadcrumb\":{\"@id\":\"https:\/\/www.etoro.com\/it\/investing\/exploring-4-etfs-on-etoro-for-your-2025-portfolio\/#breadcrumb\"},\"inLanguage\":\"it\",\"potentialAction\":[{\"@type\":\"ReadAction\",\"target\":[\"https:\/\/www.etoro.com\/it\/investing\/exploring-4-etfs-on-etoro-for-your-2025-portfolio\/\"]}]},{\"@type\":\"BreadcrumbList\",\"@id\":\"https:\/\/www.etoro.com\/it\/investing\/exploring-4-etfs-on-etoro-for-your-2025-portfolio\/#breadcrumb\",\"itemListElement\":[{\"@type\":\"ListItem\",\"position\":1,\"name\":\"Home\",\"item\":\"https:\/\/www.etoro.com\/it\/\"},{\"@type\":\"ListItem\",\"position\":2,\"name\":\"Investire\",\"item\":\"https:\/\/www.etoro.com\/it\/investing\/\"},{\"@type\":\"ListItem\",\"position\":3,\"name\":\"Guida agli ETF del secondo semestre: i principali fondi da tenere d\u2019occhio\"}]},{\"@type\":\"WebSite\",\"@id\":\"https:\/\/www.etoro.com\/it\/#website\",\"url\":\"https:\/\/www.etoro.com\/it\/\",\"name\":\"eToro\",\"description\":\"\",\"publisher\":{\"@id\":\"https:\/\/www.etoro.com\/it\/#organization\"},\"potentialAction\":[{\"@type\":\"SearchAction\",\"target\":{\"@type\":\"EntryPoint\",\"urlTemplate\":\"https:\/\/www.etoro.com\/it\/?s={search_term_string}\"},\"query-input\":{\"@type\":\"PropertyValueSpecification\",\"valueRequired\":true,\"valueName\":\"search_term_string\"}}],\"inLanguage\":\"it\"},[]]}<\/script>","yoast_head_json":{"title":"Exploring 4 ETFs on eToro for Your 2025 Portfolio","description":"ETFs (Exchange-Traded Funds) remain a popular option for those looking to diversify their portfolios. Whether you\u2019re new to the markets or have investing experience, ETFs provide a way to gain broad or targeted exposure to specific asset classes, sectors, or themes.On eToro, users can access a wide range of ETFs and explore various investment strategies, including fractional investing and community insights via social trading features.Below are four ETFs that have attracted attention for their exposure to key market trends and themes:","robots":{"index":"noindex","follow":"follow"},"og_locale":"it_IT","og_type":"article","og_title":"Exploring 4 ETFs on eToro for Your 2025 Portfolio","og_description":"ETFs (Exchange-Traded Funds) remain a popular option for those looking to diversify their portfolios. Whether you\u2019re new to the markets or have investing experience, ETFs provide a way to gain broad or targeted exposure to specific asset classes, sectors, or themes.On eToro, users can access a wide range of ETFs and explore various investment strategies, including fractional investing and community insights via social trading features.Below are four ETFs that have attracted attention for their exposure to key market trends and themes:","og_url":"https:\/\/www.etoro.com\/it\/wp-json\/wp\/v2\/pages\/1148060","og_site_name":"eToro","article_publisher":"https:\/\/www.facebook.com\/eToro\/","article_modified_time":"2025-12-04T12:46:02+00:00","og_image":[{"width":240,"height":240,"url":"https:\/\/www.etoro.com\/wp-content\/uploads\/2019\/12\/etoro_logo_social_share1.png","type":"image\/png"}],"twitter_card":"summary_large_image","twitter_site":"@eToro","twitter_misc":{"Est. reading time":"4 minutes"},"schema":{"@context":"https:\/\/schema.org","@graph":[{"@type":"WebPage","@id":"https:\/\/www.etoro.com\/it\/investing\/exploring-4-etfs-on-etoro-for-your-2025-portfolio\/","url":"https:\/\/www.etoro.com\/it\/investing\/exploring-4-etfs-on-etoro-for-your-2025-portfolio\/","name":"Exploring 4 ETFs on eToro for Your 2025 Portfolio","isPartOf":{"@id":"https:\/\/www.etoro.com\/it\/#website"},"datePublished":"2025-09-03T17:10:12+00:00","dateModified":"2025-12-04T12:46:02+00:00","description":"ETFs (Exchange-Traded Funds) remain a popular option for those looking to diversify their portfolios. Whether you\u2019re new to the markets or have investing experience, ETFs provide a way to gain broad or targeted exposure to specific asset classes, sectors, or themes.On eToro, users can access a wide range of ETFs and explore various investment strategies, including fractional investing and community insights via social trading features.Below are four ETFs that have attracted attention for their exposure to key market trends and themes:","breadcrumb":{"@id":"https:\/\/www.etoro.com\/it\/investing\/exploring-4-etfs-on-etoro-for-your-2025-portfolio\/#breadcrumb"},"inLanguage":"it","potentialAction":[{"@type":"ReadAction","target":["https:\/\/www.etoro.com\/it\/investing\/exploring-4-etfs-on-etoro-for-your-2025-portfolio\/"]}]},{"@type":"BreadcrumbList","@id":"https:\/\/www.etoro.com\/it\/investing\/exploring-4-etfs-on-etoro-for-your-2025-portfolio\/#breadcrumb","itemListElement":[{"@type":"ListItem","position":1,"name":"Home","item":"https:\/\/www.etoro.com\/it\/"},{"@type":"ListItem","position":2,"name":"Investire","item":"https:\/\/www.etoro.com\/it\/investing\/"},{"@type":"ListItem","position":3,"name":"Guida agli ETF del secondo semestre: i principali fondi da tenere d\u2019occhio"}]},{"@type":"WebSite","@id":"https:\/\/www.etoro.com\/it\/#website","url":"https:\/\/www.etoro.com\/it\/","name":"eToro","description":"","publisher":{"@id":"https:\/\/www.etoro.com\/it\/#organization"},"potentialAction":[{"@type":"SearchAction","target":{"@type":"EntryPoint","urlTemplate":"https:\/\/www.etoro.com\/it\/?s={search_term_string}"},"query-input":{"@type":"PropertyValueSpecification","valueRequired":true,"valueName":"search_term_string"}}],"inLanguage":"it"},[]]}},"_links":{"self":[{"href":"https:\/\/www.etoro.com\/it\/wp-json\/wp\/v2\/pages\/1148060"}],"collection":[{"href":"https:\/\/www.etoro.com\/it\/wp-json\/wp\/v2\/pages"}],"about":[{"href":"https:\/\/www.etoro.com\/it\/wp-json\/wp\/v2\/types\/page"}],"author":[{"embeddable":true,"href":"https:\/\/www.etoro.com\/it\/wp-json\/wp\/v2\/users\/127"}],"replies":[{"embeddable":true,"href":"https:\/\/www.etoro.com\/it\/wp-json\/wp\/v2\/comments?post=1148060"}],"version-history":[{"count":0,"href":"https:\/\/www.etoro.com\/it\/wp-json\/wp\/v2\/pages\/1148060\/revisions"}],"up":[{"embeddable":true,"href":"https:\/\/www.etoro.com\/it\/wp-json\/wp\/v2\/pages\/19765"}],"wp:attachment":[{"href":"https:\/\/www.etoro.com\/it\/wp-json\/wp\/v2\/media?parent=1148060"}],"wp:term":[{"taxonomy":"asset_type","embeddable":true,"href":"https:\/\/www.etoro.com\/it\/wp-json\/wp\/v2\/asset_type?post=1148060"}],"curies":[{"name":"wp","href":"https:\/\/api.w.org\/{rel}","templated":true}]}}