{"id":151837,"date":"2020-08-30T17:19:38","date_gmt":"2020-08-30T14:19:38","guid":{"rendered":"http:\/\/www.etoro.com\/stocks\/stock-split\/"},"modified":"2025-01-31T13:24:58","modified_gmt":"2025-01-31T11:24:58","slug":"stock-split","status":"publish","type":"page","link":"https:\/\/www.etoro.com\/it\/stocks\/stock-split\/","title":{"rendered":"Guida al frazionamento azionario"},"content":{"rendered":"\n<p>&nbsp;<\/p>\n\n\n\n<p class=\"is-style-summary\">Il frazionamento azionario (stock split) \u00e8 un&#8217;operazione societaria in cui il valore nominale di un&#8217;azione viene suddiviso, aumentando il numero di azioni in circolazione senza alterare il valore totale del capitale sociale.<br><\/p>\n\n\n\n<hr class=\"wp-block-separator wp-block-separator-color-dark-grey wp-block-separator-spaces-medium wp-block-separator-weight-1\"\/>\n\n\n\n<p>Scopriamo insieme di cosa si tratta nel dettaglio.<\/p>\n\n\n\n<h2 class=\"wp-block-heading\">Cos\u2019\u00e8 un frazionamento azionario?<\/h2>\n\n\n\n<p>L\u2019espressione \u201c<strong>frazionamento azionario\u201d o \u201cstock split<\/strong>\u201d indica un\u2019operazione finanziaria tramite cui una societ\u00e0 suddivide le proprie azioni in unit\u00e0 di valore nominale inferiore, secondo un determinato rapporto di frazionamento.<\/p>\n\n\n\n<figure class=\"wp-block-image size-full\"><img loading=\"lazy\" decoding=\"async\" width=\"756\" height=\"400\" src=\"https:\/\/www.etoro.com\/wp-content\/uploads\/2025\/01\/Body-Image-1_-Cuantas-veces-se-puede-dividir-una-accion-1.png\" alt=\"\" class=\"wp-image-994711 wp-image-desktop\" srcset=\"https:\/\/www.etoro.com\/wp-content\/uploads\/2025\/01\/Body-Image-1_-Cuantas-veces-se-puede-dividir-una-accion-1.png 756w, https:\/\/www.etoro.com\/wp-content\/uploads\/2025\/01\/Body-Image-1_-Cuantas-veces-se-puede-dividir-una-accion-1-300x159.png 300w\" sizes=\"(max-width: 756px) 100vw, 756px\" \/><\/figure>\n\n\n\n<p>Ad esempio, se un\u2019azienda annuncia un frazionamento azionario \u201c5 per 1\u201d e ciascuna delle sue azioni correnti ha un valore nominale di 400 dollari, in seguito al frazionamento, il <strong>prezzo di ogni azione scender\u00e0<\/strong> a un quinto di tale valore, ovvero a 80 dollari.&nbsp;<\/p>\n\n\n\n<p>Parallelamente, il numero<strong> <\/strong>corrente di azioni di ciascun azionista verr\u00e0 moltiplicato, sulla base dello stesso <strong>rapporto di frazionamento.<\/strong><\/p>\n\n\n\n<h2 class=\"wp-block-heading\">Perch\u00e9 frazionare le azioni?<\/h2>\n\n\n\n<p>Il frazionamento azionario riduce il prezzo delle azioni per attrarre investitori retail e migliorarne la <strong>liquidit\u00e0<\/strong>.&nbsp;<\/p>\n\n\n\n<p>Ha un effetto psicologico. Rendei titoli pi\u00f9 appetibili e viene deciso in base alla strategia della societ\u00e0, con tempistiche che variano. Solitamente, comunque, prevedono un intervallo tra annuncio e attuazione.<\/p>\n\n\n\n<p>Vi sono diversi motivi per cui un\u2019azienda potrebbe decidere di <strong>effettuare un frazionamento azionario<\/strong>. Ecco i principali:<\/p>\n\n\n\n<p><\/p>\n\n\n\n<ul class=\"wp-block-list wp-block-list wp-block-list-circle\">\n<li><strong>Attrarre investitori retail: <\/strong>alcuni investitori retail potrebbero non avere le risorse necessarie per investire in determinate azioni. Il frazionamento riduce il prezzo nominale delle azioni, consentendone cos\u00ec l\u2019acquisto da parte di un maggior numero di investitori. eToro permette l\u2019<a href=\"https:\/\/www.etoro.com\/it\/stocks\/\">acquisto di azioni frazionate<\/a>&nbsp;proprio per venire incontro alle esigenze dei piccoli investitori.<\/li>\n\n\n\n<li><strong>Maggiore liquidit\u00e0:<\/strong> pi\u00f9 elevato \u00e8 il numero di azioni in circolazione e maggiore \u00e8 la <strong>liquidit\u00e0<\/strong> potenziale del mercato.<\/li>\n\n\n\n<li><strong>Prezzo psicologico:<\/strong> talvolta gli analisti descrivono alcuni titoli come \u201csopravvalutati\u201d, intendendo che il loro prezzo riflette un <em>sentiment<\/em> positivo del mercato piuttosto che il valore effettivo delle azioni. Il frazionamento crea un effetto psicologico che induce a considerare pi\u00f9 realistico il prezzo di tali azioni.<\/li>\n\n\n\n<li><strong>Tempistiche del frazionamento:<\/strong> per quanto attiene al momento in cui effettuare un frazionamento, la scelta varia da una societ\u00e0 all\u2019altra e non esiste una regola fissa. Alcune imprese, per esempio, frazionano periodicamente il prezzo delle loro azioni, a condizione che tali azioni registrino una crescita costante. Per quanto riguarda le tempistiche, le aziende lasciano generalmente intercorrere alcune settimane fra l\u2019annuncio di uno stock split e l\u2019effettivo frazionamento.<\/li>\n<\/ul>\n\n\n\n<figure class=\"wp-block-image size-full\"><img loading=\"lazy\" decoding=\"async\" width=\"756\" height=\"400\" src=\"https:\/\/www.etoro.com\/wp-content\/uploads\/2025\/01\/Body-Image-2_-Que-es-una-division-inversa-de-acciones-1.png\" alt=\"\" class=\"wp-image-994733 wp-image-desktop\" srcset=\"https:\/\/www.etoro.com\/wp-content\/uploads\/2025\/01\/Body-Image-2_-Que-es-una-division-inversa-de-acciones-1.png 756w, https:\/\/www.etoro.com\/wp-content\/uploads\/2025\/01\/Body-Image-2_-Que-es-una-division-inversa-de-acciones-1-300x159.png 300w\" sizes=\"(max-width: 756px) 100vw, 756px\" \/><\/figure>\n\n\n\n<h3 class=\"wp-block-heading\">Quante volte \u00e8 possibile effettuare un frazionamento azionario?<\/h3>\n\n\n\n<p>Teoricamente <strong>infinite volte<\/strong>. Le societ\u00e0, infatti, possono frazionare le loro azioni tutte le volte che lo desiderano.&nbsp;<\/p>\n\n\n\n<p>Fra il 1987 e il 2003, ad esempio, il colosso tecnologico <a href=\"https:\/\/www.etoro.com\/it\/markets\/msft\"><strong>Microsoft<\/strong><\/a> ha frazionato le sue azioni per ben nove volte. Tuttavia, poich\u00e9 il frazionamento comporta un lungo iter burocratico, le aziende effettuano tale operazione solo quando ritengono che sia una decisione realmente utile.<\/p>\n\n\n\n<h3 class=\"wp-block-heading\">Prezzi delle azioni e degli indici<\/h3>\n\n\n\n<p>Un frazionamento azionario pu\u00f2 <strong>influenzare un intero indice<\/strong>, come il <a href=\"https:\/\/www.etoro.com\/it\/markets\/dj30\">DJ30<\/a>, dove il peso \u00e8 calcolato sul prezzo delle azioni. Ad esempio, il frazionamento del 2020 di Apple ha ridotto il suo peso, facendola scendere dalle prime posizioni al 16\u00b0 posto nell&#8217;indice.<\/p>\n\n\n\n<p>Ci\u00f2 significa che se un\u2019azione viene frazionata, la sua parte proporzionale dell\u2019indice diminuir\u00e0 in misura significativa.<\/p>\n\n\n\n<h2 class=\"wp-block-heading\">In che modo un frazionamento azionario influisce sul prezzo delle azioni?<\/h2>\n\n\n\n<p>Ogni frazionamento pu\u00f2 influire in modo diverso sul prezzo di un titolo. In linea generale, quando viene effettuato uno stock split il valore di ciascuna azione diminuisce ma la <strong>capitalizzazione di mercato <\/strong>della societ\u00e0 resta invariata.\u00a0<\/p>\n\n\n\n<div class=\"wp-block-etoro-tip wp-block-etoro-tip-border-yellow\"><span class=\"wp-block-etoro-tip-icon\"><\/span><div class=\"wp-block-etoro-tip-text\">\n<p><strong>Suggerimento: <\/strong>Da un punto di vista storico-statistico, i frazionamenti azionari hanno di solito apportato vantaggi alle aziende che li hanno effettuati, almeno nel breve termine.<br><\/p>\n<\/div><\/div>\n\n\n\n<p>Secondo <strong>Bespoke Investment Group<\/strong>, tra il 2015 e il 2020, il prezzo medio delle azioni delle societ\u00e0 che hanno comunicato il ricorso a un frazionamento \u00e8 aumentato del 2,3% dalla data dell\u2019annuncio all\u2019esecuzione effettiva dell\u2019operazione.&nbsp;<\/p>\n\n\n\n<p>Non solo. I dati confermano che quasi il <strong>70% di queste azioni ha sovraperformato l\u2019<\/strong><a href=\"https:\/\/www.etoro.com\/it\/markets\/spx500?funnelFromId=71\"><strong>indice S&amp;P 500<\/strong><\/a><strong>,<\/strong>&nbsp;crescendo mediamente del 9,8% nell\u2019anno successivo al frazionamento.&nbsp;<\/p>\n\n\n\n<p>Ovviamente, la decisione di uno <strong>split stock<\/strong> \u00e8 solo uno dei fattori che possono determinare una fluttuazione del prezzo di un titolo. Di conseguenza, prima di prendere qualsiasi decisione finanziaria, occorre valutare attentamente il quadro generale.<\/p>\n\n\n\n<figure class=\"wp-block-image size-full\"><img loading=\"lazy\" decoding=\"async\" width=\"756\" height=\"400\" src=\"https:\/\/www.etoro.com\/wp-content\/uploads\/2025\/01\/Body-Image-3_-Como-funcionan-las-divisiones-de-acciones-en-eToro-1.png\" alt=\"\" class=\"wp-image-994754 wp-image-desktop\" srcset=\"https:\/\/www.etoro.com\/wp-content\/uploads\/2025\/01\/Body-Image-3_-Como-funcionan-las-divisiones-de-acciones-en-eToro-1.png 756w, https:\/\/www.etoro.com\/wp-content\/uploads\/2025\/01\/Body-Image-3_-Como-funcionan-las-divisiones-de-acciones-en-eToro-1-300x159.png 300w\" sizes=\"(max-width: 756px) 100vw, 756px\" \/><\/figure>\n\n\n\n<h2 class=\"wp-block-heading\">Cos\u2019\u00e8 un \u201creverse stock split\u201d?<\/h2>\n\n\n\n<p>Un \u201creverse stock split\u201d ossia, un \u201c<strong>raggruppamento azionario<\/strong>\u201d \u00e8 l\u2019operazione finanziaria opposta rispetto al frazionamento. Nel raggruppamento azionario, infatti, la societ\u00e0 consolida le azioni, riducendone il numero complessivo.&nbsp;<\/p>\n\n\n\n<p>Ad esempio, se una determinata societ\u00e0 annuncia un raggruppamento \u201c4 per 1\u201d, e ha azioni di <strong>valore nominale corrente<\/strong> pari a 50 dollari, il prezzo della nuova azione sar\u00e0 di 200 dollari, il che significa che un azionista titolare di otto azioni, dopo questa operazione, ne avr\u00e0 due.<\/p>\n\n\n\n<h3 class=\"wp-block-heading\">In che modo un raggruppamento azionario influenza trader e investitori?<\/h3>\n\n\n\n<p>A seguito di un raggruppamento azionario, ci si pu\u00f2 ritrovare con<strong> azioni frazionate<\/strong>. Ad esempio, se un determinato azionista ha cinque azioni, e il raggruppamento \u00e8 4 per 1, l\u2019azionista in questione finir\u00e0 per essere titolare di 1,25 azioni.&nbsp;<\/p>\n\n\n\n<p>In questo caso, la maggior parte delle aziende <strong>liquida semplicementel\u2019azione frazionata<\/strong> e consegna agli azionisti la differenza in denaro.<\/p>\n\n\n\n<div class=\"wp-block-etoro-tip wp-block-etoro-tip-border-yellow\"><span class=\"wp-block-etoro-tip-icon\"><\/span><div class=\"wp-block-etoro-tip-text\">\n<p><strong>Sugerimento:<\/strong> Diversamente da altre piattaforme, eToro consente la propriet\u00e0 di azioni frazionate.<br><\/p>\n<\/div><\/div>\n\n\n\n<h2 class=\"wp-block-heading\">Come funzionano i frazionamenti azionari su eToro?<\/h2>\n\n\n\n<p>eToro permette a investitori e trader di <strong>possedere azioni frazionate<\/strong>. In occasione di un frazionamento, infatti, eToro avvia un processo di conversione applicando il rapporto di frazionamento a tutti i titoli interessati.<\/p>\n\n\n\n<p><mark>La modifica riguarder\u00e0 il conteggio totale delle unit\u00e0 e il prezzo medio o corrente, mentre il <strong>valore complessivo<\/strong> di ciascuna posizione rimarr\u00e0 invariato.<\/mark><\/p>\n\n\n\n<p>Nel caso di un <strong>raggruppamento azionario<\/strong>, invece, la posizione che in precedenza era composta unicamente da azioni intere potrebbe potenzialmente avere azioni frazionate. Anche in questo caso, il valore complessivo della posizione non cambier\u00e0.<\/p>\n\n\n\n<p>eToro potrebbe avvisare in anticipo i propri utenti su un <strong>imminente frazionamento<\/strong> e su eventuali operazioni da compiere.<\/p>\n\n\n\n<h2 class=\"wp-block-heading\">Conclusioni<\/h2>\n\n\n\n<p>Lo \u201c<strong>stock split\u201d e il \u201creverse stock split<\/strong>\u201d, ossia il frazionamento e il raggruppamento azionario, rappresentano due operazioni finanziarie che possono influire sul portafoglio dei tuoi investimenti.&nbsp;<\/p>\n\n\n\n<p>Sebbene tali operazioni abbiano effetto solo sul valore nominale e non sul valore complessivo delle azioni in tuo possesso, capire <strong>come e perch\u00e9 una societ\u00e0 decida di avviare tali procedure<\/strong> pu\u00f2 aiutarti a gestire per tempo le fasi successive al frazionamento o al raggruppamento.<\/p>\n\n\n\n<p>Visita <a href=\"https:\/\/www.etoro.com\/it\/academy\/\">l\u2019<strong>Academy di eToro<\/strong><\/a> per saperne di pi\u00f9 sul frazionamento azionario.<\/p>\n\n\n\n<h2 class=\"wp-block-heading\">Domande frequenti<\/h2>\n\n\n\n<dl class=\"wp-block-etoro-faq\">\n<div class=\"wp-block-etoro-faq-item\"><dt class=\"wp-block-etoro-faq-item-question\">Che differenza c&#8217;\u00e8 fra reverse stock split e buyback?<br><\/dt><dd class=\"wp-block-etoro-faq-item-answer\">\n<p>Il reverse stock split accorpa pi\u00f9 azioni in una, riducendo il numero totale e aumentando il prezzo unitario per migliorare l&#8217;immagine del titolo. Il buyback \u00e8 il riacquisto di azioni da parte dell\u2019azienda per ridurre l&#8217;offerta, aumentare il valore per azione e influenzare altri <a href=\"https:\/\/www.etoro.com\/it\/investing\/fundamental-analysis\/\">valori fondamentali<\/a>.<\/p>\n<\/dd><\/div>\n\n\n\n<div class=\"wp-block-etoro-faq-item\"><dt class=\"wp-block-etoro-faq-item-question\">Qual \u00e8 la differenza tra un frazionamento azionario e un&#8217;IPO?<\/dt><dd class=\"wp-block-etoro-faq-item-answer\">\n<p>Lo stock split ridistribuisce le azioni esistenti. Un&#8217;IPO, invece, emette nuove azioni per raccogliere capitali e quotarsi in borsa, raggiungendo un numero maggiore di <a href=\"https:\/\/www.etoro.com\/it\/academy\/investing\/?essentials\">investitori<\/a>.<\/p>\n<\/dd><\/div>\n\n\n\n<div class=\"wp-block-etoro-faq-item\"><dt class=\"wp-block-etoro-faq-item-question\">Lo stock split influenza i dividendi?<\/dt><dd class=\"wp-block-etoro-faq-item-answer\">\n<p>S\u00ec, l\u2019importo per azione viene ridotto proporzionalmente al rapporto di split, mantenendo invariato il totale dei <a href=\"https:\/\/www.etoro.com\/it\/investing\/dividend-investing-strategy\/\">dividendi<\/a> distribuiti.<\/p>\n<\/dd><\/div>\n<\/dl>\n\n\n\n<hr class=\"wp-block-separator wp-block-separator-color-dark-grey wp-block-separator-spaces-medium wp-block-separator-weight-1\"\/>\n\n\n\n\t\t<style>\n\t\t\t.rtl .etoro-block-shortcode-disclaimer {\n\t\t\t\ttext-align:right;\n\t\t\t}\n\t\t\t.etoro-block-shortcode-disclaimer {\n\t\t\t\tmargin-bottom:18px;\n\t\t\t\ttext-align:left;\n\t\t\t}\n\t\t\t.etoro-block-shortcode-disclaimer p{\n\t\t\t\tfont-size: 12px;\n\t\t\t\tline-height: 18px;\n\t\t\t}\n\t\t\t@media (min-width: 768px) {\n\t\t\t\t.etoro-block-shortcode-disclaimer {\n\t\t\t\t\tmax-width:1176px;\n\t\t\t\t\ttext-align:center;\n\t\t\t\t}\n\t\t\t\t.etoro-block-shortcode-disclaimer p {\n\t\t\t\t\tfont-size: 14px;\n\t\t\t\t\tline-height: 20px;\n\t\t\t\t}\n\t\t\t}\n\t\t<\/style>\n\t\t<div class='etoro-block-shortcode-disclaimer'><p>Le presenti informazioni vengono fornite al solo scopo educativo e non rappresentano consigli d\u2019investimento o suggerimenti personali. Tali informazioni non devono quindi essere interpretate come offerte o solleciti di compravendita di strumenti finanziari.<\/p>\n<p>Il materiale \u00e8 stato preparato senza tener conto di precisi obiettivi d\u2019investimento o specifiche situazioni finanziarie e non soddisfa pertanto i criteri legali e legislativi previsti per la promozione di ricerche indipendenti.<\/p>\n<p><strong>Non tutti gli strumenti finanziari e i servizi cui viene fatto riferimento sono offerti da eToro<\/strong> e qualsiasi riferimento alle prestazioni passate di uno specifico strumento, indice o prodotto d\u2019investimento preassemblato non rappresenta n\u00e9 deve essere interpretato come un indicatore affidabile di possibili prestazioni future. <strong>La disponibilit\u00e0 di tutti i prodotti e servizi sopra menzionati pu\u00f2 variare a seconda della giurisdizione e del Paese.<\/strong><\/p>\n<p>eToro non offre alcuna garanzia n\u00e9 si assume la responsabilit\u00e0 in merito all\u2019accuratezza o alla completezza del contenuto esposto nella presente guida. Il lettore deve garantire di aver compreso appieno i rischi comportati dal trading prima di impegnare capitale. Si sconsiglia di mettere a rischio pi\u00f9 denaro di quanto non se ne possa perdere.<\/p>\n<\/div>\n","protected":false},"excerpt":{"rendered":"<p>&nbsp; Il frazionamento azionario (stock split) \u00e8 un&#8217;operazione societaria in cui il valore nominale di un&#8217;azione viene suddiviso, aumentando il numero di azioni in circolazione senza alterare il valore totale del capitale sociale. Scopriamo insieme di cosa si tratta nel dettaglio. Cos\u2019\u00e8 un frazionamento azionario? L\u2019espressione \u201cfrazionamento azionario\u201d o \u201cstock split\u201d indica un\u2019operazione finanziaria tramite&hellip;<\/p>\n","protected":false},"author":32,"featured_media":994605,"parent":58732,"menu_order":571,"comment_status":"closed","ping_status":"closed","template":"","meta":{"_acf_changed":true,"inline_featured_image":false,"sticky_cta_settings":"","footnotes":""},"asset_type":[],"class_list":["post-151837","page","type-page","status-publish","has-post-thumbnail","hentry"],"acf":[],"yoast_head":"<title>Frazionamento azionario: tutto quello che devi sapere<\/title>\n<meta name=\"description\" content=\"Scopri cos\u2019\u00e8 il frazionamento azionario o \u201cstock split\u201d, come funziona e quali effetti produce sui tuoi investimenti.\" \/>\n<meta name=\"robots\" content=\"index, follow, max-snippet:-1, max-image-preview:large, max-video-preview:-1\" \/>\n<link rel=\"canonical\" href=\"https:\/\/www.etoro.com\/it\/wp-json\/wp\/v2\/pages\/151837\" \/>\n<meta property=\"og:locale\" content=\"it_IT\" \/>\n<meta property=\"og:type\" content=\"article\" \/>\n<meta property=\"og:title\" content=\"Frazionamento azionario: tutto quello che devi sapere\" \/>\n<meta property=\"og:description\" content=\"Scopri cos\u2019\u00e8 il frazionamento azionario o \u201cstock split\u201d, come funziona e quali effetti produce sui tuoi investimenti.\" \/>\n<meta property=\"og:url\" content=\"https:\/\/www.etoro.com\/it\/wp-json\/wp\/v2\/pages\/151837\" \/>\n<meta property=\"og:site_name\" content=\"eToro\" \/>\n<meta property=\"article:publisher\" content=\"https:\/\/www.facebook.com\/eToro\/\" \/>\n<meta property=\"article:modified_time\" content=\"2025-01-31T11:24:58+00:00\" \/>\n<meta property=\"og:image\" content=\"https:\/\/www.etoro.com\/wp-content\/uploads\/2025\/01\/IT-Stock-Split-Guide_1200x630.png\" \/>\n\t<meta property=\"og:image:width\" content=\"1200\" \/>\n\t<meta property=\"og:image:height\" content=\"630\" \/>\n\t<meta property=\"og:image:type\" content=\"image\/png\" \/>\n<meta name=\"twitter:card\" content=\"summary_large_image\" \/>\n<meta name=\"twitter:site\" content=\"@eToro\" \/>\n<meta name=\"twitter:label1\" content=\"Est. reading time\" \/>\n\t<meta name=\"twitter:data1\" content=\"6 minutes\" \/>\n<script type=\"application\/ld+json\" class=\"yoast-schema-graph\">{\"@context\":\"https:\/\/schema.org\",\"@graph\":[{\"@type\":\"WebPage\",\"@id\":\"https:\/\/www.etoro.com\/it\/stocks\/stock-split\/\",\"url\":\"https:\/\/www.etoro.com\/it\/stocks\/stock-split\/\",\"name\":\"Frazionamento azionario: tutto quello che devi sapere\",\"isPartOf\":{\"@id\":\"https:\/\/www.etoro.com\/it\/#website\"},\"primaryImageOfPage\":{\"@id\":\"https:\/\/www.etoro.com\/it\/stocks\/stock-split\/#primaryimage\"},\"image\":{\"@id\":\"https:\/\/www.etoro.com\/it\/stocks\/stock-split\/#primaryimage\"},\"thumbnailUrl\":\"https:\/\/www.etoro.com\/wp-content\/uploads\/2025\/01\/IT-Stock-Split-Guide_1200x630.png\",\"datePublished\":\"2020-08-30T14:19:38+00:00\",\"dateModified\":\"2025-01-31T11:24:58+00:00\",\"description\":\"Scopri cos\u2019\u00e8 il frazionamento azionario o \u201cstock split\u201d, come funziona e quali effetti produce sui tuoi investimenti.\",\"breadcrumb\":{\"@id\":\"https:\/\/www.etoro.com\/it\/stocks\/stock-split\/#breadcrumb\"},\"inLanguage\":\"it\",\"potentialAction\":[{\"@type\":\"ReadAction\",\"target\":[\"https:\/\/www.etoro.com\/it\/stocks\/stock-split\/\"]}]},{\"@type\":\"ImageObject\",\"inLanguage\":\"it\",\"@id\":\"https:\/\/www.etoro.com\/it\/stocks\/stock-split\/#primaryimage\",\"url\":\"https:\/\/www.etoro.com\/wp-content\/uploads\/2025\/01\/IT-Stock-Split-Guide_1200x630.png\",\"contentUrl\":\"https:\/\/www.etoro.com\/wp-content\/uploads\/2025\/01\/IT-Stock-Split-Guide_1200x630.png\",\"width\":1200,\"height\":630},{\"@type\":\"BreadcrumbList\",\"@id\":\"https:\/\/www.etoro.com\/it\/stocks\/stock-split\/#breadcrumb\",\"itemListElement\":[{\"@type\":\"ListItem\",\"position\":1,\"name\":\"Home\",\"item\":\"https:\/\/www.etoro.com\/it\/\"},{\"@type\":\"ListItem\",\"position\":2,\"name\":\"Azioni\",\"item\":\"https:\/\/www.etoro.com\/it\/stocks\/\"},{\"@type\":\"ListItem\",\"position\":3,\"name\":\"Guida al frazionamento azionario\"}]},{\"@type\":\"WebSite\",\"@id\":\"https:\/\/www.etoro.com\/it\/#website\",\"url\":\"https:\/\/www.etoro.com\/it\/\",\"name\":\"eToro\",\"description\":\"\",\"publisher\":{\"@id\":\"https:\/\/www.etoro.com\/it\/#organization\"},\"potentialAction\":[{\"@type\":\"SearchAction\",\"target\":{\"@type\":\"EntryPoint\",\"urlTemplate\":\"https:\/\/www.etoro.com\/it\/?s={search_term_string}\"},\"query-input\":{\"@type\":\"PropertyValueSpecification\",\"valueRequired\":true,\"valueName\":\"search_term_string\"}}],\"inLanguage\":\"it\"},[]]}<\/script>","yoast_head_json":{"title":"Frazionamento azionario: tutto quello che devi sapere","description":"Scopri cos\u2019\u00e8 il frazionamento azionario o \u201cstock split\u201d, come funziona e quali effetti produce sui tuoi investimenti.","robots":{"index":"index","follow":"follow","max-snippet":"max-snippet:-1","max-image-preview":"max-image-preview:large","max-video-preview":"max-video-preview:-1"},"canonical":"https:\/\/www.etoro.com\/it\/wp-json\/wp\/v2\/pages\/151837","og_locale":"it_IT","og_type":"article","og_title":"Frazionamento azionario: tutto quello che devi sapere","og_description":"Scopri cos\u2019\u00e8 il frazionamento azionario o \u201cstock split\u201d, come funziona e quali effetti produce sui tuoi investimenti.","og_url":"https:\/\/www.etoro.com\/it\/wp-json\/wp\/v2\/pages\/151837","og_site_name":"eToro","article_publisher":"https:\/\/www.facebook.com\/eToro\/","article_modified_time":"2025-01-31T11:24:58+00:00","og_image":[{"width":1200,"height":630,"url":"https:\/\/www.etoro.com\/wp-content\/uploads\/2025\/01\/IT-Stock-Split-Guide_1200x630.png","type":"image\/png"}],"twitter_card":"summary_large_image","twitter_site":"@eToro","twitter_misc":{"Est. reading time":"6 minutes"},"schema":{"@context":"https:\/\/schema.org","@graph":[{"@type":"WebPage","@id":"https:\/\/www.etoro.com\/it\/stocks\/stock-split\/","url":"https:\/\/www.etoro.com\/it\/stocks\/stock-split\/","name":"Frazionamento azionario: tutto quello che devi sapere","isPartOf":{"@id":"https:\/\/www.etoro.com\/it\/#website"},"primaryImageOfPage":{"@id":"https:\/\/www.etoro.com\/it\/stocks\/stock-split\/#primaryimage"},"image":{"@id":"https:\/\/www.etoro.com\/it\/stocks\/stock-split\/#primaryimage"},"thumbnailUrl":"https:\/\/www.etoro.com\/wp-content\/uploads\/2025\/01\/IT-Stock-Split-Guide_1200x630.png","datePublished":"2020-08-30T14:19:38+00:00","dateModified":"2025-01-31T11:24:58+00:00","description":"Scopri cos\u2019\u00e8 il frazionamento azionario o \u201cstock split\u201d, come funziona e quali effetti produce sui tuoi investimenti.","breadcrumb":{"@id":"https:\/\/www.etoro.com\/it\/stocks\/stock-split\/#breadcrumb"},"inLanguage":"it","potentialAction":[{"@type":"ReadAction","target":["https:\/\/www.etoro.com\/it\/stocks\/stock-split\/"]}]},{"@type":"ImageObject","inLanguage":"it","@id":"https:\/\/www.etoro.com\/it\/stocks\/stock-split\/#primaryimage","url":"https:\/\/www.etoro.com\/wp-content\/uploads\/2025\/01\/IT-Stock-Split-Guide_1200x630.png","contentUrl":"https:\/\/www.etoro.com\/wp-content\/uploads\/2025\/01\/IT-Stock-Split-Guide_1200x630.png","width":1200,"height":630},{"@type":"BreadcrumbList","@id":"https:\/\/www.etoro.com\/it\/stocks\/stock-split\/#breadcrumb","itemListElement":[{"@type":"ListItem","position":1,"name":"Home","item":"https:\/\/www.etoro.com\/it\/"},{"@type":"ListItem","position":2,"name":"Azioni","item":"https:\/\/www.etoro.com\/it\/stocks\/"},{"@type":"ListItem","position":3,"name":"Guida al frazionamento azionario"}]},{"@type":"WebSite","@id":"https:\/\/www.etoro.com\/it\/#website","url":"https:\/\/www.etoro.com\/it\/","name":"eToro","description":"","publisher":{"@id":"https:\/\/www.etoro.com\/it\/#organization"},"potentialAction":[{"@type":"SearchAction","target":{"@type":"EntryPoint","urlTemplate":"https:\/\/www.etoro.com\/it\/?s={search_term_string}"},"query-input":{"@type":"PropertyValueSpecification","valueRequired":true,"valueName":"search_term_string"}}],"inLanguage":"it"},[]]}},"_links":{"self":[{"href":"https:\/\/www.etoro.com\/it\/wp-json\/wp\/v2\/pages\/151837"}],"collection":[{"href":"https:\/\/www.etoro.com\/it\/wp-json\/wp\/v2\/pages"}],"about":[{"href":"https:\/\/www.etoro.com\/it\/wp-json\/wp\/v2\/types\/page"}],"author":[{"embeddable":true,"href":"https:\/\/www.etoro.com\/it\/wp-json\/wp\/v2\/users\/32"}],"replies":[{"embeddable":true,"href":"https:\/\/www.etoro.com\/it\/wp-json\/wp\/v2\/comments?post=151837"}],"version-history":[{"count":0,"href":"https:\/\/www.etoro.com\/it\/wp-json\/wp\/v2\/pages\/151837\/revisions"}],"up":[{"embeddable":true,"href":"https:\/\/www.etoro.com\/it\/wp-json\/wp\/v2\/pages\/58732"}],"wp:featuredmedia":[{"embeddable":true,"href":"https:\/\/www.etoro.com\/it\/wp-json\/wp\/v2\/media\/994605"}],"wp:attachment":[{"href":"https:\/\/www.etoro.com\/it\/wp-json\/wp\/v2\/media?parent=151837"}],"wp:term":[{"taxonomy":"asset_type","embeddable":true,"href":"https:\/\/www.etoro.com\/it\/wp-json\/wp\/v2\/asset_type?post=151837"}],"curies":[{"name":"wp","href":"https:\/\/api.w.org\/{rel}","templated":true}]}}